{"id":9718,"date":"2025-08-28T16:20:16","date_gmt":"2025-08-28T16:20:16","guid":{"rendered":"https:\/\/usa-b2.com\/vizesi-b1-b2-brezilyali\/"},"modified":"2025-09-13T08:06:25","modified_gmt":"2025-09-13T08:06:25","slug":"vizesi-b1-b2-brezilyali","status":"publish","type":"page","link":"https:\/\/usa-b2.com\/tr\/vizesi-b1-b2-brezilyali\/","title":{"rendered":"Brezilyal\u0131 yolcular i\u00e7in B1\/B2 vizesi"},"content":{"rendered":"\n<h1 class=\"wp-block-heading\">Amerika Birle\u015fik Devletleri&#8217;ne seyahat edecek Brezilyal\u0131lar i\u00e7in B1\/B2 vizesi<\/h1>\n\n<p>Brezilyal\u0131lar i\u00e7in B1\/B2 vizesi, turizm, i\u015f veya aile ziyaretleri i\u00e7in Amerika Birle\u015fik Devletleri&#8217;ne seyahat edenler i\u00e7in en pop\u00fcler vizelerden biridir. ESTA program\u0131 sayesinde <a href=\"https:\/\/usa-b2.com\/tr\/vize-verme-programi\/\">vize zorunlulu\u011fundan muaf olan baz\u0131 \u00fclkelerin<\/a> vatanda\u015flar\u0131n\u0131n aksine, Brezilya vatanda\u015flar\u0131 bu prosed\u00fcrden ge\u00e7mek zorundad\u0131r. <\/p>\n\n<h2 class=\"wp-block-heading\">B1\/B2 vizesi nedir?<\/h2>\n\n<p><a href=\"https:\/\/usa-b2.com\/tr\/abd-b1-b2-vizesi\/\">B1\/B2 vizesi<\/a>, Amerika Birle\u015fik Devletleri&#8217;ne seyahat etmek isteyen Brezilya vatanda\u015flar\u0131na en yayg\u0131n olarak verilen belgedir. \u0130ki farkl\u0131 kullan\u0131m\u0131 tek bir yetkide birle\u015ftirir:   <\/p>\n\n<ul class=\"wp-block-list\">\n<li><a href=\"https:\/\/usa-b2.com\/tr\/vize-b1-abd\/\">B1 vizesi<\/a> i\u015f seyahatleri i\u00e7indir. Bir konferansa kat\u0131lman\u0131za, ortaklarla bulu\u015fman\u0131za veya bir s\u00f6zle\u015fme m\u00fczakere etmenize olanak tan\u0131r. <\/li>\n\n\n\n<li><a href=\"https:\/\/usa-b2.com\/tr\/vize-b2\/\">B2 vizesi<\/a> turizm, tatil veya aile ziyaretleri i\u00e7in tasarlanm\u0131\u015ft\u0131r. Bir\u00e7ok Brezilyal\u0131 i\u00e7in bu vize, \u00fclkeyi ke\u015ffetmek, profesyonel bir proje geli\u015ftirmek veya sadece akrabalar\u0131n\u0131 ziyaret etmek i\u00e7in Amerika Birle\u015fik Devletleri&#8217;ne a\u00e7\u0131lan kap\u0131y\u0131 temsil etmektedir. <\/li>\n<\/ul>\n\n<div style=\"height:10px\" aria-hidden=\"true\" class=\"wp-block-spacer\"><\/div>\n\n<h2 class=\"wp-block-heading\">Brezilya&#8217;da B1\/B2 vizesine ba\u015fvurmak i\u00e7in gerekli ad\u0131mlar<\/h2>\n\n<p>Brezilya&#8217;da B1\/B2 vizesi i\u00e7in ba\u015fvuruda bulunman\u0131n ana ad\u0131mlar\u0131 \u015funlard\u0131r:<\/p>\n\n<ol class=\"wp-block-list\">\n<li><a href=\"https:\/\/usa-b2.com\/tr\/ds-160\/\">DS-160 formunu<\/a> \u00e7evrimi\u00e7i olarak doldurun.<\/li>\n\n\n\n<li><a href=\"https:\/\/usa-b2.com\/tr\/ucretler-vize-b2-abd\/\">Vize \u00fccretini<\/a> \u00f6deyin (2025 y\u0131l\u0131nda yakla\u015f\u0131k 185 ABD Dolar\u0131).<\/li>\n\n\n\n<li><a href=\"https:\/\/www.state.gov\/\">ABD D\u0131\u015fi\u015fleri Bakanl\u0131\u011f\u0131&#8217;n\u0131n resmi web sitesinde<\/a> bir profil olu\u015fturun.<\/li>\n\n\n\n<li><a href=\"https:\/\/ais.usvisa-info.com\/pt-br\/niv\/information\/asc\">CASV<\/a> &#8216;den (Centro de Atendimento ao Solicitante de Visto) randevu al\u0131n.<\/li>\n\n\n\n<li><a href=\"https:\/\/usa-b2.com\/tr\/abd-vize-buyukelciligi-icin-randevulasin\/\">ABD b\u00fcy\u00fckel\u00e7ili\u011finde (S\u00e3o Paulo, Rio de Janeiro, Bras\u00edlia, Recife) bir m\u00fclakata<\/a> kat\u0131l\u0131n. Bu m\u00fclakatta konsolosluk g\u00f6revlisi, ba\u015fvuru sahibinin Brezilya&#8217;ya d\u00f6nme konusunda istikrarl\u0131 bir i\u015f, sa\u011flam aile ba\u011flar\u0131 veya mali \u00f6deme g\u00fcc\u00fc kan\u0131t\u0131 gibi garantilere sahip olup olmad\u0131\u011f\u0131n\u0131 de\u011ferlendirecektir. <\/li>\n\n\n\n<li>Vizeyi al\u0131n ve <a href=\"https:\/\/usa-b2.com\/tr\/pasaport-seyahati-abd\/\">ABD&#8217;ye seyahat etmek i\u00e7in pasaportunuza<\/a> yap\u0131\u015ft\u0131r\u0131n.<\/li>\n<\/ol>\n\n<div style=\"height:10px\" aria-hidden=\"true\" class=\"wp-block-spacer\"><\/div>\n\n<h2 class=\"wp-block-heading\">B1\/B2 vizesine ba\u015fvurmak i\u00e7in gerekli belgeler<\/h2>\n\n<ul class=\"wp-block-list\">\n<li>Ge\u00e7erli Brezilya pasaportu.<\/li>\n\n\n\n<li>DS-160 onay sayfas\u0131.<\/li>\n\n\n\n<li>Randevu onay\u0131.<\/li>\n\n\n\n<li>Foto\u011fraf ABD gerekliliklerine uygundur.<\/li>\n\n\n\n<li>Finansal belgeler (banka hesap \u00f6zetleri, maa\u015f bordrolar\u0131).<\/li>\n\n\n\n<li>Brezilya ile g\u00fc\u00e7l\u00fc ba\u011flar\u0131n kan\u0131t\u0131 (i\u015f s\u00f6zle\u015fmesi, m\u00fclk, aile).<\/li>\n<\/ul>\n\n<div style=\"height:10px\" aria-hidden=\"true\" class=\"wp-block-spacer\"><\/div>\n\n<h2 class=\"wp-block-heading\">Brezilyal\u0131lar i\u00e7in B1\/B2 vizesinin ge\u00e7erlili\u011fi ve s\u00fcresi<\/h2>\n\n<p><a href=\"https:\/\/usa-b2.com\/tr\/abd-b1-b2-vizesi\/\">B1\/B2 vizesi<\/a> al\u0131nd\u0131ktan sonra genellikle on y\u0131l s\u00fcreyle ge\u00e7erli oldu\u011fundan s\u0131k seyahat edenler i\u00e7in \u00e7ok pratik bir belgedir. Amerika Birle\u015fik Devletleri&#8217;ne her giri\u015f alt\u0131 aya kadar kalman\u0131za izin verir, ancak kesin s\u00fcreye var\u0131\u015fta g\u00f6\u00e7menlik g\u00f6revlisi taraf\u0131ndan karar verilir. Bu nedenle seyahatiniz i\u00e7in haz\u0131rl\u0131k yapman\u0131z ve kal\u0131\u015f nedeninizi ve ne kadar s\u00fcre kalmay\u0131 planlad\u0131\u011f\u0131n\u0131z\u0131 net bir \u015fekilde a\u00e7\u0131klayabilmeniz \u00f6nemlidir.  <\/p>\n\n<h2 class=\"wp-block-heading\">SSS &#8211; Brezilyal\u0131lar i\u00e7in B1\/B2 vizesi<\/h2>\n\n<div class=\"schema-faq wp-block-yoast-faq-block\"><div class=\"schema-faq-section\" id=\"faq-question-1757684919058\"><strong class=\"schema-faq-question\">B1\/B2 vizesi ile \u00e7al\u0131\u015fabilir miyim?<\/strong> <p class=\"schema-faq-answer\">Hay\u0131r, bu vize sadece turizm ve \u00fccretsiz i\u015f i\u00e7in ge\u00e7erlidir.<\/p> <\/div> <div class=\"schema-faq-section\" id=\"faq-question-1757684934633\"><strong class=\"schema-faq-question\">M\u00fclakatta \u0130ngilizce konu\u015fmak zorunda m\u0131y\u0131m?<\/strong> <p class=\"schema-faq-answer\">Hay\u0131r, g\u00f6r\u00fc\u015fmeler Portekizce yap\u0131lmaktad\u0131r.<\/p> <\/div> <div class=\"schema-faq-section\" id=\"faq-question-1757684946100\"><strong class=\"schema-faq-question\">Vize almak ne kadar s\u00fcrer?<\/strong> <p class=\"schema-faq-answer\">Ortalama geri d\u00f6n\u00fc\u015f s\u00fcresi, randevular\u0131n uygunlu\u011funa ba\u011fl\u0131 olarak 2 ila 6 hafta aras\u0131nda de\u011fi\u015fmektedir.<\/p> <\/div> <\/div>\n","protected":false},"excerpt":{"rendered":"<p>Amerika Birle\u015fik Devletleri&#8217;ne seyahat edecek Brezilyal\u0131lar i\u00e7in B1\/B2 vizesi Brezilyal\u0131lar i\u00e7in B1\/B2 vizesi, turizm, i\u015f veya aile ziyaretleri i\u00e7in Amerika Birle\u015fik Devletleri&#8217;ne seyahat edenler i\u00e7in en pop\u00fcler vizelerden biridir. ESTA program\u0131 sayesinde vize zorunlulu\u011fundan muaf olan baz\u0131 \u00fclkelerin vatanda\u015flar\u0131n\u0131n aksine, Brezilya vatanda\u015flar\u0131 bu prosed\u00fcrden ge\u00e7mek zorundad\u0131r. B1\/B2 vizesi nedir? B1\/B2 vizesi, Amerika Birle\u015fik Devletleri&#8217;ne seyahat [&hellip;]<\/p>\n","protected":false},"author":1,"featured_media":0,"parent":0,"menu_order":0,"comment_status":"closed","ping_status":"closed","template":"","meta":{"footnotes":""},"class_list":["post-9718","page","type-page","status-publish","hentry"],"yoast_head":"<!-- This site is optimized with the Yoast SEO plugin v27.4 - https:\/\/yoast.com\/product\/yoast-seo-wordpress\/ -->\n<title>Brezilyal\u0131 yolcular i\u00e7in B1\/B2 vizesi - USA B2<\/title>\n<meta name=\"description\" content=\"Brezilyal\u0131 gezginler i\u00e7in B1\/B2 vizesi hakk\u0131nda bilmeniz gereken her \u015fey: prosed\u00fcrler, m\u00fclakat, belgeler ve pratik tavsiyeler.\" \/>\n<meta name=\"robots\" content=\"index, follow, max-snippet:-1, max-image-preview:large, max-video-preview:-1\" \/>\n<link rel=\"canonical\" href=\"https:\/\/usa-b2.com\/tr\/vizesi-b1-b2-brezilyali\/\" \/>\n<meta property=\"og:locale\" content=\"tr_TR\" \/>\n<meta property=\"og:type\" content=\"article\" \/>\n<meta property=\"og:title\" content=\"Brezilyal\u0131 yolcular i\u00e7in B1\/B2 vizesi - USA B2\" \/>\n<meta property=\"og:description\" content=\"Brezilyal\u0131 gezginler i\u00e7in B1\/B2 vizesi hakk\u0131nda bilmeniz gereken her \u015fey: prosed\u00fcrler, m\u00fclakat, belgeler ve pratik tavsiyeler.\" \/>\n<meta property=\"og:url\" content=\"https:\/\/usa-b2.com\/tr\/vizesi-b1-b2-brezilyali\/\" \/>\n<meta property=\"og:site_name\" content=\"USA B2\" \/>\n<meta property=\"article:modified_time\" content=\"2025-09-13T08:06:25+00:00\" \/>\n<meta name=\"twitter:card\" content=\"summary_large_image\" \/>\n<meta name=\"twitter:label1\" content=\"Tahmini okuma s\u00fcresi\" \/>\n\t<meta name=\"twitter:data1\" content=\"3 dakika\" \/>\n<script type=\"application\/ld+json\" class=\"yoast-schema-graph\">{\"@context\":\"https:\\\/\\\/schema.org\",\"@graph\":[{\"@type\":[\"WebPage\",\"FAQPage\"],\"@id\":\"https:\\\/\\\/usa-b2.com\\\/tr\\\/vizesi-b1-b2-brezilyali\\\/\",\"url\":\"https:\\\/\\\/usa-b2.com\\\/tr\\\/vizesi-b1-b2-brezilyali\\\/\",\"name\":\"Brezilyal\u0131 yolcular i\u00e7in B1\\\/B2 vizesi - USA B2\",\"isPartOf\":{\"@id\":\"https:\\\/\\\/usa-b2.com\\\/tr\\\/#website\"},\"datePublished\":\"2025-08-28T16:20:16+00:00\",\"dateModified\":\"2025-09-13T08:06:25+00:00\",\"description\":\"Brezilyal\u0131 gezginler i\u00e7in B1\\\/B2 vizesi hakk\u0131nda bilmeniz gereken her \u015fey: prosed\u00fcrler, m\u00fclakat, belgeler ve pratik tavsiyeler.\",\"breadcrumb\":{\"@id\":\"https:\\\/\\\/usa-b2.com\\\/tr\\\/vizesi-b1-b2-brezilyali\\\/#breadcrumb\"},\"mainEntity\":[{\"@id\":\"https:\\\/\\\/usa-b2.com\\\/tr\\\/vizesi-b1-b2-brezilyali\\\/#faq-question-1757684919058\"},{\"@id\":\"https:\\\/\\\/usa-b2.com\\\/tr\\\/vizesi-b1-b2-brezilyali\\\/#faq-question-1757684934633\"},{\"@id\":\"https:\\\/\\\/usa-b2.com\\\/tr\\\/vizesi-b1-b2-brezilyali\\\/#faq-question-1757684946100\"}],\"inLanguage\":\"tr\",\"potentialAction\":[{\"@type\":\"ReadAction\",\"target\":[\"https:\\\/\\\/usa-b2.com\\\/tr\\\/vizesi-b1-b2-brezilyali\\\/\"]}]},{\"@type\":\"BreadcrumbList\",\"@id\":\"https:\\\/\\\/usa-b2.com\\\/tr\\\/vizesi-b1-b2-brezilyali\\\/#breadcrumb\",\"itemListElement\":[{\"@type\":\"ListItem\",\"position\":1,\"name\":\"Accueil\",\"item\":\"https:\\\/\\\/usa-b2.com\\\/tr\\\/usa\\\/\"},{\"@type\":\"ListItem\",\"position\":2,\"name\":\"Brezilyal\u0131 yolcular i\u00e7in B1\\\/B2 vizesi\"}]},{\"@type\":\"WebSite\",\"@id\":\"https:\\\/\\\/usa-b2.com\\\/tr\\\/#website\",\"url\":\"https:\\\/\\\/usa-b2.com\\\/tr\\\/\",\"name\":\"USA B2 VISA\",\"description\":\"\",\"potentialAction\":[{\"@type\":\"SearchAction\",\"target\":{\"@type\":\"EntryPoint\",\"urlTemplate\":\"https:\\\/\\\/usa-b2.com\\\/tr\\\/?s={search_term_string}\"},\"query-input\":{\"@type\":\"PropertyValueSpecification\",\"valueRequired\":true,\"valueName\":\"search_term_string\"}}],\"inLanguage\":\"tr\"},{\"@type\":\"Question\",\"@id\":\"https:\\\/\\\/usa-b2.com\\\/tr\\\/vizesi-b1-b2-brezilyali\\\/#faq-question-1757684919058\",\"position\":1,\"url\":\"https:\\\/\\\/usa-b2.com\\\/tr\\\/vizesi-b1-b2-brezilyali\\\/#faq-question-1757684919058\",\"name\":\"B1\\\/B2 vizesi ile \u00e7al\u0131\u015fabilir miyim?\",\"answerCount\":1,\"acceptedAnswer\":{\"@type\":\"Answer\",\"text\":\"Hay\u0131r, bu vize sadece turizm ve \u00fccretsiz i\u015f i\u00e7in ge\u00e7erlidir.\",\"inLanguage\":\"tr\"},\"inLanguage\":\"tr\"},{\"@type\":\"Question\",\"@id\":\"https:\\\/\\\/usa-b2.com\\\/tr\\\/vizesi-b1-b2-brezilyali\\\/#faq-question-1757684934633\",\"position\":2,\"url\":\"https:\\\/\\\/usa-b2.com\\\/tr\\\/vizesi-b1-b2-brezilyali\\\/#faq-question-1757684934633\",\"name\":\"M\u00fclakatta \u0130ngilizce konu\u015fmak zorunda m\u0131y\u0131m?\",\"answerCount\":1,\"acceptedAnswer\":{\"@type\":\"Answer\",\"text\":\"Hay\u0131r, g\u00f6r\u00fc\u015fmeler Portekizce yap\u0131lmaktad\u0131r.\",\"inLanguage\":\"tr\"},\"inLanguage\":\"tr\"},{\"@type\":\"Question\",\"@id\":\"https:\\\/\\\/usa-b2.com\\\/tr\\\/vizesi-b1-b2-brezilyali\\\/#faq-question-1757684946100\",\"position\":3,\"url\":\"https:\\\/\\\/usa-b2.com\\\/tr\\\/vizesi-b1-b2-brezilyali\\\/#faq-question-1757684946100\",\"name\":\"Vize almak ne kadar s\u00fcrer?\",\"answerCount\":1,\"acceptedAnswer\":{\"@type\":\"Answer\",\"text\":\"Ortalama geri d\u00f6n\u00fc\u015f s\u00fcresi, randevular\u0131n uygunlu\u011funa ba\u011fl\u0131 olarak 2 ila 6 hafta aras\u0131nda de\u011fi\u015fmektedir.\",\"inLanguage\":\"tr\"},\"inLanguage\":\"tr\"}]}<\/script>\n<!-- \/ Yoast SEO plugin. -->","yoast_head_json":{"title":"Brezilyal\u0131 yolcular i\u00e7in B1\/B2 vizesi - USA B2","description":"Brezilyal\u0131 gezginler i\u00e7in B1\/B2 vizesi hakk\u0131nda bilmeniz gereken her \u015fey: prosed\u00fcrler, m\u00fclakat, belgeler ve pratik tavsiyeler.","robots":{"index":"index","follow":"follow","max-snippet":"max-snippet:-1","max-image-preview":"max-image-preview:large","max-video-preview":"max-video-preview:-1"},"canonical":"https:\/\/usa-b2.com\/tr\/vizesi-b1-b2-brezilyali\/","og_locale":"tr_TR","og_type":"article","og_title":"Brezilyal\u0131 yolcular i\u00e7in B1\/B2 vizesi - USA B2","og_description":"Brezilyal\u0131 gezginler i\u00e7in B1\/B2 vizesi hakk\u0131nda bilmeniz gereken her \u015fey: prosed\u00fcrler, m\u00fclakat, belgeler ve pratik tavsiyeler.","og_url":"https:\/\/usa-b2.com\/tr\/vizesi-b1-b2-brezilyali\/","og_site_name":"USA B2","article_modified_time":"2025-09-13T08:06:25+00:00","twitter_card":"summary_large_image","twitter_misc":{"Tahmini okuma s\u00fcresi":"3 dakika"},"schema":{"@context":"https:\/\/schema.org","@graph":[{"@type":["WebPage","FAQPage"],"@id":"https:\/\/usa-b2.com\/tr\/vizesi-b1-b2-brezilyali\/","url":"https:\/\/usa-b2.com\/tr\/vizesi-b1-b2-brezilyali\/","name":"Brezilyal\u0131 yolcular i\u00e7in B1\/B2 vizesi - USA B2","isPartOf":{"@id":"https:\/\/usa-b2.com\/tr\/#website"},"datePublished":"2025-08-28T16:20:16+00:00","dateModified":"2025-09-13T08:06:25+00:00","description":"Brezilyal\u0131 gezginler i\u00e7in B1\/B2 vizesi hakk\u0131nda bilmeniz gereken her \u015fey: prosed\u00fcrler, m\u00fclakat, belgeler ve pratik tavsiyeler.","breadcrumb":{"@id":"https:\/\/usa-b2.com\/tr\/vizesi-b1-b2-brezilyali\/#breadcrumb"},"mainEntity":[{"@id":"https:\/\/usa-b2.com\/tr\/vizesi-b1-b2-brezilyali\/#faq-question-1757684919058"},{"@id":"https:\/\/usa-b2.com\/tr\/vizesi-b1-b2-brezilyali\/#faq-question-1757684934633"},{"@id":"https:\/\/usa-b2.com\/tr\/vizesi-b1-b2-brezilyali\/#faq-question-1757684946100"}],"inLanguage":"tr","potentialAction":[{"@type":"ReadAction","target":["https:\/\/usa-b2.com\/tr\/vizesi-b1-b2-brezilyali\/"]}]},{"@type":"BreadcrumbList","@id":"https:\/\/usa-b2.com\/tr\/vizesi-b1-b2-brezilyali\/#breadcrumb","itemListElement":[{"@type":"ListItem","position":1,"name":"Accueil","item":"https:\/\/usa-b2.com\/tr\/usa\/"},{"@type":"ListItem","position":2,"name":"Brezilyal\u0131 yolcular i\u00e7in B1\/B2 vizesi"}]},{"@type":"WebSite","@id":"https:\/\/usa-b2.com\/tr\/#website","url":"https:\/\/usa-b2.com\/tr\/","name":"USA B2 VISA","description":"","potentialAction":[{"@type":"SearchAction","target":{"@type":"EntryPoint","urlTemplate":"https:\/\/usa-b2.com\/tr\/?s={search_term_string}"},"query-input":{"@type":"PropertyValueSpecification","valueRequired":true,"valueName":"search_term_string"}}],"inLanguage":"tr"},{"@type":"Question","@id":"https:\/\/usa-b2.com\/tr\/vizesi-b1-b2-brezilyali\/#faq-question-1757684919058","position":1,"url":"https:\/\/usa-b2.com\/tr\/vizesi-b1-b2-brezilyali\/#faq-question-1757684919058","name":"B1\/B2 vizesi ile \u00e7al\u0131\u015fabilir miyim?","answerCount":1,"acceptedAnswer":{"@type":"Answer","text":"Hay\u0131r, bu vize sadece turizm ve \u00fccretsiz i\u015f i\u00e7in ge\u00e7erlidir.","inLanguage":"tr"},"inLanguage":"tr"},{"@type":"Question","@id":"https:\/\/usa-b2.com\/tr\/vizesi-b1-b2-brezilyali\/#faq-question-1757684934633","position":2,"url":"https:\/\/usa-b2.com\/tr\/vizesi-b1-b2-brezilyali\/#faq-question-1757684934633","name":"M\u00fclakatta \u0130ngilizce konu\u015fmak zorunda m\u0131y\u0131m?","answerCount":1,"acceptedAnswer":{"@type":"Answer","text":"Hay\u0131r, g\u00f6r\u00fc\u015fmeler Portekizce yap\u0131lmaktad\u0131r.","inLanguage":"tr"},"inLanguage":"tr"},{"@type":"Question","@id":"https:\/\/usa-b2.com\/tr\/vizesi-b1-b2-brezilyali\/#faq-question-1757684946100","position":3,"url":"https:\/\/usa-b2.com\/tr\/vizesi-b1-b2-brezilyali\/#faq-question-1757684946100","name":"Vize almak ne kadar s\u00fcrer?","answerCount":1,"acceptedAnswer":{"@type":"Answer","text":"Ortalama geri d\u00f6n\u00fc\u015f s\u00fcresi, randevular\u0131n uygunlu\u011funa ba\u011fl\u0131 olarak 2 ila 6 hafta aras\u0131nda de\u011fi\u015fmektedir.","inLanguage":"tr"},"inLanguage":"tr"}]}},"_links":{"self":[{"href":"https:\/\/usa-b2.com\/tr\/wp-json\/wp\/v2\/pages\/9718","targetHints":{"allow":["GET"]}}],"collection":[{"href":"https:\/\/usa-b2.com\/tr\/wp-json\/wp\/v2\/pages"}],"about":[{"href":"https:\/\/usa-b2.com\/tr\/wp-json\/wp\/v2\/types\/page"}],"author":[{"embeddable":true,"href":"https:\/\/usa-b2.com\/tr\/wp-json\/wp\/v2\/users\/1"}],"replies":[{"embeddable":true,"href":"https:\/\/usa-b2.com\/tr\/wp-json\/wp\/v2\/comments?post=9718"}],"version-history":[{"count":1,"href":"https:\/\/usa-b2.com\/tr\/wp-json\/wp\/v2\/pages\/9718\/revisions"}],"predecessor-version":[{"id":9719,"href":"https:\/\/usa-b2.com\/tr\/wp-json\/wp\/v2\/pages\/9718\/revisions\/9719"}],"wp:attachment":[{"href":"https:\/\/usa-b2.com\/tr\/wp-json\/wp\/v2\/media?parent=9718"}],"curies":[{"name":"wp","href":"https:\/\/api.w.org\/{rel}","templated":true}]}}