{"id":9654,"date":"2025-08-16T10:09:01","date_gmt":"2025-08-16T10:09:01","guid":{"rendered":"https:\/\/usa-b2.com\/meksikali-b2-vizesi\/"},"modified":"2025-08-21T13:06:17","modified_gmt":"2025-08-21T13:06:17","slug":"meksikali-b2-vizesi","status":"publish","type":"page","link":"https:\/\/usa-b2.com\/tr\/meksikali-b2-vizesi\/","title":{"rendered":"Meksikal\u0131 bir ki\u015fi i\u00e7in B2 vizesi almak"},"content":{"rendered":"\n<h1 class=\"wp-block-heading\">Meksika&#8217;dan B2 vizesi nas\u0131l al\u0131n\u0131r<\/h1>\n\n<h2 class=\"wp-block-heading\">Amerikan B2 vizesi nedir?<\/h2>\n\n<p><strong>B2 vizesi<\/strong>, Amerika Birle\u015fik Devletleri&#8217;ne giri\u015f yapmak isteyen ki\u015filer i\u00e7in bir <a href=\"https:\/\/usa-b2.com\/tr\/ziyaretci-vizesi-abd\/\">ziyaret\u00e7i vizesidir<\/a>:<\/p>\n\n<ul class=\"wp-block-list\">\n<li>Turizm (tatiller, Amerikan \u015fehirlerini, ulusal parklar\u0131 ke\u015ffetmek, vb.)<\/li>\n\n\n\n<li>Aile veya arkada\u015f ziyareti<\/li>\n\n\n\n<li>T\u0131bbi bak\u0131m alma<\/li>\n\n\n\n<li>Sosyal veya k\u00fclt\u00fcrel etkinliklere kat\u0131lmak (konserler, konferanslar, d\u00fc\u011f\u00fcnler vb.)<\/li>\n<\/ul>\n\n<p>\u26a0\ufe0f L\u00fctfen dikkat: B2 vizesi <strong>size<\/strong> Amerika Birle\u015fik Devletleri&#8217;nde <strong>\u00e7al\u0131\u015fma veya e\u011fitim alma yetkisi vermez<\/strong>.<\/p>\n\n<h2 class=\"wp-block-heading\">Meksika vatanda\u015flar\u0131 i\u00e7in uygunluk \u015fartlar\u0131<\/h2>\n\n<p>B2 vizesi alabilmek i\u00e7in Meksikal\u0131 ba\u015fvuru sahibinin :<\/p>\n\n<ol class=\"wp-block-list\">\n<li>Seyahatin sonunda Meksika&#8217;ya d\u00f6nme niyeti.<\/li>\n\n\n\n<li>ABD&#8217;den planlanan ayr\u0131l\u0131\u015f tarihinden sonra en az alt\u0131 ay ge\u00e7erli olan ge\u00e7erli bir Meksika pasaportuna sahip olmak.<\/li>\n\n\n\n<li>Bir seyahat program\u0131, bir davet veya bir rezervasyon ile gerek\u00e7elendirilen ge\u00e7ici bir konaklama.<\/li>\n\n\n\n<li>Meksika&#8217;da i\u015f, i\u015fletme, m\u00fclk veya aile ba\u011flar\u0131 gibi g\u00fc\u00e7l\u00fc ba\u011flar.<\/li>\n\n\n\n<li>Konaklama masraflar\u0131n\u0131 kar\u015f\u0131lamak i\u00e7in yeterli mali kaynak.<\/li>\n<\/ol>\n\n<div style=\"height:10px\" aria-hidden=\"true\" class=\"wp-block-spacer\"><\/div>\n\n<h2 class=\"wp-block-heading\">Ad\u0131m ad\u0131m ba\u015fvuru prosed\u00fcr\u00fc<\/h2>\n\n<ol class=\"wp-block-list\">\n<li>ABD D\u0131\u015fi\u015fleri Bakanl\u0131\u011f\u0131&#8217;n\u0131n resmi web sitesindeki <a href=\"https:\/\/usa-b2.com\/tr\/ds-160\/\">DS-160 formunu<\/a> doldurun. Form \u00e7evrimi\u00e7i olarak doldurulur ve gerekli formatta yeni bir foto\u011fraf y\u00fcklemeniz gerekir. <\/li>\n\n\n\n<li><a href=\"https:\/\/usa-b2.com\/tr\/ucretler-vize-b2-abd\/\">Vize \u00fccretini<\/a> \u00f6deyin. B2 vize \u00fccreti <strong>185 ABD Dolar\u0131d\u0131r<\/strong> ve iade edilmez. \u00d6deme \u00e7evrimi\u00e7i olarak veya yetkili bir merkezde yap\u0131l\u0131r.  <\/li>\n\n\n\n<li>Meksika&#8217;daki <a href=\"https:\/\/usa-b2.com\/tr\/abd-vize-buyukelciligi-icin-randevulasin\/\">Amerika Birle\u015fik Devletleri B\u00fcy\u00fckel\u00e7ili\u011fi&#8217;nin web sitesinden bir randevu<\/a> planlay\u0131n. Parmak izi ve foto\u011fraf almak i\u00e7in <strong>CAS&#8217;a (Centro de Atenci\u00f3n a Solicitantes)<\/strong> gitmeniz gerekecektir. Daha sonra B\u00fcy\u00fckel\u00e7ilik veya Konsolosluktan (Mexico City, Monterrey, Guadalajara, Tijuana, vb.) randevu alabilirsiniz.  <\/li>\n\n\n\n<li>Konsolosluk m\u00fclakat\u0131n\u0131 ge\u00e7in. <strong>Pasaportunuzu<\/strong>, <strong>DS-160 onay\u0131n\u0131z\u0131<\/strong>, <strong>\u00f6deme makbuzunuzu<\/strong> ve Meksika ile ba\u011flant\u0131lar\u0131n\u0131z\u0131 kan\u0131tlayan herhangi bir belgeyi getirmeniz gerekecektir. Konsolosluk g\u00f6revlisi geliriniz, i\u015finiz, aileniz ve seyahat planlar\u0131n\u0131z hakk\u0131nda sorular soracakt\u0131r.  <\/li>\n\n\n\n<li>Vizenizi teslim al\u0131n. Kabul edilmeniz halinde <strong>B2 vizeniz<\/strong> pasaportunuza yap\u0131\u015ft\u0131r\u0131lacakt\u0131r. <\/li>\n<\/ol>\n\n<div style=\"height:10px\" aria-hidden=\"true\" class=\"wp-block-spacer\"><\/div>\n\n<h2 class=\"wp-block-heading\">Elde etme \u015fans\u0131n\u0131z\u0131 en \u00fcst d\u00fczeye \u00e7\u0131karmak i\u00e7in ipu\u00e7lar\u0131<\/h2>\n\n<ul class=\"wp-block-list\">\n<li>G\u00f6r\u00fc\u015fme s\u0131ras\u0131nda <strong>d\u00fcr\u00fcst ve a\u00e7\u0131k olun<\/strong>.<\/li>\n\n\n\n<li><strong>Meksika&#8217;ya d\u00f6nd\u00fc\u011f\u00fcn\u00fcze dair kan\u0131t<\/strong> haz\u0131rlay\u0131n (i\u015f s\u00f6zle\u015fmesi, okul kayd\u0131, m\u00fclk tapular\u0131).<\/li>\n\n\n\n<li>Birle\u015fik Devletler&#8217;de yasad\u0131\u015f\u0131 olarak kalmak istedi\u011finiz izlenimini vermekten ka\u00e7\u0131n\u0131n.<\/li>\n\n\n\n<li><strong>Ger\u00e7ek\u00e7i<\/strong> bir <strong>seyahat program\u0131<\/strong> sunun (biletler, rezervasyonlar, varsa aile davetiyesi).<\/li>\n<\/ul>\n\n<p><\/p>\n","protected":false},"excerpt":{"rendered":"<p>Meksika&#8217;dan B2 vizesi nas\u0131l al\u0131n\u0131r Amerikan B2 vizesi nedir? B2 vizesi, Amerika Birle\u015fik Devletleri&#8217;ne giri\u015f yapmak isteyen ki\u015filer i\u00e7in bir ziyaret\u00e7i vizesidir: \u26a0\ufe0f L\u00fctfen dikkat: B2 vizesi size Amerika Birle\u015fik Devletleri&#8217;nde \u00e7al\u0131\u015fma veya e\u011fitim alma yetkisi vermez. Meksika vatanda\u015flar\u0131 i\u00e7in uygunluk \u015fartlar\u0131 B2 vizesi alabilmek i\u00e7in Meksikal\u0131 ba\u015fvuru sahibinin : Ad\u0131m ad\u0131m ba\u015fvuru prosed\u00fcr\u00fc Elde [&hellip;]<\/p>\n","protected":false},"author":1,"featured_media":0,"parent":0,"menu_order":0,"comment_status":"closed","ping_status":"closed","template":"","meta":{"footnotes":""},"class_list":["post-9654","page","type-page","status-publish","hentry"],"yoast_head":"<!-- This site is optimized with the Yoast SEO plugin v27.0 - https:\/\/yoast.com\/product\/yoast-seo-wordpress\/ -->\n<title>Meksikal\u0131 bir ki\u015fi i\u00e7in B2 vizesi almak - USA B2<\/title>\n<meta name=\"description\" content=\"Meksika vatanda\u015f\u0131 olarak ABD B2 vizesi almak i\u00e7in yasal prosed\u00fcr ve ko\u015fullar: uygunluk, prosed\u00fcrler, maliyetler ve son tarihler.\" \/>\n<meta name=\"robots\" content=\"index, follow, max-snippet:-1, max-image-preview:large, max-video-preview:-1\" \/>\n<link rel=\"canonical\" href=\"https:\/\/usa-b2.com\/tr\/meksikali-b2-vizesi\/\" \/>\n<meta property=\"og:locale\" content=\"tr_TR\" \/>\n<meta property=\"og:type\" content=\"article\" \/>\n<meta property=\"og:title\" content=\"Meksikal\u0131 bir ki\u015fi i\u00e7in B2 vizesi almak - USA B2\" \/>\n<meta property=\"og:description\" content=\"Meksika vatanda\u015f\u0131 olarak ABD B2 vizesi almak i\u00e7in yasal prosed\u00fcr ve ko\u015fullar: uygunluk, prosed\u00fcrler, maliyetler ve son tarihler.\" \/>\n<meta property=\"og:url\" content=\"https:\/\/usa-b2.com\/tr\/meksikali-b2-vizesi\/\" \/>\n<meta property=\"og:site_name\" content=\"USA B2\" \/>\n<meta property=\"article:modified_time\" content=\"2025-08-21T13:06:17+00:00\" \/>\n<meta name=\"twitter:card\" content=\"summary_large_image\" \/>\n<meta name=\"twitter:label1\" content=\"Tahmini okuma s\u00fcresi\" \/>\n\t<meta name=\"twitter:data1\" content=\"2 dakika\" \/>\n<script type=\"application\/ld+json\" class=\"yoast-schema-graph\">{\"@context\":\"https:\/\/schema.org\",\"@graph\":[{\"@type\":\"WebPage\",\"@id\":\"https:\/\/usa-b2.com\/tr\/meksikali-b2-vizesi\/\",\"url\":\"https:\/\/usa-b2.com\/tr\/meksikali-b2-vizesi\/\",\"name\":\"Meksikal\u0131 bir ki\u015fi i\u00e7in B2 vizesi almak - USA B2\",\"isPartOf\":{\"@id\":\"https:\/\/usa-b2.com\/tr\/#website\"},\"datePublished\":\"2025-08-16T10:09:01+00:00\",\"dateModified\":\"2025-08-21T13:06:17+00:00\",\"description\":\"Meksika vatanda\u015f\u0131 olarak ABD B2 vizesi almak i\u00e7in yasal prosed\u00fcr ve ko\u015fullar: uygunluk, prosed\u00fcrler, maliyetler ve son tarihler.\",\"breadcrumb\":{\"@id\":\"https:\/\/usa-b2.com\/tr\/meksikali-b2-vizesi\/#breadcrumb\"},\"inLanguage\":\"tr\",\"potentialAction\":[{\"@type\":\"ReadAction\",\"target\":[\"https:\/\/usa-b2.com\/tr\/meksikali-b2-vizesi\/\"]}]},{\"@type\":\"BreadcrumbList\",\"@id\":\"https:\/\/usa-b2.com\/tr\/meksikali-b2-vizesi\/#breadcrumb\",\"itemListElement\":[{\"@type\":\"ListItem\",\"position\":1,\"name\":\"Accueil\",\"item\":\"https:\/\/usa-b2.com\/tr\/yol-gezileri-rehberi\/\"},{\"@type\":\"ListItem\",\"position\":2,\"name\":\"Meksikal\u0131 bir ki\u015fi i\u00e7in B2 vizesi almak\"}]},{\"@type\":\"WebSite\",\"@id\":\"https:\/\/usa-b2.com\/tr\/#website\",\"url\":\"https:\/\/usa-b2.com\/tr\/\",\"name\":\"USA B2 VISA\",\"description\":\"\",\"potentialAction\":[{\"@type\":\"SearchAction\",\"target\":{\"@type\":\"EntryPoint\",\"urlTemplate\":\"https:\/\/usa-b2.com\/tr\/?s={search_term_string}\"},\"query-input\":{\"@type\":\"PropertyValueSpecification\",\"valueRequired\":true,\"valueName\":\"search_term_string\"}}],\"inLanguage\":\"tr\"}]}<\/script>\n<!-- \/ Yoast SEO plugin. -->","yoast_head_json":{"title":"Meksikal\u0131 bir ki\u015fi i\u00e7in B2 vizesi almak - USA B2","description":"Meksika vatanda\u015f\u0131 olarak ABD B2 vizesi almak i\u00e7in yasal prosed\u00fcr ve ko\u015fullar: uygunluk, prosed\u00fcrler, maliyetler ve son tarihler.","robots":{"index":"index","follow":"follow","max-snippet":"max-snippet:-1","max-image-preview":"max-image-preview:large","max-video-preview":"max-video-preview:-1"},"canonical":"https:\/\/usa-b2.com\/tr\/meksikali-b2-vizesi\/","og_locale":"tr_TR","og_type":"article","og_title":"Meksikal\u0131 bir ki\u015fi i\u00e7in B2 vizesi almak - USA B2","og_description":"Meksika vatanda\u015f\u0131 olarak ABD B2 vizesi almak i\u00e7in yasal prosed\u00fcr ve ko\u015fullar: uygunluk, prosed\u00fcrler, maliyetler ve son tarihler.","og_url":"https:\/\/usa-b2.com\/tr\/meksikali-b2-vizesi\/","og_site_name":"USA B2","article_modified_time":"2025-08-21T13:06:17+00:00","twitter_card":"summary_large_image","twitter_misc":{"Tahmini okuma s\u00fcresi":"2 dakika"},"schema":{"@context":"https:\/\/schema.org","@graph":[{"@type":"WebPage","@id":"https:\/\/usa-b2.com\/tr\/meksikali-b2-vizesi\/","url":"https:\/\/usa-b2.com\/tr\/meksikali-b2-vizesi\/","name":"Meksikal\u0131 bir ki\u015fi i\u00e7in B2 vizesi almak - USA B2","isPartOf":{"@id":"https:\/\/usa-b2.com\/tr\/#website"},"datePublished":"2025-08-16T10:09:01+00:00","dateModified":"2025-08-21T13:06:17+00:00","description":"Meksika vatanda\u015f\u0131 olarak ABD B2 vizesi almak i\u00e7in yasal prosed\u00fcr ve ko\u015fullar: uygunluk, prosed\u00fcrler, maliyetler ve son tarihler.","breadcrumb":{"@id":"https:\/\/usa-b2.com\/tr\/meksikali-b2-vizesi\/#breadcrumb"},"inLanguage":"tr","potentialAction":[{"@type":"ReadAction","target":["https:\/\/usa-b2.com\/tr\/meksikali-b2-vizesi\/"]}]},{"@type":"BreadcrumbList","@id":"https:\/\/usa-b2.com\/tr\/meksikali-b2-vizesi\/#breadcrumb","itemListElement":[{"@type":"ListItem","position":1,"name":"Accueil","item":"https:\/\/usa-b2.com\/tr\/yol-gezileri-rehberi\/"},{"@type":"ListItem","position":2,"name":"Meksikal\u0131 bir ki\u015fi i\u00e7in B2 vizesi almak"}]},{"@type":"WebSite","@id":"https:\/\/usa-b2.com\/tr\/#website","url":"https:\/\/usa-b2.com\/tr\/","name":"USA B2 VISA","description":"","potentialAction":[{"@type":"SearchAction","target":{"@type":"EntryPoint","urlTemplate":"https:\/\/usa-b2.com\/tr\/?s={search_term_string}"},"query-input":{"@type":"PropertyValueSpecification","valueRequired":true,"valueName":"search_term_string"}}],"inLanguage":"tr"}]}},"_links":{"self":[{"href":"https:\/\/usa-b2.com\/tr\/wp-json\/wp\/v2\/pages\/9654","targetHints":{"allow":["GET"]}}],"collection":[{"href":"https:\/\/usa-b2.com\/tr\/wp-json\/wp\/v2\/pages"}],"about":[{"href":"https:\/\/usa-b2.com\/tr\/wp-json\/wp\/v2\/types\/page"}],"author":[{"embeddable":true,"href":"https:\/\/usa-b2.com\/tr\/wp-json\/wp\/v2\/users\/1"}],"replies":[{"embeddable":true,"href":"https:\/\/usa-b2.com\/tr\/wp-json\/wp\/v2\/comments?post=9654"}],"version-history":[{"count":1,"href":"https:\/\/usa-b2.com\/tr\/wp-json\/wp\/v2\/pages\/9654\/revisions"}],"predecessor-version":[{"id":9655,"href":"https:\/\/usa-b2.com\/tr\/wp-json\/wp\/v2\/pages\/9654\/revisions\/9655"}],"wp:attachment":[{"href":"https:\/\/usa-b2.com\/tr\/wp-json\/wp\/v2\/media?parent=9654"}],"curies":[{"name":"wp","href":"https:\/\/api.w.org\/{rel}","templated":true}]}}