{"id":9360,"date":"2025-06-06T07:37:34","date_gmt":"2025-06-06T07:37:34","guid":{"rendered":"https:\/\/usa-b2.com\/almanlar-icin-b2-vizesi\/"},"modified":"2025-06-06T08:33:06","modified_gmt":"2025-06-06T08:33:06","slug":"almanlar-icin-b2-vizesi","status":"publish","type":"page","link":"https:\/\/usa-b2.com\/tr\/almanlar-icin-b2-vizesi\/","title":{"rendered":"Bir Alman i\u00e7in B2 vizesi almak"},"content":{"rendered":"\n<h1 class=\"wp-block-heading\">Almanya&#8217;dan ABD B2 vizesine ba\u015fvurmak<\/h1>\n\n<p>Amerika Birle\u015fik Devletleri&#8217;nde tatil yapmay\u0131 planlayan bir <strong>Alman vatanda\u015f\u0131<\/strong> m\u0131s\u0131n\u0131z? E\u011fer 90 g\u00fcnden fazla kalacaksan\u0131z veya ESTA kullanam\u0131yorsan\u0131z, <strong>Almanlar i\u00e7in B2 ABD vizesi<\/strong> ideal bir \u00e7\u00f6z\u00fcmd\u00fcr. <\/p>\n\n<h3 class=\"wp-block-heading\">B2 vizesi nedir?<\/h3>\n\n<p><strong>B2 vizesi<\/strong>, Amerika Birle\u015fik Devletleri i\u00e7in g\u00f6\u00e7men olmayan bir <a href=\"https:\/\/usa-b2.com\/tr\/ziyaretci-vizesi-abd\/\">ziyaret\u00e7i vizesidir<\/a> ve ge\u00e7ici kal\u0131\u015flar i\u00e7in tasarlanm\u0131\u015ft\u0131r:<\/p>\n\n<ul class=\"wp-block-list\">\n<li><strong>Turizm<\/strong> veya tatiller<\/li>\n\n\n\n<li><strong>Aile veya arkada\u015f ziyareti<\/strong><\/li>\n\n\n\n<li><strong>Amerika Birle\u015fik Devletleri&#8217;nde t\u0131bbi bak\u0131m<\/strong><\/li>\n<\/ul>\n\n<div style=\"height:10px\" aria-hidden=\"true\" class=\"wp-block-spacer\"><\/div>\n\n<h3 class=\"wp-block-heading\">Alman vatanda\u015flar\u0131n\u0131n B2 vizesine ihtiyac\u0131 var m\u0131?<\/h3>\n\n<p>Hay\u0131r, <strong>\u015fart de\u011fil<\/strong>.<br\/>Almanlar <strong>90 g\u00fcnden k\u0131sa<\/strong> s\u00fcreli kal\u0131\u015flar i\u00e7in <a href=\"https:\/\/usa-b2.com\/tr\/esta-formunu-cevrimici\/\">ESTA formunu online olarak<\/a> doldurabilirler. Almanya <a href=\"https:\/\/usa-b2.com\/tr\/vize-verme-programi\/\">Vize Muafiyet Program\u0131n\u0131n<\/a> bir \u00fcyesidir. <\/p>\n\n<p>Bununla birlikte, a\u015fa\u011f\u0131daki durumlarda, <strong>Amerikan B2 vizesi<\/strong> bir Alman i\u00e7in tavsiye edilir ve hatta zorunludur:<\/p>\n\n<ul class=\"wp-block-list\">\n<li>Ge\u00e7mi\u015fte <strong>izin verilen kal\u0131\u015f s\u00fcresini a\u015ft\u0131ysan\u0131z<\/strong> <\/li>\n\n\n\n<li><strong>ESTA ba\u015fvurunuz reddedildi<\/strong><\/li>\n\n\n\n<li>E\u011fer <strong>90 g\u00fcnden fazla kalmak<\/strong> istiyorsan\u0131z<\/li>\n\n\n\n<li>Sab\u0131ka kayd\u0131n\u0131z veya \u00f6zel durumlar\u0131n\u0131z varsa<\/li>\n<\/ul>\n\n<div style=\"height:10px\" aria-hidden=\"true\" class=\"wp-block-spacer\"><\/div>\n\n<h3 class=\"wp-block-heading\">Almanya&#8217;dan B2 vizesi almak i\u00e7in ad\u0131mlar<\/h3>\n\n<ol class=\"wp-block-list\">\n<li><a href=\"https:\/\/usa-b2.com\/tr\/ds-160\/\">DS-160 formunun<\/a> doldurulmas\u0131<\/li>\n\n\n\n<li><a href=\"https:\/\/usa-b2.com\/tr\/ucretler-vize-b2-abd\/\">B2 vize \u00fccretini<\/a> \u00f6deyin<\/li>\n\n\n\n<li>Almanya&#8217;daki <a href=\"https:\/\/usa-b2.com\/tr\/abd-vize-buyukelciligi-icin-randevulasin\/\">b\u00fcy\u00fckel\u00e7ilikten randevu<\/a> al\u0131n<\/li>\n\n\n\n<li>Belgelerinizi ibraz edin (pasaport, destekleyici belgeler, d\u00f6n\u00fc\u015f kan\u0131t\u0131)<\/li>\n\n\n\n<li>Konsolosluk m\u00fclakat\u0131n\u0131 ge\u00e7mek<\/li>\n<\/ol>\n\n<div style=\"height:10px\" aria-hidden=\"true\" class=\"wp-block-spacer\"><\/div>\n\n<h3 class=\"wp-block-heading\">Almanya&#8217;da m\u00fclakat i\u00e7in nereye gidebilirim?<\/h3>\n\n<ul class=\"wp-block-list\">\n<li>Berlin&#8217;deki <a href=\"https:\/\/usa-b2.com\/tr\/amerikan-elciligi\/\">Birle\u015fik Devletler B\u00fcy\u00fckel\u00e7ili\u011fi<\/a> <\/li>\n\n\n\n<li>Frankfurt veya M\u00fcnih Konsoloslu\u011fu<\/li>\n<\/ul>\n\n<h3 class=\"wp-block-heading\">S\u00fcre ve ge\u00e7erlilik<\/h3>\n\n<ul class=\"wp-block-list\">\n<li>B2 vizesi <strong>10 y\u0131la kadar ge\u00e7erli<\/strong> olabilir<\/li>\n\n\n\n<li>Her giri\u015f <strong>en fazla 6 ay<\/strong> kal\u0131\u015f izni verir<\/li>\n<\/ul>\n\n<h2 class=\"wp-block-heading\">SSS<\/h2>\n\n<div class=\"schema-faq wp-block-yoast-faq-block\"><div class=\"schema-faq-section\" id=\"faq-question-1749195650019\"><strong class=\"schema-faq-question\"><strong>B2 vizesi ESTA&#8217;n\u0131n yerini al\u0131yor mu?<\/strong><\/strong> <p class=\"schema-faq-answer\">Hay\u0131r. Bu daha kapsaml\u0131 bir alternatiftir, <strong>ret veya uzun s\u00fcreli kal\u0131\u015f<\/strong> durumlar\u0131nda faydal\u0131d\u0131r. <\/p> <\/div> <div class=\"schema-faq-section\" id=\"faq-question-1749195662823\"><strong class=\"schema-faq-question\"><strong>Ailemle birlikte seyahat edebilir miyim?<\/strong><\/strong> <p class=\"schema-faq-answer\">Evet, her \u00fcye kendi ba\u015fvurusunu yapmal\u0131d\u0131r.<\/p> <\/div> <\/div>\n","protected":false},"excerpt":{"rendered":"<p>Almanya&#8217;dan ABD B2 vizesine ba\u015fvurmak Amerika Birle\u015fik Devletleri&#8217;nde tatil yapmay\u0131 planlayan bir Alman vatanda\u015f\u0131 m\u0131s\u0131n\u0131z? E\u011fer 90 g\u00fcnden fazla kalacaksan\u0131z veya ESTA kullanam\u0131yorsan\u0131z, Almanlar i\u00e7in B2 ABD vizesi ideal bir \u00e7\u00f6z\u00fcmd\u00fcr. B2 vizesi nedir? B2 vizesi, Amerika Birle\u015fik Devletleri i\u00e7in g\u00f6\u00e7men olmayan bir ziyaret\u00e7i vizesidir ve ge\u00e7ici kal\u0131\u015flar i\u00e7in tasarlanm\u0131\u015ft\u0131r: Alman vatanda\u015flar\u0131n\u0131n B2 vizesine ihtiyac\u0131 [&hellip;]<\/p>\n","protected":false},"author":1,"featured_media":0,"parent":0,"menu_order":0,"comment_status":"closed","ping_status":"closed","template":"","meta":{"footnotes":""},"class_list":["post-9360","page","type-page","status-publish","hentry"],"yoast_head":"<!-- This site is optimized with the Yoast SEO plugin v27.4 - https:\/\/yoast.com\/product\/yoast-seo-wordpress\/ -->\n<title>Bir Alman i\u00e7in B2 vizesi almak - USA B2<\/title>\n<meta name=\"description\" content=\"Alman vatanda\u015flar\u0131, 90 g\u00fcnden fazla turist olarak kalmak \u00fczere Amerika Birle\u015fik Devletleri i\u00e7in B2 vizesine ba\u015fvurabilirler.\" \/>\n<meta name=\"robots\" content=\"index, follow, max-snippet:-1, max-image-preview:large, max-video-preview:-1\" \/>\n<link rel=\"canonical\" href=\"https:\/\/usa-b2.com\/tr\/almanlar-icin-b2-vizesi\/\" \/>\n<meta property=\"og:locale\" content=\"tr_TR\" \/>\n<meta property=\"og:type\" content=\"article\" \/>\n<meta property=\"og:title\" content=\"Bir Alman i\u00e7in B2 vizesi almak - USA B2\" \/>\n<meta property=\"og:description\" content=\"Alman vatanda\u015flar\u0131, 90 g\u00fcnden fazla turist olarak kalmak \u00fczere Amerika Birle\u015fik Devletleri i\u00e7in B2 vizesine ba\u015fvurabilirler.\" \/>\n<meta property=\"og:url\" content=\"https:\/\/usa-b2.com\/tr\/almanlar-icin-b2-vizesi\/\" \/>\n<meta property=\"og:site_name\" content=\"USA B2\" \/>\n<meta property=\"article:modified_time\" content=\"2025-06-06T08:33:06+00:00\" \/>\n<meta name=\"twitter:card\" content=\"summary_large_image\" \/>\n<meta name=\"twitter:label1\" content=\"Tahmini okuma s\u00fcresi\" \/>\n\t<meta name=\"twitter:data1\" content=\"2 dakika\" \/>\n<script type=\"application\/ld+json\" class=\"yoast-schema-graph\">{\"@context\":\"https:\\\/\\\/schema.org\",\"@graph\":[{\"@type\":[\"WebPage\",\"FAQPage\"],\"@id\":\"https:\\\/\\\/usa-b2.com\\\/tr\\\/almanlar-icin-b2-vizesi\\\/\",\"url\":\"https:\\\/\\\/usa-b2.com\\\/tr\\\/almanlar-icin-b2-vizesi\\\/\",\"name\":\"Bir Alman i\u00e7in B2 vizesi almak - USA B2\",\"isPartOf\":{\"@id\":\"https:\\\/\\\/usa-b2.com\\\/tr\\\/#website\"},\"datePublished\":\"2025-06-06T07:37:34+00:00\",\"dateModified\":\"2025-06-06T08:33:06+00:00\",\"description\":\"Alman vatanda\u015flar\u0131, 90 g\u00fcnden fazla turist olarak kalmak \u00fczere Amerika Birle\u015fik Devletleri i\u00e7in B2 vizesine ba\u015fvurabilirler.\",\"breadcrumb\":{\"@id\":\"https:\\\/\\\/usa-b2.com\\\/tr\\\/almanlar-icin-b2-vizesi\\\/#breadcrumb\"},\"mainEntity\":[{\"@id\":\"https:\\\/\\\/usa-b2.com\\\/tr\\\/almanlar-icin-b2-vizesi\\\/#faq-question-1749195650019\"},{\"@id\":\"https:\\\/\\\/usa-b2.com\\\/tr\\\/almanlar-icin-b2-vizesi\\\/#faq-question-1749195662823\"}],\"inLanguage\":\"tr\",\"potentialAction\":[{\"@type\":\"ReadAction\",\"target\":[\"https:\\\/\\\/usa-b2.com\\\/tr\\\/almanlar-icin-b2-vizesi\\\/\"]}]},{\"@type\":\"BreadcrumbList\",\"@id\":\"https:\\\/\\\/usa-b2.com\\\/tr\\\/almanlar-icin-b2-vizesi\\\/#breadcrumb\",\"itemListElement\":[{\"@type\":\"ListItem\",\"position\":1,\"name\":\"Accueil\",\"item\":\"https:\\\/\\\/usa-b2.com\\\/tr\\\/usa\\\/\"},{\"@type\":\"ListItem\",\"position\":2,\"name\":\"Bir Alman i\u00e7in B2 vizesi almak\"}]},{\"@type\":\"WebSite\",\"@id\":\"https:\\\/\\\/usa-b2.com\\\/tr\\\/#website\",\"url\":\"https:\\\/\\\/usa-b2.com\\\/tr\\\/\",\"name\":\"USA B2 VISA\",\"description\":\"\",\"potentialAction\":[{\"@type\":\"SearchAction\",\"target\":{\"@type\":\"EntryPoint\",\"urlTemplate\":\"https:\\\/\\\/usa-b2.com\\\/tr\\\/?s={search_term_string}\"},\"query-input\":{\"@type\":\"PropertyValueSpecification\",\"valueRequired\":true,\"valueName\":\"search_term_string\"}}],\"inLanguage\":\"tr\"},{\"@type\":\"Question\",\"@id\":\"https:\\\/\\\/usa-b2.com\\\/tr\\\/almanlar-icin-b2-vizesi\\\/#faq-question-1749195650019\",\"position\":1,\"url\":\"https:\\\/\\\/usa-b2.com\\\/tr\\\/almanlar-icin-b2-vizesi\\\/#faq-question-1749195650019\",\"name\":\"B2 vizesi ESTA'n\u0131n yerini al\u0131yor mu?\",\"answerCount\":1,\"acceptedAnswer\":{\"@type\":\"Answer\",\"text\":\"Hay\u0131r. Bu daha kapsaml\u0131 bir alternatiftir, <strong>ret veya uzun s\u00fcreli kal\u0131\u015f<\\\/strong> durumlar\u0131nda faydal\u0131d\u0131r. \",\"inLanguage\":\"tr\"},\"inLanguage\":\"tr\"},{\"@type\":\"Question\",\"@id\":\"https:\\\/\\\/usa-b2.com\\\/tr\\\/almanlar-icin-b2-vizesi\\\/#faq-question-1749195662823\",\"position\":2,\"url\":\"https:\\\/\\\/usa-b2.com\\\/tr\\\/almanlar-icin-b2-vizesi\\\/#faq-question-1749195662823\",\"name\":\"Ailemle birlikte seyahat edebilir miyim?\",\"answerCount\":1,\"acceptedAnswer\":{\"@type\":\"Answer\",\"text\":\"Evet, her \u00fcye kendi ba\u015fvurusunu yapmal\u0131d\u0131r.\",\"inLanguage\":\"tr\"},\"inLanguage\":\"tr\"}]}<\/script>\n<!-- \/ Yoast SEO plugin. -->","yoast_head_json":{"title":"Bir Alman i\u00e7in B2 vizesi almak - USA B2","description":"Alman vatanda\u015flar\u0131, 90 g\u00fcnden fazla turist olarak kalmak \u00fczere Amerika Birle\u015fik Devletleri i\u00e7in B2 vizesine ba\u015fvurabilirler.","robots":{"index":"index","follow":"follow","max-snippet":"max-snippet:-1","max-image-preview":"max-image-preview:large","max-video-preview":"max-video-preview:-1"},"canonical":"https:\/\/usa-b2.com\/tr\/almanlar-icin-b2-vizesi\/","og_locale":"tr_TR","og_type":"article","og_title":"Bir Alman i\u00e7in B2 vizesi almak - USA B2","og_description":"Alman vatanda\u015flar\u0131, 90 g\u00fcnden fazla turist olarak kalmak \u00fczere Amerika Birle\u015fik Devletleri i\u00e7in B2 vizesine ba\u015fvurabilirler.","og_url":"https:\/\/usa-b2.com\/tr\/almanlar-icin-b2-vizesi\/","og_site_name":"USA B2","article_modified_time":"2025-06-06T08:33:06+00:00","twitter_card":"summary_large_image","twitter_misc":{"Tahmini okuma s\u00fcresi":"2 dakika"},"schema":{"@context":"https:\/\/schema.org","@graph":[{"@type":["WebPage","FAQPage"],"@id":"https:\/\/usa-b2.com\/tr\/almanlar-icin-b2-vizesi\/","url":"https:\/\/usa-b2.com\/tr\/almanlar-icin-b2-vizesi\/","name":"Bir Alman i\u00e7in B2 vizesi almak - USA B2","isPartOf":{"@id":"https:\/\/usa-b2.com\/tr\/#website"},"datePublished":"2025-06-06T07:37:34+00:00","dateModified":"2025-06-06T08:33:06+00:00","description":"Alman vatanda\u015flar\u0131, 90 g\u00fcnden fazla turist olarak kalmak \u00fczere Amerika Birle\u015fik Devletleri i\u00e7in B2 vizesine ba\u015fvurabilirler.","breadcrumb":{"@id":"https:\/\/usa-b2.com\/tr\/almanlar-icin-b2-vizesi\/#breadcrumb"},"mainEntity":[{"@id":"https:\/\/usa-b2.com\/tr\/almanlar-icin-b2-vizesi\/#faq-question-1749195650019"},{"@id":"https:\/\/usa-b2.com\/tr\/almanlar-icin-b2-vizesi\/#faq-question-1749195662823"}],"inLanguage":"tr","potentialAction":[{"@type":"ReadAction","target":["https:\/\/usa-b2.com\/tr\/almanlar-icin-b2-vizesi\/"]}]},{"@type":"BreadcrumbList","@id":"https:\/\/usa-b2.com\/tr\/almanlar-icin-b2-vizesi\/#breadcrumb","itemListElement":[{"@type":"ListItem","position":1,"name":"Accueil","item":"https:\/\/usa-b2.com\/tr\/usa\/"},{"@type":"ListItem","position":2,"name":"Bir Alman i\u00e7in B2 vizesi almak"}]},{"@type":"WebSite","@id":"https:\/\/usa-b2.com\/tr\/#website","url":"https:\/\/usa-b2.com\/tr\/","name":"USA B2 VISA","description":"","potentialAction":[{"@type":"SearchAction","target":{"@type":"EntryPoint","urlTemplate":"https:\/\/usa-b2.com\/tr\/?s={search_term_string}"},"query-input":{"@type":"PropertyValueSpecification","valueRequired":true,"valueName":"search_term_string"}}],"inLanguage":"tr"},{"@type":"Question","@id":"https:\/\/usa-b2.com\/tr\/almanlar-icin-b2-vizesi\/#faq-question-1749195650019","position":1,"url":"https:\/\/usa-b2.com\/tr\/almanlar-icin-b2-vizesi\/#faq-question-1749195650019","name":"B2 vizesi ESTA'n\u0131n yerini al\u0131yor mu?","answerCount":1,"acceptedAnswer":{"@type":"Answer","text":"Hay\u0131r. Bu daha kapsaml\u0131 bir alternatiftir, <strong>ret veya uzun s\u00fcreli kal\u0131\u015f<\/strong> durumlar\u0131nda faydal\u0131d\u0131r. ","inLanguage":"tr"},"inLanguage":"tr"},{"@type":"Question","@id":"https:\/\/usa-b2.com\/tr\/almanlar-icin-b2-vizesi\/#faq-question-1749195662823","position":2,"url":"https:\/\/usa-b2.com\/tr\/almanlar-icin-b2-vizesi\/#faq-question-1749195662823","name":"Ailemle birlikte seyahat edebilir miyim?","answerCount":1,"acceptedAnswer":{"@type":"Answer","text":"Evet, her \u00fcye kendi ba\u015fvurusunu yapmal\u0131d\u0131r.","inLanguage":"tr"},"inLanguage":"tr"}]}},"_links":{"self":[{"href":"https:\/\/usa-b2.com\/tr\/wp-json\/wp\/v2\/pages\/9360","targetHints":{"allow":["GET"]}}],"collection":[{"href":"https:\/\/usa-b2.com\/tr\/wp-json\/wp\/v2\/pages"}],"about":[{"href":"https:\/\/usa-b2.com\/tr\/wp-json\/wp\/v2\/types\/page"}],"author":[{"embeddable":true,"href":"https:\/\/usa-b2.com\/tr\/wp-json\/wp\/v2\/users\/1"}],"replies":[{"embeddable":true,"href":"https:\/\/usa-b2.com\/tr\/wp-json\/wp\/v2\/comments?post=9360"}],"version-history":[{"count":1,"href":"https:\/\/usa-b2.com\/tr\/wp-json\/wp\/v2\/pages\/9360\/revisions"}],"predecessor-version":[{"id":9361,"href":"https:\/\/usa-b2.com\/tr\/wp-json\/wp\/v2\/pages\/9360\/revisions\/9361"}],"wp:attachment":[{"href":"https:\/\/usa-b2.com\/tr\/wp-json\/wp\/v2\/media?parent=9360"}],"curies":[{"name":"wp","href":"https:\/\/api.w.org\/{rel}","templated":true}]}}