{"id":9134,"date":"2025-05-23T09:31:31","date_gmt":"2025-05-23T09:31:31","guid":{"rendered":"https:\/\/usa-b2.com\/italyanlar-icin-b2-vizesi\/"},"modified":"2025-10-14T10:26:24","modified_gmt":"2025-10-14T10:26:24","slug":"italyanlar-icin-b2-vizesi","status":"publish","type":"page","link":"https:\/\/usa-b2.com\/tr\/italyanlar-icin-b2-vizesi\/","title":{"rendered":"ABD&#8217;ye seyahat eden bir \u0130talyan i\u00e7in B2 vizesi al\u0131nmas\u0131"},"content":{"rendered":"\n<h1 class=\"wp-block-heading\">ABD&#8217;ye seyahat eden \u0130talyanlar i\u00e7in B2 vizesi<\/h1>\n\n<p>E\u011fer bir \u0130talyan vatanda\u015f\u0131ysan\u0131z ve Amerika Birle\u015fik Devletleri&#8217;ne turizm ama\u00e7l\u0131, bir akraban\u0131z\u0131 ziyaret etmek veya bir doktora g\u00f6r\u00fcnmek i\u00e7in seyahat etmeniz gerekiyorsa: B2 vizesi ihtiyac\u0131n\u0131z olan <a href=\"https:\/\/usa-b2.com\/tr\/ziyaretci-vizesi-abd\/\">ABD ziyaret\u00e7i v<\/a> izesidir. Bu kapsaml\u0131 rehberde, <strong>\u0130talyanlar i\u00e7in B2 ABD vizesinin<\/strong> nas\u0131l al\u0131naca\u011f\u0131n\u0131, ko\u015fullar\u0131, son ba\u015fvuru tarihlerini ve gerekli belgeleri \u00f6\u011freneceksiniz. <\/p>\n\n<h2 class=\"wp-block-heading\">B2 vizesi nedir?<\/h2>\n\n<p><a href=\"https:\/\/usa-b2.com\/tr\/vize-b2\/\">Amerikan B2 vizesi, Amerika<\/a> Birle\u015fik Devletleri&#8217;nde ge\u00e7ici olarak kalmak isteyen ki\u015filer i\u00e7in tasarlanm\u0131\u015f g\u00f6\u00e7men olmayan bir vizedir: Turizm, tatil, t\u0131bbi tedavi veya akraba ziyareti.<\/p>\n\n<h2 class=\"wp-block-heading\">\u0130talyanlar\u0131n B2 vizesine ihtiyac\u0131 var m\u0131?<\/h2>\n\n<p>ABD&#8217;ye 90 g\u00fcnden daha k\u0131sa bir s\u00fcre i\u00e7in seyahat eden bir <strong>\u0130talyan vatanda\u015f\u0131ysan\u0131z<\/strong>, prensip olarak <a href=\"https:\/\/usa-b2.com\/tr\/nedir-bir-esta\/\">ESTA elektronik seyahat iznini<\/a> kullanabilirsiniz.<\/p>\n\n<p>Ancak daha \u00f6nce ESTA <a href=\"https:\/\/usa-b2.com\/tr\/basvuru-proseduru-vize-b2\/\">ba\u015fvurunuz reddedilmi\u015fse, daha uzun s\u00fcreli seyahat edecekseniz veya y\u00fcksek riskli bir profile sahipseniz, B2 ABD vizesine ba\u015fvurman\u0131z<\/a> tercih edilir.<\/p>\n\n<h2 class=\"wp-block-heading\">\u0130talya&#8217;dan B2 vizesine nas\u0131l ba\u015fvurabilirim?<\/h2>\n\n<h3 class=\"wp-block-heading\">1. DS-160 formunu \u00e7evrimi\u00e7i olarak doldurun<\/h3>\n\n<p><a href=\"https:\/\/usa-b2.com\/tr\/ds-160\/\">DS-160 Formu<\/a> t\u00fcm turist vizesi ba\u015fvurular\u0131 i\u00e7in zorunludur.<\/p>\n\n<h3 class=\"wp-block-heading\">2. Ba\u015fvuru \u00fccretini \u00f6deyin<\/h3>\n\n<p><a href=\"https:\/\/usa-b2.com\/tr\/ucretler-vize-b2-abd\/\">B2 vizesinin<\/a> \u00fccreti <strong>185 ABD Dolar\u0131d\u0131r<\/strong> ve online olarak \u00f6denebilir.<\/p>\n\n<h3 class=\"wp-block-heading\">3. \u0130talya \u201cdaki ABD B\u00fcy\u00fckel\u00e7ili\u011fi\u201d nden randevu al\u0131n<\/h3>\n\n<p>T\u00fcm ba\u015fvuru sahiplerinin <a href=\"https:\/\/usa-b2.com\/tr\/abd-vize-buyukelciligi-icin-randevulasin\/\">ABD B\u00fcy\u00fckel\u00e7ili\u011fi&#8217;nde m\u00fclakata<\/a> girmesi gerekmektedir.<\/p>\n\n<h3 class=\"wp-block-heading\">4. Gerekli belgeleri haz\u0131rlay\u0131n<\/h3>\n\n<ul class=\"wp-block-list\">\n<li><a href=\"https:\/\/usa-b2.com\/tr\/pasaport-seyahati-abd\/\">ABD&#8217;ye seyahat i\u00e7in ge\u00e7erli pasaport<\/a><\/li>\n\n\n\n<li>Pasaport foto\u011fraf\u0131<\/li>\n\n\n\n<li>Finansal tablolar<\/li>\n\n\n\n<li>\u0130talya&#8217;ya ba\u011fl\u0131l\u0131\u011f\u0131n\u0131z\u0131n kan\u0131t\u0131 (i\u015f, aile, konaklama, vb.)<\/li>\n<\/ul>\n\n<h3 class=\"wp-block-heading\">5. G\u00f6r\u00fc\u015fmeye gidin ve karar\u0131 bekleyin<\/h3>\n\n<p>M\u00fclakat\u0131n ard\u0131ndan vize genellikle <strong>7 ila 15 i\u015f g\u00fcn\u00fc<\/strong> i\u00e7erisinde verilmektedir.<\/p>\n\n<h2 class=\"wp-block-heading\">\u0130talya&#8217;da m\u00fclakat i\u00e7in nereye gidebilirim?<\/h2>\n\n<p><strong>Amerika Birle\u015fik Devletleri Roma B\u00fcy\u00fckel\u00e7ili\u011fi<\/strong><br\/>Via Vittorio Veneto, 121, 00187 Roma.<br\/>Resmi web sitesi: <a href=\"https:\/\/it.usembassy.gov\/\">it.usembassy.gov<\/a><\/p>\n\n<h2 class=\"wp-block-heading\">\u0130talyanlar i\u00e7in B2 vizesi hakk\u0131nda SSS<\/h2>\n\n<div class=\"schema-faq wp-block-yoast-faq-block\"><div class=\"schema-faq-section\" id=\"faq-question-1747998967682\"><strong class=\"schema-faq-question\"><strong>B2 vizesi ne kadar s\u00fcreyle ge\u00e7erlidir?<\/strong><\/strong> <p class=\"schema-faq-answer\">Vize <strong>10 y\u0131la kadar<\/strong> ge\u00e7erlidir, ancak her kal\u0131\u015f en <strong>fazla 6 ay ile s\u0131n\u0131rl\u0131d\u0131r<\/strong>.<\/p> <\/div> <div class=\"schema-faq-section\" id=\"faq-question-1747998984062\"><strong class=\"schema-faq-question\"><strong>ABD&#8217;de B2 vizemi uzatabilir miyim?<\/strong><\/strong> <p class=\"schema-faq-answer\">Evet, Amerika Birle\u015fik Devletleri&#8217;nden bir <strong>uzatma talebi<\/strong> m\u00fcmk\u00fcnd\u00fcr, ancak gerek\u00e7elendirilmelidir.<\/p> <\/div> <div class=\"schema-faq-section\" id=\"faq-question-1747998994557\"><strong class=\"schema-faq-question\"><strong>ESTA yerine B2 vizesine ba\u015fvurmak daha m\u0131 g\u00fcvenli?<\/strong><\/strong> <p class=\"schema-faq-answer\">Evet, \u00f6zellikle de reddedildiyseniz veya <strong>reddedilme riskinden ka\u00e7\u0131nmak<\/strong> istiyorsan\u0131z.<\/p> <\/div> <\/div>\n","protected":false},"excerpt":{"rendered":"<p>ABD&#8217;ye seyahat eden \u0130talyanlar i\u00e7in B2 vizesi E\u011fer bir \u0130talyan vatanda\u015f\u0131ysan\u0131z ve Amerika Birle\u015fik Devletleri&#8217;ne turizm ama\u00e7l\u0131, bir akraban\u0131z\u0131 ziyaret etmek veya bir doktora g\u00f6r\u00fcnmek i\u00e7in seyahat etmeniz gerekiyorsa: B2 vizesi ihtiyac\u0131n\u0131z olan ABD ziyaret\u00e7i v izesidir. Bu kapsaml\u0131 rehberde, \u0130talyanlar i\u00e7in B2 ABD vizesinin nas\u0131l al\u0131naca\u011f\u0131n\u0131, ko\u015fullar\u0131, son ba\u015fvuru tarihlerini ve gerekli belgeleri \u00f6\u011freneceksiniz. [&hellip;]<\/p>\n","protected":false},"author":1,"featured_media":0,"parent":0,"menu_order":0,"comment_status":"closed","ping_status":"closed","template":"","meta":{"footnotes":""},"class_list":["post-9134","page","type-page","status-publish","hentry"],"yoast_head":"<!-- This site is optimized with the Yoast SEO plugin v27.4 - https:\/\/yoast.com\/product\/yoast-seo-wordpress\/ -->\n<title>ABD&#039;ye seyahat eden bir \u0130talyan i\u00e7in B2 vizesi al\u0131nmas\u0131 - USA B2<\/title>\n<meta name=\"description\" content=\"E\u011fer \u0130talyan iseniz ve Amerika Birle\u015fik Devletleri&#039;ne seyahat etmek istiyorsan\u0131z, turistik veya i\u015f seyahati i\u00e7in B2 vizesi alabilirsiniz.\" \/>\n<meta name=\"robots\" content=\"index, follow, max-snippet:-1, max-image-preview:large, max-video-preview:-1\" \/>\n<link rel=\"canonical\" href=\"https:\/\/usa-b2.com\/tr\/italyanlar-icin-b2-vizesi\/\" \/>\n<meta property=\"og:locale\" content=\"tr_TR\" \/>\n<meta property=\"og:type\" content=\"article\" \/>\n<meta property=\"og:title\" content=\"ABD&#039;ye seyahat eden bir \u0130talyan i\u00e7in B2 vizesi al\u0131nmas\u0131 - USA B2\" \/>\n<meta property=\"og:description\" content=\"E\u011fer \u0130talyan iseniz ve Amerika Birle\u015fik Devletleri&#039;ne seyahat etmek istiyorsan\u0131z, turistik veya i\u015f seyahati i\u00e7in B2 vizesi alabilirsiniz.\" \/>\n<meta property=\"og:url\" content=\"https:\/\/usa-b2.com\/tr\/italyanlar-icin-b2-vizesi\/\" \/>\n<meta property=\"og:site_name\" content=\"USA B2\" \/>\n<meta property=\"article:modified_time\" content=\"2025-10-14T10:26:24+00:00\" \/>\n<meta name=\"twitter:card\" content=\"summary_large_image\" \/>\n<meta name=\"twitter:label1\" content=\"Tahmini okuma s\u00fcresi\" \/>\n\t<meta name=\"twitter:data1\" content=\"2 dakika\" \/>\n<script type=\"application\/ld+json\" class=\"yoast-schema-graph\">{\"@context\":\"https:\\\/\\\/schema.org\",\"@graph\":[{\"@type\":[\"WebPage\",\"FAQPage\"],\"@id\":\"https:\\\/\\\/usa-b2.com\\\/tr\\\/italyanlar-icin-b2-vizesi\\\/\",\"url\":\"https:\\\/\\\/usa-b2.com\\\/tr\\\/italyanlar-icin-b2-vizesi\\\/\",\"name\":\"ABD'ye seyahat eden bir \u0130talyan i\u00e7in B2 vizesi al\u0131nmas\u0131 - USA B2\",\"isPartOf\":{\"@id\":\"https:\\\/\\\/usa-b2.com\\\/tr\\\/#website\"},\"datePublished\":\"2025-05-23T09:31:31+00:00\",\"dateModified\":\"2025-10-14T10:26:24+00:00\",\"description\":\"E\u011fer \u0130talyan iseniz ve Amerika Birle\u015fik Devletleri'ne seyahat etmek istiyorsan\u0131z, turistik veya i\u015f seyahati i\u00e7in B2 vizesi alabilirsiniz.\",\"breadcrumb\":{\"@id\":\"https:\\\/\\\/usa-b2.com\\\/tr\\\/italyanlar-icin-b2-vizesi\\\/#breadcrumb\"},\"mainEntity\":[{\"@id\":\"https:\\\/\\\/usa-b2.com\\\/tr\\\/italyanlar-icin-b2-vizesi\\\/#faq-question-1747998967682\"},{\"@id\":\"https:\\\/\\\/usa-b2.com\\\/tr\\\/italyanlar-icin-b2-vizesi\\\/#faq-question-1747998984062\"},{\"@id\":\"https:\\\/\\\/usa-b2.com\\\/tr\\\/italyanlar-icin-b2-vizesi\\\/#faq-question-1747998994557\"}],\"inLanguage\":\"tr\",\"potentialAction\":[{\"@type\":\"ReadAction\",\"target\":[\"https:\\\/\\\/usa-b2.com\\\/tr\\\/italyanlar-icin-b2-vizesi\\\/\"]}]},{\"@type\":\"BreadcrumbList\",\"@id\":\"https:\\\/\\\/usa-b2.com\\\/tr\\\/italyanlar-icin-b2-vizesi\\\/#breadcrumb\",\"itemListElement\":[{\"@type\":\"ListItem\",\"position\":1,\"name\":\"Accueil\",\"item\":\"https:\\\/\\\/usa-b2.com\\\/tr\\\/usa\\\/\"},{\"@type\":\"ListItem\",\"position\":2,\"name\":\"ABD&#8217;ye seyahat eden bir \u0130talyan i\u00e7in B2 vizesi al\u0131nmas\u0131\"}]},{\"@type\":\"WebSite\",\"@id\":\"https:\\\/\\\/usa-b2.com\\\/tr\\\/#website\",\"url\":\"https:\\\/\\\/usa-b2.com\\\/tr\\\/\",\"name\":\"USA B2 VISA\",\"description\":\"\",\"potentialAction\":[{\"@type\":\"SearchAction\",\"target\":{\"@type\":\"EntryPoint\",\"urlTemplate\":\"https:\\\/\\\/usa-b2.com\\\/tr\\\/?s={search_term_string}\"},\"query-input\":{\"@type\":\"PropertyValueSpecification\",\"valueRequired\":true,\"valueName\":\"search_term_string\"}}],\"inLanguage\":\"tr\"},{\"@type\":\"Question\",\"@id\":\"https:\\\/\\\/usa-b2.com\\\/tr\\\/italyanlar-icin-b2-vizesi\\\/#faq-question-1747998967682\",\"position\":1,\"url\":\"https:\\\/\\\/usa-b2.com\\\/tr\\\/italyanlar-icin-b2-vizesi\\\/#faq-question-1747998967682\",\"name\":\"B2 vizesi ne kadar s\u00fcreyle ge\u00e7erlidir?\",\"answerCount\":1,\"acceptedAnswer\":{\"@type\":\"Answer\",\"text\":\"Vize <strong>10 y\u0131la kadar<\\\/strong> ge\u00e7erlidir, ancak her kal\u0131\u015f en <strong>fazla 6 ay ile s\u0131n\u0131rl\u0131d\u0131r<\\\/strong>.\",\"inLanguage\":\"tr\"},\"inLanguage\":\"tr\"},{\"@type\":\"Question\",\"@id\":\"https:\\\/\\\/usa-b2.com\\\/tr\\\/italyanlar-icin-b2-vizesi\\\/#faq-question-1747998984062\",\"position\":2,\"url\":\"https:\\\/\\\/usa-b2.com\\\/tr\\\/italyanlar-icin-b2-vizesi\\\/#faq-question-1747998984062\",\"name\":\"ABD'de B2 vizemi uzatabilir miyim?\",\"answerCount\":1,\"acceptedAnswer\":{\"@type\":\"Answer\",\"text\":\"Evet, Amerika Birle\u015fik Devletleri'nden bir <strong>uzatma talebi<\\\/strong> m\u00fcmk\u00fcnd\u00fcr, ancak gerek\u00e7elendirilmelidir.\",\"inLanguage\":\"tr\"},\"inLanguage\":\"tr\"},{\"@type\":\"Question\",\"@id\":\"https:\\\/\\\/usa-b2.com\\\/tr\\\/italyanlar-icin-b2-vizesi\\\/#faq-question-1747998994557\",\"position\":3,\"url\":\"https:\\\/\\\/usa-b2.com\\\/tr\\\/italyanlar-icin-b2-vizesi\\\/#faq-question-1747998994557\",\"name\":\"ESTA yerine B2 vizesine ba\u015fvurmak daha m\u0131 g\u00fcvenli?\",\"answerCount\":1,\"acceptedAnswer\":{\"@type\":\"Answer\",\"text\":\"Evet, \u00f6zellikle de reddedildiyseniz veya <strong>reddedilme riskinden ka\u00e7\u0131nmak<\\\/strong> istiyorsan\u0131z.\",\"inLanguage\":\"tr\"},\"inLanguage\":\"tr\"}]}<\/script>\n<!-- \/ Yoast SEO plugin. -->","yoast_head_json":{"title":"ABD'ye seyahat eden bir \u0130talyan i\u00e7in B2 vizesi al\u0131nmas\u0131 - USA B2","description":"E\u011fer \u0130talyan iseniz ve Amerika Birle\u015fik Devletleri'ne seyahat etmek istiyorsan\u0131z, turistik veya i\u015f seyahati i\u00e7in B2 vizesi alabilirsiniz.","robots":{"index":"index","follow":"follow","max-snippet":"max-snippet:-1","max-image-preview":"max-image-preview:large","max-video-preview":"max-video-preview:-1"},"canonical":"https:\/\/usa-b2.com\/tr\/italyanlar-icin-b2-vizesi\/","og_locale":"tr_TR","og_type":"article","og_title":"ABD'ye seyahat eden bir \u0130talyan i\u00e7in B2 vizesi al\u0131nmas\u0131 - USA B2","og_description":"E\u011fer \u0130talyan iseniz ve Amerika Birle\u015fik Devletleri'ne seyahat etmek istiyorsan\u0131z, turistik veya i\u015f seyahati i\u00e7in B2 vizesi alabilirsiniz.","og_url":"https:\/\/usa-b2.com\/tr\/italyanlar-icin-b2-vizesi\/","og_site_name":"USA B2","article_modified_time":"2025-10-14T10:26:24+00:00","twitter_card":"summary_large_image","twitter_misc":{"Tahmini okuma s\u00fcresi":"2 dakika"},"schema":{"@context":"https:\/\/schema.org","@graph":[{"@type":["WebPage","FAQPage"],"@id":"https:\/\/usa-b2.com\/tr\/italyanlar-icin-b2-vizesi\/","url":"https:\/\/usa-b2.com\/tr\/italyanlar-icin-b2-vizesi\/","name":"ABD'ye seyahat eden bir \u0130talyan i\u00e7in B2 vizesi al\u0131nmas\u0131 - USA B2","isPartOf":{"@id":"https:\/\/usa-b2.com\/tr\/#website"},"datePublished":"2025-05-23T09:31:31+00:00","dateModified":"2025-10-14T10:26:24+00:00","description":"E\u011fer \u0130talyan iseniz ve Amerika Birle\u015fik Devletleri'ne seyahat etmek istiyorsan\u0131z, turistik veya i\u015f seyahati i\u00e7in B2 vizesi alabilirsiniz.","breadcrumb":{"@id":"https:\/\/usa-b2.com\/tr\/italyanlar-icin-b2-vizesi\/#breadcrumb"},"mainEntity":[{"@id":"https:\/\/usa-b2.com\/tr\/italyanlar-icin-b2-vizesi\/#faq-question-1747998967682"},{"@id":"https:\/\/usa-b2.com\/tr\/italyanlar-icin-b2-vizesi\/#faq-question-1747998984062"},{"@id":"https:\/\/usa-b2.com\/tr\/italyanlar-icin-b2-vizesi\/#faq-question-1747998994557"}],"inLanguage":"tr","potentialAction":[{"@type":"ReadAction","target":["https:\/\/usa-b2.com\/tr\/italyanlar-icin-b2-vizesi\/"]}]},{"@type":"BreadcrumbList","@id":"https:\/\/usa-b2.com\/tr\/italyanlar-icin-b2-vizesi\/#breadcrumb","itemListElement":[{"@type":"ListItem","position":1,"name":"Accueil","item":"https:\/\/usa-b2.com\/tr\/usa\/"},{"@type":"ListItem","position":2,"name":"ABD&#8217;ye seyahat eden bir \u0130talyan i\u00e7in B2 vizesi al\u0131nmas\u0131"}]},{"@type":"WebSite","@id":"https:\/\/usa-b2.com\/tr\/#website","url":"https:\/\/usa-b2.com\/tr\/","name":"USA B2 VISA","description":"","potentialAction":[{"@type":"SearchAction","target":{"@type":"EntryPoint","urlTemplate":"https:\/\/usa-b2.com\/tr\/?s={search_term_string}"},"query-input":{"@type":"PropertyValueSpecification","valueRequired":true,"valueName":"search_term_string"}}],"inLanguage":"tr"},{"@type":"Question","@id":"https:\/\/usa-b2.com\/tr\/italyanlar-icin-b2-vizesi\/#faq-question-1747998967682","position":1,"url":"https:\/\/usa-b2.com\/tr\/italyanlar-icin-b2-vizesi\/#faq-question-1747998967682","name":"B2 vizesi ne kadar s\u00fcreyle ge\u00e7erlidir?","answerCount":1,"acceptedAnswer":{"@type":"Answer","text":"Vize <strong>10 y\u0131la kadar<\/strong> ge\u00e7erlidir, ancak her kal\u0131\u015f en <strong>fazla 6 ay ile s\u0131n\u0131rl\u0131d\u0131r<\/strong>.","inLanguage":"tr"},"inLanguage":"tr"},{"@type":"Question","@id":"https:\/\/usa-b2.com\/tr\/italyanlar-icin-b2-vizesi\/#faq-question-1747998984062","position":2,"url":"https:\/\/usa-b2.com\/tr\/italyanlar-icin-b2-vizesi\/#faq-question-1747998984062","name":"ABD'de B2 vizemi uzatabilir miyim?","answerCount":1,"acceptedAnswer":{"@type":"Answer","text":"Evet, Amerika Birle\u015fik Devletleri'nden bir <strong>uzatma talebi<\/strong> m\u00fcmk\u00fcnd\u00fcr, ancak gerek\u00e7elendirilmelidir.","inLanguage":"tr"},"inLanguage":"tr"},{"@type":"Question","@id":"https:\/\/usa-b2.com\/tr\/italyanlar-icin-b2-vizesi\/#faq-question-1747998994557","position":3,"url":"https:\/\/usa-b2.com\/tr\/italyanlar-icin-b2-vizesi\/#faq-question-1747998994557","name":"ESTA yerine B2 vizesine ba\u015fvurmak daha m\u0131 g\u00fcvenli?","answerCount":1,"acceptedAnswer":{"@type":"Answer","text":"Evet, \u00f6zellikle de reddedildiyseniz veya <strong>reddedilme riskinden ka\u00e7\u0131nmak<\/strong> istiyorsan\u0131z.","inLanguage":"tr"},"inLanguage":"tr"}]}},"_links":{"self":[{"href":"https:\/\/usa-b2.com\/tr\/wp-json\/wp\/v2\/pages\/9134","targetHints":{"allow":["GET"]}}],"collection":[{"href":"https:\/\/usa-b2.com\/tr\/wp-json\/wp\/v2\/pages"}],"about":[{"href":"https:\/\/usa-b2.com\/tr\/wp-json\/wp\/v2\/types\/page"}],"author":[{"embeddable":true,"href":"https:\/\/usa-b2.com\/tr\/wp-json\/wp\/v2\/users\/1"}],"replies":[{"embeddable":true,"href":"https:\/\/usa-b2.com\/tr\/wp-json\/wp\/v2\/comments?post=9134"}],"version-history":[{"count":2,"href":"https:\/\/usa-b2.com\/tr\/wp-json\/wp\/v2\/pages\/9134\/revisions"}],"predecessor-version":[{"id":10250,"href":"https:\/\/usa-b2.com\/tr\/wp-json\/wp\/v2\/pages\/9134\/revisions\/10250"}],"wp:attachment":[{"href":"https:\/\/usa-b2.com\/tr\/wp-json\/wp\/v2\/media?parent=9134"}],"curies":[{"name":"wp","href":"https:\/\/api.w.org\/{rel}","templated":true}]}}