{"id":9077,"date":"2025-05-14T12:29:33","date_gmt":"2025-05-14T12:29:33","guid":{"rendered":"https:\/\/usa-b2.com\/vizesi-b2-fransiz\/"},"modified":"2025-11-04T20:20:49","modified_gmt":"2025-11-04T20:20:49","slug":"vizesi-b2-fransiz","status":"publish","type":"page","link":"https:\/\/usa-b2.com\/tr\/vizesi-b2-fransiz\/","title":{"rendered":"ABD&#8217;ye seyahat edecek Frans\u0131z vatanda\u015flar\u0131 i\u00e7in B2 vizesi"},"content":{"rendered":"\n<h1 class=\"wp-block-heading\">Amerika Birle\u015fik Devletleri&#8217;ne seyahat etmek isteyen Frans\u0131z vatanda\u015flar\u0131 i\u00e7in B2 vizesi<\/h1>\n\n<p>Frans\u0131z vatanda\u015f\u0131ysan\u0131z ve Amerika Birle\u015fik Devletleri&#8217;ne turizm, akraba ziyareti veya doktor ziyareti amac\u0131yla seyahat etmek istiyorsan\u0131z, <a href=\"https:\/\/usa-b2.com\/tr\/ziyaretci-vizesi-abd\/\">ihtiyac\u0131n\u0131z olan Amerikan ziyaret\u00e7i vizesi<\/a> B2 vizesidir. Bu kapsaml\u0131 rehber <strong>, Frans\u0131z vatanda\u015flar\u0131 i\u00e7in B2 ABD vizesi<\/strong> almakla ilgili ad\u0131mlar\u0131 <strong>,<\/strong> ko\u015fullar\u0131, son ba\u015fvuru tarihlerini ve gerekli belgeleri a\u00e7\u0131klamaktad\u0131r.<\/p>\n\n<h2 class=\"wp-block-heading\">B2 vizesi nedir?<\/h2>\n\n<p><strong>Amerikan B2 vizesi, Amerika<\/strong> Birle\u015fik Devletleri&#8217;nde ge\u00e7ici olarak kalmak isteyen ki\u015filer i\u00e7in tasarlanm\u0131\u015f g\u00f6\u00e7men olmayan bir vizedir: Turizm, tatil, t\u0131bbi tedavi veya akraba ziyareti.<\/p>\n\n<h2 class=\"wp-block-heading\">Frans\u0131z vatanda\u015flar\u0131n\u0131n B2 vizesine ihtiyac\u0131 var m\u0131?<\/h2>\n\n<p>ABD&#8217;ye 90 g\u00fcnden daha k\u0131sa bir s\u00fcre i\u00e7in seyahat eden bir <strong>Frans\u0131z vatanda\u015f\u0131ysan\u0131z<\/strong>, prensip olarak <a href=\"https:\/\/usa-b2.com\/tr\/nedir-bir-esta\/\">ESTA elektronik seyahat iznini<\/a> kullanabilirsiniz.<\/p>\n\n<p>Ancak daha \u00f6nce ESTA <a href=\"https:\/\/usa-b2.com\/tr\/basvuru-proseduru-vize-b2\/\">ba\u015fvurunuz reddedilmi\u015fse, daha uzun s\u00fcreli seyahat edecekseniz veya y\u00fcksek riskli bir profile sahipseniz, B2 ABD vizesine ba\u015fvurman\u0131z<\/a> tercih edilir.<\/p>\n\n<h2 class=\"wp-block-heading\">Fransa&#8217;dan B2 vizesine nas\u0131l ba\u015fvurabilirim?<\/h2>\n\n<h3 class=\"wp-block-heading\">1. DS-160 formunu \u00e7evrimi\u00e7i olarak doldurun<\/h3>\n\n<p><a href=\"https:\/\/usa-b2.com\/tr\/ds-160\/\">DS-160 Formu<\/a> t\u00fcm turist vizesi ba\u015fvurular\u0131 i\u00e7in zorunludur.<\/p>\n\n<h3 class=\"wp-block-heading\">2. Ba\u015fvuru \u00fccretini \u00f6deyin<\/h3>\n\n<p><a href=\"https:\/\/usa-b2.com\/fr\/frais-visa-b2-usa\/\">B2 vizesinin<\/a> \u00fccreti <strong>185 ABD Dolar\u0131d\u0131r<\/strong> ve online olarak \u00f6denebilir.<\/p>\n\n<h3 class=\"wp-block-heading\">3. Paris&#8217;teki ABD B\u00fcy\u00fckel\u00e7ili\u011fi&#8217;nden randevu al\u0131n<\/h3>\n\n<p>T\u00fcm ba\u015fvuru sahiplerinin <a href=\"https:\/\/usa-b2.com\/tr\/abd-vize-buyukelciligi-icin-randevulasin\/\">ABD B\u00fcy\u00fckel\u00e7ili\u011fi&#8217;nde m\u00fclakata<\/a> girmesi gerekmektedir.<\/p>\n\n<h3 class=\"wp-block-heading\">4. Gerekli belgeleri haz\u0131rlay\u0131n<\/h3>\n\n<ul class=\"wp-block-list\">\n<li><a href=\"https:\/\/usa-b2.com\/tr\/pasaport-seyahati-abd\/\">ABD&#8217;ye seyahat i\u00e7in ge\u00e7erli pasaport<\/a><\/li>\n\n\n\n<li>Pasaport foto\u011fraf\u0131<\/li>\n\n\n\n<li>Finansal tablolar<\/li>\n\n\n\n<li>Fransa&#8217;ya ba\u011fl\u0131l\u0131\u011f\u0131n\u0131z\u0131n kan\u0131t\u0131 (i\u015f, aile, konaklama, vb.)<\/li>\n<\/ul>\n\n<h3 class=\"wp-block-heading\">5. G\u00f6r\u00fc\u015fmeye gidin ve karar\u0131 bekleyin<\/h3>\n\n<p>M\u00fclakat\u0131n ard\u0131ndan vize genellikle <strong>7 ila 15 i\u015f g\u00fcn\u00fc<\/strong> i\u00e7erisinde verilmektedir.<\/p>\n\n<h2 class=\"wp-block-heading\">Fransa&#8217;da m\u00fclakata nerede girebilirim?<\/h2>\n\n<p><strong>Amerika Birle\u015fik Devletleri Paris B\u00fcy\u00fckel\u00e7ili\u011fi<\/strong><br\/>2, avenue Gabriel, 75008 Paris<br\/>Resmi web sitesi: <a>fr.usembassy.gov<\/a><\/p>\n\n<h2 class=\"wp-block-heading\">SSS &#8211; Frans\u0131z vatanda\u015flar\u0131 i\u00e7in B2 vizesi<\/h2>\n\n<div class=\"schema-faq wp-block-yoast-faq-block\"><div class=\"schema-faq-section\" id=\"faq-question-1747226397065\"><strong class=\"schema-faq-question\">B2 vizesi ne kadar s\u00fcreyle ge\u00e7erlidir?<\/strong> <p class=\"schema-faq-answer\">Vize <strong>10 y\u0131la kadar<\/strong> ge\u00e7erlidir, ancak her kal\u0131\u015f en <strong>fazla 6 ay ile s\u0131n\u0131rl\u0131d\u0131r<\/strong>.<\/p> <\/div> <div class=\"schema-faq-section\" id=\"faq-question-1747226417090\"><strong class=\"schema-faq-question\">ABD&#8217;de B2 vizemi uzatabilir miyim?<\/strong> <p class=\"schema-faq-answer\">Evet, Amerika Birle\u015fik Devletleri&#8217;nden bir <strong>uzatma talebi<\/strong> m\u00fcmk\u00fcnd\u00fcr, ancak gerek\u00e7elendirilmelidir.<\/p> <\/div> <div class=\"schema-faq-section\" id=\"faq-question-1747226429344\"><strong class=\"schema-faq-question\">ESTA yerine B2 vizesine ba\u015fvurmak daha m\u0131 g\u00fcvenli?<\/strong> <p class=\"schema-faq-answer\">Evet, \u00f6zellikle de reddedildiyseniz veya <strong>reddedilme riskinden ka\u00e7\u0131nmak<\/strong> istiyorsan\u0131z.<\/p> <\/div> <\/div>\n\n<p><\/p>\n","protected":false},"excerpt":{"rendered":"<p>Amerika Birle\u015fik Devletleri&#8217;ne seyahat etmek isteyen Frans\u0131z vatanda\u015flar\u0131 i\u00e7in B2 vizesi Frans\u0131z vatanda\u015f\u0131ysan\u0131z ve Amerika Birle\u015fik Devletleri&#8217;ne turizm, akraba ziyareti veya doktor ziyareti amac\u0131yla seyahat etmek istiyorsan\u0131z, ihtiyac\u0131n\u0131z olan Amerikan ziyaret\u00e7i vizesi B2 vizesidir. Bu kapsaml\u0131 rehber , Frans\u0131z vatanda\u015flar\u0131 i\u00e7in B2 ABD vizesi almakla ilgili ad\u0131mlar\u0131 , ko\u015fullar\u0131, son ba\u015fvuru tarihlerini ve gerekli belgeleri [&hellip;]<\/p>\n","protected":false},"author":1,"featured_media":0,"parent":0,"menu_order":0,"comment_status":"closed","ping_status":"closed","template":"","meta":{"footnotes":""},"class_list":["post-9077","page","type-page","status-publish","hentry"],"yoast_head":"<!-- This site is optimized with the Yoast SEO plugin v27.0 - https:\/\/yoast.com\/product\/yoast-seo-wordpress\/ -->\n<title>ABD&#039;ye seyahat edecek Frans\u0131z vatanda\u015flar\u0131 i\u00e7in B2 vizesi - USA B2<\/title>\n<meta name=\"description\" content=\"Frans\u0131z vatanda\u015f\u0131ysan\u0131z, Amerika Birle\u015fik Devletleri&#039;nde planl\u0131 bir konaklama i\u00e7in B2 vizesi alabilirsiniz\" \/>\n<meta name=\"robots\" content=\"index, follow, max-snippet:-1, max-image-preview:large, max-video-preview:-1\" \/>\n<link rel=\"canonical\" href=\"https:\/\/usa-b2.com\/tr\/vizesi-b2-fransiz\/\" \/>\n<meta property=\"og:locale\" content=\"tr_TR\" \/>\n<meta property=\"og:type\" content=\"article\" \/>\n<meta property=\"og:title\" content=\"ABD&#039;ye seyahat edecek Frans\u0131z vatanda\u015flar\u0131 i\u00e7in B2 vizesi - USA B2\" \/>\n<meta property=\"og:description\" content=\"Frans\u0131z vatanda\u015f\u0131ysan\u0131z, Amerika Birle\u015fik Devletleri&#039;nde planl\u0131 bir konaklama i\u00e7in B2 vizesi alabilirsiniz\" \/>\n<meta property=\"og:url\" content=\"https:\/\/usa-b2.com\/tr\/vizesi-b2-fransiz\/\" \/>\n<meta property=\"og:site_name\" content=\"USA B2\" \/>\n<meta property=\"article:modified_time\" content=\"2025-11-04T20:20:49+00:00\" \/>\n<meta name=\"twitter:card\" content=\"summary_large_image\" \/>\n<meta name=\"twitter:label1\" content=\"Tahmini okuma s\u00fcresi\" \/>\n\t<meta name=\"twitter:data1\" content=\"2 dakika\" \/>\n<script type=\"application\/ld+json\" class=\"yoast-schema-graph\">{\"@context\":\"https:\/\/schema.org\",\"@graph\":[{\"@type\":[\"WebPage\",\"FAQPage\"],\"@id\":\"https:\/\/usa-b2.com\/tr\/vizesi-b2-fransiz\/\",\"url\":\"https:\/\/usa-b2.com\/tr\/vizesi-b2-fransiz\/\",\"name\":\"ABD'ye seyahat edecek Frans\u0131z vatanda\u015flar\u0131 i\u00e7in B2 vizesi - USA B2\",\"isPartOf\":{\"@id\":\"https:\/\/usa-b2.com\/tr\/#website\"},\"datePublished\":\"2025-05-14T12:29:33+00:00\",\"dateModified\":\"2025-11-04T20:20:49+00:00\",\"description\":\"Frans\u0131z vatanda\u015f\u0131ysan\u0131z, Amerika Birle\u015fik Devletleri'nde planl\u0131 bir konaklama i\u00e7in B2 vizesi alabilirsiniz\",\"breadcrumb\":{\"@id\":\"https:\/\/usa-b2.com\/tr\/vizesi-b2-fransiz\/#breadcrumb\"},\"mainEntity\":[{\"@id\":\"https:\/\/usa-b2.com\/tr\/vizesi-b2-fransiz\/#faq-question-1747226397065\"},{\"@id\":\"https:\/\/usa-b2.com\/tr\/vizesi-b2-fransiz\/#faq-question-1747226417090\"},{\"@id\":\"https:\/\/usa-b2.com\/tr\/vizesi-b2-fransiz\/#faq-question-1747226429344\"}],\"inLanguage\":\"tr\",\"potentialAction\":[{\"@type\":\"ReadAction\",\"target\":[\"https:\/\/usa-b2.com\/tr\/vizesi-b2-fransiz\/\"]}]},{\"@type\":\"BreadcrumbList\",\"@id\":\"https:\/\/usa-b2.com\/tr\/vizesi-b2-fransiz\/#breadcrumb\",\"itemListElement\":[{\"@type\":\"ListItem\",\"position\":1,\"name\":\"Accueil\",\"item\":\"https:\/\/usa-b2.com\/tr\/yol-gezileri-rehberi\/\"},{\"@type\":\"ListItem\",\"position\":2,\"name\":\"ABD&#8217;ye seyahat edecek Frans\u0131z vatanda\u015flar\u0131 i\u00e7in B2 vizesi\"}]},{\"@type\":\"WebSite\",\"@id\":\"https:\/\/usa-b2.com\/tr\/#website\",\"url\":\"https:\/\/usa-b2.com\/tr\/\",\"name\":\"USA B2 VISA\",\"description\":\"\",\"potentialAction\":[{\"@type\":\"SearchAction\",\"target\":{\"@type\":\"EntryPoint\",\"urlTemplate\":\"https:\/\/usa-b2.com\/tr\/?s={search_term_string}\"},\"query-input\":{\"@type\":\"PropertyValueSpecification\",\"valueRequired\":true,\"valueName\":\"search_term_string\"}}],\"inLanguage\":\"tr\"},{\"@type\":\"Question\",\"@id\":\"https:\/\/usa-b2.com\/tr\/vizesi-b2-fransiz\/#faq-question-1747226397065\",\"position\":1,\"url\":\"https:\/\/usa-b2.com\/tr\/vizesi-b2-fransiz\/#faq-question-1747226397065\",\"name\":\"B2 vizesi ne kadar s\u00fcreyle ge\u00e7erlidir?\",\"answerCount\":1,\"acceptedAnswer\":{\"@type\":\"Answer\",\"text\":\"Vize <strong>10 y\u0131la kadar<\/strong> ge\u00e7erlidir, ancak her kal\u0131\u015f en <strong>fazla 6 ay ile s\u0131n\u0131rl\u0131d\u0131r<\/strong>.\",\"inLanguage\":\"tr\"},\"inLanguage\":\"tr\"},{\"@type\":\"Question\",\"@id\":\"https:\/\/usa-b2.com\/tr\/vizesi-b2-fransiz\/#faq-question-1747226417090\",\"position\":2,\"url\":\"https:\/\/usa-b2.com\/tr\/vizesi-b2-fransiz\/#faq-question-1747226417090\",\"name\":\"ABD'de B2 vizemi uzatabilir miyim?\",\"answerCount\":1,\"acceptedAnswer\":{\"@type\":\"Answer\",\"text\":\"Evet, Amerika Birle\u015fik Devletleri'nden bir <strong>uzatma talebi<\/strong> m\u00fcmk\u00fcnd\u00fcr, ancak gerek\u00e7elendirilmelidir.\",\"inLanguage\":\"tr\"},\"inLanguage\":\"tr\"},{\"@type\":\"Question\",\"@id\":\"https:\/\/usa-b2.com\/tr\/vizesi-b2-fransiz\/#faq-question-1747226429344\",\"position\":3,\"url\":\"https:\/\/usa-b2.com\/tr\/vizesi-b2-fransiz\/#faq-question-1747226429344\",\"name\":\"ESTA yerine B2 vizesine ba\u015fvurmak daha m\u0131 g\u00fcvenli?\",\"answerCount\":1,\"acceptedAnswer\":{\"@type\":\"Answer\",\"text\":\"Evet, \u00f6zellikle de reddedildiyseniz veya <strong>reddedilme riskinden ka\u00e7\u0131nmak<\/strong> istiyorsan\u0131z.\",\"inLanguage\":\"tr\"},\"inLanguage\":\"tr\"}]}<\/script>\n<!-- \/ Yoast SEO plugin. -->","yoast_head_json":{"title":"ABD'ye seyahat edecek Frans\u0131z vatanda\u015flar\u0131 i\u00e7in B2 vizesi - USA B2","description":"Frans\u0131z vatanda\u015f\u0131ysan\u0131z, Amerika Birle\u015fik Devletleri'nde planl\u0131 bir konaklama i\u00e7in B2 vizesi alabilirsiniz","robots":{"index":"index","follow":"follow","max-snippet":"max-snippet:-1","max-image-preview":"max-image-preview:large","max-video-preview":"max-video-preview:-1"},"canonical":"https:\/\/usa-b2.com\/tr\/vizesi-b2-fransiz\/","og_locale":"tr_TR","og_type":"article","og_title":"ABD'ye seyahat edecek Frans\u0131z vatanda\u015flar\u0131 i\u00e7in B2 vizesi - USA B2","og_description":"Frans\u0131z vatanda\u015f\u0131ysan\u0131z, Amerika Birle\u015fik Devletleri'nde planl\u0131 bir konaklama i\u00e7in B2 vizesi alabilirsiniz","og_url":"https:\/\/usa-b2.com\/tr\/vizesi-b2-fransiz\/","og_site_name":"USA B2","article_modified_time":"2025-11-04T20:20:49+00:00","twitter_card":"summary_large_image","twitter_misc":{"Tahmini okuma s\u00fcresi":"2 dakika"},"schema":{"@context":"https:\/\/schema.org","@graph":[{"@type":["WebPage","FAQPage"],"@id":"https:\/\/usa-b2.com\/tr\/vizesi-b2-fransiz\/","url":"https:\/\/usa-b2.com\/tr\/vizesi-b2-fransiz\/","name":"ABD'ye seyahat edecek Frans\u0131z vatanda\u015flar\u0131 i\u00e7in B2 vizesi - USA B2","isPartOf":{"@id":"https:\/\/usa-b2.com\/tr\/#website"},"datePublished":"2025-05-14T12:29:33+00:00","dateModified":"2025-11-04T20:20:49+00:00","description":"Frans\u0131z vatanda\u015f\u0131ysan\u0131z, Amerika Birle\u015fik Devletleri'nde planl\u0131 bir konaklama i\u00e7in B2 vizesi alabilirsiniz","breadcrumb":{"@id":"https:\/\/usa-b2.com\/tr\/vizesi-b2-fransiz\/#breadcrumb"},"mainEntity":[{"@id":"https:\/\/usa-b2.com\/tr\/vizesi-b2-fransiz\/#faq-question-1747226397065"},{"@id":"https:\/\/usa-b2.com\/tr\/vizesi-b2-fransiz\/#faq-question-1747226417090"},{"@id":"https:\/\/usa-b2.com\/tr\/vizesi-b2-fransiz\/#faq-question-1747226429344"}],"inLanguage":"tr","potentialAction":[{"@type":"ReadAction","target":["https:\/\/usa-b2.com\/tr\/vizesi-b2-fransiz\/"]}]},{"@type":"BreadcrumbList","@id":"https:\/\/usa-b2.com\/tr\/vizesi-b2-fransiz\/#breadcrumb","itemListElement":[{"@type":"ListItem","position":1,"name":"Accueil","item":"https:\/\/usa-b2.com\/tr\/yol-gezileri-rehberi\/"},{"@type":"ListItem","position":2,"name":"ABD&#8217;ye seyahat edecek Frans\u0131z vatanda\u015flar\u0131 i\u00e7in B2 vizesi"}]},{"@type":"WebSite","@id":"https:\/\/usa-b2.com\/tr\/#website","url":"https:\/\/usa-b2.com\/tr\/","name":"USA B2 VISA","description":"","potentialAction":[{"@type":"SearchAction","target":{"@type":"EntryPoint","urlTemplate":"https:\/\/usa-b2.com\/tr\/?s={search_term_string}"},"query-input":{"@type":"PropertyValueSpecification","valueRequired":true,"valueName":"search_term_string"}}],"inLanguage":"tr"},{"@type":"Question","@id":"https:\/\/usa-b2.com\/tr\/vizesi-b2-fransiz\/#faq-question-1747226397065","position":1,"url":"https:\/\/usa-b2.com\/tr\/vizesi-b2-fransiz\/#faq-question-1747226397065","name":"B2 vizesi ne kadar s\u00fcreyle ge\u00e7erlidir?","answerCount":1,"acceptedAnswer":{"@type":"Answer","text":"Vize <strong>10 y\u0131la kadar<\/strong> ge\u00e7erlidir, ancak her kal\u0131\u015f en <strong>fazla 6 ay ile s\u0131n\u0131rl\u0131d\u0131r<\/strong>.","inLanguage":"tr"},"inLanguage":"tr"},{"@type":"Question","@id":"https:\/\/usa-b2.com\/tr\/vizesi-b2-fransiz\/#faq-question-1747226417090","position":2,"url":"https:\/\/usa-b2.com\/tr\/vizesi-b2-fransiz\/#faq-question-1747226417090","name":"ABD'de B2 vizemi uzatabilir miyim?","answerCount":1,"acceptedAnswer":{"@type":"Answer","text":"Evet, Amerika Birle\u015fik Devletleri'nden bir <strong>uzatma talebi<\/strong> m\u00fcmk\u00fcnd\u00fcr, ancak gerek\u00e7elendirilmelidir.","inLanguage":"tr"},"inLanguage":"tr"},{"@type":"Question","@id":"https:\/\/usa-b2.com\/tr\/vizesi-b2-fransiz\/#faq-question-1747226429344","position":3,"url":"https:\/\/usa-b2.com\/tr\/vizesi-b2-fransiz\/#faq-question-1747226429344","name":"ESTA yerine B2 vizesine ba\u015fvurmak daha m\u0131 g\u00fcvenli?","answerCount":1,"acceptedAnswer":{"@type":"Answer","text":"Evet, \u00f6zellikle de reddedildiyseniz veya <strong>reddedilme riskinden ka\u00e7\u0131nmak<\/strong> istiyorsan\u0131z.","inLanguage":"tr"},"inLanguage":"tr"}]}},"_links":{"self":[{"href":"https:\/\/usa-b2.com\/tr\/wp-json\/wp\/v2\/pages\/9077","targetHints":{"allow":["GET"]}}],"collection":[{"href":"https:\/\/usa-b2.com\/tr\/wp-json\/wp\/v2\/pages"}],"about":[{"href":"https:\/\/usa-b2.com\/tr\/wp-json\/wp\/v2\/types\/page"}],"author":[{"embeddable":true,"href":"https:\/\/usa-b2.com\/tr\/wp-json\/wp\/v2\/users\/1"}],"replies":[{"embeddable":true,"href":"https:\/\/usa-b2.com\/tr\/wp-json\/wp\/v2\/comments?post=9077"}],"version-history":[{"count":2,"href":"https:\/\/usa-b2.com\/tr\/wp-json\/wp\/v2\/pages\/9077\/revisions"}],"predecessor-version":[{"id":10887,"href":"https:\/\/usa-b2.com\/tr\/wp-json\/wp\/v2\/pages\/9077\/revisions\/10887"}],"wp:attachment":[{"href":"https:\/\/usa-b2.com\/tr\/wp-json\/wp\/v2\/media?parent=9077"}],"curies":[{"name":"wp","href":"https:\/\/api.w.org\/{rel}","templated":true}]}}