{"id":8604,"date":"2025-03-18T12:32:41","date_gmt":"2025-03-18T12:32:41","guid":{"rendered":"https:\/\/usa-b2.com\/great-lakes-circle-tour\/"},"modified":"2025-04-10T18:32:30","modified_gmt":"2025-04-10T18:32:30","slug":"great-lakes-circle-tour","status":"publish","type":"page","link":"https:\/\/usa-b2.com\/tr\/great-lakes-circle-tour\/","title":{"rendered":"B\u00fcy\u00fck G\u00f6ller \u00c7emberi Turu : B\u00fcy\u00fck G\u00f6ller \u00e7evresinde nihai yol gezisi"},"content":{"rendered":"\n<h1 class=\"wp-block-heading\">Great Lakes Circle Tour yol gezisi: etaplar, oteller ve foto\u011fraf yerleri<\/h1>\n\n<p><a href=\"http:\/\/www.greatlakescircletour.org\/\">B\u00fcy\u00fck G\u00f6ller \u00c7emberi Turu<\/a>, <a href=\"https:\/\/www.usa.gov\/\">Amerika Birle\u015fik Devletleri<\/a> ve <a href=\"https:\/\/www.canada.ca\/en.html\">Kanada&#8217;<\/a> n\u0131n B\u00fcy\u00fck G\u00f6llerini araba ile ke\u015ffetmenizi sa\u011flayan efsanevi bir g\u00fczergaht\u0131r. Bu muhte\u015fem yol gezisi sizi g\u00f6rkemli manzaralar\u0131n, etkileyici milli parklar\u0131n, canl\u0131 \u015fehirlerin ve unutulmaz foto\u011fraf noktalar\u0131n\u0131n kalbine g\u00f6t\u00fcr\u00fcr. \u0130ster romantik bir ka\u00e7amak arayan bir \u00e7ift, ister s\u00fcr\u00fckleyici bir macera arayan bir aile olun, Kuzey Amerika&#8217;n\u0131n en b\u00fcy\u00fck be\u015f g\u00f6l\u00fcn\u00fcn etraf\u0131ndaki bu d\u00f6ng\u00fc e\u015fsiz bir deneyim vaat ediyor.  <\/p>\n\n<figure class=\"wp-block-image size-large\"><img fetchpriority=\"high\" decoding=\"async\" width=\"1024\" height=\"576\" src=\"https:\/\/usa-b2.com\/wp-content\/uploads\/2025\/03\/Great-Lakes-Circle-Tour-USA-1-1024x576.jpg\" alt=\"\" class=\"wp-image-8374\" srcset=\"https:\/\/usa-b2.com\/wp-content\/uploads\/2025\/03\/Great-Lakes-Circle-Tour-USA-1-1024x576.jpg 1024w, https:\/\/usa-b2.com\/wp-content\/uploads\/2025\/03\/Great-Lakes-Circle-Tour-USA-1-300x169.jpg 300w, https:\/\/usa-b2.com\/wp-content\/uploads\/2025\/03\/Great-Lakes-Circle-Tour-USA-1-768x432.jpg 768w, https:\/\/usa-b2.com\/wp-content\/uploads\/2025\/03\/Great-Lakes-Circle-Tour-USA-1-1536x864.jpg 1536w, https:\/\/usa-b2.com\/wp-content\/uploads\/2025\/03\/Great-Lakes-Circle-Tour-USA-1-2048x1152.jpg 2048w\" sizes=\"(max-width: 1024px) 100vw, 1024px\" \/><\/figure>\n\n<h2 class=\"wp-block-heading\">B\u00fcy\u00fck G\u00f6ller \u00c7emberi Turu i\u00e7in ayr\u0131nt\u0131l\u0131 g\u00fczergah<\/h2>\n\n<p>B\u00fcy\u00fck G\u00f6ller \u00c7emberi Turunu takip etmek dikkatli bir planlama gerektirir. \u0130\u015fte mutlaka g\u00f6r\u00fclmesi gereken yerler i\u00e7in optimize edilmi\u015f bir g\u00fczergah \u00f6nerisi. <\/p>\n\n<h3 class=\"wp-block-heading\">Chicago&#8217;dan (Michigan G\u00f6l\u00fc) kalk\u0131\u015f<\/h3>\n\n<p>Yolculu\u011funuza etkileyici g\u00f6kdelenleriyle ikonik bir \u015fehir olan <a href=\"https:\/\/www.chicago.gov\/city\/en.html\">Chicago&#8217;<\/a>da ba\u015flay\u0131n. <a href=\"https:\/\/www.chicago.gov\/city\/en\/depts\/dca\/supp_info\/millennium_park.html\">Millennium Park<\/a>, <a href=\"https:\/\/navypier.org\/\">Navy Pier<\/a> ve Chicago Nehri \u00fczerinde bir gezintinin tad\u0131n\u0131 \u00e7\u0131kar\u0131n. Bu canl\u0131 \u015fehir, modern mimari ve sakin g\u00f6l kenar\u0131 ortam\u0131n\u0131n e\u015fsiz kar\u0131\u015f\u0131m\u0131yla yolculu\u011funuza m\u00fckemmel bir giri\u015f sunuyor.  <\/p>\n\n<h3 class=\"wp-block-heading\">Michigan ve Ontario&#8217;yu (Huron G\u00f6l\u00fc ve Erie G\u00f6l\u00fc) ge\u00e7in<\/h3>\n\n<p>Sanayi tarihinin k\u00fclt\u00fcrle bulu\u015ftu\u011fu, yenilenme s\u00fcrecindeki <a href=\"https:\/\/detroitmi.gov\/\">Detroit<\/a>&#8216;e do\u011fru yolculu\u011funuza devam edin. Kanada s\u0131n\u0131r\u0131n\u0131 ge\u00e7erek<a href=\"https:\/\/www.ontario.ca\/page\/government-ontario\">Ontario<\/a>&#8216;nun dinamik ba\u015fkenti <a href=\"https:\/\/www.toronto.ca\/\">Toronto<\/a>&#8216;ya gidin. \u015eehrin ve g\u00f6l\u00fcn nefes kesici manzaras\u0131n\u0131 g\u00f6rece\u011finiz <a href=\"https:\/\/www.cntower.ca\/\">CN Kulesi<\/a>&#8216;ni ka\u00e7\u0131rmay\u0131n. Ard\u0131ndan ziyaret\u00e7ileri \u015fa\u015f\u0131rtmaktan asla vazge\u00e7meyen bir do\u011fa harikas\u0131 olan <a href=\"https:\/\/niagarafalls.ca\/\">Niagara<\/a> \u015eelaleleri&#8217;nde mola verin.   <\/p>\n\n<h3 class=\"wp-block-heading\">Wisconsin ve Minnesota&#8217;ya (Superior G\u00f6l\u00fc) do\u011fru ilerleyin<\/h3>\n\n<p>ABD&#8217;ye d\u00f6nd\u00fc\u011f\u00fcn\u00fczde, Superior G\u00f6l\u00fc&#8217;nde nefes kesici manzaralara sahip bir k\u0131y\u0131 \u015fehri olan <a href=\"https:\/\/duluthmn.gov\/\">Duluth<\/a>&#8216;u ke\u015ffedin. Erozyonun \u015fekillendirdi\u011fi renkli kayal\u0131klar\u0131 ve kaya olu\u015fumlar\u0131yla bilinen <a href=\"https:\/\/www.nps.gov\/piro\/index.htm\">Pictured Rocks National Lakeshore<\/a>&#8216;a gidin. Gezinin bu b\u00f6l\u00fcm\u00fcn\u00fc, arabalara izin verilmeyen <a href=\"https:\/\/www.mackinacisland.org\/\">Mackinac Adas\u0131<\/a>&#8216;n\u0131 ziyaret ederek bitirin, buray\u0131 bisiklet s\u00fcrmek veya at arabas\u0131yla gezmek i\u00e7in m\u00fckemmel bir yer haline getirin.  <\/p>\n\n<h2 class=\"wp-block-heading\">En g\u00fczel manzaralar ve milli parklar<\/h2>\n\n<p>B\u00fcy\u00fck G\u00f6ller \u00c7emberi Turu, g\u00f6r\u00fclmeye de\u011fer muhte\u015fem manzaralar ve bozulmam\u0131\u015f do\u011fa rezervleri ile doludur.<\/p>\n\n<h3 class=\"wp-block-heading\">G\u00f6r\u00fclmesi gereken ulusal parklar<\/h3>\n\n<p>Do\u011fa severler, sadece tekne veya y\u00fczer u\u00e7akla ula\u015f\u0131labilen, y\u00fcr\u00fcy\u00fc\u015f ve vah\u015fi ya\u015fam\u0131 izlemek i\u00e7in m\u00fckemmel bir yer olan <a href=\"http:\/\/www.isleroyale.info\/\">Isle Royale Ulusal Park\u0131&#8217;n\u0131<\/a> ka\u00e7\u0131rmak istemeyeceklerdir. G\u00f6r\u00fclmesi gereken bir di\u011fer yer ise, muazzam kum tepelerinin Michigan G\u00f6l\u00fc&#8217;n\u00fcn nefes kesici manzaralar\u0131n\u0131 sundu\u011fu <a href=\"https:\/\/www.sleepingbeardunes.com\/\">Sleeping Bear Dunes National Lakeshore<\/a>&#8216;dur. <\/p>\n\n<h3 class=\"wp-block-heading\">Nefes kesen manzaralar<\/h3>\n\n<p>B\u00fcy\u00fck G\u00f6ller \u00e7evresinde yap\u0131lacak bir yolculuk, u\u00e7suz bucaks\u0131z sahillerden s\u0131k ormanlara ve etkileyici kaya olu\u015fumlar\u0131na kadar \u00e7e\u015fitli manzaralar\u0131 g\u00f6zler \u00f6n\u00fcne serecektir. <a href=\"https:\/\/wisconsindot.gov\/Pages\/online-srvcs\/external\/dmv.aspx\">Wisconsin&#8217;<\/a>deki <a href=\"https:\/\/www.apostleisland.com\/\">Apostle Adalar\u0131<\/a> k\u0131\u015f\u0131n muhte\u015fem buz ma\u011faralar\u0131, yaz\u0131n ise unutulmaz kano gezileri sunar. <a href=\"https:\/\/www.michigan.gov\/som\">Michigan&#8217;<\/a> daki <a href=\"https:\/\/picturedrocks.com\/fares-schedule\/\">Pictured Rocks<\/a> kayal\u0131klar\u0131 ise mevsimler de\u011fi\u015ftik\u00e7e muhte\u015fem renk tonlar\u0131 ortaya \u00e7\u0131kar\u0131r. <\/p>\n\n<h3 class=\"wp-block-heading\">\u00d6nerilen durak yerleri<\/h3>\n\n<p>Yolculuktan en iyi \u015fekilde yararlanmak i\u00e7in, ikonik<a href=\"https:\/\/bigredlighthouse.com\/\">&#8220;B\u00fcy\u00fck K\u0131rm\u0131z\u0131&#8221;<\/a> deniz fenerinin \u00fczerinde g\u00fcn bat\u0131m\u0131n\u0131 izlemek i\u00e7in ideal bir yer olan <a href=\"https:\/\/www.holland.org\/holland-state-park\/\">Holland State Park&#8217;<\/a>ta mola verin. G\u00f6r\u00fclmesi gereken bir di\u011fer durak da elbette nefes kesici manzaralar ve \u015felalelerin alt\u0131nda gezinmek veya suyun arkas\u0131ndaki t\u00fcnelleri ke\u015ffetmek gibi aktiviteler sunan <a href=\"https:\/\/www.niagarafallsusa.com\/\">Niagara \u015e<\/a>elaleleri&#8217;dir. <\/p>\n\n<h2 class=\"wp-block-heading\">Nerede kal\u0131n\u0131r: \u00f6nerilen kasabalar ve konaklama yerleri<\/h2>\n\n<p>Duraklar\u0131n\u0131z\u0131 iyi dinlenebilece\u011finiz ve yolculu\u011fun her a\u015famas\u0131n\u0131n tad\u0131n\u0131 \u00e7\u0131karabilece\u011finiz \u015fekilde planlay\u0131n.<\/p>\n\n<h3 class=\"wp-block-heading\">Tercih edilen \u015fehirler<\/h3>\n\n<p>Baz\u0131 duraklar geceyi ge\u00e7irmek ve \u00e7evreyi ke\u015ffetmek i\u00e7in m\u00fckemmeldir. Chicago, \u00e7e\u015fitli otel se\u00e7enekleriyle yolculu\u011funuza ba\u015flamak veya sonland\u0131rmak i\u00e7in ideal bir yerdir. Toronto, \u015fehir konforunu do\u011fa harikalar\u0131na yak\u0131nl\u0131kla birle\u015ftirmek i\u00e7in bir zorunluluktur. Daha kuzeyde yer alan Duluth, Superior G\u00f6l\u00fc&#8217;n\u00fc ke\u015ffetmeden \u00f6nce dinlendirici bir mola vermek i\u00e7in ho\u015f bir yerdir.   <\/p>\n\n<h3 class=\"wp-block-heading\">\u00d6nerilen oteller ve pansiyonlar<\/h3>\n\n<figure class=\"wp-block-table\"><table class=\"has-fixed-layout\"><tbody><tr><td><strong>\u015eehir<\/strong><\/td><td><strong>Tavsiye edilen otel<\/strong><\/td><td><strong>Konaklama t\u00fcr\u00fc<\/strong><\/td><\/tr><tr><td>\u015eikago<\/td><td><a href=\"https:\/\/www.langhamhospitalitygroup.com\/en\/\">The Langham<\/a><\/td><td>L\u00fcks<\/td><\/tr><tr><td>Toronto<\/td><td><a href=\"https:\/\/www.fairmont.com\/royal-york-toronto\/?goto=fiche_hotel&amp;code_hotel=A551&amp;merchantid=seo-maps-CA-A551&amp;sourceid=aw-cen&amp;utm_medium=seo%20maps&amp;utm_source=google%20Maps&amp;utm_campaign=seo%20maps\">Fairmont Royal York<\/a><\/td><td>Tarih<\/td><\/tr><tr><td>Duluth<\/td><td><a href=\"https:\/\/inn.fitgers.com\/\">Fitger&#8217;s Inn<\/a><\/td><td>Su K\u0131y\u0131s\u0131<\/td><\/tr><\/tbody><\/table><\/figure>\n\n<h2 class=\"wp-block-heading\">Instagramlanabilir foto\u011fraf noktalar\u0131<\/h2>\n\n<p>Seyahatinizi muhte\u015fem karelerle \u00f6l\u00fcms\u00fczle\u015ftirin.<\/p>\n\n<h3 class=\"wp-block-heading\">Panoramik manzaralar<\/h3>\n\n<p>Unutulmaz bir foto\u011fraf i\u00e7in<a href=\"https:\/\/www.willistower.com\/\"> Willis<\/a> Kulesi&#8217;nin \u015fehrin ku\u015fbak\u0131\u015f\u0131 manzaras\u0131n\u0131 sundu\u011fu <a href=\"https:\/\/theskydeck.com\/\">Skydeck Chicago&#8217;<\/a>ya \u00e7\u0131k\u0131n. Niagara \u015eelaleleri, do\u011fan\u0131n g\u00fcc\u00fcn\u00fc yakalamak i\u00e7in m\u00fckemmel olan bir ba\u015fka ikonik noktad\u0131r. <\/p>\n\n<h3 class=\"wp-block-heading\">Benzersiz foto\u011fraflar i\u00e7in al\u0131\u015f\u0131lmad\u0131k yerler<\/h3>\n\n<p>Mackinac Adas\u0131 gibi baz\u0131 yerler atl\u0131 arabalar\u0131 ve pitoresk mimarisiyle e\u015fsiz bir atmosfer ve ortam sunmaktad\u0131r. Bir ba\u015fka se\u00e7enek de Michigan G\u00f6l\u00fc&#8217;n\u00fcn ola\u011fan\u00fcst\u00fc bir panoramas\u0131n\u0131 yakalayabilece\u011finiz <a href=\"https:\/\/duneclimbinn.com\/\">Dune Climb<\/a>, Sleeping Bear Dunes&#8217;tur. <\/p>\n\n<h2 class=\"wp-block-heading\">\u00c7iftler i\u00e7in aktiviteler<\/h2>\n\n<p>B\u00fcy\u00fck G\u00f6ller \u00e7evresinde yap\u0131lacak bir yolculuk, macera ve romantizm arayan \u00e7iftler i\u00e7in ideal bir ka\u00e7amakt\u0131r.<\/p>\n\n<h3 class=\"wp-block-heading\">Romantik deneyimler<\/h3>\n\n<p>I\u015f\u0131klar\u0131n i\u00e7indeki Chicago&#8217;nun nefes kesen manzaras\u0131 e\u015fli\u011finde Michigan G\u00f6l\u00fc&#8217;nde bir ak\u015fam yeme\u011fi gezisinde e\u015fsiz bir an ya\u015fay\u0131n. Sa\u011fl\u0131kl\u0131 ya\u015fam molas\u0131 i\u00e7in Toronto&#8217;da nefes kesen g\u00f6l manzaras\u0131 e\u015fli\u011finde rahatlaman\u0131n garanti oldu\u011fu bir termal spa&#8217;y\u0131 tercih edin. <\/p>\n\n<h3 class=\"wp-block-heading\">A\u00e7\u0131k havada iki ki\u015filik aktiviteler<\/h3>\n\n<p>A\u00e7\u0131k havay\u0131 seven \u00e7iftler, vah\u015fi ve bozulmam\u0131\u015f bir yer olan Isle Royale&#8217;de bir y\u00fcr\u00fcy\u00fc\u015fe bay\u0131lacaklard\u0131r. Ka\u00e7\u0131r\u0131lmamas\u0131 gereken bir di\u011fer se\u00e7enek de romantik bir ka\u00e7amak i\u00e7in cennet gibi bir ortam olan Holland State Park&#8217;ta g\u00fcn bat\u0131m\u0131d\u0131r. <\/p>\n\n<h2 class=\"wp-block-heading\">Aile etkinlikleri<\/h2>\n\n<p>Great Lakes Circle Turu&#8217;nda \u00e7ocuklarla seyahat etmek, do\u011fru aktivitelerle unutulmaz bir deneyim olabilir.<\/p>\n\n<h3 class=\"wp-block-heading\">\u00c7ocuklar i\u00e7in parklar ve turistik yerler<\/h3>\n\n<p>Aileler, deniz d\u00fcnyas\u0131na b\u00fcy\u00fcleyici bir dal\u0131\u015f sunan Chicago&#8217;daki <a href=\"https:\/\/www.sheddaquarium.org\/\">Shedd Akvaryumu<\/a> &#8216;nu ziyaret etmeyi \u00e7ok seveceklerdir. Heyecan arayanlar i\u00e7in Toronto&#8217;daki <a href=\"https:\/\/www.canadaswonderland.com\/\">Canada&#8217;s Wonderland<\/a>, gen\u00e7 ziyaret\u00e7ilere uygun bir\u00e7ok atraksiyonuyla m\u00fckemmel bir se\u00e7enektir. <\/p>\n\n<h3 class=\"wp-block-heading\">E\u011flenceli ve interaktif deneyimler<\/h3>\n\n<p>Otomobil tutkunu \u00e7ocuklar, otomobil tarihinin hayat buldu\u011fu Detroit&#8217;teki Ford M\u00fczesi&#8217;ne bay\u0131lacaklar. Daha do\u011fal bir macera i\u00e7in <a href=\"https:\/\/www.leeds1000islands.ca\/en\/Index.aspx\">Ontario&#8217;daki Thousand Adalar\u0131&#8217;na<\/a> bir gemi seyahati yap\u0131n ve tarih ile do\u011fay\u0131 birle\u015ftiren e\u015fsiz bir manzaray\u0131 ke\u015ffedin. <\/p>\n\n<p>Great Lakes Circle Turu, g\u00f6rkemli do\u011fay\u0131, kentsel ke\u015fifleri ve unutulmaz deneyimleri bir araya getiren e\u015fsiz bir <a href=\"https:\/\/usa-b2.com\/tr\/\">Amerika yolculu\u011fudur<\/a>. \u0130ster romantizm arayan bir \u00e7ift, ister e\u011flence arayan bir aile olun, bu seyahat program\u0131nda herkes i\u00e7in bir \u015feyler var. Seyahat \u00e7antan\u0131z\u0131 haz\u0131rlay\u0131n, foto\u011fraf makinenizi al\u0131n ve B\u00fcy\u00fck G\u00f6ller&#8217;in harikalar\u0131n\u0131 fethetmek i\u00e7in yola \u00e7\u0131k\u0131n!  <\/p>\n\n<p><\/p>\n","protected":false},"excerpt":{"rendered":"<p>Great Lakes Circle Tour yol gezisi: etaplar, oteller ve foto\u011fraf yerleri B\u00fcy\u00fck G\u00f6ller \u00c7emberi Turu, Amerika Birle\u015fik Devletleri ve Kanada&#8217; n\u0131n B\u00fcy\u00fck G\u00f6llerini araba ile ke\u015ffetmenizi sa\u011flayan efsanevi bir g\u00fczergaht\u0131r. Bu muhte\u015fem yol gezisi sizi g\u00f6rkemli manzaralar\u0131n, etkileyici milli parklar\u0131n, canl\u0131 \u015fehirlerin ve unutulmaz foto\u011fraf noktalar\u0131n\u0131n kalbine g\u00f6t\u00fcr\u00fcr. \u0130ster romantik bir ka\u00e7amak arayan bir \u00e7ift, [&hellip;]<\/p>\n","protected":false},"author":1,"featured_media":0,"parent":0,"menu_order":0,"comment_status":"closed","ping_status":"closed","template":"","meta":{"footnotes":""},"class_list":["post-8604","page","type-page","status-publish","hentry"],"yoast_head":"<!-- This site is optimized with the Yoast SEO plugin v27.4 - https:\/\/yoast.com\/product\/yoast-seo-wordpress\/ -->\n<title>B\u00fcy\u00fck G\u00f6ller \u00c7emberi Turu : B\u00fcy\u00fck G\u00f6ller \u00e7evresinde nihai yol gezisi - USA B2<\/title>\n<meta name=\"description\" content=\"G\u00fczergah, manzara, konaklama ve aktivitelerle B\u00fcy\u00fck G\u00f6ller \u00e7evresinde destans\u0131 bir yol gezisi olan B\u00fcy\u00fck G\u00f6ller \u00c7emberi Turu&#039;nu ke\u015ffedin.\" \/>\n<meta name=\"robots\" content=\"index, follow, max-snippet:-1, max-image-preview:large, max-video-preview:-1\" \/>\n<link rel=\"canonical\" href=\"https:\/\/usa-b2.com\/tr\/great-lakes-circle-tour\/\" \/>\n<meta property=\"og:locale\" content=\"tr_TR\" \/>\n<meta property=\"og:type\" content=\"article\" \/>\n<meta property=\"og:title\" content=\"B\u00fcy\u00fck G\u00f6ller \u00c7emberi Turu : B\u00fcy\u00fck G\u00f6ller \u00e7evresinde nihai yol gezisi - USA B2\" \/>\n<meta property=\"og:description\" content=\"G\u00fczergah, manzara, konaklama ve aktivitelerle B\u00fcy\u00fck G\u00f6ller \u00e7evresinde destans\u0131 bir yol gezisi olan B\u00fcy\u00fck G\u00f6ller \u00c7emberi Turu&#039;nu ke\u015ffedin.\" \/>\n<meta property=\"og:url\" content=\"https:\/\/usa-b2.com\/tr\/great-lakes-circle-tour\/\" \/>\n<meta property=\"og:site_name\" content=\"USA B2\" \/>\n<meta property=\"article:modified_time\" content=\"2025-04-10T18:32:30+00:00\" \/>\n<meta property=\"og:image\" content=\"https:\/\/usa-b2.com\/wp-content\/uploads\/2025\/03\/Great-Lakes-Circle-Tour-USA-1-scaled.jpg\" \/>\n\t<meta property=\"og:image:width\" content=\"2560\" \/>\n\t<meta property=\"og:image:height\" content=\"1440\" \/>\n\t<meta property=\"og:image:type\" content=\"image\/jpeg\" \/>\n<meta name=\"twitter:card\" content=\"summary_large_image\" \/>\n<meta name=\"twitter:label1\" content=\"Tahmini okuma s\u00fcresi\" \/>\n\t<meta name=\"twitter:data1\" content=\"6 dakika\" \/>\n<script type=\"application\/ld+json\" class=\"yoast-schema-graph\">{\"@context\":\"https:\\\/\\\/schema.org\",\"@graph\":[{\"@type\":\"WebPage\",\"@id\":\"https:\\\/\\\/usa-b2.com\\\/tr\\\/great-lakes-circle-tour\\\/\",\"url\":\"https:\\\/\\\/usa-b2.com\\\/tr\\\/great-lakes-circle-tour\\\/\",\"name\":\"B\u00fcy\u00fck G\u00f6ller \u00c7emberi Turu : B\u00fcy\u00fck G\u00f6ller \u00e7evresinde nihai yol gezisi - USA B2\",\"isPartOf\":{\"@id\":\"https:\\\/\\\/usa-b2.com\\\/tr\\\/#website\"},\"primaryImageOfPage\":{\"@id\":\"https:\\\/\\\/usa-b2.com\\\/tr\\\/great-lakes-circle-tour\\\/#primaryimage\"},\"image\":{\"@id\":\"https:\\\/\\\/usa-b2.com\\\/tr\\\/great-lakes-circle-tour\\\/#primaryimage\"},\"thumbnailUrl\":\"https:\\\/\\\/usa-b2.com\\\/wp-content\\\/uploads\\\/2025\\\/03\\\/Great-Lakes-Circle-Tour-USA-1-1024x576.jpg\",\"datePublished\":\"2025-03-18T12:32:41+00:00\",\"dateModified\":\"2025-04-10T18:32:30+00:00\",\"description\":\"G\u00fczergah, manzara, konaklama ve aktivitelerle B\u00fcy\u00fck G\u00f6ller \u00e7evresinde destans\u0131 bir yol gezisi olan B\u00fcy\u00fck G\u00f6ller \u00c7emberi Turu'nu ke\u015ffedin.\",\"breadcrumb\":{\"@id\":\"https:\\\/\\\/usa-b2.com\\\/tr\\\/great-lakes-circle-tour\\\/#breadcrumb\"},\"inLanguage\":\"tr\",\"potentialAction\":[{\"@type\":\"ReadAction\",\"target\":[\"https:\\\/\\\/usa-b2.com\\\/tr\\\/great-lakes-circle-tour\\\/\"]}]},{\"@type\":\"ImageObject\",\"inLanguage\":\"tr\",\"@id\":\"https:\\\/\\\/usa-b2.com\\\/tr\\\/great-lakes-circle-tour\\\/#primaryimage\",\"url\":\"https:\\\/\\\/usa-b2.com\\\/wp-content\\\/uploads\\\/2025\\\/03\\\/Great-Lakes-Circle-Tour-USA-1-1024x576.jpg\",\"contentUrl\":\"https:\\\/\\\/usa-b2.com\\\/wp-content\\\/uploads\\\/2025\\\/03\\\/Great-Lakes-Circle-Tour-USA-1-1024x576.jpg\"},{\"@type\":\"BreadcrumbList\",\"@id\":\"https:\\\/\\\/usa-b2.com\\\/tr\\\/great-lakes-circle-tour\\\/#breadcrumb\",\"itemListElement\":[{\"@type\":\"ListItem\",\"position\":1,\"name\":\"Accueil\",\"item\":\"https:\\\/\\\/usa-b2.com\\\/tr\\\/usa\\\/\"},{\"@type\":\"ListItem\",\"position\":2,\"name\":\"B\u00fcy\u00fck G\u00f6ller \u00c7emberi Turu : B\u00fcy\u00fck G\u00f6ller \u00e7evresinde nihai yol gezisi\"}]},{\"@type\":\"WebSite\",\"@id\":\"https:\\\/\\\/usa-b2.com\\\/tr\\\/#website\",\"url\":\"https:\\\/\\\/usa-b2.com\\\/tr\\\/\",\"name\":\"USA B2 VISA\",\"description\":\"\",\"potentialAction\":[{\"@type\":\"SearchAction\",\"target\":{\"@type\":\"EntryPoint\",\"urlTemplate\":\"https:\\\/\\\/usa-b2.com\\\/tr\\\/?s={search_term_string}\"},\"query-input\":{\"@type\":\"PropertyValueSpecification\",\"valueRequired\":true,\"valueName\":\"search_term_string\"}}],\"inLanguage\":\"tr\"}]}<\/script>\n<!-- \/ Yoast SEO plugin. -->","yoast_head_json":{"title":"B\u00fcy\u00fck G\u00f6ller \u00c7emberi Turu : B\u00fcy\u00fck G\u00f6ller \u00e7evresinde nihai yol gezisi - USA B2","description":"G\u00fczergah, manzara, konaklama ve aktivitelerle B\u00fcy\u00fck G\u00f6ller \u00e7evresinde destans\u0131 bir yol gezisi olan B\u00fcy\u00fck G\u00f6ller \u00c7emberi Turu'nu ke\u015ffedin.","robots":{"index":"index","follow":"follow","max-snippet":"max-snippet:-1","max-image-preview":"max-image-preview:large","max-video-preview":"max-video-preview:-1"},"canonical":"https:\/\/usa-b2.com\/tr\/great-lakes-circle-tour\/","og_locale":"tr_TR","og_type":"article","og_title":"B\u00fcy\u00fck G\u00f6ller \u00c7emberi Turu : B\u00fcy\u00fck G\u00f6ller \u00e7evresinde nihai yol gezisi - USA B2","og_description":"G\u00fczergah, manzara, konaklama ve aktivitelerle B\u00fcy\u00fck G\u00f6ller \u00e7evresinde destans\u0131 bir yol gezisi olan B\u00fcy\u00fck G\u00f6ller \u00c7emberi Turu'nu ke\u015ffedin.","og_url":"https:\/\/usa-b2.com\/tr\/great-lakes-circle-tour\/","og_site_name":"USA B2","article_modified_time":"2025-04-10T18:32:30+00:00","og_image":[{"width":2560,"height":1440,"url":"https:\/\/usa-b2.com\/wp-content\/uploads\/2025\/03\/Great-Lakes-Circle-Tour-USA-1-scaled.jpg","type":"image\/jpeg"}],"twitter_card":"summary_large_image","twitter_misc":{"Tahmini okuma s\u00fcresi":"6 dakika"},"schema":{"@context":"https:\/\/schema.org","@graph":[{"@type":"WebPage","@id":"https:\/\/usa-b2.com\/tr\/great-lakes-circle-tour\/","url":"https:\/\/usa-b2.com\/tr\/great-lakes-circle-tour\/","name":"B\u00fcy\u00fck G\u00f6ller \u00c7emberi Turu : B\u00fcy\u00fck G\u00f6ller \u00e7evresinde nihai yol gezisi - USA B2","isPartOf":{"@id":"https:\/\/usa-b2.com\/tr\/#website"},"primaryImageOfPage":{"@id":"https:\/\/usa-b2.com\/tr\/great-lakes-circle-tour\/#primaryimage"},"image":{"@id":"https:\/\/usa-b2.com\/tr\/great-lakes-circle-tour\/#primaryimage"},"thumbnailUrl":"https:\/\/usa-b2.com\/wp-content\/uploads\/2025\/03\/Great-Lakes-Circle-Tour-USA-1-1024x576.jpg","datePublished":"2025-03-18T12:32:41+00:00","dateModified":"2025-04-10T18:32:30+00:00","description":"G\u00fczergah, manzara, konaklama ve aktivitelerle B\u00fcy\u00fck G\u00f6ller \u00e7evresinde destans\u0131 bir yol gezisi olan B\u00fcy\u00fck G\u00f6ller \u00c7emberi Turu'nu ke\u015ffedin.","breadcrumb":{"@id":"https:\/\/usa-b2.com\/tr\/great-lakes-circle-tour\/#breadcrumb"},"inLanguage":"tr","potentialAction":[{"@type":"ReadAction","target":["https:\/\/usa-b2.com\/tr\/great-lakes-circle-tour\/"]}]},{"@type":"ImageObject","inLanguage":"tr","@id":"https:\/\/usa-b2.com\/tr\/great-lakes-circle-tour\/#primaryimage","url":"https:\/\/usa-b2.com\/wp-content\/uploads\/2025\/03\/Great-Lakes-Circle-Tour-USA-1-1024x576.jpg","contentUrl":"https:\/\/usa-b2.com\/wp-content\/uploads\/2025\/03\/Great-Lakes-Circle-Tour-USA-1-1024x576.jpg"},{"@type":"BreadcrumbList","@id":"https:\/\/usa-b2.com\/tr\/great-lakes-circle-tour\/#breadcrumb","itemListElement":[{"@type":"ListItem","position":1,"name":"Accueil","item":"https:\/\/usa-b2.com\/tr\/usa\/"},{"@type":"ListItem","position":2,"name":"B\u00fcy\u00fck G\u00f6ller \u00c7emberi Turu : B\u00fcy\u00fck G\u00f6ller \u00e7evresinde nihai yol gezisi"}]},{"@type":"WebSite","@id":"https:\/\/usa-b2.com\/tr\/#website","url":"https:\/\/usa-b2.com\/tr\/","name":"USA B2 VISA","description":"","potentialAction":[{"@type":"SearchAction","target":{"@type":"EntryPoint","urlTemplate":"https:\/\/usa-b2.com\/tr\/?s={search_term_string}"},"query-input":{"@type":"PropertyValueSpecification","valueRequired":true,"valueName":"search_term_string"}}],"inLanguage":"tr"}]}},"_links":{"self":[{"href":"https:\/\/usa-b2.com\/tr\/wp-json\/wp\/v2\/pages\/8604","targetHints":{"allow":["GET"]}}],"collection":[{"href":"https:\/\/usa-b2.com\/tr\/wp-json\/wp\/v2\/pages"}],"about":[{"href":"https:\/\/usa-b2.com\/tr\/wp-json\/wp\/v2\/types\/page"}],"author":[{"embeddable":true,"href":"https:\/\/usa-b2.com\/tr\/wp-json\/wp\/v2\/users\/1"}],"replies":[{"embeddable":true,"href":"https:\/\/usa-b2.com\/tr\/wp-json\/wp\/v2\/comments?post=8604"}],"version-history":[{"count":0,"href":"https:\/\/usa-b2.com\/tr\/wp-json\/wp\/v2\/pages\/8604\/revisions"}],"wp:attachment":[{"href":"https:\/\/usa-b2.com\/tr\/wp-json\/wp\/v2\/media?parent=8604"}],"curies":[{"name":"wp","href":"https:\/\/api.w.org\/{rel}","templated":true}]}}