{"id":8588,"date":"2025-03-18T12:34:07","date_gmt":"2025-03-18T12:34:07","guid":{"rendered":"https:\/\/usa-b2.com\/badlands-et-black-hills-dakota-du-sud\/"},"modified":"2025-04-10T18:32:29","modified_gmt":"2025-04-10T18:32:29","slug":"badlands-et-black-hills-dakota-du-sud","status":"publish","type":"page","link":"https:\/\/usa-b2.com\/tr\/badlands-et-black-hills-dakota-du-sud\/","title":{"rendered":"Badlands ve Black Hills (G\u00fcney Dakota): Unutulmaz bir yolculuk i\u00e7in rehber"},"content":{"rendered":"\n<h1 class=\"wp-block-heading\">Badlands ve Black Hills&#8217;te Seyahat: Eksiksiz rehber<\/h1>\n\n<p><br\/><a href=\"https:\/\/www.sd.gov\/cs\">G\u00fcney Dakota<\/a>&#8216;da bulunan <a href=\"https:\/\/www.blackhillsbadlands.com\/\">Badlands ve Black Hills<\/a>, muhte\u015fem manzaralar ve Amerikan vah\u015fi do\u011fas\u0131na tam anlam\u0131yla dalma imkan\u0131 sunuyor. Bu <a href=\"https:\/\/usa-b2.com\/tr\/\">ABD karayolu gezisi<\/a> nefes kesici manzaralar\u0131, ikonik duraklar\u0131, milli parklar\u0131 ve e\u015fsiz deneyimleri bir araya getiriyor. \u0130ster bir \u00e7ift ister bir aile olun, bu rehber seyahatinizi \u00f6l\u00fcms\u00fczle\u015ftirmek i\u00e7in m\u00fckemmel g\u00fczergah\u0131, kal\u0131nacak en iyi yerleri ve g\u00f6r\u00fclmesi gereken noktalar\u0131 detayland\u0131r\u0131yor.  <\/p>\n\n<figure class=\"wp-block-image size-large\"><img fetchpriority=\"high\" decoding=\"async\" width=\"1024\" height=\"576\" src=\"https:\/\/usa-b2.com\/wp-content\/uploads\/2025\/03\/Badlands-National-Park-South-Dakota-1024x576.jpg\" alt=\"\" class=\"wp-image-8393\" srcset=\"https:\/\/usa-b2.com\/wp-content\/uploads\/2025\/03\/Badlands-National-Park-South-Dakota-1024x576.jpg 1024w, https:\/\/usa-b2.com\/wp-content\/uploads\/2025\/03\/Badlands-National-Park-South-Dakota-300x169.jpg 300w, https:\/\/usa-b2.com\/wp-content\/uploads\/2025\/03\/Badlands-National-Park-South-Dakota-768x432.jpg 768w, https:\/\/usa-b2.com\/wp-content\/uploads\/2025\/03\/Badlands-National-Park-South-Dakota-1536x864.jpg 1536w, https:\/\/usa-b2.com\/wp-content\/uploads\/2025\/03\/Badlands-National-Park-South-Dakota.jpg 1600w\" sizes=\"(max-width: 1024px) 100vw, 1024px\" \/><\/figure>\n\n<h2 class=\"wp-block-heading\">Ulusal parklar ve badlands ve black hills&#8217;in ikonik manzaralar\u0131<\/h2>\n\n<h3 class=\"wp-block-heading\">Badlands Ulusal Park\u0131: jeolojik bir harikalar diyar\u0131<\/h3>\n\n<p><a href=\"https:\/\/national-parks.org\/united-states\/badlands\">Badlands Ulusal Park\u0131<\/a> G\u00fcney Dakota&#8217;da mutlaka g\u00f6r\u00fclmesi gereken bir yerdir. Rengarenk katmanl\u0131 kaya olu\u015fumlar\u0131 ve bizon ve bighorn koyunlar\u0131n\u0131n ya\u015fad\u0131\u011f\u0131 geni\u015f otlaklar etkileyici bir do\u011fal manzara sunmaktad\u0131r. <a href=\"https:\/\/www.nps.gov\/thingstodo\/badl-loop-road.htm\">Badlands Loop Road<\/a> gibi manzaral\u0131 otoyollar, Panorama Point ve Big Badlands Overlook da dahil olmak \u00fczere bir dizi muhte\u015fem bak\u0131\u015f noktas\u0131ndan bu manzaralara hayran kalman\u0131z\u0131 sa\u011flar. Y\u00fcr\u00fcy\u00fc\u015f merakl\u0131lar\u0131, kaya olu\u015fumlar\u0131n\u0131n i\u00e7 k\u0131s\u0131mlar\u0131n\u0131 ke\u015ffetmek i\u00e7in m\u00fckemmel olan Notch Trail ve Castle Trail gibi parkurlar\u0131n keyfini \u00e7\u0131karacakt\u0131r.   <\/p>\n\n<h3 class=\"wp-block-heading\">Black Hills: da\u011flar ve s\u0131k ormanlar aras\u0131nda<\/h3>\n\n<p>G\u00fcney Dakota&#8217;n\u0131n bat\u0131s\u0131nda yer alan Black Hills, \u00e7am ormanlar\u0131 ve engebeli arazisiyle Badlands ile tezat olu\u015fturmaktad\u0131r. Bu b\u00f6lge, Amerikan ba\u015fkanlar\u0131n\u0131n an\u0131tsal heykellerine ev sahipli\u011fi yapan <a href=\"https:\/\/www.mtrushmorenationalmemorial.com\/\">Rushmore Da\u011f\u0131<\/a> ve bol vah\u015fi ya\u015fam\u0131 ve muhte\u015fem kaya olu\u015fumlar\u0131yla \u00e7evrili dolamba\u00e7l\u0131 bir yol olan efsanevi <a href=\"https:\/\/www.custerresorts.com\/activities\/scenic-drives\/needles-highway\">Needles Otoyolu<\/a> ile tan\u0131nan <a href=\"https:\/\/gfp.sd.gov\/parks\/detail\/custer-state-park\/\">Custer Eyalet Park\u0131<\/a> ile \u00fcnl\u00fcd\u00fcr. <\/p>\n\n<h2 class=\"wp-block-heading\">Nerede kal\u0131n\u0131r: \u015fehirler, oteller ve s\u00fcr\u00fckleyici konaklama<\/h2>\n\n<h3 class=\"wp-block-heading\">Rapid City ve Wall yak\u0131n\u0131nda konaklama<\/h3>\n\n<p><a href=\"https:\/\/www.rcgov.org\/\">Rapid<\/a> City, Black Hills&#8217;i ke\u015ffetmek i\u00e7in ideal bir merkezdir. Ekonomik otellerden <a href=\"https:\/\/www.alexjohnson.com\/\">Hotel Alex Johnson<\/a> gibi l\u00fcks tatil k\u00f6ylerine kadar geni\u015f bir konaklama yelpazesi sunmaktad\u0131r. Badlands&#8217;e daha yak\u0131n bir konaklama i\u00e7in, ikonik <a href=\"https:\/\/www.walldrug.com\/\">Wall Drug ile bilinen k\u00fc\u00e7\u00fck Wall<\/a> kasabas\u0131, birka\u00e7 uygun fiyatl\u0131 motel ve milli parka h\u0131zl\u0131 eri\u015fim sunmaktad\u0131r.  <\/p>\n\n<h3 class=\"wp-block-heading\">Benzersiz deneyimler: kamp alanlar\u0131 ve pansiyonlar<\/h3>\n\n<p>Do\u011fa severler i\u00e7in, tamamen dalmak i\u00e7in \u00e7e\u015fitli se\u00e7enekler vard\u0131r:<\/p>\n\n<ul class=\"wp-block-list\">\n<li>Badlands Park&#8217;taki <a href=\"https:\/\/sagecreekcampground.com\/\">Sage Creek Kamp Alan\u0131<\/a>, g\u00fcn do\u011fumunda bizonlar\u0131 izleyebilece\u011finiz \u00fccretsiz bir rustik kamp alan\u0131.<\/li>\n\n\n\n<li>Black Hills&#8217;in kalbinde yer alan <a href=\"https:\/\/www.custerresorts.com\/plan-your-trip\/sylvan-lake-lodge\">Sylvan Lake Lodge<\/a>, y\u00fcr\u00fcy\u00fc\u015f parkurlar\u0131na do\u011frudan eri\u015fim sa\u011flayan b\u00fcy\u00fcleyici bir ortam sunmaktad\u0131r.<\/li>\n<\/ul>\n\n<h2 class=\"wp-block-heading\">Ba\u015far\u0131l\u0131 bir yolculuk i\u00e7in ayr\u0131nt\u0131l\u0131 g\u00fczergah<\/h2>\n\n<figure class=\"wp-block-table\"><table><tbody><tr><td><strong>G\u00fcn<\/strong><\/td><td><strong>Konum<\/strong><\/td><td><strong>Ana faaliyetler<\/strong><\/td><\/tr><tr><td>1<\/td><td>Rapid City<\/td><td>\u015eehir merkezi ve yerel m\u00fczeleri ziyaret<\/td><\/tr><tr><td>2<\/td><td>Badlands Ulusal Park\u0131<\/td><td>Y\u00fcr\u00fcy\u00fc\u015fler ve Pinnacles Overlook \u00fczerinde g\u00fcn bat\u0131m\u0131<\/td><\/tr><tr><td>3<\/td><td>Custer Eyalet Park\u0131<\/td><td>Bizon g\u00f6zlemcili\u011fi ve Needles Otoyolu manzara rotas\u0131<\/td><\/tr><tr><td>4<\/td><td>Rushmore Da\u011f\u0131 ve \u00c7\u0131lg\u0131n At<\/td><td>An\u0131tsal heykelleri ke\u015ffedin<\/td><\/tr><tr><td>5<\/td><td>Spearfish Kanyonu &amp; Deadwood<\/td><td>Orman y\u00fcr\u00fcy\u00fc\u015fleri ve Uzak Bat\u0131&#8217;n\u0131n tarihine dalma<\/td><\/tr><\/tbody><\/table><\/figure>\n\n<h3 class=\"wp-block-heading\">Ka\u00e7\u0131r\u0131lmamas\u0131 gereken efsanevi rotalar<\/h3>\n\n<p>Yollar, yolculuk deneyiminde \u00f6nemli bir rol oynamaktad\u0131r. Badlands Loop Yolu (Otoyol 240) Badlands&#8217;in kaya olu\u015fumlar\u0131 aras\u0131ndan dolan\u0131r. Black Hills&#8217;de Needles Otoyolu (Otoyol 87) ve Iron Mountain Yolu da\u011flar\u0131n ve kaya t\u00fcnellerinin muhte\u015fem manzaralar\u0131n\u0131 sunmaktad\u0131r.  <\/p>\n\n<h3 class=\"wp-block-heading\">Yolculuk ne kadar s\u00fcrecek?<\/h3>\n\n<p>B\u00f6lgeyi acele etmeden ke\u015ffetmek i\u00e7in 5 ila 7 g\u00fcnl\u00fck bir konaklama idealdir. Badlands&#8217;de en az 2 g\u00fcn, Black Hills&#8217;de 3 g\u00fcn ve Spearfish Kanyonu veya tarihi Deadwood kasabas\u0131 gibi \u00e7evreyi ke\u015ffetmek i\u00e7in bir g\u00fcn ay\u0131rmal\u0131s\u0131n\u0131z. <\/p>\n\n<h2 class=\"wp-block-heading\">Instagram&#8217;daki en iyi foto\u011fraf noktalar\u0131<\/h2>\n\n<h3 class=\"wp-block-heading\">G\u00f6r\u00fclmesi gereken noktalar<\/h3>\n\n<p>Manzaran\u0131n ihti\u015fam\u0131n\u0131 yakalamak i\u00e7in i\u015fte gidilmesi gereken noktalar:<\/p>\n\n<ul class=\"wp-block-list\">\n<li><strong>Panorama Noktas\u0131 (Badlands Ulusal Park\u0131)<\/strong>: Kaya olu\u015fumlar\u0131 \u00fczerinde g\u00fcn do\u011fumu.<\/li>\n\n\n\n<li><strong>Sylvan G\u00f6l\u00fc (Black Hills)<\/strong>: kayal\u0131klarla \u00e7evrili pitoresk bir g\u00f6l.<\/li>\n\n\n\n<li><a href=\"https:\/\/www.needleseyetunnel.org\/\">Needles Eye T\u00fcneli<\/a>: Orijinal \u00e7ekimler i\u00e7in m\u00fckemmel, kayaya kaz\u0131lm\u0131\u015f bir t\u00fcnel.<\/li>\n<\/ul>\n\n<h3 class=\"wp-block-heading\">Benzersiz foto\u011fraflar i\u00e7in al\u0131\u015f\u0131lmad\u0131k yerler<\/h3>\n\n<p>Baz\u0131 b\u00f6lgeler ola\u011fan\u00fcst\u00fc perspektifler sunmaktad\u0131r:<\/p>\n\n<ul class=\"wp-block-list\">\n<li><strong>Wall Drug Dinosaur<\/strong>: yol kenar\u0131nda devasa bir kitsch <strong>dinozor<\/strong> heykeli.<\/li>\n\n\n\n<li><a href=\"https:\/\/www.chapel-in-the-hills.org\/\">Chapel in the Hills<\/a> (Rapid City): \u0130skandinav ah\u015fap kilisesinin bir kopyas\u0131.<\/li>\n<\/ul>\n\n<h2 class=\"wp-block-heading\">\u00c7iftler ve aileler i\u00e7in aktiviteler<\/h2>\n\n<h3 class=\"wp-block-heading\">\u00c7iftler i\u00e7in romantik aktiviteler<\/h3>\n\n<p>Badlands ve Black Hills romantik bir ka\u00e7amak i\u00e7in m\u00fckemmel bir zemin olu\u015fturmaktad\u0131r. Deadwood&#8217;da bir teras yeme\u011fi ve ard\u0131ndan bir ak\u015fam gezintisi e\u015fsiz bir atmosfer sunar. S\u00fcr\u00fckleyici bir deneyim i\u00e7in Pinnacles Overlook \u00fczerinde bir g\u00fcn bat\u0131m\u0131 veya Pactola G\u00f6l\u00fc&#8217;nde bir gezinti unutulmaz anlard\u0131r.  <\/p>\n\n<h3 class=\"wp-block-heading\">Aile etkinlikleri: macera ve ke\u015fif<\/h3>\n\n<p>Bu b\u00f6lgeye ailece seyahat etmek, do\u011fa ve \u00f6\u011frenmeyi birle\u015ftirmek i\u00e7in harika bir yoldur. \u00c7ocuklar buna bay\u0131lacak: <\/p>\n\n<ul class=\"wp-block-list\">\n<li>Rapid City&#8217;deki <a href=\"https:\/\/www.reptilegardens.com\/\">S\u00fcr\u00fcngen Bah\u00e7eleri<\/a>, e\u015fsiz bir hayvan park\u0131.<\/li>\n\n\n\n<li>Tarih \u00f6ncesi fosilleri g\u00f6rebilecekleri Hot Springs&#8217;teki <a href=\"https:\/\/mammothsite.org\/\">Mamut B\u00f6lgesi<\/a>.<\/li>\n\n\n\n<li><a href=\"https:\/\/bearcountryusa.com\/\">Bear Country USA<\/a>, ay\u0131lar\u0131n yar\u0131 \u00f6zg\u00fcrce g\u00f6zlemlenebildi\u011fi bir rezerv.<\/li>\n<\/ul>\n\n<p><br\/>G\u00fcney Dakota&#8217;n\u0131n Badlands ve Black Hills b\u00f6lgeleri unutulmaz bir yolculuk i\u00e7in m\u00fckemmel bir yerdir. Muhte\u015fem manzaralar\u0131, efsanevi yollar\u0131 ve otantik konaklama birimleriyle b\u00f6lge, Amerikan vah\u015fi do\u011fas\u0131na tam anlam\u0131yla dalma imkan\u0131 sunmaktad\u0131r. \u0130ster romantik bir ka\u00e7amak yapan bir \u00e7ift, ister e\u011fitici bir maceraya at\u0131lan bir aile olun, bu ikonik topraklar sizi her ad\u0131mda b\u00fcy\u00fcleyecektir.  <\/p>\n","protected":false},"excerpt":{"rendered":"<p>Badlands ve Black Hills&#8217;te Seyahat: Eksiksiz rehber G\u00fcney Dakota&#8216;da bulunan Badlands ve Black Hills, muhte\u015fem manzaralar ve Amerikan vah\u015fi do\u011fas\u0131na tam anlam\u0131yla dalma imkan\u0131 sunuyor. Bu ABD karayolu gezisi nefes kesici manzaralar\u0131, ikonik duraklar\u0131, milli parklar\u0131 ve e\u015fsiz deneyimleri bir araya getiriyor. \u0130ster bir \u00e7ift ister bir aile olun, bu rehber seyahatinizi \u00f6l\u00fcms\u00fczle\u015ftirmek i\u00e7in m\u00fckemmel [&hellip;]<\/p>\n","protected":false},"author":1,"featured_media":0,"parent":0,"menu_order":0,"comment_status":"closed","ping_status":"closed","template":"","meta":{"footnotes":""},"class_list":["post-8588","page","type-page","status-publish","hentry"],"yoast_head":"<!-- This site is optimized with the Yoast SEO plugin v27.4 - https:\/\/yoast.com\/product\/yoast-seo-wordpress\/ -->\n<title>Badlands ve Black Hills (G\u00fcney Dakota): Unutulmaz bir yolculuk i\u00e7in rehber - USA B2<\/title>\n<meta name=\"description\" content=\"G\u00fcney Dakota&#039;n\u0131n Badlands ve Black Hills b\u00f6lgelerini ke\u015ffedin: unutulmaz bir yolculuk i\u00e7in g\u00fczergah, manzaralar, foto\u011fraf noktalar\u0131 ve aktiviteler.\" \/>\n<meta name=\"robots\" content=\"index, follow, max-snippet:-1, max-image-preview:large, max-video-preview:-1\" \/>\n<link rel=\"canonical\" href=\"https:\/\/usa-b2.com\/tr\/badlands-et-black-hills-dakota-du-sud\/\" \/>\n<meta property=\"og:locale\" content=\"tr_TR\" \/>\n<meta property=\"og:type\" content=\"article\" \/>\n<meta property=\"og:title\" content=\"Badlands ve Black Hills (G\u00fcney Dakota): Unutulmaz bir yolculuk i\u00e7in rehber - USA B2\" \/>\n<meta property=\"og:description\" content=\"G\u00fcney Dakota&#039;n\u0131n Badlands ve Black Hills b\u00f6lgelerini ke\u015ffedin: unutulmaz bir yolculuk i\u00e7in g\u00fczergah, manzaralar, foto\u011fraf noktalar\u0131 ve aktiviteler.\" \/>\n<meta property=\"og:url\" content=\"https:\/\/usa-b2.com\/tr\/badlands-et-black-hills-dakota-du-sud\/\" \/>\n<meta property=\"og:site_name\" content=\"USA B2\" \/>\n<meta property=\"article:modified_time\" content=\"2025-04-10T18:32:29+00:00\" \/>\n<meta property=\"og:image\" content=\"https:\/\/usa-b2.com\/wp-content\/uploads\/2025\/03\/Badlands-National-Park-South-Dakota.jpg\" \/>\n\t<meta property=\"og:image:width\" content=\"1600\" \/>\n\t<meta property=\"og:image:height\" content=\"900\" \/>\n\t<meta property=\"og:image:type\" content=\"image\/jpeg\" \/>\n<meta name=\"twitter:card\" content=\"summary_large_image\" \/>\n<meta name=\"twitter:label1\" content=\"Tahmini okuma s\u00fcresi\" \/>\n\t<meta name=\"twitter:data1\" content=\"5 dakika\" \/>\n<script type=\"application\/ld+json\" class=\"yoast-schema-graph\">{\"@context\":\"https:\\\/\\\/schema.org\",\"@graph\":[{\"@type\":\"WebPage\",\"@id\":\"https:\\\/\\\/usa-b2.com\\\/tr\\\/badlands-et-black-hills-dakota-du-sud\\\/\",\"url\":\"https:\\\/\\\/usa-b2.com\\\/tr\\\/badlands-et-black-hills-dakota-du-sud\\\/\",\"name\":\"Badlands ve Black Hills (G\u00fcney Dakota): Unutulmaz bir yolculuk i\u00e7in rehber - USA B2\",\"isPartOf\":{\"@id\":\"https:\\\/\\\/usa-b2.com\\\/tr\\\/#website\"},\"primaryImageOfPage\":{\"@id\":\"https:\\\/\\\/usa-b2.com\\\/tr\\\/badlands-et-black-hills-dakota-du-sud\\\/#primaryimage\"},\"image\":{\"@id\":\"https:\\\/\\\/usa-b2.com\\\/tr\\\/badlands-et-black-hills-dakota-du-sud\\\/#primaryimage\"},\"thumbnailUrl\":\"https:\\\/\\\/usa-b2.com\\\/wp-content\\\/uploads\\\/2025\\\/03\\\/Badlands-National-Park-South-Dakota-1024x576.jpg\",\"datePublished\":\"2025-03-18T12:34:07+00:00\",\"dateModified\":\"2025-04-10T18:32:29+00:00\",\"description\":\"G\u00fcney Dakota'n\u0131n Badlands ve Black Hills b\u00f6lgelerini ke\u015ffedin: unutulmaz bir yolculuk i\u00e7in g\u00fczergah, manzaralar, foto\u011fraf noktalar\u0131 ve aktiviteler.\",\"breadcrumb\":{\"@id\":\"https:\\\/\\\/usa-b2.com\\\/tr\\\/badlands-et-black-hills-dakota-du-sud\\\/#breadcrumb\"},\"inLanguage\":\"tr\",\"potentialAction\":[{\"@type\":\"ReadAction\",\"target\":[\"https:\\\/\\\/usa-b2.com\\\/tr\\\/badlands-et-black-hills-dakota-du-sud\\\/\"]}]},{\"@type\":\"ImageObject\",\"inLanguage\":\"tr\",\"@id\":\"https:\\\/\\\/usa-b2.com\\\/tr\\\/badlands-et-black-hills-dakota-du-sud\\\/#primaryimage\",\"url\":\"https:\\\/\\\/usa-b2.com\\\/wp-content\\\/uploads\\\/2025\\\/03\\\/Badlands-National-Park-South-Dakota-1024x576.jpg\",\"contentUrl\":\"https:\\\/\\\/usa-b2.com\\\/wp-content\\\/uploads\\\/2025\\\/03\\\/Badlands-National-Park-South-Dakota-1024x576.jpg\"},{\"@type\":\"BreadcrumbList\",\"@id\":\"https:\\\/\\\/usa-b2.com\\\/tr\\\/badlands-et-black-hills-dakota-du-sud\\\/#breadcrumb\",\"itemListElement\":[{\"@type\":\"ListItem\",\"position\":1,\"name\":\"Accueil\",\"item\":\"https:\\\/\\\/usa-b2.com\\\/tr\\\/usa\\\/\"},{\"@type\":\"ListItem\",\"position\":2,\"name\":\"Badlands ve Black Hills (G\u00fcney Dakota): Unutulmaz bir yolculuk i\u00e7in rehber\"}]},{\"@type\":\"WebSite\",\"@id\":\"https:\\\/\\\/usa-b2.com\\\/tr\\\/#website\",\"url\":\"https:\\\/\\\/usa-b2.com\\\/tr\\\/\",\"name\":\"USA B2 VISA\",\"description\":\"\",\"potentialAction\":[{\"@type\":\"SearchAction\",\"target\":{\"@type\":\"EntryPoint\",\"urlTemplate\":\"https:\\\/\\\/usa-b2.com\\\/tr\\\/?s={search_term_string}\"},\"query-input\":{\"@type\":\"PropertyValueSpecification\",\"valueRequired\":true,\"valueName\":\"search_term_string\"}}],\"inLanguage\":\"tr\"}]}<\/script>\n<!-- \/ Yoast SEO plugin. -->","yoast_head_json":{"title":"Badlands ve Black Hills (G\u00fcney Dakota): Unutulmaz bir yolculuk i\u00e7in rehber - USA B2","description":"G\u00fcney Dakota'n\u0131n Badlands ve Black Hills b\u00f6lgelerini ke\u015ffedin: unutulmaz bir yolculuk i\u00e7in g\u00fczergah, manzaralar, foto\u011fraf noktalar\u0131 ve aktiviteler.","robots":{"index":"index","follow":"follow","max-snippet":"max-snippet:-1","max-image-preview":"max-image-preview:large","max-video-preview":"max-video-preview:-1"},"canonical":"https:\/\/usa-b2.com\/tr\/badlands-et-black-hills-dakota-du-sud\/","og_locale":"tr_TR","og_type":"article","og_title":"Badlands ve Black Hills (G\u00fcney Dakota): Unutulmaz bir yolculuk i\u00e7in rehber - USA B2","og_description":"G\u00fcney Dakota'n\u0131n Badlands ve Black Hills b\u00f6lgelerini ke\u015ffedin: unutulmaz bir yolculuk i\u00e7in g\u00fczergah, manzaralar, foto\u011fraf noktalar\u0131 ve aktiviteler.","og_url":"https:\/\/usa-b2.com\/tr\/badlands-et-black-hills-dakota-du-sud\/","og_site_name":"USA B2","article_modified_time":"2025-04-10T18:32:29+00:00","og_image":[{"width":1600,"height":900,"url":"https:\/\/usa-b2.com\/wp-content\/uploads\/2025\/03\/Badlands-National-Park-South-Dakota.jpg","type":"image\/jpeg"}],"twitter_card":"summary_large_image","twitter_misc":{"Tahmini okuma s\u00fcresi":"5 dakika"},"schema":{"@context":"https:\/\/schema.org","@graph":[{"@type":"WebPage","@id":"https:\/\/usa-b2.com\/tr\/badlands-et-black-hills-dakota-du-sud\/","url":"https:\/\/usa-b2.com\/tr\/badlands-et-black-hills-dakota-du-sud\/","name":"Badlands ve Black Hills (G\u00fcney Dakota): Unutulmaz bir yolculuk i\u00e7in rehber - USA B2","isPartOf":{"@id":"https:\/\/usa-b2.com\/tr\/#website"},"primaryImageOfPage":{"@id":"https:\/\/usa-b2.com\/tr\/badlands-et-black-hills-dakota-du-sud\/#primaryimage"},"image":{"@id":"https:\/\/usa-b2.com\/tr\/badlands-et-black-hills-dakota-du-sud\/#primaryimage"},"thumbnailUrl":"https:\/\/usa-b2.com\/wp-content\/uploads\/2025\/03\/Badlands-National-Park-South-Dakota-1024x576.jpg","datePublished":"2025-03-18T12:34:07+00:00","dateModified":"2025-04-10T18:32:29+00:00","description":"G\u00fcney Dakota'n\u0131n Badlands ve Black Hills b\u00f6lgelerini ke\u015ffedin: unutulmaz bir yolculuk i\u00e7in g\u00fczergah, manzaralar, foto\u011fraf noktalar\u0131 ve aktiviteler.","breadcrumb":{"@id":"https:\/\/usa-b2.com\/tr\/badlands-et-black-hills-dakota-du-sud\/#breadcrumb"},"inLanguage":"tr","potentialAction":[{"@type":"ReadAction","target":["https:\/\/usa-b2.com\/tr\/badlands-et-black-hills-dakota-du-sud\/"]}]},{"@type":"ImageObject","inLanguage":"tr","@id":"https:\/\/usa-b2.com\/tr\/badlands-et-black-hills-dakota-du-sud\/#primaryimage","url":"https:\/\/usa-b2.com\/wp-content\/uploads\/2025\/03\/Badlands-National-Park-South-Dakota-1024x576.jpg","contentUrl":"https:\/\/usa-b2.com\/wp-content\/uploads\/2025\/03\/Badlands-National-Park-South-Dakota-1024x576.jpg"},{"@type":"BreadcrumbList","@id":"https:\/\/usa-b2.com\/tr\/badlands-et-black-hills-dakota-du-sud\/#breadcrumb","itemListElement":[{"@type":"ListItem","position":1,"name":"Accueil","item":"https:\/\/usa-b2.com\/tr\/usa\/"},{"@type":"ListItem","position":2,"name":"Badlands ve Black Hills (G\u00fcney Dakota): Unutulmaz bir yolculuk i\u00e7in rehber"}]},{"@type":"WebSite","@id":"https:\/\/usa-b2.com\/tr\/#website","url":"https:\/\/usa-b2.com\/tr\/","name":"USA B2 VISA","description":"","potentialAction":[{"@type":"SearchAction","target":{"@type":"EntryPoint","urlTemplate":"https:\/\/usa-b2.com\/tr\/?s={search_term_string}"},"query-input":{"@type":"PropertyValueSpecification","valueRequired":true,"valueName":"search_term_string"}}],"inLanguage":"tr"}]}},"_links":{"self":[{"href":"https:\/\/usa-b2.com\/tr\/wp-json\/wp\/v2\/pages\/8588","targetHints":{"allow":["GET"]}}],"collection":[{"href":"https:\/\/usa-b2.com\/tr\/wp-json\/wp\/v2\/pages"}],"about":[{"href":"https:\/\/usa-b2.com\/tr\/wp-json\/wp\/v2\/types\/page"}],"author":[{"embeddable":true,"href":"https:\/\/usa-b2.com\/tr\/wp-json\/wp\/v2\/users\/1"}],"replies":[{"embeddable":true,"href":"https:\/\/usa-b2.com\/tr\/wp-json\/wp\/v2\/comments?post=8588"}],"version-history":[{"count":0,"href":"https:\/\/usa-b2.com\/tr\/wp-json\/wp\/v2\/pages\/8588\/revisions"}],"wp:attachment":[{"href":"https:\/\/usa-b2.com\/tr\/wp-json\/wp\/v2\/media?parent=8588"}],"curies":[{"name":"wp","href":"https:\/\/api.w.org\/{rel}","templated":true}]}}