{"id":8574,"date":"2025-04-10T16:14:56","date_gmt":"2025-04-10T16:14:56","guid":{"rendered":"https:\/\/usa-b2.com\/abd-b1-b2-vizesi\/"},"modified":"2025-05-14T12:26:40","modified_gmt":"2025-05-14T12:26:40","slug":"abd-b1-b2-vizesi","status":"publish","type":"page","link":"https:\/\/usa-b2.com\/tr\/abd-b1-b2-vizesi\/","title":{"rendered":"Amerika Birle\u015fik Devletleri&#8217;ni ziyaret etmek i\u00e7in B1\/B2 vizesi"},"content":{"rendered":"\n<h1 class=\"wp-block-heading\">ABD&#8217;ye seyahat i\u00e7in b1b2 vizesi<\/h1>\n\n<p><strong>B1\/B2 ABD vizesi<\/strong> en yayg\u0131n <a href=\"https:\/\/usa-b2.com\/tr\/ziyaretci-vizesi-abd\/\">Amerikan ziyaret\u00e7i v<\/a> izesidir. \u0130ster i\u015f ister e\u011flence ama\u00e7l\u0131 seyahat ediyor olun, bu vize Amerikan topraklar\u0131nda <strong>ge\u00e7ici bir s\u00fcre kalmak<\/strong> i\u00e7in ideal bir \u00e7\u00f6z\u00fcmd\u00fcr. Bu k\u0131lavuzda, <strong>B1\/B2<\/strong> vizesi, ko\u015fullar\u0131, kullan\u0131\u015fl\u0131l\u0131\u011f\u0131 ve nas\u0131l ba\u015fvurulaca\u011f\u0131 hakk\u0131nda bilmeniz gereken her \u015feyi bulacaks\u0131n\u0131z.  <\/p>\n\n<h2 class=\"wp-block-heading\">B1\/B2 vizesi nedir?<\/h2>\n\n<p><strong>B1\/B2 vizesi<\/strong>, Amerika Birle\u015fik Devletleri&#8217;ne ge\u00e7ici olarak girmek isteyen ki\u015filer i\u00e7in Amerikan makamlar\u0131 taraf\u0131ndan verilen <strong>g\u00f6\u00e7men olmayan bir vizedir<\/strong>.<\/p>\n\n<ul class=\"wp-block-list\">\n<li><a href=\"https:\/\/usa-b2.com\/tr\/vize-b1-abd\/\">B1 vizesi<\/a> <strong>i\u015f seyahatleri<\/strong> i\u00e7indir (toplant\u0131lar, konferanslar, s\u00f6zle\u015fmeler, vb.).<\/li>\n\n\n\n<li><a href=\"https:\/\/usa-b2.com\/tr\/vize-b2\/\">B2 vizesi<\/a> <strong>turizm, aile ziyaretleri veya t\u0131bbi tedavi<\/strong> i\u00e7indir.<\/li>\n\n\n\n<li>Bunlar genellikle <strong>B1\/B2 ABD vizesinde<\/strong> birle\u015ftirilir, bu da ayn\u0131 belgeyle her iki ama\u00e7la da seyahat edebilece\u011finiz anlam\u0131na gelir.<\/li>\n<\/ul>\n\n<div style=\"height:20px\" aria-hidden=\"true\" class=\"wp-block-spacer\"><\/div>\n\n<h2 class=\"wp-block-heading\">ABD i\u00e7in B1\/B2 vizesine kimler ba\u015fvurabilir?<\/h2>\n\n<p><a href=\"https:\/\/usa-b2.com\/tr\/nedir-bir-esta\/\">ESTA program\u0131<\/a> i\u00e7in uygun olmayan veya <strong>Amerika Birle\u015fik Devletleri&#8217;nde 90 g\u00fcnden fazla<\/strong> kalmak isteyen herkes <strong>ABD B1 B2 vizesine<\/strong> ba\u015fvurabilir. Bu \u00f6zellikle \u015funlar i\u00e7in yararl\u0131d\u0131r <\/p>\n\n<ul class=\"wp-block-list\">\n<li><a href=\"https:\/\/usa-b2.com\/tr\/vize-verme-programi\/\">Vize Muafiyet Program\u0131na<\/a> \u00fcye olmayan \u00fclkelerin vatanda\u015flar\u0131<\/li>\n\n\n\n<li>Kal\u0131\u015f s\u00fcreleri veya ama\u00e7lar\u0131 konusunda daha fazla esnekli\u011fe ihtiya\u00e7 duyan ki\u015filer<\/li>\n\n\n\n<li>ESTA izni zaten reddedilmi\u015f olan gezginler<\/li>\n<\/ul>\n\n<div style=\"height:20px\" aria-hidden=\"true\" class=\"wp-block-spacer\"><\/div>\n\n<h2 class=\"wp-block-heading\">B1 B2 vizesinin ge\u00e7erlilik s\u00fcresi ve ko\u015fullar\u0131<\/h2>\n\n<p><strong>B1\/B2 ABD vizesi<\/strong>, ikamet etti\u011finiz \u00fclkeye ve Amerikan konsoloslu\u011funun kararlar\u0131na ba\u011fl\u0131 olarak <strong>1 ila 10 y\u0131l<\/strong> aras\u0131nda ge\u00e7erli olabilir. Bu vize \u015fu yetkileri vermektedir: <\/p>\n\n<ul class=\"wp-block-list\">\n<li>Giri\u015f ba\u015f\u0131na 6 aya kadar <strong>ge\u00e7ici kal\u0131\u015flar<\/strong> <\/li>\n\n\n\n<li>Ge\u00e7erlilik s\u00fcresi boyunca Amerika Birle\u015fik Devletleri&#8217;ne <strong>birka\u00e7 giri\u015f<\/strong> <\/li>\n\n\n\n<li>\u00dccretli \u00e7al\u0131\u015fma veya e\u011fitim i\u00e7in izin yok<\/li>\n<\/ul>\n\n<p>\ud83d\udd17 Ayr\u0131ca bak\u0131n\u0131z: <a href=\"https:\/\/usa-b2.com\/tr\/vize-ve-esta-arasindaki-fark\/\">ESTA ve vize aras\u0131ndaki fark<\/a><br\/>\ud83d\udd17 Ayr\u0131ca bak\u0131n\u0131z: <a href=\"https:\/\/usa-b2.com\/tr\/pasaport-seyahati-abd\/\">ABD&#8217;ye seyahat i\u00e7in ge\u00e7erli pasaport<\/a><\/p>\n\n<h2 class=\"wp-block-heading\">B1 B2 Amerika Birle\u015fik Devletleri vizesini nas\u0131l alabilirim?<\/h2>\n\n<h3 class=\"wp-block-heading\">1. DS-160 formunu doldurun<\/h3>\n\n<p>T\u00fcm <strong>ABD g\u00f6\u00e7men olmayan vize<\/strong> ba\u015fvurular\u0131 i\u00e7in <a href=\"https:\/\/usa-b2.com\/tr\/ds-160\/\">resmi DS-160 formu<\/a>.<\/p>\n\n<h3 class=\"wp-block-heading\">2. Ba\u015fvuru \u00fccretini \u00f6deyin<\/h3>\n\n<p><a href=\"https:\/\/usa-b2.com\/tr\/ucretler-vize-b2-abd\/\">Vizenin fiyat\u0131<\/a> se\u00e7ilen ABD vizesi t\u00fcr\u00fcne g\u00f6re de\u011fi\u015fmektedir. Genel olarak, <strong>B1\/B2<\/strong> vizesi <a href=\"https:\/\/usa-b2.com\/tr\/basvuru-proseduru-vize-b2\/\">i\u00e7in ba\u015fvuru<\/a> s\u0131ras\u0131nda \u00f6denmesi gereken idari \u00fccret <strong>185 ABD Dolar\u0131<\/strong> civar\u0131ndad\u0131r. <\/p>\n\n<h3 class=\"wp-block-heading\">3. ABD B\u00fcy\u00fckel\u00e7ili\u011fi&#8217;nden randevu al\u0131n<\/h3>\n\n<p>M\u00fclakat \u00e7o\u011fu ba\u015fvuru sahibi i\u00e7in <strong>zorunludur<\/strong>. Seyahatinizin nedenlerini a\u00e7\u0131klaman\u0131z gerekecektir. Bu \u00f6nemli ad\u0131ma haz\u0131rlanmak i\u00e7in <a href=\"https:\/\/usa-b2.com\/tr\/abd-vize-buyukelciligi-icin-randevulasin\/\">ABD b\u00fcy\u00fckel\u00e7ili\u011fi randevusu<\/a> hakk\u0131ndaki makalemize bak\u0131n.  <\/p>\n\n<h3 class=\"wp-block-heading\">4. Gerekli belgeleri haz\u0131rlay\u0131n<\/h3>\n\n<ul class=\"wp-block-list\">\n<li><a href=\"https:\/\/usa-b2.com\/tr\/pasaport-seyahati-abd\/\">ABD i\u00e7in ge\u00e7erli pasaport<\/a><\/li>\n\n\n\n<li>Pasaport foto\u011fraf\u0131<\/li>\n\n\n\n<li>Fon kan\u0131t\u0131, seyahat program\u0131, davet mektuplar\u0131 (varsa)<\/li>\n<\/ul>\n\n<h3 class=\"wp-block-heading\">5. Karar i\u00e7in bekleyin<\/h3>\n\n<p><strong>Ruhsat almak i\u00e7in ge\u00e7en s\u00fcre<\/strong> de\u011fi\u015fiklik g\u00f6stermektedir. Ortalama olarak <strong>1 ila 4 hafta<\/strong> aras\u0131nda bekleyin. <br\/><\/p>\n\n<h2 class=\"wp-block-heading\">B1\/b2 vizesi alma s\u00fcrecinin g\u00f6sterimi<\/h2>\n\n<figure class=\"wp-block-image size-large\"><img fetchpriority=\"high\" decoding=\"async\" width=\"683\" height=\"1024\" src=\"https:\/\/usa-b2.com\/wp-content\/uploads\/2025\/04\/us-visa-b1b2-683x1024.png\" alt=\"B1 B2 vizesi nas&#x131;l al&#x131;n&#x131;r\" class=\"wp-image-8440\" srcset=\"https:\/\/usa-b2.com\/wp-content\/uploads\/2025\/04\/us-visa-b1b2-683x1024.png 683w, https:\/\/usa-b2.com\/wp-content\/uploads\/2025\/04\/us-visa-b1b2-200x300.png 200w, https:\/\/usa-b2.com\/wp-content\/uploads\/2025\/04\/us-visa-b1b2-768x1152.png 768w, https:\/\/usa-b2.com\/wp-content\/uploads\/2025\/04\/us-visa-b1b2.png 1024w\" sizes=\"(max-width: 683px) 100vw, 683px\" \/><figcaption class=\"wp-element-caption\">B1\/B2 vizesi nas\u0131l al\u0131n\u0131r<\/figcaption><\/figure>\n\n<h2 class=\"wp-block-heading\">B1\/B2 ABD vizesi hakk\u0131nda s\u0131k\u00e7a sorulan sorular<\/h2>\n\n<h3 class=\"wp-block-heading\">B1\/B2 vizesi ile \u00e7al\u0131\u015fabilir miyim?<\/h3>\n\n<p>Hay\u0131r. <strong>B1 B2 ABD vizesi<\/strong> kesinlikle \u00fccretli istihdam veya e\u011fitim olmaks\u0131z\u0131n <strong>ge\u00e7ici ziyaretler<\/strong> i\u00e7in ayr\u0131lm\u0131\u015ft\u0131r. <\/p>\n\n<h3 class=\"wp-block-heading\">B1 ve B2 ABD vizesi uzat\u0131labilir mi?<\/h3>\n\n<p>Evet, ama <strong>biraz kar\u0131\u015f\u0131k<\/strong>. S\u00fcre bitiminden <strong>en az 45 g\u00fcn \u00f6nce<\/strong> uzatma talep edilmelidir. <\/p>\n\n<h3 class=\"wp-block-heading\">ESTA ile ayn\u0131 \u015fey mi?<\/h3>\n\n<p>Hay\u0131r.<strong>ESTA<\/strong> belirli \u00fclkeler i\u00e7in ve <strong>en fazla 90 g\u00fcn<\/strong> i\u00e7in ayr\u0131lm\u0131\u015ft\u0131r. <strong>B1\/B2 ABD vizesi<\/strong> daha esnektir ancak daha fazla formalite gerektirir.  <\/p>\n\n<h2 class=\"wp-block-heading\">Amerika Birle\u015fik Devletleri&#8217;ni ziyaret etmek i\u00e7in neden B1 B2 vizesini se\u00e7melisiniz?<\/h2>\n\n<p><strong>B1\/B2 ABD vizesi, ABD&#8217;<\/strong> ye gitmek isteyenler i\u00e7in idealdir:<\/p>\n\n<ul class=\"wp-block-list\">\n<li><strong>Akraba ziyareti, gezmeye gitmek, doktora g\u00f6r\u00fcnmek<\/strong><\/li>\n\n\n\n<li><strong>Mesleki konferans ve toplant\u0131lara kat\u0131lmak<\/strong><\/li>\n\n\n\n<li>Birka\u00e7 y\u0131l ge\u00e7erli vize ile <strong>ABD&#8217;ye d\u00fczenli<\/strong> seyahat<\/li>\n\n\n\n<li><strong>ESTA&#8217;ya bir alternatif<\/strong><\/li>\n<\/ul>\n\n<h2 class=\"wp-block-heading\">\u00d6zetle<\/h2>\n\n<figure class=\"wp-block-table\"><table class=\"has-fixed-layout\"><thead><tr><th>Element<\/th><th>Detay<\/th><\/tr><\/thead><tbody><tr><td>Vize t\u00fcr\u00fc<\/td><td><strong>B1\/B2 vizeleri<\/strong> (i\u015f ve turizm)<\/td><\/tr><tr><td>Kal\u0131\u015f s\u00fcresi<\/td><td>Giri\u015f ba\u015f\u0131na 6 aya kadar<\/td><\/tr><tr><td>Ge\u00e7erlilik s\u00fcresi<\/td><td>10 y\u0131la kadar<\/td><\/tr><tr><td>Giri\u015f say\u0131s\u0131<\/td><td>\u00c7oklu<\/td><\/tr><tr><td>\u00c7al\u0131\u015fabilir miyiz?<\/td><td>\u274c Hay\u0131r<\/td><\/tr><tr><td>\u00c7al\u0131\u015fabilir miyiz?<\/td><td>\u274c Hay\u0131r (\u00f6zel durumlar hari\u00e7)<\/td><\/tr><\/tbody><\/table><\/figure>\n","protected":false},"excerpt":{"rendered":"<p>ABD&#8217;ye seyahat i\u00e7in b1b2 vizesi B1\/B2 ABD vizesi en yayg\u0131n Amerikan ziyaret\u00e7i v izesidir. \u0130ster i\u015f ister e\u011flence ama\u00e7l\u0131 seyahat ediyor olun, bu vize Amerikan topraklar\u0131nda ge\u00e7ici bir s\u00fcre kalmak i\u00e7in ideal bir \u00e7\u00f6z\u00fcmd\u00fcr. Bu k\u0131lavuzda, B1\/B2 vizesi, ko\u015fullar\u0131, kullan\u0131\u015fl\u0131l\u0131\u011f\u0131 ve nas\u0131l ba\u015fvurulaca\u011f\u0131 hakk\u0131nda bilmeniz gereken her \u015feyi bulacaks\u0131n\u0131z. B1\/B2 vizesi nedir? B1\/B2 vizesi, Amerika [&hellip;]<\/p>\n","protected":false},"author":1,"featured_media":0,"parent":0,"menu_order":0,"comment_status":"closed","ping_status":"closed","template":"","meta":{"footnotes":""},"class_list":["post-8574","page","type-page","status-publish","hentry"],"yoast_head":"<!-- This site is optimized with the Yoast SEO plugin v27.4 - https:\/\/yoast.com\/product\/yoast-seo-wordpress\/ -->\n<title>Amerika Birle\u015fik Devletleri&#039;ni ziyaret etmek i\u00e7in B1\/B2 vizesi - USA B2<\/title>\n<meta name=\"description\" content=\"Amerika Birle\u015fik Devletleri i\u00e7in b1\/B2 vizesi, seyahat edenlerin 90 g\u00fcnden fazla turizm veya i\u015f ama\u00e7l\u0131 kalmalar\u0131na izin verir.\" \/>\n<meta name=\"robots\" content=\"index, follow, max-snippet:-1, max-image-preview:large, max-video-preview:-1\" \/>\n<link rel=\"canonical\" href=\"https:\/\/usa-b2.com\/tr\/abd-b1-b2-vizesi\/\" \/>\n<meta property=\"og:locale\" content=\"tr_TR\" \/>\n<meta property=\"og:type\" content=\"article\" \/>\n<meta property=\"og:title\" content=\"Amerika Birle\u015fik Devletleri&#039;ni ziyaret etmek i\u00e7in B1\/B2 vizesi - USA B2\" \/>\n<meta property=\"og:description\" content=\"Amerika Birle\u015fik Devletleri i\u00e7in b1\/B2 vizesi, seyahat edenlerin 90 g\u00fcnden fazla turizm veya i\u015f ama\u00e7l\u0131 kalmalar\u0131na izin verir.\" \/>\n<meta property=\"og:url\" content=\"https:\/\/usa-b2.com\/tr\/abd-b1-b2-vizesi\/\" \/>\n<meta property=\"og:site_name\" content=\"USA B2\" \/>\n<meta property=\"article:modified_time\" content=\"2025-05-14T12:26:40+00:00\" \/>\n<meta property=\"og:image\" content=\"https:\/\/usa-b2.com\/wp-content\/uploads\/2025\/04\/us-visa-b1b2.png\" \/>\n\t<meta property=\"og:image:width\" content=\"1024\" \/>\n\t<meta property=\"og:image:height\" content=\"1536\" \/>\n\t<meta property=\"og:image:type\" content=\"image\/png\" \/>\n<meta name=\"twitter:card\" content=\"summary_large_image\" \/>\n<meta name=\"twitter:label1\" content=\"Tahmini okuma s\u00fcresi\" \/>\n\t<meta name=\"twitter:data1\" content=\"3 dakika\" \/>\n<script type=\"application\/ld+json\" class=\"yoast-schema-graph\">{\"@context\":\"https:\\\/\\\/schema.org\",\"@graph\":[{\"@type\":\"WebPage\",\"@id\":\"https:\\\/\\\/usa-b2.com\\\/tr\\\/abd-b1-b2-vizesi\\\/\",\"url\":\"https:\\\/\\\/usa-b2.com\\\/tr\\\/abd-b1-b2-vizesi\\\/\",\"name\":\"Amerika Birle\u015fik Devletleri'ni ziyaret etmek i\u00e7in B1\\\/B2 vizesi - USA B2\",\"isPartOf\":{\"@id\":\"https:\\\/\\\/usa-b2.com\\\/tr\\\/#website\"},\"primaryImageOfPage\":{\"@id\":\"https:\\\/\\\/usa-b2.com\\\/tr\\\/abd-b1-b2-vizesi\\\/#primaryimage\"},\"image\":{\"@id\":\"https:\\\/\\\/usa-b2.com\\\/tr\\\/abd-b1-b2-vizesi\\\/#primaryimage\"},\"thumbnailUrl\":\"https:\\\/\\\/usa-b2.com\\\/wp-content\\\/uploads\\\/2025\\\/04\\\/us-visa-b1b2-683x1024.png\",\"datePublished\":\"2025-04-10T16:14:56+00:00\",\"dateModified\":\"2025-05-14T12:26:40+00:00\",\"description\":\"Amerika Birle\u015fik Devletleri i\u00e7in b1\\\/B2 vizesi, seyahat edenlerin 90 g\u00fcnden fazla turizm veya i\u015f ama\u00e7l\u0131 kalmalar\u0131na izin verir.\",\"breadcrumb\":{\"@id\":\"https:\\\/\\\/usa-b2.com\\\/tr\\\/abd-b1-b2-vizesi\\\/#breadcrumb\"},\"inLanguage\":\"tr\",\"potentialAction\":[{\"@type\":\"ReadAction\",\"target\":[\"https:\\\/\\\/usa-b2.com\\\/tr\\\/abd-b1-b2-vizesi\\\/\"]}]},{\"@type\":\"ImageObject\",\"inLanguage\":\"tr\",\"@id\":\"https:\\\/\\\/usa-b2.com\\\/tr\\\/abd-b1-b2-vizesi\\\/#primaryimage\",\"url\":\"https:\\\/\\\/usa-b2.com\\\/wp-content\\\/uploads\\\/2025\\\/04\\\/us-visa-b1b2-683x1024.png\",\"contentUrl\":\"https:\\\/\\\/usa-b2.com\\\/wp-content\\\/uploads\\\/2025\\\/04\\\/us-visa-b1b2-683x1024.png\"},{\"@type\":\"BreadcrumbList\",\"@id\":\"https:\\\/\\\/usa-b2.com\\\/tr\\\/abd-b1-b2-vizesi\\\/#breadcrumb\",\"itemListElement\":[{\"@type\":\"ListItem\",\"position\":1,\"name\":\"Accueil\",\"item\":\"https:\\\/\\\/usa-b2.com\\\/tr\\\/usa\\\/\"},{\"@type\":\"ListItem\",\"position\":2,\"name\":\"Amerika Birle\u015fik Devletleri&#8217;ni ziyaret etmek i\u00e7in B1\\\/B2 vizesi\"}]},{\"@type\":\"WebSite\",\"@id\":\"https:\\\/\\\/usa-b2.com\\\/tr\\\/#website\",\"url\":\"https:\\\/\\\/usa-b2.com\\\/tr\\\/\",\"name\":\"USA B2 VISA\",\"description\":\"\",\"potentialAction\":[{\"@type\":\"SearchAction\",\"target\":{\"@type\":\"EntryPoint\",\"urlTemplate\":\"https:\\\/\\\/usa-b2.com\\\/tr\\\/?s={search_term_string}\"},\"query-input\":{\"@type\":\"PropertyValueSpecification\",\"valueRequired\":true,\"valueName\":\"search_term_string\"}}],\"inLanguage\":\"tr\"}]}<\/script>\n<!-- \/ Yoast SEO plugin. -->","yoast_head_json":{"title":"Amerika Birle\u015fik Devletleri'ni ziyaret etmek i\u00e7in B1\/B2 vizesi - USA B2","description":"Amerika Birle\u015fik Devletleri i\u00e7in b1\/B2 vizesi, seyahat edenlerin 90 g\u00fcnden fazla turizm veya i\u015f ama\u00e7l\u0131 kalmalar\u0131na izin verir.","robots":{"index":"index","follow":"follow","max-snippet":"max-snippet:-1","max-image-preview":"max-image-preview:large","max-video-preview":"max-video-preview:-1"},"canonical":"https:\/\/usa-b2.com\/tr\/abd-b1-b2-vizesi\/","og_locale":"tr_TR","og_type":"article","og_title":"Amerika Birle\u015fik Devletleri'ni ziyaret etmek i\u00e7in B1\/B2 vizesi - USA B2","og_description":"Amerika Birle\u015fik Devletleri i\u00e7in b1\/B2 vizesi, seyahat edenlerin 90 g\u00fcnden fazla turizm veya i\u015f ama\u00e7l\u0131 kalmalar\u0131na izin verir.","og_url":"https:\/\/usa-b2.com\/tr\/abd-b1-b2-vizesi\/","og_site_name":"USA B2","article_modified_time":"2025-05-14T12:26:40+00:00","og_image":[{"width":1024,"height":1536,"url":"https:\/\/usa-b2.com\/wp-content\/uploads\/2025\/04\/us-visa-b1b2.png","type":"image\/png"}],"twitter_card":"summary_large_image","twitter_misc":{"Tahmini okuma s\u00fcresi":"3 dakika"},"schema":{"@context":"https:\/\/schema.org","@graph":[{"@type":"WebPage","@id":"https:\/\/usa-b2.com\/tr\/abd-b1-b2-vizesi\/","url":"https:\/\/usa-b2.com\/tr\/abd-b1-b2-vizesi\/","name":"Amerika Birle\u015fik Devletleri'ni ziyaret etmek i\u00e7in B1\/B2 vizesi - USA B2","isPartOf":{"@id":"https:\/\/usa-b2.com\/tr\/#website"},"primaryImageOfPage":{"@id":"https:\/\/usa-b2.com\/tr\/abd-b1-b2-vizesi\/#primaryimage"},"image":{"@id":"https:\/\/usa-b2.com\/tr\/abd-b1-b2-vizesi\/#primaryimage"},"thumbnailUrl":"https:\/\/usa-b2.com\/wp-content\/uploads\/2025\/04\/us-visa-b1b2-683x1024.png","datePublished":"2025-04-10T16:14:56+00:00","dateModified":"2025-05-14T12:26:40+00:00","description":"Amerika Birle\u015fik Devletleri i\u00e7in b1\/B2 vizesi, seyahat edenlerin 90 g\u00fcnden fazla turizm veya i\u015f ama\u00e7l\u0131 kalmalar\u0131na izin verir.","breadcrumb":{"@id":"https:\/\/usa-b2.com\/tr\/abd-b1-b2-vizesi\/#breadcrumb"},"inLanguage":"tr","potentialAction":[{"@type":"ReadAction","target":["https:\/\/usa-b2.com\/tr\/abd-b1-b2-vizesi\/"]}]},{"@type":"ImageObject","inLanguage":"tr","@id":"https:\/\/usa-b2.com\/tr\/abd-b1-b2-vizesi\/#primaryimage","url":"https:\/\/usa-b2.com\/wp-content\/uploads\/2025\/04\/us-visa-b1b2-683x1024.png","contentUrl":"https:\/\/usa-b2.com\/wp-content\/uploads\/2025\/04\/us-visa-b1b2-683x1024.png"},{"@type":"BreadcrumbList","@id":"https:\/\/usa-b2.com\/tr\/abd-b1-b2-vizesi\/#breadcrumb","itemListElement":[{"@type":"ListItem","position":1,"name":"Accueil","item":"https:\/\/usa-b2.com\/tr\/usa\/"},{"@type":"ListItem","position":2,"name":"Amerika Birle\u015fik Devletleri&#8217;ni ziyaret etmek i\u00e7in B1\/B2 vizesi"}]},{"@type":"WebSite","@id":"https:\/\/usa-b2.com\/tr\/#website","url":"https:\/\/usa-b2.com\/tr\/","name":"USA B2 VISA","description":"","potentialAction":[{"@type":"SearchAction","target":{"@type":"EntryPoint","urlTemplate":"https:\/\/usa-b2.com\/tr\/?s={search_term_string}"},"query-input":{"@type":"PropertyValueSpecification","valueRequired":true,"valueName":"search_term_string"}}],"inLanguage":"tr"}]}},"_links":{"self":[{"href":"https:\/\/usa-b2.com\/tr\/wp-json\/wp\/v2\/pages\/8574","targetHints":{"allow":["GET"]}}],"collection":[{"href":"https:\/\/usa-b2.com\/tr\/wp-json\/wp\/v2\/pages"}],"about":[{"href":"https:\/\/usa-b2.com\/tr\/wp-json\/wp\/v2\/types\/page"}],"author":[{"embeddable":true,"href":"https:\/\/usa-b2.com\/tr\/wp-json\/wp\/v2\/users\/1"}],"replies":[{"embeddable":true,"href":"https:\/\/usa-b2.com\/tr\/wp-json\/wp\/v2\/comments?post=8574"}],"version-history":[{"count":0,"href":"https:\/\/usa-b2.com\/tr\/wp-json\/wp\/v2\/pages\/8574\/revisions"}],"wp:attachment":[{"href":"https:\/\/usa-b2.com\/tr\/wp-json\/wp\/v2\/media?parent=8574"}],"curies":[{"name":"wp","href":"https:\/\/api.w.org\/{rel}","templated":true}]}}