{"id":8526,"date":"2025-03-18T12:31:27","date_gmt":"2025-03-18T12:31:27","guid":{"rendered":"https:\/\/usa-b2.com\/route-66-the-mother-road\/"},"modified":"2025-10-16T08:29:32","modified_gmt":"2025-10-16T08:29:32","slug":"route-66-the-mother-road","status":"publish","type":"page","link":"https:\/\/usa-b2.com\/tr\/route-66-the-mother-road\/","title":{"rendered":"Route 66 (Ana Yol): Amerika Birle\u015fik Devletleri&#8217;nin Efsanevi Yolculu\u011fu"},"content":{"rendered":"\n<h1 class=\"wp-block-heading\">Route 66&#8217;da yolculuk: ne g\u00f6rmeli ve nerede durmal\u0131?<\/h1>\n\n<p>&#8220;Ana Yol&#8221; lakapl\u0131 <a href=\"https:\/\/www.theroute-66.com\/\">Route 66<\/a>, Amerika Birle\u015fik Devletleri&#8217;nin en sembolik yollar\u0131ndan biridir. <a href=\"https:\/\/www.chicago.gov\/city\/en.html\">Chicago&#8217;<\/a> dan <a href=\"https:\/\/lacity.gov\/\">Los Angeles<\/a>&#8216;a kadar sekiz eyaletten ge\u00e7en bu yol, Amerika&#8217;n\u0131n en derinlerine yap\u0131lan nihai yolculu\u011fu temsil etmektedir. \u00c7e\u015fitli manzaralar\u0131, eski motelleri ve tarihi yerleriyle her y\u0131l binlerce macera arayan gezgini kendine \u00e7ekmektedir. \u0130\u015fte bu efsanevi rota boyunca yolculu\u011funuzu organize etmek i\u00e7in ayr\u0131nt\u0131l\u0131 bir rehber.   <\/p>\n\n<figure class=\"wp-block-image size-large\"><img fetchpriority=\"high\" decoding=\"async\" width=\"1024\" height=\"576\" src=\"https:\/\/usa-b2.com\/wp-content\/uploads\/2025\/03\/Roadtrip-Route-66-1024x576.jpg\" alt=\"\" class=\"wp-image-8354\" srcset=\"https:\/\/usa-b2.com\/wp-content\/uploads\/2025\/03\/Roadtrip-Route-66-1024x576.jpg 1024w, https:\/\/usa-b2.com\/wp-content\/uploads\/2025\/03\/Roadtrip-Route-66-300x169.jpg 300w, https:\/\/usa-b2.com\/wp-content\/uploads\/2025\/03\/Roadtrip-Route-66-768x432.jpg 768w, https:\/\/usa-b2.com\/wp-content\/uploads\/2025\/03\/Roadtrip-Route-66-1536x864.jpg 1536w, https:\/\/usa-b2.com\/wp-content\/uploads\/2025\/03\/Roadtrip-Route-66-2048x1152.jpg 2048w\" sizes=\"(max-width: 1024px) 100vw, 1024px\" \/><\/figure>\n\n<h2 class=\"wp-block-heading\">Ka\u00e7\u0131r\u0131lmayacak manzaralar ve do\u011fal alanlar<\/h2>\n\n<h3 class=\"wp-block-heading\">Milli Parklar ve Do\u011fal Sit Alanlar\u0131<\/h3>\n\n<p>Route 66, bir\u00e7ok milli parktan ve gezmeye de\u011fer muhte\u015fem manzaralardan ge\u00e7mektedir. Bunlar aras\u0131nda <a href=\"https:\/\/az.gov\/\">Arizona<\/a> &#8216;daki <a href=\"https:\/\/www.grandcanyon.org\/experience-grand-canyon\">B\u00fcy\u00fck Kanyon Ulusal Park\u0131<\/a> mutlaka g\u00f6r\u00fclmelidir. Williams&#8217;tan eri\u015filebilen park, nefes kesici manzaralar ve her seviyeye uygun \u00e7ok say\u0131da y\u00fcr\u00fcy\u00fc\u015f imkan\u0131 sunmaktad\u0131r. Bir di\u011fer \u00f6nemli yer ise milyonlarca y\u0131ll\u0131k fosille\u015fmi\u015f a\u011fa\u00e7 g\u00f6vdelerine hayran kalabilece\u011finiz <g id=\"gid_2\">Ta\u015fla\u015fm\u0131\u015f Orman Ulusal Park\u0131&#8217;<\/g>d\u0131r. <a href=\"https:\/\/www.ca.gov\/\">Kaliforniya<\/a>&#8216;da, <a href=\"https:\/\/www.mojavepreserve.org\/\">Mojave Ulusal Koruma<\/a> Alan\u0131 sizi kum tepeleri ve Joshua a\u011fac\u0131 ormanlar\u0131yla \u00e7\u00f6l\u00fcn enginli\u011fine s\u00fcr\u00fckler.    <\/p>\n\n<h3 class=\"wp-block-heading\">Dinlenme Alanlar\u0131 ve Simgesel Alanlar<\/h3>\n\n<p>Route 66 boyunca uzanan ikonik duraklar, yolun nostaljik havas\u0131n\u0131 hissetmek i\u00e7in m\u00fckemmeldir. <a href=\"https:\/\/www.texas.gov\/\">Teksas<\/a>&#8216;taki <a href=\"https:\/\/www.visitamarillo.com\/listing\/cadillac-ranch\/625\/\">Cadillac Ranch<\/a>, arabalar\u0131n topra\u011fa dikildi\u011fi ve grafiti ile kapland\u0131\u011f\u0131 e\u015fsiz bir sanat enstalasyonudur. <g id=\"gid_2\">Oklahoma<\/g>&#8216;da, <g id=\"gid_3\">Catoosa Mavi Balinas\u0131<\/g> al\u0131\u015f\u0131lmad\u0131k ve renkli bir noktad\u0131r. Son olarak Los Angeles&#8217;ta <a href=\"https:\/\/www.santamonicapier.org\/\">Santa Monica \u0130skelesi<\/a> efsanevi &#8220;End of the Trail&#8221; tabelas\u0131yla yolun sonunu i\u015faret etmektedir.  <\/p>\n\n<h2 class=\"wp-block-heading\">Detayl\u0131 Route 66 G\u00fczergah\u0131<\/h2>\n\n<h3 class=\"wp-block-heading\">Chicago&#8217;dan Oklahoma City&#8217;ye<\/h3>\n\n<p>Yolculuk, &#8220;Route 66 Ba\u015flas\u0131n&#8221; tabelas\u0131n\u0131n ba\u015flang\u0131c\u0131 i\u015faret etti\u011fi <a href=\"https:\/\/www.chicago.gov\/city\/en.html\">Chicago&#8217;<\/a>da ba\u015flar. G\u00fcneybat\u0131ya do\u011fru giderken <g id=\"gid_1\">Saint-Louis<\/g> &#8216;de durup \u015fehrin sembol\u00fc olan<g id=\"gid_2\">Gateway Arch<\/g>&#8216;\u0131 g\u00f6rebilirsiniz. Illinois&#8217;deki <g id=\"gid_3\">Springfield<\/g>,<g id=\"gid_4\">Abraham Lincoln<\/g>&#8216;\u00fcn hayat\u0131na bir bak\u0131\u015f sunmaktad\u0131r. Daha uzaktaki <a href=\"https:\/\/www.cityoftulsa.org\/\">Tulsa<\/a> ve <a href=\"https:\/\/www.okc.gov\/\">Oklahoma City<\/a>, tarih ve k\u00fclt\u00fcr a\u00e7\u0131s\u0131ndan zengin, ka\u00e7\u0131r\u0131lmayacak duraklard\u0131r.  <\/p>\n\n<h3 class=\"wp-block-heading\">Oklahoma City&#8217;den Los Angeles&#8217;a<\/h3>\n\n<p>Oklahoma City&#8217;den sonra Cadillac \u00c7iftli\u011fi ile \u00fcnl\u00fc Amarillo, Teksas&#8217;a ge\u00e7ilir. <g id=\"gid_0\">New Mexico<\/g>, Hispanik cazibeye sahip bir \u015fehir olan <g id=\"gid_1\">Albuquerque<\/g> de dahil olmak \u00fczere s\u00fcrprizlerle doludur. Arizona&#8217;da <g id=\"gid_2\">Flagstaff<\/g>, B\u00fcy\u00fck Kanyon&#8217;u ke\u015ffetmek i\u00e7in iyi bir \u00fcs. Son olarak, yolculuk Santa Monica \u0130skelesi&#8217;nin Route 66&#8217;n\u0131n sonunu i\u015faret etti\u011fi Los Angeles&#8217;ta sona eriyor.   <\/p>\n\n<h2 class=\"wp-block-heading\">Route 66 boyunca nerede uyunur?<\/h2>\n\n<h3 class=\"wp-block-heading\">Tarihi Oteller<\/h3>\n\n<p>Route 66 efsanevi konaklama yerleriyle doludur. Arizona&#8217;daki <g id=\"gid_0\">Wigwam Motel<\/g> &#8216;de geleneksel \u00e7ad\u0131rlarda uyuyabilirsiniz. New Mexico&#8217;daki <g id=\"gid_1\">Blue Swallow Motel<\/g>, retro neon \u0131\u015f\u0131klar\u0131 ve vintage atmosferiyle bir kurumdur. Sineman\u0131n alt\u0131n \u00e7a\u011f\u0131na dalmak i\u00e7in, yine New Mexico&#8217;da bulunan <a href=\"https:\/\/elranchohotelgallup.com\/\">El Rancho Hotel<\/a> bir\u00e7ok Hollywood y\u0131ld\u0131z\u0131na ev sahipli\u011fi yapm\u0131\u015ft\u0131r.   <\/p>\n\n<h3 class=\"wp-block-heading\">Bir Gece \u0130\u00e7in En \u0130yi \u015eehirler<\/h3>\n\n<p>Baz\u0131 \u015fehirler mola vermek i\u00e7in idealdir. Flagstaff, Arizona, B\u00fcy\u00fck Kanyon&#8217;u ziyaret etmek ve da\u011f atmosferinin tad\u0131n\u0131 \u00e7\u0131karmak i\u00e7in harika bir yerdir. New Mexico&#8217;daki <g id=\"gid_0\">Santa Fe<\/g>, sanat galerileri ve kerpi\u00e7 mimarisi i\u00e7in bir m\u0131knat\u0131s gibidir. Son olarak, <a href=\"https:\/\/www.barstowca.org\/\">Barstow<\/a>, Kaliforniya, Los Angeles&#8217;a ula\u015fmadan \u00f6nce bir mola yeridir.  <\/p>\n\n<h2 class=\"wp-block-heading\">Instagramlanabilir Foto\u011fraf Noktalar\u0131<\/h2>\n\n<figure class=\"wp-block-table\"><table class=\"has-fixed-layout\"><tbody><tr><td><strong>Foto\u011fraf Spotu<\/strong><\/td><td><strong>Konum<\/strong><\/td><td><strong>Faiz<\/strong><\/td><\/tr><tr><td>Route 66 Tabelas\u0131<\/td><td>Chicago, IL<\/td><td>\u0130konik ba\u015flang\u0131\u00e7 i\u015fareti<\/td><\/tr><tr><td>Cadillac \u00c7iftli\u011fi<\/td><td>Amarillo, TX<\/td><td>\u015eimdiye kadar en \u00e7ok foto\u011fraf\u0131 \u00e7ekilen sanat enstalasyonlar\u0131ndan biri<\/td><\/tr><tr><td><a href=\"https:\/\/standinonthecorner.org\/\">K\u00f6\u015fede Durmak<\/a><\/td><td>Winslow, AZ<\/td><td>Eagles \u015fark\u0131s\u0131yla me\u015fhur oldu<\/td><\/tr><tr><td><a href=\"https:\/\/thebottletreeranch.com\/\">Elmer&#8217;s \u015ei\u015fe A\u011fac\u0131 \u00c7iftli\u011fi<\/a><\/td><td>Oro Grande, CA<\/td><td>Ger\u00e7ek\u00fcst\u00fc ve e\u015fsiz bir yer<\/td><\/tr><tr><td>Santa Monica \u0130skelesi<\/td><td>Los Angeles, CA<\/td><td>Yolculu\u011fun sonu<\/td><\/tr><\/tbody><\/table><\/figure>\n\n<h2 class=\"wp-block-heading\">\u00d6nceki idari formaliteler<\/h2>\n\n<p>Efsanevi Route 66&#8217;ya do\u011fru yola \u00e7\u0131kmadan \u00f6nce t\u00fcm seyahat formalitelerinizi halletti\u011finizden emin olun:<\/p>\n\n<ul class=\"wp-block-list\">\n<li><a href=\"https:\/\/usa-b2.com\/tr\/pasaport-seyahati-abd\/\">Pasaportunuzun ABD&#8217;ye seyahat i\u00e7in ge\u00e7erli oldu\u011f undan emin olun.<\/a><\/li>\n\n\n\n<li><a href=\"https:\/\/usa-b2.com\/tr\/vize-verme-programi\/\">Vize Muafiyet Program\u0131<\/a> <a href=\"https:\/\/usa-b2.com\/tr\/nedir-bir-esta\/\">kapsam\u0131nda ESTA seyahat izni<\/a> almaya uygun olup olmad\u0131\u011f\u0131n\u0131z\u0131 kontrol edin . Aksi takdirde, birka\u00e7 hafta s\u00fcrebilen <a href=\"https:\/\/usa-b2.com\/tr\/vize-b2\/\">bir s\u00fcre\u00e7 olan B2 turist vizesine<\/a> ba\u015fvurman\u0131z gerekecektir. <\/li>\n<\/ul>\n\n<p>Bu nedenle, herhangi bir aksakl\u0131ktan ka\u00e7\u0131nmak i\u00e7in \u00f6nceden plan yapman\u0131z \u015fiddetle tavsiye edilir. Titiz bir haz\u0131rl\u0131k, stressiz bir ba\u015flang\u0131\u00e7 yapman\u0131z\u0131 ve ikonik kasabalar\u0131, eski motelleri ve nefes kesici manzaras\u0131yla Ana Yol&#8217;daki bu efsanevi maceradan tam olarak yararlanabilmenizi sa\u011flayacakt\u0131r.   <\/p>\n\n<h2 class=\"wp-block-heading\">\u00c7iftler veya Aileler i\u00e7in Aktiviteler<\/h2>\n\n<h3 class=\"wp-block-heading\">\u00c7ift<\/h3>\n\n<p>Route 66 boyunca romantik bir yolculuk e\u015fsiz deneyimler sunar. Santa Fe&#8217;de Meksika ve \u0130spanyol esintileri ta\u015f\u0131yan restoranlar romantik bir ak\u015fam yeme\u011fi i\u00e7in m\u00fckemmeldir. Nefes kesen g\u00fcn bat\u0131m\u0131yla B\u00fcy\u00fck Kanyon, iki ki\u015fi i\u00e7in payla\u015f\u0131lacak bir and\u0131r. Son olarak, Mojave \u00c7\u00f6l\u00fc&#8217;nde y\u0131ld\u0131zlar\u0131n alt\u0131nda bir gece b\u00fcy\u00fcl\u00fc ve samimi bir atmosfer sunar.   <\/p>\n\n<h3 class=\"wp-block-heading\">Aile<\/h3>\n\n<p>Route 66 boyunca \u00e7ocuklarla seyahat etmek de ayn\u0131 derecede unutulmaz olabilir. Oklahoma City&#8217;deki Route 66 M\u00fczesi rotan\u0131n tarihi hakk\u0131nda interaktif sergiler sunmaktad\u0131r. Catoosa&#8217;daki Mavi Balina, oyun yap\u0131s\u0131yla e\u011flenceli bir mola i\u00e7in ideal bir durak noktas\u0131d\u0131r. Son olarak, \u00e7ok say\u0131da do\u011fal park y\u00fcr\u00fcy\u00fc\u015f\u00fc herkes i\u00e7in eri\u015filebilir k\u0131lmaktad\u0131r.   <\/p>\n\n<p>Route 66, <a href=\"https:\/\/usa-b2.com\/tr\/\">Amerika Birle\u015fik Devletleri&#8217;ndeki en pop\u00fcler yol gezisidir<\/a>. Muhte\u015fem manzaralar\u0131, tarihi yerleri ve retro hissini bir araya getiren unutulmaz bir macerad\u0131r. \u0130ster \u00e7ift olarak, ister ailenizle veya arkada\u015flar\u0131n\u0131zla seyahat ediyor olun, bu efsanevi yol gezisi sizi Amerikan r\u00fcyas\u0131n\u0131n kalbine g\u00f6t\u00fcrecektir. Seyahat program\u0131n\u0131z\u0131 planlay\u0131n, konaklama rezervasyonunuzu yap\u0131n ve The Mother Road&#8217;u ke\u015ffetmek i\u00e7in yola \u00e7\u0131k\u0131n!   <\/p>\n","protected":false},"excerpt":{"rendered":"<p>Route 66&#8217;da yolculuk: ne g\u00f6rmeli ve nerede durmal\u0131? &#8220;Ana Yol&#8221; lakapl\u0131 Route 66, Amerika Birle\u015fik Devletleri&#8217;nin en sembolik yollar\u0131ndan biridir. Chicago&#8217; dan Los Angeles&#8216;a kadar sekiz eyaletten ge\u00e7en bu yol, Amerika&#8217;n\u0131n en derinlerine yap\u0131lan nihai yolculu\u011fu temsil etmektedir. \u00c7e\u015fitli manzaralar\u0131, eski motelleri ve tarihi yerleriyle her y\u0131l binlerce macera arayan gezgini kendine \u00e7ekmektedir. \u0130\u015fte bu [&hellip;]<\/p>\n","protected":false},"author":1,"featured_media":0,"parent":0,"menu_order":0,"comment_status":"closed","ping_status":"closed","template":"","meta":{"footnotes":""},"class_list":["post-8526","page","type-page","status-publish","hentry"],"yoast_head":"<!-- This site is optimized with the Yoast SEO plugin v27.4 - https:\/\/yoast.com\/product\/yoast-seo-wordpress\/ -->\n<title>Route 66 (Ana Yol): Amerika Birle\u015fik Devletleri&#039;nin Efsanevi Yolculu\u011fu - USA B2<\/title>\n<meta name=\"description\" content=\"Efsanevi Route 66&#039;y\u0131 gezin: unutulmaz bir yolculuk i\u00e7in g\u00fczergah, manzaralar, oteller, foto\u011fraf noktalar\u0131 ve yap\u0131lmas\u0131 gereken aktiviteler!\" \/>\n<meta name=\"robots\" content=\"index, follow, max-snippet:-1, max-image-preview:large, max-video-preview:-1\" \/>\n<link rel=\"canonical\" href=\"https:\/\/usa-b2.com\/tr\/route-66-the-mother-road\/\" \/>\n<meta property=\"og:locale\" content=\"tr_TR\" \/>\n<meta property=\"og:type\" content=\"article\" \/>\n<meta property=\"og:title\" content=\"Route 66 (Ana Yol): Amerika Birle\u015fik Devletleri&#039;nin Efsanevi Yolculu\u011fu - USA B2\" \/>\n<meta property=\"og:description\" content=\"Efsanevi Route 66&#039;y\u0131 gezin: unutulmaz bir yolculuk i\u00e7in g\u00fczergah, manzaralar, oteller, foto\u011fraf noktalar\u0131 ve yap\u0131lmas\u0131 gereken aktiviteler!\" \/>\n<meta property=\"og:url\" content=\"https:\/\/usa-b2.com\/tr\/route-66-the-mother-road\/\" \/>\n<meta property=\"og:site_name\" content=\"USA B2\" \/>\n<meta property=\"article:modified_time\" content=\"2025-10-16T08:29:32+00:00\" \/>\n<meta property=\"og:image\" content=\"https:\/\/usa-b2.com\/wp-content\/uploads\/2025\/03\/Roadtrip-Route-66-scaled.jpg\" \/>\n\t<meta property=\"og:image:width\" content=\"2560\" \/>\n\t<meta property=\"og:image:height\" content=\"1440\" \/>\n\t<meta property=\"og:image:type\" content=\"image\/jpeg\" \/>\n<meta name=\"twitter:card\" content=\"summary_large_image\" \/>\n<meta name=\"twitter:label1\" content=\"Tahmini okuma s\u00fcresi\" \/>\n\t<meta name=\"twitter:data1\" content=\"4 dakika\" \/>\n<script type=\"application\/ld+json\" class=\"yoast-schema-graph\">{\"@context\":\"https:\\\/\\\/schema.org\",\"@graph\":[{\"@type\":\"WebPage\",\"@id\":\"https:\\\/\\\/usa-b2.com\\\/tr\\\/route-66-the-mother-road\\\/\",\"url\":\"https:\\\/\\\/usa-b2.com\\\/tr\\\/route-66-the-mother-road\\\/\",\"name\":\"Route 66 (Ana Yol): Amerika Birle\u015fik Devletleri'nin Efsanevi Yolculu\u011fu - USA B2\",\"isPartOf\":{\"@id\":\"https:\\\/\\\/usa-b2.com\\\/tr\\\/#website\"},\"primaryImageOfPage\":{\"@id\":\"https:\\\/\\\/usa-b2.com\\\/tr\\\/route-66-the-mother-road\\\/#primaryimage\"},\"image\":{\"@id\":\"https:\\\/\\\/usa-b2.com\\\/tr\\\/route-66-the-mother-road\\\/#primaryimage\"},\"thumbnailUrl\":\"https:\\\/\\\/usa-b2.com\\\/wp-content\\\/uploads\\\/2025\\\/03\\\/Roadtrip-Route-66-1024x576.jpg\",\"datePublished\":\"2025-03-18T12:31:27+00:00\",\"dateModified\":\"2025-10-16T08:29:32+00:00\",\"description\":\"Efsanevi Route 66'y\u0131 gezin: unutulmaz bir yolculuk i\u00e7in g\u00fczergah, manzaralar, oteller, foto\u011fraf noktalar\u0131 ve yap\u0131lmas\u0131 gereken aktiviteler!\",\"breadcrumb\":{\"@id\":\"https:\\\/\\\/usa-b2.com\\\/tr\\\/route-66-the-mother-road\\\/#breadcrumb\"},\"inLanguage\":\"tr\",\"potentialAction\":[{\"@type\":\"ReadAction\",\"target\":[\"https:\\\/\\\/usa-b2.com\\\/tr\\\/route-66-the-mother-road\\\/\"]}]},{\"@type\":\"ImageObject\",\"inLanguage\":\"tr\",\"@id\":\"https:\\\/\\\/usa-b2.com\\\/tr\\\/route-66-the-mother-road\\\/#primaryimage\",\"url\":\"https:\\\/\\\/usa-b2.com\\\/wp-content\\\/uploads\\\/2025\\\/03\\\/Roadtrip-Route-66-1024x576.jpg\",\"contentUrl\":\"https:\\\/\\\/usa-b2.com\\\/wp-content\\\/uploads\\\/2025\\\/03\\\/Roadtrip-Route-66-1024x576.jpg\"},{\"@type\":\"BreadcrumbList\",\"@id\":\"https:\\\/\\\/usa-b2.com\\\/tr\\\/route-66-the-mother-road\\\/#breadcrumb\",\"itemListElement\":[{\"@type\":\"ListItem\",\"position\":1,\"name\":\"Accueil\",\"item\":\"https:\\\/\\\/usa-b2.com\\\/tr\\\/usa\\\/\"},{\"@type\":\"ListItem\",\"position\":2,\"name\":\"Route 66 (Ana Yol): Amerika Birle\u015fik Devletleri&#8217;nin Efsanevi Yolculu\u011fu\"}]},{\"@type\":\"WebSite\",\"@id\":\"https:\\\/\\\/usa-b2.com\\\/tr\\\/#website\",\"url\":\"https:\\\/\\\/usa-b2.com\\\/tr\\\/\",\"name\":\"USA B2 VISA\",\"description\":\"\",\"potentialAction\":[{\"@type\":\"SearchAction\",\"target\":{\"@type\":\"EntryPoint\",\"urlTemplate\":\"https:\\\/\\\/usa-b2.com\\\/tr\\\/?s={search_term_string}\"},\"query-input\":{\"@type\":\"PropertyValueSpecification\",\"valueRequired\":true,\"valueName\":\"search_term_string\"}}],\"inLanguage\":\"tr\"}]}<\/script>\n<!-- \/ Yoast SEO plugin. -->","yoast_head_json":{"title":"Route 66 (Ana Yol): Amerika Birle\u015fik Devletleri'nin Efsanevi Yolculu\u011fu - USA B2","description":"Efsanevi Route 66'y\u0131 gezin: unutulmaz bir yolculuk i\u00e7in g\u00fczergah, manzaralar, oteller, foto\u011fraf noktalar\u0131 ve yap\u0131lmas\u0131 gereken aktiviteler!","robots":{"index":"index","follow":"follow","max-snippet":"max-snippet:-1","max-image-preview":"max-image-preview:large","max-video-preview":"max-video-preview:-1"},"canonical":"https:\/\/usa-b2.com\/tr\/route-66-the-mother-road\/","og_locale":"tr_TR","og_type":"article","og_title":"Route 66 (Ana Yol): Amerika Birle\u015fik Devletleri'nin Efsanevi Yolculu\u011fu - USA B2","og_description":"Efsanevi Route 66'y\u0131 gezin: unutulmaz bir yolculuk i\u00e7in g\u00fczergah, manzaralar, oteller, foto\u011fraf noktalar\u0131 ve yap\u0131lmas\u0131 gereken aktiviteler!","og_url":"https:\/\/usa-b2.com\/tr\/route-66-the-mother-road\/","og_site_name":"USA B2","article_modified_time":"2025-10-16T08:29:32+00:00","og_image":[{"width":2560,"height":1440,"url":"https:\/\/usa-b2.com\/wp-content\/uploads\/2025\/03\/Roadtrip-Route-66-scaled.jpg","type":"image\/jpeg"}],"twitter_card":"summary_large_image","twitter_misc":{"Tahmini okuma s\u00fcresi":"4 dakika"},"schema":{"@context":"https:\/\/schema.org","@graph":[{"@type":"WebPage","@id":"https:\/\/usa-b2.com\/tr\/route-66-the-mother-road\/","url":"https:\/\/usa-b2.com\/tr\/route-66-the-mother-road\/","name":"Route 66 (Ana Yol): Amerika Birle\u015fik Devletleri'nin Efsanevi Yolculu\u011fu - USA B2","isPartOf":{"@id":"https:\/\/usa-b2.com\/tr\/#website"},"primaryImageOfPage":{"@id":"https:\/\/usa-b2.com\/tr\/route-66-the-mother-road\/#primaryimage"},"image":{"@id":"https:\/\/usa-b2.com\/tr\/route-66-the-mother-road\/#primaryimage"},"thumbnailUrl":"https:\/\/usa-b2.com\/wp-content\/uploads\/2025\/03\/Roadtrip-Route-66-1024x576.jpg","datePublished":"2025-03-18T12:31:27+00:00","dateModified":"2025-10-16T08:29:32+00:00","description":"Efsanevi Route 66'y\u0131 gezin: unutulmaz bir yolculuk i\u00e7in g\u00fczergah, manzaralar, oteller, foto\u011fraf noktalar\u0131 ve yap\u0131lmas\u0131 gereken aktiviteler!","breadcrumb":{"@id":"https:\/\/usa-b2.com\/tr\/route-66-the-mother-road\/#breadcrumb"},"inLanguage":"tr","potentialAction":[{"@type":"ReadAction","target":["https:\/\/usa-b2.com\/tr\/route-66-the-mother-road\/"]}]},{"@type":"ImageObject","inLanguage":"tr","@id":"https:\/\/usa-b2.com\/tr\/route-66-the-mother-road\/#primaryimage","url":"https:\/\/usa-b2.com\/wp-content\/uploads\/2025\/03\/Roadtrip-Route-66-1024x576.jpg","contentUrl":"https:\/\/usa-b2.com\/wp-content\/uploads\/2025\/03\/Roadtrip-Route-66-1024x576.jpg"},{"@type":"BreadcrumbList","@id":"https:\/\/usa-b2.com\/tr\/route-66-the-mother-road\/#breadcrumb","itemListElement":[{"@type":"ListItem","position":1,"name":"Accueil","item":"https:\/\/usa-b2.com\/tr\/usa\/"},{"@type":"ListItem","position":2,"name":"Route 66 (Ana Yol): Amerika Birle\u015fik Devletleri&#8217;nin Efsanevi Yolculu\u011fu"}]},{"@type":"WebSite","@id":"https:\/\/usa-b2.com\/tr\/#website","url":"https:\/\/usa-b2.com\/tr\/","name":"USA B2 VISA","description":"","potentialAction":[{"@type":"SearchAction","target":{"@type":"EntryPoint","urlTemplate":"https:\/\/usa-b2.com\/tr\/?s={search_term_string}"},"query-input":{"@type":"PropertyValueSpecification","valueRequired":true,"valueName":"search_term_string"}}],"inLanguage":"tr"}]}},"_links":{"self":[{"href":"https:\/\/usa-b2.com\/tr\/wp-json\/wp\/v2\/pages\/8526","targetHints":{"allow":["GET"]}}],"collection":[{"href":"https:\/\/usa-b2.com\/tr\/wp-json\/wp\/v2\/pages"}],"about":[{"href":"https:\/\/usa-b2.com\/tr\/wp-json\/wp\/v2\/types\/page"}],"author":[{"embeddable":true,"href":"https:\/\/usa-b2.com\/tr\/wp-json\/wp\/v2\/users\/1"}],"replies":[{"embeddable":true,"href":"https:\/\/usa-b2.com\/tr\/wp-json\/wp\/v2\/comments?post=8526"}],"version-history":[{"count":3,"href":"https:\/\/usa-b2.com\/tr\/wp-json\/wp\/v2\/pages\/8526\/revisions"}],"predecessor-version":[{"id":10612,"href":"https:\/\/usa-b2.com\/tr\/wp-json\/wp\/v2\/pages\/8526\/revisions\/10612"}],"wp:attachment":[{"href":"https:\/\/usa-b2.com\/tr\/wp-json\/wp\/v2\/media?parent=8526"}],"curies":[{"name":"wp","href":"https:\/\/api.w.org\/{rel}","templated":true}]}}