{"id":8237,"date":"2025-03-17T13:14:29","date_gmt":"2025-03-17T13:14:29","guid":{"rendered":"https:\/\/usa-b2.com\/guneybati-roadtrip-amerikan-devletleri\/"},"modified":"2025-11-04T15:41:46","modified_gmt":"2025-11-04T15:41:46","slug":"guneybati-roadtrip-amerikan-devletleri","status":"publish","type":"page","link":"https:\/\/usa-b2.com\/tr\/guneybati-roadtrip-amerikan-devletleri\/","title":{"rendered":"Amerika Birle\u015fik Devletleri&#8217;nin G\u00fcney Bat\u0131s\u0131nda Yol Gezisi"},"content":{"rendered":"\n<h1 class=\"wp-block-heading\">Arabayla G\u00fcneybat\u0131 Amerika Birle\u015fik Devletleri: M\u00fckemmel bir yolculuk i\u00e7in rehber<\/h1>\n\n<h2 class=\"wp-block-heading\">Grand Circle Yol Gezisi G\u00fczergah\u0131  <\/h2>\n\n<figure class=\"wp-block-image size-large\"><img fetchpriority=\"high\" decoding=\"async\" width=\"1024\" height=\"576\" src=\"https:\/\/usa-b2.com\/wp-content\/uploads\/2025\/03\/Grand-circle-road-trip-1024x576.jpg\" alt=\"\" class=\"wp-image-8187\" srcset=\"https:\/\/usa-b2.com\/wp-content\/uploads\/2025\/03\/Grand-circle-road-trip-1024x576.jpg 1024w, https:\/\/usa-b2.com\/wp-content\/uploads\/2025\/03\/Grand-circle-road-trip-300x169.jpg 300w, https:\/\/usa-b2.com\/wp-content\/uploads\/2025\/03\/Grand-circle-road-trip-768x432.jpg 768w, https:\/\/usa-b2.com\/wp-content\/uploads\/2025\/03\/Grand-circle-road-trip.jpg 1280w\" sizes=\"(max-width: 1024px) 100vw, 1024px\" \/><\/figure>\n\n<h3 class=\"wp-block-heading\">Kalk\u0131\u015f ve ilk etap: Las Vegas<\/h3>\n\n<p><a href=\"https:\/\/www.lasvegasnevada.gov\/\">Las Vegas, Amerika&#8217;n\u0131n g\u00fcneybat\u0131s\u0131na yap\u0131lacak bir yolculuk i\u00e7in ideal bir ba\u015flang\u0131\u00e7 noktas\u0131d\u0131r<\/a>. Uluslararas\u0131 havaliman\u0131 \u00e7ok say\u0131da u\u00e7u\u015fa ev sahipli\u011fi yapmakta ve geni\u015f bir ara\u00e7 kiralama se\u00e7ene\u011fi sunmaktad\u0131r. Yola \u00e7\u0131kmadan \u00f6nce bir ak\u015fam\u0131n\u0131z\u0131 Strip&#8217;i, Bellagio ve <a href=\"https:\/\/bellagio.mgmresorts.com\/en.html\">\u00fcnl\u00fc f\u0131skiye<\/a> g\u00f6sterisi gibi efsanevi otel-kumarhaneleri ya da Vegas&#8217;\u0131n atmosferine <a href=\"https:\/\/vegasexperience.com\/\">\u0131\u015f\u0131kl\u0131 bir \u015fekilde dalmak i\u00e7in Fremont Street Experience&#8217;\u0131<\/a> ke\u015ffederek ge\u00e7irmeye de\u011fer.<\/p>\n\n<p>Ertesi g\u00fcn, <a href=\"https:\/\/usa-b2.com\/tr\/route-66-the-mother-road\/\">Route 66<\/a> \u00fczerinden <a href=\"https:\/\/www.grandcanyon.org\/experience-grand-canyon\">B\u00fcy\u00fck Kanyon<\/a> &#8216;a gidin, eski bir mola ve tipik bir burger i\u00e7in ikonik bir kasaba olan Seligman&#8217;dan ge\u00e7in.<\/p>\n\n<h3 class=\"wp-block-heading\">B\u00fcy\u00fck Kanyon &amp; An\u0131t Vadisi (2-4. G\u00fcnler)<\/h3>\n\n<p>B\u00fcy\u00fck Kanyon d\u00fcnyan\u0131n en \u00e7ok ziyaret edilen do\u011fal alanlar\u0131ndan biridir. En iyi deneyim i\u00e7in kanyonun inan\u0131lmaz manzaralar\u0131n\u0131 sunan South Rim&#8217;i se\u00e7in. En iyi noktalar aras\u0131nda:  <\/p>\n\n<ul class=\"wp-block-list\">\n<li><strong>Mather Point<\/strong>: Muhte\u015fem bir g\u00fcn do\u011fumu i\u00e7in m\u00fckemmeldir.<\/li>\n\n\n\n<li><strong>\u00c7\u00f6l Manzaral\u0131 G\u00f6zetleme Kul<\/strong> esi: Panoramik manzaralar sunan bir g\u00f6zlem kulesi.<\/li>\n<\/ul>\n\n<p>Kanyonu ke\u015ffettikten sonra, Colorado&#8217;nun <a href=\"https:\/\/horseshoebend.co\/\">muhte\u015fem bir d\u00f6ng\u00fcs\u00fc olan Horseshoe Bend&#8217;e gidin .<\/a> Son olarak, <a href=\"https:\/\/navajonationparks.org\/navajo-tribal-parks\/monument-valley\/\">Monument Valley sizi Navajolar taraf\u0131ndan y\u00f6nlendirilen bir 4&#215;4 gezisi ile efsanevi western filmlerinin \u00e7ekildi\u011fi ortama geri g\u00f6t\u00fcrecek<\/a>.<\/p>\n\n<h3 class=\"wp-block-heading\">Antilop Kanyonu &amp; Bryce Kanyonu (5-7. G\u00fcnler)<\/h3>\n\n<p><a href=\"https:\/\/www.antelopecanyontickets.com\/\">Antilop Kan<\/a> yonu, b\u00fcy\u00fcl\u00fc \u0131\u015f\u0131k oyunlar\u0131yla \u00fcnl\u00fc, su taraf\u0131ndan \u015fekillendirilmi\u015f bir kanyondur. Sadece bir rehber e\u015fli\u011finde ula\u015f\u0131labilen bu yer foto\u011fraf\u00e7\u0131lar i\u00e7in bir zorunluluktur. <\/p>\n\n<p>Ard\u0131ndan <a href=\"https:\/\/www.nps.gov\/brca\/index.htm\">kukuletalar\u0131n(peri bacalar\u0131) ba\u015fka bir d\u00fcnyaya yak\u0131\u015f\u0131r bir fon olu\u015fturdu\u011fu Bryce Kanyonu&#8217;na ge\u00e7ilir .<\/a> Tam bir dald\u0131rma i\u00e7in <a href=\"https:\/\/navajonationparks.org\/navajo-tribal-parks\/monument-valley\/\">Navajo Loop Trail, kanyonun i\u00e7inden kaya olu\u015fumlar\u0131n\u0131 ke\u015ffetmenize olanak tan\u0131r<\/a>.<\/p>\n\n<h3 class=\"wp-block-heading\">Zion Ulusal Park\u0131 ve Las Vegas&#8217;a d\u00f6n\u00fc\u015f (8-10. G\u00fcnler)<\/h3>\n\n<p><a href=\"https:\/\/zionnationalpark.com\/\">Zion Ulusal Park\u0131 bir y\u00fcr\u00fcy\u00fc\u015f\u00e7\u00fc cennetidir<\/a>. En pop\u00fcler parkurlardan biri olan <a href=\"https:\/\/www.angelslandingdtla.com\/\">Angels Landing, nefes kesici panoramik manzaralar sunmaktad\u0131r<\/a>. Daha eri\u015filebilir bir y\u00fcr\u00fcy\u00fc\u015f i\u00e7in The Narrows, bir kanyonun kalbindeki bir nehirde y\u00fcr\u00fcmenizi sa\u011flar.<\/p>\n\n<p>Sonunda, yolculuk bitmeden \u00f6nce son bir canl\u0131 gece i\u00e7in Las Vegas&#8217;a d\u00f6n\u00fcyoruz.<\/p>\n\n<h2 class=\"wp-block-heading\">Ke\u015ffedilecek Ulusal Parklar ve \u0130konik Manzaralar<\/h2>\n\n<h3 class=\"wp-block-heading\">Ka\u00e7\u0131r\u0131lmayacak Parklar<\/h3>\n\n<p>Grand Circle ulusal parklar\u0131 Amerika Birle\u015fik Devletleri&#8217;nin en g\u00fczel parklar\u0131 aras\u0131ndad\u0131r. B\u00fcy\u00fck Kanyon u\u00e7suz bucaks\u0131zl\u0131\u011f\u0131yla etkileyiciyken, Bryce Kanyonu ve kaya olu\u015fumlar\u0131 b\u00fcy\u00fcl\u00fc bir fon sa\u011flar. <a href=\"https:\/\/www.recreation.gov\/timed-entry\/10088426\">Arches Ulusal Park\u0131<\/a>&#8216;nda ziyaret\u00e7iler, Utah&#8217;\u0131n simgesi olan <a href=\"https:\/\/delicatearchfilm.com\/\">Delicate<\/a> Arch da dahil olmak \u00fczere 2.000&#8217;den fazla do\u011fal kemeri hayranl\u0131kla izleyebilirler.  <\/p>\n\n<p>Bu arada Zion, y\u00fckselen kayal\u0131klar ve dolamba\u00e7l\u0131 nehirlerin m\u00fckemmel bir kar\u0131\u015f\u0131m\u0131d\u0131r. Daha az bilinen bir ba\u015fka m\u00fccevher olan Canyonlands, ay manzaralar\u0131 ve mutlak huzur ve sessizlik sunmaktad\u0131r. <\/p>\n\n<h3 class=\"wp-block-heading\">G\u00f6r\u00fclmesi gereken yerler<\/h3>\n\n<p>Yolculuk boyunca durmaya de\u011fer birka\u00e7 ilgi \u00e7ekici nokta vard\u0131r:<\/p>\n\n<ul class=\"wp-block-list\">\n<li>Horseshoe Bend: Colorado Nehri&#8217;nin 270\u00b0&#8217;lik bir g\u00f6r\u00fcnt\u00fcs\u00fc.<\/li>\n\n\n\n<li>Ta\u015fla\u015fm\u0131\u015f orman: Fosille\u015fmi\u015f a\u011fa\u00e7lar\u0131n 200 milyon y\u0131l \u00f6ncesine dayand\u0131\u011f\u0131 e\u015fsiz bir ortam.<\/li>\n\n\n\n<li>Goosenecks Eyalet Park\u0131: San Juan Nehri taraf\u0131ndan \u015fekillendirilmi\u015f muhte\u015fem bir kanyon.<\/li>\n<\/ul>\n\n<h2 class=\"wp-block-heading\">Nerede uyuyabilirim? \u00d6nerilen Oteller ve Kasabalar <\/h2>\n\n<h3 class=\"wp-block-heading\">Durulacak kasabalar<\/h3>\n\n<p>Durulacak \u015fehirlerin se\u00e7imi yolculu\u011fun konforunu etkiler. Las Vegas kolay bir var\u0131\u015f ve ayr\u0131l\u0131\u015f i\u00e7in m\u00fckemmeldir. Page, Horseshoe Bend ve Antelope Kanyonu&#8217;nu ziyaret etmek i\u00e7in ideal bir mola yeridir. Moab, turistik tesisleri ile Arches ve Canyonlands&#8217;i ke\u015ffetmek i\u00e7in m\u00fckemmeldir. Son olarak, Zion ve Bryce Kanyonu do\u011fayla i\u00e7 i\u00e7e bir konaklama imkan\u0131 sunmaktad\u0131r.    <\/p>\n\n<h3 class=\"wp-block-heading\">En \u0130yi Oteller ve Se\u00e7enekler<\/h3>\n\n<p>\u0130\u015fte b\u00fct\u00e7enize uygun baz\u0131 \u00f6neriler:<\/p>\n\n<figure class=\"wp-block-table\"><table class=\"has-fixed-layout\"><tbody><tr><td><strong>Konum<\/strong><\/td><td><strong>Tavsiye edilen otel<\/strong><\/td><td><strong>B\u00fct\u00e7e<\/strong><\/td><\/tr><tr><td>Las Vegas<\/td><td><a href=\"https:\/\/www.venetianlasvegas.com\/\">The Venetian<\/a><\/td><td>$$$<\/td><\/tr><tr><td>B\u00fcy\u00fck Kanyon<\/td><td><a href=\"https:\/\/www.visitgrandcanyon.com\/yavapai-lodge\">Yavapai Lodge<\/a><\/td><td>$$<\/td><\/tr><tr><td>Bryce Kanyonu<\/td><td><a href=\"https:\/\/www.bestwestern.com\/en_US\/book\/hotel-rooms.45040.html\">Best Western Ruby&#8217;s Inn<\/a><\/td><td>$$<\/td><\/tr><tr><td>Moab<\/td><td><a href=\"https:\/\/www.hilton.com\/en\/hotels\/cnycuqq-hoodoo-moab\/\">Hoodoo Moab by Hilton<\/a><\/td><td>$$$<\/td><\/tr><tr><td>Zion<\/td><td><a href=\"https:\/\/www.zionlodge.com\/\">Zion Lodge<\/a><\/td><td>$$$<\/td><\/tr><\/tbody><\/table><\/figure>\n\n<h2 class=\"wp-block-heading\">\u00d6nceki idari formaliteler<\/h2>\n\n<p>Amerika Birle\u015fik Devletleri&#8217;nin g\u00fcneybat\u0131s\u0131n\u0131 araba ile ziyaret etmeden \u00f6nce, seyahat formalitelerini \u00f6ng\u00f6rmeniz gerekir. Bunu kontrol etmeniz gerekir : <\/p>\n\n<ul class=\"wp-block-list\">\n<li><a href=\"https:\/\/usa-b2.com\/tr\/pasaport-seyahati-abd\/\">Pasaportu ABD&#8217;ye seyahat i\u00e7in ge\u00e7erlidir.<\/a> <\/li>\n\n\n\n<li><a href=\"https:\/\/usa-b2.com\/tr\/vize-verme-programi\/\">Vize Muafiyet Program\u0131<\/a> <a href=\"https:\/\/usa-b2.com\/tr\/nedir-bir-esta\/\">kapsam\u0131nda ESTA seyahat izni<\/a> almaya uygunsunuz . De\u011filse, B2 <a href=\"https:\/\/usa-b2.com\/tr\/vize-b2\/\">turist vizesi alman\u0131z gerekecektir .<\/a> <\/li>\n<\/ul>\n\n<div style=\"height:10px\" aria-hidden=\"true\" class=\"wp-block-spacer\"><\/div>\n\n<h2 class=\"wp-block-heading\">  Instagram&#8217;da en \u00e7ok foto\u011fraf \u00e7ekilebilecek noktalar<\/h2>\n\n<h3 class=\"wp-block-heading\">\u0130konik do\u011fal manzaralar<\/h3>\n\n<p>Grand Circle&#8217;daki baz\u0131 yerler ger\u00e7ek foto\u011frafik m\u00fccevherlerdir. Horseshoe Bend, Colorado Nehri&#8217;nin \u00fczerinde dalgalanan manzaras\u0131yla muhtemelen en \u00fcnl\u00fc noktad\u0131r. R\u00fczgar ve su taraf\u0131ndan \u015fekillendirilmi\u015f olu\u015fumlar\u0131yla Antilop Kanyonu, Instagram i\u00e7in m\u00fckemmel olan b\u00fcy\u00fcl\u00fc bir \u0131\u015f\u0131k oyunu sunar.  <\/p>\n\n<h3 class=\"wp-block-heading\">B\u00fcy\u00fcl\u00fc g\u00fcn bat\u0131mlar\u0131<\/h3>\n\n<p>G\u00fcn bat\u0131m\u0131 manzaray\u0131 d\u00f6n\u00fc\u015ft\u00fcr\u00fcr ve baz\u0131 muhte\u015fem kareler yarat\u0131r. En iyi noktalar aras\u0131nda: <\/p>\n\n<ul class=\"wp-block-list\">\n<li><strong>B\u00fcy\u00fck Kanyon (Yavapai Noktas\u0131)<\/strong>: Kayal\u0131klarda inan\u0131lmaz renkler.<\/li>\n\n\n\n<li><strong>Monument Valley<\/strong>: \u00dcnl\u00fc k\u0131z\u0131l tepelerin g\u00f6lgesi g\u00f6z alabildi\u011fine uzan\u0131r.<\/li>\n<\/ul>\n\n<h2 class=\"wp-block-heading\">\u00c7ift olarak yap\u0131lacaklar<\/h2>\n\n<h3 class=\"wp-block-heading\">Romantik Deneyimler<\/h3>\n\n<p>\u00c7ift olarak seyahat etmek inan\u0131lmaz manzaralarda b\u00fcy\u00fcl\u00fc anlar ya\u015faman\u0131z\u0131 sa\u011flar. G\u00fcn bat\u0131m\u0131nda Monument Valley&#8217;de at s\u0131rt\u0131nda bir gezinti unutulmaz bir deneyimdir. Heyecan arayanlar i\u00e7in B\u00fcy\u00fck Kanyon \u00fczerinde bir helikopter u\u00e7u\u015fu vadinin e\u015fsiz manzaras\u0131n\u0131 sunar.  <\/p>\n\n<h3 class=\"wp-block-heading\">A\u00e7\u0131k havada uyumak<\/h3>\n\n<p>Vah\u015fi do\u011fada bir gece ge\u00e7irmek geziye romantik bir dokunu\u015f katar. Zion&#8217;da, bozulmam\u0131\u015f y\u0131ld\u0131zl\u0131 bir g\u00f6ky\u00fcz\u00fcn\u00fcn alt\u0131nda kamp yapmak ideal bir se\u00e7enektir. Daha bohem bir deneyim i\u00e7in Joshua Tree&#8217;de bir Airstream&#8217;de uyumak huzurlu ve samimi bir atmosfer sunar.  <\/p>\n\n<h2 class=\"wp-block-heading\">Aile Yolculu\u011fu i\u00e7in Aktiviteler<\/h2>\n\n<h3 class=\"wp-block-heading\">E\u011flenceli Deneyimler<\/h3>\n\n<p>Geziyi \u00e7ocuklar i\u00e7in heyecanl\u0131 hale getirmek i\u00e7in ideal olan bir dizi aktivite vard\u0131r. <g id=\"gid_0\">Moab<\/g>&#8216;da bir dinozor m\u00fczesinde tarih \u00f6ncesi fosiller ve ayak izleri sergilenmektedir. Bryce Kanyonu&#8217;nda Navajo Loop Trail ailelerin eri\u015fimine a\u00e7\u0131kt\u0131r ve e\u015fsiz bir do\u011fa manzaras\u0131 sunar.  <\/p>\n\n<h3 class=\"wp-block-heading\">Ailenizle nerede yemek yiyebilirsiniz<\/h3>\n\n<p>Yolculuklarda yemek molalar\u0131 \u00e7ok \u00f6nemlidir. \u0130\u015fte aileler i\u00e7in ideal olan birka\u00e7 yer: <\/p>\n\n<ul class=\"wp-block-list\">\n<li><a href=\"https:\/\/www.thunderbirdutah.com\/\">Thunderbird Restaurant (Utah)<\/a>: Ev yap\u0131m\u0131 turtalar\u0131 olan otantik bir Amerikan lokantas\u0131.<\/li>\n\n\n\n<li><a href=\"https:\/\/www.bigtexan.com\/\">Big Texan Steak Ranch<\/a> (Route 66): \u00d6zel \u00e7ocuk men\u00fcs\u00fc ile Western ambiyans\u0131.<\/li>\n<\/ul>\n\n<p>Grand Circle Yol Gezisi efsanevi bir macera ve en iyi <a href=\"https:\/\/usa-b2.com\/tr\/\">Amerikan yol gezilerinden biridir .<\/a> \u0130ster \u00e7ift olarak ister aile olarak seyahat ediyor olun, her g\u00fcn ke\u015ffedilecek bir \u015feyler vard\u0131r. Seyahat program\u0131n\u0131z\u0131 iyi planlay\u0131n, otellerinizi dikkatle se\u00e7in ve g\u00f6zlerinizi d\u00f6rt a\u00e7\u0131n: bu asla unutamayaca\u011f\u0131n\u0131z bir yolculuk!  <\/p>\n","protected":false},"excerpt":{"rendered":"<p>Arabayla G\u00fcneybat\u0131 Amerika Birle\u015fik Devletleri: M\u00fckemmel bir yolculuk i\u00e7in rehber Grand Circle Yol Gezisi G\u00fczergah\u0131 Kalk\u0131\u015f ve ilk etap: Las Vegas Las Vegas, Amerika&#8217;n\u0131n g\u00fcneybat\u0131s\u0131na yap\u0131lacak bir yolculuk i\u00e7in ideal bir ba\u015flang\u0131\u00e7 noktas\u0131d\u0131r. Uluslararas\u0131 havaliman\u0131 \u00e7ok say\u0131da u\u00e7u\u015fa ev sahipli\u011fi yapmakta ve geni\u015f bir ara\u00e7 kiralama se\u00e7ene\u011fi sunmaktad\u0131r. Yola \u00e7\u0131kmadan \u00f6nce bir ak\u015fam\u0131n\u0131z\u0131 Strip&#8217;i, Bellagio [&hellip;]<\/p>\n","protected":false},"author":1,"featured_media":0,"parent":0,"menu_order":0,"comment_status":"closed","ping_status":"closed","template":"","meta":{"footnotes":""},"class_list":["post-8237","page","type-page","status-publish","hentry"],"yoast_head":"<!-- This site is optimized with the Yoast SEO plugin v27.4 - https:\/\/yoast.com\/product\/yoast-seo-wordpress\/ -->\n<title>Amerika Birle\u015fik Devletleri&#039;nin G\u00fcney Bat\u0131s\u0131nda Yol Gezisi - USA B2<\/title>\n<meta name=\"description\" content=\"Grand Circle Yol Gezisini ke\u015ffedin: Amerika Birle\u015fik Devletleri&#039;nin g\u00fcneybat\u0131s\u0131na yapaca\u011f\u0131n\u0131z bir gezi i\u00e7in g\u00fczergah, milli parklar, oteller ve foto\u011fraf noktalar\u0131!\" \/>\n<meta name=\"robots\" content=\"index, follow, max-snippet:-1, max-image-preview:large, max-video-preview:-1\" \/>\n<link rel=\"canonical\" href=\"https:\/\/usa-b2.com\/tr\/guneybati-roadtrip-amerikan-devletleri\/\" \/>\n<meta property=\"og:locale\" content=\"tr_TR\" \/>\n<meta property=\"og:type\" content=\"article\" \/>\n<meta property=\"og:title\" content=\"Amerika Birle\u015fik Devletleri&#039;nin G\u00fcney Bat\u0131s\u0131nda Yol Gezisi - USA B2\" \/>\n<meta property=\"og:description\" content=\"Grand Circle Yol Gezisini ke\u015ffedin: Amerika Birle\u015fik Devletleri&#039;nin g\u00fcneybat\u0131s\u0131na yapaca\u011f\u0131n\u0131z bir gezi i\u00e7in g\u00fczergah, milli parklar, oteller ve foto\u011fraf noktalar\u0131!\" \/>\n<meta property=\"og:url\" content=\"https:\/\/usa-b2.com\/tr\/guneybati-roadtrip-amerikan-devletleri\/\" \/>\n<meta property=\"og:site_name\" content=\"USA B2\" \/>\n<meta property=\"article:modified_time\" content=\"2025-11-04T15:41:46+00:00\" \/>\n<meta property=\"og:image\" content=\"https:\/\/usa-b2.com\/wp-content\/uploads\/2025\/03\/Grand-circle-road-trip.jpg\" \/>\n\t<meta property=\"og:image:width\" content=\"1280\" \/>\n\t<meta property=\"og:image:height\" content=\"720\" \/>\n\t<meta property=\"og:image:type\" content=\"image\/jpeg\" \/>\n<meta name=\"twitter:card\" content=\"summary_large_image\" \/>\n<meta name=\"twitter:label1\" content=\"Tahmini okuma s\u00fcresi\" \/>\n\t<meta name=\"twitter:data1\" content=\"6 dakika\" \/>\n<script type=\"application\/ld+json\" class=\"yoast-schema-graph\">{\"@context\":\"https:\\\/\\\/schema.org\",\"@graph\":[{\"@type\":\"WebPage\",\"@id\":\"https:\\\/\\\/usa-b2.com\\\/tr\\\/guneybati-roadtrip-amerikan-devletleri\\\/\",\"url\":\"https:\\\/\\\/usa-b2.com\\\/tr\\\/guneybati-roadtrip-amerikan-devletleri\\\/\",\"name\":\"Amerika Birle\u015fik Devletleri'nin G\u00fcney Bat\u0131s\u0131nda Yol Gezisi - USA B2\",\"isPartOf\":{\"@id\":\"https:\\\/\\\/usa-b2.com\\\/tr\\\/#website\"},\"primaryImageOfPage\":{\"@id\":\"https:\\\/\\\/usa-b2.com\\\/tr\\\/guneybati-roadtrip-amerikan-devletleri\\\/#primaryimage\"},\"image\":{\"@id\":\"https:\\\/\\\/usa-b2.com\\\/tr\\\/guneybati-roadtrip-amerikan-devletleri\\\/#primaryimage\"},\"thumbnailUrl\":\"https:\\\/\\\/usa-b2.com\\\/wp-content\\\/uploads\\\/2025\\\/03\\\/Grand-circle-road-trip-1024x576.jpg\",\"datePublished\":\"2025-03-17T13:14:29+00:00\",\"dateModified\":\"2025-11-04T15:41:46+00:00\",\"description\":\"Grand Circle Yol Gezisini ke\u015ffedin: Amerika Birle\u015fik Devletleri'nin g\u00fcneybat\u0131s\u0131na yapaca\u011f\u0131n\u0131z bir gezi i\u00e7in g\u00fczergah, milli parklar, oteller ve foto\u011fraf noktalar\u0131!\",\"breadcrumb\":{\"@id\":\"https:\\\/\\\/usa-b2.com\\\/tr\\\/guneybati-roadtrip-amerikan-devletleri\\\/#breadcrumb\"},\"inLanguage\":\"tr\",\"potentialAction\":[{\"@type\":\"ReadAction\",\"target\":[\"https:\\\/\\\/usa-b2.com\\\/tr\\\/guneybati-roadtrip-amerikan-devletleri\\\/\"]}]},{\"@type\":\"ImageObject\",\"inLanguage\":\"tr\",\"@id\":\"https:\\\/\\\/usa-b2.com\\\/tr\\\/guneybati-roadtrip-amerikan-devletleri\\\/#primaryimage\",\"url\":\"https:\\\/\\\/usa-b2.com\\\/wp-content\\\/uploads\\\/2025\\\/03\\\/Grand-circle-road-trip-1024x576.jpg\",\"contentUrl\":\"https:\\\/\\\/usa-b2.com\\\/wp-content\\\/uploads\\\/2025\\\/03\\\/Grand-circle-road-trip-1024x576.jpg\"},{\"@type\":\"BreadcrumbList\",\"@id\":\"https:\\\/\\\/usa-b2.com\\\/tr\\\/guneybati-roadtrip-amerikan-devletleri\\\/#breadcrumb\",\"itemListElement\":[{\"@type\":\"ListItem\",\"position\":1,\"name\":\"Accueil\",\"item\":\"https:\\\/\\\/usa-b2.com\\\/tr\\\/usa\\\/\"},{\"@type\":\"ListItem\",\"position\":2,\"name\":\"Amerika Birle\u015fik Devletleri&#8217;nin G\u00fcney Bat\u0131s\u0131nda Yol Gezisi\"}]},{\"@type\":\"WebSite\",\"@id\":\"https:\\\/\\\/usa-b2.com\\\/tr\\\/#website\",\"url\":\"https:\\\/\\\/usa-b2.com\\\/tr\\\/\",\"name\":\"USA B2 VISA\",\"description\":\"\",\"potentialAction\":[{\"@type\":\"SearchAction\",\"target\":{\"@type\":\"EntryPoint\",\"urlTemplate\":\"https:\\\/\\\/usa-b2.com\\\/tr\\\/?s={search_term_string}\"},\"query-input\":{\"@type\":\"PropertyValueSpecification\",\"valueRequired\":true,\"valueName\":\"search_term_string\"}}],\"inLanguage\":\"tr\"}]}<\/script>\n<!-- \/ Yoast SEO plugin. -->","yoast_head_json":{"title":"Amerika Birle\u015fik Devletleri'nin G\u00fcney Bat\u0131s\u0131nda Yol Gezisi - USA B2","description":"Grand Circle Yol Gezisini ke\u015ffedin: Amerika Birle\u015fik Devletleri'nin g\u00fcneybat\u0131s\u0131na yapaca\u011f\u0131n\u0131z bir gezi i\u00e7in g\u00fczergah, milli parklar, oteller ve foto\u011fraf noktalar\u0131!","robots":{"index":"index","follow":"follow","max-snippet":"max-snippet:-1","max-image-preview":"max-image-preview:large","max-video-preview":"max-video-preview:-1"},"canonical":"https:\/\/usa-b2.com\/tr\/guneybati-roadtrip-amerikan-devletleri\/","og_locale":"tr_TR","og_type":"article","og_title":"Amerika Birle\u015fik Devletleri'nin G\u00fcney Bat\u0131s\u0131nda Yol Gezisi - USA B2","og_description":"Grand Circle Yol Gezisini ke\u015ffedin: Amerika Birle\u015fik Devletleri'nin g\u00fcneybat\u0131s\u0131na yapaca\u011f\u0131n\u0131z bir gezi i\u00e7in g\u00fczergah, milli parklar, oteller ve foto\u011fraf noktalar\u0131!","og_url":"https:\/\/usa-b2.com\/tr\/guneybati-roadtrip-amerikan-devletleri\/","og_site_name":"USA B2","article_modified_time":"2025-11-04T15:41:46+00:00","og_image":[{"width":1280,"height":720,"url":"https:\/\/usa-b2.com\/wp-content\/uploads\/2025\/03\/Grand-circle-road-trip.jpg","type":"image\/jpeg"}],"twitter_card":"summary_large_image","twitter_misc":{"Tahmini okuma s\u00fcresi":"6 dakika"},"schema":{"@context":"https:\/\/schema.org","@graph":[{"@type":"WebPage","@id":"https:\/\/usa-b2.com\/tr\/guneybati-roadtrip-amerikan-devletleri\/","url":"https:\/\/usa-b2.com\/tr\/guneybati-roadtrip-amerikan-devletleri\/","name":"Amerika Birle\u015fik Devletleri'nin G\u00fcney Bat\u0131s\u0131nda Yol Gezisi - USA B2","isPartOf":{"@id":"https:\/\/usa-b2.com\/tr\/#website"},"primaryImageOfPage":{"@id":"https:\/\/usa-b2.com\/tr\/guneybati-roadtrip-amerikan-devletleri\/#primaryimage"},"image":{"@id":"https:\/\/usa-b2.com\/tr\/guneybati-roadtrip-amerikan-devletleri\/#primaryimage"},"thumbnailUrl":"https:\/\/usa-b2.com\/wp-content\/uploads\/2025\/03\/Grand-circle-road-trip-1024x576.jpg","datePublished":"2025-03-17T13:14:29+00:00","dateModified":"2025-11-04T15:41:46+00:00","description":"Grand Circle Yol Gezisini ke\u015ffedin: Amerika Birle\u015fik Devletleri'nin g\u00fcneybat\u0131s\u0131na yapaca\u011f\u0131n\u0131z bir gezi i\u00e7in g\u00fczergah, milli parklar, oteller ve foto\u011fraf noktalar\u0131!","breadcrumb":{"@id":"https:\/\/usa-b2.com\/tr\/guneybati-roadtrip-amerikan-devletleri\/#breadcrumb"},"inLanguage":"tr","potentialAction":[{"@type":"ReadAction","target":["https:\/\/usa-b2.com\/tr\/guneybati-roadtrip-amerikan-devletleri\/"]}]},{"@type":"ImageObject","inLanguage":"tr","@id":"https:\/\/usa-b2.com\/tr\/guneybati-roadtrip-amerikan-devletleri\/#primaryimage","url":"https:\/\/usa-b2.com\/wp-content\/uploads\/2025\/03\/Grand-circle-road-trip-1024x576.jpg","contentUrl":"https:\/\/usa-b2.com\/wp-content\/uploads\/2025\/03\/Grand-circle-road-trip-1024x576.jpg"},{"@type":"BreadcrumbList","@id":"https:\/\/usa-b2.com\/tr\/guneybati-roadtrip-amerikan-devletleri\/#breadcrumb","itemListElement":[{"@type":"ListItem","position":1,"name":"Accueil","item":"https:\/\/usa-b2.com\/tr\/usa\/"},{"@type":"ListItem","position":2,"name":"Amerika Birle\u015fik Devletleri&#8217;nin G\u00fcney Bat\u0131s\u0131nda Yol Gezisi"}]},{"@type":"WebSite","@id":"https:\/\/usa-b2.com\/tr\/#website","url":"https:\/\/usa-b2.com\/tr\/","name":"USA B2 VISA","description":"","potentialAction":[{"@type":"SearchAction","target":{"@type":"EntryPoint","urlTemplate":"https:\/\/usa-b2.com\/tr\/?s={search_term_string}"},"query-input":{"@type":"PropertyValueSpecification","valueRequired":true,"valueName":"search_term_string"}}],"inLanguage":"tr"}]}},"_links":{"self":[{"href":"https:\/\/usa-b2.com\/tr\/wp-json\/wp\/v2\/pages\/8237","targetHints":{"allow":["GET"]}}],"collection":[{"href":"https:\/\/usa-b2.com\/tr\/wp-json\/wp\/v2\/pages"}],"about":[{"href":"https:\/\/usa-b2.com\/tr\/wp-json\/wp\/v2\/types\/page"}],"author":[{"embeddable":true,"href":"https:\/\/usa-b2.com\/tr\/wp-json\/wp\/v2\/users\/1"}],"replies":[{"embeddable":true,"href":"https:\/\/usa-b2.com\/tr\/wp-json\/wp\/v2\/comments?post=8237"}],"version-history":[{"count":2,"href":"https:\/\/usa-b2.com\/tr\/wp-json\/wp\/v2\/pages\/8237\/revisions"}],"predecessor-version":[{"id":10827,"href":"https:\/\/usa-b2.com\/tr\/wp-json\/wp\/v2\/pages\/8237\/revisions\/10827"}],"wp:attachment":[{"href":"https:\/\/usa-b2.com\/tr\/wp-json\/wp\/v2\/media?parent=8237"}],"curies":[{"name":"wp","href":"https:\/\/api.w.org\/{rel}","templated":true}]}}