{"id":7933,"date":"2025-03-17T13:12:55","date_gmt":"2025-03-17T13:12:55","guid":{"rendered":"https:\/\/usa-b2.com\/texas-hill-country\/"},"modified":"2025-06-06T08:35:08","modified_gmt":"2025-06-06T08:35:08","slug":"texas-hill-country","status":"publish","type":"page","link":"https:\/\/usa-b2.com\/tr\/texas-hill-country\/","title":{"rendered":"Teksas Tepe \u00dclkesinde Yolculuk: Unutulmaz Bir Macera Rehberi"},"content":{"rendered":"\n<h1 class=\"wp-block-heading\">Teksas&#8217;\u0131n kalbinde yol gezisi: manzaralar, kasabalar ve aktiviteler<\/h1>\n\n<p>Texas Hill Country, <a href=\"https:\/\/usa-b2.com\/tr\/\">Amerika Birle\u015fik Devletleri&#8217;ndeki her yolculuk<\/a> i\u00e7in bir zorunluluktur. \u0130ni\u015fli \u00e7\u0131k\u0131\u015fl\u0131 k\u0131rsal\u0131, tarihi kasabalar\u0131 ve pitoresk yollar\u0131yla bu destinasyon otantik Teksas&#8217;a tam anlam\u0131yla dalma imkan\u0131 sunar. \u0130ster macera, ister dinlenme ya da foto\u011fraf\u00e7\u0131l\u0131k aray\u0131\u015f\u0131nda olun, bu kapsaml\u0131 rehber Teksas&#8217;\u0131n kalbinde m\u00fckemmel g\u00fczergah\u0131n\u0131z\u0131 planlaman\u0131za yard\u0131mc\u0131 olacakt\u0131r.  <\/p>\n\n<figure class=\"wp-block-image size-large\"><img fetchpriority=\"high\" decoding=\"async\" width=\"1024\" height=\"576\" src=\"https:\/\/usa-b2.com\/wp-content\/uploads\/2025\/03\/Texas-Hill-Country-1-2-1024x576.png\" alt=\"\" class=\"wp-image-8027\" srcset=\"https:\/\/usa-b2.com\/wp-content\/uploads\/2025\/03\/Texas-Hill-Country-1-2-1024x576.png 1024w, https:\/\/usa-b2.com\/wp-content\/uploads\/2025\/03\/Texas-Hill-Country-1-2-300x169.png 300w, https:\/\/usa-b2.com\/wp-content\/uploads\/2025\/03\/Texas-Hill-Country-1-2-768x432.png 768w, https:\/\/usa-b2.com\/wp-content\/uploads\/2025\/03\/Texas-Hill-Country-1-2.png 1056w\" sizes=\"(max-width: 1024px) 100vw, 1024px\" \/><\/figure>\n\n<h2 class=\"wp-block-heading\">Unutulmaz bir yolculuk i\u00e7in ayr\u0131nt\u0131l\u0131 g\u00fczergah<\/h2>\n\n<p><a href=\"https:\/\/www.traveltexas.com\/cities-and-regions\/hill-country\/\">Texas Hill Country<\/a> &#8216;de yap\u0131lacak bir yolculuk, manzaradan ve turistik yerlerden en iyi \u015fekilde yararlanmak i\u00e7in dikkatli bir planlama gerektirir. \u0130\u015fte birka\u00e7 a\u015famada optimize edilmi\u015f bir g\u00fczergah. <\/p>\n\n<h3 class=\"wp-block-heading\">Austin &#8211; \u0130deal ba\u015flang\u0131\u00e7 noktas\u0131<\/h3>\n\n<p><a href=\"https:\/\/www.texas.gov\/\">Teksas<\/a>&#8216;\u0131n ba\u015fkenti Austin m\u00fckemmel bir ba\u015flang\u0131\u00e7 noktas\u0131d\u0131r. Yolculu\u011funuza \u015fehir merkezini, Teksas <a href=\"https:\/\/www.austintexas.org\/things-to-do\/entertainment-districts\/south-congress\/\">Kongre Binas\u0131&#8217;n\u0131 ve son moda butikleri ve kafeleriyle \u00fcnl\u00fc G\u00fcney Kongre<\/a> b\u00f6lgesini ziyaret ederek ba\u015flay\u0131n. Yola \u00e7\u0131kmadan \u00f6nce serinlemek i\u00e7in ideal bir do\u011fal y\u00fczme havuzu olan <a href=\"https:\/\/www.austintexas.gov\/department\/barton-springs-pool\">Barton Springs Pool<\/a>&#8216;a u\u011fray\u0131n.  <\/p>\n\n<h3 class=\"wp-block-heading\">Fredericksburg &#8211; Teksas&#8217;\u0131n Alman ruhu<\/h3>\n\n<p>Austin&#8217;den yakla\u015f\u0131k 1? saat uzakl\u0131ktaki <a href=\"https:\/\/www.visitfredericksburgtx.com\/\">Fredericksburg<\/a>, Alman miras\u0131 ve \u00fcz\u00fcm ba\u011flar\u0131yla \u00fcnl\u00fc, Avrupa cazibesine sahip k\u00fc\u00e7\u00fck bir kasabad\u0131r. <a href=\"https:\/\/www.fredericksburgtexas-online.com\/plan-your-trip\/texas-wine-trail\/\">Teksas \u015earap Yolu<\/a> boyunca \u015farap tad\u0131m\u0131n\u0131n keyfini \u00e7\u0131kar\u0131n ve <a href=\"https:\/\/www.pacificwarmuseum.org\/\">Ulusal Pasifik Sava\u015f\u0131 M\u00fczesi<\/a>&#8216;ni ziyaret edin. B\u00f6lgenin nefes kesici manzaralar\u0131n\u0131 sunan muazzam bir granit olu\u015fum olan <a href=\"https:\/\/tpwd.texas.gov\/state-parks\/enchanted-rock\">Enchanted Rock<\/a>&#8216;\u0131 ka\u00e7\u0131rmay\u0131n.  <\/p>\n\n<h3 class=\"wp-block-heading\">Bandera &amp; Medina &#8211; Otantik bat\u0131 deneyimi<\/h3>\n\n<p>&#8220;D\u00fcnyan\u0131n Kovboy Ba\u015fkenti&#8221; lakapl\u0131 <a href=\"https:\/\/www.banderacowboycapital.com\/\">Bandera<\/a>, kendinizi Teksas tarihine kapt\u0131rmak istiyorsan\u0131z mutlaka g\u00f6rmeniz gereken bir durakt\u0131r. Bir rodeoya kat\u0131l\u0131n veya otantik bir bat\u0131 deneyimi i\u00e7in geceyi bir \u00e7iftlikte ge\u00e7irin. Birka\u00e7 mil \u00f6tedeki <a href=\"https:\/\/www.medinacountytexas.org\/\">Medina<\/a>, elma bah\u00e7eleri ve elma \u015farab\u0131 imalathaneleriyle \u00fcnl\u00fcd\u00fcr.  <\/p>\n\n<h2 class=\"wp-block-heading\">Ke\u015ffedilecek en g\u00fczel manzaralar ve parklar<\/h2>\n\n<p>Texas Hill Country, yolculu\u011funuzda ke\u015ffedebilece\u011finiz milli parklar ve muhte\u015fem do\u011fal alanlarla doludur.<\/p>\n\n<h3 class=\"wp-block-heading\">Garner Eyalet Park\u0131 &#8211; Do\u011fal bir m\u00fccevher<\/h3>\n\n<p><a href=\"https:\/\/friocampriverview.com\/floating-the-frio-river\/\">Frio Nehri<\/a> k\u0131y\u0131s\u0131nda yer alan <a href=\"https:\/\/tpwd.texas.gov\/state-parks\/garner\">Garner Eyalet Park\u0131<\/a> y\u00fcr\u00fcy\u00fc\u015f, kano ve y\u00fczme i\u00e7in m\u00fckemmeldir. Panoramik manzaralar sunan parkurlar\u0131 ve yaz aylar\u0131nda d\u00fczenlenen ak\u015fam danslar\u0131 ile mutlaka g\u00f6r\u00fclmesi gereken bir yerdir. <\/p>\n\n<h3 class=\"wp-block-heading\">Hamilton Havuzu &#8211; B\u00fcy\u00fcl\u00fc bir do\u011fal havuz<\/h3>\n\n<p>Austin&#8217;e sadece 50 km uzakl\u0131ktaki <a href=\"https:\/\/parks.traviscountytx.gov\/parks\/hamilton-pool-preserve\">Hamilton Havuzu<\/a>, bir kire\u00e7ta\u015f\u0131 ma\u011faras\u0131n\u0131n \u00e7\u00f6kmesiyle olu\u015fmu\u015f bir do\u011fa harikas\u0131d\u0131r. Turkuaz rengi suyu ve \u015felalesi buray\u0131 y\u00fczmek i\u00e7in ola\u011fan\u00fcst\u00fc bir yer haline getirmektedir. Eri\u015fim s\u0131n\u0131rl\u0131 oldu\u011fu i\u00e7in \u00f6nceden rezervasyon yapt\u0131rmay\u0131 unutmay\u0131n.  <\/p>\n\n<h3 class=\"wp-block-heading\">Bluebonnet Parkurlar\u0131 &#8211; K\u0131r \u00e7i\u00e7ekleri rotas\u0131<\/h3>\n\n<p>\u0130lkbaharda <a href=\"https:\/\/www.visitfredericksburgtx.com\/things-to-do\/outdoors\/wildflowers\/\">mavi \u00e7i\u00e7ekler<\/a> Teksas Hill Country&#8217;nin tepelerini kaplar. <a href=\"https:\/\/visitmarblefalls.org\/\">Marble Falls<\/a> ve <a href=\"https:\/\/www.cityofllano.com\/\">Llano<\/a> \u00e7evresindeki yollar, bu sembolik Teksas \u00e7i\u00e7eklerini hayranl\u0131kla seyretmek i\u00e7in idealdir. <\/p>\n\n<h2 class=\"wp-block-heading\">Yolculu\u011funuzda nerede uyuyacaks\u0131n\u0131z?<\/h2>\n\n<p>Ba\u015far\u0131l\u0131 bir yolculuk i\u00e7in do\u011fru konaklama yerini bulmak \u00e7ok \u00f6nemlidir. \u0130\u015fte b\u00fct\u00e7enize ve isteklerinize uygun en iyi konaklama se\u00e7enekleri. <\/p>\n\n<h3 class=\"wp-block-heading\">Do\u011fan\u0131n kalbindeki oteller ve pansiyonlar<\/h3>\n\n<p>S\u00fcr\u00fckleyici bir deneyim i\u00e7in do\u011fan\u0131n kalbinde yer alan pansiyonlar\u0131 tercih edin. <a href=\"https:\/\/collectiveretreats.com\/\">Collective Hill Country<\/a> tepelerin manzaras\u0131na sahip l\u00fcks \u00e7ad\u0131rlar sunarken, <a href=\"https:\/\/www.cypressvalley.com\/\">Cypress Valley Canopy<\/a> a\u011fa\u00e7 evler sunmaktad\u0131r.<\/p>\n\n<h3 class=\"wp-block-heading\">\u015eehir otelleri: konfor ve eri\u015filebilirlik<\/h3>\n\n<p>\u015eehirde kalmay\u0131 tercih ediyorsan\u0131z, Fredericksburg&#8217;da <a href=\"https:\/\/fredericksburg-inn.com\/\">The Fredericksburg Inn &amp; Suites<\/a> m\u00fckemmel bir se\u00e7enektir; Austin&#8217;de ise The Driskill l\u00fcks ve tarihi bir araya getirir.<\/p>\n\n<h3 class=\"wp-block-heading\">3.3 \u00c7iftlikler ve otantik deneyimler<\/h3>\n\n<p>Western deneyimi i\u00e7in Bandera&#8217;daki <a href=\"https:\/\/dixieduderanch.com\/\">Dixie Dude Ranch<\/a> gibi bir \u00e7iftlikte bir gece ge\u00e7irin; burada ata binebilir ve y\u0131ld\u0131zlar\u0131n alt\u0131nda Teksas barbek\u00fcs\u00fcn\u00fcn tad\u0131n\u0131 \u00e7\u0131karabilirsiniz.<\/p>\n\n<h2 class=\"wp-block-heading\">Instagram&#8217;da en \u00e7ok foto\u011fraf \u00e7ekilebilecek noktalar<\/h2>\n\n<p>Muhte\u015fem foto\u011fraflar olmadan bir yolculuk nas\u0131l olurdu? \u0130\u015fte Texas Hill Country&#8217;deki en fotojenik yerler. <\/p>\n\n<figure class=\"wp-block-table\"><table class=\"has-fixed-layout\"><tbody><tr><td><strong>Konum<\/strong><\/td><td><strong>Neden mutlaka g\u00f6r\u00fclmesi gereken bir foto\u011fraf noktas\u0131?<\/strong><\/td><\/tr><tr><td>Hamilton Havuz<\/td><td>Turkuaz renkli sular ve etkileyici bir \u015felale.<\/td><\/tr><tr><td>B\u00fcy\u00fcl\u00fc Kaya<\/td><td>Tepelerin panoramik manzaras\u0131.<\/td><\/tr><tr><td><a href=\"https:\/\/www.backroadstexas.net\/willow-city\/\">Willow City D\u00f6ng\u00fcs\u00fc<\/a><\/td><td>\u0130lkbaharda k\u0131r \u00e7i\u00e7ekleriyle kapl\u0131 pitoresk bir yol.<\/td><\/tr><tr><td><a href=\"https:\/\/www.gruenetexas.com\/\">Gruene Tarihi B\u00f6lgesi<\/a><\/td><td>Eski mimari ve vintage atmosfer.<\/td><\/tr><\/tbody><\/table><\/figure>\n\n<h2 class=\"wp-block-heading\">\u00c7iftler veya aileler i\u00e7in aktiviteler<\/h2>\n\n<h3 class=\"wp-block-heading\">\u00c7iftler &#8211; Romantik deneyimler<\/h3>\n\n<p>Texas Hill Country romantik bir ka\u00e7amak i\u00e7in m\u00fckemmeldir. <a href=\"https:\/\/grapecreek.com\/\">Grape Creek Vineyards<\/a> <a href=\"https:\/\/tilliesdrippingsprings.com\/\">&#8216;ta \u015farap tad\u0131m\u0131n\u0131n keyfini \u00e7\u0131kar\u0131n, Dripping Springs&#8217;teki Tillie&#8217;s<\/a>&#8216;de mum \u0131\u015f\u0131\u011f\u0131nda bir ak\u015fam yeme\u011finin tad\u0131n\u0131 \u00e7\u0131kar\u0131n veya Austin&#8217;deki <a href=\"https:\/\/www.mountbonnell.info\/\">Bonnell Da\u011f\u0131<\/a> &#8216;ndan g\u00fcn bat\u0131m\u0131n\u0131 izleyin. <\/p>\n\n<h3 class=\"wp-block-heading\">Aile &#8211; Gen\u00e7ler ve ya\u015fl\u0131lar i\u00e7in maceralar<\/h3>\n\n<p>Ailecek \u00e7\u0131kaca\u011f\u0131n\u0131z bir yolculuk i\u00e7in e\u011flenceli ve interaktif aktiviteleri tercih edin. <a href=\"https:\/\/www.sa.gov\/Home\">San Antonio<\/a> Nehri&#8217;nde bir gezintiye \u00e7\u0131k\u0131n, <a href=\"https:\/\/www.wildliferanchtexas.com\/\">Natural Bridge Wildlife Ranch<\/a>&#8216;te safariye \u00e7\u0131k\u0131n veya Cascade Caverns&#8217;in yeralt\u0131 ma\u011faralar\u0131n\u0131 ke\u015ffedin. <br\/><\/p>\n\n<p>Texas Hill Country&#8217;de yap\u0131lacak bir yolculuk do\u011fa, tarih ve gastronomiyi bir araya getiren unutulmaz bir deneyimdir. \u0130yi d\u00fc\u015f\u00fcn\u00fclm\u00fc\u015f g\u00fczergahlar, nefes kesici manzaralar ve \u00e7e\u015fitli konaklama imkanlar\u0131yla bu macera ke\u015fif a\u00e7\u0131s\u0131ndan zengin olmay\u0131 vaat ediyor. \u0130ster \u00e7ift ister aile olarak seyahat ediyor olun, her rota sizi gizli bir Teksas hazinesine g\u00f6t\u00fcrecektir. \u00c7antalar\u0131n\u0131z\u0131 haz\u0131rlay\u0131n ve bu b\u00fcy\u00fcleyici b\u00f6lgeyi ke\u015ffetmek i\u00e7in yola \u00e7\u0131k\u0131n!   <\/p>\n\n<p><\/p>\n","protected":false},"excerpt":{"rendered":"<p>Teksas&#8217;\u0131n kalbinde yol gezisi: manzaralar, kasabalar ve aktiviteler Texas Hill Country, Amerika Birle\u015fik Devletleri&#8217;ndeki her yolculuk i\u00e7in bir zorunluluktur. \u0130ni\u015fli \u00e7\u0131k\u0131\u015fl\u0131 k\u0131rsal\u0131, tarihi kasabalar\u0131 ve pitoresk yollar\u0131yla bu destinasyon otantik Teksas&#8217;a tam anlam\u0131yla dalma imkan\u0131 sunar. \u0130ster macera, ister dinlenme ya da foto\u011fraf\u00e7\u0131l\u0131k aray\u0131\u015f\u0131nda olun, bu kapsaml\u0131 rehber Teksas&#8217;\u0131n kalbinde m\u00fckemmel g\u00fczergah\u0131n\u0131z\u0131 planlaman\u0131za yard\u0131mc\u0131 olacakt\u0131r. [&hellip;]<\/p>\n","protected":false},"author":1,"featured_media":7977,"parent":0,"menu_order":0,"comment_status":"closed","ping_status":"closed","template":"","meta":{"footnotes":""},"class_list":["post-7933","page","type-page","status-publish","has-post-thumbnail","hentry"],"yoast_head":"<!-- This site is optimized with the Yoast SEO plugin v27.0 - https:\/\/yoast.com\/product\/yoast-seo-wordpress\/ -->\n<title>Teksas Tepe \u00dclkesinde Yolculuk: Unutulmaz Bir Macera Rehberi - USA B2<\/title>\n<meta name=\"description\" content=\"Texas Hill Country&#039;de yol gezisi: unutulmaz bir gezi i\u00e7in g\u00fczergah, manzaralar, oteller, foto\u011fraf noktalar\u0131 ve aktiviteler!\" \/>\n<meta name=\"robots\" content=\"index, follow, max-snippet:-1, max-image-preview:large, max-video-preview:-1\" \/>\n<link rel=\"canonical\" href=\"https:\/\/usa-b2.com\/tr\/texas-hill-country\/\" \/>\n<meta property=\"og:locale\" content=\"tr_TR\" \/>\n<meta property=\"og:type\" content=\"article\" \/>\n<meta property=\"og:title\" content=\"Teksas Tepe \u00dclkesinde Yolculuk: Unutulmaz Bir Macera Rehberi - USA B2\" \/>\n<meta property=\"og:description\" content=\"Texas Hill Country&#039;de yol gezisi: unutulmaz bir gezi i\u00e7in g\u00fczergah, manzaralar, oteller, foto\u011fraf noktalar\u0131 ve aktiviteler!\" \/>\n<meta property=\"og:url\" content=\"https:\/\/usa-b2.com\/tr\/texas-hill-country\/\" \/>\n<meta property=\"og:site_name\" content=\"USA B2\" \/>\n<meta property=\"article:modified_time\" content=\"2025-06-06T08:35:08+00:00\" \/>\n<meta property=\"og:image\" content=\"https:\/\/usa-b2.com\/wp-content\/uploads\/2025\/03\/Texas-Hill-Country-1.png\" \/>\n\t<meta property=\"og:image:width\" content=\"1056\" \/>\n\t<meta property=\"og:image:height\" content=\"704\" \/>\n\t<meta property=\"og:image:type\" content=\"image\/png\" \/>\n<meta name=\"twitter:card\" content=\"summary_large_image\" \/>\n<meta name=\"twitter:label1\" content=\"Tahmini okuma s\u00fcresi\" \/>\n\t<meta name=\"twitter:data1\" content=\"4 dakika\" \/>\n<script type=\"application\/ld+json\" class=\"yoast-schema-graph\">{\"@context\":\"https:\/\/schema.org\",\"@graph\":[{\"@type\":\"WebPage\",\"@id\":\"https:\/\/usa-b2.com\/tr\/texas-hill-country\/\",\"url\":\"https:\/\/usa-b2.com\/tr\/texas-hill-country\/\",\"name\":\"Teksas Tepe \u00dclkesinde Yolculuk: Unutulmaz Bir Macera Rehberi - USA B2\",\"isPartOf\":{\"@id\":\"https:\/\/usa-b2.com\/tr\/#website\"},\"primaryImageOfPage\":{\"@id\":\"https:\/\/usa-b2.com\/tr\/texas-hill-country\/#primaryimage\"},\"image\":{\"@id\":\"https:\/\/usa-b2.com\/tr\/texas-hill-country\/#primaryimage\"},\"thumbnailUrl\":\"https:\/\/usa-b2.com\/wp-content\/uploads\/2025\/03\/Texas-Hill-Country-1.png\",\"datePublished\":\"2025-03-17T13:12:55+00:00\",\"dateModified\":\"2025-06-06T08:35:08+00:00\",\"description\":\"Texas Hill Country'de yol gezisi: unutulmaz bir gezi i\u00e7in g\u00fczergah, manzaralar, oteller, foto\u011fraf noktalar\u0131 ve aktiviteler!\",\"breadcrumb\":{\"@id\":\"https:\/\/usa-b2.com\/tr\/texas-hill-country\/#breadcrumb\"},\"inLanguage\":\"tr\",\"potentialAction\":[{\"@type\":\"ReadAction\",\"target\":[\"https:\/\/usa-b2.com\/tr\/texas-hill-country\/\"]}]},{\"@type\":\"ImageObject\",\"inLanguage\":\"tr\",\"@id\":\"https:\/\/usa-b2.com\/tr\/texas-hill-country\/#primaryimage\",\"url\":\"https:\/\/usa-b2.com\/wp-content\/uploads\/2025\/03\/Texas-Hill-Country-1.png\",\"contentUrl\":\"https:\/\/usa-b2.com\/wp-content\/uploads\/2025\/03\/Texas-Hill-Country-1.png\",\"width\":1056,\"height\":704},{\"@type\":\"BreadcrumbList\",\"@id\":\"https:\/\/usa-b2.com\/tr\/texas-hill-country\/#breadcrumb\",\"itemListElement\":[{\"@type\":\"ListItem\",\"position\":1,\"name\":\"Accueil\",\"item\":\"https:\/\/usa-b2.com\/tr\/yol-gezileri-rehberi\/\"},{\"@type\":\"ListItem\",\"position\":2,\"name\":\"Teksas Tepe \u00dclkesinde Yolculuk: Unutulmaz Bir Macera Rehberi\"}]},{\"@type\":\"WebSite\",\"@id\":\"https:\/\/usa-b2.com\/tr\/#website\",\"url\":\"https:\/\/usa-b2.com\/tr\/\",\"name\":\"USA B2 VISA\",\"description\":\"\",\"potentialAction\":[{\"@type\":\"SearchAction\",\"target\":{\"@type\":\"EntryPoint\",\"urlTemplate\":\"https:\/\/usa-b2.com\/tr\/?s={search_term_string}\"},\"query-input\":{\"@type\":\"PropertyValueSpecification\",\"valueRequired\":true,\"valueName\":\"search_term_string\"}}],\"inLanguage\":\"tr\"}]}<\/script>\n<!-- \/ Yoast SEO plugin. -->","yoast_head_json":{"title":"Teksas Tepe \u00dclkesinde Yolculuk: Unutulmaz Bir Macera Rehberi - USA B2","description":"Texas Hill Country'de yol gezisi: unutulmaz bir gezi i\u00e7in g\u00fczergah, manzaralar, oteller, foto\u011fraf noktalar\u0131 ve aktiviteler!","robots":{"index":"index","follow":"follow","max-snippet":"max-snippet:-1","max-image-preview":"max-image-preview:large","max-video-preview":"max-video-preview:-1"},"canonical":"https:\/\/usa-b2.com\/tr\/texas-hill-country\/","og_locale":"tr_TR","og_type":"article","og_title":"Teksas Tepe \u00dclkesinde Yolculuk: Unutulmaz Bir Macera Rehberi - USA B2","og_description":"Texas Hill Country'de yol gezisi: unutulmaz bir gezi i\u00e7in g\u00fczergah, manzaralar, oteller, foto\u011fraf noktalar\u0131 ve aktiviteler!","og_url":"https:\/\/usa-b2.com\/tr\/texas-hill-country\/","og_site_name":"USA B2","article_modified_time":"2025-06-06T08:35:08+00:00","og_image":[{"width":1056,"height":704,"url":"https:\/\/usa-b2.com\/wp-content\/uploads\/2025\/03\/Texas-Hill-Country-1.png","type":"image\/png"}],"twitter_card":"summary_large_image","twitter_misc":{"Tahmini okuma s\u00fcresi":"4 dakika"},"schema":{"@context":"https:\/\/schema.org","@graph":[{"@type":"WebPage","@id":"https:\/\/usa-b2.com\/tr\/texas-hill-country\/","url":"https:\/\/usa-b2.com\/tr\/texas-hill-country\/","name":"Teksas Tepe \u00dclkesinde Yolculuk: Unutulmaz Bir Macera Rehberi - USA B2","isPartOf":{"@id":"https:\/\/usa-b2.com\/tr\/#website"},"primaryImageOfPage":{"@id":"https:\/\/usa-b2.com\/tr\/texas-hill-country\/#primaryimage"},"image":{"@id":"https:\/\/usa-b2.com\/tr\/texas-hill-country\/#primaryimage"},"thumbnailUrl":"https:\/\/usa-b2.com\/wp-content\/uploads\/2025\/03\/Texas-Hill-Country-1.png","datePublished":"2025-03-17T13:12:55+00:00","dateModified":"2025-06-06T08:35:08+00:00","description":"Texas Hill Country'de yol gezisi: unutulmaz bir gezi i\u00e7in g\u00fczergah, manzaralar, oteller, foto\u011fraf noktalar\u0131 ve aktiviteler!","breadcrumb":{"@id":"https:\/\/usa-b2.com\/tr\/texas-hill-country\/#breadcrumb"},"inLanguage":"tr","potentialAction":[{"@type":"ReadAction","target":["https:\/\/usa-b2.com\/tr\/texas-hill-country\/"]}]},{"@type":"ImageObject","inLanguage":"tr","@id":"https:\/\/usa-b2.com\/tr\/texas-hill-country\/#primaryimage","url":"https:\/\/usa-b2.com\/wp-content\/uploads\/2025\/03\/Texas-Hill-Country-1.png","contentUrl":"https:\/\/usa-b2.com\/wp-content\/uploads\/2025\/03\/Texas-Hill-Country-1.png","width":1056,"height":704},{"@type":"BreadcrumbList","@id":"https:\/\/usa-b2.com\/tr\/texas-hill-country\/#breadcrumb","itemListElement":[{"@type":"ListItem","position":1,"name":"Accueil","item":"https:\/\/usa-b2.com\/tr\/yol-gezileri-rehberi\/"},{"@type":"ListItem","position":2,"name":"Teksas Tepe \u00dclkesinde Yolculuk: Unutulmaz Bir Macera Rehberi"}]},{"@type":"WebSite","@id":"https:\/\/usa-b2.com\/tr\/#website","url":"https:\/\/usa-b2.com\/tr\/","name":"USA B2 VISA","description":"","potentialAction":[{"@type":"SearchAction","target":{"@type":"EntryPoint","urlTemplate":"https:\/\/usa-b2.com\/tr\/?s={search_term_string}"},"query-input":{"@type":"PropertyValueSpecification","valueRequired":true,"valueName":"search_term_string"}}],"inLanguage":"tr"}]}},"_links":{"self":[{"href":"https:\/\/usa-b2.com\/tr\/wp-json\/wp\/v2\/pages\/7933","targetHints":{"allow":["GET"]}}],"collection":[{"href":"https:\/\/usa-b2.com\/tr\/wp-json\/wp\/v2\/pages"}],"about":[{"href":"https:\/\/usa-b2.com\/tr\/wp-json\/wp\/v2\/types\/page"}],"author":[{"embeddable":true,"href":"https:\/\/usa-b2.com\/tr\/wp-json\/wp\/v2\/users\/1"}],"replies":[{"embeddable":true,"href":"https:\/\/usa-b2.com\/tr\/wp-json\/wp\/v2\/comments?post=7933"}],"version-history":[{"count":2,"href":"https:\/\/usa-b2.com\/tr\/wp-json\/wp\/v2\/pages\/7933\/revisions"}],"predecessor-version":[{"id":9389,"href":"https:\/\/usa-b2.com\/tr\/wp-json\/wp\/v2\/pages\/7933\/revisions\/9389"}],"wp:featuredmedia":[{"embeddable":true,"href":"https:\/\/usa-b2.com\/tr\/wp-json\/wp\/v2\/media\/7977"}],"wp:attachment":[{"href":"https:\/\/usa-b2.com\/tr\/wp-json\/wp\/v2\/media?parent=7933"}],"curies":[{"name":"wp","href":"https:\/\/api.w.org\/{rel}","templated":true}]}}