{"id":7888,"date":"2025-03-17T13:11:22","date_gmt":"2025-03-17T13:11:22","guid":{"rendered":"https:\/\/usa-b2.com\/deep-south-music-tour\/"},"modified":"2025-06-05T10:22:20","modified_gmt":"2025-06-05T10:22:20","slug":"deep-south-music-tour","status":"publish","type":"page","link":"https:\/\/usa-b2.com\/tr\/deep-south-music-tour\/","title":{"rendered":"Derin G\u00fcney&#8217;de Yolculuk: G\u00fczergah, \u00d6nemli Duraklar ve G\u00f6r\u00fclmesi Gereken Deneyimler"},"content":{"rendered":"\n<h1 class=\"wp-block-heading\">Araba ile G\u00fcneyin Derinlikleri: M\u00fckemmel bir yolculuk i\u00e7in rehber<\/h1>\n\n<p>Amerika Birle\u015fik Devletleri&#8217;nin <a href=\"https:\/\/www.deep-south-usa.com\/alabama\/fly-drives\/music-tour\">Derin G\u00fcneyi<\/a> tarih, k\u00fclt\u00fcr ve m\u00fczikle dolu bir b\u00f6lgedir. Bu yolculuk sizi efsanevi manzaralar ve <a href=\"https:\/\/www.nashville.com\/\">Nashville<\/a>, <a href=\"https:\/\/www.memphistravel.com\/\">Memphis<\/a> ve <a href=\"https:\/\/www.neworleans.com\/\">New Orleans<\/a> gibi ikonik \u015fehirler arac\u0131l\u0131\u011f\u0131yla blues, caz ve country m\u00fczi\u011fin k\u00f6klerinin kalbine g\u00f6t\u00fcr\u00fcyor. Konserler, tarihi yerler ve gastronomik duraklarla bu g\u00fczergah, m\u00fczik ve macera severler i\u00e7in e\u015fsiz bir deneyim vaat ediyor.  <\/p>\n\n<figure class=\"wp-block-image size-large\"><img fetchpriority=\"high\" decoding=\"async\" width=\"1024\" height=\"576\" src=\"https:\/\/usa-b2.com\/wp-content\/uploads\/2025\/03\/Deep-South-Music-2-1024x576.png\" alt=\"\" class=\"wp-image-8063\" srcset=\"https:\/\/usa-b2.com\/wp-content\/uploads\/2025\/03\/Deep-South-Music-2-1024x576.png 1024w, https:\/\/usa-b2.com\/wp-content\/uploads\/2025\/03\/Deep-South-Music-2-300x169.png 300w, https:\/\/usa-b2.com\/wp-content\/uploads\/2025\/03\/Deep-South-Music-2-768x432.png 768w, https:\/\/usa-b2.com\/wp-content\/uploads\/2025\/03\/Deep-South-Music-2.png 1367w\" sizes=\"(max-width: 1024px) 100vw, 1024px\" \/><\/figure>\n\n<h2 class=\"wp-block-heading\">G\u00fczergah: Nashville&#8217;den New Orleans&#8217;a<\/h2>\n\n<h3 class=\"wp-block-heading\">1.1. Nashville, Tennessee&#8217;den kalk\u0131\u015f<\/h3>\n\n<p>Country m\u00fczi\u011fin ba\u015fkenti olarak kabul edilen Nashville ideal bir ba\u015flang\u0131\u00e7 noktas\u0131d\u0131r. <a href=\"https:\/\/www.countrymusichalloffame.org\/\">Country Music Hall of Fame<\/a>&#8216;i ziyaret edin, <a href=\"https:\/\/www.opry.com\/\">Grand Ole Opry<\/a> &#8216;de bir konsere kat\u0131l\u0131n ve sanat\u00e7\u0131lar\u0131n ikonik barlarda canl\u0131 performans sergiledi\u011fi <a href=\"https:\/\/www.broadway.com\/\">Broadway<\/a> boyunca y\u00fcr\u00fcy\u00fcn. <\/p>\n\n<h3 class=\"wp-block-heading\">1.2. Memphis, Tennessee: Blues ve Elvis&#8217;in \u00dclkesi<\/h3>\n\n<p>\u00dc\u00e7 saatlik bir yolculuktan sonra<a href=\"https:\/\/en.wikipedia.org\/wiki\/Elvis_Presley\">Elvis Presley<\/a>&#8216;in eski evi <a href=\"https:\/\/www.graceland.com\/\">Graceland<\/a>&#8216;de mola verin. <a href=\"https:\/\/bealestreet.com\/\">Beale Caddesi<\/a>, efsanevi kul\u00fcpleriyle blues hayranlar\u0131 i\u00e7in bir zorunluluktur. Eski Lorraine Motel&#8217;de bulunan <a href=\"https:\/\/www.civilrightsmuseum.org\/visit\/?source=adwords&amp;campaign=&amp;medium=cpc&amp;keyword=national%20civil%20rights%20museum&amp;target=kwd-329492642321&amp;loc=9222727&amp;device=c&amp;gad_source=1&amp;gclid=Cj0KCQjwkN--BhDkARIsAD_mnIovXJ9uKCG2eyQDXN0RhNo1qqhfKbEZfUeXq_qc6AysXcXBrKIjyKAaAt8yEALw_wcB\">Ulusal Sivil Haklar M\u00fczesi<\/a> ka\u00e7\u0131r\u0131lmamas\u0131 gereken bir yerdir. <\/p>\n\n<h3 class=\"wp-block-heading\">1.3. Clarksdale, Mississippi: Delta Blues&#8217;un k\u00f6klerinde<\/h3>\n\n<p><a href=\"https:\/\/www.cityofclarksdale.org\/\">Clarksdale<\/a>, <a href=\"https:\/\/www.ms.gov\/\">Mississippi<\/a> &#8216;de k\u00fc\u00e7\u00fck bir kasabad\u0131r ve Delta Blues&#8217;un do\u011fdu\u011fu yerdir. <a href=\"https:\/\/www.deltabluesmuseum.org\/\">Delta Blues M\u00fczesi<\/a> ve Robert Johnson&#8217;\u0131n ruhunu \u015feytana satt\u0131\u011f\u0131 s\u00f6ylenen <a href=\"https:\/\/www.clarksdale.com\/crossroads.php\">Crossroads<\/a> zorunlu duraklard\u0131r. <\/p>\n\n<h3 class=\"wp-block-heading\">1.4. New Orleans, Louisiana: Caz\u0131n en iyi hali<\/h3>\n\n<p>Yolculuk bu canl\u0131 \u015fehirde sona eriyor. <a href=\"https:\/\/www.neworleans.com\/plan\/neighborhoods\/french-quarter\/\">French Quarter<\/a>&#8216;da dola\u015f\u0131n, <a href=\"https:\/\/www.frenchquarter.com\/frenchmen-street\/\">Frenchmen Street<\/a> &#8216;in caz kul\u00fcplerini ke\u015ffedin ve <a href=\"https:\/\/shop.cafedumonde.com\/\">Caf\u00e9 du Monde<\/a>&#8216;da beignet&#8217;lerin tad\u0131n\u0131 \u00e7\u0131kar\u0131n. <\/p>\n\n<h2 class=\"wp-block-heading\">Manzaralar ve Milli Parklar: Unutulmaz Manzara Rotalar\u0131<\/h2>\n\n<h3 class=\"wp-block-heading\">B\u00fcy\u00fck Dumanl\u0131 Da\u011flar: Muhte\u015fem bir do\u011fal ge\u00e7it<\/h3>\n\n<p>Nashville&#8217;e varmadan \u00f6nce, sisli manzaralara ve ormanl\u0131k patikalara sahip bir milli park olan <a href=\"https:\/\/friendsofthesmokies.org\/?gad_source=1&amp;gclid=Cj0KCQjwkN--BhDkARIsAD_mnIrzh_s0i4f90vUCfk37IDHlKDA73wyXZI0Lgky0I4paZsPiGmDajhsaAkbJEALw_wcB\">Great Smoky Mountains<\/a>&#8216;a do\u011fru bir sapma yap\u0131n, harika a\u00e7\u0131k havaya ilk dalman\u0131z i\u00e7in m\u00fckemmeldir.<\/p>\n\n<h3 class=\"wp-block-heading\">Natchez Trace Parkway: Tarihi bir rota<\/h3>\n\n<p><a href=\"https:\/\/www.scenictrace.com\/\">Natchez Trace Parkway<\/a>, <a href=\"https:\/\/www.tn.gov\/\">Tennessee<\/a>, Mississippi ve<a href=\"https:\/\/www.alabama.gov\/\">Alabama<\/a>&#8216;dan ge\u00e7en 700 km&#8217;lik bir g\u00fczergaht\u0131r. Tarihi duraklar ve manzara noktalar\u0131 ile dolu olan bu yol, foto\u011fraf ve tarih severler i\u00e7in idealdir. <\/p>\n\n<h3 class=\"wp-block-heading\">Louisiana batakl\u0131klar\u0131: Ba\u015fka bir d\u00fcnyaya dalmak<\/h3>\n\n<p>New Orleans&#8217;a varmadan \u00f6nce, timsahlar\u0131 ve yerel vah\u015fi ya\u015fam\u0131 g\u00f6zlemlemek i\u00e7in tekneyle <a href=\"https:\/\/www.louisiana.gov\/\">Louisiana<\/a> koylar\u0131n\u0131 ke\u015ffedin.<\/p>\n\n<h2 class=\"wp-block-heading\">Nerede uyuyabilirim? Otantik oteller ve konaklama yerleri <\/h2>\n\n<h3 class=\"wp-block-heading\">Nashville: Modernite ve gelenek aras\u0131nda<\/h3>\n\n<p>The <a href=\"https:\/\/www.huttonhotel.com\/\">Hutton Hotel<\/a> ve<a href=\"https:\/\/www.omnihotels.com\/hotels\/nashville?utm_source=gmblisting&amp;utm_medium=organic\">Omni Nashville Hotel<\/a> \u00fcst d\u00fczey konfor sunmaktad\u0131r. Otantik bir deneyim i\u00e7in Do\u011fu Nashville&#8217;de bir Airbnb tercih edin. <\/p>\n\n<h3 class=\"wp-block-heading\">Memphis: G\u00fcney cazibesi<\/h3>\n\n<p>\u00d6rdek ge\u00e7it t\u00f6reniyle \u00fcnl\u00fc <a href=\"https:\/\/www.peabodymemphis.com\/?utm_source=local-directories&amp;utm_medium=organic&amp;utm_campaign=travelclick-localconnect-featured\">Peabody Hotel<\/a> ikonik bir se\u00e7imdir. Daha uygun fiyatl\u0131 bir se\u00e7enek i\u00e7in <a href=\"https:\/\/www.marriott.com\/en-us\/hotels\/memox-moxy-memphis-downtown\/overview\/?scid=f2ae0541-1279-4f24-b197-a979c79310b0\">Moxy Memphis Downtown<\/a> idealdir. <\/p>\n\n<h3 class=\"wp-block-heading\">New Orleans: Kendinizi caz atmosferine b\u0131rak\u0131n<\/h3>\n\n<p><a href=\"https:\/\/www.neworleans.com\/plan\/streets\/bourbon-street\/\">Bourbon<\/a> Caddesi&#8217;ndeki <a href=\"https:\/\/www.sonesta.com\/royal-sonesta\/la\/new-orleans\/royal-sonesta-new-orleans\">Royal Sonesta<\/a> <a href=\"https:\/\/hotelmonteleone.com\/\">Hotel sizi hareketin kalbine yerle\u015ftirirken, Hotel Monteleone<\/a> tarihi bir l\u00fcks dokunu\u015fu sunar.<\/p>\n\n<h2 class=\"wp-block-heading\">Instagramlanabilir Foto\u011fraf Noktalar\u0131<\/h2>\n\n<figure class=\"wp-block-table\"><table class=\"has-fixed-layout\"><tbody><tr><td><strong>Konum<\/strong><\/td><td><strong>\u015eehir<\/strong><\/td><td><strong>Spesifik<\/strong><\/td><\/tr><tr><td><a href=\"https:\/\/www.trolleytours.com\/nashville\/broadway\">Broadway Caddesi<\/a><\/td><td>Nashville<\/td><td>Neon \u0131\u015f\u0131klar ve canl\u0131 konserler<\/td><\/tr><tr><td><a href=\"https:\/\/www.memphistravel.com\/beale-street\">Beale Soka\u011f\u0131<\/a><\/td><td>Memphis<\/td><td>\u0130konik blues atmosferi<\/td><\/tr><tr><td><a href=\"https:\/\/www.coastalridgefarm.com\/\">Ay\u00e7i\u00e7e\u011fi Tarlalar\u0131<\/a><\/td><td>Mississippi<\/td><td>Renkli manzaralar<\/td><\/tr><tr><td>Frans\u0131z Mahallesi<\/td><td>New Orleans<\/td><td>Tarihi mimari ve sokak sanat\u0131<\/td><\/tr><\/tbody><\/table><\/figure>\n\n<h2 class=\"wp-block-heading\">Seyahat t\u00fcr\u00fcn\u00fcze g\u00f6re aktiviteler<\/h2>\n\n<h3 class=\"wp-block-heading\">\u00c7ift olarak: Romantizm ve m\u00fczik<\/h3>\n\n<p>New Orleans&#8217;ta canl\u0131 caz dinleyerek Mississippi \u00fczerinde bir ak\u015fam yeme\u011fi gezisi gibisi yoktur. Nashville&#8217;de <a href=\"https:\/\/bluebirdcafe.com\/\">Bluebird Cafe<\/a> &#8216;de bir ak\u015fam romantik bir ikili i\u00e7in m\u00fckemmel bir samimi atmosfer sunar. <\/p>\n\n<h3 class=\"wp-block-heading\">Ailenizle birlikte: Herkesin eri\u015febilece\u011fi bir macera<\/h3>\n\n<p>\u00c7ocuklar Memphis&#8217;teki <a href=\"https:\/\/www.memphisrocknsoul.org\/\">Rock &amp; Soul M\u00fczesi<\/a> &#8216;ne ve Mississippi&#8217;de k\u00fcrekli tekne gezintisine bay\u0131lacaklar. Tennessee&#8217;de <a href=\"https:\/\/www.dollywood.com\/\">Dollywood Tema Park\u0131<\/a>, country m\u00fczi\u011fi ve turistik yerleri bir araya getiren e\u015fsiz bir deneyimdir. <\/p>\n\n<p>Derin G\u00fcney, <a href=\"https:\/\/usa-b2.com\/\">Amerika&#8217;daki en iyi yol gezilerinden<\/a> biridir. Konserler, tarihi yerler, muhte\u015fem manzaralar ve ikonik oteller ile her a\u015fama s\u00fcrprizler ve ke\u015fiflerle doludur. \u0130ster \u00e7ift ister aile olarak seyahat edin, bu unutulmaz yolculuk sizi unutulmaz an\u0131lar ve kalbinize kaz\u0131nm\u0131\u015f melodilerle ba\u015f ba\u015fa b\u0131rakacak.  <\/p>\n","protected":false},"excerpt":{"rendered":"<p>Araba ile G\u00fcneyin Derinlikleri: M\u00fckemmel bir yolculuk i\u00e7in rehber Amerika Birle\u015fik Devletleri&#8217;nin Derin G\u00fcneyi tarih, k\u00fclt\u00fcr ve m\u00fczikle dolu bir b\u00f6lgedir. Bu yolculuk sizi efsanevi manzaralar ve Nashville, Memphis ve New Orleans gibi ikonik \u015fehirler arac\u0131l\u0131\u011f\u0131yla blues, caz ve country m\u00fczi\u011fin k\u00f6klerinin kalbine g\u00f6t\u00fcr\u00fcyor. Konserler, tarihi yerler ve gastronomik duraklarla bu g\u00fczergah, m\u00fczik ve macera [&hellip;]<\/p>\n","protected":false},"author":1,"featured_media":0,"parent":0,"menu_order":0,"comment_status":"closed","ping_status":"closed","template":"","meta":{"footnotes":""},"class_list":["post-7888","page","type-page","status-publish","hentry"],"yoast_head":"<!-- This site is optimized with the Yoast SEO plugin v27.4 - https:\/\/yoast.com\/product\/yoast-seo-wordpress\/ -->\n<title>Derin G\u00fcney&#039;de Yolculuk: G\u00fczergah, \u00d6nemli Duraklar ve G\u00f6r\u00fclmesi Gereken Deneyimler - USA B2<\/title>\n<meta name=\"description\" content=\"Derin G\u00fcney&#039;de Yolculuk: Nashville&#039;den New Orleans&#039;a g\u00fczergah, \u00f6nemli duraklar, konaklama ve aktiviteler!\" \/>\n<meta name=\"robots\" content=\"index, follow, max-snippet:-1, max-image-preview:large, max-video-preview:-1\" \/>\n<link rel=\"canonical\" href=\"https:\/\/usa-b2.com\/tr\/deep-south-music-tour\/\" \/>\n<meta property=\"og:locale\" content=\"tr_TR\" \/>\n<meta property=\"og:type\" content=\"article\" \/>\n<meta property=\"og:title\" content=\"Derin G\u00fcney&#039;de Yolculuk: G\u00fczergah, \u00d6nemli Duraklar ve G\u00f6r\u00fclmesi Gereken Deneyimler - USA B2\" \/>\n<meta property=\"og:description\" content=\"Derin G\u00fcney&#039;de Yolculuk: Nashville&#039;den New Orleans&#039;a g\u00fczergah, \u00f6nemli duraklar, konaklama ve aktiviteler!\" \/>\n<meta property=\"og:url\" content=\"https:\/\/usa-b2.com\/tr\/deep-south-music-tour\/\" \/>\n<meta property=\"og:site_name\" content=\"USA B2\" \/>\n<meta property=\"article:modified_time\" content=\"2025-06-05T10:22:20+00:00\" \/>\n<meta property=\"og:image\" content=\"https:\/\/usa-b2.com\/wp-content\/uploads\/2025\/03\/Deep-South-Music-2-1024x576.png\" \/>\n\t<meta property=\"og:image:width\" content=\"1024\" \/>\n\t<meta property=\"og:image:height\" content=\"576\" \/>\n\t<meta property=\"og:image:type\" content=\"image\/png\" \/>\n<meta name=\"twitter:card\" content=\"summary_large_image\" \/>\n<meta name=\"twitter:label1\" content=\"Tahmini okuma s\u00fcresi\" \/>\n\t<meta name=\"twitter:data1\" content=\"3 dakika\" \/>\n<script type=\"application\/ld+json\" class=\"yoast-schema-graph\">{\"@context\":\"https:\\\/\\\/schema.org\",\"@graph\":[{\"@type\":\"WebPage\",\"@id\":\"https:\\\/\\\/usa-b2.com\\\/tr\\\/deep-south-music-tour\\\/\",\"url\":\"https:\\\/\\\/usa-b2.com\\\/tr\\\/deep-south-music-tour\\\/\",\"name\":\"Derin G\u00fcney'de Yolculuk: G\u00fczergah, \u00d6nemli Duraklar ve G\u00f6r\u00fclmesi Gereken Deneyimler - USA B2\",\"isPartOf\":{\"@id\":\"https:\\\/\\\/usa-b2.com\\\/tr\\\/#website\"},\"primaryImageOfPage\":{\"@id\":\"https:\\\/\\\/usa-b2.com\\\/tr\\\/deep-south-music-tour\\\/#primaryimage\"},\"image\":{\"@id\":\"https:\\\/\\\/usa-b2.com\\\/tr\\\/deep-south-music-tour\\\/#primaryimage\"},\"thumbnailUrl\":\"https:\\\/\\\/usa-b2.com\\\/wp-content\\\/uploads\\\/2025\\\/03\\\/Deep-South-Music-2-1024x576.png\",\"datePublished\":\"2025-03-17T13:11:22+00:00\",\"dateModified\":\"2025-06-05T10:22:20+00:00\",\"description\":\"Derin G\u00fcney'de Yolculuk: Nashville'den New Orleans'a g\u00fczergah, \u00f6nemli duraklar, konaklama ve aktiviteler!\",\"breadcrumb\":{\"@id\":\"https:\\\/\\\/usa-b2.com\\\/tr\\\/deep-south-music-tour\\\/#breadcrumb\"},\"inLanguage\":\"tr\",\"potentialAction\":[{\"@type\":\"ReadAction\",\"target\":[\"https:\\\/\\\/usa-b2.com\\\/tr\\\/deep-south-music-tour\\\/\"]}]},{\"@type\":\"ImageObject\",\"inLanguage\":\"tr\",\"@id\":\"https:\\\/\\\/usa-b2.com\\\/tr\\\/deep-south-music-tour\\\/#primaryimage\",\"url\":\"https:\\\/\\\/usa-b2.com\\\/wp-content\\\/uploads\\\/2025\\\/03\\\/Deep-South-Music-2-1024x576.png\",\"contentUrl\":\"https:\\\/\\\/usa-b2.com\\\/wp-content\\\/uploads\\\/2025\\\/03\\\/Deep-South-Music-2-1024x576.png\"},{\"@type\":\"BreadcrumbList\",\"@id\":\"https:\\\/\\\/usa-b2.com\\\/tr\\\/deep-south-music-tour\\\/#breadcrumb\",\"itemListElement\":[{\"@type\":\"ListItem\",\"position\":1,\"name\":\"Accueil\",\"item\":\"https:\\\/\\\/usa-b2.com\\\/tr\\\/usa\\\/\"},{\"@type\":\"ListItem\",\"position\":2,\"name\":\"Derin G\u00fcney&#8217;de Yolculuk: G\u00fczergah, \u00d6nemli Duraklar ve G\u00f6r\u00fclmesi Gereken Deneyimler\"}]},{\"@type\":\"WebSite\",\"@id\":\"https:\\\/\\\/usa-b2.com\\\/tr\\\/#website\",\"url\":\"https:\\\/\\\/usa-b2.com\\\/tr\\\/\",\"name\":\"USA B2 VISA\",\"description\":\"\",\"potentialAction\":[{\"@type\":\"SearchAction\",\"target\":{\"@type\":\"EntryPoint\",\"urlTemplate\":\"https:\\\/\\\/usa-b2.com\\\/tr\\\/?s={search_term_string}\"},\"query-input\":{\"@type\":\"PropertyValueSpecification\",\"valueRequired\":true,\"valueName\":\"search_term_string\"}}],\"inLanguage\":\"tr\"}]}<\/script>\n<!-- \/ Yoast SEO plugin. -->","yoast_head_json":{"title":"Derin G\u00fcney'de Yolculuk: G\u00fczergah, \u00d6nemli Duraklar ve G\u00f6r\u00fclmesi Gereken Deneyimler - USA B2","description":"Derin G\u00fcney'de Yolculuk: Nashville'den New Orleans'a g\u00fczergah, \u00f6nemli duraklar, konaklama ve aktiviteler!","robots":{"index":"index","follow":"follow","max-snippet":"max-snippet:-1","max-image-preview":"max-image-preview:large","max-video-preview":"max-video-preview:-1"},"canonical":"https:\/\/usa-b2.com\/tr\/deep-south-music-tour\/","og_locale":"tr_TR","og_type":"article","og_title":"Derin G\u00fcney'de Yolculuk: G\u00fczergah, \u00d6nemli Duraklar ve G\u00f6r\u00fclmesi Gereken Deneyimler - USA B2","og_description":"Derin G\u00fcney'de Yolculuk: Nashville'den New Orleans'a g\u00fczergah, \u00f6nemli duraklar, konaklama ve aktiviteler!","og_url":"https:\/\/usa-b2.com\/tr\/deep-south-music-tour\/","og_site_name":"USA B2","article_modified_time":"2025-06-05T10:22:20+00:00","og_image":[{"width":1024,"height":576,"url":"https:\/\/usa-b2.com\/wp-content\/uploads\/2025\/03\/Deep-South-Music-2-1024x576.png","type":"image\/png"}],"twitter_card":"summary_large_image","twitter_misc":{"Tahmini okuma s\u00fcresi":"3 dakika"},"schema":{"@context":"https:\/\/schema.org","@graph":[{"@type":"WebPage","@id":"https:\/\/usa-b2.com\/tr\/deep-south-music-tour\/","url":"https:\/\/usa-b2.com\/tr\/deep-south-music-tour\/","name":"Derin G\u00fcney'de Yolculuk: G\u00fczergah, \u00d6nemli Duraklar ve G\u00f6r\u00fclmesi Gereken Deneyimler - USA B2","isPartOf":{"@id":"https:\/\/usa-b2.com\/tr\/#website"},"primaryImageOfPage":{"@id":"https:\/\/usa-b2.com\/tr\/deep-south-music-tour\/#primaryimage"},"image":{"@id":"https:\/\/usa-b2.com\/tr\/deep-south-music-tour\/#primaryimage"},"thumbnailUrl":"https:\/\/usa-b2.com\/wp-content\/uploads\/2025\/03\/Deep-South-Music-2-1024x576.png","datePublished":"2025-03-17T13:11:22+00:00","dateModified":"2025-06-05T10:22:20+00:00","description":"Derin G\u00fcney'de Yolculuk: Nashville'den New Orleans'a g\u00fczergah, \u00f6nemli duraklar, konaklama ve aktiviteler!","breadcrumb":{"@id":"https:\/\/usa-b2.com\/tr\/deep-south-music-tour\/#breadcrumb"},"inLanguage":"tr","potentialAction":[{"@type":"ReadAction","target":["https:\/\/usa-b2.com\/tr\/deep-south-music-tour\/"]}]},{"@type":"ImageObject","inLanguage":"tr","@id":"https:\/\/usa-b2.com\/tr\/deep-south-music-tour\/#primaryimage","url":"https:\/\/usa-b2.com\/wp-content\/uploads\/2025\/03\/Deep-South-Music-2-1024x576.png","contentUrl":"https:\/\/usa-b2.com\/wp-content\/uploads\/2025\/03\/Deep-South-Music-2-1024x576.png"},{"@type":"BreadcrumbList","@id":"https:\/\/usa-b2.com\/tr\/deep-south-music-tour\/#breadcrumb","itemListElement":[{"@type":"ListItem","position":1,"name":"Accueil","item":"https:\/\/usa-b2.com\/tr\/usa\/"},{"@type":"ListItem","position":2,"name":"Derin G\u00fcney&#8217;de Yolculuk: G\u00fczergah, \u00d6nemli Duraklar ve G\u00f6r\u00fclmesi Gereken Deneyimler"}]},{"@type":"WebSite","@id":"https:\/\/usa-b2.com\/tr\/#website","url":"https:\/\/usa-b2.com\/tr\/","name":"USA B2 VISA","description":"","potentialAction":[{"@type":"SearchAction","target":{"@type":"EntryPoint","urlTemplate":"https:\/\/usa-b2.com\/tr\/?s={search_term_string}"},"query-input":{"@type":"PropertyValueSpecification","valueRequired":true,"valueName":"search_term_string"}}],"inLanguage":"tr"}]}},"_links":{"self":[{"href":"https:\/\/usa-b2.com\/tr\/wp-json\/wp\/v2\/pages\/7888","targetHints":{"allow":["GET"]}}],"collection":[{"href":"https:\/\/usa-b2.com\/tr\/wp-json\/wp\/v2\/pages"}],"about":[{"href":"https:\/\/usa-b2.com\/tr\/wp-json\/wp\/v2\/types\/page"}],"author":[{"embeddable":true,"href":"https:\/\/usa-b2.com\/tr\/wp-json\/wp\/v2\/users\/1"}],"replies":[{"embeddable":true,"href":"https:\/\/usa-b2.com\/tr\/wp-json\/wp\/v2\/comments?post=7888"}],"version-history":[{"count":0,"href":"https:\/\/usa-b2.com\/tr\/wp-json\/wp\/v2\/pages\/7888\/revisions"}],"wp:attachment":[{"href":"https:\/\/usa-b2.com\/tr\/wp-json\/wp\/v2\/media?parent=7888"}],"curies":[{"name":"wp","href":"https:\/\/api.w.org\/{rel}","templated":true}]}}