{"id":7831,"date":"2025-03-17T11:01:36","date_gmt":"2025-03-17T11:01:36","guid":{"rendered":"https:\/\/usa-b2.com\/florida-keys\/"},"modified":"2025-06-05T09:57:21","modified_gmt":"2025-06-05T09:57:21","slug":"florida-keys","status":"publish","type":"page","link":"https:\/\/usa-b2.com\/tr\/florida-keys\/","title":{"rendered":"Keys \u201cte karayolu gezisi: g\u00fczergah, ipu\u00e7lar\u0131 ve Florida\u201d da g\u00f6r\u00fclmesi gereken yerler"},"content":{"rendered":"\n<h1 class=\"wp-block-heading\">ABD Keys&#8217;de bir yolculu\u011fa \u00e7\u0131kma rehberi<\/h1>\n\n<p><a href=\"https:\/\/fla-keys.com\/\">Florida Keys<\/a>, Key Largo ve Key West aras\u0131nda 180 km boyunca uzanan bir cennet tak\u0131madas\u0131d\u0131r. Bu efsanevi rotay\u0131 <a href=\"https:\/\/en.wikipedia.org\/wiki\/Overseas_Highway\">Deniza\u015f\u0131r\u0131 Otoyol<\/a> (US-1) \u00fczerinden seyahat etmek unutulmaz manzaralar, stratejik duraklar ve e\u015fsiz bir tropik atmosfere tamamen dalma imkan\u0131 sunar. \u0130ster \u00e7ift olarak, ister ailenizle veya arkada\u015flar\u0131n\u0131zla seyahat ediyor olun, bu rehber size bu <a href=\"https:\/\/usa-b2.com\/tr\/\">Amerika yolculu\u011fu<\/a> hakk\u0131nda bilmeniz gereken her \u015feyi sunuyor: g\u00fczergah, aktiviteler, konaklama ve g\u00f6r\u00fclmesi gereken yerler.  <\/p>\n\n<figure class=\"wp-block-image size-large\"><img fetchpriority=\"high\" decoding=\"async\" width=\"1024\" height=\"576\" src=\"https:\/\/usa-b2.com\/wp-content\/uploads\/2025\/03\/Keys-Florida-1-1024x576.png\" alt=\"\" class=\"wp-image-8114\" srcset=\"https:\/\/usa-b2.com\/wp-content\/uploads\/2025\/03\/Keys-Florida-1-1024x576.png 1024w, https:\/\/usa-b2.com\/wp-content\/uploads\/2025\/03\/Keys-Florida-1-300x169.png 300w, https:\/\/usa-b2.com\/wp-content\/uploads\/2025\/03\/Keys-Florida-1-768x432.png 768w, https:\/\/usa-b2.com\/wp-content\/uploads\/2025\/03\/Keys-Florida-1.png 1099w\" sizes=\"(max-width: 1024px) 100vw, 1024px\" \/><\/figure>\n\n<h2 class=\"wp-block-heading\">Anahtarlar boyunca ideal rota<\/h2>\n\n<p>Klasik rota <a href=\"https:\/\/www.miami.gov\/Home\">Miami&#8217;<\/a> den ba\u015flar ve <a href=\"https:\/\/en.wikivoyage.org\/wiki\/U.S._Highway_1\">US-1 G\u00fcney<\/a> &#8216;i takip ederek <a href=\"https:\/\/www.cityofkeywest-fl.gov\/\">Key West<\/a>&#8216;e ula\u015f\u0131r. \u0130\u015fte rotan\u0131n ana etaplar\u0131: <\/p>\n\n<ul class=\"wp-block-list\">\n<li><a href=\"https:\/\/www.homesteadfl.gov\/\">Homestead<\/a>: <a href=\"https:\/\/www.nps.gov\/ever\/index.htm\">Everglades<\/a>&#8216;e a\u00e7\u0131lan kap\u0131, deniz otob\u00fcs\u00fc gezisi i\u00e7in m\u00fckemmel.<\/li>\n\n\n\n<li><a href=\"https:\/\/www.office-tourisme-usa.com\/etat\/floride\/key-largo\/\">Key Largo<\/a>: <a href=\"https:\/\/pennekamppark.com\/\">John Pennekamp Mercan Resifi Eyalet Park\u0131<\/a>&#8216;nda dal\u0131\u015f yapmak i\u00e7in idealdir.<\/li>\n\n\n\n<li><a href=\"https:\/\/www.islamorada.fl.us\/\">Islamorada<\/a>: D\u00fcnyan\u0131n b\u00fcy\u00fck bal\u0131k\u00e7\u0131l\u0131k ba\u015fkenti, taze bal\u0131klar\u0131n tad\u0131na bakmak i\u00e7in m\u00fckemmel.<\/li>\n\n\n\n<li><a href=\"https:\/\/www.ci.marathon.fl.us\/\">Maraton<\/a>: \u0130konik Seven Mile K\u00f6pr\u00fcs\u00fc ve <a href=\"https:\/\/www.visitflorida.com\/travel-ideas\/articles\/sombrero-beach-in-marathon-florida-key-west\/\">Sombrero Plaj\u0131.<\/a><\/li>\n\n\n\n<li><strong><a href=\"https:\/\/www.floridastateparks.org\/BahiaHonda\">Bahia Honda Eyalet Park\u0131<\/a><\/strong> Keys&#8217;in en g\u00fczel plajlar\u0131ndan biri.<\/li>\n\n\n\n<li><strong>Key West<\/strong>: <a href=\"https:\/\/www.mallorysquare.com\/\">Mallory Meydan\u0131<\/a>&#8216;ndaki G\u00fcn Bat\u0131m\u0131 Kutlamas\u0131 ile \u00fcnl\u00fc son var\u0131\u015f noktas\u0131.<\/li>\n<\/ul>\n\n<h2 class=\"wp-block-heading\">Ka\u00e7\u0131r\u0131lmayacak manzaralar ve do\u011fal duraklar<\/h2>\n\n<p><strong>Keys <\/strong>, plajlar, milli parklar ve mercan resiflerinden olu\u015fan \u00e7ok \u00e7e\u015fitli bir manzara sunmaktad\u0131r.<\/p>\n\n<p>Ziyaret edilebilecek ulusal parklar aras\u0131nda Everglades Ulusal Park\u0131 yerel vah\u015fi ya\u015fam\u0131 ke\u015ffetme \u015fans\u0131 sunarken, Key West&#8217;ten tekneyle ula\u015f\u0131labilen <a href=\"https:\/\/www.nps.gov\/drto\/index.htm\">Dry Tortugas Ulusal Park\u0131<\/a> <a href=\"https:\/\/www.futura-sciences.com\/planete\/photos\/amerique-splendeur-parcs-nationaux-americains-1023\/amerique-fort-jefferson-parc-national-sec-tortugas-7010\/\">Fort Jefferson<\/a> &#8216;a ve \u015fnorkelle y\u00fczmek i\u00e7in ideal kristal berrakl\u0131\u011f\u0131ndaki sulara ev sahipli\u011fi yapmaktad\u0131r.<\/p>\n\n<p>Di\u011fer unutulmaz yerler aras\u0131nda d\u00fcnyan\u0131n en uzun k\u00f6pr\u00fclerinden biri olan <a href=\"https:\/\/www.tripadvisor.com\/Attraction_Review-g34347-d519772-Reviews-Seven_Mile_Bridge-Marathon_Florida_Keys_Florida.html\">Seven Mile K\u00f6pr\u00fcs\u00fc<\/a>, Marathon&#8217;daki <strong>Sombrero<\/strong> Plaj\u0131 ve b\u00f6lgeye \u00f6zg\u00fc geyikleri g\u00f6rebilece\u011finiz <a href=\"https:\/\/fla-keys.com\/keysvoices\/experience-big-pine-the-lower-keys\/\">Big Pine Key<\/a>&#8216;in s\u0131\u011f sular\u0131 yer almaktad\u0131r.<\/p>\n\n<h2 class=\"wp-block-heading\">Keys&#8217;de nerede uyunur?<\/h2>\n\n<p>Seyahatinizden en iyi \u015fekilde yararlanmak istiyorsan\u0131z do\u011fru konaklama yerini bulmak \u00e7ok \u00f6nemlidir.<\/p>\n\n<p>B\u00fct\u00e7enize ve tercihlerinize uygun \u00e7e\u015fitli se\u00e7enekler vard\u0131r:<\/p>\n\n<figure class=\"wp-block-table\"><table class=\"has-fixed-layout\"><tbody><tr><td><strong>\u015eehir<\/strong><\/td><td><strong>Bar\u0131nd\u0131rma<\/strong><\/td><td><strong>Ortalama fiyat\/gece<\/strong><\/td><\/tr><tr><td>Key Largo<\/td><td><a href=\"https:\/\/www.marriott.com\/en-us\/hotels\/mthak-playa-largo-resort-and-spa-autograph-collection\/overview\/?scid=f2ae0541-1279-4f24-b197-a979c79310b0\">Playa Largo Resort &amp; Spa<\/a><\/td><td>180$<\/td><\/tr><tr><td>Maraton<\/td><td><a href=\"https:\/\/www.hawkscay.com\/?NCK=8666906422&amp;utm_source=google&amp;utm_medium=listing&amp;utm_campaign=hawks+cay+resort\">Hawks Cay Resort<\/a><\/td><td>250$<\/td><\/tr><tr><td>Key West<\/td><td><a href=\"https:\/\/www.themarkerkeywest.com\/?NCK=gl-marker\">The Marker Waterfront Resort<\/a><\/td><td>300$<\/td><\/tr><\/tbody><\/table><\/figure>\n\n<h2 class=\"wp-block-heading\">Instagramlanabilir Foto\u011fraf Noktalar\u0131<\/h2>\n\n<p>Keys, foto\u011fraflar\u0131n\u0131z i\u00e7in m\u00fckemmel bir\u00e7ok ikonik konum sunar.<\/p>\n\n<p><a href=\"https:\/\/cityofkeywest-fl.gov\/Facilities\/Facility\/Details\/Southernmost-Point-44\">Key West&#8217;teki Southernmost Point<\/a> ve g\u00fcn bat\u0131m\u0131nda <a href=\"https:\/\/7milebridge.website\/\">Seven Mile K\u00f6pr\u00fcs\u00fc<\/a> mutlaka g\u00f6r\u00fclmesi gereken yerler aras\u0131ndad\u0131r. Tropik bir ortam ar\u0131yorsan\u0131z, turkuaz sular\u0131yla \u00fcnl\u00fc <a href=\"https:\/\/www.floridastateparks.org\/BahiaHonda\">Bahia Honda Eyalet Park\u0131<\/a>&#8216;na gidin. <\/p>\n\n<p>Daha s\u0131ra d\u0131\u015f\u0131 deneyimler aras\u0131nda Key Largo&#8217;daki e\u015fsiz bir dal\u0131\u015f deneyimi olan bat\u0131k <a href=\"https:\/\/www.atlasobscura.com\/places\/christ-of-the-abyss-florida\">U\u00e7urum \u0130sa<\/a> heykeli ve <a href=\"https:\/\/www.mallorysquare.com\/\">Key West&#8217;teki Mallory Meydan\u0131&#8217;<\/a> nda muhte\u015fem kareler \u00e7ekmeyi garanti eden <a href=\"https:\/\/www.sunsetcelebration.org\/\">G\u00fcn Bat\u0131m\u0131 Kutlamas\u0131<\/a> yer almaktad\u0131r.<\/p>\n\n<h2 class=\"wp-block-heading\">\u00c7iftler ve Aileler i\u00e7in Etkinlikler<\/h2>\n\n<h3 class=\"wp-block-heading\">\u00c7ift<\/h3>\n\n<p>Keys&#8217;e yap\u0131lacak bir gezi m\u00fckemmel bir romantik ka\u00e7amakt\u0131r. \u00d6rne\u011fin Islamorada&#8217;daki <a href=\"https:\/\/www.moradabaykeys.com\/dining\/pierres-restaurant\/\">Pierre&#8217;s Restaurant&#8217;<\/a> ta deniz kenar\u0131nda bir ak\u015fam yeme\u011fi m\u00fckemmel bir ortamd\u0131r. Key West&#8217;e yap\u0131lan g\u00fcn bat\u0131m\u0131 yelkenli gezileri ve <a href=\"https:\/\/floridakeys.noaa.gov\/zones\/spas\/loeekey.html\">Looe Key Reef<\/a>&#8216;te \u015fnorkelle dal\u0131\u015f yap\u0131lan bir g\u00fcn unutulmazd\u0131r.  <\/p>\n\n<h3 class=\"wp-block-heading\">Aile<\/h3>\n\n<p>Keys ayn\u0131 zamanda aileler i\u00e7in de m\u00fckemmel bir destinasyondur. \u00c7ocuklar bay\u0131lacak: <\/p>\n\n<ul class=\"wp-block-list\">\n<li>Marathon&#8217;daki <a href=\"https:\/\/dolphins.org\/\">Yunus Ara\u015ft\u0131rma Merkezi<\/a> &#8216;nde yunuslarla y\u00fcz\u00fcn.<\/li>\n\n\n\n<li>Key West&#8217;in interaktif akvaryumlar\u0131n\u0131 ke\u015ffedin.<\/li>\n\n\n\n<li><a href=\"https:\/\/www.expedia.fr\/Big-Pine-Key.dx7195\">Big Pine Key<\/a>&#8216;in mangrovlar\u0131nda kay\u0131kla gezin.<\/li>\n<\/ul>\n\n<p>Florida Keys&#8217;te seyahat etmek, muhte\u015fem manzaralar\u0131, \u00e7e\u015fitli aktiviteleri ve kaliteli konaklama imkanlar\u0131n\u0131 bir araya getiren e\u015fsiz bir deneyimdir. \u0130ster bir dalg\u0131\u00e7 olun, ister bir yol gezisi merakl\u0131s\u0131 ya da romantizm aray\u0131\u015f\u0131nda olun, bu gezi unutulmaz an\u0131lar vaat ediyor. G\u00fczergah\u0131n\u0131z\u0131 planlay\u0131n, otellerinizi ay\u0131rt\u0131n ve Amerika Birle\u015fik Devletleri&#8217;nin en efsanevi yollar\u0131ndan birinde ola\u011fan\u00fcst\u00fc bir maceran\u0131n tad\u0131n\u0131 \u00e7\u0131kar\u0131n!  <\/p>\n\n<p><\/p>\n","protected":false},"excerpt":{"rendered":"<p>ABD Keys&#8217;de bir yolculu\u011fa \u00e7\u0131kma rehberi Florida Keys, Key Largo ve Key West aras\u0131nda 180 km boyunca uzanan bir cennet tak\u0131madas\u0131d\u0131r. Bu efsanevi rotay\u0131 Deniza\u015f\u0131r\u0131 Otoyol (US-1) \u00fczerinden seyahat etmek unutulmaz manzaralar, stratejik duraklar ve e\u015fsiz bir tropik atmosfere tamamen dalma imkan\u0131 sunar. \u0130ster \u00e7ift olarak, ister ailenizle veya arkada\u015flar\u0131n\u0131zla seyahat ediyor olun, bu rehber [&hellip;]<\/p>\n","protected":false},"author":1,"featured_media":0,"parent":0,"menu_order":0,"comment_status":"closed","ping_status":"closed","template":"","meta":{"footnotes":""},"class_list":["post-7831","page","type-page","status-publish","hentry"],"yoast_head":"<!-- This site is optimized with the Yoast SEO plugin v27.4 - https:\/\/yoast.com\/product\/yoast-seo-wordpress\/ -->\n<title>Keys \u201cte karayolu gezisi: g\u00fczergah, ipu\u00e7lar\u0131 ve Florida\u201d da g\u00f6r\u00fclmesi gereken yerler - USA B2<\/title>\n<meta name=\"description\" content=\"Florida Keys yol gezisi rehberini ke\u015ffedin: g\u00fczergah, manzaralar, oteller, aktiviteler ve Instagramlanabilir foto\u011fraf noktalar\u0131.\" \/>\n<meta name=\"robots\" content=\"index, follow, max-snippet:-1, max-image-preview:large, max-video-preview:-1\" \/>\n<link rel=\"canonical\" href=\"https:\/\/usa-b2.com\/tr\/florida-keys\/\" \/>\n<meta property=\"og:locale\" content=\"tr_TR\" \/>\n<meta property=\"og:type\" content=\"article\" \/>\n<meta property=\"og:title\" content=\"Keys \u201cte karayolu gezisi: g\u00fczergah, ipu\u00e7lar\u0131 ve Florida\u201d da g\u00f6r\u00fclmesi gereken yerler - USA B2\" \/>\n<meta property=\"og:description\" content=\"Florida Keys yol gezisi rehberini ke\u015ffedin: g\u00fczergah, manzaralar, oteller, aktiviteler ve Instagramlanabilir foto\u011fraf noktalar\u0131.\" \/>\n<meta property=\"og:url\" content=\"https:\/\/usa-b2.com\/tr\/florida-keys\/\" \/>\n<meta property=\"og:site_name\" content=\"USA B2\" \/>\n<meta property=\"article:modified_time\" content=\"2025-06-05T09:57:21+00:00\" \/>\n<meta property=\"og:image\" content=\"https:\/\/usa-b2.com\/wp-content\/uploads\/2025\/03\/Keys-Florida-1.png\" \/>\n\t<meta property=\"og:image:width\" content=\"1099\" \/>\n\t<meta property=\"og:image:height\" content=\"618\" \/>\n\t<meta property=\"og:image:type\" content=\"image\/png\" \/>\n<meta name=\"twitter:card\" content=\"summary_large_image\" \/>\n<meta name=\"twitter:label1\" content=\"Tahmini okuma s\u00fcresi\" \/>\n\t<meta name=\"twitter:data1\" content=\"3 dakika\" \/>\n<script type=\"application\/ld+json\" class=\"yoast-schema-graph\">{\"@context\":\"https:\\\/\\\/schema.org\",\"@graph\":[{\"@type\":\"WebPage\",\"@id\":\"https:\\\/\\\/usa-b2.com\\\/tr\\\/florida-keys\\\/\",\"url\":\"https:\\\/\\\/usa-b2.com\\\/tr\\\/florida-keys\\\/\",\"name\":\"Keys \u201cte karayolu gezisi: g\u00fczergah, ipu\u00e7lar\u0131 ve Florida\u201d da g\u00f6r\u00fclmesi gereken yerler - USA B2\",\"isPartOf\":{\"@id\":\"https:\\\/\\\/usa-b2.com\\\/tr\\\/#website\"},\"primaryImageOfPage\":{\"@id\":\"https:\\\/\\\/usa-b2.com\\\/tr\\\/florida-keys\\\/#primaryimage\"},\"image\":{\"@id\":\"https:\\\/\\\/usa-b2.com\\\/tr\\\/florida-keys\\\/#primaryimage\"},\"thumbnailUrl\":\"https:\\\/\\\/usa-b2.com\\\/wp-content\\\/uploads\\\/2025\\\/03\\\/Keys-Florida-1-1024x576.png\",\"datePublished\":\"2025-03-17T11:01:36+00:00\",\"dateModified\":\"2025-06-05T09:57:21+00:00\",\"description\":\"Florida Keys yol gezisi rehberini ke\u015ffedin: g\u00fczergah, manzaralar, oteller, aktiviteler ve Instagramlanabilir foto\u011fraf noktalar\u0131.\",\"breadcrumb\":{\"@id\":\"https:\\\/\\\/usa-b2.com\\\/tr\\\/florida-keys\\\/#breadcrumb\"},\"inLanguage\":\"tr\",\"potentialAction\":[{\"@type\":\"ReadAction\",\"target\":[\"https:\\\/\\\/usa-b2.com\\\/tr\\\/florida-keys\\\/\"]}]},{\"@type\":\"ImageObject\",\"inLanguage\":\"tr\",\"@id\":\"https:\\\/\\\/usa-b2.com\\\/tr\\\/florida-keys\\\/#primaryimage\",\"url\":\"https:\\\/\\\/usa-b2.com\\\/wp-content\\\/uploads\\\/2025\\\/03\\\/Keys-Florida-1-1024x576.png\",\"contentUrl\":\"https:\\\/\\\/usa-b2.com\\\/wp-content\\\/uploads\\\/2025\\\/03\\\/Keys-Florida-1-1024x576.png\"},{\"@type\":\"BreadcrumbList\",\"@id\":\"https:\\\/\\\/usa-b2.com\\\/tr\\\/florida-keys\\\/#breadcrumb\",\"itemListElement\":[{\"@type\":\"ListItem\",\"position\":1,\"name\":\"Accueil\",\"item\":\"https:\\\/\\\/usa-b2.com\\\/tr\\\/usa\\\/\"},{\"@type\":\"ListItem\",\"position\":2,\"name\":\"Keys \u201cte karayolu gezisi: g\u00fczergah, ipu\u00e7lar\u0131 ve Florida\u201d da g\u00f6r\u00fclmesi gereken yerler\"}]},{\"@type\":\"WebSite\",\"@id\":\"https:\\\/\\\/usa-b2.com\\\/tr\\\/#website\",\"url\":\"https:\\\/\\\/usa-b2.com\\\/tr\\\/\",\"name\":\"USA B2 VISA\",\"description\":\"\",\"potentialAction\":[{\"@type\":\"SearchAction\",\"target\":{\"@type\":\"EntryPoint\",\"urlTemplate\":\"https:\\\/\\\/usa-b2.com\\\/tr\\\/?s={search_term_string}\"},\"query-input\":{\"@type\":\"PropertyValueSpecification\",\"valueRequired\":true,\"valueName\":\"search_term_string\"}}],\"inLanguage\":\"tr\"}]}<\/script>\n<!-- \/ Yoast SEO plugin. -->","yoast_head_json":{"title":"Keys \u201cte karayolu gezisi: g\u00fczergah, ipu\u00e7lar\u0131 ve Florida\u201d da g\u00f6r\u00fclmesi gereken yerler - USA B2","description":"Florida Keys yol gezisi rehberini ke\u015ffedin: g\u00fczergah, manzaralar, oteller, aktiviteler ve Instagramlanabilir foto\u011fraf noktalar\u0131.","robots":{"index":"index","follow":"follow","max-snippet":"max-snippet:-1","max-image-preview":"max-image-preview:large","max-video-preview":"max-video-preview:-1"},"canonical":"https:\/\/usa-b2.com\/tr\/florida-keys\/","og_locale":"tr_TR","og_type":"article","og_title":"Keys \u201cte karayolu gezisi: g\u00fczergah, ipu\u00e7lar\u0131 ve Florida\u201d da g\u00f6r\u00fclmesi gereken yerler - USA B2","og_description":"Florida Keys yol gezisi rehberini ke\u015ffedin: g\u00fczergah, manzaralar, oteller, aktiviteler ve Instagramlanabilir foto\u011fraf noktalar\u0131.","og_url":"https:\/\/usa-b2.com\/tr\/florida-keys\/","og_site_name":"USA B2","article_modified_time":"2025-06-05T09:57:21+00:00","og_image":[{"width":1099,"height":618,"url":"https:\/\/usa-b2.com\/wp-content\/uploads\/2025\/03\/Keys-Florida-1.png","type":"image\/png"}],"twitter_card":"summary_large_image","twitter_misc":{"Tahmini okuma s\u00fcresi":"3 dakika"},"schema":{"@context":"https:\/\/schema.org","@graph":[{"@type":"WebPage","@id":"https:\/\/usa-b2.com\/tr\/florida-keys\/","url":"https:\/\/usa-b2.com\/tr\/florida-keys\/","name":"Keys \u201cte karayolu gezisi: g\u00fczergah, ipu\u00e7lar\u0131 ve Florida\u201d da g\u00f6r\u00fclmesi gereken yerler - USA B2","isPartOf":{"@id":"https:\/\/usa-b2.com\/tr\/#website"},"primaryImageOfPage":{"@id":"https:\/\/usa-b2.com\/tr\/florida-keys\/#primaryimage"},"image":{"@id":"https:\/\/usa-b2.com\/tr\/florida-keys\/#primaryimage"},"thumbnailUrl":"https:\/\/usa-b2.com\/wp-content\/uploads\/2025\/03\/Keys-Florida-1-1024x576.png","datePublished":"2025-03-17T11:01:36+00:00","dateModified":"2025-06-05T09:57:21+00:00","description":"Florida Keys yol gezisi rehberini ke\u015ffedin: g\u00fczergah, manzaralar, oteller, aktiviteler ve Instagramlanabilir foto\u011fraf noktalar\u0131.","breadcrumb":{"@id":"https:\/\/usa-b2.com\/tr\/florida-keys\/#breadcrumb"},"inLanguage":"tr","potentialAction":[{"@type":"ReadAction","target":["https:\/\/usa-b2.com\/tr\/florida-keys\/"]}]},{"@type":"ImageObject","inLanguage":"tr","@id":"https:\/\/usa-b2.com\/tr\/florida-keys\/#primaryimage","url":"https:\/\/usa-b2.com\/wp-content\/uploads\/2025\/03\/Keys-Florida-1-1024x576.png","contentUrl":"https:\/\/usa-b2.com\/wp-content\/uploads\/2025\/03\/Keys-Florida-1-1024x576.png"},{"@type":"BreadcrumbList","@id":"https:\/\/usa-b2.com\/tr\/florida-keys\/#breadcrumb","itemListElement":[{"@type":"ListItem","position":1,"name":"Accueil","item":"https:\/\/usa-b2.com\/tr\/usa\/"},{"@type":"ListItem","position":2,"name":"Keys \u201cte karayolu gezisi: g\u00fczergah, ipu\u00e7lar\u0131 ve Florida\u201d da g\u00f6r\u00fclmesi gereken yerler"}]},{"@type":"WebSite","@id":"https:\/\/usa-b2.com\/tr\/#website","url":"https:\/\/usa-b2.com\/tr\/","name":"USA B2 VISA","description":"","potentialAction":[{"@type":"SearchAction","target":{"@type":"EntryPoint","urlTemplate":"https:\/\/usa-b2.com\/tr\/?s={search_term_string}"},"query-input":{"@type":"PropertyValueSpecification","valueRequired":true,"valueName":"search_term_string"}}],"inLanguage":"tr"}]}},"_links":{"self":[{"href":"https:\/\/usa-b2.com\/tr\/wp-json\/wp\/v2\/pages\/7831","targetHints":{"allow":["GET"]}}],"collection":[{"href":"https:\/\/usa-b2.com\/tr\/wp-json\/wp\/v2\/pages"}],"about":[{"href":"https:\/\/usa-b2.com\/tr\/wp-json\/wp\/v2\/types\/page"}],"author":[{"embeddable":true,"href":"https:\/\/usa-b2.com\/tr\/wp-json\/wp\/v2\/users\/1"}],"replies":[{"embeddable":true,"href":"https:\/\/usa-b2.com\/tr\/wp-json\/wp\/v2\/comments?post=7831"}],"version-history":[{"count":0,"href":"https:\/\/usa-b2.com\/tr\/wp-json\/wp\/v2\/pages\/7831\/revisions"}],"wp:attachment":[{"href":"https:\/\/usa-b2.com\/tr\/wp-json\/wp\/v2\/media?parent=7831"}],"curies":[{"name":"wp","href":"https:\/\/api.w.org\/{rel}","templated":true}]}}