{"id":6270,"date":"2025-01-15T12:08:05","date_gmt":"2025-01-15T12:08:05","guid":{"rendered":"https:\/\/usa-b2.com\/roadtrip-boston-to-washington\/"},"modified":"2025-01-16T15:38:33","modified_gmt":"2025-01-16T15:38:33","slug":"roadtrip-boston-to-washington","status":"publish","type":"page","link":"https:\/\/usa-b2.com\/tr\/roadtrip-boston-to-washington\/","title":{"rendered":"Boston&#8217;dan Washington&#8217;a bir yolculuk"},"content":{"rendered":"\n<h1 class=\"wp-block-heading\">Boston&#8217;dan Washington&#8217;a bir yolculu\u011fu nas\u0131l organize edersiniz?<\/h1>\n\n<p>Boston&#8217;dan Washington&#8217;a yap\u0131lacak bir yolculuk, Amerika Birle\u015fik Devletleri&#8217;nin Do\u011fu Yakas\u0131&#8217;n\u0131n tarihi, k\u00fclt\u00fcrel ve do\u011fal hazinelerini ke\u015ffetmek i\u00e7in ideal bir yoldur. New York ve Philadelphia gibi ikonik \u015fehirlerin yan\u0131 s\u0131ra do\u011fal noktalar ve milli parklardan ge\u00e7en bu g\u00fczergah, hareketli \u015fehir hayat\u0131n\u0131 huzur dolu anlarla birle\u015ftiriyor. Bu rehberde, bu seyahati unutulmaz k\u0131lacak en iyi etaplar\u0131, konaklama yerlerini, aktiviteleri ve ipu\u00e7lar\u0131n\u0131 ke\u015ffedin.  <\/p>\n\n<figure class=\"wp-block-image size-full\"><img fetchpriority=\"high\" decoding=\"async\" width=\"789\" height=\"444\" src=\"https:\/\/usa-b2.com\/wp-content\/uploads\/2025\/01\/Atlantic-City-USA-edited.png\" alt=\"\" class=\"wp-image-6902\" srcset=\"https:\/\/usa-b2.com\/wp-content\/uploads\/2025\/01\/Atlantic-City-USA-edited.png 789w, https:\/\/usa-b2.com\/wp-content\/uploads\/2025\/01\/Atlantic-City-USA-edited-300x169.png 300w, https:\/\/usa-b2.com\/wp-content\/uploads\/2025\/01\/Atlantic-City-USA-edited-768x432.png 768w\" sizes=\"(max-width: 789px) 100vw, 789px\" \/><\/figure>\n\n<h2 class=\"wp-block-heading\">Mutlaka g\u00f6r\u00fclmesi gereken yerleri ke\u015ffedin: \u015eehirler ve simgesel yerler<\/h2>\n\n<h3 class=\"wp-block-heading\">Ke\u015ffedilecek \u00f6nemli kasabalar<\/h3>\n\n<ul class=\"wp-block-list\">\n<li><strong><a href=\"https:\/\/www.boston.gov\/\">Boston<\/a> <\/strong>Boston: Amerikan tarihinin be\u015fi\u011fi olan Boston&#8217;da Freedom Trail, Faneuil Hall ve Harvard gibi ka\u00e7\u0131r\u0131lmamas\u0131 gereken yerler bulunmaktad\u0131r.<\/li>\n\n\n\n<li><strong><a href=\"https:\/\/www.nyc.gov\/\">New York<\/a><\/strong> Hi\u00e7 uyumayan \u015fehir, \u00d6zg\u00fcrl\u00fck An\u0131t\u0131, Times Meydan\u0131 ve Central Park gibi \u00fcnl\u00fc simge yap\u0131larla doludur.<\/li>\n\n\n\n<li><strong><a href=\"https:\/\/www.phila.gov\/fr\/\">Philadelphia<\/a><\/strong> Amerikan ba\u011f\u0131ms\u0131zl\u0131\u011f\u0131n\u0131n sembolleri olan Independence Hall ve \u00d6zg\u00fcrl\u00fck \u00c7an\u0131&#8217;n\u0131 ka\u00e7\u0131rmay\u0131n.<\/li>\n\n\n\n<li><strong><a href=\"https:\/\/washington.org\/fr\/\">Washington<\/a>, D.C<\/strong>. Ba\u015fkent \u00fccretsiz m\u00fczeler ve Lincoln An\u0131t\u0131 ve Beyaz Saray gibi ikonik an\u0131tlarla doludur.<\/li>\n<\/ul>\n\n<h3 class=\"wp-block-heading\">Do\u011fal ve pitoresk sahneler<\/h3>\n\n<p>Yolculuk b\u00fcy\u00fck \u015fehirlerle s\u0131n\u0131rl\u0131 de\u011fil. \u00c7e\u015fitli manzaralar\u0131 ke\u015ffetmek i\u00e7in yol boyunca mola verin: <\/p>\n\n<ul class=\"wp-block-list\">\n<li><strong><a href=\"https:\/\/www.capecodchamber.org\/\">Cape Cod<\/a> (Massachusetts)<\/strong>: Plajlar\u0131 ve b\u00fcy\u00fcleyici sahil k\u00f6yleriyle tan\u0131n\u0131r.<\/li>\n\n\n\n<li><strong><a href=\"https:\/\/dwgpa.gov\/\">Delaware Water Gap<\/a> (Pennsylvania ve New Jersey<\/strong>): Y\u00fcr\u00fcy\u00fc\u015f ve panoramik manzaralar i\u00e7in muhte\u015fem bir vadi.<\/li>\n\n\n\n<li><strong><a href=\"https:\/\/en.wikipedia.org\/wiki\/Chesapeake_Bay\">Chesapeake K\u00f6rf<\/a><\/strong> ezi <strong>(Maryland)<\/strong>: Philadelphia ve Washington aras\u0131nda bir do\u011fa molas\u0131 i\u00e7in m\u00fckemmel.<\/li>\n<\/ul>\n\n<h2 class=\"wp-block-heading\">Nerede kal\u0131n\u0131r: Konaklama ve stratejik kasabalar<\/h2>\n\n<h3 class=\"wp-block-heading\">Kal\u0131nacak en iyi yerler<\/h3>\n\n<ul class=\"wp-block-list\">\n<li><strong>Boston<\/strong>: Ana cazibe merkezlerinin kalbinde olmak i\u00e7in Back Bay veya Beacon Hill yak\u0131nlar\u0131nda kal\u0131n.<\/li>\n\n\n\n<li><strong>New York<\/strong>: Eri\u015filebilirli\u011fi i\u00e7in Manhattan&#8217;\u0131 veya daha rahat bir atmosfer i\u00e7in Brooklyn&#8217;i se\u00e7in.<\/li>\n\n\n\n<li><strong>Philadelphia<\/strong>: Center City b\u00f6lgesi tarihi yerleri ke\u015ffetmek i\u00e7in idealdir.<\/li>\n\n\n\n<li><strong>Washington, D.C<\/strong>. Logan Circle ve Dupont Circle konforlu oteller ve an\u0131tlara kolay eri\u015fim sunar.<\/li>\n<\/ul>\n\n<h3 class=\"wp-block-heading\">Konaklama t\u00fcrleri<\/h3>\n\n<ul class=\"wp-block-list\">\n<li><strong>B\u00fcy\u00fcleyici oteller<\/strong>: Boston&#8217;daki <a href=\"https:\/\/www.omnihotels.com\/hotels\/boston-parker-house?utm_source=gmblisting&amp;utm_medium=organic\">Omni Parker House<\/a> gibi tarihi hanlar sizi yerel tarihin i\u00e7ine <a href=\"https:\/\/www.omnihotels.com\/hotels\/boston-parker-house?utm_source=gmblisting&amp;utm_medium=organic\">\u00e7eker<\/a>.<\/li>\n\n\n\n<li>Daireler <strong>ve Airbnb <\/strong>: New York veya Washington&#8217;da uzun s\u00fcreli konaklamalar i\u00e7in m\u00fckemmeldir.<\/li>\n\n\n\n<li><strong>Kamp alanlar\u0131<\/strong>: Do\u011fal bir deneyim ar\u0131yorsan\u0131z, Chesapeake K\u00f6rfezi \u00e7evresindeki gibi kamp alanlar\u0131 idealdir.<\/li>\n<\/ul>\n\n<h2 class=\"wp-block-heading\">\u00d6nerilen g\u00fczergah : Boston&#8217;dan Washington&#8217;a 7 g\u00fcn<\/h2>\n\n<figure class=\"wp-block-table\"><table class=\"has-fixed-layout\"><tbody><tr><td class=\"has-text-align-center\" data-align=\"center\"><strong>G\u00fcn<\/strong><\/td><td class=\"has-text-align-center\" data-align=\"center\"><strong>Ad\u0131m<\/strong><\/td><td class=\"has-text-align-center\" data-align=\"center\"><strong>Ana faaliyetler<\/strong><\/td><td class=\"has-text-align-center\" data-align=\"center\"><strong>\u00d6nerilen konaklama yerleri<\/strong><\/td><\/tr><tr><td class=\"has-text-align-center\" data-align=\"center\">1<\/td><td class=\"has-text-align-center\" data-align=\"center\">Boston<\/td><td class=\"has-text-align-center\" data-align=\"center\">\u00d6zg\u00fcrl\u00fck Yolu, Quincy Pazar\u0131<\/td><td class=\"has-text-align-center\" data-align=\"center\">Boston<\/td><\/tr><tr><td class=\"has-text-align-center\" data-align=\"center\">2<\/td><td class=\"has-text-align-center\" data-align=\"center\">Cape Cod<\/td><td class=\"has-text-align-center\" data-align=\"center\">Plajlar, tekne turlar\u0131<\/td><td class=\"has-text-align-center\" data-align=\"center\">Cape Cod<\/td><\/tr><tr><td class=\"has-text-align-center\" data-align=\"center\">3<\/td><td class=\"has-text-align-center\" data-align=\"center\">New York \u015eehri<\/td><td class=\"has-text-align-center\" data-align=\"center\">Times Meydan\u0131, Central Park, \u00d6zg\u00fcrl\u00fck An\u0131t\u0131<\/td><td class=\"has-text-align-center\" data-align=\"center\">New York<\/td><\/tr><tr><td class=\"has-text-align-center\" data-align=\"center\">4<\/td><td class=\"has-text-align-center\" data-align=\"center\">New York City &#8211; Philadelphia<\/td><td class=\"has-text-align-center\" data-align=\"center\">Sanat M\u00fczesi, \u00d6zg\u00fcrl\u00fck \u00c7an\u0131<\/td><td class=\"has-text-align-center\" data-align=\"center\">Philadelphia<\/td><\/tr><tr><td class=\"has-text-align-center\" data-align=\"center\">5<\/td><td class=\"has-text-align-center\" data-align=\"center\">Delaware Su Bo\u015flu\u011fu<\/td><td class=\"has-text-align-center\" data-align=\"center\">Y\u00fcr\u00fcy\u00fc\u015f ve rahatlama<\/td><td class=\"has-text-align-center\" data-align=\"center\">Philadelphia<\/td><\/tr><tr><td class=\"has-text-align-center\" data-align=\"center\">6<\/td><td class=\"has-text-align-center\" data-align=\"center\">Annapolis ve Chesapeake K\u00f6rfezi<\/td><td class=\"has-text-align-center\" data-align=\"center\">Deniz \u00fcr\u00fcnleri tad\u0131m\u0131, sahil boyunca y\u00fcr\u00fcy\u00fc\u015f<\/td><td class=\"has-text-align-center\" data-align=\"center\">Washington<\/td><\/tr><tr><td class=\"has-text-align-center\" data-align=\"center\">7<\/td><td class=\"has-text-align-center\" data-align=\"center\">Washington, D.C.<\/td><td class=\"has-text-align-center\" data-align=\"center\">National Mall, Smithsonian M\u00fczeleri<\/td><td class=\"has-text-align-center\" data-align=\"center\">Washington<\/td><\/tr><\/tbody><\/table><\/figure>\n\n<p>Bu g\u00fczergah, Do\u011fu Yakas\u0131&#8217;n\u0131n harikalar\u0131ndan en iyi \u015fekilde yararlanmak i\u00e7in kentsel gezi ve do\u011fa molalar\u0131 aras\u0131nda bir denge sunmaktad\u0131r.<\/p>\n\n<h2 class=\"wp-block-heading\">Instagramlanabilir foto\u011fraf noktalar\u0131<\/h2>\n\n<h3 class=\"wp-block-heading\">\u00c7ekimleriniz i\u00e7in m\u00fckemmel yerler<\/h3>\n\n<ul class=\"wp-block-list\">\n<li><strong><a href=\"https:\/\/fr.tripadvisor.be\/Attraction_Review-g60745-d481783-Reviews-Acorn_Street-Boston_Massachusetts.html\">Palamut Soka\u011f\u0131<\/a> (Boston)<\/strong>: Kolonyal mimarinin \u00f6z\u00fcn\u00fc yakalamak i\u00e7in m\u00fckemmel olan tarihi bir arnavut kald\u0131r\u0131m\u0131 sokak.<\/li>\n\n\n\n<li><strong><a href=\"https:\/\/www.rockefellercenter.com\/fr-fr\/attractions\/plateforme-observation-top-of-the-rock\/\">Top of the Rock<\/a> (New York)<\/strong>: Empire State Binas\u0131 ve Central Park da dahil olmak \u00fczere Manhattan&#8217;\u0131n nefes kesici manzaras\u0131.<\/li>\n\n\n\n<li><strong><a href=\"https:\/\/www.phillymagicgardens.org\/?gad_source=1&amp;gclid=Cj0KCQiA-aK8BhCDARIsAL_-H9nv8NAvzyI3HmO-V8arQsCZdAMMgPhCI4cgA5vykHh3x5QcLa8DZcYaAmjkEALw_wcB\">Philadelphia&#8217;n\u0131n Sihirli Bah\u00e7eleri<\/a><\/strong> Renkli ve yarat\u0131c\u0131 foto\u011fraf\u00e7\u0131l\u0131k i\u00e7in e\u015fsiz bir sanatsal mekan.<\/li>\n\n\n\n<li><strong>Tidal Basin (Washington, D.C.) <\/strong>: An\u0131tlar\u0131n su \u00fczerindeki yans\u0131mas\u0131, \u00f6zellikle g\u00fcn do\u011fumunda \u00e7ok g\u00fczeldir.<\/li>\n<\/ul>\n\n<h3 class=\"wp-block-heading\">Yolculu\u011funuzu \u00f6l\u00fcms\u00fczle\u015ftirmek i\u00e7in ipu\u00e7lar\u0131<\/h3>\n\n<p>En iyi kareleri yakalamak i\u00e7in sabah ve ak\u015fam\u0131n alt\u0131n saatlerini se\u00e7in. Orijinal \u00e7ekimler i\u00e7in \u015fehir parklar\u0131 veya r\u0131ht\u0131m kenarlar\u0131 gibi daha az s\u0131kl\u0131kta kullan\u0131lan bak\u0131\u015f noktalar\u0131n\u0131 ke\u015ffetmekten \u00e7ekinmeyin. <\/p>\n\n<h2 class=\"wp-block-heading\">Seyahat t\u00fcr\u00fcn\u00fcze g\u00f6re aktiviteler<\/h2>\n\n<h3 class=\"wp-block-heading\">\u00c7iftler i\u00e7in: romantik anlar<\/h3>\n\n<ul class=\"wp-block-list\">\n<li><strong>Charles Nehri (Boston) \u00fczerinde tekne turu<\/strong>: \u015eehrin \u00e7at\u0131lar\u0131n\u0131n romantik manzaras\u0131n\u0131n tad\u0131n\u0131 \u00e7\u0131kar\u0131n.<\/li>\n\n\n\n<li><strong> <a href=\"https:\/\/www.centralparknyc.org\/\">Central Park<\/a> &#8216;ta Piknik (New York)<\/strong>: G\u00f6kdelenlerin manzaras\u0131 e\u015fli\u011finde yaprakl\u0131 bir ortamda dinlenin.<\/li>\n\n\n\n<li><strong> <a href=\"https:\/\/www.georgetowndc.com\/\">Georgetown<\/a><\/strong> &#8216;<strong>da (Washington) gurme yemek<\/strong>: Bu mahalle samimi restoranlar ve s\u0131cak bir atmosfer sunmaktad\u0131r.<\/li>\n<\/ul>\n\n<h3 class=\"wp-block-heading\">Ailenizle birlikte: \u00e7ocuk dostu maceralar<\/h3>\n\n<ul class=\"wp-block-list\">\n<li><strong> <a href=\"https:\/\/www.mos.org\/\">Bilim M\u00fczesi<\/a><\/strong> &#8216;<strong>ne (Boston) interaktif ziyaret<\/strong>: E\u011flenirken \u00f6\u011frenmek i\u00e7in ideal.<\/li>\n\n\n\n<li><strong> <a href=\"https:\/\/www.thehighline.org\/\">High Line<\/a> &#8216;<\/strong> da <strong>Y\u00fcr\u00fcy\u00fc\u015f (New York)<\/strong>: Eski bir demiryolu hatt\u0131, \u015fehrin e\u015fsiz manzaras\u0131na sahip asma bir parka d\u00f6n\u00fc\u015ft\u00fcr\u00fclm\u00fc\u015ft\u00fcr.<\/li>\n\n\n\n<li><strong> <a href=\"https:\/\/airandspace.si.edu\/\">Smithsonian Ulusal Hava ve Uzay M\u00fczesi<\/a><\/strong> &#8216;<strong>nde ke\u015fif (Washington, D.C.)<\/strong>: K\u00fc\u00e7\u00fck havac\u0131l\u0131k hayranlar\u0131 i\u00e7in mutlaka g\u00f6r\u00fclmesi gereken bir yer.<\/li>\n<\/ul>\n\n<p>Boston&#8217;dan Washington&#8217;a uzanan bu yolculuk, Do\u011fu Yakas\u0131&#8217;n\u0131n tarihi, k\u00fclt\u00fcr\u00fc ve \u00e7e\u015fitli manzaralar\u0131na ger\u00e7ek bir dald\u0131rma niteli\u011findedir. \u0130ster \u00e7ift ister aile olarak seyahat ediyor olun, bu rota rakipsiz bir deneyim ve ke\u015fif zenginli\u011fi sunuyor. Seyahat program\u0131n\u0131z\u0131 planlay\u0131n, konaklama rezervasyonunuzu yap\u0131n ve Amerika&#8217;n\u0131n do\u011fusunun hazinelerini ke\u015ffetmek i\u00e7in yola \u00e7\u0131k\u0131n!  <\/p>\n","protected":false},"excerpt":{"rendered":"<p>Boston&#8217;dan Washington&#8217;a bir yolculu\u011fu nas\u0131l organize edersiniz? Boston&#8217;dan Washington&#8217;a yap\u0131lacak bir yolculuk, Amerika Birle\u015fik Devletleri&#8217;nin Do\u011fu Yakas\u0131&#8217;n\u0131n tarihi, k\u00fclt\u00fcrel ve do\u011fal hazinelerini ke\u015ffetmek i\u00e7in ideal bir yoldur. New York ve Philadelphia gibi ikonik \u015fehirlerin yan\u0131 s\u0131ra do\u011fal noktalar ve milli parklardan ge\u00e7en bu g\u00fczergah, hareketli \u015fehir hayat\u0131n\u0131 huzur dolu anlarla birle\u015ftiriyor. Bu rehberde, bu seyahati [&hellip;]<\/p>\n","protected":false},"author":1,"featured_media":0,"parent":0,"menu_order":0,"comment_status":"closed","ping_status":"closed","template":"","meta":{"footnotes":""},"class_list":["post-6270","page","type-page","status-publish","hentry"],"yoast_head":"<!-- This site is optimized with the Yoast SEO plugin v27.4 - https:\/\/yoast.com\/product\/yoast-seo-wordpress\/ -->\n<title>Boston&#039;dan Washington&#039;a bir yolculuk - USA B2<\/title>\n<meta name=\"description\" content=\"Boston - Washington yolculu\u011funun \u00f6nemli a\u015famalar\u0131n\u0131 ke\u015ffedin: g\u00fczergahlar, konaklama, aktiviteler ve foto\u011fraf f\u0131rsatlar\u0131.\" \/>\n<meta name=\"robots\" content=\"index, follow, max-snippet:-1, max-image-preview:large, max-video-preview:-1\" \/>\n<link rel=\"canonical\" href=\"https:\/\/usa-b2.com\/tr\/roadtrip-boston-to-washington\/\" \/>\n<meta property=\"og:locale\" content=\"tr_TR\" \/>\n<meta property=\"og:type\" content=\"article\" \/>\n<meta property=\"og:title\" content=\"Boston&#039;dan Washington&#039;a bir yolculuk - USA B2\" \/>\n<meta property=\"og:description\" content=\"Boston - Washington yolculu\u011funun \u00f6nemli a\u015famalar\u0131n\u0131 ke\u015ffedin: g\u00fczergahlar, konaklama, aktiviteler ve foto\u011fraf f\u0131rsatlar\u0131.\" \/>\n<meta property=\"og:url\" content=\"https:\/\/usa-b2.com\/tr\/roadtrip-boston-to-washington\/\" \/>\n<meta property=\"og:site_name\" content=\"USA B2\" \/>\n<meta property=\"article:modified_time\" content=\"2025-01-16T15:38:33+00:00\" \/>\n<meta property=\"og:image\" content=\"https:\/\/usa-b2.com\/wp-content\/uploads\/2025\/01\/Atlantic-City-USA-edited.png\" \/>\n\t<meta property=\"og:image:width\" content=\"789\" \/>\n\t<meta property=\"og:image:height\" content=\"444\" \/>\n\t<meta property=\"og:image:type\" content=\"image\/png\" \/>\n<meta name=\"twitter:card\" content=\"summary_large_image\" \/>\n<meta name=\"twitter:label1\" content=\"Tahmini okuma s\u00fcresi\" \/>\n\t<meta name=\"twitter:data1\" content=\"4 dakika\" \/>\n<script type=\"application\/ld+json\" class=\"yoast-schema-graph\">{\"@context\":\"https:\\\/\\\/schema.org\",\"@graph\":[{\"@type\":\"WebPage\",\"@id\":\"https:\\\/\\\/usa-b2.com\\\/tr\\\/roadtrip-boston-to-washington\\\/\",\"url\":\"https:\\\/\\\/usa-b2.com\\\/tr\\\/roadtrip-boston-to-washington\\\/\",\"name\":\"Boston'dan Washington'a bir yolculuk - USA B2\",\"isPartOf\":{\"@id\":\"https:\\\/\\\/usa-b2.com\\\/tr\\\/#website\"},\"primaryImageOfPage\":{\"@id\":\"https:\\\/\\\/usa-b2.com\\\/tr\\\/roadtrip-boston-to-washington\\\/#primaryimage\"},\"image\":{\"@id\":\"https:\\\/\\\/usa-b2.com\\\/tr\\\/roadtrip-boston-to-washington\\\/#primaryimage\"},\"thumbnailUrl\":\"https:\\\/\\\/usa-b2.com\\\/wp-content\\\/uploads\\\/2025\\\/01\\\/Atlantic-City-USA-edited.png\",\"datePublished\":\"2025-01-15T12:08:05+00:00\",\"dateModified\":\"2025-01-16T15:38:33+00:00\",\"description\":\"Boston - Washington yolculu\u011funun \u00f6nemli a\u015famalar\u0131n\u0131 ke\u015ffedin: g\u00fczergahlar, konaklama, aktiviteler ve foto\u011fraf f\u0131rsatlar\u0131.\",\"breadcrumb\":{\"@id\":\"https:\\\/\\\/usa-b2.com\\\/tr\\\/roadtrip-boston-to-washington\\\/#breadcrumb\"},\"inLanguage\":\"tr\",\"potentialAction\":[{\"@type\":\"ReadAction\",\"target\":[\"https:\\\/\\\/usa-b2.com\\\/tr\\\/roadtrip-boston-to-washington\\\/\"]}]},{\"@type\":\"ImageObject\",\"inLanguage\":\"tr\",\"@id\":\"https:\\\/\\\/usa-b2.com\\\/tr\\\/roadtrip-boston-to-washington\\\/#primaryimage\",\"url\":\"https:\\\/\\\/usa-b2.com\\\/wp-content\\\/uploads\\\/2025\\\/01\\\/Atlantic-City-USA-edited.png\",\"contentUrl\":\"https:\\\/\\\/usa-b2.com\\\/wp-content\\\/uploads\\\/2025\\\/01\\\/Atlantic-City-USA-edited.png\"},{\"@type\":\"BreadcrumbList\",\"@id\":\"https:\\\/\\\/usa-b2.com\\\/tr\\\/roadtrip-boston-to-washington\\\/#breadcrumb\",\"itemListElement\":[{\"@type\":\"ListItem\",\"position\":1,\"name\":\"Accueil\",\"item\":\"https:\\\/\\\/usa-b2.com\\\/tr\\\/\"},{\"@type\":\"ListItem\",\"position\":2,\"name\":\"Boston&#8217;dan Washington&#8217;a bir yolculuk\"}]},{\"@type\":\"WebSite\",\"@id\":\"https:\\\/\\\/usa-b2.com\\\/tr\\\/#website\",\"url\":\"https:\\\/\\\/usa-b2.com\\\/tr\\\/\",\"name\":\"USA B2 VISA\",\"description\":\"\",\"potentialAction\":[{\"@type\":\"SearchAction\",\"target\":{\"@type\":\"EntryPoint\",\"urlTemplate\":\"https:\\\/\\\/usa-b2.com\\\/tr\\\/?s={search_term_string}\"},\"query-input\":{\"@type\":\"PropertyValueSpecification\",\"valueRequired\":true,\"valueName\":\"search_term_string\"}}],\"inLanguage\":\"tr\"}]}<\/script>\n<!-- \/ Yoast SEO plugin. -->","yoast_head_json":{"title":"Boston'dan Washington'a bir yolculuk - USA B2","description":"Boston - Washington yolculu\u011funun \u00f6nemli a\u015famalar\u0131n\u0131 ke\u015ffedin: g\u00fczergahlar, konaklama, aktiviteler ve foto\u011fraf f\u0131rsatlar\u0131.","robots":{"index":"index","follow":"follow","max-snippet":"max-snippet:-1","max-image-preview":"max-image-preview:large","max-video-preview":"max-video-preview:-1"},"canonical":"https:\/\/usa-b2.com\/tr\/roadtrip-boston-to-washington\/","og_locale":"tr_TR","og_type":"article","og_title":"Boston'dan Washington'a bir yolculuk - USA B2","og_description":"Boston - Washington yolculu\u011funun \u00f6nemli a\u015famalar\u0131n\u0131 ke\u015ffedin: g\u00fczergahlar, konaklama, aktiviteler ve foto\u011fraf f\u0131rsatlar\u0131.","og_url":"https:\/\/usa-b2.com\/tr\/roadtrip-boston-to-washington\/","og_site_name":"USA B2","article_modified_time":"2025-01-16T15:38:33+00:00","og_image":[{"width":789,"height":444,"url":"https:\/\/usa-b2.com\/wp-content\/uploads\/2025\/01\/Atlantic-City-USA-edited.png","type":"image\/png"}],"twitter_card":"summary_large_image","twitter_misc":{"Tahmini okuma s\u00fcresi":"4 dakika"},"schema":{"@context":"https:\/\/schema.org","@graph":[{"@type":"WebPage","@id":"https:\/\/usa-b2.com\/tr\/roadtrip-boston-to-washington\/","url":"https:\/\/usa-b2.com\/tr\/roadtrip-boston-to-washington\/","name":"Boston'dan Washington'a bir yolculuk - USA B2","isPartOf":{"@id":"https:\/\/usa-b2.com\/tr\/#website"},"primaryImageOfPage":{"@id":"https:\/\/usa-b2.com\/tr\/roadtrip-boston-to-washington\/#primaryimage"},"image":{"@id":"https:\/\/usa-b2.com\/tr\/roadtrip-boston-to-washington\/#primaryimage"},"thumbnailUrl":"https:\/\/usa-b2.com\/wp-content\/uploads\/2025\/01\/Atlantic-City-USA-edited.png","datePublished":"2025-01-15T12:08:05+00:00","dateModified":"2025-01-16T15:38:33+00:00","description":"Boston - Washington yolculu\u011funun \u00f6nemli a\u015famalar\u0131n\u0131 ke\u015ffedin: g\u00fczergahlar, konaklama, aktiviteler ve foto\u011fraf f\u0131rsatlar\u0131.","breadcrumb":{"@id":"https:\/\/usa-b2.com\/tr\/roadtrip-boston-to-washington\/#breadcrumb"},"inLanguage":"tr","potentialAction":[{"@type":"ReadAction","target":["https:\/\/usa-b2.com\/tr\/roadtrip-boston-to-washington\/"]}]},{"@type":"ImageObject","inLanguage":"tr","@id":"https:\/\/usa-b2.com\/tr\/roadtrip-boston-to-washington\/#primaryimage","url":"https:\/\/usa-b2.com\/wp-content\/uploads\/2025\/01\/Atlantic-City-USA-edited.png","contentUrl":"https:\/\/usa-b2.com\/wp-content\/uploads\/2025\/01\/Atlantic-City-USA-edited.png"},{"@type":"BreadcrumbList","@id":"https:\/\/usa-b2.com\/tr\/roadtrip-boston-to-washington\/#breadcrumb","itemListElement":[{"@type":"ListItem","position":1,"name":"Accueil","item":"https:\/\/usa-b2.com\/tr\/"},{"@type":"ListItem","position":2,"name":"Boston&#8217;dan Washington&#8217;a bir yolculuk"}]},{"@type":"WebSite","@id":"https:\/\/usa-b2.com\/tr\/#website","url":"https:\/\/usa-b2.com\/tr\/","name":"USA B2 VISA","description":"","potentialAction":[{"@type":"SearchAction","target":{"@type":"EntryPoint","urlTemplate":"https:\/\/usa-b2.com\/tr\/?s={search_term_string}"},"query-input":{"@type":"PropertyValueSpecification","valueRequired":true,"valueName":"search_term_string"}}],"inLanguage":"tr"}]}},"_links":{"self":[{"href":"https:\/\/usa-b2.com\/tr\/wp-json\/wp\/v2\/pages\/6270","targetHints":{"allow":["GET"]}}],"collection":[{"href":"https:\/\/usa-b2.com\/tr\/wp-json\/wp\/v2\/pages"}],"about":[{"href":"https:\/\/usa-b2.com\/tr\/wp-json\/wp\/v2\/types\/page"}],"author":[{"embeddable":true,"href":"https:\/\/usa-b2.com\/tr\/wp-json\/wp\/v2\/users\/1"}],"replies":[{"embeddable":true,"href":"https:\/\/usa-b2.com\/tr\/wp-json\/wp\/v2\/comments?post=6270"}],"version-history":[{"count":0,"href":"https:\/\/usa-b2.com\/tr\/wp-json\/wp\/v2\/pages\/6270\/revisions"}],"wp:attachment":[{"href":"https:\/\/usa-b2.com\/tr\/wp-json\/wp\/v2\/media?parent=6270"}],"curies":[{"name":"wp","href":"https:\/\/api.w.org\/{rel}","templated":true}]}}