{"id":6250,"date":"2025-01-15T11:55:39","date_gmt":"2025-01-15T11:55:39","guid":{"rendered":"https:\/\/usa-b2.com\/new-england-sonbahar-yapraklari-turu\/"},"modified":"2025-01-21T10:35:59","modified_gmt":"2025-01-21T10:35:59","slug":"new-england-sonbahar-yapraklari-turu","status":"publish","type":"page","link":"https:\/\/usa-b2.com\/tr\/new-england-sonbahar-yapraklari-turu\/","title":{"rendered":"Amerika Birle\u015fik Devletleri&#8217;nde New England Sonbahar Ye\u015fillikleri Turunu Ke\u015ffedin"},"content":{"rendered":"\n<h1 class=\"wp-block-heading\">Amerika Birle\u015fik Devletleri&#8217;nde New England Sonbahar Ye\u015fillikleri Turu&#8217;nu nas\u0131l ziyaret edebilirim?<\/h1>\n\n<p>New England Sonbahar Yapraklar\u0131 Turu, do\u011fay\u0131 ve muhte\u015fem manzaray\u0131 sevenler i\u00e7in ka\u00e7\u0131r\u0131lmayacak bir deneyimdir. Her sonbaharda New England ormanlar\u0131 g\u00f6steri\u015fli renklere b\u00fcr\u00fcnerek d\u00fcnyan\u0131n d\u00f6rt bir yan\u0131ndan ziyaret\u00e7ileri kendine \u00e7eker. Pitoresk k\u00fc\u00e7\u00fck kasabalardan manzaral\u0131 otoyollara uzanan bu yolculuk, sonbahar\u0131n s\u0131cak atmosferine e\u015fsiz bir dalma imkan\u0131 sunuyor. Bu ayr\u0131nt\u0131l\u0131 rehber, konaklaman\u0131zdan en iyi \u015fekilde yararlanman\u0131z i\u00e7in g\u00fczergahlar, konaklama ipu\u00e7lar\u0131, foto\u011fraf f\u0131rsatlar\u0131 ve aktiviteler sunmaktad\u0131r.   <\/p>\n\n<figure class=\"wp-block-image size-full\"><img fetchpriority=\"high\" decoding=\"async\" width=\"706\" height=\"397\" src=\"https:\/\/usa-b2.com\/wp-content\/uploads\/2025\/01\/New-England-Fall-Foliage-Tour-USA-edited.png\" alt=\"\" class=\"wp-image-6845\" srcset=\"https:\/\/usa-b2.com\/wp-content\/uploads\/2025\/01\/New-England-Fall-Foliage-Tour-USA-edited.png 706w, https:\/\/usa-b2.com\/wp-content\/uploads\/2025\/01\/New-England-Fall-Foliage-Tour-USA-edited-300x169.png 300w\" sizes=\"(max-width: 706px) 100vw, 706px\" \/><\/figure>\n\n<h2 class=\"wp-block-heading\">Sonbahar\u0131n renklerini ke\u015ffetmek: ikonik yerler ve manzaralar<\/h2>\n\n<h3 class=\"wp-block-heading\">Ye\u015filliklere hayran olmak i\u00e7in g\u00f6r\u00fclmesi gereken yerler<\/h3>\n\n<ul class=\"wp-block-list\">\n<li><strong><a href=\"https:\/\/kancamagushighway.com\/\">Kancamagus Otoyolu<\/a> (New Hampshire) <\/strong>: Sabbaday \u015eelaleleri ve Sugar Hill Overlook gibi manzara noktalar\u0131 ile sonbahar renklerini izlemek i\u00e7in en \u00fcnl\u00fc rotalardan biri.<\/li>\n\n\n\n<li><strong><a href=\"https:\/\/greenmountainbywayvt.com\/\">Green Mountain Byway<\/a> (Vermont) <\/strong>: Stowe ve Waterbury&#8217;nin pitoresk k\u00f6ylerinden ge\u00e7en b\u00fcy\u00fcleyici bir rota.<\/li>\n\n\n\n<li><strong><a href=\"https:\/\/www.mohawktrail.com\/\">Mohawk Yolu <\/a>(Massachusetts):<\/strong> Bu tarihi patika muhte\u015fem manzaralar ve Hairpin Turn gibi duraklar sunmaktad\u0131r.<\/li>\n<\/ul>\n\n<h3 class=\"wp-block-heading\">Ke\u015ffedilecek sembolik manzaralar<\/h3>\n\n<p>New England Sonbahar Ye\u015fillikleri Turu, Vermont&#8217;un ini\u015fli \u00e7\u0131k\u0131\u015fl\u0131 tepelerinden Maine&#8217;in par\u0131ldayan g\u00f6llerine kadar \u00e7e\u015fitli manzaralarla doludur. Acadia Ulusal Park\u0131 gibi ulusal parklar ve do\u011fa rezervleri, ye\u015filliklerin ve Atlantik Okyanusu&#8217;nun nefes kesici manzaralar\u0131n\u0131 sunmaktad\u0131r. <a href=\"https:\/\/www.woodstock.com\/\">Woodstock<\/a> (Vermont) ve <a href=\"https:\/\/www.ci.camden.nj.us\/\">Camden<\/a> (Maine) gibi sonbahar cazibesinin en iyi \u015fekilde ya\u015fand\u0131\u011f\u0131 kasabalar\u0131 ziyaret etmeyi unutmay\u0131n.  <\/p>\n\n<h2 class=\"wp-block-heading\">Nerede kal\u0131n\u0131r: Konaklama ve stratejik kasabalar<\/h2>\n\n<h3 class=\"wp-block-heading\">G\u00f6r\u00fclmesi gereken mola \u015fehirleri<\/h3>\n\n<ul class=\"wp-block-list\">\n<li><strong><a href=\"https:\/\/www.stowe.com\/\">Stowe<\/a> (Vermont)<\/strong>: Bu da\u011f kasabas\u0131, Ye\u015fil Da\u011flar\u0131 ke\u015ffetmek i\u00e7in merkezi bir noktad\u0131r. Geleneksel hanlar ve konforlu oteller sunmaktad\u0131r. <\/li>\n\n\n\n<li><strong><a href=\"https:\/\/northconwaynh.com\/\">North Conway<\/a> (New Hampshire)<\/strong>: Kancamagus Otoyolu&#8217;nu ke\u015ffetmek ve rahat bir atmosferin tad\u0131n\u0131 \u00e7\u0131karmak i\u00e7in m\u00fckemmeldir.<\/li>\n\n\n\n<li><strong><a href=\"https:\/\/www.visitbarharbor.com\/\">Bar Harbor<\/a> (Maine)<\/strong>: Sonbahar yapraklar\u0131n\u0131 Acadia Ulusal Park\u0131&#8217;n\u0131n k\u0131y\u0131 manzaras\u0131yla birle\u015ftirmek isteyenler i\u00e7in idealdir.<\/li>\n<\/ul>\n\n<h3 class=\"wp-block-heading\">\u00d6nerilen konaklama yerleri<\/h3>\n\n<ul class=\"wp-block-list\">\n<li><strong>Geleneksel oda &amp; kahvalt\u0131lar<\/strong>: Vermont&#8217;taki <a href=\"https:\/\/www.rabbithill.com\/winter\/\">Rabbit Hill<\/a> Inn gibi bu tipik konaklama yerleri otantik bir deneyim sunar.<\/li>\n\n\n\n<li><strong>Oteller ve pansiyonlar<\/strong>: North Conway&#8217;deki <a href=\"https:\/\/www.whitemountainhotel.com\/\">White Mountain Hotel<\/a> gibi se\u00e7enekler konforu nefes kesici manzaralarla birle\u015ftirir.<\/li>\n\n\n\n<li><strong>Kamp <\/strong>: A\u00e7\u0131k hava merakl\u0131lar\u0131 <a href=\"https:\/\/www.nhstateparks.org\/find-parks-trails\/franconia-notch-state-park\">Franconia Notch Eyalet Park\u0131<\/a>&#8216;nda oldu\u011fu gibi servisli kamp alanlar\u0131n\u0131 tercih edebilir.<\/li>\n<\/ul>\n\n<h2 class=\"wp-block-heading\">\u00d6nerilen 7 g\u00fcnl\u00fck g\u00fczergah<\/h2>\n\n<figure class=\"wp-block-table\"><table class=\"has-fixed-layout\"><tbody><tr><td class=\"has-text-align-center\" data-align=\"center\"><strong>G\u00fcn<\/strong><\/td><td class=\"has-text-align-center\" data-align=\"center\"><strong>B\u00f6lge<\/strong><\/td><td class=\"has-text-align-center\" data-align=\"center\"><strong>Ana faaliyetler<\/strong><\/td><td class=\"has-text-align-center\" data-align=\"center\"><strong>\u00d6nerilen konaklama yerleri<\/strong><\/td><\/tr><tr><td class=\"has-text-align-center\" data-align=\"center\">1<\/td><td class=\"has-text-align-center\" data-align=\"center\">Boston &#8211; Stowe<\/td><td class=\"has-text-align-center\" data-align=\"center\">Vermont yolu, Woodstock&#8217;ta mola<\/td><td class=\"has-text-align-center\" data-align=\"center\">Stowe<\/td><\/tr><tr><td class=\"has-text-align-center\" data-align=\"center\">2<\/td><td class=\"has-text-align-center\" data-align=\"center\">Ye\u015fil Da\u011f Yolu<\/td><td class=\"has-text-align-center\" data-align=\"center\">Y\u00fcr\u00fcy\u00fc\u015f, Waterbury ziyareti<\/td><td class=\"has-text-align-center\" data-align=\"center\">Stowe<\/td><\/tr><tr><td class=\"has-text-align-center\" data-align=\"center\">3<\/td><td class=\"has-text-align-center\" data-align=\"center\">Kancamagus Otoyolu<\/td><td class=\"has-text-align-center\" data-align=\"center\">Manzara Noktalar\u0131, Sabbaday \u015eelaleleri<\/td><td class=\"has-text-align-center\" data-align=\"center\">Kuzey Conway<\/td><\/tr><tr><td class=\"has-text-align-center\" data-align=\"center\">4<\/td><td class=\"has-text-align-center\" data-align=\"center\">Beyaz Da\u011flar<\/td><td class=\"has-text-align-center\" data-align=\"center\">Y\u00fcr\u00fcy\u00fc\u015f, Washington Da\u011f\u0131 Oto Yolu<\/td><td class=\"has-text-align-center\" data-align=\"center\">Kuzey Conway<\/td><\/tr><tr><td class=\"has-text-align-center\" data-align=\"center\">5<\/td><td class=\"has-text-align-center\" data-align=\"center\">Mohawk Yolu<\/td><td class=\"has-text-align-center\" data-align=\"center\">Firkete D\u00f6n\u00fc\u015f\u00fc, Berkshire Da\u011flar\u0131<\/td><td class=\"has-text-align-center\" data-align=\"center\">Lenox<\/td><\/tr><tr><td class=\"has-text-align-center\" data-align=\"center\">6<\/td><td class=\"has-text-align-center\" data-align=\"center\">Acadia Ulusal Park\u0131<\/td><td class=\"has-text-align-center\" data-align=\"center\">Cadillac Da\u011f\u0131, Kum Plaj\u0131<\/td><td class=\"has-text-align-center\" data-align=\"center\">Bar Liman\u0131<\/td><\/tr><tr><td class=\"has-text-align-center\" data-align=\"center\">7<\/td><td class=\"has-text-align-center\" data-align=\"center\">Camden ve Boston&#8217;a d\u00f6n\u00fc\u015f<\/td><td class=\"has-text-align-center\" data-align=\"center\">Sahil k\u00f6y\u00fc, tepelerde y\u00fcr\u00fcy\u00fc\u015f<\/td><td class=\"has-text-align-center\" data-align=\"center\">&#8211;<\/td><\/tr><\/tbody><\/table><\/figure>\n\n<p>Bu g\u00fczergah, eksiksiz bir deneyim i\u00e7in do\u011fal rotalar\u0131, k\u00fclt\u00fcrel duraklar\u0131 ve do\u011fal ke\u015fifleri bir araya getiriyor.<\/p>\n\n<h2 class=\"wp-block-heading\">Instagramlanabilir foto\u011fraf noktalar\u0131<\/h2>\n\n<h3 class=\"wp-block-heading\">Yakalanacak yerler<\/h3>\n\n<ul class=\"wp-block-list\">\n<li><strong><a href=\"https:\/\/www.nps.gov\/acad\/planyourvisit\/cadillac-mountain.htm\">Cadillac Da\u011f\u0131<\/a> (Acadia Ulusal Park\u0131)<\/strong>: Do\u011fu k\u0131y\u0131s\u0131n\u0131n en y\u00fcksek noktas\u0131d\u0131r ve g\u00fcn do\u011fumunun muhte\u015fem manzaras\u0131n\u0131 sunar.<\/li>\n\n\n\n<li><strong><a href=\"https:\/\/www.sleepyhollowtrees.com\/\">Sleepy Hollow \u00c7iftli\u011fi<\/a> (Woodstock, Vermont)<\/strong>: Canl\u0131 ye\u015filliklerle \u00e7evrili ikonik bir \u00e7iftlik.<\/li>\n\n\n\n<li><strong>Flume Gorge (New Hampshire)<\/strong>: Sonbahar\u0131n renklerine dalm\u0131\u015f foto\u011fraflar i\u00e7in m\u00fckemmel, etkileyici bir do\u011fal alan.<\/li>\n<\/ul>\n\n<h3 class=\"wp-block-heading\">Ba\u015far\u0131l\u0131 \u00e7ekimler i\u00e7in ipu\u00e7lar\u0131<\/h3>\n\n<p>En canl\u0131 tonlar\u0131 yakalamak i\u00e7in sabah\u0131n erken saatlerinde veya g\u00fcn\u00fcn sonunda alt\u0131n saatleri tercih edin. Foto\u011fraflar\u0131n\u0131za derinlik kazand\u0131rmak i\u00e7in dolamba\u00e7l\u0131 yollar veya kapal\u0131 k\u00f6pr\u00fcler gibi \u00f6zellikleri eklemeyi unutmay\u0131n. <\/p>\n\n<h2 class=\"wp-block-heading\">Seyahat t\u00fcr\u00fcn\u00fcze g\u00f6re aktiviteler<\/h2>\n\n<h3 class=\"wp-block-heading\">\u00c7iftler i\u00e7in<\/h3>\n\n<ul class=\"wp-block-list\">\n<li><strong>Atl\u0131 araba gezintileri<\/strong>: T\u0131pk\u0131 <a href=\"https:\/\/www.woodstock.com\/\">Woodstock<\/a>, Vermont&#8217;ta oldu\u011fu gibi renkli ormanlarda huzurlu bir gezintinin tad\u0131n\u0131 \u00e7\u0131kar\u0131n.<\/li>\n\n\n\n<li><strong>Manzaral\u0131 yemek<\/strong>: Bar Harbor&#8217;daki Cliff House gibi restoranlar b\u00fcy\u00fcleyici bir ortamda gurme yemekler sunmaktad\u0131r.<\/li>\n\n\n\n<li><strong>Y\u0131ld\u0131z G\u00f6zlemcili\u011fi<\/strong>: \u015eehir \u0131\u015f\u0131klar\u0131ndan uzakta, Franconia Notch gibi yerler Samanyolu&#8217;nu hayranl\u0131kla izlemek i\u00e7in m\u00fckemmeldir.<\/li>\n<\/ul>\n\n<h3 class=\"wp-block-heading\">Ailenizle birlikte: \u00e7ocuk dostu maceralar<\/h3>\n\n<ul class=\"wp-block-list\">\n<li><strong>Eri\u015filebilir y\u00fcr\u00fcy\u00fc\u015fler<\/strong>: Echo G\u00f6l\u00fc (New Hampshire) \u00e7evresindeki gibi parkurlar \u00e7ocuklar i\u00e7in m\u00fckemmeldir.<\/li>\n\n\n\n<li><strong>Do\u011fan\u0131n kalbinde piknik<\/strong>: <a href=\"https:\/\/www.fs.usda.gov\/gmfl\">Green Mountain Ulusal Orman\u0131<\/a>&#8216;n\u0131n peyzajl\u0131 alanlar\u0131nda mola verin.<\/li>\n\n\n\n<li><strong>Elma <\/strong> toplama: Vermont&#8217;taki bir\u00e7ok meyve bah\u00e7esi, elma toplama ve elma \u015farab\u0131 tatma gibi aile etkinlikleri sunmaktad\u0131r.<\/li>\n<\/ul>\n\n<p><br\/>New England Sonbahar Ye\u015fillikleri Turu, sonbahar\u0131n parlak renklerine kendinizi kapt\u0131rman\u0131z, pitoresk k\u00f6yleri ke\u015ffetmeniz ve do\u011fan\u0131n kalbinde unutulmaz anlar ya\u015faman\u0131z i\u00e7in bir davettir. \u0130ster romantizm, ister macera, ister huzur ar\u0131yor olun, bu gezi muhte\u015fem manzaralar ve New England&#8217;\u0131n \u00f6z\u00fcne tamamen dalmay\u0131 vaat ediyor. Seyahat program\u0131n\u0131z\u0131 planlay\u0131n ve kendinizi sonbahar\u0131n b\u00fcy\u00fcs\u00fcne b\u0131rak\u0131n!  <\/p>\n","protected":false},"excerpt":{"rendered":"<p>Amerika Birle\u015fik Devletleri&#8217;nde New England Sonbahar Ye\u015fillikleri Turu&#8217;nu nas\u0131l ziyaret edebilirim? New England Sonbahar Yapraklar\u0131 Turu, do\u011fay\u0131 ve muhte\u015fem manzaray\u0131 sevenler i\u00e7in ka\u00e7\u0131r\u0131lmayacak bir deneyimdir. Her sonbaharda New England ormanlar\u0131 g\u00f6steri\u015fli renklere b\u00fcr\u00fcnerek d\u00fcnyan\u0131n d\u00f6rt bir yan\u0131ndan ziyaret\u00e7ileri kendine \u00e7eker. Pitoresk k\u00fc\u00e7\u00fck kasabalardan manzaral\u0131 otoyollara uzanan bu yolculuk, sonbahar\u0131n s\u0131cak atmosferine e\u015fsiz bir dalma imkan\u0131 [&hellip;]<\/p>\n","protected":false},"author":1,"featured_media":0,"parent":0,"menu_order":0,"comment_status":"closed","ping_status":"closed","template":"","meta":{"footnotes":""},"class_list":["post-6250","page","type-page","status-publish","hentry"],"yoast_head":"<!-- This site is optimized with the Yoast SEO plugin v27.4 - https:\/\/yoast.com\/product\/yoast-seo-wordpress\/ -->\n<title>Amerika Birle\u015fik Devletleri&#039;nde New England Sonbahar Ye\u015fillikleri Turunu Ke\u015ffedin - USA B2<\/title>\n<meta name=\"description\" content=\"Amerika Birle\u015fik Devletleri&#039;ndeki New England Sonbahar Ye\u015fillikleri Turunu ke\u015ffedin: ikonik yerler, manzaralar, konaklama ve g\u00fczergahlar.\" \/>\n<meta name=\"robots\" content=\"index, follow, max-snippet:-1, max-image-preview:large, max-video-preview:-1\" \/>\n<link rel=\"canonical\" href=\"https:\/\/usa-b2.com\/tr\/new-england-sonbahar-yapraklari-turu\/\" \/>\n<meta property=\"og:locale\" content=\"tr_TR\" \/>\n<meta property=\"og:type\" content=\"article\" \/>\n<meta property=\"og:title\" content=\"Amerika Birle\u015fik Devletleri&#039;nde New England Sonbahar Ye\u015fillikleri Turunu Ke\u015ffedin - USA B2\" \/>\n<meta property=\"og:description\" content=\"Amerika Birle\u015fik Devletleri&#039;ndeki New England Sonbahar Ye\u015fillikleri Turunu ke\u015ffedin: ikonik yerler, manzaralar, konaklama ve g\u00fczergahlar.\" \/>\n<meta property=\"og:url\" content=\"https:\/\/usa-b2.com\/tr\/new-england-sonbahar-yapraklari-turu\/\" \/>\n<meta property=\"og:site_name\" content=\"USA B2\" \/>\n<meta property=\"article:modified_time\" content=\"2025-01-21T10:35:59+00:00\" \/>\n<meta property=\"og:image\" content=\"https:\/\/usa-b2.com\/wp-content\/uploads\/2025\/01\/New-England-Fall-Foliage-Tour-USA-edited.png\" \/>\n\t<meta property=\"og:image:width\" content=\"706\" \/>\n\t<meta property=\"og:image:height\" content=\"397\" \/>\n\t<meta property=\"og:image:type\" content=\"image\/png\" \/>\n<meta name=\"twitter:card\" content=\"summary_large_image\" \/>\n<meta name=\"twitter:label1\" content=\"Tahmini okuma s\u00fcresi\" \/>\n\t<meta name=\"twitter:data1\" content=\"4 dakika\" \/>\n<script type=\"application\/ld+json\" class=\"yoast-schema-graph\">{\"@context\":\"https:\\\/\\\/schema.org\",\"@graph\":[{\"@type\":\"WebPage\",\"@id\":\"https:\\\/\\\/usa-b2.com\\\/tr\\\/new-england-sonbahar-yapraklari-turu\\\/\",\"url\":\"https:\\\/\\\/usa-b2.com\\\/tr\\\/new-england-sonbahar-yapraklari-turu\\\/\",\"name\":\"Amerika Birle\u015fik Devletleri'nde New England Sonbahar Ye\u015fillikleri Turunu Ke\u015ffedin - USA B2\",\"isPartOf\":{\"@id\":\"https:\\\/\\\/usa-b2.com\\\/tr\\\/#website\"},\"primaryImageOfPage\":{\"@id\":\"https:\\\/\\\/usa-b2.com\\\/tr\\\/new-england-sonbahar-yapraklari-turu\\\/#primaryimage\"},\"image\":{\"@id\":\"https:\\\/\\\/usa-b2.com\\\/tr\\\/new-england-sonbahar-yapraklari-turu\\\/#primaryimage\"},\"thumbnailUrl\":\"https:\\\/\\\/usa-b2.com\\\/wp-content\\\/uploads\\\/2025\\\/01\\\/New-England-Fall-Foliage-Tour-USA-edited.png\",\"datePublished\":\"2025-01-15T11:55:39+00:00\",\"dateModified\":\"2025-01-21T10:35:59+00:00\",\"description\":\"Amerika Birle\u015fik Devletleri'ndeki New England Sonbahar Ye\u015fillikleri Turunu ke\u015ffedin: ikonik yerler, manzaralar, konaklama ve g\u00fczergahlar.\",\"breadcrumb\":{\"@id\":\"https:\\\/\\\/usa-b2.com\\\/tr\\\/new-england-sonbahar-yapraklari-turu\\\/#breadcrumb\"},\"inLanguage\":\"tr\",\"potentialAction\":[{\"@type\":\"ReadAction\",\"target\":[\"https:\\\/\\\/usa-b2.com\\\/tr\\\/new-england-sonbahar-yapraklari-turu\\\/\"]}]},{\"@type\":\"ImageObject\",\"inLanguage\":\"tr\",\"@id\":\"https:\\\/\\\/usa-b2.com\\\/tr\\\/new-england-sonbahar-yapraklari-turu\\\/#primaryimage\",\"url\":\"https:\\\/\\\/usa-b2.com\\\/wp-content\\\/uploads\\\/2025\\\/01\\\/New-England-Fall-Foliage-Tour-USA-edited.png\",\"contentUrl\":\"https:\\\/\\\/usa-b2.com\\\/wp-content\\\/uploads\\\/2025\\\/01\\\/New-England-Fall-Foliage-Tour-USA-edited.png\"},{\"@type\":\"BreadcrumbList\",\"@id\":\"https:\\\/\\\/usa-b2.com\\\/tr\\\/new-england-sonbahar-yapraklari-turu\\\/#breadcrumb\",\"itemListElement\":[{\"@type\":\"ListItem\",\"position\":1,\"name\":\"Accueil\",\"item\":\"https:\\\/\\\/usa-b2.com\\\/tr\\\/usa\\\/\"},{\"@type\":\"ListItem\",\"position\":2,\"name\":\"Amerika Birle\u015fik Devletleri&#8217;nde New England Sonbahar Ye\u015fillikleri Turunu Ke\u015ffedin\"}]},{\"@type\":\"WebSite\",\"@id\":\"https:\\\/\\\/usa-b2.com\\\/tr\\\/#website\",\"url\":\"https:\\\/\\\/usa-b2.com\\\/tr\\\/\",\"name\":\"USA B2 VISA\",\"description\":\"\",\"potentialAction\":[{\"@type\":\"SearchAction\",\"target\":{\"@type\":\"EntryPoint\",\"urlTemplate\":\"https:\\\/\\\/usa-b2.com\\\/tr\\\/?s={search_term_string}\"},\"query-input\":{\"@type\":\"PropertyValueSpecification\",\"valueRequired\":true,\"valueName\":\"search_term_string\"}}],\"inLanguage\":\"tr\"}]}<\/script>\n<!-- \/ Yoast SEO plugin. -->","yoast_head_json":{"title":"Amerika Birle\u015fik Devletleri'nde New England Sonbahar Ye\u015fillikleri Turunu Ke\u015ffedin - USA B2","description":"Amerika Birle\u015fik Devletleri'ndeki New England Sonbahar Ye\u015fillikleri Turunu ke\u015ffedin: ikonik yerler, manzaralar, konaklama ve g\u00fczergahlar.","robots":{"index":"index","follow":"follow","max-snippet":"max-snippet:-1","max-image-preview":"max-image-preview:large","max-video-preview":"max-video-preview:-1"},"canonical":"https:\/\/usa-b2.com\/tr\/new-england-sonbahar-yapraklari-turu\/","og_locale":"tr_TR","og_type":"article","og_title":"Amerika Birle\u015fik Devletleri'nde New England Sonbahar Ye\u015fillikleri Turunu Ke\u015ffedin - USA B2","og_description":"Amerika Birle\u015fik Devletleri'ndeki New England Sonbahar Ye\u015fillikleri Turunu ke\u015ffedin: ikonik yerler, manzaralar, konaklama ve g\u00fczergahlar.","og_url":"https:\/\/usa-b2.com\/tr\/new-england-sonbahar-yapraklari-turu\/","og_site_name":"USA B2","article_modified_time":"2025-01-21T10:35:59+00:00","og_image":[{"width":706,"height":397,"url":"https:\/\/usa-b2.com\/wp-content\/uploads\/2025\/01\/New-England-Fall-Foliage-Tour-USA-edited.png","type":"image\/png"}],"twitter_card":"summary_large_image","twitter_misc":{"Tahmini okuma s\u00fcresi":"4 dakika"},"schema":{"@context":"https:\/\/schema.org","@graph":[{"@type":"WebPage","@id":"https:\/\/usa-b2.com\/tr\/new-england-sonbahar-yapraklari-turu\/","url":"https:\/\/usa-b2.com\/tr\/new-england-sonbahar-yapraklari-turu\/","name":"Amerika Birle\u015fik Devletleri'nde New England Sonbahar Ye\u015fillikleri Turunu Ke\u015ffedin - USA B2","isPartOf":{"@id":"https:\/\/usa-b2.com\/tr\/#website"},"primaryImageOfPage":{"@id":"https:\/\/usa-b2.com\/tr\/new-england-sonbahar-yapraklari-turu\/#primaryimage"},"image":{"@id":"https:\/\/usa-b2.com\/tr\/new-england-sonbahar-yapraklari-turu\/#primaryimage"},"thumbnailUrl":"https:\/\/usa-b2.com\/wp-content\/uploads\/2025\/01\/New-England-Fall-Foliage-Tour-USA-edited.png","datePublished":"2025-01-15T11:55:39+00:00","dateModified":"2025-01-21T10:35:59+00:00","description":"Amerika Birle\u015fik Devletleri'ndeki New England Sonbahar Ye\u015fillikleri Turunu ke\u015ffedin: ikonik yerler, manzaralar, konaklama ve g\u00fczergahlar.","breadcrumb":{"@id":"https:\/\/usa-b2.com\/tr\/new-england-sonbahar-yapraklari-turu\/#breadcrumb"},"inLanguage":"tr","potentialAction":[{"@type":"ReadAction","target":["https:\/\/usa-b2.com\/tr\/new-england-sonbahar-yapraklari-turu\/"]}]},{"@type":"ImageObject","inLanguage":"tr","@id":"https:\/\/usa-b2.com\/tr\/new-england-sonbahar-yapraklari-turu\/#primaryimage","url":"https:\/\/usa-b2.com\/wp-content\/uploads\/2025\/01\/New-England-Fall-Foliage-Tour-USA-edited.png","contentUrl":"https:\/\/usa-b2.com\/wp-content\/uploads\/2025\/01\/New-England-Fall-Foliage-Tour-USA-edited.png"},{"@type":"BreadcrumbList","@id":"https:\/\/usa-b2.com\/tr\/new-england-sonbahar-yapraklari-turu\/#breadcrumb","itemListElement":[{"@type":"ListItem","position":1,"name":"Accueil","item":"https:\/\/usa-b2.com\/tr\/usa\/"},{"@type":"ListItem","position":2,"name":"Amerika Birle\u015fik Devletleri&#8217;nde New England Sonbahar Ye\u015fillikleri Turunu Ke\u015ffedin"}]},{"@type":"WebSite","@id":"https:\/\/usa-b2.com\/tr\/#website","url":"https:\/\/usa-b2.com\/tr\/","name":"USA B2 VISA","description":"","potentialAction":[{"@type":"SearchAction","target":{"@type":"EntryPoint","urlTemplate":"https:\/\/usa-b2.com\/tr\/?s={search_term_string}"},"query-input":{"@type":"PropertyValueSpecification","valueRequired":true,"valueName":"search_term_string"}}],"inLanguage":"tr"}]}},"_links":{"self":[{"href":"https:\/\/usa-b2.com\/tr\/wp-json\/wp\/v2\/pages\/6250","targetHints":{"allow":["GET"]}}],"collection":[{"href":"https:\/\/usa-b2.com\/tr\/wp-json\/wp\/v2\/pages"}],"about":[{"href":"https:\/\/usa-b2.com\/tr\/wp-json\/wp\/v2\/types\/page"}],"author":[{"embeddable":true,"href":"https:\/\/usa-b2.com\/tr\/wp-json\/wp\/v2\/users\/1"}],"replies":[{"embeddable":true,"href":"https:\/\/usa-b2.com\/tr\/wp-json\/wp\/v2\/comments?post=6250"}],"version-history":[{"count":0,"href":"https:\/\/usa-b2.com\/tr\/wp-json\/wp\/v2\/pages\/6250\/revisions"}],"wp:attachment":[{"href":"https:\/\/usa-b2.com\/tr\/wp-json\/wp\/v2\/media?parent=6250"}],"curies":[{"name":"wp","href":"https:\/\/api.w.org\/{rel}","templated":true}]}}