{"id":6231,"date":"2025-01-15T10:13:22","date_gmt":"2025-01-15T10:13:22","guid":{"rendered":"https:\/\/usa-b2.com\/blue-ridge-parkway-birlesik-devletler\/"},"modified":"2025-01-21T10:35:16","modified_gmt":"2025-01-21T10:35:16","slug":"blue-ridge-parkway-birlesik-devletler","status":"publish","type":"page","link":"https:\/\/usa-b2.com\/tr\/blue-ridge-parkway-birlesik-devletler\/","title":{"rendered":"Amerika Birle\u015fik Devletleri&#8217;ndeki Blue Ridge Parkway&#8217;i ke\u015ffedin"},"content":{"rendered":"\n<h1 class=\"wp-block-heading\">Blue Ridge Parkway&#8217;de bir yolculu\u011fu nas\u0131l planlars\u0131n\u0131z?<\/h1>\n\n<p>&#8220;Amerika&#8217;n\u0131n Favori <a href=\"https:\/\/www.blueridgeparkway.org\/\">Yolu<\/a>&#8221; lakapl\u0131 <a href=\"https:\/\/www.blueridgeparkway.org\/\">Blue Ridge Parkway<\/a>, Amerika Birle\u015fik Devletleri&#8217;ndeki en g\u00fczel manzaral\u0131 yollardan biridir. <a href=\"https:\/\/www.virginia.org\/\">Virginia<\/a> ve Kuzey Carolina aras\u0131nda yakla\u015f\u0131k 755 kilometre boyunca uzanan bu efsanevi rota, yemye\u015fil da\u011flardan huzurlu vadilere kadar nefes kesici manzaralardan ge\u00e7mektedir. \u0130ster y\u00fcr\u00fcy\u00fc\u015f merakl\u0131s\u0131, ister foto\u011fraf merakl\u0131s\u0131 olun, ister sadece biraz huzur ve sessizlik ar\u0131yor olun, bu kapsaml\u0131 rehber size bu efsanevi yolculuktan en iyi \u015fekilde yararlanmak i\u00e7in bilmeniz gereken her \u015feyi anlat\u0131yor.  <\/p>\n\n<figure class=\"wp-block-image size-full\"><img fetchpriority=\"high\" decoding=\"async\" width=\"597\" height=\"336\" src=\"https:\/\/usa-b2.com\/wp-content\/uploads\/2025\/01\/Blue-Ridge-Parkway-Virginie-Caroline-Nord-USA-edited.png\" alt=\"\" class=\"wp-image-6796\" srcset=\"https:\/\/usa-b2.com\/wp-content\/uploads\/2025\/01\/Blue-Ridge-Parkway-Virginie-Caroline-Nord-USA-edited.png 597w, https:\/\/usa-b2.com\/wp-content\/uploads\/2025\/01\/Blue-Ridge-Parkway-Virginie-Caroline-Nord-USA-edited-300x169.png 300w\" sizes=\"(max-width: 597px) 100vw, 597px\" \/><\/figure>\n\n<h2 class=\"wp-block-heading\">Blue Ridge Parkway&#8217;i Ke\u015ffedin<\/h2>\n\n<h3 class=\"wp-block-heading\">Ka\u00e7\u0131r\u0131lmamas\u0131 gerekenler<\/h3>\n\n<ul class=\"wp-block-list\">\n<li><strong>Milepost 0<\/strong>: Afton Overlook (Virginia): \u00c7evredeki da\u011flara muhte\u015fem bir ilk bak\u0131\u015f.<\/li>\n\n\n\n<li><strong>Milepost 85<\/strong>: Peaks of Otter: Eri\u015filebilir y\u00fcr\u00fcy\u00fc\u015f parkurlar\u0131 ve piknik i\u00e7in m\u00fckemmel pitoresk bir g\u00f6l.<\/li>\n\n\n\n<li><strong>Milepost 316<\/strong>: Linville \u015eelaleleri, Kuzey Carolina: Foto\u011fraf merakl\u0131lar\u0131 i\u00e7in ideal olan etkileyici bir \u015felale.<\/li>\n\n\n\n<li><strong>Milepost 469<\/strong>: Cherokee: Parkway&#8217;in sonu, Great Smoky Mountains Ulusal Park\u0131&#8217;na yak\u0131n.<\/li>\n<\/ul>\n\n<h3 class=\"wp-block-heading\">G\u00fczergah boyunca \u00e7e\u015fitlilik g\u00f6steren manzaralar<\/h3>\n\n<p>Blue Ridge Parkway, Virginia&#8217;n\u0131n s\u0131k ormanlar\u0131ndan Kuzey Carolina&#8217;n\u0131n engebeli zirvelerine kadar \u00e7ok \u00e7e\u015fitli manzaralar sunmaktad\u0131r. Sonbaharda yanan yapraklar d\u00fcnyan\u0131n d\u00f6rt bir yan\u0131ndan ziyaret\u00e7ileri \u00e7ekerken, ilkbaharda k\u0131r \u00e7i\u00e7ekleri kenarlar\u0131 kaplar. Da\u011flara oyulmu\u015f t\u00fcneller bu deneyime pitoresk bir dokunu\u015f katar.  <\/p>\n\n<h2 class=\"wp-block-heading\">Nerede kal\u0131n\u0131r: Konaklama ve stratejik kasabalar<\/h2>\n\n<h3 class=\"wp-block-heading\">Tercih edilen mola \u015fehirleri<\/h3>\n\n<ul class=\"wp-block-list\">\n<li><strong><a href=\"https:\/\/www.roanokeva.gov\/148\/Visitors-Tourism\">Roanoke<\/a> (Virginia)<\/strong>: Parkway&#8217;in kuzey k\u0131sm\u0131n\u0131 ke\u015ffetmek i\u00e7in ideal olan bu kasaba konforlu oteller ve canl\u0131 bir restoran ortam\u0131 sunmaktad\u0131r.<\/li>\n\n\n\n<li><strong><a href=\"https:\/\/www.exploreasheville.com\/\">Asheville<\/a> (Kuzey Carolina) <\/strong>: Sanat, m\u00fczik ve yerel mutfa\u011f\u0131 sevenler i\u00e7in mutlaka u\u011franmas\u0131 gereken bir yer.<\/li>\n\n\n\n<li><strong><a href=\"https:\/\/blowingrock.com\/\">Blowing Rock<\/a> (Kuzey Carolina)<\/strong>: Ma\u011fazalar\u0131, restoranlar\u0131 ve da\u011f atmosferiyle bilinen b\u00fcy\u00fcleyici k\u00fc\u00e7\u00fck bir kasaba.<\/li>\n<\/ul>\n\n<h3 class=\"wp-block-heading\">Parkway i\u00e7inde ve \u00e7evresinde konaklama<\/h3>\n\n<ul class=\"wp-block-list\">\n<li><strong>Tarihi localar<\/strong>: <a href=\"https:\/\/www.peaksofotter.com\/\">Peaks of Otter Lodge<\/a> ve Pisgah Inn otantik bir ortam ve nefes kesici manzaralar sunmaktad\u0131r.<\/li>\n\n\n\n<li><strong>Kamp<\/strong>: Doughton Park gibi iyi donan\u0131ml\u0131 kamp alanlar\u0131 do\u011fayla i\u00e7 i\u00e7e olma imkan\u0131 sunmaktad\u0131r.<\/li>\n<\/ul>\n\n<h2 class=\"wp-block-heading\">\u00d6nerilen 5 g\u00fcnl\u00fck g\u00fczergah<\/h2>\n\n<figure class=\"wp-block-table\"><table class=\"has-fixed-layout\"><tbody><tr><td class=\"has-text-align-center\" data-align=\"center\"><strong>G\u00fcn<\/strong><\/td><td class=\"has-text-align-center\" data-align=\"center\"><strong>B\u00f6l\u00fcm<\/strong><\/td><td class=\"has-text-align-center\" data-align=\"center\"><strong>Ana faaliyetler<\/strong><\/td><td class=\"has-text-align-center\" data-align=\"center\"><strong>\u00d6nerilen konaklama yerleri<\/strong><\/td><\/tr><tr><td class=\"has-text-align-center\" data-align=\"center\">1<\/td><td class=\"has-text-align-center\" data-align=\"center\">Afton &#8211; Roanoke<\/td><td class=\"has-text-align-center\" data-align=\"center\">Afton Overlook, Humpback Kayas\u0131<\/td><td class=\"has-text-align-center\" data-align=\"center\">Roanoke<\/td><\/tr><tr><td class=\"has-text-align-center\" data-align=\"center\">2<\/td><td class=\"has-text-align-center\" data-align=\"center\">Roanoke &#8211; Blowing Rock<\/td><td class=\"has-text-align-center\" data-align=\"center\">Otter Kaya Tepeleri, Mabry De\u011firmeni<\/td><td class=\"has-text-align-center\" data-align=\"center\">Blowing Rock<\/td><\/tr><tr><td class=\"has-text-align-center\" data-align=\"center\">3<\/td><td class=\"has-text-align-center\" data-align=\"center\">Asheville&#8217;deki Blowing Rock<\/td><td class=\"has-text-align-center\" data-align=\"center\">Linville \u015eelaleleri, B\u00fcy\u00fckbaba Da\u011f\u0131<\/td><td class=\"has-text-align-center\" data-align=\"center\">Asheville<\/td><\/tr><tr><td class=\"has-text-align-center\" data-align=\"center\">4<\/td><td class=\"has-text-align-center\" data-align=\"center\">Asheville &#8211; Pisgah Da\u011f\u0131<\/td><td class=\"has-text-align-center\" data-align=\"center\">Pisgah Inn, Craggy Gardens<\/td><td class=\"has-text-align-center\" data-align=\"center\">Pisgah Inn<\/td><\/tr><tr><td class=\"has-text-align-center\" data-align=\"center\">5<\/td><td class=\"has-text-align-center\" data-align=\"center\"><a href=\"https:\/\/visitcherokeenc.com\/\">Cherokee<\/a>&#8216;deki Pisgah Da\u011f\u0131<\/td><td class=\"has-text-align-center\" data-align=\"center\">Waterrock Knob, Cherokee<\/td><td class=\"has-text-align-center\" data-align=\"center\">Cherokee<\/td><\/tr><\/tbody><\/table><\/figure>\n\n<p><br\/>Bu g\u00fczergah, ke\u015fif ve dinlenmeyi dengelerken Parkway&#8217;in \u00f6nemli noktalar\u0131n\u0131 ke\u015ffetmenizi sa\u011flar.<\/p>\n\n<h2 class=\"wp-block-heading\">Instagramlanabilir foto\u011fraf noktalar\u0131<\/h2>\n\n<h3 class=\"wp-block-heading\">\u00c7ekimleriniz i\u00e7in m\u00fckemmel manzaralar<\/h3>\n\n<p>Blue Ridge Parkway fotojenik noktalarla doludur. Bunlar aras\u0131nda: <\/p>\n\n<ul class=\"wp-block-list\">\n<li><strong>Craggy Gardens (Milepost 364)<\/strong>: \u00d6zellikle bahar aylar\u0131nda renkli manzaralar.<\/li>\n\n\n\n<li><strong>Mabry Mill (Milepost 176)<\/strong>: Pastoral k\u0131rsal alanla \u00e7evrili eski bir de\u011firmen ta\u015f\u0131, rustik foto\u011fraflar i\u00e7in m\u00fckemmeldir.<\/li>\n\n\n\n<li><strong>Waterrock Knob (Milepost 451)<\/strong>: G\u00fcn bat\u0131m\u0131nda muhte\u015fem bir manzara.<\/li>\n<\/ul>\n\n<h3 class=\"wp-block-heading\">Park yolunu \u00f6l\u00fcms\u00fczle\u015ftirmek i\u00e7in ipu\u00e7lar\u0131<\/h3>\n\n<p>En iyi foto\u011fraflar i\u00e7in \u0131\u015f\u0131\u011f\u0131n yumu\u015fak ve renklerin canl\u0131 oldu\u011fu g\u00fcn do\u011fumu ve g\u00fcn bat\u0131m\u0131na odaklan\u0131n. \u0130konik t\u00fcnelleri ve yolun dolamba\u00e7l\u0131 k\u0131vr\u0131mlar\u0131n\u0131 yakalamay\u0131 unutmay\u0131n. <\/p>\n\n<h2 class=\"wp-block-heading\">Seyahat t\u00fcr\u00fcn\u00fcze g\u00f6re aktiviteler<\/h2>\n\n<h3 class=\"wp-block-heading\">\u00c7iftler i\u00e7in: romantik anlar<\/h3>\n\n<ul class=\"wp-block-list\">\n<li><strong>Sessiz y\u00fcr\u00fcy\u00fc\u015fler ve manzara noktalar\u0131<\/strong>: Peaks of Otter&#8217;daki Flat Top Trail gibi patikalar iki ki\u015fi i\u00e7in huzur ve sessizlik anlar\u0131 sunar.<\/li>\n\n\n\n<li><strong>Yerel tad\u0131mlar <\/strong>: Asheville&#8217;de samimi bir atmosferde y\u00f6resel yemeklerin ve \u015faraplar\u0131n tad\u0131n\u0131 \u00e7\u0131kar\u0131n.<\/li>\n\n\n\n<li><strong>Y\u0131ld\u0131z<\/strong> G\u00f6zlemcili\u011fi: Parkway&#8217;in d\u00fc\u015f\u00fck \u0131\u015f\u0131k kirlili\u011fi Samanyolu&#8217;nu seyretmek i\u00e7in ideal bir yerdir.<\/li>\n<\/ul>\n\n<h3 class=\"wp-block-heading\">Ailenizle birlikte: \u00e7ocuk dostu maceralar<\/h3>\n\n<ul class=\"wp-block-list\">\n<li><strong>E\u011fitim faaliyetleri<\/strong>: Humpback Rocks gibi ziyaret\u00e7i merkezleri \u00e7ocuklar i\u00e7in interaktif programlar sunmaktad\u0131r.<\/li>\n\n\n\n<li><strong>Eri\u015filebilir y\u00fcr\u00fcy\u00fc\u015fler <\/strong>: Linville Falls Trail k\u0131sa ve kolayd\u0131r, k\u00fc\u00e7\u00fck \u00e7ocuklu aileler i\u00e7in m\u00fckemmeldir.<\/li>\n\n\n\n<li><strong>A\u00e7\u0131k havada piknik<\/strong>: Doughton Park gibi Parkway boyunca uzanan \u00e7e\u015fitli alanlar, <strong>a\u00e7\u0131k<\/strong> havada yemek yemek i\u00e7in idealdir.<\/li>\n<\/ul>\n\n<p>Blue Ridge Parkway bir yoldan \u00e7ok daha fazlas\u0131d\u0131r: Amerika&#8217;n\u0131n do\u011fal g\u00fczelli\u011finin kalbinde yer alan s\u00fcr\u00fckleyici bir deneyimdir. \u0130ster macera, ister rahatlama ya da aile an\u0131lar\u0131 ar\u0131yor olun, bu yolculuk sizi unutulmaz g\u00f6r\u00fcnt\u00fcler ve hislerle ba\u015f ba\u015fa b\u0131rakacak. G\u00fczergah\u0131n\u0131z\u0131 planlay\u0131n, yola \u00e7\u0131k\u0131n ve Blue Ridge Da\u011flar\u0131&#8217;n\u0131n harikalar\u0131 ile b\u00fcy\u00fclenmenize izin verin.  <\/p>\n","protected":false},"excerpt":{"rendered":"<p>Blue Ridge Parkway&#8217;de bir yolculu\u011fu nas\u0131l planlars\u0131n\u0131z? &#8220;Amerika&#8217;n\u0131n Favori Yolu&#8221; lakapl\u0131 Blue Ridge Parkway, Amerika Birle\u015fik Devletleri&#8217;ndeki en g\u00fczel manzaral\u0131 yollardan biridir. Virginia ve Kuzey Carolina aras\u0131nda yakla\u015f\u0131k 755 kilometre boyunca uzanan bu efsanevi rota, yemye\u015fil da\u011flardan huzurlu vadilere kadar nefes kesici manzaralardan ge\u00e7mektedir. \u0130ster y\u00fcr\u00fcy\u00fc\u015f merakl\u0131s\u0131, ister foto\u011fraf merakl\u0131s\u0131 olun, ister sadece biraz huzur [&hellip;]<\/p>\n","protected":false},"author":1,"featured_media":0,"parent":0,"menu_order":0,"comment_status":"closed","ping_status":"closed","template":"","meta":{"footnotes":""},"class_list":["post-6231","page","type-page","status-publish","hentry"],"yoast_head":"<!-- This site is optimized with the Yoast SEO plugin v27.4 - https:\/\/yoast.com\/product\/yoast-seo-wordpress\/ -->\n<title>Amerika Birle\u015fik Devletleri&#039;ndeki Blue Ridge Parkway&#039;i ke\u015ffedin - USA B2<\/title>\n<meta name=\"description\" content=\"Blue Ridge Parkway&#039;i ke\u015ffedin: g\u00fczergahlar, en iyi konaklama, foto\u011fraf noktalar\u0131 ve \u00e7iftler ve aileler i\u00e7in aktiviteler!\" \/>\n<meta name=\"robots\" content=\"index, follow, max-snippet:-1, max-image-preview:large, max-video-preview:-1\" \/>\n<link rel=\"canonical\" href=\"https:\/\/usa-b2.com\/tr\/blue-ridge-parkway-birlesik-devletler\/\" \/>\n<meta property=\"og:locale\" content=\"tr_TR\" \/>\n<meta property=\"og:type\" content=\"article\" \/>\n<meta property=\"og:title\" content=\"Amerika Birle\u015fik Devletleri&#039;ndeki Blue Ridge Parkway&#039;i ke\u015ffedin - USA B2\" \/>\n<meta property=\"og:description\" content=\"Blue Ridge Parkway&#039;i ke\u015ffedin: g\u00fczergahlar, en iyi konaklama, foto\u011fraf noktalar\u0131 ve \u00e7iftler ve aileler i\u00e7in aktiviteler!\" \/>\n<meta property=\"og:url\" content=\"https:\/\/usa-b2.com\/tr\/blue-ridge-parkway-birlesik-devletler\/\" \/>\n<meta property=\"og:site_name\" content=\"USA B2\" \/>\n<meta property=\"article:modified_time\" content=\"2025-01-21T10:35:16+00:00\" \/>\n<meta property=\"og:image\" content=\"https:\/\/usa-b2.com\/wp-content\/uploads\/2025\/01\/Blue-Ridge-Parkway-Virginie-Caroline-Nord-USA-edited.png\" \/>\n\t<meta property=\"og:image:width\" content=\"597\" \/>\n\t<meta property=\"og:image:height\" content=\"336\" \/>\n\t<meta property=\"og:image:type\" content=\"image\/png\" \/>\n<meta name=\"twitter:card\" content=\"summary_large_image\" \/>\n<meta name=\"twitter:label1\" content=\"Tahmini okuma s\u00fcresi\" \/>\n\t<meta name=\"twitter:data1\" content=\"4 dakika\" \/>\n<script type=\"application\/ld+json\" class=\"yoast-schema-graph\">{\"@context\":\"https:\\\/\\\/schema.org\",\"@graph\":[{\"@type\":\"WebPage\",\"@id\":\"https:\\\/\\\/usa-b2.com\\\/tr\\\/blue-ridge-parkway-birlesik-devletler\\\/\",\"url\":\"https:\\\/\\\/usa-b2.com\\\/tr\\\/blue-ridge-parkway-birlesik-devletler\\\/\",\"name\":\"Amerika Birle\u015fik Devletleri'ndeki Blue Ridge Parkway'i ke\u015ffedin - USA B2\",\"isPartOf\":{\"@id\":\"https:\\\/\\\/usa-b2.com\\\/tr\\\/#website\"},\"primaryImageOfPage\":{\"@id\":\"https:\\\/\\\/usa-b2.com\\\/tr\\\/blue-ridge-parkway-birlesik-devletler\\\/#primaryimage\"},\"image\":{\"@id\":\"https:\\\/\\\/usa-b2.com\\\/tr\\\/blue-ridge-parkway-birlesik-devletler\\\/#primaryimage\"},\"thumbnailUrl\":\"https:\\\/\\\/usa-b2.com\\\/wp-content\\\/uploads\\\/2025\\\/01\\\/Blue-Ridge-Parkway-Virginie-Caroline-Nord-USA-edited.png\",\"datePublished\":\"2025-01-15T10:13:22+00:00\",\"dateModified\":\"2025-01-21T10:35:16+00:00\",\"description\":\"Blue Ridge Parkway'i ke\u015ffedin: g\u00fczergahlar, en iyi konaklama, foto\u011fraf noktalar\u0131 ve \u00e7iftler ve aileler i\u00e7in aktiviteler!\",\"breadcrumb\":{\"@id\":\"https:\\\/\\\/usa-b2.com\\\/tr\\\/blue-ridge-parkway-birlesik-devletler\\\/#breadcrumb\"},\"inLanguage\":\"tr\",\"potentialAction\":[{\"@type\":\"ReadAction\",\"target\":[\"https:\\\/\\\/usa-b2.com\\\/tr\\\/blue-ridge-parkway-birlesik-devletler\\\/\"]}]},{\"@type\":\"ImageObject\",\"inLanguage\":\"tr\",\"@id\":\"https:\\\/\\\/usa-b2.com\\\/tr\\\/blue-ridge-parkway-birlesik-devletler\\\/#primaryimage\",\"url\":\"https:\\\/\\\/usa-b2.com\\\/wp-content\\\/uploads\\\/2025\\\/01\\\/Blue-Ridge-Parkway-Virginie-Caroline-Nord-USA-edited.png\",\"contentUrl\":\"https:\\\/\\\/usa-b2.com\\\/wp-content\\\/uploads\\\/2025\\\/01\\\/Blue-Ridge-Parkway-Virginie-Caroline-Nord-USA-edited.png\"},{\"@type\":\"BreadcrumbList\",\"@id\":\"https:\\\/\\\/usa-b2.com\\\/tr\\\/blue-ridge-parkway-birlesik-devletler\\\/#breadcrumb\",\"itemListElement\":[{\"@type\":\"ListItem\",\"position\":1,\"name\":\"Accueil\",\"item\":\"https:\\\/\\\/usa-b2.com\\\/tr\\\/usa\\\/\"},{\"@type\":\"ListItem\",\"position\":2,\"name\":\"Amerika Birle\u015fik Devletleri&#8217;ndeki Blue Ridge Parkway&#8217;i ke\u015ffedin\"}]},{\"@type\":\"WebSite\",\"@id\":\"https:\\\/\\\/usa-b2.com\\\/tr\\\/#website\",\"url\":\"https:\\\/\\\/usa-b2.com\\\/tr\\\/\",\"name\":\"USA B2 VISA\",\"description\":\"\",\"potentialAction\":[{\"@type\":\"SearchAction\",\"target\":{\"@type\":\"EntryPoint\",\"urlTemplate\":\"https:\\\/\\\/usa-b2.com\\\/tr\\\/?s={search_term_string}\"},\"query-input\":{\"@type\":\"PropertyValueSpecification\",\"valueRequired\":true,\"valueName\":\"search_term_string\"}}],\"inLanguage\":\"tr\"}]}<\/script>\n<!-- \/ Yoast SEO plugin. -->","yoast_head_json":{"title":"Amerika Birle\u015fik Devletleri'ndeki Blue Ridge Parkway'i ke\u015ffedin - USA B2","description":"Blue Ridge Parkway'i ke\u015ffedin: g\u00fczergahlar, en iyi konaklama, foto\u011fraf noktalar\u0131 ve \u00e7iftler ve aileler i\u00e7in aktiviteler!","robots":{"index":"index","follow":"follow","max-snippet":"max-snippet:-1","max-image-preview":"max-image-preview:large","max-video-preview":"max-video-preview:-1"},"canonical":"https:\/\/usa-b2.com\/tr\/blue-ridge-parkway-birlesik-devletler\/","og_locale":"tr_TR","og_type":"article","og_title":"Amerika Birle\u015fik Devletleri'ndeki Blue Ridge Parkway'i ke\u015ffedin - USA B2","og_description":"Blue Ridge Parkway'i ke\u015ffedin: g\u00fczergahlar, en iyi konaklama, foto\u011fraf noktalar\u0131 ve \u00e7iftler ve aileler i\u00e7in aktiviteler!","og_url":"https:\/\/usa-b2.com\/tr\/blue-ridge-parkway-birlesik-devletler\/","og_site_name":"USA B2","article_modified_time":"2025-01-21T10:35:16+00:00","og_image":[{"width":597,"height":336,"url":"https:\/\/usa-b2.com\/wp-content\/uploads\/2025\/01\/Blue-Ridge-Parkway-Virginie-Caroline-Nord-USA-edited.png","type":"image\/png"}],"twitter_card":"summary_large_image","twitter_misc":{"Tahmini okuma s\u00fcresi":"4 dakika"},"schema":{"@context":"https:\/\/schema.org","@graph":[{"@type":"WebPage","@id":"https:\/\/usa-b2.com\/tr\/blue-ridge-parkway-birlesik-devletler\/","url":"https:\/\/usa-b2.com\/tr\/blue-ridge-parkway-birlesik-devletler\/","name":"Amerika Birle\u015fik Devletleri'ndeki Blue Ridge Parkway'i ke\u015ffedin - USA B2","isPartOf":{"@id":"https:\/\/usa-b2.com\/tr\/#website"},"primaryImageOfPage":{"@id":"https:\/\/usa-b2.com\/tr\/blue-ridge-parkway-birlesik-devletler\/#primaryimage"},"image":{"@id":"https:\/\/usa-b2.com\/tr\/blue-ridge-parkway-birlesik-devletler\/#primaryimage"},"thumbnailUrl":"https:\/\/usa-b2.com\/wp-content\/uploads\/2025\/01\/Blue-Ridge-Parkway-Virginie-Caroline-Nord-USA-edited.png","datePublished":"2025-01-15T10:13:22+00:00","dateModified":"2025-01-21T10:35:16+00:00","description":"Blue Ridge Parkway'i ke\u015ffedin: g\u00fczergahlar, en iyi konaklama, foto\u011fraf noktalar\u0131 ve \u00e7iftler ve aileler i\u00e7in aktiviteler!","breadcrumb":{"@id":"https:\/\/usa-b2.com\/tr\/blue-ridge-parkway-birlesik-devletler\/#breadcrumb"},"inLanguage":"tr","potentialAction":[{"@type":"ReadAction","target":["https:\/\/usa-b2.com\/tr\/blue-ridge-parkway-birlesik-devletler\/"]}]},{"@type":"ImageObject","inLanguage":"tr","@id":"https:\/\/usa-b2.com\/tr\/blue-ridge-parkway-birlesik-devletler\/#primaryimage","url":"https:\/\/usa-b2.com\/wp-content\/uploads\/2025\/01\/Blue-Ridge-Parkway-Virginie-Caroline-Nord-USA-edited.png","contentUrl":"https:\/\/usa-b2.com\/wp-content\/uploads\/2025\/01\/Blue-Ridge-Parkway-Virginie-Caroline-Nord-USA-edited.png"},{"@type":"BreadcrumbList","@id":"https:\/\/usa-b2.com\/tr\/blue-ridge-parkway-birlesik-devletler\/#breadcrumb","itemListElement":[{"@type":"ListItem","position":1,"name":"Accueil","item":"https:\/\/usa-b2.com\/tr\/usa\/"},{"@type":"ListItem","position":2,"name":"Amerika Birle\u015fik Devletleri&#8217;ndeki Blue Ridge Parkway&#8217;i ke\u015ffedin"}]},{"@type":"WebSite","@id":"https:\/\/usa-b2.com\/tr\/#website","url":"https:\/\/usa-b2.com\/tr\/","name":"USA B2 VISA","description":"","potentialAction":[{"@type":"SearchAction","target":{"@type":"EntryPoint","urlTemplate":"https:\/\/usa-b2.com\/tr\/?s={search_term_string}"},"query-input":{"@type":"PropertyValueSpecification","valueRequired":true,"valueName":"search_term_string"}}],"inLanguage":"tr"}]}},"_links":{"self":[{"href":"https:\/\/usa-b2.com\/tr\/wp-json\/wp\/v2\/pages\/6231","targetHints":{"allow":["GET"]}}],"collection":[{"href":"https:\/\/usa-b2.com\/tr\/wp-json\/wp\/v2\/pages"}],"about":[{"href":"https:\/\/usa-b2.com\/tr\/wp-json\/wp\/v2\/types\/page"}],"author":[{"embeddable":true,"href":"https:\/\/usa-b2.com\/tr\/wp-json\/wp\/v2\/users\/1"}],"replies":[{"embeddable":true,"href":"https:\/\/usa-b2.com\/tr\/wp-json\/wp\/v2\/comments?post=6231"}],"version-history":[{"count":0,"href":"https:\/\/usa-b2.com\/tr\/wp-json\/wp\/v2\/pages\/6231\/revisions"}],"wp:attachment":[{"href":"https:\/\/usa-b2.com\/tr\/wp-json\/wp\/v2\/media?parent=6231"}],"curies":[{"name":"wp","href":"https:\/\/api.w.org\/{rel}","templated":true}]}}