{"id":6215,"date":"2025-01-15T09:10:05","date_gmt":"2025-01-15T09:10:05","guid":{"rendered":"https:\/\/usa-b2.com\/buyuk-parklar-bati-birlesik-devletleri\/"},"modified":"2025-01-21T12:37:54","modified_gmt":"2025-01-21T12:37:54","slug":"buyuk-parklar-bati-birlesik-devletleri","status":"publish","type":"page","link":"https:\/\/usa-b2.com\/tr\/buyuk-parklar-bati-birlesik-devletleri\/","title":{"rendered":"Amerika Birle\u015fik Devletleri&#8217;ndeki B\u00fcy\u00fck Bat\u0131 Parklar\u0131n\u0131 Gezmek"},"content":{"rendered":"\n<h1 class=\"wp-block-heading\">Bat\u0131&#8217;n\u0131n b\u00fcy\u00fck parklar\u0131na yapaca\u011f\u0131n\u0131z yolculu\u011fu nas\u0131l organize ediyorsunuz?<\/h1>\n\n<p><a href=\"https:\/\/www.office-tourisme-usa.com\/etat\/utah\/\">Utah<\/a>&#8216;\u0131n be\u015f ikonik milli park\u0131 olan Mighty Five, Amerikan Bat\u0131&#8217;s\u0131n\u0131n engebeli g\u00fczelli\u011fini somutla\u015ft\u0131rmaktad\u0131r. Her y\u0131l nefes kesici manzaralar ve unutulmaz maceralar arayan milyonlarca ziyaret\u00e7iyi kendilerine \u00e7ekmektedirler. Bu kapsaml\u0131 rehber, g\u00fczergahlar ve foto\u011fraf konumlar\u0131ndan konaklama ve herkese uygun aktivitelere kadar seyahatinizi planlaman\u0131za yard\u0131mc\u0131 olacakt\u0131r. G\u00fc\u00e7l\u00fc Be\u015fli&#8217;nin s\u0131rlar\u0131n\u0131 ke\u015ffedin ve kendinizi Utah&#8217;\u0131n manzaralar\u0131n\u0131n kalbine unutulmaz bir dal\u0131\u015fa haz\u0131rlay\u0131n.   <\/p>\n\n<figure class=\"wp-block-gallery has-nested-images columns-default is-cropped wp-block-gallery-1 is-layout-flex wp-block-gallery-is-layout-flex\">\n<figure class=\"wp-block-image size-large\"><img fetchpriority=\"high\" decoding=\"async\" width=\"789\" height=\"444\" data-id=\"6696\" src=\"https:\/\/usa-b2.com\/wp-content\/uploads\/2025\/01\/National-Parks-Road-Trip-Utah-edited-1.png\" alt=\"\" class=\"wp-image-6696\" srcset=\"https:\/\/usa-b2.com\/wp-content\/uploads\/2025\/01\/National-Parks-Road-Trip-Utah-edited-1.png 789w, https:\/\/usa-b2.com\/wp-content\/uploads\/2025\/01\/National-Parks-Road-Trip-Utah-edited-1-300x169.png 300w, https:\/\/usa-b2.com\/wp-content\/uploads\/2025\/01\/National-Parks-Road-Trip-Utah-edited-1-768x432.png 768w\" sizes=\"(max-width: 789px) 100vw, 789px\" \/><\/figure>\n<\/figure>\n\n<h2 class=\"wp-block-heading\">G\u00fc\u00e7l\u00fc Be\u015fliyi Ke\u015ffedin: Ulusal parklar ve e\u015fsiz manzaralar\u0131<\/h2>\n\n<h3 class=\"wp-block-heading\">Ka\u00e7\u0131r\u0131lmamas\u0131 gereken ulusal parklar<\/h3>\n\n<h4 class=\"wp-block-heading\">Zion Ulusal Park\u0131: g\u00f6rkemli kayal\u0131klar ve ikonik patikalar<\/h4>\n\n<p><a href=\"https:\/\/www.nps.gov\/zion\/index.htm\">Zion<\/a>, heybetli k\u0131rm\u0131z\u0131 kayal\u0131klar\u0131 ve panoramik manzaralar sunan ba\u015f d\u00f6nd\u00fcr\u00fcc\u00fc bir patika olan Angel&#8217;s Landing gibi muhte\u015fem y\u00fcr\u00fcy\u00fc\u015fleriyle \u00fcnl\u00fcd\u00fcr. Su severler, dar ge\u00e7itlerle \u00e7evrili bir nehirde y\u00fcr\u00fcmenin unutulmaz bir deneyim oldu\u011fu The Narrows&#8217;u ka\u00e7\u0131rmak istemeyeceklerdir. <\/p>\n\n<h4 class=\"wp-block-heading\">Bryce Kanyonu: Kukuletalar\u0131n olu\u015fturdu\u011fu do\u011fal bir amfitiyatro<\/h4>\n\n<p><a href=\"https:\/\/www.nps.gov\/brca\/index.htm\">Bryce Kanyonu<\/a>, hoodoos olarak bilinen e\u015fsiz kaya olu\u015fumlar\u0131yla dikkat \u00e7ekmektedir. Sunrise Point ve Inspiration Point gibi manzara noktalar\u0131, \u00f6zellikle \u015fafak vakti veya alacakaranl\u0131kta nefes kesici manzaralar sunmaktad\u0131r. <\/p>\n\n<h4 class=\"wp-block-heading\">Arches ve Canyonlands: Utah&#8217;\u0131n jeolojik harikalar\u0131<\/h4>\n\n<p>Arches, \u00fcnl\u00fc Delicate Arch da dahil olmak \u00fczere 2.000&#8217;den fazla do\u011fal kemere ev sahipli\u011fi yapmaktad\u0131r. Sadece birka\u00e7 kilometre uzakl\u0131ktaki Canyonlands, u\u00e7suz bucaks\u0131z kanyonlara ve g\u00fcn do\u011fumunda mutlaka g\u00f6r\u00fclmesi gereken bir nokta olan Mesa Kemeri&#8217;ne sahiptir. <\/p>\n\n<h3 class=\"wp-block-heading\">Manzaralar ve sembolik duraklar<\/h3>\n\n<h4 class=\"wp-block-heading\">Ke\u015ffedilecek do\u011fal noktalar<\/h4>\n\n<p>Her park\u0131n kendine \u00f6zg\u00fc hazineleri vard\u0131r. Capitol Reef&#8217;te Waterpocket Fold b\u00fcy\u00fcleyici bir jeolojik olu\u015fumdur, Fruita Tarihi B\u00f6lgesi ise ziyaret\u00e7ileri b\u00f6lgenin tarihine \u00e7eker. Bryce Kanyonu, Thor&#8217;un \u00c7ekici gibi garip \u015fekilli kukuletalar\u0131 ile \u00fcnl\u00fcd\u00fcr.  <\/p>\n\n<h4 class=\"wp-block-heading\">En iyi manzaral\u0131 rotalar<\/h4>\n\n<p>Bryce ve Capitol Reef aras\u0131ndaki Scenic Byway 12 gibi rotalar da\u011flar\u0131n ve \u00e7\u00f6llerin nefes kesici manzaralar\u0131n\u0131 sunar. G\u00f6zetleme noktalar\u0131nda durmak ve manzaraya hayran olmak i\u00e7in zaman ay\u0131r\u0131n. <\/p>\n\n<h2 class=\"wp-block-heading\">Nerede kal\u0131n\u0131r: Konaklama ve stratejik kasabalar<\/h2>\n\n<h3 class=\"wp-block-heading\">G\u00f6r\u00fclmesi gereken mola \u015fehirleri<\/h3>\n\n<h4 class=\"wp-block-heading\">Springdale: Zion&#8217;a a\u00e7\u0131lan kap\u0131<\/h4>\n\n<p><a href=\"https:\/\/www.springdaletown.com\/\">Springdale<\/a>, Zion&#8217;u ke\u015ffetmek i\u00e7in ideal bir merkezdir. Konforlu pansiyonlardan l\u00fcks otellere kadar geni\u015f bir konaklama yelpazesi ve her zevke uygun restoranlar sunmaktad\u0131r. Stratejik konumu, uygun servis otob\u00fcsleri ile parka eri\u015fimi kolayla\u015ft\u0131rmaktad\u0131r.  <\/p>\n\n<h4 class=\"wp-block-heading\">Moab: iki park\u0131n kesi\u015fti\u011fi noktada<\/h4>\n\n<p><a href=\"https:\/\/www.discovermoab.com\/\">Moab<\/a>, Arches ve Canyonlands&#8217;i ke\u015ffetmek i\u00e7in m\u00fckemmel, canl\u0131 ve misafirperver bir \u015fehirdir. Konaklama se\u00e7enekleri aras\u0131nda iyi donan\u0131ml\u0131 kamp alanlar\u0131, aile dostu oteller ve yaln\u0131z dostu hosteller bulunmaktad\u0131r. <\/p>\n\n<h3 class=\"wp-block-heading\">Parklarda konaklama: dald\u0131rma garantili<\/h3>\n\n<h4 class=\"wp-block-heading\">E\u015fsiz bir deneyim i\u00e7in pansiyonlar<\/h4>\n\n<p>Zion ve Bryce gibi baz\u0131 parklarda do\u011fal manzaralar\u0131n do\u011frudan manzaras\u0131n\u0131 sunan pansiyonlar bulunmaktad\u0131r. Do\u011fan\u0131n kalbinde konaklamay\u0131 garanti alt\u0131na almak i\u00e7in bu t\u00fcr konaklama yerlerini \u00f6nceden rezerve etmek \u015fartt\u0131r. <\/p>\n\n<h4 class=\"wp-block-heading\">Kamp yapmak: y\u0131ld\u0131zlar\u0131n alt\u0131nda uyumak<\/h4>\n\n<p>Kamp yapmak maceraperestler i\u00e7in pop\u00fcler bir se\u00e7enektir. Her parkta temel olanaklar ve y\u00fcr\u00fcy\u00fc\u015f parkurlar\u0131na yak\u0131nl\u0131k sunan geli\u015fmi\u015f sahalar mevcuttur. Bryce Kanyonu \u00f6zellikle ola\u011fan\u00fcst\u00fc gece g\u00f6ky\u00fcz\u00fcyle pop\u00fclerdir.  <\/p>\n\n<h2 class=\"wp-block-heading\">\u00d6nerilen g\u00fczergah: G\u00fc\u00e7l\u00fc Be\u015fliyi 7 g\u00fcnde ke\u015ffedin<\/h2>\n\n<figure class=\"wp-block-table\"><table class=\"has-fixed-layout\"><tbody><tr><td><strong>G\u00fcn<\/strong><\/td><td><strong>Park<\/strong><\/td><td><strong>Ana faaliyetler<\/strong><\/td><td><strong>\u00d6nerilen konaklama yerleri<\/strong><\/td><\/tr><tr><td>1<\/td><td>Zion<\/td><td>Angel&#8217;s Landing, The Narrows<\/td><td>Springdale<\/td><\/tr><tr><td>2<\/td><td>Bryce Kanyonu<\/td><td>G\u00fcndo\u011fumu Noktas\u0131, Fairyland D\u00f6ng\u00fcs\u00fc<\/td><td>Tropik<\/td><\/tr><tr><td>3<\/td><td>Capitol Reef<\/td><td>Fruita Overlook, Hickman K\u00f6pr\u00fcs\u00fc<\/td><td>Torrey<\/td><\/tr><tr><td>4-5<\/td><td>Kemerler<\/td><td>Narin Kemer, \u015eeytanlar Bah\u00e7esi<\/td><td>Moab<\/td><\/tr><tr><td>6-7<\/td><td>Canyonlands<\/td><td>G\u00f6ky\u00fcz\u00fcndeki Ada, Mesa Kemeri<\/td><td>Moab<\/td><\/tr><\/tbody><\/table><\/figure>\n\n<p><br\/>Bu g\u00fczergah, her bir parkta ge\u00e7irilen zaman\u0131 en \u00fcst d\u00fczeye \u00e7\u0131kar\u0131rken, alanlar aras\u0131nda rahat seyahat imkan\u0131 sa\u011flar.<\/p>\n\n<h2 class=\"wp-block-heading\">Instagramlanabilir foto\u011fraf noktalar\u0131<\/h2>\n\n<h3 class=\"wp-block-heading\">\u00c7ekimleriniz i\u00e7in m\u00fckemmel manzaralar<\/h3>\n\n<h4 class=\"wp-block-heading\">Mesa Kemeri: muhte\u015fem g\u00fcn do\u011fumu<\/h4>\n\n<p>Canyonlands&#8217;de Mesa Kemeri foto\u011fraflar\u0131n favorisidir. Sabah \u0131\u015f\u0131\u011f\u0131 kemeri ayd\u0131nlatarak g\u00f6r\u00fclmeye de\u011fer b\u00fcy\u00fcl\u00fc bir sahne yarat\u0131r. <\/p>\n\n<h4 class=\"wp-block-heading\">Delicate Arch: bir Utah simgesi<\/h4>\n\n<p>Arches Ulusal Park\u0131&#8217;n\u0131n bu m\u00fccevheri, unutulmaz foto\u011fraflar arayan ziyaret\u00e7ileri kendine \u00e7ekmektedir. \u00d6zellikle g\u00fcn bat\u0131m\u0131nda g\u00fczelle\u015fen bu ikonik noktaya 3 millik bir y\u00fcr\u00fcy\u00fc\u015fle ula\u015fabilirsiniz. <\/p>\n\n<h4 class=\"wp-block-heading\">Bryce Amfitiyatrosu: do\u011fal bir a\u00e7\u0131k hava tablosu<\/h4>\n\n<p>Bryce Amfitiyatrosu nefes kesici manzaralar sunmaktad\u0131r. \u015eafak vakti veya alacakaranl\u0131kta kukuletalar\u0131n de\u011fi\u015fen renkleri Instagram&#8217;da payla\u015f\u0131labilecek foto\u011fraflar i\u00e7in idealdir. <\/p>\n\n<h2 class=\"wp-block-heading\">Seyahat t\u00fcr\u00fcn\u00fcze g\u00f6re aktiviteler<\/h2>\n\n<h3 class=\"wp-block-heading\">\u00c7iftler i\u00e7in: romantik anlar<\/h3>\n\n<h4 class=\"wp-block-heading\">G\u00fcn bat\u0131m\u0131 y\u00fcr\u00fcy\u00fc\u015fleri ve piknikler<\/h4>\n\n<p>Bryce Kanyonu&#8217;ndaki Sunset Point gibi parkurlar \u00e7iftler i\u00e7in cennet gibi bir ortam sunar. Birliktelik an\u0131 i\u00e7in hoodoos manzaral\u0131 bir piknik \u00f6\u011fle yeme\u011fi haz\u0131rlay\u0131n. <\/p>\n\n<h4 class=\"wp-block-heading\">Y\u0131ld\u0131zlara bakmak<\/h4>\n\n<p>Bryce Kanyonu y\u0131ld\u0131zl\u0131 g\u00f6ky\u00fcz\u00fcyle \u00fcnl\u00fcd\u00fcr. Birlikte bir astronomik g\u00f6zlem gecesine kat\u0131lmak unutulmaz an\u0131lar yarat\u0131r. <\/p>\n\n<h3 class=\"wp-block-heading\">Ailenizle birlikte: \u00e7ocuk dostu maceralar<\/h3>\n\n<h4 class=\"wp-block-heading\">E\u011fitim faaliyetleri: Junior Ranger Program\u0131<\/h4>\n\n<p>T\u00fcm parklar \u00f6\u011frenme ve e\u011flenceyi bir araya getiren \u00e7ocuk programlar\u0131 sunmaktad\u0131r. K\u00fc\u00e7\u00fck macerac\u0131lar g\u00f6revleri tamamlad\u0131ktan sonra rozetler kazanabilirler. <\/p>\n\n<h4 class=\"wp-block-heading\">Kolay, eri\u015filebilir y\u00fcr\u00fcy\u00fc\u015fler<\/h4>\n\n<p>Zion&#8217;daki Riverside Y\u00fcr\u00fcy\u00fc\u015f\u00fc veya Arches&#8217;teki Sand Dune Arch Trail gibi parkurlar aileler i\u00e7in m\u00fckemmeldir ve \u00e7ok fazla fiziksel \u00e7aba sarf etmeden muhte\u015fem manzaralar sunar.<\/p>\n\n<p><br\/>Mighty Five&#8217;a yap\u0131lacak bir gezi macera, ke\u015fif ve dinlenmeyi bir araya getiren e\u015fsiz bir deneyimdir. \u0130ster bir \u00e7ift ister bir aile olun, bu ulusal parklar size \u00f6m\u00fcr boyu s\u00fcrecek an\u0131lar ya\u015fatacakt\u0131r. Seyahat program\u0131n\u0131z\u0131 planlay\u0131n, konaklama rezervasyonunuzu yap\u0131n ve kendinizi Utah&#8217;\u0131n ham g\u00fczelli\u011fine b\u0131rak\u0131n.  <\/p>\n\n<p><\/p>\n","protected":false},"excerpt":{"rendered":"<p>Bat\u0131&#8217;n\u0131n b\u00fcy\u00fck parklar\u0131na yapaca\u011f\u0131n\u0131z yolculu\u011fu nas\u0131l organize ediyorsunuz? Utah&#8216;\u0131n be\u015f ikonik milli park\u0131 olan Mighty Five, Amerikan Bat\u0131&#8217;s\u0131n\u0131n engebeli g\u00fczelli\u011fini somutla\u015ft\u0131rmaktad\u0131r. Her y\u0131l nefes kesici manzaralar ve unutulmaz maceralar arayan milyonlarca ziyaret\u00e7iyi kendilerine \u00e7ekmektedirler. Bu kapsaml\u0131 rehber, g\u00fczergahlar ve foto\u011fraf konumlar\u0131ndan konaklama ve herkese uygun aktivitelere kadar seyahatinizi planlaman\u0131za yard\u0131mc\u0131 olacakt\u0131r. G\u00fc\u00e7l\u00fc Be\u015fli&#8217;nin s\u0131rlar\u0131n\u0131 ke\u015ffedin [&hellip;]<\/p>\n","protected":false},"author":1,"featured_media":0,"parent":0,"menu_order":0,"comment_status":"closed","ping_status":"closed","template":"","meta":{"footnotes":""},"class_list":["post-6215","page","type-page","status-publish","hentry"],"yoast_head":"<!-- This site is optimized with the Yoast SEO plugin v27.4 - https:\/\/yoast.com\/product\/yoast-seo-wordpress\/ -->\n<title>Amerika Birle\u015fik Devletleri&#039;ndeki B\u00fcy\u00fck Bat\u0131 Parklar\u0131n\u0131 Gezmek - USA B2<\/title>\n<meta name=\"description\" content=\"Utah&#039;\u0131n Kudretli Be\u015flisi seyahatinizi nas\u0131l planlayaca\u011f\u0131n\u0131z\u0131 \u00f6\u011frenin. G\u00fczergahlar, konaklama, aktiviteler ve foto\u011fraf f\u0131rsatlar\u0131.\" \/>\n<meta name=\"robots\" content=\"index, follow, max-snippet:-1, max-image-preview:large, max-video-preview:-1\" \/>\n<link rel=\"canonical\" href=\"https:\/\/usa-b2.com\/tr\/buyuk-parklar-bati-birlesik-devletleri\/\" \/>\n<meta property=\"og:locale\" content=\"tr_TR\" \/>\n<meta property=\"og:type\" content=\"article\" \/>\n<meta property=\"og:title\" content=\"Amerika Birle\u015fik Devletleri&#039;ndeki B\u00fcy\u00fck Bat\u0131 Parklar\u0131n\u0131 Gezmek - USA B2\" \/>\n<meta property=\"og:description\" content=\"Utah&#039;\u0131n Kudretli Be\u015flisi seyahatinizi nas\u0131l planlayaca\u011f\u0131n\u0131z\u0131 \u00f6\u011frenin. G\u00fczergahlar, konaklama, aktiviteler ve foto\u011fraf f\u0131rsatlar\u0131.\" \/>\n<meta property=\"og:url\" content=\"https:\/\/usa-b2.com\/tr\/buyuk-parklar-bati-birlesik-devletleri\/\" \/>\n<meta property=\"og:site_name\" content=\"USA B2\" \/>\n<meta property=\"article:modified_time\" content=\"2025-01-21T12:37:54+00:00\" \/>\n<meta property=\"og:image\" content=\"https:\/\/usa-b2.com\/wp-content\/uploads\/2025\/01\/National-Parks-Road-Trip-Utah-edited-1.png\" \/>\n\t<meta property=\"og:image:width\" content=\"789\" \/>\n\t<meta property=\"og:image:height\" content=\"444\" \/>\n\t<meta property=\"og:image:type\" content=\"image\/png\" \/>\n<meta name=\"twitter:card\" content=\"summary_large_image\" \/>\n<meta name=\"twitter:label1\" content=\"Tahmini okuma s\u00fcresi\" \/>\n\t<meta name=\"twitter:data1\" content=\"5 dakika\" \/>\n<script type=\"application\/ld+json\" class=\"yoast-schema-graph\">{\"@context\":\"https:\\\/\\\/schema.org\",\"@graph\":[{\"@type\":\"WebPage\",\"@id\":\"https:\\\/\\\/usa-b2.com\\\/tr\\\/buyuk-parklar-bati-birlesik-devletleri\\\/\",\"url\":\"https:\\\/\\\/usa-b2.com\\\/tr\\\/buyuk-parklar-bati-birlesik-devletleri\\\/\",\"name\":\"Amerika Birle\u015fik Devletleri'ndeki B\u00fcy\u00fck Bat\u0131 Parklar\u0131n\u0131 Gezmek - USA B2\",\"isPartOf\":{\"@id\":\"https:\\\/\\\/usa-b2.com\\\/tr\\\/#website\"},\"primaryImageOfPage\":{\"@id\":\"https:\\\/\\\/usa-b2.com\\\/tr\\\/buyuk-parklar-bati-birlesik-devletleri\\\/#primaryimage\"},\"image\":{\"@id\":\"https:\\\/\\\/usa-b2.com\\\/tr\\\/buyuk-parklar-bati-birlesik-devletleri\\\/#primaryimage\"},\"thumbnailUrl\":\"https:\\\/\\\/usa-b2.com\\\/wp-content\\\/uploads\\\/2025\\\/01\\\/National-Parks-Road-Trip-Utah-edited-1.png\",\"datePublished\":\"2025-01-15T09:10:05+00:00\",\"dateModified\":\"2025-01-21T12:37:54+00:00\",\"description\":\"Utah'\u0131n Kudretli Be\u015flisi seyahatinizi nas\u0131l planlayaca\u011f\u0131n\u0131z\u0131 \u00f6\u011frenin. G\u00fczergahlar, konaklama, aktiviteler ve foto\u011fraf f\u0131rsatlar\u0131.\",\"breadcrumb\":{\"@id\":\"https:\\\/\\\/usa-b2.com\\\/tr\\\/buyuk-parklar-bati-birlesik-devletleri\\\/#breadcrumb\"},\"inLanguage\":\"tr\",\"potentialAction\":[{\"@type\":\"ReadAction\",\"target\":[\"https:\\\/\\\/usa-b2.com\\\/tr\\\/buyuk-parklar-bati-birlesik-devletleri\\\/\"]}]},{\"@type\":\"ImageObject\",\"inLanguage\":\"tr\",\"@id\":\"https:\\\/\\\/usa-b2.com\\\/tr\\\/buyuk-parklar-bati-birlesik-devletleri\\\/#primaryimage\",\"url\":\"https:\\\/\\\/usa-b2.com\\\/wp-content\\\/uploads\\\/2025\\\/01\\\/National-Parks-Road-Trip-Utah-edited-1.png\",\"contentUrl\":\"https:\\\/\\\/usa-b2.com\\\/wp-content\\\/uploads\\\/2025\\\/01\\\/National-Parks-Road-Trip-Utah-edited-1.png\"},{\"@type\":\"BreadcrumbList\",\"@id\":\"https:\\\/\\\/usa-b2.com\\\/tr\\\/buyuk-parklar-bati-birlesik-devletleri\\\/#breadcrumb\",\"itemListElement\":[{\"@type\":\"ListItem\",\"position\":1,\"name\":\"Accueil\",\"item\":\"https:\\\/\\\/usa-b2.com\\\/tr\\\/usa\\\/\"},{\"@type\":\"ListItem\",\"position\":2,\"name\":\"Amerika Birle\u015fik Devletleri&#8217;ndeki B\u00fcy\u00fck Bat\u0131 Parklar\u0131n\u0131 Gezmek\"}]},{\"@type\":\"WebSite\",\"@id\":\"https:\\\/\\\/usa-b2.com\\\/tr\\\/#website\",\"url\":\"https:\\\/\\\/usa-b2.com\\\/tr\\\/\",\"name\":\"USA B2 VISA\",\"description\":\"\",\"potentialAction\":[{\"@type\":\"SearchAction\",\"target\":{\"@type\":\"EntryPoint\",\"urlTemplate\":\"https:\\\/\\\/usa-b2.com\\\/tr\\\/?s={search_term_string}\"},\"query-input\":{\"@type\":\"PropertyValueSpecification\",\"valueRequired\":true,\"valueName\":\"search_term_string\"}}],\"inLanguage\":\"tr\"}]}<\/script>\n<!-- \/ Yoast SEO plugin. -->","yoast_head_json":{"title":"Amerika Birle\u015fik Devletleri'ndeki B\u00fcy\u00fck Bat\u0131 Parklar\u0131n\u0131 Gezmek - USA B2","description":"Utah'\u0131n Kudretli Be\u015flisi seyahatinizi nas\u0131l planlayaca\u011f\u0131n\u0131z\u0131 \u00f6\u011frenin. G\u00fczergahlar, konaklama, aktiviteler ve foto\u011fraf f\u0131rsatlar\u0131.","robots":{"index":"index","follow":"follow","max-snippet":"max-snippet:-1","max-image-preview":"max-image-preview:large","max-video-preview":"max-video-preview:-1"},"canonical":"https:\/\/usa-b2.com\/tr\/buyuk-parklar-bati-birlesik-devletleri\/","og_locale":"tr_TR","og_type":"article","og_title":"Amerika Birle\u015fik Devletleri'ndeki B\u00fcy\u00fck Bat\u0131 Parklar\u0131n\u0131 Gezmek - USA B2","og_description":"Utah'\u0131n Kudretli Be\u015flisi seyahatinizi nas\u0131l planlayaca\u011f\u0131n\u0131z\u0131 \u00f6\u011frenin. G\u00fczergahlar, konaklama, aktiviteler ve foto\u011fraf f\u0131rsatlar\u0131.","og_url":"https:\/\/usa-b2.com\/tr\/buyuk-parklar-bati-birlesik-devletleri\/","og_site_name":"USA B2","article_modified_time":"2025-01-21T12:37:54+00:00","og_image":[{"width":789,"height":444,"url":"https:\/\/usa-b2.com\/wp-content\/uploads\/2025\/01\/National-Parks-Road-Trip-Utah-edited-1.png","type":"image\/png"}],"twitter_card":"summary_large_image","twitter_misc":{"Tahmini okuma s\u00fcresi":"5 dakika"},"schema":{"@context":"https:\/\/schema.org","@graph":[{"@type":"WebPage","@id":"https:\/\/usa-b2.com\/tr\/buyuk-parklar-bati-birlesik-devletleri\/","url":"https:\/\/usa-b2.com\/tr\/buyuk-parklar-bati-birlesik-devletleri\/","name":"Amerika Birle\u015fik Devletleri'ndeki B\u00fcy\u00fck Bat\u0131 Parklar\u0131n\u0131 Gezmek - USA B2","isPartOf":{"@id":"https:\/\/usa-b2.com\/tr\/#website"},"primaryImageOfPage":{"@id":"https:\/\/usa-b2.com\/tr\/buyuk-parklar-bati-birlesik-devletleri\/#primaryimage"},"image":{"@id":"https:\/\/usa-b2.com\/tr\/buyuk-parklar-bati-birlesik-devletleri\/#primaryimage"},"thumbnailUrl":"https:\/\/usa-b2.com\/wp-content\/uploads\/2025\/01\/National-Parks-Road-Trip-Utah-edited-1.png","datePublished":"2025-01-15T09:10:05+00:00","dateModified":"2025-01-21T12:37:54+00:00","description":"Utah'\u0131n Kudretli Be\u015flisi seyahatinizi nas\u0131l planlayaca\u011f\u0131n\u0131z\u0131 \u00f6\u011frenin. G\u00fczergahlar, konaklama, aktiviteler ve foto\u011fraf f\u0131rsatlar\u0131.","breadcrumb":{"@id":"https:\/\/usa-b2.com\/tr\/buyuk-parklar-bati-birlesik-devletleri\/#breadcrumb"},"inLanguage":"tr","potentialAction":[{"@type":"ReadAction","target":["https:\/\/usa-b2.com\/tr\/buyuk-parklar-bati-birlesik-devletleri\/"]}]},{"@type":"ImageObject","inLanguage":"tr","@id":"https:\/\/usa-b2.com\/tr\/buyuk-parklar-bati-birlesik-devletleri\/#primaryimage","url":"https:\/\/usa-b2.com\/wp-content\/uploads\/2025\/01\/National-Parks-Road-Trip-Utah-edited-1.png","contentUrl":"https:\/\/usa-b2.com\/wp-content\/uploads\/2025\/01\/National-Parks-Road-Trip-Utah-edited-1.png"},{"@type":"BreadcrumbList","@id":"https:\/\/usa-b2.com\/tr\/buyuk-parklar-bati-birlesik-devletleri\/#breadcrumb","itemListElement":[{"@type":"ListItem","position":1,"name":"Accueil","item":"https:\/\/usa-b2.com\/tr\/usa\/"},{"@type":"ListItem","position":2,"name":"Amerika Birle\u015fik Devletleri&#8217;ndeki B\u00fcy\u00fck Bat\u0131 Parklar\u0131n\u0131 Gezmek"}]},{"@type":"WebSite","@id":"https:\/\/usa-b2.com\/tr\/#website","url":"https:\/\/usa-b2.com\/tr\/","name":"USA B2 VISA","description":"","potentialAction":[{"@type":"SearchAction","target":{"@type":"EntryPoint","urlTemplate":"https:\/\/usa-b2.com\/tr\/?s={search_term_string}"},"query-input":{"@type":"PropertyValueSpecification","valueRequired":true,"valueName":"search_term_string"}}],"inLanguage":"tr"}]}},"_links":{"self":[{"href":"https:\/\/usa-b2.com\/tr\/wp-json\/wp\/v2\/pages\/6215","targetHints":{"allow":["GET"]}}],"collection":[{"href":"https:\/\/usa-b2.com\/tr\/wp-json\/wp\/v2\/pages"}],"about":[{"href":"https:\/\/usa-b2.com\/tr\/wp-json\/wp\/v2\/types\/page"}],"author":[{"embeddable":true,"href":"https:\/\/usa-b2.com\/tr\/wp-json\/wp\/v2\/users\/1"}],"replies":[{"embeddable":true,"href":"https:\/\/usa-b2.com\/tr\/wp-json\/wp\/v2\/comments?post=6215"}],"version-history":[{"count":0,"href":"https:\/\/usa-b2.com\/tr\/wp-json\/wp\/v2\/pages\/6215\/revisions"}],"wp:attachment":[{"href":"https:\/\/usa-b2.com\/tr\/wp-json\/wp\/v2\/media?parent=6215"}],"curies":[{"name":"wp","href":"https:\/\/api.w.org\/{rel}","templated":true}]}}