{"id":6195,"date":"2025-01-15T09:49:43","date_gmt":"2025-01-15T09:49:43","guid":{"rendered":"https:\/\/usa-b2.com\/col-nevada-birlesik-devletler\/"},"modified":"2025-01-21T10:49:17","modified_gmt":"2025-01-21T10:49:17","slug":"col-nevada-birlesik-devletler","status":"publish","type":"page","link":"https:\/\/usa-b2.com\/tr\/col-nevada-birlesik-devletler\/","title":{"rendered":"Nevada&#8217;dan Kaliforniya&#8217;ya \u00e7\u00f6l\u00fc ge\u00e7mek"},"content":{"rendered":"\n<h1 class=\"wp-block-heading\">Nevada \u00e7\u00f6l\u00fcn\u00fc ke\u015ffetmek i\u00e7in en iyi rotalar hangileridir?<\/h1>\n\n<p>Nevada ve Kaliforniya \u00e7\u00f6lleri kurak manzaralar\u0131, muhte\u015fem kaya olu\u015fumlar\u0131 ve <a href=\"https:\/\/www.nps.gov\/deva\/index.htm\">Death Valley<\/a>, <a href=\"https:\/\/www.redrockcanyonlv.org\/\">Red Rock Canyon<\/a> ve Joshua Tree gibi ikonik alanlar\u0131yla ziyaret\u00e7ileri b\u00fcy\u00fclemektedir. Bu geni\u015f b\u00f6lge do\u011fa, macera ve s\u0131ra d\u0131\u015f\u0131 ke\u015fifleri sevenler i\u00e7in e\u015fsiz bir deneyim sunuyor. Bu rehberde, unutulmaz bir seyahat planlaman\u0131za yard\u0131mc\u0131 oluyoruz: g\u00fczergahlar, konaklama, foto\u011fraf f\u0131rsatlar\u0131 ve her t\u00fcrden gezgine uygun aktiviteler. Amerikan \u00e7\u00f6l\u00fcn\u00fcn kalbine dalmaya haz\u0131r olun!   <\/p>\n\n<h2 class=\"wp-block-heading\">\u00c7\u00f6l\u00fc ke\u015ffedin: ikonik yerler ve e\u015fsiz manzaralar<\/h2>\n\n<h3 class=\"wp-block-heading\">Nevada ve Kaliforniya \u00e7\u00f6llerinde g\u00f6r\u00fclmesi gereken yerler<\/h3>\n\n<h4 class=\"wp-block-heading\">\u00d6l\u00fcm Vadisi: ekstrem bir \u00e7\u00f6l<\/h4>\n\n<p>Amerika Birle\u015fik Devletleri&#8217;nin en s\u0131cak ulusal park\u0131 olan Death Valley, ay manzaralar\u0131yla \u00fcnl\u00fcd\u00fcr. Kuzey Amerika&#8217;n\u0131n en al\u00e7ak noktas\u0131 olan <strong>Badwater Basin<\/strong>&#8216;i ve g\u00fcn do\u011fumunun renklerini hayranl\u0131kla izlemek i\u00e7in pop\u00fcler bir nokta olan <strong>Zabriskie Point<\/strong>&#8216;i ka\u00e7\u0131rmay\u0131n. <\/p>\n\n<h4 class=\"wp-block-heading\">Red Rock Kanyonu: do\u011fa ve t\u0131rman\u0131\u015f<\/h4>\n\n<p>Las Vegas&#8217;a sadece birka\u00e7 kilometre uzakl\u0131kta bulunan <strong>Red Rock Kanyonu<\/strong>, etkileyici k\u0131z\u0131l kayal\u0131klar\u0131 ve y\u00fcr\u00fcy\u00fc\u015f parkurlar\u0131yla tan\u0131n\u0131r. Ayr\u0131ca kaya t\u0131rman\u0131\u015f\u0131 merakl\u0131lar\u0131 i\u00e7in de bir zorunluluktur. <\/p>\n\n<h4 class=\"wp-block-heading\">Joshua Tree: Mojave \u00c7\u00f6l\u00fc ile Colorado aras\u0131nda<\/h4>\n\n<p><strong>Joshua Tree<\/strong> Ulusal Park\u0131, \u00e7\u00f6l manzaralar\u0131 ve kaya olu\u015fumlar\u0131n\u0131n e\u015fsiz bir kar\u0131\u015f\u0131m\u0131d\u0131r. Park\u0131 s\u00fcsleyen Joshua a\u011fa\u00e7lar\u0131, \u00f6zellikle g\u00fcn bat\u0131m\u0131nda b\u00fcy\u00fcl\u00fc bir atmosfer yarat\u0131r. <\/p>\n\n<h3 class=\"wp-block-heading\">Ke\u015ffedilecek manzaralar ve ilgi \u00e7ekici noktalar<\/h3>\n\n<h4 class=\"wp-block-heading\">Kumullar ve kuru g\u00f6ller<\/h4>\n\n<p>\u00d6l\u00fcm Vadisi&#8217;ndeki <strong>Mesquite Flat Kum Tepeleri<\/strong>, foto\u011fraf\u00e7\u0131lar ve dramatik manzaralar\u0131 sevenler i\u00e7in m\u00fckemmel bir oyun alan\u0131 sunmaktad\u0131r. \u00c7ok uzak olmayan <strong>Racetrack Playa<\/strong>, r\u00fczgar ve buz taraf\u0131ndan itilen kayalar\u0131yla ilgi \u00e7ekicidir. <\/p>\n\n<h4 class=\"wp-block-heading\">Ke\u015ffedilecek manzaral\u0131 rotalar<\/h4>\n\n<p>Las Vegas ve Pahrump aras\u0131ndaki 160 numaral\u0131 do\u011fal yol ve \u00d6l\u00fcm Vadisi boyunca uzanan <strong>190<\/strong> numaral\u0131 yol muhte\u015fem manzaralar sunmaktad\u0131r. Manzaran\u0131n tad\u0131n\u0131 doyas\u0131ya \u00e7\u0131karmak i\u00e7in g\u00f6zetleme noktalar\u0131nda mola verin. <\/p>\n\n<h2 class=\"wp-block-heading\">Nerede kal\u0131n\u0131r: Konaklama ve stratejik kasabalar<\/h2>\n\n<h3 class=\"wp-block-heading\">G\u00f6r\u00fclmesi gereken mola \u015fehirleri<\/h3>\n\n<h4 class=\"wp-block-heading\">Las Vegas: canl\u0131, pratik bir \u00fcs<\/h4>\n\n<p><a href=\"https:\/\/www.visitlasvegas.com\/fr-ca\/\">Las Vegas<\/a> \u00e7\u00f6l\u00fc ke\u015ffetmek i\u00e7in ideal bir \u00fcst\u00fcr. L\u00fcks otelleri ve restoranlar\u0131yla, ke\u015fifle ge\u00e7en bir g\u00fcn\u00fcn ard\u0131ndan dinlenmek i\u00e7in de m\u00fckemmel bir yerdir. <\/p>\n\n<h4 class=\"wp-block-heading\">Barstow ve Ridgecrest: \u00e7\u00f6le a\u00e7\u0131lan kap\u0131lar<\/h4>\n\n<p>Bu k\u00fc\u00e7\u00fck kasabalar uygun fiyatl\u0131 konaklama imkan\u0131 sunar ve \u00d6l\u00fcm Vadisi ile Mojave Ulusal Koruma Alan\u0131&#8217;n\u0131 ke\u015ffetmek i\u00e7in stratejik bir konuma sahiptir.<\/p>\n\n<h3 class=\"wp-block-heading\">\u00c7\u00f6lde kalmak<\/h3>\n\n<h4 class=\"wp-block-heading\">Parklardaki pansiyonlar<\/h4>\n\n<p>A\u015fa\u011f\u0131daki gibi se\u00e7enekler <strong><a href=\"https:\/\/www.oasisatdeathvalley.com\/lodging\/the-ranch-at-death-valley\/\">\u00d6l\u00fcm Vadisi&#8217;ndeki Vaha<\/a><\/strong> do\u011fan\u0131n kalbinde kal\u0131rken modern konforlar\u0131n keyfini \u00e7\u0131karman\u0131z\u0131 sa\u011flar.<\/p>\n\n<h4 class=\"wp-block-heading\">Kamp alanlar\u0131: tam dald\u0131rma<\/h4>\n\n<p>Joshua Tree ve Death Valley&#8217;deki kamp alanlar\u0131 a\u00e7\u0131k hava merakl\u0131lar\u0131 i\u00e7in otantik bir deneyim sunuyor. \u00c7\u00f6l ko\u015fullar\u0131 i\u00e7in do\u011fru ekipmana sahip oldu\u011funuzdan emin olun. <\/p>\n\n<h2 class=\"wp-block-heading\">\u00d6nerilen g\u00fczergah : \u00c7\u00f6l\u00fc 7 g\u00fcnde ke\u015ffedin<br\/><\/h2>\n\n<figure class=\"wp-block-table\"><table class=\"has-fixed-layout\"><tbody><tr><td class=\"has-text-align-center\" data-align=\"center\"><strong>G\u00fcn<\/strong><\/td><td class=\"has-text-align-center\" data-align=\"center\"><strong>Hedef<\/strong><\/td><td class=\"has-text-align-center\" data-align=\"center\"><strong>Ana faaliyetler<\/strong><\/td><td class=\"has-text-align-center\" data-align=\"center\"><strong>\u00d6nerilen konaklama yerleri<\/strong><\/td><\/tr><tr><td class=\"has-text-align-center\" data-align=\"center\">1<\/td><td class=\"has-text-align-center\" data-align=\"center\">Las Vegas<\/td><td class=\"has-text-align-center\" data-align=\"center\">Red Rock Kanyonu, Las Vegas&#8217;ta bir ak\u015fam<\/td><td class=\"has-text-align-center\" data-align=\"center\">Las Vegas<\/td><\/tr><tr><td class=\"has-text-align-center\" data-align=\"center\">2<\/td><td class=\"has-text-align-center\" data-align=\"center\">\u00d6l\u00fcm Vadisi<\/td><td class=\"has-text-align-center\" data-align=\"center\">Badwater Havzas\u0131, Zabriskie Noktas\u0131<\/td><td class=\"has-text-align-center\" data-align=\"center\">Furnace Creek<\/td><\/tr><tr><td class=\"has-text-align-center\" data-align=\"center\">3<\/td><td class=\"has-text-align-center\" data-align=\"center\">\u00d6l\u00fcm Vadisi<\/td><td class=\"has-text-align-center\" data-align=\"center\">Mesquite D\u00fcz Kumullar\u0131, Sanat\u00e7\u0131n\u0131n Paleti<\/td><td class=\"has-text-align-center\" data-align=\"center\">Furnace Creek<\/td><\/tr><tr><td class=\"has-text-align-center\" data-align=\"center\">4<\/td><td class=\"has-text-align-center\" data-align=\"center\">Mojave Ulusal Koruma Alan\u0131<\/td><td class=\"has-text-align-center\" data-align=\"center\">Kelso Dunes, Duvardaki Delik<\/td><td class=\"has-text-align-center\" data-align=\"center\">Barstow<\/td><\/tr><tr><td class=\"has-text-align-center\" data-align=\"center\">5<\/td><td class=\"has-text-align-center\" data-align=\"center\">Joshua A\u011fac\u0131<\/td><td class=\"has-text-align-center\" data-align=\"center\">Hidden Valley, Barker Baraj\u0131 Yolu<\/td><td class=\"has-text-align-center\" data-align=\"center\">Joshua A\u011fac\u0131<\/td><\/tr><tr><td class=\"has-text-align-center\" data-align=\"center\">6<\/td><td class=\"has-text-align-center\" data-align=\"center\">Joshua A\u011fac\u0131<\/td><td class=\"has-text-align-center\" data-align=\"center\">Keys Manzaras\u0131, Kafatas\u0131 Kayas\u0131<\/td><td class=\"has-text-align-center\" data-align=\"center\">Joshua A\u011fac\u0131<\/td><\/tr><tr><td class=\"has-text-align-center\" data-align=\"center\">7<\/td><td class=\"has-text-align-center\" data-align=\"center\">Las Vegas&#8217;a D\u00f6n\u00fc\u015f<\/td><td class=\"has-text-align-center\" data-align=\"center\">Manzaral\u0131 rota, rahatlama<\/td><td class=\"has-text-align-center\" data-align=\"center\">Las Vegas<\/td><\/tr><\/tbody><\/table><\/figure>\n\n<p><br\/>Bu g\u00fczergah, ikonik manzaralar\u0131n ke\u015ffini hak edilmi\u015f dinlenme anlar\u0131yla birle\u015ftiriyor.<\/p>\n\n<h2 class=\"wp-block-heading\">Instagramlanabilir foto\u011fraf noktalar\u0131<\/h2>\n\n<h3 class=\"wp-block-heading\">\u00c7ekimleriniz i\u00e7in m\u00fckemmel manzaralar<\/h3>\n\n<h4 class=\"wp-block-heading\">Zabriskie Noktas\u0131: Alt\u0131n tepeler \u00fczerinde g\u00fcn do\u011fumu<\/h4>\n\n<p>\u00d6l\u00fcm Vadisi&#8217;ndeki bu ikonik manzara noktas\u0131, \u00f6zellikle g\u00fcn do\u011fumunda b\u00fcy\u00fcl\u00fc olan muhte\u015fem manzaralar sunmaktad\u0131r.<\/p>\n\n<h4 class=\"wp-block-heading\">Joshua A\u011fac\u0131: Joshua a\u011fa\u00e7lar\u0131 ve kaya olu\u015fumlar\u0131<\/h4>\n\n<p>Milli park, orijinal \u00e7ekimler i\u00e7in m\u00fckemmel olan Kafatas\u0131 Kayas\u0131 ve Cholla Kakt\u00fcs Bah\u00e7esi gibi fotojenik noktalarla doludur.<\/p>\n\n<h4 class=\"wp-block-heading\">K\u0131z\u0131l Kaya Kanyonu: \u00e7arp\u0131c\u0131 z\u0131tl\u0131klar<\/h4>\n\n<p>K\u0131z\u0131l kayal\u0131klar\u0131 ve \u00e7\u00f6l patikalar\u0131yla Red Rock Kanyonu, foto\u011fraf merakl\u0131lar\u0131 i\u00e7in en iyi yerlerden biridir.<\/p>\n\n<h2 class=\"wp-block-heading\">Seyahat t\u00fcr\u00fcn\u00fcze g\u00f6re aktiviteler<\/h2>\n\n<h3 class=\"wp-block-heading\">\u00c7iftler i\u00e7in: romantik anlar<\/h3>\n\n<h4 class=\"wp-block-heading\">\u00c7\u00f6l g\u00fcnbat\u0131mlar\u0131<\/h4>\n\n<p>Joshua Tree&#8217;deki <strong>Keys View<\/strong> veya Death Valley&#8217;deki <strong>Dante&#8217;s View<\/strong> gibi manzara noktalar\u0131, romantik bir an i\u00e7in ideal olan nefes kesici g\u00fcn bat\u0131mlar\u0131 sunar.<\/p>\n\n<h4 class=\"wp-block-heading\">Y\u0131ld\u0131zlar\u0131n alt\u0131nda dinlenmek<\/h4>\n\n<p>\u00c7\u00f6l, y\u0131ld\u0131zlar\u0131 izlemek i\u00e7in m\u00fckemmeldir. Joshua Tree \u00f6zellikle a\u00e7\u0131k g\u00f6ky\u00fcz\u00fc ve sakin ak\u015famlar\u0131 ile pop\u00fclerdir. <\/p>\n\n<h3 class=\"wp-block-heading\">Ailenizle birlikte: \u00e7ocuk dostu maceralar<\/h3>\n\n<h4 class=\"wp-block-heading\">E\u011fitim ke\u015fifleri<\/h4>\n\n<p>\u00d6l\u00fcm Vadisi <strong>Ziyaret\u00e7i Merkezi<\/strong>, \u00e7\u00f6l\u00fcn tarihi ve jeolojisi hakk\u0131nda interaktif sergiler sunmaktad\u0131r.<\/p>\n\n<h4 class=\"wp-block-heading\">Kolay y\u00fcr\u00fcy\u00fc\u015fler<\/h4>\n\n<p>Joshua Tree&#8217;deki <strong>Hidden Valley Trail<\/strong> ve Death Valley&#8217;deki <strong>Badwater Basin Boardwalk<\/strong> gibi parkurlar eri\u015filebilir ve \u00e7ocuklar i\u00e7in uygundur.<\/p>\n\n<p>Nevada ve Kaliforniya \u00e7\u00f6lleri macera, rahatlama ve ke\u015ffi bir araya getiren e\u015fsiz bir deneyim sunuyor. \u0130ster etkileyici manzaralar, ister huzur dolu anlar ya da aile aktiviteleri ar\u0131yor olun, bu \u00e7\u00f6l b\u00f6lgeleri sizi kendine hayran b\u0131rakacak. Seyahat program\u0131n\u0131z\u0131 planlay\u0131n ve G\u00fcneybat\u0131 Amerika&#8217;n\u0131n bu harikalar\u0131n\u0131 ke\u015ffetmek i\u00e7in yola \u00e7\u0131k\u0131n!  <\/p>\n","protected":false},"excerpt":{"rendered":"<p>Nevada \u00e7\u00f6l\u00fcn\u00fc ke\u015ffetmek i\u00e7in en iyi rotalar hangileridir? Nevada ve Kaliforniya \u00e7\u00f6lleri kurak manzaralar\u0131, muhte\u015fem kaya olu\u015fumlar\u0131 ve Death Valley, Red Rock Canyon ve Joshua Tree gibi ikonik alanlar\u0131yla ziyaret\u00e7ileri b\u00fcy\u00fclemektedir. Bu geni\u015f b\u00f6lge do\u011fa, macera ve s\u0131ra d\u0131\u015f\u0131 ke\u015fifleri sevenler i\u00e7in e\u015fsiz bir deneyim sunuyor. Bu rehberde, unutulmaz bir seyahat planlaman\u0131za yard\u0131mc\u0131 oluyoruz: g\u00fczergahlar, [&hellip;]<\/p>\n","protected":false},"author":1,"featured_media":0,"parent":0,"menu_order":0,"comment_status":"closed","ping_status":"closed","template":"","meta":{"footnotes":""},"class_list":["post-6195","page","type-page","status-publish","hentry"],"yoast_head":"<!-- This site is optimized with the Yoast SEO plugin v27.0 - https:\/\/yoast.com\/product\/yoast-seo-wordpress\/ -->\n<title>Nevada&#039;dan Kaliforniya&#039;ya \u00e7\u00f6l\u00fc ge\u00e7mek - USA B2<\/title>\n<meta name=\"description\" content=\"Nevada \u00e7\u00f6l\u00fcn\u00fc ke\u015ffedin: g\u00fczergahlar, konaklama, manzaralar, y\u00fcr\u00fcy\u00fc\u015fler, g\u00f6ller, foto\u011fraf noktalar\u0131 ve aktiviteler.\" \/>\n<meta name=\"robots\" content=\"index, follow, max-snippet:-1, max-image-preview:large, max-video-preview:-1\" \/>\n<link rel=\"canonical\" href=\"https:\/\/usa-b2.com\/tr\/col-nevada-birlesik-devletler\/\" \/>\n<meta property=\"og:locale\" content=\"tr_TR\" \/>\n<meta property=\"og:type\" content=\"article\" \/>\n<meta property=\"og:title\" content=\"Nevada&#039;dan Kaliforniya&#039;ya \u00e7\u00f6l\u00fc ge\u00e7mek - USA B2\" \/>\n<meta property=\"og:description\" content=\"Nevada \u00e7\u00f6l\u00fcn\u00fc ke\u015ffedin: g\u00fczergahlar, konaklama, manzaralar, y\u00fcr\u00fcy\u00fc\u015fler, g\u00f6ller, foto\u011fraf noktalar\u0131 ve aktiviteler.\" \/>\n<meta property=\"og:url\" content=\"https:\/\/usa-b2.com\/tr\/col-nevada-birlesik-devletler\/\" \/>\n<meta property=\"og:site_name\" content=\"USA B2\" \/>\n<meta property=\"article:modified_time\" content=\"2025-01-21T10:49:17+00:00\" \/>\n<meta name=\"twitter:card\" content=\"summary_large_image\" \/>\n<meta name=\"twitter:label1\" content=\"Tahmini okuma s\u00fcresi\" \/>\n\t<meta name=\"twitter:data1\" content=\"4 dakika\" \/>\n<script type=\"application\/ld+json\" class=\"yoast-schema-graph\">{\"@context\":\"https:\/\/schema.org\",\"@graph\":[{\"@type\":\"WebPage\",\"@id\":\"https:\/\/usa-b2.com\/tr\/col-nevada-birlesik-devletler\/\",\"url\":\"https:\/\/usa-b2.com\/tr\/col-nevada-birlesik-devletler\/\",\"name\":\"Nevada'dan Kaliforniya'ya \u00e7\u00f6l\u00fc ge\u00e7mek - USA B2\",\"isPartOf\":{\"@id\":\"https:\/\/usa-b2.com\/tr\/#website\"},\"datePublished\":\"2025-01-15T09:49:43+00:00\",\"dateModified\":\"2025-01-21T10:49:17+00:00\",\"description\":\"Nevada \u00e7\u00f6l\u00fcn\u00fc ke\u015ffedin: g\u00fczergahlar, konaklama, manzaralar, y\u00fcr\u00fcy\u00fc\u015fler, g\u00f6ller, foto\u011fraf noktalar\u0131 ve aktiviteler.\",\"breadcrumb\":{\"@id\":\"https:\/\/usa-b2.com\/tr\/col-nevada-birlesik-devletler\/#breadcrumb\"},\"inLanguage\":\"tr\",\"potentialAction\":[{\"@type\":\"ReadAction\",\"target\":[\"https:\/\/usa-b2.com\/tr\/col-nevada-birlesik-devletler\/\"]}]},{\"@type\":\"BreadcrumbList\",\"@id\":\"https:\/\/usa-b2.com\/tr\/col-nevada-birlesik-devletler\/#breadcrumb\",\"itemListElement\":[{\"@type\":\"ListItem\",\"position\":1,\"name\":\"Accueil\",\"item\":\"https:\/\/usa-b2.com\/tr\/yol-gezileri-rehberi\/\"},{\"@type\":\"ListItem\",\"position\":2,\"name\":\"Nevada&#8217;dan Kaliforniya&#8217;ya \u00e7\u00f6l\u00fc ge\u00e7mek\"}]},{\"@type\":\"WebSite\",\"@id\":\"https:\/\/usa-b2.com\/tr\/#website\",\"url\":\"https:\/\/usa-b2.com\/tr\/\",\"name\":\"USA B2 VISA\",\"description\":\"\",\"potentialAction\":[{\"@type\":\"SearchAction\",\"target\":{\"@type\":\"EntryPoint\",\"urlTemplate\":\"https:\/\/usa-b2.com\/tr\/?s={search_term_string}\"},\"query-input\":{\"@type\":\"PropertyValueSpecification\",\"valueRequired\":true,\"valueName\":\"search_term_string\"}}],\"inLanguage\":\"tr\"}]}<\/script>\n<!-- \/ Yoast SEO plugin. -->","yoast_head_json":{"title":"Nevada'dan Kaliforniya'ya \u00e7\u00f6l\u00fc ge\u00e7mek - USA B2","description":"Nevada \u00e7\u00f6l\u00fcn\u00fc ke\u015ffedin: g\u00fczergahlar, konaklama, manzaralar, y\u00fcr\u00fcy\u00fc\u015fler, g\u00f6ller, foto\u011fraf noktalar\u0131 ve aktiviteler.","robots":{"index":"index","follow":"follow","max-snippet":"max-snippet:-1","max-image-preview":"max-image-preview:large","max-video-preview":"max-video-preview:-1"},"canonical":"https:\/\/usa-b2.com\/tr\/col-nevada-birlesik-devletler\/","og_locale":"tr_TR","og_type":"article","og_title":"Nevada'dan Kaliforniya'ya \u00e7\u00f6l\u00fc ge\u00e7mek - USA B2","og_description":"Nevada \u00e7\u00f6l\u00fcn\u00fc ke\u015ffedin: g\u00fczergahlar, konaklama, manzaralar, y\u00fcr\u00fcy\u00fc\u015fler, g\u00f6ller, foto\u011fraf noktalar\u0131 ve aktiviteler.","og_url":"https:\/\/usa-b2.com\/tr\/col-nevada-birlesik-devletler\/","og_site_name":"USA B2","article_modified_time":"2025-01-21T10:49:17+00:00","twitter_card":"summary_large_image","twitter_misc":{"Tahmini okuma s\u00fcresi":"4 dakika"},"schema":{"@context":"https:\/\/schema.org","@graph":[{"@type":"WebPage","@id":"https:\/\/usa-b2.com\/tr\/col-nevada-birlesik-devletler\/","url":"https:\/\/usa-b2.com\/tr\/col-nevada-birlesik-devletler\/","name":"Nevada'dan Kaliforniya'ya \u00e7\u00f6l\u00fc ge\u00e7mek - USA B2","isPartOf":{"@id":"https:\/\/usa-b2.com\/tr\/#website"},"datePublished":"2025-01-15T09:49:43+00:00","dateModified":"2025-01-21T10:49:17+00:00","description":"Nevada \u00e7\u00f6l\u00fcn\u00fc ke\u015ffedin: g\u00fczergahlar, konaklama, manzaralar, y\u00fcr\u00fcy\u00fc\u015fler, g\u00f6ller, foto\u011fraf noktalar\u0131 ve aktiviteler.","breadcrumb":{"@id":"https:\/\/usa-b2.com\/tr\/col-nevada-birlesik-devletler\/#breadcrumb"},"inLanguage":"tr","potentialAction":[{"@type":"ReadAction","target":["https:\/\/usa-b2.com\/tr\/col-nevada-birlesik-devletler\/"]}]},{"@type":"BreadcrumbList","@id":"https:\/\/usa-b2.com\/tr\/col-nevada-birlesik-devletler\/#breadcrumb","itemListElement":[{"@type":"ListItem","position":1,"name":"Accueil","item":"https:\/\/usa-b2.com\/tr\/yol-gezileri-rehberi\/"},{"@type":"ListItem","position":2,"name":"Nevada&#8217;dan Kaliforniya&#8217;ya \u00e7\u00f6l\u00fc ge\u00e7mek"}]},{"@type":"WebSite","@id":"https:\/\/usa-b2.com\/tr\/#website","url":"https:\/\/usa-b2.com\/tr\/","name":"USA B2 VISA","description":"","potentialAction":[{"@type":"SearchAction","target":{"@type":"EntryPoint","urlTemplate":"https:\/\/usa-b2.com\/tr\/?s={search_term_string}"},"query-input":{"@type":"PropertyValueSpecification","valueRequired":true,"valueName":"search_term_string"}}],"inLanguage":"tr"}]}},"_links":{"self":[{"href":"https:\/\/usa-b2.com\/tr\/wp-json\/wp\/v2\/pages\/6195","targetHints":{"allow":["GET"]}}],"collection":[{"href":"https:\/\/usa-b2.com\/tr\/wp-json\/wp\/v2\/pages"}],"about":[{"href":"https:\/\/usa-b2.com\/tr\/wp-json\/wp\/v2\/types\/page"}],"author":[{"embeddable":true,"href":"https:\/\/usa-b2.com\/tr\/wp-json\/wp\/v2\/users\/1"}],"replies":[{"embeddable":true,"href":"https:\/\/usa-b2.com\/tr\/wp-json\/wp\/v2\/comments?post=6195"}],"version-history":[{"count":0,"href":"https:\/\/usa-b2.com\/tr\/wp-json\/wp\/v2\/pages\/6195\/revisions"}],"wp:attachment":[{"href":"https:\/\/usa-b2.com\/tr\/wp-json\/wp\/v2\/media?parent=6195"}],"curies":[{"name":"wp","href":"https:\/\/api.w.org\/{rel}","templated":true}]}}