{"id":6177,"date":"2025-01-15T09:17:49","date_gmt":"2025-01-15T09:17:49","guid":{"rendered":"https:\/\/usa-b2.com\/yosemite-sierra-nevada-united-states\/"},"modified":"2025-12-30T09:41:35","modified_gmt":"2025-12-30T09:41:35","slug":"yosemite-sierra-nevada-united-states","status":"publish","type":"page","link":"https:\/\/usa-b2.com\/tr\/yosemite-sierra-nevada-united-states\/","title":{"rendered":"Amerika Birle\u015fik Devletleri&#8217;ndeki Sierra Nevada&#8217;n\u0131n merkezinde yer alan Yosemite Park\u0131n\u0131 ke\u015ffedin"},"content":{"rendered":"\n<h1 class=\"wp-block-heading\">Sierra Nevada&#8217;daki Yosemite Park\u0131&#8217;na yapaca\u011f\u0131n\u0131z yolculu\u011fu nas\u0131l organize ediyorsunuz?<\/h1>\n\n<p>Kaliforniya&#8217;n\u0131n do\u011fal g\u00fczellikleri <a href=\"https:\/\/sierranevadageotourism.org\/\">olan<\/a><a href=\"https:\/\/www.yosemite.com\/\">Yosemite ve<\/a> Sierra Nevada her y\u0131l milyonlarca ziyaret\u00e7iyi kendine \u00e7ekmektedir. \u0130konik manzaralar\u0131, g\u00f6rkemli \u015felaleleri ve y\u00fckselen da\u011flar\u0131yla Yosemite Ulusal Park\u0131, do\u011faseverler i\u00e7in mutlaka g\u00f6r\u00fclmesi gereken bir yerdir. Sierra Nevada ise <a href=\"https:\/\/visitlaketahoe.com\/fr\/\">Tahoe G\u00f6l\u00fc , dev<\/a> sekoya a\u011fa\u00e7lar\u0131 ve b\u00fcy\u00fcleyici kasabalar gibi hazinelere ev sahipli\u011fi yapmaktad\u0131r. Bu rehberde seyahatinizi planlamak i\u00e7in bilmeniz gereken her \u015feyi bulacaks\u0131n\u0131z: g\u00fczergahlar, konaklama, foto\u011fraf noktalar\u0131 ve her t\u00fcrden gezgine uygun aktiviteler.<\/p>\n\n<figure class=\"wp-block-image size-full\"><img fetchpriority=\"high\" decoding=\"async\" width=\"719\" height=\"404\" src=\"https:\/\/usa-b2.com\/wp-content\/uploads\/2025\/01\/Sierra-Nevada-National-Park-California-USA-edited-1.png\" alt=\"\" class=\"wp-image-6678\" srcset=\"https:\/\/usa-b2.com\/wp-content\/uploads\/2025\/01\/Sierra-Nevada-National-Park-California-USA-edited-1.png 719w, https:\/\/usa-b2.com\/wp-content\/uploads\/2025\/01\/Sierra-Nevada-National-Park-California-USA-edited-1-300x169.png 300w\" sizes=\"(max-width: 719px) 100vw, 719px\" \/><\/figure>\n\n<h2 class=\"wp-block-heading\">Yosemite ve Sierra Nevada&#8217;y\u0131 ke\u015ffedin: ikonik yerler ve muhte\u015fem manzaralar<\/h2>\n\n<h3 class=\"wp-block-heading\">Yosemite Ulusal Park\u0131&#8217;nda g\u00f6r\u00fclmesi gereken yerler<\/h3>\n\n<h4 class=\"wp-block-heading\">Sembolik alanlar: Half Dome, El Capitan ve \u015eelaleler<\/h4>\n\n<p>Yosemite, Half <strong>Dome ve<\/strong> <strong>pop\u00fcler bir<\/strong> t\u0131rman\u0131\u015f noktas\u0131 <strong>olan<\/strong> <strong>El<\/strong> <strong>Capitan<\/strong> gibi etkileyici kaya olu\u015fumlar\u0131yla \u00fcnl\u00fcd\u00fcr. Kuzey Amerika&#8217;n\u0131n en y\u00fcksek \u015felalelerinden biri <strong>olan Yosemite \u015eelaleleri,<\/strong> \u00f6zellikle bahar aylar\u0131nda muhte\u015fem bir manzaraya sahiptir.<\/p>\n\n<h4 class=\"wp-block-heading\">Mariposa Korusu&#8217;nun dev k\u0131z\u0131la\u011fa\u00e7lar\u0131<\/h4>\n\n<p>Park\u0131n g\u00fcneyinde yer alan <strong>Mariposa Korusu, aralar\u0131nda \u00fcnl\u00fc sekoya a\u011fa\u00e7lar\u0131n\u0131n da bulundu\u011fu 500&#8217;den fazla dev sekoya a\u011fac\u0131na ev sahipli\u011fi yapmaktad\u0131r<\/strong>. <strong><strong>Grizzly Giant<\/strong><\/strong>. Binlerce y\u0131ll\u0131k bu a\u011fa\u00e7lar aras\u0131nda yap\u0131lacak bir y\u00fcr\u00fcy\u00fc\u015f unutulmaz bir deneyimdir.<\/p>\n\n<h4 class=\"wp-block-heading\">Yosemite Vadisi: Bir y\u00fcr\u00fcy\u00fc\u015f\u00e7\u00fc cenneti<\/h4>\n\n<p>Park\u0131n kalbi olan vadi, muhte\u015fem Vernal ve Nevada \u015eelalelerine giden <strong>Mist Trail<\/strong> gibi eri\u015filebilir parkurlar sunmaktad\u0131r.<\/p>\n\n<h3 class=\"wp-block-heading\">Sierra Nevada: gizli hazineler ve \u00e7e\u015fitli manzaralar<\/h3>\n\n<h4 class=\"wp-block-heading\">Tahoe G\u00f6l\u00fc: kristal berrakl\u0131\u011f\u0131nda sular ve da\u011flar<\/h4>\n\n<p>Kaliforniya ve Nevada&#8217;y\u0131 birbirine ba\u011flayan <strong>Tahoe<\/strong> G\u00f6l\u00fc, turkuaz sular\u0131yla <strong>\u00fcnl\u00fcd\u00fcr<\/strong>. Yaz aylar\u0131nda k\u00fcrek \u00e7ekebilir veya y\u00fcr\u00fcy\u00fc\u015f yapabilirsiniz, k\u0131\u015f\u0131n ise kayak yapabilirsiniz.<\/p>\n\n<h4 class=\"wp-block-heading\">Mammoth G\u00f6lleri: macera severlerin cenneti<\/h4>\n\n<p>Bu b\u00f6lge, pitoresk g\u00f6lleri, do\u011fal kapl\u0131calar\u0131 ve d\u00fcnyaca \u00fcnl\u00fc kayak pistleriyle a\u00e7\u0131k hava etkinlikleri i\u00e7in idealdir.<\/p>\n\n<h4 class=\"wp-block-heading\">Tioga yolu: panoramik ge\u00e7it<\/h4>\n\n<p>Tioga Yolu da\u011flar\u0131 a\u015far ve zirvelerin ve alpin \u00e7ay\u0131rlar\u0131n muhte\u015fem manzaralar\u0131n\u0131 sunar. Kalabal\u0131ktan uzakta sakin bir an i\u00e7in Tuolumne Meadows&#8217;da mola verin.<\/p>\n\n<h2 class=\"wp-block-heading\">Nerede kal\u0131n\u0131r: Konaklama ve stratejik kasabalar<\/h2>\n\n<h3 class=\"wp-block-heading\">G\u00f6r\u00fclmesi gereken mola \u015fehirleri<\/h3>\n\n<h4 class=\"wp-block-heading\">Yosemite K\u00f6y\u00fc: park\u0131n kalbinde<\/h4>\n\n<p>Yosemite Village&#8217;da konaklamak, t\u00fcm \u00f6nemli yerlere sadece birka\u00e7 dakika uzakl\u0131kta oldu\u011funuz anlam\u0131na gelir. Se\u00e7enekler aras\u0131nda \u015funlar gibi oteller bulunur <strong><a href=\"https:\/\/www.travelyosemite.com\/lodging\/yosemite-valley-lodge\/\">Yosemite Valley Lodge<\/a><\/strong> ve maceraperestler i\u00e7in kamp alanlar\u0131.<\/p>\n\n<h4 class=\"wp-block-heading\">Oakhurst ve Mariposa: pratik alternatifler<\/h4>\n\n<p>Park\u0131n g\u00fcney giri\u015finde yer alan bu iki kasaba, ekonomik motellerden l\u00fcks kabinlere kadar geni\u015f bir konaklama yelpazesi sunmaktad\u0131r.<\/p>\n\n<h3 class=\"wp-block-heading\">Sierra Nevada&#8217;da Konaklama<\/h3>\n\n<h4 class=\"wp-block-heading\">Mammoth G\u00f6lleri&#8217;ndeki localar\u0131n konforu<\/h4>\n\n<p><a href=\"https:\/\/www.visitmammoth.com\/\">Mammoth Lakes<\/a> pansiyonlar\u0131 ve otelleri, ister yaz y\u00fcr\u00fcy\u00fc\u015f\u00fc ister k\u0131\u015f sporlar\u0131 i\u00e7in olsun, b\u00f6lgeyi ke\u015ffetmek i\u00e7in idealdir.<\/p>\n\n<h4 class=\"wp-block-heading\">Lake Tahoe yak\u0131n\u0131ndaki kamp alanlar\u0131 ve da\u011f evleri<\/h4>\n\n<p>S\u00fcr\u00fckleyici bir deneyim i\u00e7in Tahoe G\u00f6l\u00fc yak\u0131nlar\u0131nda bir kamp alan\u0131 veya da\u011f evi tercih edin. Bu konaklama birimleri, su sporlar\u0131ndan ve \u00e7evredeki k\u0131rsal alandan en iyi \u015fekilde yararlanman\u0131za olanak tan\u0131r.<\/p>\n\n<h2 class=\"wp-block-heading\">\u00d6nerilen g\u00fczergah : Yosemite ve Sierra Nevada&#8217;y\u0131 7 g\u00fcnde ke\u015ffedin<\/h2>\n\n<figure class=\"wp-block-table\"><table class=\"has-fixed-layout\"><tbody><tr><td class=\"has-text-align-center\" data-align=\"center\"><strong>G\u00fcn<\/strong><\/td><td class=\"has-text-align-center\" data-align=\"center\"><strong>Hedef<\/strong><\/td><td class=\"has-text-align-center\" data-align=\"center\"><strong>Ana faaliyetler<\/strong><\/td><td class=\"has-text-align-center\" data-align=\"center\"><strong>\u00d6nerilen konaklama yerleri<\/strong><\/td><\/tr><tr><td class=\"has-text-align-center\" data-align=\"center\">1<\/td><td class=\"has-text-align-center\" data-align=\"center\">Yosemite Vadisi<\/td><td class=\"has-text-align-center\" data-align=\"center\">Yosemite \u015eelaleleri, Half Dome<\/td><td class=\"has-text-align-center\" data-align=\"center\">Yosemite K\u00f6y\u00fc<\/td><\/tr><tr><td class=\"has-text-align-center\" data-align=\"center\">2<\/td><td class=\"has-text-align-center\" data-align=\"center\">Buzul Noktas\u0131<\/td><td class=\"has-text-align-center\" data-align=\"center\">Y\u00fcr\u00fcy\u00fc\u015f ve panoramik manzaralar<\/td><td class=\"has-text-align-center\" data-align=\"center\">Yosemite K\u00f6y\u00fc<\/td><\/tr><tr><td class=\"has-text-align-center\" data-align=\"center\">3<\/td><td class=\"has-text-align-center\" data-align=\"center\">Mariposa Korusu<\/td><td class=\"has-text-align-center\" data-align=\"center\">Dev sekoyalar, do\u011fa y\u00fcr\u00fcy\u00fc\u015f\u00fc<\/td><td class=\"has-text-align-center\" data-align=\"center\">Oakhurst<\/td><\/tr><tr><td class=\"has-text-align-center\" data-align=\"center\">4<\/td><td class=\"has-text-align-center\" data-align=\"center\">Tioga Yolu<\/td><td class=\"has-text-align-center\" data-align=\"center\">Tuolumne Meadows, Olmsted Point<\/td><td class=\"has-text-align-center\" data-align=\"center\">Mamut G\u00f6lleri<\/td><\/tr><tr><td class=\"has-text-align-center\" data-align=\"center\">5<\/td><td class=\"has-text-align-center\" data-align=\"center\">Mamut G\u00f6lleri<\/td><td class=\"has-text-align-center\" data-align=\"center\">Kapl\u0131calar, Convict G\u00f6l\u00fc y\u00fcr\u00fcy\u00fc\u015f\u00fc<\/td><td class=\"has-text-align-center\" data-align=\"center\">Mamut G\u00f6lleri<\/td><\/tr><tr><td class=\"has-text-align-center\" data-align=\"center\">6<\/td><td class=\"has-text-align-center\" data-align=\"center\">Tahoe G\u00f6l\u00fc<\/td><td class=\"has-text-align-center\" data-align=\"center\">Su sporlar\u0131, y\u00fcr\u00fcy\u00fc\u015f Eagle Falls<\/td><td class=\"has-text-align-center\" data-align=\"center\">G\u00fcney Tahoe G\u00f6l\u00fc<\/td><\/tr><tr><td class=\"has-text-align-center\" data-align=\"center\">7<\/td><td class=\"has-text-align-center\" data-align=\"center\">Sierra Nevada<\/td><td class=\"has-text-align-center\" data-align=\"center\">Manzaral\u0131 yollar, G\u00fcney G\u00f6l\u00fc kenar\u0131nda dinlenmek<\/td><td class=\"has-text-align-center\" data-align=\"center\">Tahoe G\u00f6l\u00fc<\/td><\/tr><\/tbody><\/table><\/figure>\n\n<p>Bu g\u00fczergah, b\u00f6lgenin \u00e7e\u015fitli manzaralar\u0131n\u0131n tad\u0131n\u0131 \u00e7\u0131kar\u0131rken mutlaka g\u00f6r\u00fclmesi gereken yerleri ke\u015ffetmenizi sa\u011flar.<\/p>\n\n<h2 class=\"wp-block-heading\">\u00d6nceki idari formaliteler<\/h2>\n\n<p>Yosemite ve Sierra Nevada&#8217;y\u0131 ke\u015ffetmek istiyorsan\u0131z, seyahat formalitelerini \u00f6nceden halletmeniz gerekir:<\/p>\n\n<ul class=\"wp-block-list\">\n<li><a href=\"https:\/\/usa-b2.com\/tr\/pasaport-seyahati-abd\/\">Pasaportunuzun ABD&#8217;ye seyahat i\u00e7in ge\u00e7erli olup olmad\u0131\u011f\u0131n\u0131 kontrol edin .<\/a> <\/li>\n\n\n\n<li><a href=\"https:\/\/usa-b2.com\/tr\/vize-verme-programi\/\">Vize Muafiyet Program\u0131<\/a> <a href=\"https:\/\/usa-b2.com\/tr\/nedir-bir-esta\/\">kapsam\u0131nda ESTA seyahat izni<\/a> almaya uygun oldu\u011funuzdan emin olun . Bu m\u00fcmk\u00fcn de\u011filse, B2 <a href=\"https:\/\/usa-b2.com\/tr\/vize-b2\/\">turist vizesine ba\u015fvurman\u0131z gerekecektir .<\/a> <\/li>\n<\/ul>\n\n<p>Bu nedenle, Amerika Birle\u015fik Devletleri&#8217;ne var\u0131\u015fta herhangi bir sorunla kar\u015f\u0131la\u015fmamak i\u00e7in \u00f6nceden d\u00fczenleme yap\u0131lmas\u0131 tavsiye edilir.<\/p>\n\n<h2 class=\"wp-block-heading\">Instagramlanabilir foto\u011fraf noktalar\u0131<\/h2>\n\n<h3 class=\"wp-block-heading\">\u00c7ekimleriniz i\u00e7in m\u00fckemmel manzaralar<\/h3>\n\n<h4 class=\"wp-block-heading\">Glacier Point: Yosemite&#8217;nin rakipsiz manzaras\u0131<\/h4>\n\n<p>Glacier Point, Half Dome ve Yosemite Vadisi&#8217;nin muhte\u015fem manzaralar\u0131n\u0131 sunmaktad\u0131r. \u00d6zellikle g\u00fcn bat\u0131m\u0131nda fotojeniktir.<\/p>\n\n<h4 class=\"wp-block-heading\">Emerald Bay: Tahoe G\u00f6l\u00fc&#8217;n\u00fcn m\u00fccevheri<\/h4>\n\n<p>Tahoe G\u00f6l\u00fc&#8217;n\u00fcn g\u00fcney k\u0131y\u0131s\u0131nda yer alan <strong>Emerald Bay<\/strong>, turkuaz renkli sular\u0131n ve Fannette Adas\u0131&#8217;n\u0131n foto\u011fraflar\u0131n\u0131 \u00e7ekmek i\u00e7in cennet gibi bir yerdir.<\/p>\n\n<h4 class=\"wp-block-heading\">Mammoth Lakes: g\u00f6ller ve da\u011flar<\/h4>\n\n<p>Gibi yerler <strong><a href=\"https:\/\/convictlake.com\/\">Mahkum G\u00f6l\u00fc<\/a><\/strong> veya <strong><a href=\"https:\/\/www.fs.usda.gov\/recarea\/inyo\/recarea\/?recid=20414\">S\u0131cak Dere Jeolojik Alan\u0131<\/a><\/strong> da\u011flar\u0131n fon olu\u015fturdu\u011fu muhte\u015fem do\u011fal \u00e7ekimler i\u00e7in m\u00fckemmeldir.<\/p>\n\n<h2 class=\"wp-block-heading\">Seyahat t\u00fcr\u00fcn\u00fcze g\u00f6re aktiviteler<\/h2>\n\n<h3 class=\"wp-block-heading\">\u00c7iftler i\u00e7in: romantik anlar<\/h3>\n\n<h4 class=\"wp-block-heading\">G\u00fcn do\u011fumu ve g\u00fcn bat\u0131m\u0131 y\u00fcr\u00fcy\u00fc\u015fleri<\/h4>\n\n<p>Tahoe G\u00f6l\u00fc&#8217;ndeki <strong>Sentinel Dome<\/strong> veya <strong>Eagle Falls<\/strong> Trail gibi parkurlar, yumu\u015fak, romantik \u0131\u015f\u0131kta manzaray\u0131 seyretmek i\u00e7in \u00f6zel anlar sunar.<\/p>\n\n<h4 class=\"wp-block-heading\">G\u00f6l kenar\u0131nda piknik<\/h4>\n\n<p>Piknik \u00e7antan\u0131z\u0131 haz\u0131rlay\u0131n ve Yosemite&#8217;deki<strong> Mirror Lake <\/strong>k\u0131y\u0131lar\u0131nda ya da Tahoe G\u00f6l\u00fc&#8217;ndeki tenha bir plajda arkan\u0131za yaslan\u0131p dinlenin.<\/p>\n\n<h3 class=\"wp-block-heading\">Ailenizle birlikte: \u00e7ocuk dostu maceralar<\/h3>\n\n<h4 class=\"wp-block-heading\">\u0130nteraktif etkinlikler: Junior Ranger Program\u0131<\/h4>\n\n<p>Yosemite \u00e7ocuklar i\u00e7in bir e\u011fitim program\u0131 sunmaktad\u0131r. E\u011flenirken do\u011faya sayg\u0131 duymay\u0131 \u00f6\u011freniyorlar ve resmi bir rozet al\u0131yorlar.<\/p>\n\n<h4 class=\"wp-block-heading\">Eri\u015filebilir ke\u015fifler<\/h4>\n\n<p><strong>Yosemite Valley Loop Trail<\/strong>, Tahoe G\u00f6l\u00fc&#8217;ndeki aile plajlar\u0131 gibi, tam bir g\u00fcvenlik i\u00e7inde y\u00fczmek ve oynamak i\u00e7in ideal bir aile gezisi i\u00e7in m\u00fckemmeldir.<\/p>\n\n<p>Yosemite ve Sierra Nevada nefes kesici do\u011fa manzaralar\u0131n\u0131 her t\u00fcrden gezgine uygun \u00e7ok say\u0131da etkinlikle birle\u015ftirmektedir. \u0130ster macera, ister rahatlama ya da ailece vakit ge\u00e7irmek isteyin, Kaliforniya&#8217;n\u0131n bu ikonik b\u00f6lgesi size kal\u0131c\u0131 an\u0131lar b\u0131rakacakt\u0131r. Bu harikalar\u0131 ke\u015ffetmek i\u00e7in seyahatinizi \u015fimdi planlay\u0131n!<\/p>\n","protected":false},"excerpt":{"rendered":"<p>Sierra Nevada&#8217;daki Yosemite Park\u0131&#8217;na yapaca\u011f\u0131n\u0131z yolculu\u011fu nas\u0131l organize ediyorsunuz? Kaliforniya&#8217;n\u0131n do\u011fal g\u00fczellikleri olanYosemite ve Sierra Nevada her y\u0131l milyonlarca ziyaret\u00e7iyi kendine \u00e7ekmektedir. \u0130konik manzaralar\u0131, g\u00f6rkemli \u015felaleleri ve y\u00fckselen da\u011flar\u0131yla Yosemite Ulusal Park\u0131, do\u011faseverler i\u00e7in mutlaka g\u00f6r\u00fclmesi gereken bir yerdir. Sierra Nevada ise Tahoe G\u00f6l\u00fc , dev sekoya a\u011fa\u00e7lar\u0131 ve b\u00fcy\u00fcleyici kasabalar gibi hazinelere ev sahipli\u011fi [&hellip;]<\/p>\n","protected":false},"author":1,"featured_media":0,"parent":0,"menu_order":0,"comment_status":"closed","ping_status":"closed","template":"","meta":{"footnotes":""},"class_list":["post-6177","page","type-page","status-publish","hentry"],"yoast_head":"<!-- This site is optimized with the Yoast SEO plugin v27.4 - https:\/\/yoast.com\/product\/yoast-seo-wordpress\/ -->\n<title>Amerika Birle\u015fik Devletleri&#039;ndeki Sierra Nevada&#039;n\u0131n merkezinde yer alan Yosemite Park\u0131n\u0131 ke\u015ffedin - USA B2<\/title>\n<meta name=\"description\" content=\"Yosemite ve Sierra Nevada&#039;da mutlaka g\u00f6r\u00fclmesi gereken yerleri ke\u015ffedin: g\u00fczergahlar, konaklama, foto\u011fraf f\u0131rsatlar\u0131 ve aktiviteler.\" \/>\n<meta name=\"robots\" content=\"index, follow, max-snippet:-1, max-image-preview:large, max-video-preview:-1\" \/>\n<link rel=\"canonical\" href=\"https:\/\/usa-b2.com\/tr\/yosemite-sierra-nevada-united-states\/\" \/>\n<meta property=\"og:locale\" content=\"tr_TR\" \/>\n<meta property=\"og:type\" content=\"article\" \/>\n<meta property=\"og:title\" content=\"Amerika Birle\u015fik Devletleri&#039;ndeki Sierra Nevada&#039;n\u0131n merkezinde yer alan Yosemite Park\u0131n\u0131 ke\u015ffedin - USA B2\" \/>\n<meta property=\"og:description\" content=\"Yosemite ve Sierra Nevada&#039;da mutlaka g\u00f6r\u00fclmesi gereken yerleri ke\u015ffedin: g\u00fczergahlar, konaklama, foto\u011fraf f\u0131rsatlar\u0131 ve aktiviteler.\" \/>\n<meta property=\"og:url\" content=\"https:\/\/usa-b2.com\/tr\/yosemite-sierra-nevada-united-states\/\" \/>\n<meta property=\"og:site_name\" content=\"USA B2\" \/>\n<meta property=\"article:modified_time\" content=\"2025-12-30T09:41:35+00:00\" \/>\n<meta property=\"og:image\" content=\"https:\/\/usa-b2.com\/wp-content\/uploads\/2025\/01\/Sierra-Nevada-National-Park-California-USA-edited-1.png\" \/>\n\t<meta property=\"og:image:width\" content=\"719\" \/>\n\t<meta property=\"og:image:height\" content=\"404\" \/>\n\t<meta property=\"og:image:type\" content=\"image\/png\" \/>\n<meta name=\"twitter:card\" content=\"summary_large_image\" \/>\n<meta name=\"twitter:label1\" content=\"Tahmini okuma s\u00fcresi\" \/>\n\t<meta name=\"twitter:data1\" content=\"5 dakika\" \/>\n<script type=\"application\/ld+json\" class=\"yoast-schema-graph\">{\"@context\":\"https:\\\/\\\/schema.org\",\"@graph\":[{\"@type\":\"WebPage\",\"@id\":\"https:\\\/\\\/usa-b2.com\\\/tr\\\/yosemite-sierra-nevada-united-states\\\/\",\"url\":\"https:\\\/\\\/usa-b2.com\\\/tr\\\/yosemite-sierra-nevada-united-states\\\/\",\"name\":\"Amerika Birle\u015fik Devletleri'ndeki Sierra Nevada'n\u0131n merkezinde yer alan Yosemite Park\u0131n\u0131 ke\u015ffedin - USA B2\",\"isPartOf\":{\"@id\":\"https:\\\/\\\/usa-b2.com\\\/tr\\\/#website\"},\"primaryImageOfPage\":{\"@id\":\"https:\\\/\\\/usa-b2.com\\\/tr\\\/yosemite-sierra-nevada-united-states\\\/#primaryimage\"},\"image\":{\"@id\":\"https:\\\/\\\/usa-b2.com\\\/tr\\\/yosemite-sierra-nevada-united-states\\\/#primaryimage\"},\"thumbnailUrl\":\"https:\\\/\\\/usa-b2.com\\\/wp-content\\\/uploads\\\/2025\\\/01\\\/Sierra-Nevada-National-Park-California-USA-edited-1.png\",\"datePublished\":\"2025-01-15T09:17:49+00:00\",\"dateModified\":\"2025-12-30T09:41:35+00:00\",\"description\":\"Yosemite ve Sierra Nevada'da mutlaka g\u00f6r\u00fclmesi gereken yerleri ke\u015ffedin: g\u00fczergahlar, konaklama, foto\u011fraf f\u0131rsatlar\u0131 ve aktiviteler.\",\"breadcrumb\":{\"@id\":\"https:\\\/\\\/usa-b2.com\\\/tr\\\/yosemite-sierra-nevada-united-states\\\/#breadcrumb\"},\"inLanguage\":\"tr\",\"potentialAction\":[{\"@type\":\"ReadAction\",\"target\":[\"https:\\\/\\\/usa-b2.com\\\/tr\\\/yosemite-sierra-nevada-united-states\\\/\"]}]},{\"@type\":\"ImageObject\",\"inLanguage\":\"tr\",\"@id\":\"https:\\\/\\\/usa-b2.com\\\/tr\\\/yosemite-sierra-nevada-united-states\\\/#primaryimage\",\"url\":\"https:\\\/\\\/usa-b2.com\\\/wp-content\\\/uploads\\\/2025\\\/01\\\/Sierra-Nevada-National-Park-California-USA-edited-1.png\",\"contentUrl\":\"https:\\\/\\\/usa-b2.com\\\/wp-content\\\/uploads\\\/2025\\\/01\\\/Sierra-Nevada-National-Park-California-USA-edited-1.png\"},{\"@type\":\"BreadcrumbList\",\"@id\":\"https:\\\/\\\/usa-b2.com\\\/tr\\\/yosemite-sierra-nevada-united-states\\\/#breadcrumb\",\"itemListElement\":[{\"@type\":\"ListItem\",\"position\":1,\"name\":\"Accueil\",\"item\":\"https:\\\/\\\/usa-b2.com\\\/tr\\\/usa\\\/\"},{\"@type\":\"ListItem\",\"position\":2,\"name\":\"Amerika Birle\u015fik Devletleri&#8217;ndeki Sierra Nevada&#8217;n\u0131n merkezinde yer alan Yosemite Park\u0131n\u0131 ke\u015ffedin\"}]},{\"@type\":\"WebSite\",\"@id\":\"https:\\\/\\\/usa-b2.com\\\/tr\\\/#website\",\"url\":\"https:\\\/\\\/usa-b2.com\\\/tr\\\/\",\"name\":\"USA B2 VISA\",\"description\":\"\",\"potentialAction\":[{\"@type\":\"SearchAction\",\"target\":{\"@type\":\"EntryPoint\",\"urlTemplate\":\"https:\\\/\\\/usa-b2.com\\\/tr\\\/?s={search_term_string}\"},\"query-input\":{\"@type\":\"PropertyValueSpecification\",\"valueRequired\":true,\"valueName\":\"search_term_string\"}}],\"inLanguage\":\"tr\"}]}<\/script>\n<!-- \/ Yoast SEO plugin. -->","yoast_head_json":{"title":"Amerika Birle\u015fik Devletleri'ndeki Sierra Nevada'n\u0131n merkezinde yer alan Yosemite Park\u0131n\u0131 ke\u015ffedin - USA B2","description":"Yosemite ve Sierra Nevada'da mutlaka g\u00f6r\u00fclmesi gereken yerleri ke\u015ffedin: g\u00fczergahlar, konaklama, foto\u011fraf f\u0131rsatlar\u0131 ve aktiviteler.","robots":{"index":"index","follow":"follow","max-snippet":"max-snippet:-1","max-image-preview":"max-image-preview:large","max-video-preview":"max-video-preview:-1"},"canonical":"https:\/\/usa-b2.com\/tr\/yosemite-sierra-nevada-united-states\/","og_locale":"tr_TR","og_type":"article","og_title":"Amerika Birle\u015fik Devletleri'ndeki Sierra Nevada'n\u0131n merkezinde yer alan Yosemite Park\u0131n\u0131 ke\u015ffedin - USA B2","og_description":"Yosemite ve Sierra Nevada'da mutlaka g\u00f6r\u00fclmesi gereken yerleri ke\u015ffedin: g\u00fczergahlar, konaklama, foto\u011fraf f\u0131rsatlar\u0131 ve aktiviteler.","og_url":"https:\/\/usa-b2.com\/tr\/yosemite-sierra-nevada-united-states\/","og_site_name":"USA B2","article_modified_time":"2025-12-30T09:41:35+00:00","og_image":[{"width":719,"height":404,"url":"https:\/\/usa-b2.com\/wp-content\/uploads\/2025\/01\/Sierra-Nevada-National-Park-California-USA-edited-1.png","type":"image\/png"}],"twitter_card":"summary_large_image","twitter_misc":{"Tahmini okuma s\u00fcresi":"5 dakika"},"schema":{"@context":"https:\/\/schema.org","@graph":[{"@type":"WebPage","@id":"https:\/\/usa-b2.com\/tr\/yosemite-sierra-nevada-united-states\/","url":"https:\/\/usa-b2.com\/tr\/yosemite-sierra-nevada-united-states\/","name":"Amerika Birle\u015fik Devletleri'ndeki Sierra Nevada'n\u0131n merkezinde yer alan Yosemite Park\u0131n\u0131 ke\u015ffedin - USA B2","isPartOf":{"@id":"https:\/\/usa-b2.com\/tr\/#website"},"primaryImageOfPage":{"@id":"https:\/\/usa-b2.com\/tr\/yosemite-sierra-nevada-united-states\/#primaryimage"},"image":{"@id":"https:\/\/usa-b2.com\/tr\/yosemite-sierra-nevada-united-states\/#primaryimage"},"thumbnailUrl":"https:\/\/usa-b2.com\/wp-content\/uploads\/2025\/01\/Sierra-Nevada-National-Park-California-USA-edited-1.png","datePublished":"2025-01-15T09:17:49+00:00","dateModified":"2025-12-30T09:41:35+00:00","description":"Yosemite ve Sierra Nevada'da mutlaka g\u00f6r\u00fclmesi gereken yerleri ke\u015ffedin: g\u00fczergahlar, konaklama, foto\u011fraf f\u0131rsatlar\u0131 ve aktiviteler.","breadcrumb":{"@id":"https:\/\/usa-b2.com\/tr\/yosemite-sierra-nevada-united-states\/#breadcrumb"},"inLanguage":"tr","potentialAction":[{"@type":"ReadAction","target":["https:\/\/usa-b2.com\/tr\/yosemite-sierra-nevada-united-states\/"]}]},{"@type":"ImageObject","inLanguage":"tr","@id":"https:\/\/usa-b2.com\/tr\/yosemite-sierra-nevada-united-states\/#primaryimage","url":"https:\/\/usa-b2.com\/wp-content\/uploads\/2025\/01\/Sierra-Nevada-National-Park-California-USA-edited-1.png","contentUrl":"https:\/\/usa-b2.com\/wp-content\/uploads\/2025\/01\/Sierra-Nevada-National-Park-California-USA-edited-1.png"},{"@type":"BreadcrumbList","@id":"https:\/\/usa-b2.com\/tr\/yosemite-sierra-nevada-united-states\/#breadcrumb","itemListElement":[{"@type":"ListItem","position":1,"name":"Accueil","item":"https:\/\/usa-b2.com\/tr\/usa\/"},{"@type":"ListItem","position":2,"name":"Amerika Birle\u015fik Devletleri&#8217;ndeki Sierra Nevada&#8217;n\u0131n merkezinde yer alan Yosemite Park\u0131n\u0131 ke\u015ffedin"}]},{"@type":"WebSite","@id":"https:\/\/usa-b2.com\/tr\/#website","url":"https:\/\/usa-b2.com\/tr\/","name":"USA B2 VISA","description":"","potentialAction":[{"@type":"SearchAction","target":{"@type":"EntryPoint","urlTemplate":"https:\/\/usa-b2.com\/tr\/?s={search_term_string}"},"query-input":{"@type":"PropertyValueSpecification","valueRequired":true,"valueName":"search_term_string"}}],"inLanguage":"tr"}]}},"_links":{"self":[{"href":"https:\/\/usa-b2.com\/tr\/wp-json\/wp\/v2\/pages\/6177","targetHints":{"allow":["GET"]}}],"collection":[{"href":"https:\/\/usa-b2.com\/tr\/wp-json\/wp\/v2\/pages"}],"about":[{"href":"https:\/\/usa-b2.com\/tr\/wp-json\/wp\/v2\/types\/page"}],"author":[{"embeddable":true,"href":"https:\/\/usa-b2.com\/tr\/wp-json\/wp\/v2\/users\/1"}],"replies":[{"embeddable":true,"href":"https:\/\/usa-b2.com\/tr\/wp-json\/wp\/v2\/comments?post=6177"}],"version-history":[{"count":2,"href":"https:\/\/usa-b2.com\/tr\/wp-json\/wp\/v2\/pages\/6177\/revisions"}],"predecessor-version":[{"id":10974,"href":"https:\/\/usa-b2.com\/tr\/wp-json\/wp\/v2\/pages\/6177\/revisions\/10974"}],"wp:attachment":[{"href":"https:\/\/usa-b2.com\/tr\/wp-json\/wp\/v2\/media?parent=6177"}],"curies":[{"name":"wp","href":"https:\/\/api.w.org\/{rel}","templated":true}]}}