{"id":6135,"date":"2025-01-15T09:01:21","date_gmt":"2025-01-15T09:01:21","guid":{"rendered":"https:\/\/usa-b2.com\/pacific-coast-highway\/"},"modified":"2025-10-16T10:15:13","modified_gmt":"2025-10-16T10:15:13","slug":"pasifik-sahil-otoyolu","status":"publish","type":"page","link":"https:\/\/usa-b2.com\/tr\/pasifik-sahil-otoyolu\/","title":{"rendered":"Amerika Birle\u015fik Devletleri&#8217;nde Pasifik Sahil Otoyolunda Seyahat"},"content":{"rendered":"\n<h1 class=\"wp-block-heading\">Pacific Coast Highway&#8217;deki yolculu\u011funuzu nas\u0131l organize edersiniz?<\/h1>\n\n<p>Resmi ad\u0131yla California State Route 1 olarak bilinen <a href=\"https:\/\/www.visittheusa.com\/trip\/pacific-coast-highway-road-trip\">Pacific Coast Highway<\/a> (PCH) bir yoldan \u00e7ok daha fazlas\u0131d\u0131r. Kaliforniya sahili boyunca uzanan bu asfalt \u015ferit, her f\u0131rsatta nefes kesici manzaralar, pitoresk kasabalar ve unutulmaz deneyimler sunar. \u0130ster macera ister huzur ve sessizlik ar\u0131yor olun, bu ayr\u0131nt\u0131l\u0131 rehber unutulmaz bir ka\u00e7amak planlaman\u0131za yard\u0131mc\u0131 olacakt\u0131r.  <\/p>\n\n<figure class=\"wp-block-image size-full\"><img fetchpriority=\"high\" decoding=\"async\" width=\"831\" height=\"467\" src=\"https:\/\/usa-b2.com\/wp-content\/uploads\/2025\/01\/Pacific-Coast-Highway-usa-edited.png\" alt=\"\" class=\"wp-image-6503\" srcset=\"https:\/\/usa-b2.com\/wp-content\/uploads\/2025\/01\/Pacific-Coast-Highway-usa-edited.png 831w, https:\/\/usa-b2.com\/wp-content\/uploads\/2025\/01\/Pacific-Coast-Highway-usa-edited-300x169.png 300w, https:\/\/usa-b2.com\/wp-content\/uploads\/2025\/01\/Pacific-Coast-Highway-usa-edited-768x432.png 768w\" sizes=\"(max-width: 831px) 100vw, 831px\" \/><\/figure>\n\n<h2 class=\"wp-block-heading\">Pasifik Sahil Otoyolu&#8217;nu neden ziyaret etmelisiniz?<\/h2>\n\n<p>Pasifik Sahil Otoyolu, <a href=\"https:\/\/www.ca.gov\/\">Kaliforniya<\/a>&#8216;n\u0131n \u00e7e\u015fitlili\u011fine ve do\u011fal g\u00fczelli\u011fine ger\u00e7ek bir \u00f6vg\u00fcd\u00fcr. Bu ikonik rota boyunca seyahat ederken, sizi alt\u0131n kumsallardan engebeli kayal\u0131klara, yemye\u015fil ormanlardan kalabal\u0131k \u015fehirlere g\u00f6t\u00fcren \u00e7e\u015fitli manzaralardan ge\u00e7eceksiniz. \u0130ster Pasifik Okyanusu&#8217;nun panoramik manzaralar\u0131 olsun, ister sahilde yer alan b\u00fcy\u00fcleyici k\u00f6yler olsun, her an\u0131n yeni bir ke\u015fif sundu\u011fu bir yolculuk.  <\/p>\n\n<p>PCH&#8217;nin en \u00e7ekici y\u00f6nlerinden biri de h\u0131z\u0131d\u0131r. Modern otoyollar\u0131n aksine, bu rota sizi yava\u015flamaya ve her kilometrenin tad\u0131n\u0131 \u00e7\u0131karmaya davet ediyor. Muhte\u015fem manzaralar ve e\u015fsiz cazibe merkezleri yol boyunca birbirini takip etti\u011finden, s\u0131k s\u0131k mola vermek sadece bir se\u00e7enek de\u011fil, ayn\u0131 zamanda bir gerekliliktir. Bu yol gezisi, do\u011fayla yeniden ba\u011f kurmak, huzur dolu anlar\u0131n tad\u0131n\u0131 \u00e7\u0131karmak veya sadece cennetin bir k\u00f6\u015fesini kendi h\u0131zlar\u0131nda ke\u015ffetmek isteyenler i\u00e7in idealdir.   <\/p>\n\n<h2 class=\"wp-block-heading\">Yolda g\u00f6r\u00fclmesi gereken yerler<\/h2>\n\n<h3 class=\"wp-block-heading\">Efsanevi manzaralar<\/h3>\n\n<p>Pasifik Sahil Otoyolu nefes kesici manzaras\u0131yla d\u00fcnyaca \u00fcnl\u00fcd\u00fcr. Big Sur&#8217;da okyanusa dalan muhte\u015fem kayal\u0131klar, her d\u00f6n\u00fc\u015fte yeni bir kartpostal panoramas\u0131n\u0131n ortaya \u00e7\u0131kt\u0131\u011f\u0131 e\u015fsiz bir atmosfer yarat\u0131r. Point Lobos Eyalet Do\u011fal Koruma Alan\u0131 ise k\u0131y\u0131 patikalar\u0131, deniz aslanlar\u0131 ve yunus manzaralar\u0131 ile vah\u015fi ya\u015fam tutkunlar\u0131n\u0131n cennetidir.  <\/p>\n\n<p>17-Mile Drive, rotan\u0131n bir di\u011fer \u00f6nemli noktas\u0131d\u0131r. Bu \u00f6zel b\u00f6lge, Lone Cypress ve l\u00fcks golf sahalar\u0131 gibi ikonik alanlarla doludur. L\u00fcks ile engebeli g\u00fczelli\u011fi harmanlayan e\u015fsiz bir atmosfer sunmaktad\u0131r. Son olarak, Hearst Kalesi mutlaka g\u00f6r\u00fclmesi gereken bir yerdir. Gazete patronu William Randolph Hearst taraf\u0131ndan yapt\u0131r\u0131lan bu abart\u0131l\u0131 malikane okyanusa bakmakta ve b\u00fcy\u00fcleyici bir tarih ve zenginlik turu sunmaktad\u0131r.    <\/p>\n\n<h4 class=\"wp-block-heading\">G\u00f6r\u00fclmesi gerekenlerin listesi :<\/h4>\n\n<ul class=\"wp-block-list\">\n<li>Big Sur ve g\u00f6rkemli kayal\u0131klar\u0131<\/li>\n\n\n\n<li>Do\u011fa severler i\u00e7in Point Lobos<\/li>\n\n\n\n<li><a href=\"https:\/\/hearstcastle.org\/\">Hearst Kalesi<\/a>, mimari bir \u015faheser<\/li>\n\n\n\n<li>Ulusal parklar<\/li>\n<\/ul>\n\n<p>G\u00fczergah \u00fczerindeki milli parklar da g\u00f6r\u00fclmeye de\u011ferdir. Ventura&#8217;dan ula\u015f\u0131labilen <a href=\"https:\/\/www.nps.gov\/chis\/index.htm\">Channel Adalar\u0131 Ulusal Park\u0131<\/a> kanocular, \u015fnorkelle y\u00fczenler ve y\u00fcr\u00fcy\u00fc\u015f\u00e7\u00fcler i\u00e7in bir cennettir. Daha kuzeydeki <a href=\"https:\/\/www.nps.gov\/redw\/index.htm\">Redwood Ulusal<\/a> ve Eyalet Parklar\u0131, d\u00fcnyan\u0131n en uzun a\u011fa\u00e7lar\u0131ndan baz\u0131lar\u0131 olan \u00fcnl\u00fc dev sekoya a\u011fa\u00e7lar\u0131na ev sahipli\u011fi yapmaktad\u0131r. Bu parklar, kendinizi e\u015fsiz ekosistemlere kapt\u0131rmak ve seyahatinizin merkezinde bir do\u011fa molas\u0131 vermek i\u00e7in m\u00fckemmel bir f\u0131rsatt\u0131r.   <\/p>\n\n<h2 class=\"wp-block-heading\">PCH boyunca nerede uyunur?<\/h2>\n\n<h3 class=\"wp-block-heading\">Oteller ve pansiyonlar<\/h3>\n\n<p>Konaklama se\u00e7iminiz seyahatinizi daha da unutulmaz bir deneyim haline getirebilir. \u00d6rne\u011fin Carmel-by-the-Sea, rahat hanlarda veya butik otellerde kalabilece\u011finiz \u015firin bir kasabad\u0131r. Bu k\u00fc\u00e7\u00fck kasaban\u0131n Arnavut kald\u0131r\u0131ml\u0131 sokaklar\u0131 ve sanat galerileri, buray\u0131 dinlendirici bir gece i\u00e7in m\u00fckemmel bir durak haline getirmektedir. Daha g\u00fcneyde yer alan Santa Barbara, konfor ve zarafeti bir araya getiren deniz kenar\u0131 otelleri sunmaktad\u0131r.   <\/p>\n\n<h3 class=\"wp-block-heading\">Tamamen dalmak i\u00e7in kamp alanlar\u0131<\/h3>\n\n<p>A\u00e7\u0131k hava merakl\u0131lar\u0131 i\u00e7in Pasifik Sahil Otoyolu boyunca kamp yapmak inan\u0131lmaz bir se\u00e7enektir. Big Sur&#8217;daki Kirk Creek Campground gibi kamp alanlar\u0131 do\u011frudan okyanus manzaras\u0131 sunarak dalgalar\u0131n sesiyle uykuya dalman\u0131za olanak tan\u0131r. Bu yerler, konaklamadan tasarruf ederken Kaliforniya do\u011fas\u0131n\u0131 doyas\u0131ya ya\u015famak isteyenler i\u00e7in m\u00fckemmeldir.  <\/p>\n\n<h4 class=\"wp-block-heading\">\u00d6nerilen konaklama yeri :<\/h4>\n\n<figure class=\"wp-block-table\"><table class=\"has-fixed-layout\"><tbody><tr><td><strong>\u015eehir<\/strong><\/td><td><strong>Konaklama t\u00fcr\u00fc<\/strong><\/td><td><strong>\u00d6nerilen isim<\/strong><\/td><\/tr><tr><td>Carmel-by-the-Sea<\/td><td>Butik Otel<\/td><td>The Carmel Inn<\/td><\/tr><tr><td>B\u00fcy\u00fck Sur<\/td><td>Kamp Kirk<\/td><td>Dere Kamp Alan\u0131<\/td><\/tr><tr><td>Santa Barbara<\/td><td>Deniz kenar\u0131nda otel<\/td><td>Santa Barbara Inn<\/td><\/tr><\/tbody><\/table><\/figure>\n\n<h2 class=\"wp-block-heading\"><br\/>\u0130zlenecek ideal rota<\/h2>\n\n<h3 class=\"wp-block-heading\">1. A\u015fama: San Francisco&#8217;dan Monterey&#8217;e<\/h3>\n\n<p><a href=\"https:\/\/www.sftravel.com\/\">San Francisco<\/a> &#8216;daki yolculu\u011funuza efsanevi <a href=\"https:\/\/www.goldengate.org\/bridge\/visiting-the-bridge\/\">Golden Gate K\u00f6pr\u00fcs\u00fc<\/a>&#8216;nden ge\u00e7erek ba\u015flay\u0131n. <a href=\"https:\/\/monterey.gov\/\">Monterey<\/a>&#8216;e gitmeden \u00f6nce <a href=\"https:\/\/www.fishermanswharf.org\/\">Fisherman&#8217;s Wharf<\/a> ve Chinatown gibi \u015fehrin ikonik b\u00f6lgelerini ziyaret etmek i\u00e7in zaman ay\u0131r\u0131n. Yol \u00fczerinde, piknik i\u00e7in ideal sakin bir plaj olan Half Moon Bay&#8217;de mola verin. Monterey&#8217;e vard\u0131\u011f\u0131n\u0131zda \u00fcnl\u00fc akvaryumu ve ma\u011faza ve restoranlarla dolu tarihi bir cadde olan <a href=\"https:\/\/canneryrow.com\/experience-cannery-row\/\">Cannery Row&#8217;<\/a>u ka\u00e7\u0131rmay\u0131n.   <\/p>\n\n<h3 class=\"wp-block-heading\">2. A\u015fama: Monterey&#8217;den Big Sur&#8217;a<\/h3>\n\n<p>Bu k\u0131s\u0131m rotan\u0131n en muhte\u015fem yerlerinden biridir. Yol boyunca, k\u0131y\u0131 y\u00fcr\u00fcy\u00fc\u015f\u00fc i\u00e7in Point <g id=\"gid_0\">Lobos State Reserve&#8217;<\/g> de mola verin. Bixby Creek K\u00f6pr\u00fcs\u00fc&#8217;n\u00fcn ikonik bir manzara sundu\u011fu <a href=\"https:\/\/www.bigsurcalifornia.org\/\">Big Sur&#8217;<\/a>a devam edin. Ayr\u0131ca do\u011frudan okyanusa d\u00f6k\u00fclen e\u015fsiz bir \u015felale olan McWay \u015eelalelerini ke\u015ffedin.   <\/p>\n\n<h3 class=\"wp-block-heading\">3. A\u015fama: Big Sur&#8217;dan Santa Barbara&#8217;ya<\/h3>\n\n<p><a href=\"https:\/\/www.slocity.org\/\">San Luis Obispo<\/a> &#8216;dan ge\u00e7in ve b\u00fcy\u00fcleyici bir tur i\u00e7in Hearst Kalesi&#8217;nde mola verin. Daha g\u00fcneyde, Santa Barbara&#8217;n\u0131n sakin plajlar\u0131n\u0131n keyfini \u00e7\u0131kar\u0131n ve yolculu\u011funuzu sonland\u0131rmadan \u00f6nce hareketli \u015fehir merkezini ke\u015ffedin. <\/p>\n\n<h2 class=\"wp-block-heading\">\u00d6nceki idari formaliteler<\/h2>\n\n<p>Pasifik Sahil Otoyolu&#8217;nda seyahat edebilmek i\u00e7in seyahat formalitelerinizi \u00f6nceden belirlemeniz gerekir:<\/p>\n\n<ul class=\"wp-block-list\">\n<li><a href=\"https:\/\/usa-b2.com\/tr\/pasaport-seyahati-abd\/\">Pasaportunuzun ABD i\u00e7in ge\u00e7erlili\u011fini kontrol edin .<\/a><\/li>\n\n\n\n<li><a href=\"https:\/\/usa-b2.com\/tr\/esta-formunu-cevrimici\/\">ESTA formunu \u00e7evrimi\u00e7i olarak doldurun .<\/a> \u00dclkeniz <a href=\"https:\/\/usa-b2.com\/tr\/vize-verme-programi\/\">ABD Vize Muafiyet Program\u0131n\u0131n bir par\u00e7as\u0131 de\u011filse ,<\/a> B1-B2 <a href=\"https:\/\/usa-b2.com\/tr\/abd-b1-b2-vizesi\/\">vizesine ba\u015fvurman\u0131z gerekecektir .<\/a> <\/li>\n<\/ul>\n\n<div style=\"height:10px\" aria-hidden=\"true\" class=\"wp-block-spacer\"><\/div>\n\n<h2 class=\"wp-block-heading\">Ka\u00e7\u0131r\u0131lmayacak foto\u011fraf noktalar\u0131<\/h2>\n\n<p>Pasifik Sahil Otoyolu an\u0131lar biriktirmek i\u00e7in harika yerlerle doludur. <a href=\"https:\/\/mcwayfalls.com\/\">McWay \u015eelaleleri<\/a>&#8216;nde okyanusa d\u00f6k\u00fclen \u015felale e\u015fsiz bir manzara sunarken, Bixby K\u00f6pr\u00fcs\u00fc s\u0131k\u00e7a foto\u011fraflanan bir d\u00f6n\u00fcm noktas\u0131d\u0131r. Daha sanatsal \u00e7ekimler i\u00e7in mor kumlar\u0131yla bilinen Pfeiffer Plaj\u0131&#8217;na veya g\u00fcn bat\u0131m\u0131n\u0131n b\u00fcy\u00fcl\u00fc bir \u0131\u015f\u0131k yaratt\u0131\u011f\u0131 Santa Monica \u0130skelesi&#8217;ne gidin. Bu yerler seyahatinizi \u00f6l\u00fcms\u00fczle\u015ftirmek ve unutulmaz kareleri sosyal a\u011flarda payla\u015fmak i\u00e7in idealdir.   <\/p>\n\n<h2 class=\"wp-block-heading\">Profilinize uygun aktiviteler<\/h2>\n\n<h3 class=\"wp-block-heading\">\u00c7ift<\/h3>\n\n<p>\u00c7iftler i\u00e7in PCH her f\u0131rsatta romantik f\u0131rsatlar sunmaktad\u0131r. <a href=\"https:\/\/icilosangeles.fr\/decouvrir-los-angeles\/quartiers\/malibu-beach\/\">Malibu<\/a>&#8216;da okyanus manzaral\u0131 bir restoranda iki ki\u015filik bir ak\u015fam yeme\u011fi i\u00e7in rezervasyon yapt\u0131r\u0131n. Santa Barbara&#8217;da sahil boyunca ata binmeyi tercih edin. Bu samimi anlar yolculu\u011funuzun b\u00fcy\u00fcs\u00fcne katk\u0131da bulunur.   <\/p>\n\n<h3 class=\"wp-block-heading\">Aile ile birlikte<\/h3>\n\n<p>Pasifik Sahil Otoyolu boyunca aile seyahati \u00f6d\u00fcllendirici bir deneyimdir. \u00c7ocuklar Santa Barbara Hayvanat Bah\u00e7esi&#8217;ni ya da Monterey&#8217;deki kano gezilerini \u00e7ok seveceklerdir. Morro Bay gibi plajlar da gen\u00e7ler ve ya\u015fl\u0131lar i\u00e7in rahatlama ve e\u011flence sunmaktad\u0131r.  <\/p>\n\n<p>Pasifik Sahil Otoyolu, muhte\u015fem manzaralar\u0131, \u00e7e\u015fitli aktiviteleri ve unutulmaz duraklar\u0131 bir araya getiren r\u00fcya gibi bir rotad\u0131r. \u0130ster \u00e7ift ister aile olarak seyahat ediyor olun, bu rota her dura\u011f\u0131n bir ke\u015fif oldu\u011fu unutulmaz bir deneyim sunar. Seyahatinizi dikkatlice planlay\u0131n ve d\u00fcnyan\u0131n en g\u00fczel yollar\u0131ndan birinin sizi ba\u015ftan \u00e7\u0131karmas\u0131na izin verin.  <\/p>\n","protected":false},"excerpt":{"rendered":"<p>Pacific Coast Highway&#8217;deki yolculu\u011funuzu nas\u0131l organize edersiniz? Resmi ad\u0131yla California State Route 1 olarak bilinen Pacific Coast Highway (PCH) bir yoldan \u00e7ok daha fazlas\u0131d\u0131r. Kaliforniya sahili boyunca uzanan bu asfalt \u015ferit, her f\u0131rsatta nefes kesici manzaralar, pitoresk kasabalar ve unutulmaz deneyimler sunar. \u0130ster macera ister huzur ve sessizlik ar\u0131yor olun, bu ayr\u0131nt\u0131l\u0131 rehber unutulmaz bir [&hellip;]<\/p>\n","protected":false},"author":1,"featured_media":0,"parent":0,"menu_order":0,"comment_status":"closed","ping_status":"closed","template":"","meta":{"footnotes":""},"class_list":["post-6135","page","type-page","status-publish","hentry"],"yoast_head":"<!-- This site is optimized with the Yoast SEO plugin v27.4 - https:\/\/yoast.com\/product\/yoast-seo-wordpress\/ -->\n<title>Amerika Birle\u015fik Devletleri&#039;nde Pasifik Sahil Otoyolunda Seyahat - USA B2<\/title>\n<meta name=\"description\" content=\"Pacific Coast Highway&#039;i ke\u015ffetmek i\u00e7in m\u00fckemmel g\u00fczergah\u0131, g\u00f6r\u00fclmesi gereken duraklar\u0131, nerede kal\u0131naca\u011f\u0131n\u0131 ve ne yap\u0131laca\u011f\u0131n\u0131 ke\u015ffedin.\" \/>\n<meta name=\"robots\" content=\"index, follow, max-snippet:-1, max-image-preview:large, max-video-preview:-1\" \/>\n<link rel=\"canonical\" href=\"https:\/\/usa-b2.com\/tr\/pasifik-sahil-otoyolu\/\" \/>\n<meta property=\"og:locale\" content=\"tr_TR\" \/>\n<meta property=\"og:type\" content=\"article\" \/>\n<meta property=\"og:title\" content=\"Amerika Birle\u015fik Devletleri&#039;nde Pasifik Sahil Otoyolunda Seyahat - USA B2\" \/>\n<meta property=\"og:description\" content=\"Pacific Coast Highway&#039;i ke\u015ffetmek i\u00e7in m\u00fckemmel g\u00fczergah\u0131, g\u00f6r\u00fclmesi gereken duraklar\u0131, nerede kal\u0131naca\u011f\u0131n\u0131 ve ne yap\u0131laca\u011f\u0131n\u0131 ke\u015ffedin.\" \/>\n<meta property=\"og:url\" content=\"https:\/\/usa-b2.com\/tr\/pasifik-sahil-otoyolu\/\" \/>\n<meta property=\"og:site_name\" content=\"USA B2\" \/>\n<meta property=\"article:modified_time\" content=\"2025-10-16T10:15:13+00:00\" \/>\n<meta property=\"og:image\" content=\"https:\/\/usa-b2.com\/wp-content\/uploads\/2025\/01\/Pacific-Coast-Highway-usa-edited.png\" \/>\n\t<meta property=\"og:image:width\" content=\"831\" \/>\n\t<meta property=\"og:image:height\" content=\"467\" \/>\n\t<meta property=\"og:image:type\" content=\"image\/png\" \/>\n<meta name=\"twitter:card\" content=\"summary_large_image\" \/>\n<meta name=\"twitter:label1\" content=\"Tahmini okuma s\u00fcresi\" \/>\n\t<meta name=\"twitter:data1\" content=\"6 dakika\" \/>\n<script type=\"application\/ld+json\" class=\"yoast-schema-graph\">{\"@context\":\"https:\\\/\\\/schema.org\",\"@graph\":[{\"@type\":\"WebPage\",\"@id\":\"https:\\\/\\\/usa-b2.com\\\/tr\\\/pasifik-sahil-otoyolu\\\/\",\"url\":\"https:\\\/\\\/usa-b2.com\\\/tr\\\/pasifik-sahil-otoyolu\\\/\",\"name\":\"Amerika Birle\u015fik Devletleri'nde Pasifik Sahil Otoyolunda Seyahat - USA B2\",\"isPartOf\":{\"@id\":\"https:\\\/\\\/usa-b2.com\\\/tr\\\/#website\"},\"primaryImageOfPage\":{\"@id\":\"https:\\\/\\\/usa-b2.com\\\/tr\\\/pasifik-sahil-otoyolu\\\/#primaryimage\"},\"image\":{\"@id\":\"https:\\\/\\\/usa-b2.com\\\/tr\\\/pasifik-sahil-otoyolu\\\/#primaryimage\"},\"thumbnailUrl\":\"https:\\\/\\\/usa-b2.com\\\/wp-content\\\/uploads\\\/2025\\\/01\\\/Pacific-Coast-Highway-usa-edited.png\",\"datePublished\":\"2025-01-15T09:01:21+00:00\",\"dateModified\":\"2025-10-16T10:15:13+00:00\",\"description\":\"Pacific Coast Highway'i ke\u015ffetmek i\u00e7in m\u00fckemmel g\u00fczergah\u0131, g\u00f6r\u00fclmesi gereken duraklar\u0131, nerede kal\u0131naca\u011f\u0131n\u0131 ve ne yap\u0131laca\u011f\u0131n\u0131 ke\u015ffedin.\",\"breadcrumb\":{\"@id\":\"https:\\\/\\\/usa-b2.com\\\/tr\\\/pasifik-sahil-otoyolu\\\/#breadcrumb\"},\"inLanguage\":\"tr\",\"potentialAction\":[{\"@type\":\"ReadAction\",\"target\":[\"https:\\\/\\\/usa-b2.com\\\/tr\\\/pasifik-sahil-otoyolu\\\/\"]}]},{\"@type\":\"ImageObject\",\"inLanguage\":\"tr\",\"@id\":\"https:\\\/\\\/usa-b2.com\\\/tr\\\/pasifik-sahil-otoyolu\\\/#primaryimage\",\"url\":\"https:\\\/\\\/usa-b2.com\\\/wp-content\\\/uploads\\\/2025\\\/01\\\/Pacific-Coast-Highway-usa-edited.png\",\"contentUrl\":\"https:\\\/\\\/usa-b2.com\\\/wp-content\\\/uploads\\\/2025\\\/01\\\/Pacific-Coast-Highway-usa-edited.png\"},{\"@type\":\"BreadcrumbList\",\"@id\":\"https:\\\/\\\/usa-b2.com\\\/tr\\\/pasifik-sahil-otoyolu\\\/#breadcrumb\",\"itemListElement\":[{\"@type\":\"ListItem\",\"position\":1,\"name\":\"Accueil\",\"item\":\"https:\\\/\\\/usa-b2.com\\\/tr\\\/usa\\\/\"},{\"@type\":\"ListItem\",\"position\":2,\"name\":\"Amerika Birle\u015fik Devletleri&#8217;nde Pasifik Sahil Otoyolunda Seyahat\"}]},{\"@type\":\"WebSite\",\"@id\":\"https:\\\/\\\/usa-b2.com\\\/tr\\\/#website\",\"url\":\"https:\\\/\\\/usa-b2.com\\\/tr\\\/\",\"name\":\"USA B2 VISA\",\"description\":\"\",\"potentialAction\":[{\"@type\":\"SearchAction\",\"target\":{\"@type\":\"EntryPoint\",\"urlTemplate\":\"https:\\\/\\\/usa-b2.com\\\/tr\\\/?s={search_term_string}\"},\"query-input\":{\"@type\":\"PropertyValueSpecification\",\"valueRequired\":true,\"valueName\":\"search_term_string\"}}],\"inLanguage\":\"tr\"}]}<\/script>\n<!-- \/ Yoast SEO plugin. -->","yoast_head_json":{"title":"Amerika Birle\u015fik Devletleri'nde Pasifik Sahil Otoyolunda Seyahat - USA B2","description":"Pacific Coast Highway'i ke\u015ffetmek i\u00e7in m\u00fckemmel g\u00fczergah\u0131, g\u00f6r\u00fclmesi gereken duraklar\u0131, nerede kal\u0131naca\u011f\u0131n\u0131 ve ne yap\u0131laca\u011f\u0131n\u0131 ke\u015ffedin.","robots":{"index":"index","follow":"follow","max-snippet":"max-snippet:-1","max-image-preview":"max-image-preview:large","max-video-preview":"max-video-preview:-1"},"canonical":"https:\/\/usa-b2.com\/tr\/pasifik-sahil-otoyolu\/","og_locale":"tr_TR","og_type":"article","og_title":"Amerika Birle\u015fik Devletleri'nde Pasifik Sahil Otoyolunda Seyahat - USA B2","og_description":"Pacific Coast Highway'i ke\u015ffetmek i\u00e7in m\u00fckemmel g\u00fczergah\u0131, g\u00f6r\u00fclmesi gereken duraklar\u0131, nerede kal\u0131naca\u011f\u0131n\u0131 ve ne yap\u0131laca\u011f\u0131n\u0131 ke\u015ffedin.","og_url":"https:\/\/usa-b2.com\/tr\/pasifik-sahil-otoyolu\/","og_site_name":"USA B2","article_modified_time":"2025-10-16T10:15:13+00:00","og_image":[{"width":831,"height":467,"url":"https:\/\/usa-b2.com\/wp-content\/uploads\/2025\/01\/Pacific-Coast-Highway-usa-edited.png","type":"image\/png"}],"twitter_card":"summary_large_image","twitter_misc":{"Tahmini okuma s\u00fcresi":"6 dakika"},"schema":{"@context":"https:\/\/schema.org","@graph":[{"@type":"WebPage","@id":"https:\/\/usa-b2.com\/tr\/pasifik-sahil-otoyolu\/","url":"https:\/\/usa-b2.com\/tr\/pasifik-sahil-otoyolu\/","name":"Amerika Birle\u015fik Devletleri'nde Pasifik Sahil Otoyolunda Seyahat - USA B2","isPartOf":{"@id":"https:\/\/usa-b2.com\/tr\/#website"},"primaryImageOfPage":{"@id":"https:\/\/usa-b2.com\/tr\/pasifik-sahil-otoyolu\/#primaryimage"},"image":{"@id":"https:\/\/usa-b2.com\/tr\/pasifik-sahil-otoyolu\/#primaryimage"},"thumbnailUrl":"https:\/\/usa-b2.com\/wp-content\/uploads\/2025\/01\/Pacific-Coast-Highway-usa-edited.png","datePublished":"2025-01-15T09:01:21+00:00","dateModified":"2025-10-16T10:15:13+00:00","description":"Pacific Coast Highway'i ke\u015ffetmek i\u00e7in m\u00fckemmel g\u00fczergah\u0131, g\u00f6r\u00fclmesi gereken duraklar\u0131, nerede kal\u0131naca\u011f\u0131n\u0131 ve ne yap\u0131laca\u011f\u0131n\u0131 ke\u015ffedin.","breadcrumb":{"@id":"https:\/\/usa-b2.com\/tr\/pasifik-sahil-otoyolu\/#breadcrumb"},"inLanguage":"tr","potentialAction":[{"@type":"ReadAction","target":["https:\/\/usa-b2.com\/tr\/pasifik-sahil-otoyolu\/"]}]},{"@type":"ImageObject","inLanguage":"tr","@id":"https:\/\/usa-b2.com\/tr\/pasifik-sahil-otoyolu\/#primaryimage","url":"https:\/\/usa-b2.com\/wp-content\/uploads\/2025\/01\/Pacific-Coast-Highway-usa-edited.png","contentUrl":"https:\/\/usa-b2.com\/wp-content\/uploads\/2025\/01\/Pacific-Coast-Highway-usa-edited.png"},{"@type":"BreadcrumbList","@id":"https:\/\/usa-b2.com\/tr\/pasifik-sahil-otoyolu\/#breadcrumb","itemListElement":[{"@type":"ListItem","position":1,"name":"Accueil","item":"https:\/\/usa-b2.com\/tr\/usa\/"},{"@type":"ListItem","position":2,"name":"Amerika Birle\u015fik Devletleri&#8217;nde Pasifik Sahil Otoyolunda Seyahat"}]},{"@type":"WebSite","@id":"https:\/\/usa-b2.com\/tr\/#website","url":"https:\/\/usa-b2.com\/tr\/","name":"USA B2 VISA","description":"","potentialAction":[{"@type":"SearchAction","target":{"@type":"EntryPoint","urlTemplate":"https:\/\/usa-b2.com\/tr\/?s={search_term_string}"},"query-input":{"@type":"PropertyValueSpecification","valueRequired":true,"valueName":"search_term_string"}}],"inLanguage":"tr"}]}},"_links":{"self":[{"href":"https:\/\/usa-b2.com\/tr\/wp-json\/wp\/v2\/pages\/6135","targetHints":{"allow":["GET"]}}],"collection":[{"href":"https:\/\/usa-b2.com\/tr\/wp-json\/wp\/v2\/pages"}],"about":[{"href":"https:\/\/usa-b2.com\/tr\/wp-json\/wp\/v2\/types\/page"}],"author":[{"embeddable":true,"href":"https:\/\/usa-b2.com\/tr\/wp-json\/wp\/v2\/users\/1"}],"replies":[{"embeddable":true,"href":"https:\/\/usa-b2.com\/tr\/wp-json\/wp\/v2\/comments?post=6135"}],"version-history":[{"count":2,"href":"https:\/\/usa-b2.com\/tr\/wp-json\/wp\/v2\/pages\/6135\/revisions"}],"predecessor-version":[{"id":10652,"href":"https:\/\/usa-b2.com\/tr\/wp-json\/wp\/v2\/pages\/6135\/revisions\/10652"}],"wp:attachment":[{"href":"https:\/\/usa-b2.com\/tr\/wp-json\/wp\/v2\/media?parent=6135"}],"curies":[{"name":"wp","href":"https:\/\/api.w.org\/{rel}","templated":true}]}}