{"id":4541,"date":"2024-11-18T12:39:44","date_gmt":"2024-11-18T12:39:44","guid":{"rendered":"https:\/\/usa-b2.com\/pasaport-seyahati-abd\/"},"modified":"2025-11-04T15:56:40","modified_gmt":"2025-11-04T15:56:40","slug":"pasaport-seyahati-abd","status":"publish","type":"page","link":"https:\/\/usa-b2.com\/tr\/pasaport-seyahati-abd\/","title":{"rendered":"Amerika Birle\u015fik Devletleri&#8217;ne seyahat etmek i\u00e7in hangi pasaportu kullanmal\u0131y\u0131m?"},"content":{"rendered":"\n<h1 class=\"wp-block-heading\">ABD&#8217;ye giri\u015f i\u00e7in hangi pasaport t\u00fcrlerine izin verilir?<\/h1>\n\n<p>Amerika Birle\u015fik Devletleri&#8217;ne seyahat etmek i\u00e7in pasaport t\u00fcr\u00fcne g\u00f6re baz\u0131 \u00f6zel \u015fartlar ge\u00e7erlidir. ABD&#8217;ye giri\u015f yapmak isteyen yabanc\u0131 yolcular i\u00e7in a\u015fa\u011f\u0131daki kriterler ge\u00e7erlidir:<\/p>\n\n<ul class=\"wp-block-list\">\n<li>Yolcunun pasaportu biyometrik veya elektronik olmal\u0131d\u0131r.<\/li>\n\n\n\n<li>Pasaport, Amerika Birle\u015fik Devletleri&#8217;nden planlanan ayr\u0131l\u0131\u015f tarihinden sonra en az 6 ay ge\u00e7erli olmal\u0131d\u0131r.<\/li>\n<\/ul>\n\n<div style=\"height:10px\" aria-hidden=\"true\" class=\"wp-block-spacer\"><\/div>\n\n<p><strong>L\u00fctfen unutmay\u0131n:<\/strong> Pasaportun ge\u00e7erlili\u011fi, ilgili seyahat izninin ge\u00e7erlili\u011fini de etkiler. Pasaportunuzun s\u00fcresinin dolmas\u0131 halinde, pasaportla al\u0131nan vize otomatik olarak ge\u00e7ersiz hale gelir. Yeni pasaport <a href=\"https:\/\/usa-b2.com\/tr\/amerikan-elciligi\/\">\u00e7\u0131kar\u0131ld\u0131\u011f\u0131nda vizeyi bir ABD el\u00e7ili\u011fi<\/a> ile yenilemeniz gerekecektir.  <\/p>\n\n<h2 class=\"wp-block-heading\">Biyometrik pasaport nedir?<\/h2>\n\n<p>Biyometrik pasaport, Amerika Birle\u015fik Devletleri i\u00e7in seyahat belgesi g\u00fcvenli\u011finde ileriye do\u011fru at\u0131lm\u0131\u015f \u00f6nemli bir ad\u0131m\u0131 temsil etmektedir. Bu pasaport t\u00fcr\u00fc, sahibine ait biyometrik verileri saklayan elektronik bir \u00e7ip ile donat\u0131lm\u0131\u015ft\u0131r. Bu bilgiler \u015funlar\u0131 i\u00e7erir:<\/p>\n\n<ul class=\"wp-block-list\">\n<li>\u0130sim, do\u011fum tarihi ve adres gibi ki\u015fisel veriler.<\/li>\n\n\n\n<li>Y\u00fcz foto\u011fraflar\u0131 ve parmak izleri gibi biyometrik veriler.<\/li>\n<\/ul>\n\n<div style=\"height:10px\" aria-hidden=\"true\" class=\"wp-block-spacer\"><\/div>\n\n<p>Biyometrik pasaportun temel amac\u0131 g\u00fcvenli\u011fi art\u0131rmak ve doland\u0131r\u0131c\u0131l\u0131k veya sahtecilik riskini s\u0131n\u0131rlamakt\u0131r. Pasaport t\u00fcr\u00fc <a href=\"https:\/\/usa-b2.com\/tr\/basvuru-proseduru-vize-b2\/\">vize ba\u015fvuru prosed\u00fcr\u00fc<\/a> s\u0131ras\u0131nda kontrol edilecektir. <\/p>\n\n<h2 class=\"wp-block-heading\">Biyometrik pasaport ile elektronik pasaport aras\u0131ndaki fark nedir?<\/h2>\n\n<p>Elektronik pasaport, kimlik bilgilerini saklamak i\u00e7in elektronik bir \u00e7ip i\u00e7eren bir seyahat belgesidir. T\u00fcm biyometrik pasaportlar elektronik pasaportlard\u0131r, ancak baz\u0131 \u00fclkeler iki terim aras\u0131nda ayr\u0131m yapmaktad\u0131r. Biyometrik bir pasaport, parmak izi veya y\u00fcz taramas\u0131 gibi belirli verileri i\u00e7erir ve bu durum sistematik olarak t\u00fcm elektronik pasaportlar i\u00e7in ge\u00e7erli de\u011fildir.<\/p>\n\n<h2 class=\"wp-block-heading\">Biyometrik veya elektronik pasaportu nas\u0131l tan\u0131rs\u0131n\u0131z?<\/h2>\n\n<p>Pasaportunuzun biyometrik mi yoksa elektronik mi oldu\u011funu anlamak i\u00e7in, kapaktaki &#8220;Pasaport&#8221; kelimesinin alt\u0131ndaki alt\u0131n sembol\u00fc aray\u0131n. \u0130ki kal\u0131n \u00e7izgi aras\u0131nda bir daireyi temsil eden bu piktogram, pasaportun entegre bir elektronik \u00e7ipe sahip oldu\u011funun a\u00e7\u0131k bir g\u00f6stergesidir. <\/p>\n","protected":false},"excerpt":{"rendered":"<p>ABD&#8217;ye giri\u015f i\u00e7in hangi pasaport t\u00fcrlerine izin verilir? Amerika Birle\u015fik Devletleri&#8217;ne seyahat etmek i\u00e7in pasaport t\u00fcr\u00fcne g\u00f6re baz\u0131 \u00f6zel \u015fartlar ge\u00e7erlidir. ABD&#8217;ye giri\u015f yapmak isteyen yabanc\u0131 yolcular i\u00e7in a\u015fa\u011f\u0131daki kriterler ge\u00e7erlidir: L\u00fctfen unutmay\u0131n: Pasaportun ge\u00e7erlili\u011fi, ilgili seyahat izninin ge\u00e7erlili\u011fini de etkiler. Pasaportunuzun s\u00fcresinin dolmas\u0131 halinde, pasaportla al\u0131nan vize otomatik olarak ge\u00e7ersiz hale gelir. Yeni pasaport [&hellip;]<\/p>\n","protected":false},"author":1,"featured_media":0,"parent":0,"menu_order":0,"comment_status":"closed","ping_status":"closed","template":"","meta":{"footnotes":""},"class_list":["post-4541","page","type-page","status-publish","hentry"],"yoast_head":"<!-- This site is optimized with the Yoast SEO plugin v27.4 - https:\/\/yoast.com\/product\/yoast-seo-wordpress\/ -->\n<title>Amerika Birle\u015fik Devletleri&#039;ne seyahat etmek i\u00e7in hangi pasaportu kullanmal\u0131y\u0131m? - USA B2<\/title>\n<meta name=\"description\" content=\"Amerika Birle\u015fik Devletleri, Amerika Birle\u015fik Devletleri&#039;ne girmek isteyen yolcular i\u00e7in pasaport t\u00fcr\u00fcne ili\u015fkin belirli ko\u015fullar uygulamaktad\u0131r\" \/>\n<meta name=\"robots\" content=\"index, follow, max-snippet:-1, max-image-preview:large, max-video-preview:-1\" \/>\n<link rel=\"canonical\" href=\"https:\/\/usa-b2.com\/tr\/pasaport-seyahati-abd\/\" \/>\n<meta property=\"og:locale\" content=\"tr_TR\" \/>\n<meta property=\"og:type\" content=\"article\" \/>\n<meta property=\"og:title\" content=\"Amerika Birle\u015fik Devletleri&#039;ne seyahat etmek i\u00e7in hangi pasaportu kullanmal\u0131y\u0131m? - USA B2\" \/>\n<meta property=\"og:description\" content=\"Amerika Birle\u015fik Devletleri, Amerika Birle\u015fik Devletleri&#039;ne girmek isteyen yolcular i\u00e7in pasaport t\u00fcr\u00fcne ili\u015fkin belirli ko\u015fullar uygulamaktad\u0131r\" \/>\n<meta property=\"og:url\" content=\"https:\/\/usa-b2.com\/tr\/pasaport-seyahati-abd\/\" \/>\n<meta property=\"og:site_name\" content=\"USA B2\" \/>\n<meta property=\"article:modified_time\" content=\"2025-11-04T15:56:40+00:00\" \/>\n<meta name=\"twitter:card\" content=\"summary_large_image\" \/>\n<meta name=\"twitter:label1\" content=\"Tahmini okuma s\u00fcresi\" \/>\n\t<meta name=\"twitter:data1\" content=\"2 dakika\" \/>\n<script type=\"application\/ld+json\" class=\"yoast-schema-graph\">{\"@context\":\"https:\\\/\\\/schema.org\",\"@graph\":[{\"@type\":\"WebPage\",\"@id\":\"https:\\\/\\\/usa-b2.com\\\/tr\\\/pasaport-seyahati-abd\\\/\",\"url\":\"https:\\\/\\\/usa-b2.com\\\/tr\\\/pasaport-seyahati-abd\\\/\",\"name\":\"Amerika Birle\u015fik Devletleri'ne seyahat etmek i\u00e7in hangi pasaportu kullanmal\u0131y\u0131m? - USA B2\",\"isPartOf\":{\"@id\":\"https:\\\/\\\/usa-b2.com\\\/tr\\\/#website\"},\"datePublished\":\"2024-11-18T12:39:44+00:00\",\"dateModified\":\"2025-11-04T15:56:40+00:00\",\"description\":\"Amerika Birle\u015fik Devletleri, Amerika Birle\u015fik Devletleri'ne girmek isteyen yolcular i\u00e7in pasaport t\u00fcr\u00fcne ili\u015fkin belirli ko\u015fullar uygulamaktad\u0131r\",\"breadcrumb\":{\"@id\":\"https:\\\/\\\/usa-b2.com\\\/tr\\\/pasaport-seyahati-abd\\\/#breadcrumb\"},\"inLanguage\":\"tr\",\"potentialAction\":[{\"@type\":\"ReadAction\",\"target\":[\"https:\\\/\\\/usa-b2.com\\\/tr\\\/pasaport-seyahati-abd\\\/\"]}]},{\"@type\":\"BreadcrumbList\",\"@id\":\"https:\\\/\\\/usa-b2.com\\\/tr\\\/pasaport-seyahati-abd\\\/#breadcrumb\",\"itemListElement\":[{\"@type\":\"ListItem\",\"position\":1,\"name\":\"Accueil\",\"item\":\"https:\\\/\\\/usa-b2.com\\\/tr\\\/usa\\\/\"},{\"@type\":\"ListItem\",\"position\":2,\"name\":\"Amerika Birle\u015fik Devletleri&#8217;ne seyahat etmek i\u00e7in hangi pasaportu kullanmal\u0131y\u0131m?\"}]},{\"@type\":\"WebSite\",\"@id\":\"https:\\\/\\\/usa-b2.com\\\/tr\\\/#website\",\"url\":\"https:\\\/\\\/usa-b2.com\\\/tr\\\/\",\"name\":\"USA B2 VISA\",\"description\":\"\",\"potentialAction\":[{\"@type\":\"SearchAction\",\"target\":{\"@type\":\"EntryPoint\",\"urlTemplate\":\"https:\\\/\\\/usa-b2.com\\\/tr\\\/?s={search_term_string}\"},\"query-input\":{\"@type\":\"PropertyValueSpecification\",\"valueRequired\":true,\"valueName\":\"search_term_string\"}}],\"inLanguage\":\"tr\"}]}<\/script>\n<!-- \/ Yoast SEO plugin. -->","yoast_head_json":{"title":"Amerika Birle\u015fik Devletleri'ne seyahat etmek i\u00e7in hangi pasaportu kullanmal\u0131y\u0131m? - USA B2","description":"Amerika Birle\u015fik Devletleri, Amerika Birle\u015fik Devletleri'ne girmek isteyen yolcular i\u00e7in pasaport t\u00fcr\u00fcne ili\u015fkin belirli ko\u015fullar uygulamaktad\u0131r","robots":{"index":"index","follow":"follow","max-snippet":"max-snippet:-1","max-image-preview":"max-image-preview:large","max-video-preview":"max-video-preview:-1"},"canonical":"https:\/\/usa-b2.com\/tr\/pasaport-seyahati-abd\/","og_locale":"tr_TR","og_type":"article","og_title":"Amerika Birle\u015fik Devletleri'ne seyahat etmek i\u00e7in hangi pasaportu kullanmal\u0131y\u0131m? - USA B2","og_description":"Amerika Birle\u015fik Devletleri, Amerika Birle\u015fik Devletleri'ne girmek isteyen yolcular i\u00e7in pasaport t\u00fcr\u00fcne ili\u015fkin belirli ko\u015fullar uygulamaktad\u0131r","og_url":"https:\/\/usa-b2.com\/tr\/pasaport-seyahati-abd\/","og_site_name":"USA B2","article_modified_time":"2025-11-04T15:56:40+00:00","twitter_card":"summary_large_image","twitter_misc":{"Tahmini okuma s\u00fcresi":"2 dakika"},"schema":{"@context":"https:\/\/schema.org","@graph":[{"@type":"WebPage","@id":"https:\/\/usa-b2.com\/tr\/pasaport-seyahati-abd\/","url":"https:\/\/usa-b2.com\/tr\/pasaport-seyahati-abd\/","name":"Amerika Birle\u015fik Devletleri'ne seyahat etmek i\u00e7in hangi pasaportu kullanmal\u0131y\u0131m? - USA B2","isPartOf":{"@id":"https:\/\/usa-b2.com\/tr\/#website"},"datePublished":"2024-11-18T12:39:44+00:00","dateModified":"2025-11-04T15:56:40+00:00","description":"Amerika Birle\u015fik Devletleri, Amerika Birle\u015fik Devletleri'ne girmek isteyen yolcular i\u00e7in pasaport t\u00fcr\u00fcne ili\u015fkin belirli ko\u015fullar uygulamaktad\u0131r","breadcrumb":{"@id":"https:\/\/usa-b2.com\/tr\/pasaport-seyahati-abd\/#breadcrumb"},"inLanguage":"tr","potentialAction":[{"@type":"ReadAction","target":["https:\/\/usa-b2.com\/tr\/pasaport-seyahati-abd\/"]}]},{"@type":"BreadcrumbList","@id":"https:\/\/usa-b2.com\/tr\/pasaport-seyahati-abd\/#breadcrumb","itemListElement":[{"@type":"ListItem","position":1,"name":"Accueil","item":"https:\/\/usa-b2.com\/tr\/usa\/"},{"@type":"ListItem","position":2,"name":"Amerika Birle\u015fik Devletleri&#8217;ne seyahat etmek i\u00e7in hangi pasaportu kullanmal\u0131y\u0131m?"}]},{"@type":"WebSite","@id":"https:\/\/usa-b2.com\/tr\/#website","url":"https:\/\/usa-b2.com\/tr\/","name":"USA B2 VISA","description":"","potentialAction":[{"@type":"SearchAction","target":{"@type":"EntryPoint","urlTemplate":"https:\/\/usa-b2.com\/tr\/?s={search_term_string}"},"query-input":{"@type":"PropertyValueSpecification","valueRequired":true,"valueName":"search_term_string"}}],"inLanguage":"tr"}]}},"_links":{"self":[{"href":"https:\/\/usa-b2.com\/tr\/wp-json\/wp\/v2\/pages\/4541","targetHints":{"allow":["GET"]}}],"collection":[{"href":"https:\/\/usa-b2.com\/tr\/wp-json\/wp\/v2\/pages"}],"about":[{"href":"https:\/\/usa-b2.com\/tr\/wp-json\/wp\/v2\/types\/page"}],"author":[{"embeddable":true,"href":"https:\/\/usa-b2.com\/tr\/wp-json\/wp\/v2\/users\/1"}],"replies":[{"embeddable":true,"href":"https:\/\/usa-b2.com\/tr\/wp-json\/wp\/v2\/comments?post=4541"}],"version-history":[{"count":2,"href":"https:\/\/usa-b2.com\/tr\/wp-json\/wp\/v2\/pages\/4541\/revisions"}],"predecessor-version":[{"id":10837,"href":"https:\/\/usa-b2.com\/tr\/wp-json\/wp\/v2\/pages\/4541\/revisions\/10837"}],"wp:attachment":[{"href":"https:\/\/usa-b2.com\/tr\/wp-json\/wp\/v2\/media?parent=4541"}],"curies":[{"name":"wp","href":"https:\/\/api.w.org\/{rel}","templated":true}]}}