{"id":3344,"date":"2024-07-17T10:04:38","date_gmt":"2024-07-17T10:04:38","guid":{"rendered":"https:\/\/usa-b2.com\/nedir-bir-esta\/"},"modified":"2025-12-24T15:49:04","modified_gmt":"2025-12-24T15:49:04","slug":"nedir-bir-esta","status":"publish","type":"page","link":"https:\/\/usa-b2.com\/tr\/nedir-bir-esta\/","title":{"rendered":"ESTA yetkilendirmesi nedir?"},"content":{"rendered":"\n<h1 class=\"wp-block-heading\">ESTA nedir?<\/h1>\n\n<p>ESTA, Seyahat \u0130zni i\u00e7in Elektronik Sistem anlam\u0131na gelmektedir. Bu, ABD taraf\u0131ndan yolcular\u0131n \u00fclkeye girmeden \u00f6nce \u00f6n taramadan ge\u00e7irilmesi i\u00e7in kurulan elektronik bir sistemdir. Bu program, ABD Vize Muafiyet Program\u0131&#8217;n\u0131n bir par\u00e7as\u0131 olarak uygulamaya konmu\u015ftur. Bu program, 41 \u00fclkenin vatanda\u015flar\u0131n\u0131n vize almadan 90 g\u00fcne kadar kalmak \u00fczere Amerika Birle\u015fik Devletleri&#8217;ne seyahat etmelerine olanak sa\u011flamaktad\u0131r.     <\/p>\n\n<p><strong>Sadece birka\u00e7 dakika i\u00e7inde seyahat izni almak i\u00e7in<\/strong> <a href=\"https:\/\/usa-b2.com\/tr\/esta-formunu-cevrimici\/\">ESTA formunu \u00e7evrimi\u00e7i<\/a> olarak doldurman\u0131z yeterlidir.<\/p>\n\n<div style=\"height:10px\" aria-hidden=\"true\" class=\"wp-block-spacer\"><\/div>\n\n<h2 class=\"wp-block-heading\">ESTA nas\u0131l \u00e7al\u0131\u015f\u0131r?<\/h2>\n\n<p>ESTA, Amerika Birle\u015fik Devletleri&#8217;ne seyahati basitle\u015ftirmek ve g\u00fcvence alt\u0131na almak i\u00e7in tasarlanm\u0131\u015ft\u0131r. \u015e\u00f6yle \u00e7al\u0131\u015f\u0131yor: <\/p>\n\n<ol class=\"wp-block-list\">\n<li><strong>Online ba\u015fvuru<\/strong>: Yolcular <a href=\"https:\/\/usa-b2.com\/tr\/esta-formunu-cevrimici\/\">ESTA formunu<\/a> resmi ESTA web sitesinde online olarak doldurmal\u0131d\u0131r. Formda ki\u015fisel bilgiler, seyahatin ayr\u0131nt\u0131lar\u0131 ve g\u00fcvenlik sorular\u0131n\u0131n yan\u0131tlar\u0131 istenmektedir.<\/li>\n\n\n\n<li><strong>ESTA \u00fccretlerinin \u00f6denmesi:<\/strong> Form doldurulduktan sonra, ba\u015fvuru sahiplerinin ESTA ba\u015fvurular\u0131n\u0131 sonu\u00e7land\u0131rmak i\u00e7in kredi kart\u0131yla \u00e7evrimi\u00e7i olarak 40 USD \u00fccret \u00f6demeleri gerekmektedir.<\/li>\n\n\n\n<li><strong>Ba\u015fvuru i\u015flemleri<\/strong>: ESTA ba\u015fvurular\u0131 \u00e7ok h\u0131zl\u0131 bir \u015fekilde i\u015fleme al\u0131nmaktad\u0131r. \u00c7o\u011fu talep birka\u00e7 dakika i\u00e7inde i\u015fleme al\u0131n\u0131r, ancak talebin kalk\u0131\u015ftan en az 72 saat \u00f6nce iletilmesi tavsiye edilir. <\/li>\n\n\n\n<li><strong>ESTA izninin al\u0131nmas\u0131<\/strong>: Ba\u015fvuru onaylan\u0131rsa, <a href=\"https:\/\/usa-b2.com\/tr\/gecerlilik-suresi-esta\/\">ESTA izni iki y\u0131l boyunca veya<\/a> pasaportun s\u00fcresi dolana kadar ge\u00e7erlidir. <a href=\"https:\/\/usa-b2.com\/tr\/esta-yi-yazdir\/\">ESTA sertifikas\u0131n\u0131n \u00e7\u0131kt\u0131s\u0131 al\u0131nabilir<\/a> ve 90 g\u00fcne kadar birden fazla kal\u0131\u015fa izin verir.<\/li>\n<\/ol>\n\n<h3 class=\"wp-block-heading\">VWP Uygun \u00dclkeler<\/h3>\n\n<p>ESTA, <a href=\"https:\/\/usa-b2.com\/tr\/vize-verme-programi\/\">Vize Muafiyet Program\u0131na<\/a> kat\u0131lan \u00fclkelerin vatanda\u015flar\u0131 taraf\u0131ndan kullan\u0131labilir. Uygun 41 \u00fclkeden olu\u015fan listede Avrupa&#8217;n\u0131n b\u00fcy\u00fck bir k\u0131sm\u0131, Japonya, G\u00fcney Kore, Avustralya ve \u0130srail de dahil olmak \u00fczere di\u011fer baz\u0131 \u00fclkeler yer al\u0131yor.  <\/p>\n\n<h3 class=\"wp-block-heading\">ESTA uygunluk \u015fartlar\u0131<\/h3>\n\n<p>ESTA&#8217;ya uygun olmak i\u00e7in yolcular\u0131n \u015funlar\u0131 yapmas\u0131 gerekir<\/p>\n\n<ul class=\"wp-block-list\">\n<li>Vize Muafiyet Program\u0131na kat\u0131lan bir \u00fclkenin vatanda\u015f\u0131 olmak;<\/li>\n\n\n\n<li>ABD i\u00e7in ge\u00e7erli bir <a href=\"https:\/\/usa-b2.com\/tr\/vize-b2\/\">B2 turist vizesine<\/a> veya <a href=\"https:\/\/usa-b2.com\/tr\/vize-transit-abd\/\">transit vizeye<\/a> sahip olmamak;<\/li>\n\n\n\n<li>\u0130\u015f, turizm veya transit ge\u00e7i\u015f i\u00e7in 90 g\u00fcn veya daha az kalmay\u0131 \u00f6ng\u00f6r\u00fcyorsan\u0131z;<\/li>\n\n\n\n<li><a href=\"https:\/\/usa-b2.com\/tr\/pasaport-seyahati-abd\/\">Ge\u00e7erli bir e-pasaport<\/a>.<\/li>\n<\/ul>\n\n<h3 class=\"wp-block-heading\">ESTA&#8217;n\u0131n Avantajlar\u0131<\/h3>\n\n<ul class=\"wp-block-list\">\n<li><strong>H\u0131z ve kolayl\u0131k<\/strong>: \u00c7evrimi\u00e7i s\u00fcre\u00e7 h\u0131zl\u0131 ve kolayd\u0131r, bu da bir el\u00e7ilik veya konsoloslu\u011fa gitmek zorunda kalmadan seyahat izni almay\u0131 m\u00fcmk\u00fcn k\u0131lar.<\/li>\n\n\n\n<li><strong>2 y\u0131l ge\u00e7erlidir<\/strong>: Onayland\u0131ktan sonra <a href=\"https:\/\/usa-b2.com\/tr\/gecerlilik-suresi-esta\/\">ESTA yetkisi iki y\u0131l boyunca ge\u00e7erlidir<\/a> ve her seyahat i\u00e7in yeni ba\u015fvurulara gerek kalmadan Amerika Birle\u015fik Devletleri&#8217;ne birden fazla giri\u015fe izin verir.<\/li>\n\n\n\n<li><strong>Geli\u015ftirilmi\u015f g\u00fcvenlik<\/strong>: ESTA, ABD makamlar\u0131n\u0131n yolcular\u0131 taramas\u0131n\u0131 ve s\u0131n\u0131r g\u00fcvenli\u011fini geli\u015ftirmesini sa\u011flar.<\/li>\n<\/ul>\n\n<div style=\"height:10px\" aria-hidden=\"true\" class=\"wp-block-spacer\"><\/div>\n","protected":false},"excerpt":{"rendered":"<p>ESTA nedir? ESTA, Seyahat \u0130zni i\u00e7in Elektronik Sistem anlam\u0131na gelmektedir. Bu, ABD taraf\u0131ndan yolcular\u0131n \u00fclkeye girmeden \u00f6nce \u00f6n taramadan ge\u00e7irilmesi i\u00e7in kurulan elektronik bir sistemdir. Bu program, ABD Vize Muafiyet Program\u0131&#8217;n\u0131n bir par\u00e7as\u0131 olarak uygulamaya konmu\u015ftur. Bu program, 41 \u00fclkenin vatanda\u015flar\u0131n\u0131n vize almadan 90 g\u00fcne kadar kalmak \u00fczere Amerika Birle\u015fik Devletleri&#8217;ne seyahat etmelerine olanak sa\u011flamaktad\u0131r. [&hellip;]<\/p>\n","protected":false},"author":1,"featured_media":0,"parent":0,"menu_order":0,"comment_status":"closed","ping_status":"closed","template":"","meta":{"footnotes":""},"class_list":["post-3344","page","type-page","status-publish","hentry"],"yoast_head":"<!-- This site is optimized with the Yoast SEO plugin v27.4 - https:\/\/yoast.com\/product\/yoast-seo-wordpress\/ -->\n<title>ESTA yetkilendirmesi nedir? - USA B2<\/title>\n<meta name=\"description\" content=\"Amerika Birle\u015fik Devletleri&#039;ni ziyaret etmek i\u00e7in ESTA elektronik seyahat izninin ne oldu\u011funu ayr\u0131nt\u0131l\u0131 olarak a\u00e7\u0131kl\u0131yoruz\" \/>\n<meta name=\"robots\" content=\"index, follow, max-snippet:-1, max-image-preview:large, max-video-preview:-1\" \/>\n<link rel=\"canonical\" href=\"https:\/\/usa-b2.com\/tr\/nedir-bir-esta\/\" \/>\n<meta property=\"og:locale\" content=\"tr_TR\" \/>\n<meta property=\"og:type\" content=\"article\" \/>\n<meta property=\"og:title\" content=\"ESTA yetkilendirmesi nedir? - USA B2\" \/>\n<meta property=\"og:description\" content=\"Amerika Birle\u015fik Devletleri&#039;ni ziyaret etmek i\u00e7in ESTA elektronik seyahat izninin ne oldu\u011funu ayr\u0131nt\u0131l\u0131 olarak a\u00e7\u0131kl\u0131yoruz\" \/>\n<meta property=\"og:url\" content=\"https:\/\/usa-b2.com\/tr\/nedir-bir-esta\/\" \/>\n<meta property=\"og:site_name\" content=\"USA B2\" \/>\n<meta property=\"article:modified_time\" content=\"2025-12-24T15:49:04+00:00\" \/>\n<meta name=\"twitter:card\" content=\"summary_large_image\" \/>\n<meta name=\"twitter:label1\" content=\"Tahmini okuma s\u00fcresi\" \/>\n\t<meta name=\"twitter:data1\" content=\"2 dakika\" \/>\n<script type=\"application\/ld+json\" class=\"yoast-schema-graph\">{\"@context\":\"https:\\\/\\\/schema.org\",\"@graph\":[{\"@type\":\"WebPage\",\"@id\":\"https:\\\/\\\/usa-b2.com\\\/tr\\\/nedir-bir-esta\\\/\",\"url\":\"https:\\\/\\\/usa-b2.com\\\/tr\\\/nedir-bir-esta\\\/\",\"name\":\"ESTA yetkilendirmesi nedir? - USA B2\",\"isPartOf\":{\"@id\":\"https:\\\/\\\/usa-b2.com\\\/tr\\\/#website\"},\"datePublished\":\"2024-07-17T10:04:38+00:00\",\"dateModified\":\"2025-12-24T15:49:04+00:00\",\"description\":\"Amerika Birle\u015fik Devletleri'ni ziyaret etmek i\u00e7in ESTA elektronik seyahat izninin ne oldu\u011funu ayr\u0131nt\u0131l\u0131 olarak a\u00e7\u0131kl\u0131yoruz\",\"breadcrumb\":{\"@id\":\"https:\\\/\\\/usa-b2.com\\\/tr\\\/nedir-bir-esta\\\/#breadcrumb\"},\"inLanguage\":\"tr\",\"potentialAction\":[{\"@type\":\"ReadAction\",\"target\":[\"https:\\\/\\\/usa-b2.com\\\/tr\\\/nedir-bir-esta\\\/\"]}]},{\"@type\":\"BreadcrumbList\",\"@id\":\"https:\\\/\\\/usa-b2.com\\\/tr\\\/nedir-bir-esta\\\/#breadcrumb\",\"itemListElement\":[{\"@type\":\"ListItem\",\"position\":1,\"name\":\"Accueil\",\"item\":\"https:\\\/\\\/usa-b2.com\\\/tr\\\/usa\\\/\"},{\"@type\":\"ListItem\",\"position\":2,\"name\":\"ESTA yetkilendirmesi nedir?\"}]},{\"@type\":\"WebSite\",\"@id\":\"https:\\\/\\\/usa-b2.com\\\/tr\\\/#website\",\"url\":\"https:\\\/\\\/usa-b2.com\\\/tr\\\/\",\"name\":\"USA B2 VISA\",\"description\":\"\",\"potentialAction\":[{\"@type\":\"SearchAction\",\"target\":{\"@type\":\"EntryPoint\",\"urlTemplate\":\"https:\\\/\\\/usa-b2.com\\\/tr\\\/?s={search_term_string}\"},\"query-input\":{\"@type\":\"PropertyValueSpecification\",\"valueRequired\":true,\"valueName\":\"search_term_string\"}}],\"inLanguage\":\"tr\"}]}<\/script>\n<!-- \/ Yoast SEO plugin. -->","yoast_head_json":{"title":"ESTA yetkilendirmesi nedir? - USA B2","description":"Amerika Birle\u015fik Devletleri'ni ziyaret etmek i\u00e7in ESTA elektronik seyahat izninin ne oldu\u011funu ayr\u0131nt\u0131l\u0131 olarak a\u00e7\u0131kl\u0131yoruz","robots":{"index":"index","follow":"follow","max-snippet":"max-snippet:-1","max-image-preview":"max-image-preview:large","max-video-preview":"max-video-preview:-1"},"canonical":"https:\/\/usa-b2.com\/tr\/nedir-bir-esta\/","og_locale":"tr_TR","og_type":"article","og_title":"ESTA yetkilendirmesi nedir? - USA B2","og_description":"Amerika Birle\u015fik Devletleri'ni ziyaret etmek i\u00e7in ESTA elektronik seyahat izninin ne oldu\u011funu ayr\u0131nt\u0131l\u0131 olarak a\u00e7\u0131kl\u0131yoruz","og_url":"https:\/\/usa-b2.com\/tr\/nedir-bir-esta\/","og_site_name":"USA B2","article_modified_time":"2025-12-24T15:49:04+00:00","twitter_card":"summary_large_image","twitter_misc":{"Tahmini okuma s\u00fcresi":"2 dakika"},"schema":{"@context":"https:\/\/schema.org","@graph":[{"@type":"WebPage","@id":"https:\/\/usa-b2.com\/tr\/nedir-bir-esta\/","url":"https:\/\/usa-b2.com\/tr\/nedir-bir-esta\/","name":"ESTA yetkilendirmesi nedir? - USA B2","isPartOf":{"@id":"https:\/\/usa-b2.com\/tr\/#website"},"datePublished":"2024-07-17T10:04:38+00:00","dateModified":"2025-12-24T15:49:04+00:00","description":"Amerika Birle\u015fik Devletleri'ni ziyaret etmek i\u00e7in ESTA elektronik seyahat izninin ne oldu\u011funu ayr\u0131nt\u0131l\u0131 olarak a\u00e7\u0131kl\u0131yoruz","breadcrumb":{"@id":"https:\/\/usa-b2.com\/tr\/nedir-bir-esta\/#breadcrumb"},"inLanguage":"tr","potentialAction":[{"@type":"ReadAction","target":["https:\/\/usa-b2.com\/tr\/nedir-bir-esta\/"]}]},{"@type":"BreadcrumbList","@id":"https:\/\/usa-b2.com\/tr\/nedir-bir-esta\/#breadcrumb","itemListElement":[{"@type":"ListItem","position":1,"name":"Accueil","item":"https:\/\/usa-b2.com\/tr\/usa\/"},{"@type":"ListItem","position":2,"name":"ESTA yetkilendirmesi nedir?"}]},{"@type":"WebSite","@id":"https:\/\/usa-b2.com\/tr\/#website","url":"https:\/\/usa-b2.com\/tr\/","name":"USA B2 VISA","description":"","potentialAction":[{"@type":"SearchAction","target":{"@type":"EntryPoint","urlTemplate":"https:\/\/usa-b2.com\/tr\/?s={search_term_string}"},"query-input":{"@type":"PropertyValueSpecification","valueRequired":true,"valueName":"search_term_string"}}],"inLanguage":"tr"}]}},"_links":{"self":[{"href":"https:\/\/usa-b2.com\/tr\/wp-json\/wp\/v2\/pages\/3344","targetHints":{"allow":["GET"]}}],"collection":[{"href":"https:\/\/usa-b2.com\/tr\/wp-json\/wp\/v2\/pages"}],"about":[{"href":"https:\/\/usa-b2.com\/tr\/wp-json\/wp\/v2\/types\/page"}],"author":[{"embeddable":true,"href":"https:\/\/usa-b2.com\/tr\/wp-json\/wp\/v2\/users\/1"}],"replies":[{"embeddable":true,"href":"https:\/\/usa-b2.com\/tr\/wp-json\/wp\/v2\/comments?post=3344"}],"version-history":[{"count":3,"href":"https:\/\/usa-b2.com\/tr\/wp-json\/wp\/v2\/pages\/3344\/revisions"}],"predecessor-version":[{"id":10940,"href":"https:\/\/usa-b2.com\/tr\/wp-json\/wp\/v2\/pages\/3344\/revisions\/10940"}],"wp:attachment":[{"href":"https:\/\/usa-b2.com\/tr\/wp-json\/wp\/v2\/media?parent=3344"}],"curies":[{"name":"wp","href":"https:\/\/api.w.org\/{rel}","templated":true}]}}