{"id":2749,"date":"2024-06-25T10:10:23","date_gmt":"2024-06-25T10:10:23","guid":{"rendered":"https:\/\/usa-b2.com\/gecerlilik-suresi-esta\/"},"modified":"2025-10-13T13:40:55","modified_gmt":"2025-10-13T13:40:55","slug":"gecerlilik-suresi-esta","status":"publish","type":"page","link":"https:\/\/usa-b2.com\/tr\/gecerlilik-suresi-esta\/","title":{"rendered":"ESTA&#8217;n\u0131n s\u0131n\u0131rl\u0131 bir ge\u00e7erlilik s\u00fcresi vard\u0131r"},"content":{"rendered":"\n<h1 class=\"wp-block-heading\">ESTA izni ne kadar s\u00fcreyle ge\u00e7erlidir?<\/h1>\n\n<p>ESTA seyahat izninin s\u0131n\u0131rl\u0131 bir ge\u00e7erlilik tarihi vard\u0131r. Amerika Birle\u015fik Devletleri&#8217;ne y\u00f6nelik ESTA izninizi yenilemek i\u00e7in <a href=\"https:\/\/usa-b2.com\/tr\/esta-formunu-cevrimici\/\">ESTA formunu \u00e7evrimi\u00e7i<\/a> olarak doldurman\u0131z yeterlidir. <\/p>\n\n<div style=\"height:10px\" aria-hidden=\"true\" class=\"wp-block-spacer\"><\/div>\n\n<h2 class=\"wp-block-heading\">ESTA ne kadar s\u00fcreyle ge\u00e7erlidir?<\/h2>\n\n<p>ESTA izinleri ba\u015flang\u0131\u00e7ta 2 y\u0131l s\u00fcreyle ge\u00e7erlidir. Bu s\u00fcre zarf\u0131nda, yolcular yeni bir ba\u015fvuru yapmadan Amerika Birle\u015fik Devletleri&#8217;ne birka\u00e7 ziyarette bulunabilirler. Amerika Birle\u015fik Devletleri&#8217;nde her kal\u0131\u015f 90 g\u00fcn\u00fc ge\u00e7memelidir.  <\/p>\n\n<h2 class=\"wp-block-heading\">Ge\u00e7erlilik s\u00fcresi ne zaman k\u0131sal\u0131r?<\/h2>\n\n<p>ESTA&#8217;n\u0131n ge\u00e7erlilik s\u00fcresi belirli durumlarda azalt\u0131labilir. ESTA&#8217;n\u0131n erken feshedilmesinin \u00fc\u00e7 ana nedeni \u015funlard\u0131r: <\/p>\n\n<ol class=\"wp-block-list\">\n<li><strong>ESTA almak i\u00e7in sa\u011flanan ki\u015fisel bilgilerden baz\u0131lar\u0131 art\u0131k ge\u00e7erli olmad<\/strong>\u0131\u011f\u0131nda. ESTA sahibinin ad\u0131, cinsiyeti veya uyru\u011fu de\u011fi\u015firse, ESTA art\u0131k ge\u00e7erli de\u011fildir ve g\u00fcncellenmi\u015f ki\u015fisel bilgiler kullan\u0131larak yeni bir ESTA ba\u015fvurusu yap\u0131lmal\u0131d\u0131r. <\/li>\n\n\n\n<li><strong>ESTA almak i\u00e7in kullan\u0131lan pasaportun s\u00fcresi doldu\u011funda<\/strong>. ESTA, ilk ba\u015fvuru i\u00e7in kullan\u0131lan pasaportla ba\u011flant\u0131l\u0131d\u0131r. Bu pasaportun s\u00fcresinin dolmas\u0131 halinde ESTA otomatik olarak ge\u00e7erlili\u011fini yitirecektir. Yolcunun <a href=\"https:\/\/usa-b2.com\/fr\/passeport-pour-voyager-aux-usa\/\">ABD i\u00e7in ge\u00e7erli yeni pasaportu<\/a> ile yeni bir ESTA ba\u015fvurusu yapmas\u0131 gerekmektedir.   <\/li>\n\n\n\n<li><strong>ESTA ba\u015fvurusundaki g\u00fcvenlik sorular\u0131na verilen yan\u0131tlar art\u0131k ge\u00e7erli olmad\u0131\u011f\u0131nda<\/strong>. ESTA formundaki ki\u015fisel sorulara verilen yan\u0131tlar art\u0131k ge\u00e7erli de\u011filse, ESTA art\u0131k ge\u00e7erli de\u011fildir. ESTA formundaki sa\u011fl\u0131k ve g\u00fcvenlik sorular\u0131n\u0131n yan\u0131tlar\u0131n\u0131 g\u00fcncelleyerek resmi ESTA web sitesinde seyahat izni i\u00e7in yeniden ba\u015fvurman\u0131z gerekir.  <\/li>\n<\/ol>\n\n<div style=\"height:10px\" aria-hidden=\"true\" class=\"wp-block-spacer\"><\/div>\n\n<h2 class=\"wp-block-heading\">ABD&#8217;de kal\u0131\u015f s\u0131ras\u0131nda ESTA izninin sona ermesi<\/h2>\n\n<p>Amerika Birle\u015fik Devletleri&#8217;nde kal\u0131\u015f s\u0131ras\u0131nda bir ESTA izninin s\u00fcresi doldu\u011funda, seyahat eden ki\u015fi ABD h\u00fck\u00fcmeti taraf\u0131ndan 90 g\u00fcnl\u00fck s\u00fcre s\u0131n\u0131r\u0131 i\u00e7inde ABD&#8217;deki kal\u0131\u015f\u0131n\u0131 tamamlama yetkisine sahip olur. S\u00fcresi dolmu\u015f bir ESTA ile Amerika Birle\u015fik Devletleri&#8217;nden ayr\u0131lmak genellikle sorunsuz ger\u00e7ekle\u015fir.<\/p>\n\n<p>Ancak, ABD&#8217;de 90 g\u00fcnden fazla kalmay\u0131 planl\u0131yorsan\u0131z, <a href=\"https:\/\/usa-b2.com\/tr\/vize-b2\/\">B2 turist vizesi<\/a> alman\u0131z gerekir. \u0130zin verilen 90 g\u00fcnl\u00fck kal\u0131\u015f s\u00fcresinin a\u015f\u0131lmas\u0131 Amerikan makamlar\u0131 taraf\u0131ndan hi\u00e7 ho\u015f kar\u015f\u0131lanmamaktad\u0131r.<\/p>\n","protected":false},"excerpt":{"rendered":"<p>ESTA izni ne kadar s\u00fcreyle ge\u00e7erlidir? ESTA seyahat izninin s\u0131n\u0131rl\u0131 bir ge\u00e7erlilik tarihi vard\u0131r. Amerika Birle\u015fik Devletleri&#8217;ne y\u00f6nelik ESTA izninizi yenilemek i\u00e7in ESTA formunu \u00e7evrimi\u00e7i olarak doldurman\u0131z yeterlidir. ESTA ne kadar s\u00fcreyle ge\u00e7erlidir? ESTA izinleri ba\u015flang\u0131\u00e7ta 2 y\u0131l s\u00fcreyle ge\u00e7erlidir. Bu s\u00fcre zarf\u0131nda, yolcular yeni bir ba\u015fvuru yapmadan Amerika Birle\u015fik Devletleri&#8217;ne birka\u00e7 ziyarette bulunabilirler. Amerika [&hellip;]<\/p>\n","protected":false},"author":1,"featured_media":0,"parent":0,"menu_order":0,"comment_status":"closed","ping_status":"closed","template":"","meta":{"footnotes":""},"class_list":["post-2749","page","type-page","status-publish","hentry"],"yoast_head":"<!-- This site is optimized with the Yoast SEO plugin v27.4 - https:\/\/yoast.com\/product\/yoast-seo-wordpress\/ -->\n<title>ESTA&#039;n\u0131n s\u0131n\u0131rl\u0131 bir ge\u00e7erlilik s\u00fcresi vard\u0131r - USA B2<\/title>\n<meta name=\"description\" content=\"ESTA izinleri s\u0131n\u0131rl\u0131 bir s\u00fcre i\u00e7in ge\u00e7erlidir, bu nedenle seyahate \u00e7\u0131kmadan \u00f6nce ge\u00e7erliliklerini kontrol etmek \u00f6nemlidir.\" \/>\n<meta name=\"robots\" content=\"index, follow, max-snippet:-1, max-image-preview:large, max-video-preview:-1\" \/>\n<link rel=\"canonical\" href=\"https:\/\/usa-b2.com\/tr\/gecerlilik-suresi-esta\/\" \/>\n<meta property=\"og:locale\" content=\"tr_TR\" \/>\n<meta property=\"og:type\" content=\"article\" \/>\n<meta property=\"og:title\" content=\"ESTA&#039;n\u0131n s\u0131n\u0131rl\u0131 bir ge\u00e7erlilik s\u00fcresi vard\u0131r - USA B2\" \/>\n<meta property=\"og:description\" content=\"ESTA izinleri s\u0131n\u0131rl\u0131 bir s\u00fcre i\u00e7in ge\u00e7erlidir, bu nedenle seyahate \u00e7\u0131kmadan \u00f6nce ge\u00e7erliliklerini kontrol etmek \u00f6nemlidir.\" \/>\n<meta property=\"og:url\" content=\"https:\/\/usa-b2.com\/tr\/gecerlilik-suresi-esta\/\" \/>\n<meta property=\"og:site_name\" content=\"USA B2\" \/>\n<meta property=\"article:modified_time\" content=\"2025-10-13T13:40:55+00:00\" \/>\n<meta name=\"twitter:card\" content=\"summary_large_image\" \/>\n<meta name=\"twitter:label1\" content=\"Tahmini okuma s\u00fcresi\" \/>\n\t<meta name=\"twitter:data1\" content=\"2 dakika\" \/>\n<script type=\"application\/ld+json\" class=\"yoast-schema-graph\">{\"@context\":\"https:\\\/\\\/schema.org\",\"@graph\":[{\"@type\":\"WebPage\",\"@id\":\"https:\\\/\\\/usa-b2.com\\\/tr\\\/gecerlilik-suresi-esta\\\/\",\"url\":\"https:\\\/\\\/usa-b2.com\\\/tr\\\/gecerlilik-suresi-esta\\\/\",\"name\":\"ESTA'n\u0131n s\u0131n\u0131rl\u0131 bir ge\u00e7erlilik s\u00fcresi vard\u0131r - USA B2\",\"isPartOf\":{\"@id\":\"https:\\\/\\\/usa-b2.com\\\/tr\\\/#website\"},\"datePublished\":\"2024-06-25T10:10:23+00:00\",\"dateModified\":\"2025-10-13T13:40:55+00:00\",\"description\":\"ESTA izinleri s\u0131n\u0131rl\u0131 bir s\u00fcre i\u00e7in ge\u00e7erlidir, bu nedenle seyahate \u00e7\u0131kmadan \u00f6nce ge\u00e7erliliklerini kontrol etmek \u00f6nemlidir.\",\"breadcrumb\":{\"@id\":\"https:\\\/\\\/usa-b2.com\\\/tr\\\/gecerlilik-suresi-esta\\\/#breadcrumb\"},\"inLanguage\":\"tr\",\"potentialAction\":[{\"@type\":\"ReadAction\",\"target\":[\"https:\\\/\\\/usa-b2.com\\\/tr\\\/gecerlilik-suresi-esta\\\/\"]}]},{\"@type\":\"BreadcrumbList\",\"@id\":\"https:\\\/\\\/usa-b2.com\\\/tr\\\/gecerlilik-suresi-esta\\\/#breadcrumb\",\"itemListElement\":[{\"@type\":\"ListItem\",\"position\":1,\"name\":\"Accueil\",\"item\":\"https:\\\/\\\/usa-b2.com\\\/tr\\\/usa\\\/\"},{\"@type\":\"ListItem\",\"position\":2,\"name\":\"ESTA&#8217;n\u0131n s\u0131n\u0131rl\u0131 bir ge\u00e7erlilik s\u00fcresi vard\u0131r\"}]},{\"@type\":\"WebSite\",\"@id\":\"https:\\\/\\\/usa-b2.com\\\/tr\\\/#website\",\"url\":\"https:\\\/\\\/usa-b2.com\\\/tr\\\/\",\"name\":\"USA B2 VISA\",\"description\":\"\",\"potentialAction\":[{\"@type\":\"SearchAction\",\"target\":{\"@type\":\"EntryPoint\",\"urlTemplate\":\"https:\\\/\\\/usa-b2.com\\\/tr\\\/?s={search_term_string}\"},\"query-input\":{\"@type\":\"PropertyValueSpecification\",\"valueRequired\":true,\"valueName\":\"search_term_string\"}}],\"inLanguage\":\"tr\"}]}<\/script>\n<!-- \/ Yoast SEO plugin. -->","yoast_head_json":{"title":"ESTA'n\u0131n s\u0131n\u0131rl\u0131 bir ge\u00e7erlilik s\u00fcresi vard\u0131r - USA B2","description":"ESTA izinleri s\u0131n\u0131rl\u0131 bir s\u00fcre i\u00e7in ge\u00e7erlidir, bu nedenle seyahate \u00e7\u0131kmadan \u00f6nce ge\u00e7erliliklerini kontrol etmek \u00f6nemlidir.","robots":{"index":"index","follow":"follow","max-snippet":"max-snippet:-1","max-image-preview":"max-image-preview:large","max-video-preview":"max-video-preview:-1"},"canonical":"https:\/\/usa-b2.com\/tr\/gecerlilik-suresi-esta\/","og_locale":"tr_TR","og_type":"article","og_title":"ESTA'n\u0131n s\u0131n\u0131rl\u0131 bir ge\u00e7erlilik s\u00fcresi vard\u0131r - USA B2","og_description":"ESTA izinleri s\u0131n\u0131rl\u0131 bir s\u00fcre i\u00e7in ge\u00e7erlidir, bu nedenle seyahate \u00e7\u0131kmadan \u00f6nce ge\u00e7erliliklerini kontrol etmek \u00f6nemlidir.","og_url":"https:\/\/usa-b2.com\/tr\/gecerlilik-suresi-esta\/","og_site_name":"USA B2","article_modified_time":"2025-10-13T13:40:55+00:00","twitter_card":"summary_large_image","twitter_misc":{"Tahmini okuma s\u00fcresi":"2 dakika"},"schema":{"@context":"https:\/\/schema.org","@graph":[{"@type":"WebPage","@id":"https:\/\/usa-b2.com\/tr\/gecerlilik-suresi-esta\/","url":"https:\/\/usa-b2.com\/tr\/gecerlilik-suresi-esta\/","name":"ESTA'n\u0131n s\u0131n\u0131rl\u0131 bir ge\u00e7erlilik s\u00fcresi vard\u0131r - USA B2","isPartOf":{"@id":"https:\/\/usa-b2.com\/tr\/#website"},"datePublished":"2024-06-25T10:10:23+00:00","dateModified":"2025-10-13T13:40:55+00:00","description":"ESTA izinleri s\u0131n\u0131rl\u0131 bir s\u00fcre i\u00e7in ge\u00e7erlidir, bu nedenle seyahate \u00e7\u0131kmadan \u00f6nce ge\u00e7erliliklerini kontrol etmek \u00f6nemlidir.","breadcrumb":{"@id":"https:\/\/usa-b2.com\/tr\/gecerlilik-suresi-esta\/#breadcrumb"},"inLanguage":"tr","potentialAction":[{"@type":"ReadAction","target":["https:\/\/usa-b2.com\/tr\/gecerlilik-suresi-esta\/"]}]},{"@type":"BreadcrumbList","@id":"https:\/\/usa-b2.com\/tr\/gecerlilik-suresi-esta\/#breadcrumb","itemListElement":[{"@type":"ListItem","position":1,"name":"Accueil","item":"https:\/\/usa-b2.com\/tr\/usa\/"},{"@type":"ListItem","position":2,"name":"ESTA&#8217;n\u0131n s\u0131n\u0131rl\u0131 bir ge\u00e7erlilik s\u00fcresi vard\u0131r"}]},{"@type":"WebSite","@id":"https:\/\/usa-b2.com\/tr\/#website","url":"https:\/\/usa-b2.com\/tr\/","name":"USA B2 VISA","description":"","potentialAction":[{"@type":"SearchAction","target":{"@type":"EntryPoint","urlTemplate":"https:\/\/usa-b2.com\/tr\/?s={search_term_string}"},"query-input":{"@type":"PropertyValueSpecification","valueRequired":true,"valueName":"search_term_string"}}],"inLanguage":"tr"}]}},"_links":{"self":[{"href":"https:\/\/usa-b2.com\/tr\/wp-json\/wp\/v2\/pages\/2749","targetHints":{"allow":["GET"]}}],"collection":[{"href":"https:\/\/usa-b2.com\/tr\/wp-json\/wp\/v2\/pages"}],"about":[{"href":"https:\/\/usa-b2.com\/tr\/wp-json\/wp\/v2\/types\/page"}],"author":[{"embeddable":true,"href":"https:\/\/usa-b2.com\/tr\/wp-json\/wp\/v2\/users\/1"}],"replies":[{"embeddable":true,"href":"https:\/\/usa-b2.com\/tr\/wp-json\/wp\/v2\/comments?post=2749"}],"version-history":[{"count":2,"href":"https:\/\/usa-b2.com\/tr\/wp-json\/wp\/v2\/pages\/2749\/revisions"}],"predecessor-version":[{"id":10128,"href":"https:\/\/usa-b2.com\/tr\/wp-json\/wp\/v2\/pages\/2749\/revisions\/10128"}],"wp:attachment":[{"href":"https:\/\/usa-b2.com\/tr\/wp-json\/wp\/v2\/media?parent=2749"}],"curies":[{"name":"wp","href":"https:\/\/api.w.org\/{rel}","templated":true}]}}