{"id":2240,"date":"2024-02-27T10:27:31","date_gmt":"2024-02-27T10:27:31","guid":{"rendered":"https:\/\/usa-b2.com\/vize-transit-abd\/"},"modified":"2025-11-04T16:46:44","modified_gmt":"2025-11-04T16:46:44","slug":"vize-transit-abd","status":"publish","type":"page","link":"https:\/\/usa-b2.com\/tr\/vize-transit-abd\/","title":{"rendered":"Amerika Birle\u015fik Devletleri i\u00e7in transit vize"},"content":{"rendered":"\n<h1 class=\"wp-block-heading\">ABD \u00fczerinden transit ge\u00e7i\u015f i\u00e7in vize al\u0131nmas\u0131<\/h1>\n\n<p>Amerika Birle\u015fik Devletleri&#8217;nde mola vermek i\u00e7in, yabanc\u0131 yolcular\u0131n Amerikan topraklar\u0131ndan transit ge\u00e7me iznine sahip olmalar\u0131 gerekmektedir. Transit vize, yolcular\u0131n nihai var\u0131\u015f noktalar\u0131na giderken Amerika Birle\u015fik Devletleri&#8217;nden transit ge\u00e7melerine izin verir.<\/p>\n\n<p><strong>Amerika Birle\u015fik Devletleri&#8217;nde mola vermek i\u00e7in<\/strong>: Transit vize ba\u015fvurusunda bulunmak gerekli de\u011fildir. <a href=\"https:\/\/usa-b2.com\/tr\/esta-formunu-cevrimici\/\">ESTA online formuna<\/a> t\u0131klayarak ESTA seyahat izni i\u00e7in ba\u015fvuruda bulunabilirsiniz. <\/p>\n\n<div style=\"height:10px\" aria-hidden=\"true\" class=\"wp-block-spacer\"><\/div>\n\n<h2 class=\"wp-block-heading\">Transit vize nedir?<\/h2>\n\n<p>ABD transit vizesi, Amerika Birle\u015fik Devletleri&#8217;ne giri\u015f iznidir. Bir mola i\u00e7in ABD&#8217;de kalman\u0131za izin verir. Vize sahibi yolculu\u011funa devam etmeli ve planland\u0131\u011f\u0131 \u015fekilde Birle\u015fik Devletler&#8217;den ayr\u0131lmal\u0131d\u0131r.<\/p>\n\n<h2 class=\"wp-block-heading\">Transit vize i\u00e7in kimler ba\u015fvurabilir?<\/h2>\n\n<p>Amerika Birle\u015fik Devletleri&#8217;nde mola veren t\u00fcm yabanc\u0131 gezginler ABD transit vizesine ba\u015fvurabilir. Nihai var\u0131\u015f yerleri Amerika Birle\u015fik Devletleri olmamal\u0131d\u0131r, aksi takdirde <a href=\"https:\/\/usa-b2.com\/tr\/ziyaretci-vizesi-abd\/\">B1\/B2 ziyaret\u00e7i vizesi<\/a> veya ba\u015fka bir Amerikan vizesi i\u00e7in ba\u015fvurmalar\u0131 gerekecektir.  <\/p>\n\n<p>Bunun gibi bir dizi ba\u015fka \u00f6zel durum da mevcuttur:  <\/p>\n\n<ul class=\"wp-block-list\">\n<li>Yabanc\u0131 uyruklular veya BM yetkilileri de New York&#8217;taki BM operasyonlar\u0131 i\u00e7in transit vize alabilirler;<\/li>\n\n\n\n<li>H\u00fck\u00fcmet i\u015fleri i\u00e7in seyahat eden yabanc\u0131 h\u00fck\u00fcmet yetkilileri ABD&#8217;de mola vermek i\u00e7in transit vize alabilirler.<\/li>\n<\/ul>\n\n<h2 class=\"wp-block-heading\">Farkl\u0131 transit vizeler nelerdir?<\/h2>\n\n<p>Transit vizeler, farkl\u0131 seyahat durumlar\u0131na g\u00f6re uyarlanm\u0131\u015f \u00fc\u00e7 ana kategoriye ayr\u0131l\u0131r:<\/p>\n\n<ol class=\"wp-block-list\">\n<li><strong>C1 vizesi: transit ge\u00e7i\u015f yapan geleneksel yolcular i\u00e7in<\/strong><br\/>Bu vize t\u00fcr\u00fc, nihai var\u0131\u015f noktas\u0131na seyahatlerine devam etmeden \u00f6nce bir \u00fclkede ge\u00e7ici olarak mola veren yolcular i\u00e7in tasarlanm\u0131\u015ft\u0131r. \u00d6rne\u011fin, \u00fclkeye giri\u015f yapman\u0131z\u0131 gerektiren aktarmal\u0131 bir u\u00e7u\u015fla ba\u015fka bir \u00fclkeye seyahat ediyorsan\u0131z, C1 vizesi transit b\u00f6lgede yasal olarak kalman\u0131za veya oraya k\u0131sa bir s\u00fcre seyahat etmenize izin verir. Bu vize genellikle uluslararas\u0131 seyahat eden turistler veya profesyoneller taraf\u0131ndan kullan\u0131l\u0131r.<\/li>\n\n\n\n<li><strong>C2 vizesi: BM merkezine transit ge\u00e7i\u015f yapan yolcular i\u00e7in<\/strong><br\/>C2 vizesi, yaln\u0131zca resmi g\u00f6revler veya BM ile ilgili etkinlikler i\u00e7in New York&#8217;taki Birle\u015fmi\u015f Milletler merkezine seyahat eden ki\u015filere y\u00f6neliktir. Bu kural kesinlikle transit ge\u00e7i\u015fler i\u00e7in ge\u00e7erlidir ve genel olarak seyahatleri BM&#8217;nin belirli \u00e7evresi ile s\u0131n\u0131rlar. Bu vize, uluslararas\u0131 konferans veya toplant\u0131lara kat\u0131lan delegelerin, \u00e7al\u0131\u015fanlar\u0131n veya temsilcilerin ihtiya\u00e7lar\u0131n\u0131 kar\u015f\u0131lar.<\/li>\n\n\n\n<li><strong>C3 vizesi: yabanc\u0131 h\u00fck\u00fcmet \u00fcyeleri i\u00e7in<\/strong><br\/>Bu vize, resmi bir i\u015f i\u00e7in bir \u00fclkeye seyahat eden yabanc\u0131 h\u00fck\u00fcmet \u00fcyeleri, aileleri veya refakat\u00e7ileri i\u00e7in tasarlanm\u0131\u015ft\u0131r. Diplomatik stat\u00fclerini yans\u0131t\u0131r ve uluslararas\u0131 protokollere sayg\u0131 g\u00f6stererek bir \u00fclkeden k\u0131sa s\u00fcreli\u011fine ge\u00e7melerini sa\u011flar.<\/li>\n<\/ol>\n\n<p>Seyahat eden ki\u015finin profiline ba\u011fl\u0131 olarak, do\u011fru vize kategorisini se\u00e7mek \u00e7ok \u00f6nemlidir.<\/p>\n\n<h2 class=\"wp-block-heading\">Transit vizeyi nas\u0131l alabilirim?<\/h2>\n\n<p>Amerika Birle\u015fik Devletleri i\u00e7in transit vize almak i\u00e7in bir dizi ad\u0131m\u0131 izlemeniz gerekir:<\/p>\n\n<ul class=\"wp-block-list\">\n<li>Duruma ba\u011fl\u0131 olarak C1, C2 veya C3 vizesi olmak \u00fczere hangi vize t\u00fcr\u00fcn\u00fcn gerekli oldu\u011funu belirleyin;<\/li>\n\n\n\n<li>Do\u011fru ve eksiksiz bilgi vererek <a href=\"https:\/\/usa-b2.com\/tr\/ds-160\/\">DS-160 formunu<\/a> \u00e7evrimi\u00e7i olarak doldurun.<\/li>\n\n\n\n<li>Form teslim edildikten sonra, iade edilmeyen <a href=\"https:\/\/usa-b2.com\/fr\/frais-visa-b2-usa\/\">vize ba\u015fvuru \u00fccretini<\/a> \u00f6deyin.<\/li>\n\n\n\n<li>Daha sonra ikamet etti\u011finiz <a href=\"https:\/\/usa-b2.com\/tr\/abd-vize-buyukelciligi-icin-randevulasin\/\">\u00fclkedeki Amerikan el\u00e7ili\u011finde bir m\u00fclakat<\/a> planlay\u0131n. Bu g\u00f6r\u00fc\u015fmede, a\u015fa\u011f\u0131dakiler de dahil olmak \u00fczere destekleyici belgeler sunman\u0131z gerekecektir: \n<ul class=\"wp-block-list\">\n<li><a href=\"https:\/\/usa-b2.com\/tr\/pasaport-seyahati-abd\/\">ABD&#8217;ye seyahat i\u00e7in ge\u00e7erli bir pasaport<\/a><\/li>\n\n\n\n<li>Gereksinimleri kar\u015f\u0131layan foto\u011fraf<\/li>\n\n\n\n<li><a href=\"https:\/\/usa-b2.com\/tr\/ds-160\/\">DS-160 Formunun<\/a> Onaylanmas\u0131<\/li>\n\n\n\n<li>Seyahat program\u0131n\u0131n kan\u0131t\u0131, \u00f6rne\u011fin u\u00e7ak biletleri<\/li>\n\n\n\n<li>C2 veya C3 vizesi kapsam\u0131nda resmi stat\u00fcy\u00fc belgeleyen herhangi bir belge.<\/li>\n<\/ul>\n<\/li>\n<\/ul>\n\n<div style=\"height:10px\" aria-hidden=\"true\" class=\"wp-block-spacer\"><\/div>\n\n<p>ABD&#8217;den transit ge\u00e7i\u015fin \u00fclkede kalmak i\u00e7in bir f\u0131rsat olmayaca\u011f\u0131n\u0131 g\u00f6stermek \u00f6nemlidir. Vize onayland\u0131ktan sonra, Amerika Birle\u015fik Devletleri&#8217;nden yasal ge\u00e7i\u015f i\u00e7in pasaporta yap\u0131\u015ft\u0131r\u0131lacakt\u0131r.<\/p>\n","protected":false},"excerpt":{"rendered":"<p>ABD \u00fczerinden transit ge\u00e7i\u015f i\u00e7in vize al\u0131nmas\u0131 Amerika Birle\u015fik Devletleri&#8217;nde mola vermek i\u00e7in, yabanc\u0131 yolcular\u0131n Amerikan topraklar\u0131ndan transit ge\u00e7me iznine sahip olmalar\u0131 gerekmektedir. Transit vize, yolcular\u0131n nihai var\u0131\u015f noktalar\u0131na giderken Amerika Birle\u015fik Devletleri&#8217;nden transit ge\u00e7melerine izin verir. Amerika Birle\u015fik Devletleri&#8217;nde mola vermek i\u00e7in: Transit vize ba\u015fvurusunda bulunmak gerekli de\u011fildir. ESTA online formuna t\u0131klayarak ESTA seyahat [&hellip;]<\/p>\n","protected":false},"author":1,"featured_media":0,"parent":0,"menu_order":0,"comment_status":"closed","ping_status":"closed","template":"","meta":{"footnotes":""},"class_list":["post-2240","page","type-page","status-publish","hentry"],"yoast_head":"<!-- This site is optimized with the Yoast SEO plugin v27.4 - https:\/\/yoast.com\/product\/yoast-seo-wordpress\/ -->\n<title>Amerika Birle\u015fik Devletleri i\u00e7in transit vize - USA B2<\/title>\n<meta name=\"description\" content=\"Amerika Birle\u015fik Devletleri&#039;nde mola vermek i\u00e7in ge\u00e7erli bir vizeye veya ESTA iznine ihtiyac\u0131n\u0131z vard\u0131r.\" \/>\n<meta name=\"robots\" content=\"index, follow, max-snippet:-1, max-image-preview:large, max-video-preview:-1\" \/>\n<link rel=\"canonical\" href=\"https:\/\/usa-b2.com\/tr\/vize-transit-abd\/\" \/>\n<meta property=\"og:locale\" content=\"tr_TR\" \/>\n<meta property=\"og:type\" content=\"article\" \/>\n<meta property=\"og:title\" content=\"Amerika Birle\u015fik Devletleri i\u00e7in transit vize - USA B2\" \/>\n<meta property=\"og:description\" content=\"Amerika Birle\u015fik Devletleri&#039;nde mola vermek i\u00e7in ge\u00e7erli bir vizeye veya ESTA iznine ihtiyac\u0131n\u0131z vard\u0131r.\" \/>\n<meta property=\"og:url\" content=\"https:\/\/usa-b2.com\/tr\/vize-transit-abd\/\" \/>\n<meta property=\"og:site_name\" content=\"USA B2\" \/>\n<meta property=\"article:modified_time\" content=\"2025-11-04T16:46:44+00:00\" \/>\n<meta name=\"twitter:card\" content=\"summary_large_image\" \/>\n<meta name=\"twitter:label1\" content=\"Tahmini okuma s\u00fcresi\" \/>\n\t<meta name=\"twitter:data1\" content=\"3 dakika\" \/>\n<script type=\"application\/ld+json\" class=\"yoast-schema-graph\">{\"@context\":\"https:\\\/\\\/schema.org\",\"@graph\":[{\"@type\":\"WebPage\",\"@id\":\"https:\\\/\\\/usa-b2.com\\\/tr\\\/vize-transit-abd\\\/\",\"url\":\"https:\\\/\\\/usa-b2.com\\\/tr\\\/vize-transit-abd\\\/\",\"name\":\"Amerika Birle\u015fik Devletleri i\u00e7in transit vize - USA B2\",\"isPartOf\":{\"@id\":\"https:\\\/\\\/usa-b2.com\\\/tr\\\/#website\"},\"datePublished\":\"2024-02-27T10:27:31+00:00\",\"dateModified\":\"2025-11-04T16:46:44+00:00\",\"description\":\"Amerika Birle\u015fik Devletleri'nde mola vermek i\u00e7in ge\u00e7erli bir vizeye veya ESTA iznine ihtiyac\u0131n\u0131z vard\u0131r.\",\"breadcrumb\":{\"@id\":\"https:\\\/\\\/usa-b2.com\\\/tr\\\/vize-transit-abd\\\/#breadcrumb\"},\"inLanguage\":\"tr\",\"potentialAction\":[{\"@type\":\"ReadAction\",\"target\":[\"https:\\\/\\\/usa-b2.com\\\/tr\\\/vize-transit-abd\\\/\"]}]},{\"@type\":\"BreadcrumbList\",\"@id\":\"https:\\\/\\\/usa-b2.com\\\/tr\\\/vize-transit-abd\\\/#breadcrumb\",\"itemListElement\":[{\"@type\":\"ListItem\",\"position\":1,\"name\":\"Accueil\",\"item\":\"https:\\\/\\\/usa-b2.com\\\/tr\\\/usa\\\/\"},{\"@type\":\"ListItem\",\"position\":2,\"name\":\"Amerika Birle\u015fik Devletleri i\u00e7in transit vize\"}]},{\"@type\":\"WebSite\",\"@id\":\"https:\\\/\\\/usa-b2.com\\\/tr\\\/#website\",\"url\":\"https:\\\/\\\/usa-b2.com\\\/tr\\\/\",\"name\":\"USA B2 VISA\",\"description\":\"\",\"potentialAction\":[{\"@type\":\"SearchAction\",\"target\":{\"@type\":\"EntryPoint\",\"urlTemplate\":\"https:\\\/\\\/usa-b2.com\\\/tr\\\/?s={search_term_string}\"},\"query-input\":{\"@type\":\"PropertyValueSpecification\",\"valueRequired\":true,\"valueName\":\"search_term_string\"}}],\"inLanguage\":\"tr\"}]}<\/script>\n<!-- \/ Yoast SEO plugin. -->","yoast_head_json":{"title":"Amerika Birle\u015fik Devletleri i\u00e7in transit vize - USA B2","description":"Amerika Birle\u015fik Devletleri'nde mola vermek i\u00e7in ge\u00e7erli bir vizeye veya ESTA iznine ihtiyac\u0131n\u0131z vard\u0131r.","robots":{"index":"index","follow":"follow","max-snippet":"max-snippet:-1","max-image-preview":"max-image-preview:large","max-video-preview":"max-video-preview:-1"},"canonical":"https:\/\/usa-b2.com\/tr\/vize-transit-abd\/","og_locale":"tr_TR","og_type":"article","og_title":"Amerika Birle\u015fik Devletleri i\u00e7in transit vize - USA B2","og_description":"Amerika Birle\u015fik Devletleri'nde mola vermek i\u00e7in ge\u00e7erli bir vizeye veya ESTA iznine ihtiyac\u0131n\u0131z vard\u0131r.","og_url":"https:\/\/usa-b2.com\/tr\/vize-transit-abd\/","og_site_name":"USA B2","article_modified_time":"2025-11-04T16:46:44+00:00","twitter_card":"summary_large_image","twitter_misc":{"Tahmini okuma s\u00fcresi":"3 dakika"},"schema":{"@context":"https:\/\/schema.org","@graph":[{"@type":"WebPage","@id":"https:\/\/usa-b2.com\/tr\/vize-transit-abd\/","url":"https:\/\/usa-b2.com\/tr\/vize-transit-abd\/","name":"Amerika Birle\u015fik Devletleri i\u00e7in transit vize - USA B2","isPartOf":{"@id":"https:\/\/usa-b2.com\/tr\/#website"},"datePublished":"2024-02-27T10:27:31+00:00","dateModified":"2025-11-04T16:46:44+00:00","description":"Amerika Birle\u015fik Devletleri'nde mola vermek i\u00e7in ge\u00e7erli bir vizeye veya ESTA iznine ihtiyac\u0131n\u0131z vard\u0131r.","breadcrumb":{"@id":"https:\/\/usa-b2.com\/tr\/vize-transit-abd\/#breadcrumb"},"inLanguage":"tr","potentialAction":[{"@type":"ReadAction","target":["https:\/\/usa-b2.com\/tr\/vize-transit-abd\/"]}]},{"@type":"BreadcrumbList","@id":"https:\/\/usa-b2.com\/tr\/vize-transit-abd\/#breadcrumb","itemListElement":[{"@type":"ListItem","position":1,"name":"Accueil","item":"https:\/\/usa-b2.com\/tr\/usa\/"},{"@type":"ListItem","position":2,"name":"Amerika Birle\u015fik Devletleri i\u00e7in transit vize"}]},{"@type":"WebSite","@id":"https:\/\/usa-b2.com\/tr\/#website","url":"https:\/\/usa-b2.com\/tr\/","name":"USA B2 VISA","description":"","potentialAction":[{"@type":"SearchAction","target":{"@type":"EntryPoint","urlTemplate":"https:\/\/usa-b2.com\/tr\/?s={search_term_string}"},"query-input":{"@type":"PropertyValueSpecification","valueRequired":true,"valueName":"search_term_string"}}],"inLanguage":"tr"}]}},"_links":{"self":[{"href":"https:\/\/usa-b2.com\/tr\/wp-json\/wp\/v2\/pages\/2240","targetHints":{"allow":["GET"]}}],"collection":[{"href":"https:\/\/usa-b2.com\/tr\/wp-json\/wp\/v2\/pages"}],"about":[{"href":"https:\/\/usa-b2.com\/tr\/wp-json\/wp\/v2\/types\/page"}],"author":[{"embeddable":true,"href":"https:\/\/usa-b2.com\/tr\/wp-json\/wp\/v2\/users\/1"}],"replies":[{"embeddable":true,"href":"https:\/\/usa-b2.com\/tr\/wp-json\/wp\/v2\/comments?post=2240"}],"version-history":[{"count":2,"href":"https:\/\/usa-b2.com\/tr\/wp-json\/wp\/v2\/pages\/2240\/revisions"}],"predecessor-version":[{"id":10877,"href":"https:\/\/usa-b2.com\/tr\/wp-json\/wp\/v2\/pages\/2240\/revisions\/10877"}],"wp:attachment":[{"href":"https:\/\/usa-b2.com\/tr\/wp-json\/wp\/v2\/media?parent=2240"}],"curies":[{"name":"wp","href":"https:\/\/api.w.org\/{rel}","templated":true}]}}