{"id":2236,"date":"2024-02-10T17:09:57","date_gmt":"2024-02-10T17:09:57","guid":{"rendered":"https:\/\/usa-b2.com\/vize-ve-esta-arasindaki-fark\/"},"modified":"2025-02-06T10:21:03","modified_gmt":"2025-02-06T10:21:03","slug":"vize-ve-esta-arasindaki-fark","status":"publish","type":"page","link":"https:\/\/usa-b2.com\/tr\/vize-ve-esta-arasindaki-fark\/","title":{"rendered":"Vize ile ESTA aras\u0131ndaki fark nedir?"},"content":{"rendered":"\n<h1 class=\"wp-block-heading\">Vize ile ESTA aras\u0131ndaki temel farklar nelerdir?<\/h1>\n\n<p>Amerika Birle\u015fik Devletleri&#8217;ne girmek i\u00e7in hem ESTA izni hem de vize gereklidir. Ancak, bu belgelerin elde edilme usulleri, ge\u00e7erlilik s\u00fcreleri ve kullan\u0131m ko\u015fullar\u0131 farkl\u0131l\u0131k g\u00f6stermektedir. Vize ile ESTA izni aras\u0131ndaki \u00fc\u00e7 temel fark \u015funlard\u0131r:  <\/p>\n\n<ol class=\"wp-block-list\">\n<li>Vize, yolcunun ikamet etti\u011fi \u00fclkedeki bir <a href=\"https:\/\/usa-b2.com\/tr\/amerikan-elciligi\/\">Amerikan el\u00e7ili\u011fi<\/a> veya konsoloslu\u011fu taraf\u0131ndan verilirken, ESTA \u00e7evrimi\u00e7i olarak al\u0131nan elektronik bir izindir.<\/li>\n\n\n\n<li>ESTA, Vize Muafiyet Program\u0131 kapsam\u0131nda 90 g\u00fcnden az k\u0131sa s\u00fcreli kal\u0131\u015flar i\u00e7in ge\u00e7erli iken, vizenin her bir vize t\u00fcr\u00fc i\u00e7in belirli ko\u015fullar\u0131 ve belirli bir ge\u00e7erlilik s\u00fcresi vard\u0131r. <a href=\"https:\/\/usa-b2.com\/tr\/gecerlilik-suresi-esta\/\">ESTA en fazla 2 y\u0131l s\u00fcreyle ge\u00e7erlidir<\/a>. <\/li>\n\n\n\n<li><a href=\"https:\/\/usa-b2.com\/tr\/basvuru-proseduru-vize-b2\/\">Vize alma prosed\u00fcrleri<\/a> genellikle <a href=\"https:\/\/usa-b2.com\/tr\/abd-vize-buyukelciligi-icin-randevulasin\/\">konsolosluk m\u00fclakat\u0131<\/a> ve ek belgeler i\u00e7erirken, ESTA sadece <a href=\"https:\/\/usa-b2.com\/tr\/esta-formunu-cevrimici\/\">\u00e7evrimi\u00e7i bir form<\/a> doldurman\u0131z\u0131 ve \u00fccreti do\u011frudan \u00f6demenizi gerektirir.<\/li>\n<\/ol>\n\n<h2 class=\"wp-block-heading\">ESTA bir Amerikan vizesi midir?<\/h2>\n\n<p>Hay\u0131r, onaylanm\u0131\u015f bir ESTA izni vize de\u011fildir. <a href=\"https:\/\/usa-b2.com\/tr\/nedir-bir-esta\/\">ESTA izni<\/a>, ABD yasalar\u0131 uyar\u0131nca ABD vizesi olarak kullan\u0131lamaz. ESTA, <a href=\"https:\/\/usa-b2.com\/tr\/ziyaretci-vizesi-abd\/\">ABD vizesinin<\/a> yasal ve d\u00fczenleyici gerekliliklerine sahip de\u011fildir.  <\/p>\n\n<h2 class=\"wp-block-heading\">Amerika Birle\u015fik Devletleri vizem varsa ESTA ile seyahat edebilir miyim?<\/h2>\n\n<p>Hay\u0131r, ge\u00e7erli bir ABD vizesi olan herkes bu vizeyle Amerika Birle\u015fik Devletleri&#8217;ne seyahat etmelidir. Kal\u0131\u015f s\u00fcresi, vizenin al\u0131nma nedenine uygun olmal\u0131d\u0131r. Yolcular\u0131n seyahat etmek i\u00e7in <a href=\"https:\/\/usa-b2.com\/tr\/esta-formunu-cevrimici\/\">\u00e7evrimi\u00e7i ESTA ba\u015fvurusu<\/a> yapmalar\u0131na gerek yoktur.    <\/p>\n\n<h2 class=\"wp-block-heading\">AB vatanda\u015flar\u0131 Amerika Birle\u015fik Devletleri&#8217;ne vizesiz seyahat edebilir mi?<\/h2>\n\n<p>Avrupa vatanda\u015flar\u0131, belirli ko\u015fullar alt\u0131nda ESTA izni alarak Amerika Birle\u015fik Devletleri&#8217;ne vizesiz seyahat edebilirler:<\/p>\n\n<ul class=\"wp-block-list\">\n<li>Konaklama yerinde 90 g\u00fcnden az s\u00fcrmelidir<\/li>\n\n\n\n<li><a href=\"https:\/\/usa-b2.com\/tr\/pasaport-seyahati-abd\/\">Biyometrik veya elektronik pasaporta<\/a> ihtiyac\u0131n\u0131z var<\/li>\n\n\n\n<li><a href=\"https:\/\/usa-b2.com\/tr\/vize-verme-programi\/\">Vize Muafiyet Program\u0131<\/a> taraf\u0131ndan onaylanm\u0131\u015f bir \u015firketle seyahat etmelisiniz.<\/li>\n\n\n\n<li>Yolcular\u0131n d\u00f6n\u00fc\u015f bileti olmas\u0131 gerekmektedir.<\/li>\n<\/ul>\n\n<p><strong>\u0130stisna<\/strong>: Baz\u0131 Avrupa \u00fclkeleri hen\u00fcz <a href=\"https:\/\/usa-b2.com\/tr\/vize-verme-programi\/\">Vize Muafiyet Program\u0131na<\/a> \u00fcye de\u011fildir. Bu \u00fclkelerin vatanda\u015flar\u0131 ESTA izni alamazlar; Amerika Birle\u015fik Devletleri&#8217;ne seyahat etmek i\u00e7in internet \u00fczerinden <a href=\"https:\/\/usa-b2.com\/tr\/basvuru-proseduru-vize-b2\/\">B2 vizesine ba\u015fvurmalar\u0131<\/a> gerekir. Bunlar ba\u015fl\u0131ca \u015fu Avrupa \u00fclkeleridir: Bulgaristan, Romanya ve K\u0131br\u0131s.<\/p>\n","protected":false},"excerpt":{"rendered":"<p>Vize ile ESTA aras\u0131ndaki temel farklar nelerdir? Amerika Birle\u015fik Devletleri&#8217;ne girmek i\u00e7in hem ESTA izni hem de vize gereklidir. Ancak, bu belgelerin elde edilme usulleri, ge\u00e7erlilik s\u00fcreleri ve kullan\u0131m ko\u015fullar\u0131 farkl\u0131l\u0131k g\u00f6stermektedir. Vize ile ESTA izni aras\u0131ndaki \u00fc\u00e7 temel fark \u015funlard\u0131r: ESTA bir Amerikan vizesi midir? Hay\u0131r, onaylanm\u0131\u015f bir ESTA izni vize de\u011fildir. ESTA izni, [&hellip;]<\/p>\n","protected":false},"author":1,"featured_media":0,"parent":0,"menu_order":0,"comment_status":"closed","ping_status":"closed","template":"","meta":{"footnotes":""},"class_list":["post-2236","page","type-page","status-publish","hentry"],"yoast_head":"<!-- This site is optimized with the Yoast SEO plugin v27.4 - https:\/\/yoast.com\/product\/yoast-seo-wordpress\/ -->\n<title>Vize ile ESTA aras\u0131ndaki fark nedir? - USA B2<\/title>\n<meta name=\"description\" content=\"ABD vizesi ile Amerika Birle\u015fik Devletleri&#039;ne seyahat i\u00e7in ESTA seyahat izni aras\u0131ndaki fark\u0131n ayr\u0131nt\u0131l\u0131 olarak anla\u015f\u0131lmas\u0131\" \/>\n<meta name=\"robots\" content=\"index, follow, max-snippet:-1, max-image-preview:large, max-video-preview:-1\" \/>\n<link rel=\"canonical\" href=\"https:\/\/usa-b2.com\/tr\/vize-ve-esta-arasindaki-fark\/\" \/>\n<meta property=\"og:locale\" content=\"tr_TR\" \/>\n<meta property=\"og:type\" content=\"article\" \/>\n<meta property=\"og:title\" content=\"Vize ile ESTA aras\u0131ndaki fark nedir? - USA B2\" \/>\n<meta property=\"og:description\" content=\"ABD vizesi ile Amerika Birle\u015fik Devletleri&#039;ne seyahat i\u00e7in ESTA seyahat izni aras\u0131ndaki fark\u0131n ayr\u0131nt\u0131l\u0131 olarak anla\u015f\u0131lmas\u0131\" \/>\n<meta property=\"og:url\" content=\"https:\/\/usa-b2.com\/tr\/vize-ve-esta-arasindaki-fark\/\" \/>\n<meta property=\"og:site_name\" content=\"USA B2\" \/>\n<meta property=\"article:modified_time\" content=\"2025-02-06T10:21:03+00:00\" \/>\n<meta name=\"twitter:card\" content=\"summary_large_image\" \/>\n<meta name=\"twitter:label1\" content=\"Tahmini okuma s\u00fcresi\" \/>\n\t<meta name=\"twitter:data1\" content=\"2 dakika\" \/>\n<script type=\"application\/ld+json\" class=\"yoast-schema-graph\">{\"@context\":\"https:\\\/\\\/schema.org\",\"@graph\":[{\"@type\":\"WebPage\",\"@id\":\"https:\\\/\\\/usa-b2.com\\\/tr\\\/vize-ve-esta-arasindaki-fark\\\/\",\"url\":\"https:\\\/\\\/usa-b2.com\\\/tr\\\/vize-ve-esta-arasindaki-fark\\\/\",\"name\":\"Vize ile ESTA aras\u0131ndaki fark nedir? - USA B2\",\"isPartOf\":{\"@id\":\"https:\\\/\\\/usa-b2.com\\\/tr\\\/#website\"},\"datePublished\":\"2024-02-10T17:09:57+00:00\",\"dateModified\":\"2025-02-06T10:21:03+00:00\",\"description\":\"ABD vizesi ile Amerika Birle\u015fik Devletleri'ne seyahat i\u00e7in ESTA seyahat izni aras\u0131ndaki fark\u0131n ayr\u0131nt\u0131l\u0131 olarak anla\u015f\u0131lmas\u0131\",\"breadcrumb\":{\"@id\":\"https:\\\/\\\/usa-b2.com\\\/tr\\\/vize-ve-esta-arasindaki-fark\\\/#breadcrumb\"},\"inLanguage\":\"tr\",\"potentialAction\":[{\"@type\":\"ReadAction\",\"target\":[\"https:\\\/\\\/usa-b2.com\\\/tr\\\/vize-ve-esta-arasindaki-fark\\\/\"]}]},{\"@type\":\"BreadcrumbList\",\"@id\":\"https:\\\/\\\/usa-b2.com\\\/tr\\\/vize-ve-esta-arasindaki-fark\\\/#breadcrumb\",\"itemListElement\":[{\"@type\":\"ListItem\",\"position\":1,\"name\":\"Accueil\",\"item\":\"https:\\\/\\\/usa-b2.com\\\/tr\\\/usa\\\/\"},{\"@type\":\"ListItem\",\"position\":2,\"name\":\"Vize ile ESTA aras\u0131ndaki fark nedir?\"}]},{\"@type\":\"WebSite\",\"@id\":\"https:\\\/\\\/usa-b2.com\\\/tr\\\/#website\",\"url\":\"https:\\\/\\\/usa-b2.com\\\/tr\\\/\",\"name\":\"USA B2 VISA\",\"description\":\"\",\"potentialAction\":[{\"@type\":\"SearchAction\",\"target\":{\"@type\":\"EntryPoint\",\"urlTemplate\":\"https:\\\/\\\/usa-b2.com\\\/tr\\\/?s={search_term_string}\"},\"query-input\":{\"@type\":\"PropertyValueSpecification\",\"valueRequired\":true,\"valueName\":\"search_term_string\"}}],\"inLanguage\":\"tr\"}]}<\/script>\n<!-- \/ Yoast SEO plugin. -->","yoast_head_json":{"title":"Vize ile ESTA aras\u0131ndaki fark nedir? - USA B2","description":"ABD vizesi ile Amerika Birle\u015fik Devletleri'ne seyahat i\u00e7in ESTA seyahat izni aras\u0131ndaki fark\u0131n ayr\u0131nt\u0131l\u0131 olarak anla\u015f\u0131lmas\u0131","robots":{"index":"index","follow":"follow","max-snippet":"max-snippet:-1","max-image-preview":"max-image-preview:large","max-video-preview":"max-video-preview:-1"},"canonical":"https:\/\/usa-b2.com\/tr\/vize-ve-esta-arasindaki-fark\/","og_locale":"tr_TR","og_type":"article","og_title":"Vize ile ESTA aras\u0131ndaki fark nedir? - USA B2","og_description":"ABD vizesi ile Amerika Birle\u015fik Devletleri'ne seyahat i\u00e7in ESTA seyahat izni aras\u0131ndaki fark\u0131n ayr\u0131nt\u0131l\u0131 olarak anla\u015f\u0131lmas\u0131","og_url":"https:\/\/usa-b2.com\/tr\/vize-ve-esta-arasindaki-fark\/","og_site_name":"USA B2","article_modified_time":"2025-02-06T10:21:03+00:00","twitter_card":"summary_large_image","twitter_misc":{"Tahmini okuma s\u00fcresi":"2 dakika"},"schema":{"@context":"https:\/\/schema.org","@graph":[{"@type":"WebPage","@id":"https:\/\/usa-b2.com\/tr\/vize-ve-esta-arasindaki-fark\/","url":"https:\/\/usa-b2.com\/tr\/vize-ve-esta-arasindaki-fark\/","name":"Vize ile ESTA aras\u0131ndaki fark nedir? - USA B2","isPartOf":{"@id":"https:\/\/usa-b2.com\/tr\/#website"},"datePublished":"2024-02-10T17:09:57+00:00","dateModified":"2025-02-06T10:21:03+00:00","description":"ABD vizesi ile Amerika Birle\u015fik Devletleri'ne seyahat i\u00e7in ESTA seyahat izni aras\u0131ndaki fark\u0131n ayr\u0131nt\u0131l\u0131 olarak anla\u015f\u0131lmas\u0131","breadcrumb":{"@id":"https:\/\/usa-b2.com\/tr\/vize-ve-esta-arasindaki-fark\/#breadcrumb"},"inLanguage":"tr","potentialAction":[{"@type":"ReadAction","target":["https:\/\/usa-b2.com\/tr\/vize-ve-esta-arasindaki-fark\/"]}]},{"@type":"BreadcrumbList","@id":"https:\/\/usa-b2.com\/tr\/vize-ve-esta-arasindaki-fark\/#breadcrumb","itemListElement":[{"@type":"ListItem","position":1,"name":"Accueil","item":"https:\/\/usa-b2.com\/tr\/usa\/"},{"@type":"ListItem","position":2,"name":"Vize ile ESTA aras\u0131ndaki fark nedir?"}]},{"@type":"WebSite","@id":"https:\/\/usa-b2.com\/tr\/#website","url":"https:\/\/usa-b2.com\/tr\/","name":"USA B2 VISA","description":"","potentialAction":[{"@type":"SearchAction","target":{"@type":"EntryPoint","urlTemplate":"https:\/\/usa-b2.com\/tr\/?s={search_term_string}"},"query-input":{"@type":"PropertyValueSpecification","valueRequired":true,"valueName":"search_term_string"}}],"inLanguage":"tr"}]}},"_links":{"self":[{"href":"https:\/\/usa-b2.com\/tr\/wp-json\/wp\/v2\/pages\/2236","targetHints":{"allow":["GET"]}}],"collection":[{"href":"https:\/\/usa-b2.com\/tr\/wp-json\/wp\/v2\/pages"}],"about":[{"href":"https:\/\/usa-b2.com\/tr\/wp-json\/wp\/v2\/types\/page"}],"author":[{"embeddable":true,"href":"https:\/\/usa-b2.com\/tr\/wp-json\/wp\/v2\/users\/1"}],"replies":[{"embeddable":true,"href":"https:\/\/usa-b2.com\/tr\/wp-json\/wp\/v2\/comments?post=2236"}],"version-history":[{"count":0,"href":"https:\/\/usa-b2.com\/tr\/wp-json\/wp\/v2\/pages\/2236\/revisions"}],"wp:attachment":[{"href":"https:\/\/usa-b2.com\/tr\/wp-json\/wp\/v2\/media?parent=2236"}],"curies":[{"name":"wp","href":"https:\/\/api.w.org\/{rel}","templated":true}]}}