{"id":2227,"date":"2024-02-19T17:16:58","date_gmt":"2024-02-19T17:16:58","guid":{"rendered":"https:\/\/usa-b2.com\/gizlilik-politikasi\/"},"modified":"2025-02-06T10:09:36","modified_gmt":"2025-02-06T10:09:36","slug":"gizlilik-politikasi","status":"publish","type":"page","link":"https:\/\/usa-b2.com\/tr\/gizlilik-politikasi\/","title":{"rendered":"gizlilik-politikasi"},"content":{"rendered":"\n<h1 class=\"wp-block-heading\">Gizlilik politikam\u0131z<\/h1>\n\n<p>usa-b2.com Amerika Birle\u015fik Devletleri&#8217;ndeki olas\u0131 yol gezileri hakk\u0131nda bir bilgi sitesidir. Site herhangi bir \u00e7evrimi\u00e7i hizmet sunmamaktad\u0131r. Sitedeki tek form <a href=\"https:\/\/usa-b2.com\/tr\/contact\/\">ileti\u015fim formudur<\/a>.  <\/p>\n\n<h2 class=\"wp-block-heading\">Site \u00fczerinde bilgi toplama<\/h2>\n\n<p>Sitemizde toplanabilecek ki\u015fisel bilgilerin listesi a\u015fa\u011f\u0131da verilmi\u015ftir:<\/p>\n\n<ul class=\"wp-block-list\">\n<li>IP adresiniz, konumunuz, taray\u0131c\u0131n\u0131z ve i\u015fletim sisteminiz dahil olmak \u00fczere bilgisayar\u0131n\u0131z hakk\u0131nda bilgiler;<\/li>\n\n\n\n<li>Destek ekibimize e-posta g\u00f6nderdi\u011finizde soyad\u0131n\u0131z, ad\u0131n\u0131z ve e-posta adresiniz gibi ileti\u015fim bilgileri. Bize g\u00f6nderdi\u011finiz e-postalarda yer alan bilgiler.<\/li>\n<\/ul>\n\n<h2 class=\"wp-block-heading\">Toplanan verilerin kullan\u0131m\u0131<\/h2>\n\n<p>Hi\u00e7bir ko\u015ful alt\u0131nda ki\u015fisel bilgilerinizi \u00fc\u00e7\u00fcnc\u00fc taraflara vermeyiz. Toplanan verileri do\u011frudan pazarlama veya ticari ama\u00e7larla kullanm\u0131yoruz.<\/p>\n\n<h2 class=\"wp-block-heading\">Veri saklama s\u00fcresi<\/h2>\n\n<p>Toplanan veriler d\u00fczenli olarak silinir, bu da bize g\u00f6nderilen hi\u00e7bir e-posta i\u00e7eri\u011fini bir aydan daha uzun s\u00fcre saklamad\u0131\u011f\u0131m\u0131z anlam\u0131na gelir. Tarama verilerini pazarlama amac\u0131yla kullanm\u0131yoruz.<\/p>\n\n<h2 class=\"wp-block-heading\">Ki\u015fisel verilerle ilgili haklar\u0131n\u0131z<\/h2>\n\n<p>Hakk\u0131n\u0131zda sahip oldu\u011fumuz ki\u015fisel bilgileri size iletmemizi isteme hakk\u0131na sahipsiniz. Bu, kimli\u011finizi kan\u0131tlayan belgelerin (pasaportun onayl\u0131 fotokopisi + ev adresinizi g\u00f6steren fatura) ibraz\u0131 \u00fczerine yap\u0131labilir.<\/p>\n\n<h2 class=\"wp-block-heading\">Bu gizlilik politikas\u0131n\u0131n g\u00fcncellenmesi<\/h2>\n\n<p>Bu politikay\u0131 d\u00fczenli olarak g\u00fcncelliyoruz. Ki\u015fisel verilerin gizlili\u011fine ili\u015fkin de\u011fi\u015fiklikler i\u00e7in siteyi kullan\u0131rken bu sayfan\u0131n kontrol edilmesi gerekmektedir.<\/p>\n\n<h2 class=\"wp-block-heading\">\u00dc\u00e7\u00fcnc\u00fc taraf web sitelerine ba\u011flamsal ba\u011flant\u0131lar<\/h2>\n\n<p>Web sitemiz \u00fc\u00e7\u00fcnc\u00fc taraf web sitelerine k\u00f6pr\u00fcler i\u00e7ermektedir. Bu siteler \u00fczerinde hi\u00e7bir kontrol\u00fcm\u00fcz yoktur ve gizlilik politikalar\u0131ndan veya ticari ya da pazarlama uygulamalar\u0131ndan sorumlu de\u011filiz.<\/p>\n\n<p><\/p>\n","protected":false},"excerpt":{"rendered":"<p>Gizlilik politikam\u0131z usa-b2.com Amerika Birle\u015fik Devletleri&#8217;ndeki olas\u0131 yol gezileri hakk\u0131nda bir bilgi sitesidir. Site herhangi bir \u00e7evrimi\u00e7i hizmet sunmamaktad\u0131r. Sitedeki tek form ileti\u015fim formudur. Site \u00fczerinde bilgi toplama Sitemizde toplanabilecek ki\u015fisel bilgilerin listesi a\u015fa\u011f\u0131da verilmi\u015ftir: Toplanan verilerin kullan\u0131m\u0131 Hi\u00e7bir ko\u015ful alt\u0131nda ki\u015fisel bilgilerinizi \u00fc\u00e7\u00fcnc\u00fc taraflara vermeyiz. Toplanan verileri do\u011frudan pazarlama veya ticari ama\u00e7larla kullanm\u0131yoruz. Veri [&hellip;]<\/p>\n","protected":false},"author":1,"featured_media":0,"parent":0,"menu_order":0,"comment_status":"closed","ping_status":"closed","template":"","meta":{"footnotes":""},"class_list":["post-2227","page","type-page","status-publish","hentry"],"yoast_head":"<!-- This site is optimized with the Yoast SEO plugin v27.4 - https:\/\/yoast.com\/product\/yoast-seo-wordpress\/ -->\n<title>gizlilik-politikasi - USA B2<\/title>\n<meta name=\"description\" content=\"usa-b2.com web sitesi i\u00e7in gizlilik politikas\u0131\" \/>\n<meta name=\"robots\" content=\"noindex, nofollow\" \/>\n<meta property=\"og:locale\" content=\"tr_TR\" \/>\n<meta property=\"og:type\" content=\"article\" \/>\n<meta property=\"og:title\" content=\"gizlilik-politikasi - USA B2\" \/>\n<meta property=\"og:description\" content=\"usa-b2.com web sitesi i\u00e7in gizlilik politikas\u0131\" \/>\n<meta property=\"og:url\" content=\"https:\/\/usa-b2.com\/tr\/gizlilik-politikasi\/\" \/>\n<meta property=\"og:site_name\" content=\"USA B2\" \/>\n<meta property=\"article:modified_time\" content=\"2025-02-06T10:09:36+00:00\" \/>\n<meta name=\"twitter:card\" content=\"summary_large_image\" \/>\n<meta name=\"twitter:label1\" content=\"Tahmini okuma s\u00fcresi\" \/>\n\t<meta name=\"twitter:data1\" content=\"1 dakika\" \/>\n<script type=\"application\/ld+json\" class=\"yoast-schema-graph\">{\"@context\":\"https:\\\/\\\/schema.org\",\"@graph\":[{\"@type\":\"WebPage\",\"@id\":\"https:\\\/\\\/usa-b2.com\\\/tr\\\/gizlilik-politikasi\\\/\",\"url\":\"https:\\\/\\\/usa-b2.com\\\/tr\\\/gizlilik-politikasi\\\/\",\"name\":\"gizlilik-politikasi - USA B2\",\"isPartOf\":{\"@id\":\"https:\\\/\\\/usa-b2.com\\\/tr\\\/#website\"},\"datePublished\":\"2024-02-19T17:16:58+00:00\",\"dateModified\":\"2025-02-06T10:09:36+00:00\",\"description\":\"usa-b2.com web sitesi i\u00e7in gizlilik politikas\u0131\",\"breadcrumb\":{\"@id\":\"https:\\\/\\\/usa-b2.com\\\/tr\\\/gizlilik-politikasi\\\/#breadcrumb\"},\"inLanguage\":\"tr\",\"potentialAction\":[{\"@type\":\"ReadAction\",\"target\":[\"https:\\\/\\\/usa-b2.com\\\/tr\\\/gizlilik-politikasi\\\/\"]}]},{\"@type\":\"BreadcrumbList\",\"@id\":\"https:\\\/\\\/usa-b2.com\\\/tr\\\/gizlilik-politikasi\\\/#breadcrumb\",\"itemListElement\":[{\"@type\":\"ListItem\",\"position\":1,\"name\":\"Accueil\",\"item\":\"https:\\\/\\\/usa-b2.com\\\/tr\\\/usa\\\/\"},{\"@type\":\"ListItem\",\"position\":2,\"name\":\"gizlilik-politikasi\"}]},{\"@type\":\"WebSite\",\"@id\":\"https:\\\/\\\/usa-b2.com\\\/tr\\\/#website\",\"url\":\"https:\\\/\\\/usa-b2.com\\\/tr\\\/\",\"name\":\"USA B2 VISA\",\"description\":\"\",\"potentialAction\":[{\"@type\":\"SearchAction\",\"target\":{\"@type\":\"EntryPoint\",\"urlTemplate\":\"https:\\\/\\\/usa-b2.com\\\/tr\\\/?s={search_term_string}\"},\"query-input\":{\"@type\":\"PropertyValueSpecification\",\"valueRequired\":true,\"valueName\":\"search_term_string\"}}],\"inLanguage\":\"tr\"}]}<\/script>\n<!-- \/ Yoast SEO plugin. -->","yoast_head_json":{"title":"gizlilik-politikasi - USA B2","description":"usa-b2.com web sitesi i\u00e7in gizlilik politikas\u0131","robots":{"index":"noindex","follow":"nofollow"},"og_locale":"tr_TR","og_type":"article","og_title":"gizlilik-politikasi - USA B2","og_description":"usa-b2.com web sitesi i\u00e7in gizlilik politikas\u0131","og_url":"https:\/\/usa-b2.com\/tr\/gizlilik-politikasi\/","og_site_name":"USA B2","article_modified_time":"2025-02-06T10:09:36+00:00","twitter_card":"summary_large_image","twitter_misc":{"Tahmini okuma s\u00fcresi":"1 dakika"},"schema":{"@context":"https:\/\/schema.org","@graph":[{"@type":"WebPage","@id":"https:\/\/usa-b2.com\/tr\/gizlilik-politikasi\/","url":"https:\/\/usa-b2.com\/tr\/gizlilik-politikasi\/","name":"gizlilik-politikasi - USA B2","isPartOf":{"@id":"https:\/\/usa-b2.com\/tr\/#website"},"datePublished":"2024-02-19T17:16:58+00:00","dateModified":"2025-02-06T10:09:36+00:00","description":"usa-b2.com web sitesi i\u00e7in gizlilik politikas\u0131","breadcrumb":{"@id":"https:\/\/usa-b2.com\/tr\/gizlilik-politikasi\/#breadcrumb"},"inLanguage":"tr","potentialAction":[{"@type":"ReadAction","target":["https:\/\/usa-b2.com\/tr\/gizlilik-politikasi\/"]}]},{"@type":"BreadcrumbList","@id":"https:\/\/usa-b2.com\/tr\/gizlilik-politikasi\/#breadcrumb","itemListElement":[{"@type":"ListItem","position":1,"name":"Accueil","item":"https:\/\/usa-b2.com\/tr\/usa\/"},{"@type":"ListItem","position":2,"name":"gizlilik-politikasi"}]},{"@type":"WebSite","@id":"https:\/\/usa-b2.com\/tr\/#website","url":"https:\/\/usa-b2.com\/tr\/","name":"USA B2 VISA","description":"","potentialAction":[{"@type":"SearchAction","target":{"@type":"EntryPoint","urlTemplate":"https:\/\/usa-b2.com\/tr\/?s={search_term_string}"},"query-input":{"@type":"PropertyValueSpecification","valueRequired":true,"valueName":"search_term_string"}}],"inLanguage":"tr"}]}},"_links":{"self":[{"href":"https:\/\/usa-b2.com\/tr\/wp-json\/wp\/v2\/pages\/2227","targetHints":{"allow":["GET"]}}],"collection":[{"href":"https:\/\/usa-b2.com\/tr\/wp-json\/wp\/v2\/pages"}],"about":[{"href":"https:\/\/usa-b2.com\/tr\/wp-json\/wp\/v2\/types\/page"}],"author":[{"embeddable":true,"href":"https:\/\/usa-b2.com\/tr\/wp-json\/wp\/v2\/users\/1"}],"replies":[{"embeddable":true,"href":"https:\/\/usa-b2.com\/tr\/wp-json\/wp\/v2\/comments?post=2227"}],"version-history":[{"count":0,"href":"https:\/\/usa-b2.com\/tr\/wp-json\/wp\/v2\/pages\/2227\/revisions"}],"wp:attachment":[{"href":"https:\/\/usa-b2.com\/tr\/wp-json\/wp\/v2\/media?parent=2227"}],"curies":[{"name":"wp","href":"https:\/\/api.w.org\/{rel}","templated":true}]}}