{"id":2215,"date":"2024-02-10T17:20:38","date_gmt":"2024-02-10T17:20:38","guid":{"rendered":"https:\/\/usa-b2.com\/miami-vize\/"},"modified":"2025-10-14T10:40:49","modified_gmt":"2025-10-14T10:40:49","slug":"miami-vize","status":"publish","type":"page","link":"https:\/\/usa-b2.com\/tr\/miami-vize\/","title":{"rendered":"Miami&#8217;ye seyahat etmek i\u00e7in vize almak"},"content":{"rendered":"\n<h1 class=\"wp-block-heading\" id=\"h-visa-chicago-pour-les-usa\">Amerika Birle\u015fik Devletleri&#8217;ne seyahat i\u00e7in Miami vizesi<\/h1>\n\n<p>Amerika Birle\u015fik Devletleri&#8217;ne seyahat etmek \u00fczere Miami&#8217;ye gelmeyi planlayan yabanc\u0131 yolcular\u0131n ge\u00e7erli bir seyahat iznine sahip olmalar\u0131 gerekmektedir. ABD&#8217;de kal\u0131\u015f amac\u0131n\u0131za ve s\u00fcresine ba\u011fl\u0131 olarak \u00e7e\u015fitli seyahat izni t\u00fcrleri vard\u0131r. <\/p>\n\n<h2 class=\"wp-block-heading\" id=\"h-faut-il-un-visa-pour-chicago\">Miami i\u00e7in vizeye ihtiyac\u0131m var m\u0131?<\/h2>\n\n<p>Miami, Florida&#8217;da bir Amerikan \u015fehridir. Amerika&#8217;n\u0131n do\u011fu k\u0131y\u0131s\u0131n\u0131n g\u00fcneyindeki ba\u015fl\u0131ca turistik yerlerden biridir. ABD&#8217;yi turist olarak 3 aydan fazla bir s\u00fcre i\u00e7in ziyaret ediyorsan\u0131z, <a href=\"https:\/\/usa-b2.com\/tr\/vize-b2\/\">B2 vizesine<\/a> ihtiyac\u0131n\u0131z olacakt\u0131r.  <\/p>\n\n<p><strong>90 g\u00fcnden k\u0131sa s\u00fcreli kal\u0131\u015flar i\u00e7in<\/strong>: Miami i\u00e7in b2 vizesi almak gerekli de\u011fildir. Tek yapman\u0131z gereken <a href=\"https:\/\/usa-b2.com\/tr\/esta-formunu-cevrimici\/\">ESTA online formuna<\/a> t\u0131klayarak bir seyahat izni almakt\u0131r. <\/p>\n\n<div style=\"height:10px\" aria-hidden=\"true\" class=\"wp-block-spacer\"><\/div>\n\n<h2 class=\"wp-block-heading\">Miami i\u00e7in turist vizesi nedir?<\/h2>\n\n<p>Miami i\u00e7in B2 turist vizesi, seyahat edenlerin ABD&#8217;de kalmak i\u00e7in Miami, Florida&#8217;ya inmelerine izin verir. B2 vizesi ile seyahat edenler gezmeye gidebilir veya Amerika Birle\u015fik Devletleri&#8217;nde ya\u015fayan akrabalar\u0131n\u0131 ziyaret edebilirler. Vize ba\u015flang\u0131\u00e7ta 6 ayl\u0131k bir s\u00fcre i\u00e7in ge\u00e7erlidir.  <\/p>\n\n<h2 class=\"wp-block-heading\">Miami&#8217;de aktarma yapmak i\u00e7in vizeye ihtiyac\u0131m var m\u0131?<\/h2>\n\n<p>Miami&#8217;de mola vermek i\u00e7in yolcular\u0131n ge\u00e7erli bir seyahat iznine sahip olmalar\u0131 gerekmektedir. Birka\u00e7 olas\u0131 seyahat izni bulunmaktad\u0131r.   <\/p>\n\n<p>Seyahat eden ki\u015fi <a href=\"https:\/\/usa-b2.com\/tr\/vize-verme-programi\/\">Vize Muafiyet Program\u0131na<\/a> \u00fcye bir \u00fclkenin vatanda\u015f\u0131 ise <a href=\"https:\/\/usa-b2.com\/tr\/vize-transit-abd\/\">transit vize<\/a> almas\u0131na gerek yoktur. Yolcular ESTA izni ile Miami&#8217;den transit ge\u00e7i\u015f yapabilirler.<\/p>\n\n<p>Seyahat eden ki\u015fi vize muafiyeti olan bir \u00fclkenin vatanda\u015f\u0131 de\u011filse, Miami&#8217;de aktarmal\u0131 bir seyahat planlamadan \u00f6nce <a href=\"https:\/\/usa-b2.com\/tr\/b2-vize-formu\/\">B2 vizesine ba\u015fvurmal\u0131d\u0131r<\/a>.<\/p>\n\n<h2 class=\"wp-block-heading\" id=\"h-quel-est-le-prix-du-visa-pour-chicago\">Miami i\u00e7in vize \u00fccretleri nedir?<\/h2>\n\n<p>Miami i\u00e7in <a href=\"https:\/\/usa-b2.com\/tr\/ucretler-vize-b2-abd\/\">B2 vizesi \u00fccreti<\/a> 2023 y\u0131l\u0131 itibariyle 185 ABD Dolar\u0131d\u0131r. Ba\u015fvurunun online olarak onaylanmas\u0131 i\u00e7in vize ba\u015fvurusu s\u0131ras\u0131nda \u00fccretlerin \u00f6denmesi gerekmektedir. \u00dccretin \u00f6dendi\u011fine dair makbuz, <a href=\"https:\/\/usa-b2.com\/tr\/basvuru-proseduru-vize-b2\/\">B2 vize ba\u015fvuru prosed\u00fcr\u00fcn\u00fcn<\/a> bir par\u00e7as\u0131 olarak destekleyici belgelere eklenmelidir.<\/p>\n\n<h2 class=\"wp-block-heading\" id=\"h-comment-obtenir-un-visa-pour-chicago\">Miami i\u00e7in nas\u0131l vize alabilirim?<\/h2>\n\n<p>Miami&#8217;ye seyahat etmek \u00fczere B2 vizesi almak i\u00e7in <a href=\"https:\/\/www.uscis.gov\/\">USCIS<\/a> online <a href=\"https:\/\/usa-b2.com\/tr\/basvuru-proseduru-vize-b2\/\">vize ba\u015fvuru s\u00fcrecini<\/a> tamamlaman\u0131z gerekmektedir. Vize verilmesine ili\u015fkin nihai karar, <a href=\"https:\/\/usa-b2.com\/tr\/abd-vize-buyukelciligi-icin-randevulasin\/\">Amerikan B\u00fcy\u00fckel\u00e7ili\u011finde yap\u0131lacak vize m\u00fclakat\u0131n\u0131n<\/a> ard\u0131ndan al\u0131nacakt\u0131r.<\/p>\n\n<h2 class=\"wp-block-heading\" id=\"h-faut-il-un-visa-esta-pour-chicago\">Miami i\u00e7in ESTA&#8217;ya kimler ba\u015fvurabilir?<\/h2>\n\n<p>ABD Vize Muafiyet Program\u0131na \u00fcye olan \u00fclkelerin vatanda\u015flar\u0131 Miami i\u00e7in <a href=\"https:\/\/usa-b2.com\/tr\/esta-formunu-cevrimici\/\">ESTA ba\u015fvurusunu online<\/a> olarak yapabilirler. ESTA izni almak i\u00e7in ge\u00e7en s\u00fcre, bir <a href=\"https:\/\/usa-b2.com\/tr\/amerikan-elciligi\/\">Amerikan el\u00e7ili\u011finden<\/a> B2 vizesi almak i\u00e7in ge\u00e7en s\u00fcreden \u00e7ok daha k\u0131sad\u0131r.<\/p>\n\n<p>Miami i\u00e7in ESTA izni 2 y\u0131l s\u00fcreyle ge\u00e7erlidir. <g id=\"gid_0\">ABD&#8217;ye seyahat etmek i\u00e7in kullan\u0131lan pasaportun<\/g> s\u00fcresi 2 y\u0131ll\u0131k s\u00fcre zarf\u0131nda sona ererse daha erken sona erebilir. \u0130zin, onu almak i\u00e7in kullan\u0131lan pasaportla ba\u011flant\u0131l\u0131d\u0131r.  <\/p>\n\n<p>ESTA, Amerika Birle\u015fik Devletleri&#8217;nde art arda en fazla 90 g\u00fcn kalman\u0131za izin verir.\n<a href=\"https:\/\/usa-b2.com\/tr\/gecerlilik-suresi-esta\/\">ESTA&#8217;n\u0131n 2 y\u0131ll\u0131k ge\u00e7erlilik<\/a> s\u00fcresi boyunca 90 g\u00fcnl\u00fck konaklamalar birden fazla olabilir. <\/p>\n","protected":false},"excerpt":{"rendered":"<p>Amerika Birle\u015fik Devletleri&#8217;ne seyahat i\u00e7in Miami vizesi Amerika Birle\u015fik Devletleri&#8217;ne seyahat etmek \u00fczere Miami&#8217;ye gelmeyi planlayan yabanc\u0131 yolcular\u0131n ge\u00e7erli bir seyahat iznine sahip olmalar\u0131 gerekmektedir. ABD&#8217;de kal\u0131\u015f amac\u0131n\u0131za ve s\u00fcresine ba\u011fl\u0131 olarak \u00e7e\u015fitli seyahat izni t\u00fcrleri vard\u0131r. Miami i\u00e7in vizeye ihtiyac\u0131m var m\u0131? Miami, Florida&#8217;da bir Amerikan \u015fehridir. Amerika&#8217;n\u0131n do\u011fu k\u0131y\u0131s\u0131n\u0131n g\u00fcneyindeki ba\u015fl\u0131ca turistik yerlerden [&hellip;]<\/p>\n","protected":false},"author":1,"featured_media":0,"parent":0,"menu_order":0,"comment_status":"closed","ping_status":"closed","template":"","meta":{"footnotes":""},"class_list":["post-2215","page","type-page","status-publish","hentry"],"yoast_head":"<!-- This site is optimized with the Yoast SEO plugin v27.4 - https:\/\/yoast.com\/product\/yoast-seo-wordpress\/ -->\n<title>Miami&#039;ye seyahat etmek i\u00e7in vize almak - USA B2<\/title>\n<meta name=\"description\" content=\"Amerika Birle\u015fik Devletleri&#039;nde Miami&#039;ye gitmek ve ard\u0131ndan Amerikan topraklar\u0131nda seyahat etmek i\u00e7in nas\u0131l seyahat vizesi al\u0131n\u0131r?\" \/>\n<meta name=\"robots\" content=\"index, follow, max-snippet:-1, max-image-preview:large, max-video-preview:-1\" \/>\n<link rel=\"canonical\" href=\"https:\/\/usa-b2.com\/tr\/miami-vize\/\" \/>\n<meta property=\"og:locale\" content=\"tr_TR\" \/>\n<meta property=\"og:type\" content=\"article\" \/>\n<meta property=\"og:title\" content=\"Miami&#039;ye seyahat etmek i\u00e7in vize almak - USA B2\" \/>\n<meta property=\"og:description\" content=\"Amerika Birle\u015fik Devletleri&#039;nde Miami&#039;ye gitmek ve ard\u0131ndan Amerikan topraklar\u0131nda seyahat etmek i\u00e7in nas\u0131l seyahat vizesi al\u0131n\u0131r?\" \/>\n<meta property=\"og:url\" content=\"https:\/\/usa-b2.com\/tr\/miami-vize\/\" \/>\n<meta property=\"og:site_name\" content=\"USA B2\" \/>\n<meta property=\"article:modified_time\" content=\"2025-10-14T10:40:49+00:00\" \/>\n<meta name=\"twitter:card\" content=\"summary_large_image\" \/>\n<meta name=\"twitter:label1\" content=\"Tahmini okuma s\u00fcresi\" \/>\n\t<meta name=\"twitter:data1\" content=\"3 dakika\" \/>\n<script type=\"application\/ld+json\" class=\"yoast-schema-graph\">{\"@context\":\"https:\\\/\\\/schema.org\",\"@graph\":[{\"@type\":\"WebPage\",\"@id\":\"https:\\\/\\\/usa-b2.com\\\/tr\\\/miami-vize\\\/\",\"url\":\"https:\\\/\\\/usa-b2.com\\\/tr\\\/miami-vize\\\/\",\"name\":\"Miami'ye seyahat etmek i\u00e7in vize almak - USA B2\",\"isPartOf\":{\"@id\":\"https:\\\/\\\/usa-b2.com\\\/tr\\\/#website\"},\"datePublished\":\"2024-02-10T17:20:38+00:00\",\"dateModified\":\"2025-10-14T10:40:49+00:00\",\"description\":\"Amerika Birle\u015fik Devletleri'nde Miami'ye gitmek ve ard\u0131ndan Amerikan topraklar\u0131nda seyahat etmek i\u00e7in nas\u0131l seyahat vizesi al\u0131n\u0131r?\",\"breadcrumb\":{\"@id\":\"https:\\\/\\\/usa-b2.com\\\/tr\\\/miami-vize\\\/#breadcrumb\"},\"inLanguage\":\"tr\",\"potentialAction\":[{\"@type\":\"ReadAction\",\"target\":[\"https:\\\/\\\/usa-b2.com\\\/tr\\\/miami-vize\\\/\"]}]},{\"@type\":\"BreadcrumbList\",\"@id\":\"https:\\\/\\\/usa-b2.com\\\/tr\\\/miami-vize\\\/#breadcrumb\",\"itemListElement\":[{\"@type\":\"ListItem\",\"position\":1,\"name\":\"Accueil\",\"item\":\"https:\\\/\\\/usa-b2.com\\\/tr\\\/usa\\\/\"},{\"@type\":\"ListItem\",\"position\":2,\"name\":\"Miami&#8217;ye seyahat etmek i\u00e7in vize almak\"}]},{\"@type\":\"WebSite\",\"@id\":\"https:\\\/\\\/usa-b2.com\\\/tr\\\/#website\",\"url\":\"https:\\\/\\\/usa-b2.com\\\/tr\\\/\",\"name\":\"USA B2 VISA\",\"description\":\"\",\"potentialAction\":[{\"@type\":\"SearchAction\",\"target\":{\"@type\":\"EntryPoint\",\"urlTemplate\":\"https:\\\/\\\/usa-b2.com\\\/tr\\\/?s={search_term_string}\"},\"query-input\":{\"@type\":\"PropertyValueSpecification\",\"valueRequired\":true,\"valueName\":\"search_term_string\"}}],\"inLanguage\":\"tr\"}]}<\/script>\n<!-- \/ Yoast SEO plugin. -->","yoast_head_json":{"title":"Miami'ye seyahat etmek i\u00e7in vize almak - USA B2","description":"Amerika Birle\u015fik Devletleri'nde Miami'ye gitmek ve ard\u0131ndan Amerikan topraklar\u0131nda seyahat etmek i\u00e7in nas\u0131l seyahat vizesi al\u0131n\u0131r?","robots":{"index":"index","follow":"follow","max-snippet":"max-snippet:-1","max-image-preview":"max-image-preview:large","max-video-preview":"max-video-preview:-1"},"canonical":"https:\/\/usa-b2.com\/tr\/miami-vize\/","og_locale":"tr_TR","og_type":"article","og_title":"Miami'ye seyahat etmek i\u00e7in vize almak - USA B2","og_description":"Amerika Birle\u015fik Devletleri'nde Miami'ye gitmek ve ard\u0131ndan Amerikan topraklar\u0131nda seyahat etmek i\u00e7in nas\u0131l seyahat vizesi al\u0131n\u0131r?","og_url":"https:\/\/usa-b2.com\/tr\/miami-vize\/","og_site_name":"USA B2","article_modified_time":"2025-10-14T10:40:49+00:00","twitter_card":"summary_large_image","twitter_misc":{"Tahmini okuma s\u00fcresi":"3 dakika"},"schema":{"@context":"https:\/\/schema.org","@graph":[{"@type":"WebPage","@id":"https:\/\/usa-b2.com\/tr\/miami-vize\/","url":"https:\/\/usa-b2.com\/tr\/miami-vize\/","name":"Miami'ye seyahat etmek i\u00e7in vize almak - USA B2","isPartOf":{"@id":"https:\/\/usa-b2.com\/tr\/#website"},"datePublished":"2024-02-10T17:20:38+00:00","dateModified":"2025-10-14T10:40:49+00:00","description":"Amerika Birle\u015fik Devletleri'nde Miami'ye gitmek ve ard\u0131ndan Amerikan topraklar\u0131nda seyahat etmek i\u00e7in nas\u0131l seyahat vizesi al\u0131n\u0131r?","breadcrumb":{"@id":"https:\/\/usa-b2.com\/tr\/miami-vize\/#breadcrumb"},"inLanguage":"tr","potentialAction":[{"@type":"ReadAction","target":["https:\/\/usa-b2.com\/tr\/miami-vize\/"]}]},{"@type":"BreadcrumbList","@id":"https:\/\/usa-b2.com\/tr\/miami-vize\/#breadcrumb","itemListElement":[{"@type":"ListItem","position":1,"name":"Accueil","item":"https:\/\/usa-b2.com\/tr\/usa\/"},{"@type":"ListItem","position":2,"name":"Miami&#8217;ye seyahat etmek i\u00e7in vize almak"}]},{"@type":"WebSite","@id":"https:\/\/usa-b2.com\/tr\/#website","url":"https:\/\/usa-b2.com\/tr\/","name":"USA B2 VISA","description":"","potentialAction":[{"@type":"SearchAction","target":{"@type":"EntryPoint","urlTemplate":"https:\/\/usa-b2.com\/tr\/?s={search_term_string}"},"query-input":{"@type":"PropertyValueSpecification","valueRequired":true,"valueName":"search_term_string"}}],"inLanguage":"tr"}]}},"_links":{"self":[{"href":"https:\/\/usa-b2.com\/tr\/wp-json\/wp\/v2\/pages\/2215","targetHints":{"allow":["GET"]}}],"collection":[{"href":"https:\/\/usa-b2.com\/tr\/wp-json\/wp\/v2\/pages"}],"about":[{"href":"https:\/\/usa-b2.com\/tr\/wp-json\/wp\/v2\/types\/page"}],"author":[{"embeddable":true,"href":"https:\/\/usa-b2.com\/tr\/wp-json\/wp\/v2\/users\/1"}],"replies":[{"embeddable":true,"href":"https:\/\/usa-b2.com\/tr\/wp-json\/wp\/v2\/comments?post=2215"}],"version-history":[{"count":2,"href":"https:\/\/usa-b2.com\/tr\/wp-json\/wp\/v2\/pages\/2215\/revisions"}],"predecessor-version":[{"id":10320,"href":"https:\/\/usa-b2.com\/tr\/wp-json\/wp\/v2\/pages\/2215\/revisions\/10320"}],"wp:attachment":[{"href":"https:\/\/usa-b2.com\/tr\/wp-json\/wp\/v2\/media?parent=2215"}],"curies":[{"name":"wp","href":"https:\/\/api.w.org\/{rel}","templated":true}]}}