{"id":2203,"date":"2024-02-10T17:03:45","date_gmt":"2024-02-10T17:03:45","guid":{"rendered":"https:\/\/usa-b2.com\/yasal-bilgiler\/"},"modified":"2025-02-06T10:22:13","modified_gmt":"2025-02-06T10:22:13","slug":"yasal-bilgiler","status":"publish","type":"page","link":"https:\/\/usa-b2.com\/tr\/yasal-bilgiler\/","title":{"rendered":"usa-b2.com yasal uyar\u0131"},"content":{"rendered":"\n<h1 class=\"wp-block-heading\">Web sitesi i\u00e7in yasal bildirimler<\/h1>\n\n<h2 class=\"wp-block-heading\">Web Sitesi Edit\u00f6r\u00fc<\/h2>\n\n<p>Amerika Birle\u015fik Devletleri&#8217;nde d\u00fczenlenen turistik yol gezileri hakk\u0131nda \u00e7evrimi\u00e7i bir bilgi sitesiyiz. Site, Malta&#8217;da (AB) kay\u0131tl\u0131 bir \u015firket olan <a href=\"https:\/\/alma-consulting.org\">ALMA Consulting<\/a> taraf\u0131ndan yay\u0131nlanmaktad\u0131r. <\/p>\n\n<p>ABD y\u00f6netimi ya da ba\u015fka bir y\u00f6netimle hi\u00e7bir \u015fekilde ba\u011flant\u0131m\u0131z yoktur.  <\/p>\n\n<p>Web sitemiz \u00fc\u00e7\u00fcnc\u00fc taraf web sitelerine \u00e7e\u015fitli k\u00f6pr\u00fcler i\u00e7ermektedir. Bu sitelerle ba\u011flant\u0131m\u0131z veya bu siteler \u00fczerinde kontrol\u00fcm\u00fcz yoktur ve gizlilik politikalar\u0131ndan veya ticari uygulamalar\u0131ndan sorumlu de\u011filiz.<\/p>\n\n<p>Bizimle ileti\u015fime ge\u00e7mek i\u00e7in l\u00fctfen <a href=\"https:\/\/usa-b2.com\/tr\/contact\/\">ileti\u015fim formumuzu<\/a> kullan\u0131n.<\/p>\n\n<h2 class=\"wp-block-heading\">Web sitesi bar\u0131nd\u0131rma<\/h2>\n\n<p>Web sitemiz Roubaix, Fransa merkezli bir \u015firket olan OVH taraf\u0131ndan bar\u0131nd\u0131r\u0131lmaktad\u0131r. OVH, Lille M\u00e9tropole \u015firket sicilinde B424 761 419 numaras\u0131yla kay\u0131tl\u0131 bir \u015firkettir.<\/p>\n\n<h2 class=\"wp-block-heading\">Ki\u015fisel verilerin i\u015flenmesi<\/h2>\n\n<p>Siteyi y\u00f6netmek i\u00e7in herhangi bir ki\u015fisel veri toplam\u0131yoruz. Ziyaret\u00e7ilerin ki\u015fisel bilgilerinin tek \u00e7evrimi\u00e7i kayd\u0131, birka\u00e7 nadir tarama \u00e7ereziyle ilgilidir. Ziyaret\u00e7iler bu verilere eri\u015fme, de\u011fi\u015ftirme, d\u00fczeltme ve silme hakk\u0131na sahiptir. Bu hakk\u0131 kullanmak i\u00e7in l\u00fctfen <a href=\"https:\/\/usa-b2.com\/tr\/contact\/\">ileti\u015fim formumuzu<\/a> kullanarak bizimle ileti\u015fime ge\u00e7in.   <\/p>\n\n<p>T\u00fcm ayr\u0131nt\u0131lar i\u00e7in l\u00fctfen <a href=\"https:\/\/usa-b2.com\/tr\/gizlilik-politikasi\/\">gizlilik politikam\u0131za<\/a> bak\u0131n.<\/p>\n","protected":false},"excerpt":{"rendered":"<p>Web sitesi i\u00e7in yasal bildirimler Web Sitesi Edit\u00f6r\u00fc Amerika Birle\u015fik Devletleri&#8217;nde d\u00fczenlenen turistik yol gezileri hakk\u0131nda \u00e7evrimi\u00e7i bir bilgi sitesiyiz. Site, Malta&#8217;da (AB) kay\u0131tl\u0131 bir \u015firket olan ALMA Consulting taraf\u0131ndan yay\u0131nlanmaktad\u0131r. ABD y\u00f6netimi ya da ba\u015fka bir y\u00f6netimle hi\u00e7bir \u015fekilde ba\u011flant\u0131m\u0131z yoktur. Web sitemiz \u00fc\u00e7\u00fcnc\u00fc taraf web sitelerine \u00e7e\u015fitli k\u00f6pr\u00fcler i\u00e7ermektedir. Bu sitelerle ba\u011flant\u0131m\u0131z veya [&hellip;]<\/p>\n","protected":false},"author":1,"featured_media":0,"parent":0,"menu_order":0,"comment_status":"closed","ping_status":"closed","template":"","meta":{"footnotes":""},"class_list":["post-2203","page","type-page","status-publish","hentry"],"yoast_head":"<!-- This site is optimized with the Yoast SEO plugin v27.0 - https:\/\/yoast.com\/product\/yoast-seo-wordpress\/ -->\n<title>usa-b2.com yasal uyar\u0131 - USA B2<\/title>\n<meta name=\"description\" content=\"usa-b2.com web sitesi i\u00e7in yasal bilgiler\" \/>\n<meta name=\"robots\" content=\"index, follow, max-snippet:-1, max-image-preview:large, max-video-preview:-1\" \/>\n<link rel=\"canonical\" href=\"https:\/\/usa-b2.com\/tr\/yasal-bilgiler\/\" \/>\n<meta property=\"og:locale\" content=\"tr_TR\" \/>\n<meta property=\"og:type\" content=\"article\" \/>\n<meta property=\"og:title\" content=\"usa-b2.com yasal uyar\u0131 - USA B2\" \/>\n<meta property=\"og:description\" content=\"usa-b2.com web sitesi i\u00e7in yasal bilgiler\" \/>\n<meta property=\"og:url\" content=\"https:\/\/usa-b2.com\/tr\/yasal-bilgiler\/\" \/>\n<meta property=\"og:site_name\" content=\"USA B2\" \/>\n<meta property=\"article:modified_time\" content=\"2025-02-06T10:22:13+00:00\" \/>\n<meta name=\"twitter:card\" content=\"summary_large_image\" \/>\n<meta name=\"twitter:label1\" content=\"Tahmini okuma s\u00fcresi\" \/>\n\t<meta name=\"twitter:data1\" content=\"1 dakika\" \/>\n<script type=\"application\/ld+json\" class=\"yoast-schema-graph\">{\"@context\":\"https:\/\/schema.org\",\"@graph\":[{\"@type\":\"WebPage\",\"@id\":\"https:\/\/usa-b2.com\/tr\/yasal-bilgiler\/\",\"url\":\"https:\/\/usa-b2.com\/tr\/yasal-bilgiler\/\",\"name\":\"usa-b2.com yasal uyar\u0131 - USA B2\",\"isPartOf\":{\"@id\":\"https:\/\/usa-b2.com\/tr\/#website\"},\"datePublished\":\"2024-02-10T17:03:45+00:00\",\"dateModified\":\"2025-02-06T10:22:13+00:00\",\"description\":\"usa-b2.com web sitesi i\u00e7in yasal bilgiler\",\"breadcrumb\":{\"@id\":\"https:\/\/usa-b2.com\/tr\/yasal-bilgiler\/#breadcrumb\"},\"inLanguage\":\"tr\",\"potentialAction\":[{\"@type\":\"ReadAction\",\"target\":[\"https:\/\/usa-b2.com\/tr\/yasal-bilgiler\/\"]}]},{\"@type\":\"BreadcrumbList\",\"@id\":\"https:\/\/usa-b2.com\/tr\/yasal-bilgiler\/#breadcrumb\",\"itemListElement\":[{\"@type\":\"ListItem\",\"position\":1,\"name\":\"Accueil\",\"item\":\"https:\/\/usa-b2.com\/tr\/yol-gezileri-rehberi\/\"},{\"@type\":\"ListItem\",\"position\":2,\"name\":\"usa-b2.com yasal uyar\u0131\"}]},{\"@type\":\"WebSite\",\"@id\":\"https:\/\/usa-b2.com\/tr\/#website\",\"url\":\"https:\/\/usa-b2.com\/tr\/\",\"name\":\"USA B2 VISA\",\"description\":\"\",\"potentialAction\":[{\"@type\":\"SearchAction\",\"target\":{\"@type\":\"EntryPoint\",\"urlTemplate\":\"https:\/\/usa-b2.com\/tr\/?s={search_term_string}\"},\"query-input\":{\"@type\":\"PropertyValueSpecification\",\"valueRequired\":true,\"valueName\":\"search_term_string\"}}],\"inLanguage\":\"tr\"}]}<\/script>\n<!-- \/ Yoast SEO plugin. -->","yoast_head_json":{"title":"usa-b2.com yasal uyar\u0131 - USA B2","description":"usa-b2.com web sitesi i\u00e7in yasal bilgiler","robots":{"index":"index","follow":"follow","max-snippet":"max-snippet:-1","max-image-preview":"max-image-preview:large","max-video-preview":"max-video-preview:-1"},"canonical":"https:\/\/usa-b2.com\/tr\/yasal-bilgiler\/","og_locale":"tr_TR","og_type":"article","og_title":"usa-b2.com yasal uyar\u0131 - USA B2","og_description":"usa-b2.com web sitesi i\u00e7in yasal bilgiler","og_url":"https:\/\/usa-b2.com\/tr\/yasal-bilgiler\/","og_site_name":"USA B2","article_modified_time":"2025-02-06T10:22:13+00:00","twitter_card":"summary_large_image","twitter_misc":{"Tahmini okuma s\u00fcresi":"1 dakika"},"schema":{"@context":"https:\/\/schema.org","@graph":[{"@type":"WebPage","@id":"https:\/\/usa-b2.com\/tr\/yasal-bilgiler\/","url":"https:\/\/usa-b2.com\/tr\/yasal-bilgiler\/","name":"usa-b2.com yasal uyar\u0131 - USA B2","isPartOf":{"@id":"https:\/\/usa-b2.com\/tr\/#website"},"datePublished":"2024-02-10T17:03:45+00:00","dateModified":"2025-02-06T10:22:13+00:00","description":"usa-b2.com web sitesi i\u00e7in yasal bilgiler","breadcrumb":{"@id":"https:\/\/usa-b2.com\/tr\/yasal-bilgiler\/#breadcrumb"},"inLanguage":"tr","potentialAction":[{"@type":"ReadAction","target":["https:\/\/usa-b2.com\/tr\/yasal-bilgiler\/"]}]},{"@type":"BreadcrumbList","@id":"https:\/\/usa-b2.com\/tr\/yasal-bilgiler\/#breadcrumb","itemListElement":[{"@type":"ListItem","position":1,"name":"Accueil","item":"https:\/\/usa-b2.com\/tr\/yol-gezileri-rehberi\/"},{"@type":"ListItem","position":2,"name":"usa-b2.com yasal uyar\u0131"}]},{"@type":"WebSite","@id":"https:\/\/usa-b2.com\/tr\/#website","url":"https:\/\/usa-b2.com\/tr\/","name":"USA B2 VISA","description":"","potentialAction":[{"@type":"SearchAction","target":{"@type":"EntryPoint","urlTemplate":"https:\/\/usa-b2.com\/tr\/?s={search_term_string}"},"query-input":{"@type":"PropertyValueSpecification","valueRequired":true,"valueName":"search_term_string"}}],"inLanguage":"tr"}]}},"_links":{"self":[{"href":"https:\/\/usa-b2.com\/tr\/wp-json\/wp\/v2\/pages\/2203","targetHints":{"allow":["GET"]}}],"collection":[{"href":"https:\/\/usa-b2.com\/tr\/wp-json\/wp\/v2\/pages"}],"about":[{"href":"https:\/\/usa-b2.com\/tr\/wp-json\/wp\/v2\/types\/page"}],"author":[{"embeddable":true,"href":"https:\/\/usa-b2.com\/tr\/wp-json\/wp\/v2\/users\/1"}],"replies":[{"embeddable":true,"href":"https:\/\/usa-b2.com\/tr\/wp-json\/wp\/v2\/comments?post=2203"}],"version-history":[{"count":0,"href":"https:\/\/usa-b2.com\/tr\/wp-json\/wp\/v2\/pages\/2203\/revisions"}],"wp:attachment":[{"href":"https:\/\/usa-b2.com\/tr\/wp-json\/wp\/v2\/media?parent=2203"}],"curies":[{"name":"wp","href":"https:\/\/api.w.org\/{rel}","templated":true}]}}