{"id":2199,"date":"2024-02-10T17:14:25","date_gmt":"2024-02-10T17:14:25","guid":{"rendered":"https:\/\/usa-b2.com\/ucretler-vize-b2-abd\/"},"modified":"2025-10-14T10:19:37","modified_gmt":"2025-10-14T10:19:37","slug":"ucretler-vize-b2-abd","status":"publish","type":"page","link":"https:\/\/usa-b2.com\/tr\/ucretler-vize-b2-abd\/","title":{"rendered":"Amerikan B2 vizesi i\u00e7in \u00fccretler"},"content":{"rendered":"\n<h1 class=\"wp-block-heading\">B2 vizesinin \u00fccreti ne kadard\u0131r?<\/h1>\n\n<p>B2 vizesine ba\u015fvururken, ba\u015fvuru sahiplerinin ba\u015fvurular\u0131n\u0131 do\u011frulamak i\u00e7in bir idari \u00fccret \u00f6demeleri gerekmektedir. \u00dccretin \u00f6denmesi zorunludur ve vize ba\u015fvurusu i\u015fleme al\u0131nmadan \u00f6nce ger\u00e7ekle\u015fir. <\/p>\n\n<p><strong>Amerika Birle\u015fik Devletleri&#8217;nde 90 g\u00fcnden az kalmak i\u00e7in<\/strong>: Vize ba\u015fvurusunda bulunman\u0131za gerek yoktur. <a href=\"https:\/\/usa-b2.com\/tr\/esta-formunu-cevrimici\/\">ESTA online formuna<\/a> t\u0131klayarak sadece birka\u00e7 dakika i\u00e7inde elektronik seyahat izni i\u00e7in ba\u015fvurabilirsiniz.<\/p>\n\n<div style=\"height:10px\" aria-hidden=\"true\" class=\"wp-block-spacer\"><\/div>\n\n<h2 class=\"wp-block-heading\" id=\"h-qui-est-concerne-par-ces-frais\">Masraflar\u0131 kim \u00f6d\u00fcyor?<\/h2>\n\n<p>Amerika Birle\u015fik Devletleri vizesi i\u00e7in ba\u015fvuru \u00fccretleri, ya\u015fa bak\u0131lmaks\u0131z\u0131n Amerika Birle\u015fik Devletleri&#8217;ni ziyaret etmek isteyen t\u00fcm yabanc\u0131 vatanda\u015flar i\u00e7in ge\u00e7erlidir. Bu \u00fccret iade edilmez ve vize ba\u015fvurusu i\u015fleme al\u0131nmadan \u00f6nce \u00f6denir. <\/p>\n\n<h2 class=\"wp-block-heading\">Vize \u00fccretini ne zaman \u00f6demem gerekiyor?<\/h2>\n\n<p>Ba\u015fvuru sahibi <a href=\"https:\/\/usa-b2.com\/tr\/ds-160\/\">DS 160 vize ba\u015fvuru formunu<\/a> doldurduktan sonra vize \u00fccretinin \u00f6denmesi gerekmektedir. \u00dccretin \u00f6denmesi vize ba\u015fvurusunu ge\u00e7erli k\u0131lar ve idari i\u015flemlerini ba\u015flat\u0131r. <\/p>\n\n<h2 class=\"wp-block-heading\" id=\"h-montant-des-frais-pour-une-demande-de-visa-usa\">\u00dccretler ne kadar?<\/h2>\n\n<p><a href=\"https:\/\/usa-b2.com\/tr\/vize-b2\/\">B2 vize<\/a> ba\u015fvurusunu onaylama \u00fccreti 185 ABD Dolar\u0131d\u0131r. Bu miktar ABD D\u0131\u015fi\u015fleri Bakanl\u0131\u011f\u0131 taraf\u0131ndan belirlenmekte ve d\u00fczenli olarak g\u00fcncellenmektedir. Daha detayl\u0131 bilgiye <a href=\"https:\/\/travel.state.gov\/content\/travel\/en\/us-visas\/visa-information-resources\/fees\/fees-visa-services.html\">bu sayfadan<\/a> ula\u015fabilirsiniz.<\/p>\n\n<h2 class=\"wp-block-heading\" id=\"h-comment-payer-les-frais-de-visa\">Vize i\u00e7in nas\u0131l \u00f6deme yapaca\u011f\u0131m?<\/h2>\n\n<h3 class=\"wp-block-heading\" id=\"h-paiement-des-frais-par-virement-bancaire\">\u00dccretlerin kredi kart\u0131 ile \u00f6denmesi<\/h3>\n\n<p>Ba\u015fvuru sahipleri vize \u00fccretini do\u011frudan online olarak kredi kart\u0131yla \u00f6deyebilirler. Tutar dolar cinsinden ifade edilir ancak banka taraf\u0131ndan otomatik olarak yerel para birimine \u00e7evrilecektir. <\/p>\n\n<h3 class=\"wp-block-heading\" id=\"h-paiement-des-frais-par-virement-bancaire\">\u00dccretlerin banka havalesi ile \u00f6denmesi<\/h3>\n\n<p>Ba\u015fvuru sahipleri vize \u00fccretini banka havalesi yoluyla da \u00f6deyebilirler. \u00dccretler dolar ve di\u011fer baz\u0131 yerel para birimleri cinsinden belirtilmektedir. Kullan\u0131lan d\u00f6viz kuru ABD D\u0131\u015fi\u015fleri Bakanl\u0131\u011f\u0131 taraf\u0131ndan belirlenmektedir.  <\/p>\n\n<h3 class=\"wp-block-heading\" id=\"h-paiement-en-cash-avec-un-bordereau-de-depot\">Depozito makbuzu ile \u00f6deme<\/h3>\n\n<p>Ba\u015fvuru sahipleri vize \u00fccretini nakit olarak da \u00f6deyebilirler. ABD taraf\u0131ndan akredite edilmi\u015f bir bankaya para yat\u0131rman\u0131z gerekmektedir. Kar\u015f\u0131l\u0131\u011f\u0131nda, \u00fccretlerin \u00f6dendi\u011finin kan\u0131t\u0131 olarak bir depozito makbuzu alacaklard\u0131r.  <\/p>\n\n<h2 class=\"wp-block-heading\" id=\"h-limitations-liees-au-paiement-des-frais-de-visa\">Vize reddi durumunda \u00f6denen \u00fccretlerin geri \u00f6denmesi<\/h2>\n\n<p>Ba\u015fvurunun sonucu ne olursa olsun, \u00f6denen vize \u00fccretlerinin iadesi m\u00fcmk\u00fcn de\u011fildir.<\/p>\n\n<p>\u00dccretin \u00f6denmesi de ba\u015fka bir B2 vize ba\u015fvurusu i\u00e7in ba\u015fka bir ba\u015fvuru sahibine devredilemez. Ba\u015fka bir vize ba\u015fvurusu i\u00e7in kullan\u0131lamaz veya devredilemez.<\/p>\n\n<p>Makbuzu 1 y\u0131l boyunca kullanmazsan\u0131z, \u00f6denen \u00fccretler kaybolacakt\u0131r. \u00dccretin \u00f6denmesini hakl\u0131 g\u00f6stermek i\u00e7in art\u0131k makbuzu kullanamayacaks\u0131n\u0131z ve bu ge\u00e7ersiz makbuzla <a href=\"https:\/\/usa-b2.com\/tr\/abd-vize-buyukelciligi-icin-randevulasin\/\">b\u00fcy\u00fckel\u00e7ilikten vize randevusu<\/a> alamayacaks\u0131n\u0131z. Bu nedenle kullan\u0131lmayan ilk \u00f6demeniz iptal edilecektir. Bu \u00fccretin \u00f6denmesi herhangi bir nedenle iade edilemez.<\/p>\n\n<h2 class=\"wp-block-heading\">Vize \u00fccreti \u00f6demesinin ge\u00e7erlilik s\u00fcresi<\/h2>\n\n<p>Aday, \u00fccret \u00f6dendi\u011finde numaral\u0131 bir makbuz al\u0131r. Bu \u00f6deme sertifikas\u0131 1 y\u0131l s\u00fcreyle ge\u00e7erlidir. Bu nedenle ba\u015fvuru sahiplerinin, \u00f6demenin 1 y\u0131ll\u0131k ge\u00e7erlilik s\u00fcresi i\u00e7inde m\u00fclakat i\u00e7in Amerikan b\u00fcy\u00fckel\u00e7ili\u011finden randevu almalar\u0131 gerekmektedir.  <\/p>\n","protected":false},"excerpt":{"rendered":"<p>B2 vizesinin \u00fccreti ne kadard\u0131r? B2 vizesine ba\u015fvururken, ba\u015fvuru sahiplerinin ba\u015fvurular\u0131n\u0131 do\u011frulamak i\u00e7in bir idari \u00fccret \u00f6demeleri gerekmektedir. \u00dccretin \u00f6denmesi zorunludur ve vize ba\u015fvurusu i\u015fleme al\u0131nmadan \u00f6nce ger\u00e7ekle\u015fir. Amerika Birle\u015fik Devletleri&#8217;nde 90 g\u00fcnden az kalmak i\u00e7in: Vize ba\u015fvurusunda bulunman\u0131za gerek yoktur. ESTA online formuna t\u0131klayarak sadece birka\u00e7 dakika i\u00e7inde elektronik seyahat izni i\u00e7in ba\u015fvurabilirsiniz. Masraflar\u0131 [&hellip;]<\/p>\n","protected":false},"author":1,"featured_media":0,"parent":0,"menu_order":0,"comment_status":"closed","ping_status":"closed","template":"","meta":{"footnotes":""},"class_list":["post-2199","page","type-page","status-publish","hentry"],"yoast_head":"<!-- This site is optimized with the Yoast SEO plugin v27.4 - https:\/\/yoast.com\/product\/yoast-seo-wordpress\/ -->\n<title>Amerikan B2 vizesi i\u00e7in \u00fccretler - USA B2<\/title>\n<meta name=\"description\" content=\"B2 ABD turist vizesi i\u00e7in online olarak ne kadar \u00f6deme yapmam gerekiyor?\" \/>\n<meta name=\"robots\" content=\"index, follow, max-snippet:-1, max-image-preview:large, max-video-preview:-1\" \/>\n<link rel=\"canonical\" href=\"https:\/\/usa-b2.com\/tr\/ucretler-vize-b2-abd\/\" \/>\n<meta property=\"og:locale\" content=\"tr_TR\" \/>\n<meta property=\"og:type\" content=\"article\" \/>\n<meta property=\"og:title\" content=\"Amerikan B2 vizesi i\u00e7in \u00fccretler - USA B2\" \/>\n<meta property=\"og:description\" content=\"B2 ABD turist vizesi i\u00e7in online olarak ne kadar \u00f6deme yapmam gerekiyor?\" \/>\n<meta property=\"og:url\" content=\"https:\/\/usa-b2.com\/tr\/ucretler-vize-b2-abd\/\" \/>\n<meta property=\"og:site_name\" content=\"USA B2\" \/>\n<meta property=\"article:modified_time\" content=\"2025-10-14T10:19:37+00:00\" \/>\n<meta name=\"twitter:card\" content=\"summary_large_image\" \/>\n<meta name=\"twitter:label1\" content=\"Tahmini okuma s\u00fcresi\" \/>\n\t<meta name=\"twitter:data1\" content=\"2 dakika\" \/>\n<script type=\"application\/ld+json\" class=\"yoast-schema-graph\">{\"@context\":\"https:\\\/\\\/schema.org\",\"@graph\":[{\"@type\":\"WebPage\",\"@id\":\"https:\\\/\\\/usa-b2.com\\\/tr\\\/ucretler-vize-b2-abd\\\/\",\"url\":\"https:\\\/\\\/usa-b2.com\\\/tr\\\/ucretler-vize-b2-abd\\\/\",\"name\":\"Amerikan B2 vizesi i\u00e7in \u00fccretler - USA B2\",\"isPartOf\":{\"@id\":\"https:\\\/\\\/usa-b2.com\\\/tr\\\/#website\"},\"datePublished\":\"2024-02-10T17:14:25+00:00\",\"dateModified\":\"2025-10-14T10:19:37+00:00\",\"description\":\"B2 ABD turist vizesi i\u00e7in online olarak ne kadar \u00f6deme yapmam gerekiyor?\",\"breadcrumb\":{\"@id\":\"https:\\\/\\\/usa-b2.com\\\/tr\\\/ucretler-vize-b2-abd\\\/#breadcrumb\"},\"inLanguage\":\"tr\",\"potentialAction\":[{\"@type\":\"ReadAction\",\"target\":[\"https:\\\/\\\/usa-b2.com\\\/tr\\\/ucretler-vize-b2-abd\\\/\"]}]},{\"@type\":\"BreadcrumbList\",\"@id\":\"https:\\\/\\\/usa-b2.com\\\/tr\\\/ucretler-vize-b2-abd\\\/#breadcrumb\",\"itemListElement\":[{\"@type\":\"ListItem\",\"position\":1,\"name\":\"Accueil\",\"item\":\"https:\\\/\\\/usa-b2.com\\\/tr\\\/usa\\\/\"},{\"@type\":\"ListItem\",\"position\":2,\"name\":\"Amerikan B2 vizesi i\u00e7in \u00fccretler\"}]},{\"@type\":\"WebSite\",\"@id\":\"https:\\\/\\\/usa-b2.com\\\/tr\\\/#website\",\"url\":\"https:\\\/\\\/usa-b2.com\\\/tr\\\/\",\"name\":\"USA B2 VISA\",\"description\":\"\",\"potentialAction\":[{\"@type\":\"SearchAction\",\"target\":{\"@type\":\"EntryPoint\",\"urlTemplate\":\"https:\\\/\\\/usa-b2.com\\\/tr\\\/?s={search_term_string}\"},\"query-input\":{\"@type\":\"PropertyValueSpecification\",\"valueRequired\":true,\"valueName\":\"search_term_string\"}}],\"inLanguage\":\"tr\"}]}<\/script>\n<!-- \/ Yoast SEO plugin. -->","yoast_head_json":{"title":"Amerikan B2 vizesi i\u00e7in \u00fccretler - USA B2","description":"B2 ABD turist vizesi i\u00e7in online olarak ne kadar \u00f6deme yapmam gerekiyor?","robots":{"index":"index","follow":"follow","max-snippet":"max-snippet:-1","max-image-preview":"max-image-preview:large","max-video-preview":"max-video-preview:-1"},"canonical":"https:\/\/usa-b2.com\/tr\/ucretler-vize-b2-abd\/","og_locale":"tr_TR","og_type":"article","og_title":"Amerikan B2 vizesi i\u00e7in \u00fccretler - USA B2","og_description":"B2 ABD turist vizesi i\u00e7in online olarak ne kadar \u00f6deme yapmam gerekiyor?","og_url":"https:\/\/usa-b2.com\/tr\/ucretler-vize-b2-abd\/","og_site_name":"USA B2","article_modified_time":"2025-10-14T10:19:37+00:00","twitter_card":"summary_large_image","twitter_misc":{"Tahmini okuma s\u00fcresi":"2 dakika"},"schema":{"@context":"https:\/\/schema.org","@graph":[{"@type":"WebPage","@id":"https:\/\/usa-b2.com\/tr\/ucretler-vize-b2-abd\/","url":"https:\/\/usa-b2.com\/tr\/ucretler-vize-b2-abd\/","name":"Amerikan B2 vizesi i\u00e7in \u00fccretler - USA B2","isPartOf":{"@id":"https:\/\/usa-b2.com\/tr\/#website"},"datePublished":"2024-02-10T17:14:25+00:00","dateModified":"2025-10-14T10:19:37+00:00","description":"B2 ABD turist vizesi i\u00e7in online olarak ne kadar \u00f6deme yapmam gerekiyor?","breadcrumb":{"@id":"https:\/\/usa-b2.com\/tr\/ucretler-vize-b2-abd\/#breadcrumb"},"inLanguage":"tr","potentialAction":[{"@type":"ReadAction","target":["https:\/\/usa-b2.com\/tr\/ucretler-vize-b2-abd\/"]}]},{"@type":"BreadcrumbList","@id":"https:\/\/usa-b2.com\/tr\/ucretler-vize-b2-abd\/#breadcrumb","itemListElement":[{"@type":"ListItem","position":1,"name":"Accueil","item":"https:\/\/usa-b2.com\/tr\/usa\/"},{"@type":"ListItem","position":2,"name":"Amerikan B2 vizesi i\u00e7in \u00fccretler"}]},{"@type":"WebSite","@id":"https:\/\/usa-b2.com\/tr\/#website","url":"https:\/\/usa-b2.com\/tr\/","name":"USA B2 VISA","description":"","potentialAction":[{"@type":"SearchAction","target":{"@type":"EntryPoint","urlTemplate":"https:\/\/usa-b2.com\/tr\/?s={search_term_string}"},"query-input":{"@type":"PropertyValueSpecification","valueRequired":true,"valueName":"search_term_string"}}],"inLanguage":"tr"}]}},"_links":{"self":[{"href":"https:\/\/usa-b2.com\/tr\/wp-json\/wp\/v2\/pages\/2199","targetHints":{"allow":["GET"]}}],"collection":[{"href":"https:\/\/usa-b2.com\/tr\/wp-json\/wp\/v2\/pages"}],"about":[{"href":"https:\/\/usa-b2.com\/tr\/wp-json\/wp\/v2\/types\/page"}],"author":[{"embeddable":true,"href":"https:\/\/usa-b2.com\/tr\/wp-json\/wp\/v2\/users\/1"}],"replies":[{"embeddable":true,"href":"https:\/\/usa-b2.com\/tr\/wp-json\/wp\/v2\/comments?post=2199"}],"version-history":[{"count":2,"href":"https:\/\/usa-b2.com\/tr\/wp-json\/wp\/v2\/pages\/2199\/revisions"}],"predecessor-version":[{"id":10229,"href":"https:\/\/usa-b2.com\/tr\/wp-json\/wp\/v2\/pages\/2199\/revisions\/10229"}],"wp:attachment":[{"href":"https:\/\/usa-b2.com\/tr\/wp-json\/wp\/v2\/media?parent=2199"}],"curies":[{"name":"wp","href":"https:\/\/api.w.org\/{rel}","templated":true}]}}