{"id":2195,"date":"2024-02-10T17:10:38","date_gmt":"2024-02-10T17:10:38","guid":{"rendered":"https:\/\/usa-b2.com\/ziyaretci-vizesi-abd\/"},"modified":"2025-10-14T10:19:48","modified_gmt":"2025-10-14T10:19:48","slug":"ziyaretci-vizesi-abd","status":"publish","type":"page","link":"https:\/\/usa-b2.com\/tr\/ziyaretci-vizesi-abd\/","title":{"rendered":"Amerika Birle\u015fik Devletleri&#8217;ne seyahat i\u00e7in ziyaret\u00e7i vizeleri"},"content":{"rendered":"\n<h1 class=\"wp-block-heading\">ABD i\u00e7in ziyaret\u00e7i vizesi<\/h1>\n\n<h2 class=\"wp-block-heading\">Amerika Birle\u015fik Devletleri i\u00e7in ziyaret\u00e7i vizesi nedir?<\/h2>\n\n<p>Amerikan ziyaret\u00e7i vizesi, yabanc\u0131 uyruklular\u0131n s\u0131n\u0131rl\u0131 bir s\u00fcre i\u00e7in Amerika Birle\u015fik Devletleri&#8217;nde kalmalar\u0131na izin verir: ilk kal\u0131\u015f s\u00fcresi 6 ay ile s\u0131n\u0131rl\u0131d\u0131r. Ziyaret\u00e7i vizeleri birka\u00e7 kez yenilenebilir.   <\/p>\n\n<p>Ziyaret amac\u0131na ba\u011fl\u0131 olarak iki t\u00fcr ziyaret\u00e7i vizesi vard\u0131r:<\/p>\n\n<ul class=\"wp-block-list\">\n<li><a href=\"https:\/\/usa-b2.com\/tr\/vize-b1-abd\/\">B1 vizesi<\/a>, Amerika Birle\u015fik Devletleri&#8217;nde i\u015f yapmaya y\u00f6nelik bir vizedir.<\/li>\n\n\n\n<li><a href=\"https:\/\/usa-b2.com\/tr\/vize-b2\/\">B2 vizesi<\/a>, Amerika Birle\u015fik Devletleri&#8217;ni ziyaret etmenize ve orada arkada\u015flar\u0131n\u0131z\u0131 veya ailenizi ziyaret etmenize izin veren bir turist vizesidir.<\/li>\n<\/ul>\n\n<div style=\"height:10px\" aria-hidden=\"true\" class=\"wp-block-spacer\"><\/div>\n\n<h2 class=\"wp-block-heading\">B1 ve B2 vizeleri aras\u0131ndaki farklar nelerdir?<\/h2>\n\n<p>\u0130ki vize aras\u0131ndaki temel fark kal\u0131\u015f amac\u0131d\u0131r: B1 vizesi mesleki nedenlerle verilirken, B2 vizesi Amerika Birle\u015fik Devletleri&#8217;nde turist ve aile ziyaretleri i\u00e7indir.  <\/p>\n\n<p>Geri kalanlar i\u00e7in iki B kategorisi vizesi olduk\u00e7a benzerdir. Alt\u0131 ayl\u0131k bir s\u00fcre i\u00e7in verilirler ve bir y\u0131la kadar uzat\u0131labilirler. Vize yenileme say\u0131s\u0131nda herhangi bir s\u0131n\u0131rlama yoktur.  <\/p>\n\n<h2 class=\"wp-block-heading\">B1\/B2 vizesinde hangi faaliyetler yasakt\u0131r?<\/h2>\n\n<p>B1\/B2 vizesi sahipleri Amerika Birle\u015fik Devletleri&#8217;ne seyahat edebilir, ancak baz\u0131 faaliyetler yasakt\u0131r. A\u015fa\u011f\u0131da B1\/B2 vizesi sahiplerine yasaklanan ba\u015fl\u0131ca faaliyetler yer almaktad\u0131r: <\/p>\n\n<ul class=\"wp-block-list\">\n<li>ABD&#8217;de \u00e7al\u0131\u015famaz;<\/li>\n\n\n\n<li>O bir \u00f6\u011frenci olamaz;<\/li>\n\n\n\n<li>Bir u\u00e7ak veya gemiye m\u00fcrettebat \u00fcyesi olarak binemez;<\/li>\n\n\n\n<li>Birle\u015fik Devletler&#8217;de kal\u0131c\u0131 olarak ikamet etmeye \u00e7al\u0131\u015famaz.<\/li>\n<\/ul>\n\n<div style=\"height:10px\" aria-hidden=\"true\" class=\"wp-block-spacer\"><\/div>\n\n<h2 class=\"wp-block-heading\">B1\/B2 vizesi i\u00e7in nas\u0131l ba\u015fvurabilirim?<\/h2>\n\n<p><a href=\"https:\/\/usa-b2.com\/tr\/basvuru-proseduru-vize-b2\/\">Vize ba\u015fvuru prosed\u00fcr\u00fc<\/a> esas olarak online olarak y\u00fcr\u00fct\u00fclmektedir. S\u00fcre\u00e7 a\u015fa\u011f\u0131daki s\u0131rayla be\u015f a\u015famadan olu\u015fmaktad\u0131r:<\/p>\n\n<ol class=\"wp-block-list\">\n<li>Prosed\u00fcr\u00fc ba\u015flatmak i\u00e7in <a href=\"https:\/\/usa-b2.com\/tr\/ds-160\/\">DS-160 Formunu<\/a> \u00e7evrimi\u00e7i olarak doldurun<\/li>\n\n\n\n<li>Vize ba\u015fvurusunu onaylamak i\u00e7in <a href=\"https:\/\/usa-b2.com\/tr\/ucretler-vize-b2-abd\/\">vize \u00fccretini<\/a> \u00f6deyin<\/li>\n\n\n\n<li><a href=\"https:\/\/usa-b2.com\/tr\/abd-vize-buyukelciligi-icin-randevulasin\/\">B\u00fcy\u00fckel\u00e7ilikte vize g\u00f6r\u00fc\u015fmesi<\/a> i\u00e7in randevu al\u0131n<\/li>\n\n\n\n<li>Vize ba\u015fvurusu i\u00e7in t\u00fcm destekleyici belgeleri toplay\u0131n<\/li>\n\n\n\n<li><a href=\"https:\/\/usa-b2.com\/tr\/pasaport-seyahati-abd\/\">ABD&#8217;ye seyahat etmek i\u00e7in pasaporta<\/a> vize almak \u00fczere m\u00fclakata kat\u0131l\u0131n.<\/li>\n<\/ol>\n\n<div style=\"height:10px\" aria-hidden=\"true\" class=\"wp-block-spacer\"><\/div>\n\n<h2 class=\"wp-block-heading\">B1\/B2 vizesinin s\u00fcresi ve ge\u00e7erlili\u011fi<\/h2>\n\n<p>B1\/B2 vizesi <strong>10 y\u0131la<\/strong> kadar ge\u00e7erli olabilir ve bireysel kal\u0131\u015flar genellikle giri\u015f ba\u015f\u0131na en fazla <strong>6 ay<\/strong> ile s\u0131n\u0131rl\u0131d\u0131r. Kesin s\u00fcre, Amerika Birle\u015fik Devletleri&#8217;ne vard\u0131\u011f\u0131n\u0131zda g\u00f6\u00e7menlik g\u00f6revlisi taraf\u0131ndan belirlenir. <\/p>\n\n<h2 class=\"wp-block-heading\">B1\/B2 vizesi hakk\u0131nda s\u0131k\u00e7a sorulan sorular<\/h2>\n\n<h3 class=\"wp-block-heading\">B1\/B2 vizesi almak ne kadar s\u00fcrer?<\/h3>\n\n<p>Tedavi s\u00fcreleri de\u011fi\u015fmekle birlikte, genellikle g\u00f6r\u00fc\u015fmeden sonra 2 ila 8 hafta aras\u0131nda s\u00fcrer.<\/p>\n\n<h3 class=\"wp-block-heading\">Amerika Birle\u015fik Devletleri&#8217;nde B1\/B2 vizesi ile \u00e7al\u0131\u015fabilir miyim?<\/h3>\n\n<p>Hay\u0131r. B1\/B2 vizesi Birle\u015fik Devletler&#8217;de \u00e7al\u0131\u015fman\u0131za izin vermez. \u00dccretli bir i\u015fte \u00e7al\u0131\u015fmak istiyorsan\u0131z \u00e7al\u0131\u015fma vizesine ba\u015fvurmal\u0131s\u0131n\u0131z.  <\/p>\n\n<h3 class=\"wp-block-heading\">Reddedilirseniz ne yapmal\u0131s\u0131n\u0131z?<\/h3>\n\n<p>Ba\u015fvurunuz reddedilirse, nedenlerini a\u00e7\u0131klayan bir mektup alacaks\u0131n\u0131z. Ba\u015fvurunuzdaki eksiklikleri d\u00fczeltebilir ve yeni bir talepte bulunabilirsiniz. <\/p>\n\n<h3 class=\"wp-block-heading\">B1\/B2 vizesi ile kal\u0131\u015f s\u00fcremi uzatabilir miyim?<\/h3>\n\n<p>Evet, halihaz\u0131rda Amerika Birle\u015fik Devletleri&#8217;ndeyseniz kal\u0131\u015f s\u00fcrenizin uzat\u0131lmas\u0131 i\u00e7in ba\u015fvuruda bulunabilirsiniz. Ba\u015fvuru, izin s\u00fcreniz sona ermeden \u00f6nce <g id=\"gid_0\">USCIS&#8217;e (Birle\u015fik Devletler Vatanda\u015fl\u0131k ve G\u00f6\u00e7menlik Hizmetleri)<\/g> yap\u0131lmal\u0131d\u0131r. Daha uzun s\u00fcre kalmak i\u00e7in ge\u00e7erli nedenler ve mali kaynaklar\u0131n\u0131z\u0131n kan\u0131t\u0131 gibi sa\u011flam gerek\u00e7eler sunman\u0131z gerekecektir.  <\/p>\n\n<h3 class=\"wp-block-heading\">B1\/B2 vizesi Amerika Birle\u015fik Devletleri&#8217;ne giri\u015fimi garanti ediyor mu?<\/h3>\n\n<p>Hay\u0131r. B1\/B2 vizesi <strong>Birle\u015fik Devletlere seyahat<\/strong> etmenize izin verir, ancak giri\u015f s\u0131n\u0131r kap\u0131s\u0131ndaki g\u00f6\u00e7menlik memuru taraf\u0131ndan belirlenir. Bu memur, niyetiniz hakk\u0131nda \u015f\u00fcpheler varsa veya belgeleriniz uygun de\u011filse giri\u015finizi reddedebilir.  <\/p>\n\n<h3 class=\"wp-block-heading\">B1\/B2 vizesi ile ailemi yan\u0131mda g\u00f6t\u00fcrebilir miyim?<\/h3>\n\n<p>Evet, ancak \u00e7ocuklar da dahil olmak \u00fczere ailenizin her bir \u00fcyesi kendi B1\/B2 vizesine ba\u015fvurmal\u0131 ve almal\u0131d\u0131r.<\/p>\n","protected":false},"excerpt":{"rendered":"<p>ABD i\u00e7in ziyaret\u00e7i vizesi Amerika Birle\u015fik Devletleri i\u00e7in ziyaret\u00e7i vizesi nedir? Amerikan ziyaret\u00e7i vizesi, yabanc\u0131 uyruklular\u0131n s\u0131n\u0131rl\u0131 bir s\u00fcre i\u00e7in Amerika Birle\u015fik Devletleri&#8217;nde kalmalar\u0131na izin verir: ilk kal\u0131\u015f s\u00fcresi 6 ay ile s\u0131n\u0131rl\u0131d\u0131r. Ziyaret\u00e7i vizeleri birka\u00e7 kez yenilenebilir. Ziyaret amac\u0131na ba\u011fl\u0131 olarak iki t\u00fcr ziyaret\u00e7i vizesi vard\u0131r: B1 ve B2 vizeleri aras\u0131ndaki farklar nelerdir? \u0130ki [&hellip;]<\/p>\n","protected":false},"author":1,"featured_media":0,"parent":0,"menu_order":0,"comment_status":"closed","ping_status":"closed","template":"","meta":{"footnotes":""},"class_list":["post-2195","page","type-page","status-publish","hentry"],"yoast_head":"<!-- This site is optimized with the Yoast SEO plugin v27.0 - https:\/\/yoast.com\/product\/yoast-seo-wordpress\/ -->\n<title>Amerika Birle\u015fik Devletleri&#039;ne seyahat i\u00e7in ziyaret\u00e7i vizeleri - USA B2<\/title>\n<meta name=\"description\" content=\"Amerika Birle\u015fik Devletleri&#039;nde yerinde birka\u00e7 ay kalmak i\u00e7in online Amerikan ziyaret\u00e7i vizesi nas\u0131l al\u0131n\u0131r\" \/>\n<meta name=\"robots\" content=\"index, follow, max-snippet:-1, max-image-preview:large, max-video-preview:-1\" \/>\n<link rel=\"canonical\" href=\"https:\/\/usa-b2.com\/tr\/ziyaretci-vizesi-abd\/\" \/>\n<meta property=\"og:locale\" content=\"tr_TR\" \/>\n<meta property=\"og:type\" content=\"article\" \/>\n<meta property=\"og:title\" content=\"Amerika Birle\u015fik Devletleri&#039;ne seyahat i\u00e7in ziyaret\u00e7i vizeleri - USA B2\" \/>\n<meta property=\"og:description\" content=\"Amerika Birle\u015fik Devletleri&#039;nde yerinde birka\u00e7 ay kalmak i\u00e7in online Amerikan ziyaret\u00e7i vizesi nas\u0131l al\u0131n\u0131r\" \/>\n<meta property=\"og:url\" content=\"https:\/\/usa-b2.com\/tr\/ziyaretci-vizesi-abd\/\" \/>\n<meta property=\"og:site_name\" content=\"USA B2\" \/>\n<meta property=\"article:modified_time\" content=\"2025-10-14T10:19:48+00:00\" \/>\n<meta name=\"twitter:card\" content=\"summary_large_image\" \/>\n<meta name=\"twitter:label1\" content=\"Tahmini okuma s\u00fcresi\" \/>\n\t<meta name=\"twitter:data1\" content=\"3 dakika\" \/>\n<script type=\"application\/ld+json\" class=\"yoast-schema-graph\">{\"@context\":\"https:\/\/schema.org\",\"@graph\":[{\"@type\":\"WebPage\",\"@id\":\"https:\/\/usa-b2.com\/tr\/ziyaretci-vizesi-abd\/\",\"url\":\"https:\/\/usa-b2.com\/tr\/ziyaretci-vizesi-abd\/\",\"name\":\"Amerika Birle\u015fik Devletleri'ne seyahat i\u00e7in ziyaret\u00e7i vizeleri - USA B2\",\"isPartOf\":{\"@id\":\"https:\/\/usa-b2.com\/tr\/#website\"},\"datePublished\":\"2024-02-10T17:10:38+00:00\",\"dateModified\":\"2025-10-14T10:19:48+00:00\",\"description\":\"Amerika Birle\u015fik Devletleri'nde yerinde birka\u00e7 ay kalmak i\u00e7in online Amerikan ziyaret\u00e7i vizesi nas\u0131l al\u0131n\u0131r\",\"breadcrumb\":{\"@id\":\"https:\/\/usa-b2.com\/tr\/ziyaretci-vizesi-abd\/#breadcrumb\"},\"inLanguage\":\"tr\",\"potentialAction\":[{\"@type\":\"ReadAction\",\"target\":[\"https:\/\/usa-b2.com\/tr\/ziyaretci-vizesi-abd\/\"]}]},{\"@type\":\"BreadcrumbList\",\"@id\":\"https:\/\/usa-b2.com\/tr\/ziyaretci-vizesi-abd\/#breadcrumb\",\"itemListElement\":[{\"@type\":\"ListItem\",\"position\":1,\"name\":\"Accueil\",\"item\":\"https:\/\/usa-b2.com\/tr\/yol-gezileri-rehberi\/\"},{\"@type\":\"ListItem\",\"position\":2,\"name\":\"Amerika Birle\u015fik Devletleri&#8217;ne seyahat i\u00e7in ziyaret\u00e7i vizeleri\"}]},{\"@type\":\"WebSite\",\"@id\":\"https:\/\/usa-b2.com\/tr\/#website\",\"url\":\"https:\/\/usa-b2.com\/tr\/\",\"name\":\"USA B2 VISA\",\"description\":\"\",\"potentialAction\":[{\"@type\":\"SearchAction\",\"target\":{\"@type\":\"EntryPoint\",\"urlTemplate\":\"https:\/\/usa-b2.com\/tr\/?s={search_term_string}\"},\"query-input\":{\"@type\":\"PropertyValueSpecification\",\"valueRequired\":true,\"valueName\":\"search_term_string\"}}],\"inLanguage\":\"tr\"}]}<\/script>\n<!-- \/ Yoast SEO plugin. -->","yoast_head_json":{"title":"Amerika Birle\u015fik Devletleri'ne seyahat i\u00e7in ziyaret\u00e7i vizeleri - USA B2","description":"Amerika Birle\u015fik Devletleri'nde yerinde birka\u00e7 ay kalmak i\u00e7in online Amerikan ziyaret\u00e7i vizesi nas\u0131l al\u0131n\u0131r","robots":{"index":"index","follow":"follow","max-snippet":"max-snippet:-1","max-image-preview":"max-image-preview:large","max-video-preview":"max-video-preview:-1"},"canonical":"https:\/\/usa-b2.com\/tr\/ziyaretci-vizesi-abd\/","og_locale":"tr_TR","og_type":"article","og_title":"Amerika Birle\u015fik Devletleri'ne seyahat i\u00e7in ziyaret\u00e7i vizeleri - USA B2","og_description":"Amerika Birle\u015fik Devletleri'nde yerinde birka\u00e7 ay kalmak i\u00e7in online Amerikan ziyaret\u00e7i vizesi nas\u0131l al\u0131n\u0131r","og_url":"https:\/\/usa-b2.com\/tr\/ziyaretci-vizesi-abd\/","og_site_name":"USA B2","article_modified_time":"2025-10-14T10:19:48+00:00","twitter_card":"summary_large_image","twitter_misc":{"Tahmini okuma s\u00fcresi":"3 dakika"},"schema":{"@context":"https:\/\/schema.org","@graph":[{"@type":"WebPage","@id":"https:\/\/usa-b2.com\/tr\/ziyaretci-vizesi-abd\/","url":"https:\/\/usa-b2.com\/tr\/ziyaretci-vizesi-abd\/","name":"Amerika Birle\u015fik Devletleri'ne seyahat i\u00e7in ziyaret\u00e7i vizeleri - USA B2","isPartOf":{"@id":"https:\/\/usa-b2.com\/tr\/#website"},"datePublished":"2024-02-10T17:10:38+00:00","dateModified":"2025-10-14T10:19:48+00:00","description":"Amerika Birle\u015fik Devletleri'nde yerinde birka\u00e7 ay kalmak i\u00e7in online Amerikan ziyaret\u00e7i vizesi nas\u0131l al\u0131n\u0131r","breadcrumb":{"@id":"https:\/\/usa-b2.com\/tr\/ziyaretci-vizesi-abd\/#breadcrumb"},"inLanguage":"tr","potentialAction":[{"@type":"ReadAction","target":["https:\/\/usa-b2.com\/tr\/ziyaretci-vizesi-abd\/"]}]},{"@type":"BreadcrumbList","@id":"https:\/\/usa-b2.com\/tr\/ziyaretci-vizesi-abd\/#breadcrumb","itemListElement":[{"@type":"ListItem","position":1,"name":"Accueil","item":"https:\/\/usa-b2.com\/tr\/yol-gezileri-rehberi\/"},{"@type":"ListItem","position":2,"name":"Amerika Birle\u015fik Devletleri&#8217;ne seyahat i\u00e7in ziyaret\u00e7i vizeleri"}]},{"@type":"WebSite","@id":"https:\/\/usa-b2.com\/tr\/#website","url":"https:\/\/usa-b2.com\/tr\/","name":"USA B2 VISA","description":"","potentialAction":[{"@type":"SearchAction","target":{"@type":"EntryPoint","urlTemplate":"https:\/\/usa-b2.com\/tr\/?s={search_term_string}"},"query-input":{"@type":"PropertyValueSpecification","valueRequired":true,"valueName":"search_term_string"}}],"inLanguage":"tr"}]}},"_links":{"self":[{"href":"https:\/\/usa-b2.com\/tr\/wp-json\/wp\/v2\/pages\/2195","targetHints":{"allow":["GET"]}}],"collection":[{"href":"https:\/\/usa-b2.com\/tr\/wp-json\/wp\/v2\/pages"}],"about":[{"href":"https:\/\/usa-b2.com\/tr\/wp-json\/wp\/v2\/types\/page"}],"author":[{"embeddable":true,"href":"https:\/\/usa-b2.com\/tr\/wp-json\/wp\/v2\/users\/1"}],"replies":[{"embeddable":true,"href":"https:\/\/usa-b2.com\/tr\/wp-json\/wp\/v2\/comments?post=2195"}],"version-history":[{"count":4,"href":"https:\/\/usa-b2.com\/tr\/wp-json\/wp\/v2\/pages\/2195\/revisions"}],"predecessor-version":[{"id":10233,"href":"https:\/\/usa-b2.com\/tr\/wp-json\/wp\/v2\/pages\/2195\/revisions\/10233"}],"wp:attachment":[{"href":"https:\/\/usa-b2.com\/tr\/wp-json\/wp\/v2\/media?parent=2195"}],"curies":[{"name":"wp","href":"https:\/\/api.w.org\/{rel}","templated":true}]}}