{"id":2190,"date":"2024-02-05T18:28:26","date_gmt":"2024-02-05T18:28:26","guid":{"rendered":"https:\/\/usa-b2.com\/vize-b2\/"},"modified":"2025-09-13T09:27:07","modified_gmt":"2025-09-13T09:27:07","slug":"vize-b2","status":"publish","type":"page","link":"https:\/\/usa-b2.com\/tr\/vize-b2\/","title":{"rendered":"Amerikan B2 vizesi"},"content":{"rendered":"\n<h1 class=\"wp-block-heading\">Amerika Birle\u015fik Devletleri&#8217;ni ziyaret etmek i\u00e7in Amerikan B2 vizesi<\/h1>\n\n<p>B2 ziyaret\u00e7i vizesi, Amerika Birle\u015fik Devletleri&#8217;ni ziyaret etmek isteyen yabanc\u0131 uyruklular taraf\u0131ndan her y\u0131l talep edilen ba\u015fl\u0131ca Amerikan vizelerinden biridir.<\/p>\n\n<h2 class=\"wp-block-heading\">Amerikan B2 vizesi nedir?<\/h2>\n\n<p>B2 vizesi, yak\u0131n arkada\u015flar\u0131n\u0131z\u0131 ve ailenizi ziyaret etmenize de izin veren Amerika Birle\u015fik Devletleri i\u00e7in turistik bir vizedir. B2 vizesi ayr\u0131ca t\u0131bbi tedavi i\u00e7in veya sosyal faaliyetlere kat\u0131lmak i\u00e7in ABD&#8217;de kalman\u0131za izin verir. Birle\u015fik Devletler&#8217;de \u00e7al\u0131\u015fman\u0131za izin vermez. Ba\u015fvuru sahipleri, ge\u00e7ici kal\u0131\u015flar\u0131n\u0131n ard\u0131ndan men\u015fe \u00fclkelerine d\u00f6nme niyetinde olduklar\u0131n\u0131 kan\u0131tlamal\u0131d\u0131r.   <\/p>\n\n<p><strong>Turist olarak 90 g\u00fcnden az kalmak i\u00e7in<\/strong>: \u00dclkeniz <a href=\"https:\/\/usa-b2.com\/tr\/vize-verme-programi\/\">Vize Muafiyet Program\u0131na<\/a> \u00fcye ise <a href=\"https:\/\/usa-b2.com\/tr\/b2-vize-formu\/\">B2 vizesine ba\u015fvurman\u0131za<\/a> gerek yoktur. <a href=\"https:\/\/usa-b2.com\/tr\/esta-formunu-cevrimici\/\">ESTA online formuna<\/a> t\u0131klayarak sadece birka\u00e7 dakika i\u00e7inde ESTA ba\u015fvurusunda bulunabilirsiniz.<\/p>\n\n<div style=\"height:10px\" aria-hidden=\"true\" class=\"wp-block-spacer\"><\/div>\n\n<p><strong>L\u00fctfen unutmay\u0131n<\/strong>: <a href=\"https:\/\/usa-b2.com\/tr\/vize-ve-esta-arasindaki-fark\/\">ESTA bir vize de\u011fildir<\/a>. ESTA izni size <a href=\"https:\/\/usa-b2.com\/tr\/abd-b1-b2-vizesi\/\">b1\/b2 vizesi<\/a> ile ayn\u0131 haklar\u0131 vermez. <\/p>\n\n<h2 class=\"wp-block-heading\">B2 vizesi almak i\u00e7in uygunluk kriterleri nelerdir?<\/h2>\n\n<p>ABD&#8217;yi ziyaret etmek i\u00e7in B2 vizesi alman\u0131n ba\u015fl\u0131ca \u015fartlar\u0131 \u015funlard\u0131r:<\/p>\n\n<ol class=\"wp-block-list\">\n<li>Amerika Birle\u015fik Devletleri&#8217;nde ge\u00e7ici ikamet<\/li>\n\n\n\n<li>Kal\u0131\u015f amac\u0131 B2 vizesi i\u00e7in uygun olmal\u0131d\u0131r<\/li>\n\n\n\n<li>ABD&#8217;de kalmak i\u00e7in gerekli mali imkanlara sahip olmak<\/li>\n<\/ol>\n\n<div style=\"height:20px\" aria-hidden=\"true\" class=\"wp-block-spacer\"><\/div>\n\n<h3 class=\"wp-block-heading\">1. ABD&#8217;de ge\u00e7ici ikamet<\/h3>\n\n<p>B2 vizesi almak i\u00e7in, ba\u015fvuru sahiplerinin Amerika Birle\u015fik Devletleri&#8217;nde ge\u00e7ici bir s\u00fcre ge\u00e7irme niyetinde olduklar\u0131n\u0131 g\u00f6stermeleri gerekmektedir. Men\u015fe \u00fclkeleriyle, kal\u0131\u015f s\u00fcrelerinin sonunda oraya d\u00f6nmelerini te\u015fvik edecek g\u00fc\u00e7l\u00fc ba\u011flar\u0131 oldu\u011funu kan\u0131tlamal\u0131d\u0131rlar. <\/p>\n\n<h3 class=\"wp-block-heading\">2. \u0130kamet i\u00e7in uygun nedenler nelerdir?<\/h3>\n\n<p>\u0130\u015fte bir aday\u0131n B2 vizesi i\u00e7in ba\u015fvurabilece\u011fi nedenlerin listesi:<\/p>\n\n<ul class=\"wp-block-list\">\n<li>Amerika Birle\u015fik Devletleri&#8217;nde Turizm<\/li>\n\n\n\n<li>Arkada\u015f ve aile ziyaretleri<\/li>\n\n\n\n<li>Dostluk veya sosyal etkinliklere kat\u0131lmak<\/li>\n\n\n\n<li>T\u0131bbi tedavi almak<\/li>\n\n\n\n<li>\u00dccret almadan spor veya m\u00fczik etkinliklerine kat\u0131lmak<\/li>\n\n\n\n<li>E\u011fitim kredisi olmadan \u00e7\u0131rakl\u0131k e\u011fitimine kat\u0131lma.<\/li>\n<\/ul>\n\n<div style=\"height:10px\" aria-hidden=\"true\" class=\"wp-block-spacer\"><\/div>\n\n<p>\u0130\u015f veya mesleki nedenlerle yap\u0131lacak her t\u00fcrl\u00fc kal\u0131\u015f i\u00e7in, ba\u015fvuru sahipleri <a href=\"https:\/\/usa-b2.com\/tr\/vize-b1-abd\/\">B1 i\u015f vizesine veya kal\u0131\u015f<\/a> ama\u00e7lar\u0131na uygun ba\u015fka bir g\u00f6\u00e7men olmayan vizeye ba\u015fvurmal\u0131d\u0131r. Kal\u0131\u015f amac\u0131n\u0131za ba\u011fl\u0131 olarak \u00e7ok say\u0131da farkl\u0131 Amerikan vizesi bulunmaktad\u0131r. <a href=\"https:\/\/usa-b2.com\/tr\/vize-transit-abd\/\">Amerika Birle\u015fik Devletleri&#8217;nden transit ge\u00e7i\u015f i\u00e7in \u00f6zel bir vize<\/a> bile vard\u0131r.<\/p>\n\n<h3 class=\"wp-block-heading\">3. Konaklama i\u00e7in yeterli mali kayna\u011fa sahip olmak<\/h3>\n\n<p>B2 vizesine ba\u015fvururken, ba\u015fvuru sahipleri Amerika Birle\u015fik Devletleri&#8217;nde kal\u0131\u015f masraflar\u0131n\u0131 kar\u015f\u0131lamak i\u00e7in yeterli mali kaynaklara sahip olduklar\u0131n\u0131 kan\u0131tlamal\u0131d\u0131r.<\/p>\n\n<h2 class=\"wp-block-heading\">B2 vizesine kimler ba\u015fvurabilir?<\/h2>\n\n<p>B2 vizesine uygun belirli \u00fclkelerin vatanda\u015flar\u0131 i\u00e7in daha spesifik bilgileri burada bulabilirsiniz:<\/p>\n\n<ul class=\"wp-block-list\">\n<li><a href=\"https:\/\/usa-b2.com\/tr\/vizesi-b2-fransiz\/\">Frans\u0131z vatanda\u015flar\u0131 i\u00e7in B2 vizesi<\/a><\/li>\n\n\n\n<li><a href=\"https:\/\/usa-b2.com\/tr\/italyanlar-icin-b2-vizesi\/\">\u0130talyanlar i\u00e7in B2 vizesi<\/a><\/li>\n\n\n\n<li><a href=\"https:\/\/usa-b2.com\/tr\/almanlar-icin-b2-vizesi\/\">Almanlar i\u00e7in B2 vizesi<\/a><\/li>\n\n\n\n<li><a href=\"https:\/\/usa-b2.com\/tr\/meksikali-b2-vizesi\/\">Meksikal\u0131lar i\u00e7in B2 vizesi<\/a><\/li>\n\n\n\n<li><a href=\"https:\/\/usa-b2.com\/tr\/vizesi-b1-b2-brezilyali\/\">Brezilyal\u0131lar i\u00e7in B2 vizesi<\/a><\/li>\n\n\n\n<li>\u0130spanyol vatanda\u015flar\u0131 i\u00e7in B2 vizesi<\/li>\n<\/ul>\n\n<div style=\"height:10px\" aria-hidden=\"true\" class=\"wp-block-spacer\"><\/div>\n\n<h2 class=\"wp-block-heading\">B2 vizesi i\u00e7in nas\u0131l ba\u015fvurabilirim?<\/h2>\n\n<p><a href=\"https:\/\/usa-b2.com\/tr\/basvuru-proseduru-vize-b2\/\">B2 vize ba\u015fvuru prosed\u00fcr\u00fc<\/a> online olarak ba\u015flat\u0131lmaktad\u0131r. A\u015fa\u011f\u0131daki a\u015famalar\u0131 kapsamaktad\u0131r:<\/p>\n\n<ol class=\"wp-block-list\">\n<li><a href=\"https:\/\/usa-b2.com\/tr\/ds-160\/\">B2 vize formunu<\/a> online olarak doldurun<\/li>\n\n\n\n<li>Ba\u015fvurunuzu do\u011frulamak i\u00e7in <a href=\"https:\/\/usa-b2.com\/tr\/ucretler-vize-b2-abd\/\">B2 vize \u00fccretini<\/a> online olarak \u00f6deyin<\/li>\n\n\n\n<li><a href=\"https:\/\/usa-b2.com\/tr\/abd-vize-buyukelciligi-icin-randevulasin\/\">El\u00e7ilikte bir vize g\u00f6r\u00fc\u015fmesi<\/a> planlay\u0131n<\/li>\n\n\n\n<li>Vize ba\u015fvurunuz i\u00e7in t\u00fcm destekleyici belgeleri haz\u0131rlay\u0131n<\/li>\n\n\n\n<li>Vize g\u00f6r\u00fc\u015fmesine kat\u0131l\u0131n.<\/li>\n<\/ol>\n\n<div style=\"height:10px\" aria-hidden=\"true\" class=\"wp-block-spacer\"><\/div>\n\n<p>Vize, <a href=\"https:\/\/usa-b2.com\/tr\/pasaport-seyahati-abd\/\">ABD&#8217;ye seyahat etmek i\u00e7in kullan\u0131lan pasaporta<\/a> eklenecektir.<\/p>\n\n<h2 class=\"wp-block-heading\">B2 vizesinin \u00fccreti ne kadard\u0131r?<\/h2>\n\n<p>Turist vizesi i\u00e7in ba\u015fvururken, <a href=\"https:\/\/usa-b2.com\/tr\/ucretler-vize-b2-abd\/\">online B2 vizesi \u00fccreti<\/a> 185 ABD Dolar\u0131d\u0131r. Ba\u015fvuru sahibinin vatanda\u015fl\u0131\u011f\u0131na ba\u011fl\u0131 olarak, \u00f6denmesi gereken ek \u00fccretler olabilir. Yabanc\u0131 bir h\u00fck\u00fcmet taraf\u0131ndan \u00fccret uyguland\u0131\u011f\u0131nda, Amerika Birle\u015fik Devletleri B2 vize ba\u015fvurusu i\u00e7in o \u00fclkenin vatanda\u015flar\u0131na kar\u015f\u0131l\u0131kl\u0131 \u00fccret uygular.<\/p>\n\n<p>Vize \u00fccreti \u00f6dendikten sonra, ba\u015fvuru sahibi \u00f6deme makbuzunu saklamal\u0131 ve <a href=\"https:\/\/usa-b2.com\/tr\/abd-vize-buyukelciligi-icin-randevulasin\/\">el\u00e7ilikteki vize randevusunda<\/a> sunulacak destekleyici belgeler dosyas\u0131na eklemelidir.<\/p>\n\n<h2 class=\"wp-block-heading\">B2 vizesi almak ne kadar s\u00fcrer?<\/h2>\n\n<p>Vize ba\u015fvurusunun i\u015fleme al\u0131nmas\u0131 en az birka\u00e7 hafta s\u00fcrmektedir. Bu s\u00fcre, ba\u015fvuru sahibinin men\u015fe \u00fclkesindeki Amerikan konsolosluk makam\u0131 taraf\u0131ndan i\u015fleme al\u0131nan ba\u015fvuru say\u0131s\u0131na ba\u011fl\u0131d\u0131r.   <\/p>\n\n<p>Ba\u015fvuru sahibinin ek bilgi sa\u011flama ve <a href=\"https:\/\/usa-b2.com\/tr\/amerikan-elciligi\/\">Amerikan B\u00fcy\u00fckel\u00e7ili\u011fi&#8217;nden randevu<\/a> alma konusundaki duyarl\u0131l\u0131\u011f\u0131na ba\u011fl\u0131 olarak, ge\u00e7en s\u00fcre de \u00f6nemli \u00f6l\u00e7\u00fcde de\u011fi\u015fmektedir.<\/p>\n\n<h2 class=\"wp-block-heading\">B2 vizesi ne kadar s\u00fcreyle ge\u00e7erlidir?<\/h2>\n\n<p>B2 vizesinin ba\u015flang\u0131\u00e7 s\u00fcresi 6 ayd\u0131r. Vize s\u00fcresini uzatmak i\u00e7in vize sahibinin 6 ay daha uzatma ba\u015fvurusunda bulunmas\u0131 gerekmektedir. Bu uzatma talebi ancak 3 ay sonra ve vizenin sona ermesinden en ge\u00e7 42 g\u00fcn \u00f6nce yap\u0131labilir.  <\/p>\n\n<h2 class=\"wp-block-heading\">B2 vizesi neye benziyor?<\/h2>\n\n<p>\u0130\u015fte neye benzedi\u011fini g\u00f6rmek i\u00e7in bir B2 vize \u00f6rne\u011finin g\u00f6r\u00fcnt\u00fcs\u00fc. Bu g\u00f6rsel ayn\u0131 zamanda vize \u00fczerindeki vesikal\u0131k foto\u011fraf i\u00e7in gerekli boyutlar\u0131 da g\u00f6stermektedir. <\/p>\n\n<figure class=\"wp-block-image size-full\"><img fetchpriority=\"high\" decoding=\"async\" width=\"760\" height=\"468\" src=\"https:\/\/usa-b2.com\/wp-content\/uploads\/2024\/02\/Visa-b2.webp\" alt=\"B2 g&#xF6;r&#xFC;nt&#xFC; vizesi\" class=\"wp-image-1072\" srcset=\"https:\/\/usa-b2.com\/wp-content\/uploads\/2024\/02\/Visa-b2.webp 760w, https:\/\/usa-b2.com\/wp-content\/uploads\/2024\/02\/Visa-b2-300x185.webp 300w\" sizes=\"(max-width: 760px) 100vw, 760px\" \/><figcaption class=\"wp-element-caption\">ABD i\u00e7in B2 vizesi g\u00f6r\u00fcnt\u00fcs\u00fc<\/figcaption><\/figure>\n\n<h2 class=\"wp-block-heading\">B2 vizesi ile Ye\u015fil Kart almak m\u00fcmk\u00fcn m\u00fc?<\/h2>\n\n<p>B2 vizesi ile do\u011frudan Ye\u015fil Kart almak genellikle zordur. B2 vizesi ge\u00e7ici bir ziyaret\u00e7i vizesidir. Stat\u00fcn\u00fcz\u00fc de\u011fi\u015ftirmek ve daimi ikamet sahibi olmak i\u00e7in, \u00f6rne\u011fin a\u015fa\u011f\u0131dakileri i\u00e7erebilecek belirli bir prosed\u00fcr\u00fc izlemeniz gerekir:  <\/p>\n\n<ul class=\"wp-block-list\">\n<li>Bir Amerikan vatanda\u015f\u0131 ile evlilik ;<\/li>\n\n\n\n<li>Nitelikli bir i\u015f teklifi ;<\/li>\n\n\n\n<li>Aile sponsorlu\u011fu.<\/li>\n<\/ul>\n\n<div style=\"height:10px\" aria-hidden=\"true\" class=\"wp-block-spacer\"><\/div>\n\n<h2 class=\"wp-block-heading\">ABD&#8217;de B2 vizesi ile eri\u015filebilen ba\u015fl\u0131ca destinasyonlar hangileridir?<\/h2>\n\n<p>B2 vizesi, yabanc\u0131 gezginlerin Amerika Birle\u015fik Devletleri&#8217;nin herhangi bir yerinde kalmas\u0131na izin verir. Daha fazla bilgi edinmek i\u00e7in <a href=\"https:\/\/usa-b2.com\/tr\/new-york-i%cc%87ci%cc%87n-vi%cc%87ze\/\">New York vizeleri<\/a> hakk\u0131nda baz\u0131 \u00f6zel bilgilere g\u00f6z at\u0131n. Amerika&#8217;n\u0131n kuzeydo\u011fu k\u0131y\u0131s\u0131nda, ABD&#8217;ye girmek i\u00e7in <a href=\"https:\/\/usa-b2.com\/tr\/washington-vize\/\">Washington vizesi<\/a> kullanan \u00e7ok say\u0131da gezgin de bulunmaktad\u0131r. <a href=\"https:\/\/usa-b2.com\/tr\/boston-vize\/\">Boston vizesi<\/a> almak veya <a href=\"https:\/\/usa-b2.com\/tr\/chicago-vize\/\">Chicago vizesi<\/a> ile seyahat etmek hakk\u0131nda bilgiler de \u00e7ok yararl\u0131d\u0131r.   <\/p>\n\n<p>Bat\u0131 Yakas\u0131&#8217;na turist olarak seyahat ediyorsan\u0131z, <a href=\"https:\/\/usa-b2.com\/tr\/vize-abd-san-francisco\/\">San Francisco i\u00e7in vize<\/a> alman\u0131z gerekecektir. Daha kuzeye seyahat ediyorsan\u0131z, <a href=\"https:\/\/usa-b2.com\/tr\/los-angeles-vize-abd\/\">Los Angeles i\u00e7in vize<\/a> alman\u0131z gerekecektir.  Nevada \u00e7\u00f6l\u00fcne bir seyahat planl\u0131yorsan\u0131z, <a href=\"https:\/\/usa-b2.com\/tr\/vize-las-vegas-abd\/\">Las Vegas vizeleri<\/a> hakk\u0131ndaki bilgilerimize bak\u0131n.<\/p>\n\n<p>Amerika Birle\u015fik Devletleri&#8217;ndeki di\u011fer \u00f6nemli turistik yer Do\u011fu Yakas\u0131&#8217;n\u0131n g\u00fcneyidir. ABD&#8217;de Florida&#8217;y\u0131 ke\u015ffetmek i\u00e7in <a href=\"https:\/\/usa-b2.com\/tr\/miami-vize\/\">Miami vizesi<\/a> al\u0131n.<\/p>\n","protected":false},"excerpt":{"rendered":"<p>Amerika Birle\u015fik Devletleri&#8217;ni ziyaret etmek i\u00e7in Amerikan B2 vizesi B2 ziyaret\u00e7i vizesi, Amerika Birle\u015fik Devletleri&#8217;ni ziyaret etmek isteyen yabanc\u0131 uyruklular taraf\u0131ndan her y\u0131l talep edilen ba\u015fl\u0131ca Amerikan vizelerinden biridir. Amerikan B2 vizesi nedir? B2 vizesi, yak\u0131n arkada\u015flar\u0131n\u0131z\u0131 ve ailenizi ziyaret etmenize de izin veren Amerika Birle\u015fik Devletleri i\u00e7in turistik bir vizedir. B2 vizesi ayr\u0131ca t\u0131bbi [&hellip;]<\/p>\n","protected":false},"author":1,"featured_media":0,"parent":0,"menu_order":0,"comment_status":"closed","ping_status":"closed","template":"","meta":{"footnotes":""},"class_list":["post-2190","page","type-page","status-publish","hentry"],"yoast_head":"<!-- This site is optimized with the Yoast SEO plugin v27.4 - https:\/\/yoast.com\/product\/yoast-seo-wordpress\/ -->\n<title>Amerikan B2 vizesi - USA B2<\/title>\n<meta name=\"description\" content=\"Amerika Birle\u015fik Devletleri&#039;ne seyahat etmek i\u00e7in B2 vizesine online ba\u015fvuru nas\u0131l yap\u0131l\u0131r. Her \u015feyi a\u00e7\u0131kl\u0131yoruz\" \/>\n<meta name=\"robots\" content=\"index, follow, max-snippet:-1, max-image-preview:large, max-video-preview:-1\" \/>\n<link rel=\"canonical\" href=\"https:\/\/usa-b2.com\/tr\/vize-b2\/\" \/>\n<meta property=\"og:locale\" content=\"tr_TR\" \/>\n<meta property=\"og:type\" content=\"article\" \/>\n<meta property=\"og:title\" content=\"Amerikan B2 vizesi - USA B2\" \/>\n<meta property=\"og:description\" content=\"Amerika Birle\u015fik Devletleri&#039;ne seyahat etmek i\u00e7in B2 vizesine online ba\u015fvuru nas\u0131l yap\u0131l\u0131r. Her \u015feyi a\u00e7\u0131kl\u0131yoruz\" \/>\n<meta property=\"og:url\" content=\"https:\/\/usa-b2.com\/tr\/vize-b2\/\" \/>\n<meta property=\"og:site_name\" content=\"USA B2\" \/>\n<meta property=\"article:modified_time\" content=\"2025-09-13T09:27:07+00:00\" \/>\n<meta property=\"og:image\" content=\"https:\/\/usa-b2.com\/wp-content\/uploads\/2024\/02\/Visa-b2.webp\" \/>\n\t<meta property=\"og:image:width\" content=\"760\" \/>\n\t<meta property=\"og:image:height\" content=\"468\" \/>\n\t<meta property=\"og:image:type\" content=\"image\/webp\" \/>\n<meta name=\"twitter:card\" content=\"summary_large_image\" \/>\n<meta name=\"twitter:label1\" content=\"Tahmini okuma s\u00fcresi\" \/>\n\t<meta name=\"twitter:data1\" content=\"5 dakika\" \/>\n<script type=\"application\/ld+json\" class=\"yoast-schema-graph\">{\"@context\":\"https:\\\/\\\/schema.org\",\"@graph\":[{\"@type\":\"WebPage\",\"@id\":\"https:\\\/\\\/usa-b2.com\\\/tr\\\/vize-b2\\\/\",\"url\":\"https:\\\/\\\/usa-b2.com\\\/tr\\\/vize-b2\\\/\",\"name\":\"Amerikan B2 vizesi - USA B2\",\"isPartOf\":{\"@id\":\"https:\\\/\\\/usa-b2.com\\\/tr\\\/#website\"},\"primaryImageOfPage\":{\"@id\":\"https:\\\/\\\/usa-b2.com\\\/tr\\\/vize-b2\\\/#primaryimage\"},\"image\":{\"@id\":\"https:\\\/\\\/usa-b2.com\\\/tr\\\/vize-b2\\\/#primaryimage\"},\"thumbnailUrl\":\"https:\\\/\\\/usa-b2.com\\\/wp-content\\\/uploads\\\/2024\\\/02\\\/Visa-b2.webp\",\"datePublished\":\"2024-02-05T18:28:26+00:00\",\"dateModified\":\"2025-09-13T09:27:07+00:00\",\"description\":\"Amerika Birle\u015fik Devletleri'ne seyahat etmek i\u00e7in B2 vizesine online ba\u015fvuru nas\u0131l yap\u0131l\u0131r. Her \u015feyi a\u00e7\u0131kl\u0131yoruz\",\"breadcrumb\":{\"@id\":\"https:\\\/\\\/usa-b2.com\\\/tr\\\/vize-b2\\\/#breadcrumb\"},\"inLanguage\":\"tr\",\"potentialAction\":[{\"@type\":\"ReadAction\",\"target\":[\"https:\\\/\\\/usa-b2.com\\\/tr\\\/vize-b2\\\/\"]}]},{\"@type\":\"ImageObject\",\"inLanguage\":\"tr\",\"@id\":\"https:\\\/\\\/usa-b2.com\\\/tr\\\/vize-b2\\\/#primaryimage\",\"url\":\"https:\\\/\\\/usa-b2.com\\\/wp-content\\\/uploads\\\/2024\\\/02\\\/Visa-b2.webp\",\"contentUrl\":\"https:\\\/\\\/usa-b2.com\\\/wp-content\\\/uploads\\\/2024\\\/02\\\/Visa-b2.webp\"},{\"@type\":\"BreadcrumbList\",\"@id\":\"https:\\\/\\\/usa-b2.com\\\/tr\\\/vize-b2\\\/#breadcrumb\",\"itemListElement\":[{\"@type\":\"ListItem\",\"position\":1,\"name\":\"Accueil\",\"item\":\"https:\\\/\\\/usa-b2.com\\\/tr\\\/usa\\\/\"},{\"@type\":\"ListItem\",\"position\":2,\"name\":\"Amerikan B2 vizesi\"}]},{\"@type\":\"WebSite\",\"@id\":\"https:\\\/\\\/usa-b2.com\\\/tr\\\/#website\",\"url\":\"https:\\\/\\\/usa-b2.com\\\/tr\\\/\",\"name\":\"USA B2 VISA\",\"description\":\"\",\"potentialAction\":[{\"@type\":\"SearchAction\",\"target\":{\"@type\":\"EntryPoint\",\"urlTemplate\":\"https:\\\/\\\/usa-b2.com\\\/tr\\\/?s={search_term_string}\"},\"query-input\":{\"@type\":\"PropertyValueSpecification\",\"valueRequired\":true,\"valueName\":\"search_term_string\"}}],\"inLanguage\":\"tr\"}]}<\/script>\n<!-- \/ Yoast SEO plugin. -->","yoast_head_json":{"title":"Amerikan B2 vizesi - USA B2","description":"Amerika Birle\u015fik Devletleri'ne seyahat etmek i\u00e7in B2 vizesine online ba\u015fvuru nas\u0131l yap\u0131l\u0131r. Her \u015feyi a\u00e7\u0131kl\u0131yoruz","robots":{"index":"index","follow":"follow","max-snippet":"max-snippet:-1","max-image-preview":"max-image-preview:large","max-video-preview":"max-video-preview:-1"},"canonical":"https:\/\/usa-b2.com\/tr\/vize-b2\/","og_locale":"tr_TR","og_type":"article","og_title":"Amerikan B2 vizesi - USA B2","og_description":"Amerika Birle\u015fik Devletleri'ne seyahat etmek i\u00e7in B2 vizesine online ba\u015fvuru nas\u0131l yap\u0131l\u0131r. Her \u015feyi a\u00e7\u0131kl\u0131yoruz","og_url":"https:\/\/usa-b2.com\/tr\/vize-b2\/","og_site_name":"USA B2","article_modified_time":"2025-09-13T09:27:07+00:00","og_image":[{"width":760,"height":468,"url":"https:\/\/usa-b2.com\/wp-content\/uploads\/2024\/02\/Visa-b2.webp","type":"image\/webp"}],"twitter_card":"summary_large_image","twitter_misc":{"Tahmini okuma s\u00fcresi":"5 dakika"},"schema":{"@context":"https:\/\/schema.org","@graph":[{"@type":"WebPage","@id":"https:\/\/usa-b2.com\/tr\/vize-b2\/","url":"https:\/\/usa-b2.com\/tr\/vize-b2\/","name":"Amerikan B2 vizesi - USA B2","isPartOf":{"@id":"https:\/\/usa-b2.com\/tr\/#website"},"primaryImageOfPage":{"@id":"https:\/\/usa-b2.com\/tr\/vize-b2\/#primaryimage"},"image":{"@id":"https:\/\/usa-b2.com\/tr\/vize-b2\/#primaryimage"},"thumbnailUrl":"https:\/\/usa-b2.com\/wp-content\/uploads\/2024\/02\/Visa-b2.webp","datePublished":"2024-02-05T18:28:26+00:00","dateModified":"2025-09-13T09:27:07+00:00","description":"Amerika Birle\u015fik Devletleri'ne seyahat etmek i\u00e7in B2 vizesine online ba\u015fvuru nas\u0131l yap\u0131l\u0131r. Her \u015feyi a\u00e7\u0131kl\u0131yoruz","breadcrumb":{"@id":"https:\/\/usa-b2.com\/tr\/vize-b2\/#breadcrumb"},"inLanguage":"tr","potentialAction":[{"@type":"ReadAction","target":["https:\/\/usa-b2.com\/tr\/vize-b2\/"]}]},{"@type":"ImageObject","inLanguage":"tr","@id":"https:\/\/usa-b2.com\/tr\/vize-b2\/#primaryimage","url":"https:\/\/usa-b2.com\/wp-content\/uploads\/2024\/02\/Visa-b2.webp","contentUrl":"https:\/\/usa-b2.com\/wp-content\/uploads\/2024\/02\/Visa-b2.webp"},{"@type":"BreadcrumbList","@id":"https:\/\/usa-b2.com\/tr\/vize-b2\/#breadcrumb","itemListElement":[{"@type":"ListItem","position":1,"name":"Accueil","item":"https:\/\/usa-b2.com\/tr\/usa\/"},{"@type":"ListItem","position":2,"name":"Amerikan B2 vizesi"}]},{"@type":"WebSite","@id":"https:\/\/usa-b2.com\/tr\/#website","url":"https:\/\/usa-b2.com\/tr\/","name":"USA B2 VISA","description":"","potentialAction":[{"@type":"SearchAction","target":{"@type":"EntryPoint","urlTemplate":"https:\/\/usa-b2.com\/tr\/?s={search_term_string}"},"query-input":{"@type":"PropertyValueSpecification","valueRequired":true,"valueName":"search_term_string"}}],"inLanguage":"tr"}]}},"_links":{"self":[{"href":"https:\/\/usa-b2.com\/tr\/wp-json\/wp\/v2\/pages\/2190","targetHints":{"allow":["GET"]}}],"collection":[{"href":"https:\/\/usa-b2.com\/tr\/wp-json\/wp\/v2\/pages"}],"about":[{"href":"https:\/\/usa-b2.com\/tr\/wp-json\/wp\/v2\/types\/page"}],"author":[{"embeddable":true,"href":"https:\/\/usa-b2.com\/tr\/wp-json\/wp\/v2\/users\/1"}],"replies":[{"embeddable":true,"href":"https:\/\/usa-b2.com\/tr\/wp-json\/wp\/v2\/comments?post=2190"}],"version-history":[{"count":4,"href":"https:\/\/usa-b2.com\/tr\/wp-json\/wp\/v2\/pages\/2190\/revisions"}],"predecessor-version":[{"id":9788,"href":"https:\/\/usa-b2.com\/tr\/wp-json\/wp\/v2\/pages\/2190\/revisions\/9788"}],"wp:attachment":[{"href":"https:\/\/usa-b2.com\/tr\/wp-json\/wp\/v2\/media?parent=2190"}],"curies":[{"name":"wp","href":"https:\/\/api.w.org\/{rel}","templated":true}]}}