{"id":2182,"date":"2024-02-10T17:15:31","date_gmt":"2024-02-10T17:15:31","guid":{"rendered":"https:\/\/usa-b2.com\/abd-vize-buyukelciligi-icin-randevulasin\/"},"modified":"2025-10-13T13:41:33","modified_gmt":"2025-10-13T13:41:33","slug":"abd-vize-buyukelciligi-icin-randevulasin","status":"publish","type":"page","link":"https:\/\/usa-b2.com\/tr\/abd-vize-buyukelciligi-icin-randevulasin\/","title":{"rendered":"ABD B\u00fcy\u00fckel\u00e7ili\u011fi&#8217;nde vize g\u00f6r\u00fc\u015fmesi"},"content":{"rendered":"\n<h1 class=\"wp-block-heading\">ABD b\u00fcy\u00fckel\u00e7ili\u011finde vize g\u00f6r\u00fc\u015fmesi<\/h1>\n\n<p><a href=\"https:\/\/usa-b2.com\/fr\/formulaire-visa-b2-en-ligne\/\">B2 vizesine ba\u015fvururken<\/a>, ba\u015fvuru sahibinin ABD konsolosluk g\u00f6revlisiyle bir m\u00fclakata kat\u0131lmas\u0131 gerekir. Bu m\u00fclakat\u0131n amac\u0131 vize ba\u015fvurusunu do\u011frulamakt\u0131r. Bu m\u00fclakat, <a href=\"https:\/\/usa-b2.com\/tr\/vize-b2\/\">B2 vize<\/a> ba\u015fvuru sahibinin kendi \u00fclkesindeki ABD b\u00fcy\u00fckel\u00e7ili\u011fi veya konsoloslu\u011funda ger\u00e7ekle\u015ftirilir.<\/p>\n\n<p><strong>Turist olarak 90 g\u00fcnden az kalmak i\u00e7in <\/strong>: B2 vizesine ba\u015fvurmak i\u00e7in el\u00e7ilikten randevu alman\u0131za gerek yoktur. ESTA&#8217;ya h\u0131zl\u0131 ve kolay bir \u015fekilde <a href=\"https:\/\/usa-b2.com\/tr\/esta-formunu-cevrimici\/\">online olarak ba\u015fvurabilirsiniz<\/a>.<\/p>\n\n<div style=\"height:10px\" aria-hidden=\"true\" class=\"wp-block-spacer\"><\/div>\n\n<h2 class=\"wp-block-heading\" id=\"h-comment-obtenir-un-rendez-vous-a-l-ambassade-des-etats-unis\">ABD b\u00fcy\u00fckel\u00e7ili\u011finden nas\u0131l randevu alabilirim?<\/h2>\n\n<p>Vize ba\u015fvurusunun incelenmesi i\u00e7in randevu almak \u00fczere ba\u015fvuru sahibinin <a href=\"https:\/\/www.uscis.gov\/\">USCIS<\/a> web sitesine giri\u015f yapmas\u0131 gerekmektedir. Randevu tarihini ve saatini online olarak se\u00e7erler ve \u00e7o\u011fu g\u00f6r\u00fc\u015fme Pazartesi&#8217;den Cuma&#8217;ya sabah 8.30&#8217;dan 9.30&#8217;a kadar ger\u00e7ekle\u015fir.<\/p>\n\n<h2 class=\"wp-block-heading\">Vize g\u00f6r\u00fc\u015fmesine nas\u0131l haz\u0131rlanmal\u0131y\u0131m?<\/h2>\n\n<p>Randevu tarihi ABD Ulusal Vize Merkezi taraf\u0131ndan belirlendikten sonra, ba\u015fvuru sahibi m\u00fclakata haz\u0131rlanmal\u0131d\u0131r. \u0130\u015fte ba\u015far\u0131l\u0131 bir m\u00fclakata haz\u0131rlanmak ve B2 vizenizi almak i\u00e7in gerekli ad\u0131mlar: <\/p>\n\n<h3 class=\"wp-block-heading\">T\u0131bbi muayene yapt\u0131r\u0131n<\/h3>\n\n<p>T\u00fcm vize ba\u015fvuru sahipleri, ba\u015fvuru sahibinin men\u015fe \u00fclkesindeki <a href=\"https:\/\/usa-b2.com\/fr\/ambassade-des-etats-unis\/\">ABD b\u00fcy\u00fckel\u00e7ili\u011fi<\/a> taraf\u0131ndan onaylanm\u0131\u015f bir doktor taraf\u0131ndan sa\u011fl\u0131k muayenesinden ge\u00e7irilmelidir. Her \u00fclkeye \u00f6zg\u00fc talimatlar\u0131n listesi Amerikan b\u00fcy\u00fckel\u00e7ili\u011finden temin edilebilir. Akredite olmayan bir doktor taraf\u0131ndan yap\u0131lan t\u0131bbi muayene vize ba\u015fvurusu i\u00e7in kabul edilmeyecektir.<\/p>\n\n<p>T\u0131bbi muayene sonu\u00e7lar\u0131 do\u011frudan b\u00fcy\u00fckel\u00e7ili\u011fe g\u00f6nderilir. Baz\u0131 \u00fclkelerde sonu\u00e7lar, m\u00fclakat g\u00fcn\u00fc a\u00e7\u0131lmadan teslim edilmek \u00fczere kapal\u0131 bir zarf i\u00e7inde adaya verilir. <\/p>\n\n<h3 class=\"wp-block-heading\">M\u00fclakatta sunulacak destekleyici belgeleri toplay\u0131n<\/h3>\n\n<p>Her vize ba\u015fvurusu i\u00e7in destekleyici belgeler gerekmektedir. Vize ba\u015fvurusunda belirtilen t\u00fcm belgelerin asl\u0131 veya onayl\u0131 sureti ibraz edilmelidir. Bu, <a href=\"https:\/\/usa-b2.com\/fr\/procedure-demande-visa-b2\/\">B2 vize ba\u015fvuru prosed\u00fcr\u00fcn\u00fcn<\/a> en idari k\u0131sm\u0131d\u0131r.  <\/p>\n\n<p>Baz\u0131 belgelerin eksik olmas\u0131 halinde B2 vize ba\u015fvurusu sonu\u00e7land\u0131r\u0131lamaz. Ba\u015fvuru sahibinin eksik belgeleri sunmak ve vizeyi almak i\u00e7in el\u00e7ilikten bir randevu daha almas\u0131 gerekecektir. <\/p>\n\n<h2 class=\"wp-block-heading\" id=\"h-comment-se-passe-le-rendez-vous-a-l-ambassade-des-etats-unis\">Vize m\u00fclakat\u0131 nas\u0131l ger\u00e7ekle\u015fiyor?<\/h2>\n\n<p>Ba\u015fvuru sahibinin randevuya vize ba\u015fvurusunun bas\u0131l\u0131 onay\u0131n\u0131 getirmesi gerekmektedir. Randevu saatinizden \u00f6nce el\u00e7ilik g\u00fcvenli\u011finden ge\u00e7mek i\u00e7in fazladan 15 dakika beklemeniz gerekmektedir. G\u00fcvenlik kontrolleri tamamland\u0131ktan sonra aday\u0131n parmak izleri kaydedilecek ve toplant\u0131 odas\u0131na giri\u015fine izin verilecektir.  <\/p>\n\n<p>B\u00fcy\u00fckel\u00e7ilikteki randevu ortalama 15 dakika s\u00fcrmekte ve \u0130ngilizce olarak ger\u00e7ekle\u015ftirilmektedir. Konsolosluk memuru o dili ak\u0131c\u0131 bir \u015fekilde konu\u015fabiliyorsa, m\u00fclakat bazen yerel dilde de yap\u0131labilir. \u0130\u015fte B2 vizesi i\u00e7in m\u00fclakat s\u0131ras\u0131nda ele al\u0131nan ana noktalar:  <\/p>\n\n<ul class=\"wp-block-list\">\n<li>Amerika Birle\u015fik Devletleri&#8217;ni neden ziyaret ediyorsunuz?<\/li>\n\n\n\n<li>Planlanan g\u00fczergah, konaklama ve rezervasyonlar nelerdir?  <\/li>\n\n\n\n<li>Tatilin finansman\u0131 nas\u0131l sa\u011flan\u0131yor?<\/li>\n<\/ul>\n\n<p>G\u00f6r\u00fc\u015fmeyi sonu\u00e7land\u0131rmak i\u00e7in konsolosluk g\u00f6revlisi vizenin verilip verilmedi\u011fini belirtecektir. B2 vizesinin bulundu\u011fu damgal\u0131 pasaport m\u00fclakat\u0131n sonunda posta yoluyla g\u00f6nderilecektir. <\/p>\n\n<h2 class=\"wp-block-heading\">M\u00fclakata hangi belgeleri getirmeliyim?<\/h2>\n\n<p>Ba\u015fvuru sahipleri, vize ba\u015fvurusunun de\u011ferlendirmeye al\u0131nabilmesi i\u00e7in gerekli t\u00fcm orijinal veya onayl\u0131 belgeleri yanlar\u0131nda getirmelidir. \u0130\u015fte gerekli asgari belgelerin bir listesi: <\/p>\n\n<ul class=\"wp-block-list\">\n<li>Randevu mektubu<\/li>\n\n\n\n<li><a href=\"https:\/\/usa-b2.com\/fr\/passeport-pour-voyager-aux-usa\/\">ABD i\u00e7in ge\u00e7erli<\/a> ve ABD&#8217;ye planlanan var\u0131\u015f tarihinden sonra en az 6 ay ge\u00e7erli pasaport<\/li>\n\n\n\n<li>Vize foto\u011fraf gereksinimlerini kar\u015f\u0131layan 2 adet renkli vesikal\u0131k foto\u011fraf<\/li>\n\n\n\n<li>Vize ba\u015fvurusu yap\u0131l\u0131rken y\u00fcklenen belgelerin asl\u0131 veya onayl\u0131 suretleri.<\/li>\n\n\n\n<li><a href=\"https:\/\/usa-b2.com\/fr\/frais-visa-b2-usa\/\">Vize \u00fccretinin<\/a> \u00f6dendi\u011fine dair kan\u0131t ba\u015fvuru sahibinin dosyas\u0131nda saklan\u0131r.<\/li>\n<\/ul>\n\n<div style=\"height:10px\" aria-hidden=\"true\" class=\"wp-block-spacer\"><\/div>\n\n<h2 class=\"wp-block-heading\">Aday g\u00f6r\u00fc\u015fmeye kat\u0131lmazsa ne olur?<\/h2>\n\n<p>Ba\u015fvuru sahibinin planlanan randevuya gelmemesi halinde dosya kapat\u0131lacak ve vize ba\u015fvurusu iptal edilecektir. \u00d6denen \u00fccretler iade edilmeyecektir. <\/p>\n","protected":false},"excerpt":{"rendered":"<p>ABD b\u00fcy\u00fckel\u00e7ili\u011finde vize g\u00f6r\u00fc\u015fmesi B2 vizesine ba\u015fvururken, ba\u015fvuru sahibinin ABD konsolosluk g\u00f6revlisiyle bir m\u00fclakata kat\u0131lmas\u0131 gerekir. Bu m\u00fclakat\u0131n amac\u0131 vize ba\u015fvurusunu do\u011frulamakt\u0131r. Bu m\u00fclakat, B2 vize ba\u015fvuru sahibinin kendi \u00fclkesindeki ABD b\u00fcy\u00fckel\u00e7ili\u011fi veya konsoloslu\u011funda ger\u00e7ekle\u015ftirilir. Turist olarak 90 g\u00fcnden az kalmak i\u00e7in : B2 vizesine ba\u015fvurmak i\u00e7in el\u00e7ilikten randevu alman\u0131za gerek yoktur. ESTA&#8217;ya h\u0131zl\u0131 ve [&hellip;]<\/p>\n","protected":false},"author":1,"featured_media":0,"parent":0,"menu_order":0,"comment_status":"closed","ping_status":"closed","template":"","meta":{"footnotes":""},"class_list":["post-2182","page","type-page","status-publish","hentry"],"yoast_head":"<!-- This site is optimized with the Yoast SEO plugin v27.0 - https:\/\/yoast.com\/product\/yoast-seo-wordpress\/ -->\n<title>ABD B\u00fcy\u00fckel\u00e7ili\u011fi&#039;nde vize g\u00f6r\u00fc\u015fmesi - USA B2<\/title>\n<meta name=\"description\" content=\"B2 vizesi i\u00e7in ba\u015fvuru prosed\u00fcr\u00fc, ba\u015fvuru sahibi ile ABD konsolosluk g\u00f6revlisi aras\u0131nda bir m\u00fclakat yap\u0131lmas\u0131n\u0131 i\u00e7erir. \u0130\u015fte t\u00fcm ayr\u0131nt\u0131lar.\" \/>\n<meta name=\"robots\" content=\"index, follow, max-snippet:-1, max-image-preview:large, max-video-preview:-1\" \/>\n<link rel=\"canonical\" href=\"https:\/\/usa-b2.com\/tr\/abd-vize-buyukelciligi-icin-randevulasin\/\" \/>\n<meta property=\"og:locale\" content=\"tr_TR\" \/>\n<meta property=\"og:type\" content=\"article\" \/>\n<meta property=\"og:title\" content=\"ABD B\u00fcy\u00fckel\u00e7ili\u011fi&#039;nde vize g\u00f6r\u00fc\u015fmesi - USA B2\" \/>\n<meta property=\"og:description\" content=\"B2 vizesi i\u00e7in ba\u015fvuru prosed\u00fcr\u00fc, ba\u015fvuru sahibi ile ABD konsolosluk g\u00f6revlisi aras\u0131nda bir m\u00fclakat yap\u0131lmas\u0131n\u0131 i\u00e7erir. \u0130\u015fte t\u00fcm ayr\u0131nt\u0131lar.\" \/>\n<meta property=\"og:url\" content=\"https:\/\/usa-b2.com\/tr\/abd-vize-buyukelciligi-icin-randevulasin\/\" \/>\n<meta property=\"og:site_name\" content=\"USA B2\" \/>\n<meta property=\"article:modified_time\" content=\"2025-10-13T13:41:33+00:00\" \/>\n<meta name=\"twitter:card\" content=\"summary_large_image\" \/>\n<meta name=\"twitter:label1\" content=\"Tahmini okuma s\u00fcresi\" \/>\n\t<meta name=\"twitter:data1\" content=\"3 dakika\" \/>\n<script type=\"application\/ld+json\" class=\"yoast-schema-graph\">{\"@context\":\"https:\/\/schema.org\",\"@graph\":[{\"@type\":\"WebPage\",\"@id\":\"https:\/\/usa-b2.com\/tr\/abd-vize-buyukelciligi-icin-randevulasin\/\",\"url\":\"https:\/\/usa-b2.com\/tr\/abd-vize-buyukelciligi-icin-randevulasin\/\",\"name\":\"ABD B\u00fcy\u00fckel\u00e7ili\u011fi'nde vize g\u00f6r\u00fc\u015fmesi - USA B2\",\"isPartOf\":{\"@id\":\"https:\/\/usa-b2.com\/tr\/#website\"},\"datePublished\":\"2024-02-10T17:15:31+00:00\",\"dateModified\":\"2025-10-13T13:41:33+00:00\",\"description\":\"B2 vizesi i\u00e7in ba\u015fvuru prosed\u00fcr\u00fc, ba\u015fvuru sahibi ile ABD konsolosluk g\u00f6revlisi aras\u0131nda bir m\u00fclakat yap\u0131lmas\u0131n\u0131 i\u00e7erir. \u0130\u015fte t\u00fcm ayr\u0131nt\u0131lar.\",\"breadcrumb\":{\"@id\":\"https:\/\/usa-b2.com\/tr\/abd-vize-buyukelciligi-icin-randevulasin\/#breadcrumb\"},\"inLanguage\":\"tr\",\"potentialAction\":[{\"@type\":\"ReadAction\",\"target\":[\"https:\/\/usa-b2.com\/tr\/abd-vize-buyukelciligi-icin-randevulasin\/\"]}]},{\"@type\":\"BreadcrumbList\",\"@id\":\"https:\/\/usa-b2.com\/tr\/abd-vize-buyukelciligi-icin-randevulasin\/#breadcrumb\",\"itemListElement\":[{\"@type\":\"ListItem\",\"position\":1,\"name\":\"Accueil\",\"item\":\"https:\/\/usa-b2.com\/tr\/yol-gezileri-rehberi\/\"},{\"@type\":\"ListItem\",\"position\":2,\"name\":\"ABD B\u00fcy\u00fckel\u00e7ili\u011fi&#8217;nde vize g\u00f6r\u00fc\u015fmesi\"}]},{\"@type\":\"WebSite\",\"@id\":\"https:\/\/usa-b2.com\/tr\/#website\",\"url\":\"https:\/\/usa-b2.com\/tr\/\",\"name\":\"USA B2 VISA\",\"description\":\"\",\"potentialAction\":[{\"@type\":\"SearchAction\",\"target\":{\"@type\":\"EntryPoint\",\"urlTemplate\":\"https:\/\/usa-b2.com\/tr\/?s={search_term_string}\"},\"query-input\":{\"@type\":\"PropertyValueSpecification\",\"valueRequired\":true,\"valueName\":\"search_term_string\"}}],\"inLanguage\":\"tr\"}]}<\/script>\n<!-- \/ Yoast SEO plugin. -->","yoast_head_json":{"title":"ABD B\u00fcy\u00fckel\u00e7ili\u011fi'nde vize g\u00f6r\u00fc\u015fmesi - USA B2","description":"B2 vizesi i\u00e7in ba\u015fvuru prosed\u00fcr\u00fc, ba\u015fvuru sahibi ile ABD konsolosluk g\u00f6revlisi aras\u0131nda bir m\u00fclakat yap\u0131lmas\u0131n\u0131 i\u00e7erir. \u0130\u015fte t\u00fcm ayr\u0131nt\u0131lar.","robots":{"index":"index","follow":"follow","max-snippet":"max-snippet:-1","max-image-preview":"max-image-preview:large","max-video-preview":"max-video-preview:-1"},"canonical":"https:\/\/usa-b2.com\/tr\/abd-vize-buyukelciligi-icin-randevulasin\/","og_locale":"tr_TR","og_type":"article","og_title":"ABD B\u00fcy\u00fckel\u00e7ili\u011fi'nde vize g\u00f6r\u00fc\u015fmesi - USA B2","og_description":"B2 vizesi i\u00e7in ba\u015fvuru prosed\u00fcr\u00fc, ba\u015fvuru sahibi ile ABD konsolosluk g\u00f6revlisi aras\u0131nda bir m\u00fclakat yap\u0131lmas\u0131n\u0131 i\u00e7erir. \u0130\u015fte t\u00fcm ayr\u0131nt\u0131lar.","og_url":"https:\/\/usa-b2.com\/tr\/abd-vize-buyukelciligi-icin-randevulasin\/","og_site_name":"USA B2","article_modified_time":"2025-10-13T13:41:33+00:00","twitter_card":"summary_large_image","twitter_misc":{"Tahmini okuma s\u00fcresi":"3 dakika"},"schema":{"@context":"https:\/\/schema.org","@graph":[{"@type":"WebPage","@id":"https:\/\/usa-b2.com\/tr\/abd-vize-buyukelciligi-icin-randevulasin\/","url":"https:\/\/usa-b2.com\/tr\/abd-vize-buyukelciligi-icin-randevulasin\/","name":"ABD B\u00fcy\u00fckel\u00e7ili\u011fi'nde vize g\u00f6r\u00fc\u015fmesi - USA B2","isPartOf":{"@id":"https:\/\/usa-b2.com\/tr\/#website"},"datePublished":"2024-02-10T17:15:31+00:00","dateModified":"2025-10-13T13:41:33+00:00","description":"B2 vizesi i\u00e7in ba\u015fvuru prosed\u00fcr\u00fc, ba\u015fvuru sahibi ile ABD konsolosluk g\u00f6revlisi aras\u0131nda bir m\u00fclakat yap\u0131lmas\u0131n\u0131 i\u00e7erir. \u0130\u015fte t\u00fcm ayr\u0131nt\u0131lar.","breadcrumb":{"@id":"https:\/\/usa-b2.com\/tr\/abd-vize-buyukelciligi-icin-randevulasin\/#breadcrumb"},"inLanguage":"tr","potentialAction":[{"@type":"ReadAction","target":["https:\/\/usa-b2.com\/tr\/abd-vize-buyukelciligi-icin-randevulasin\/"]}]},{"@type":"BreadcrumbList","@id":"https:\/\/usa-b2.com\/tr\/abd-vize-buyukelciligi-icin-randevulasin\/#breadcrumb","itemListElement":[{"@type":"ListItem","position":1,"name":"Accueil","item":"https:\/\/usa-b2.com\/tr\/yol-gezileri-rehberi\/"},{"@type":"ListItem","position":2,"name":"ABD B\u00fcy\u00fckel\u00e7ili\u011fi&#8217;nde vize g\u00f6r\u00fc\u015fmesi"}]},{"@type":"WebSite","@id":"https:\/\/usa-b2.com\/tr\/#website","url":"https:\/\/usa-b2.com\/tr\/","name":"USA B2 VISA","description":"","potentialAction":[{"@type":"SearchAction","target":{"@type":"EntryPoint","urlTemplate":"https:\/\/usa-b2.com\/tr\/?s={search_term_string}"},"query-input":{"@type":"PropertyValueSpecification","valueRequired":true,"valueName":"search_term_string"}}],"inLanguage":"tr"}]}},"_links":{"self":[{"href":"https:\/\/usa-b2.com\/tr\/wp-json\/wp\/v2\/pages\/2182","targetHints":{"allow":["GET"]}}],"collection":[{"href":"https:\/\/usa-b2.com\/tr\/wp-json\/wp\/v2\/pages"}],"about":[{"href":"https:\/\/usa-b2.com\/tr\/wp-json\/wp\/v2\/types\/page"}],"author":[{"embeddable":true,"href":"https:\/\/usa-b2.com\/tr\/wp-json\/wp\/v2\/users\/1"}],"replies":[{"embeddable":true,"href":"https:\/\/usa-b2.com\/tr\/wp-json\/wp\/v2\/comments?post=2182"}],"version-history":[{"count":2,"href":"https:\/\/usa-b2.com\/tr\/wp-json\/wp\/v2\/pages\/2182\/revisions"}],"predecessor-version":[{"id":10132,"href":"https:\/\/usa-b2.com\/tr\/wp-json\/wp\/v2\/pages\/2182\/revisions\/10132"}],"wp:attachment":[{"href":"https:\/\/usa-b2.com\/tr\/wp-json\/wp\/v2\/media?parent=2182"}],"curies":[{"name":"wp","href":"https:\/\/api.w.org\/{rel}","templated":true}]}}