{"id":2178,"date":"2024-02-10T17:02:13","date_gmt":"2024-02-10T17:02:13","guid":{"rendered":"https:\/\/usa-b2.com\/b2-vize-formu\/"},"modified":"2026-02-25T15:38:29","modified_gmt":"2026-02-25T15:38:29","slug":"b2-vize-formu","status":"publish","type":"page","link":"https:\/\/usa-b2.com\/tr\/b2-vize-formu\/","title":{"rendered":"B2 vize formu online"},"content":{"rendered":"\t\t<div data-elementor-type=\"wp-page\" data-elementor-id=\"2178\" class=\"elementor elementor-2178 elementor-65\" data-elementor-post-type=\"page\">\n\t\t\t\t<div class=\"elementor-element elementor-element-3aaff0cb e-flex e-con-boxed e-con e-parent\" data-id=\"3aaff0cb\" data-element_type=\"container\" data-e-type=\"container\">\n\t\t\t\t\t<div class=\"e-con-inner\">\n\t\t\t\t<div class=\"elementor-element elementor-element-13dd7548 elementor-widget elementor-widget-text-editor\" data-id=\"13dd7548\" data-element_type=\"widget\" data-e-type=\"widget\" data-widget_type=\"text-editor.default\">\n\t\t\t\t<div class=\"elementor-widget-container\">\n\t\t\t\t\t\t\t\t\t<h1>B2 vizesi almak i\u00e7in \u00e7evrimi\u00e7i form<\/h1>\t\t\t\t\t\t\t\t<\/div>\n\t\t\t\t<\/div>\n\t\t\t\t\t<\/div>\n\t\t\t\t<\/div>\n\t\t<div class=\"elementor-element elementor-element-ab55e48 e-flex e-con-boxed e-con e-parent\" data-id=\"ab55e48\" data-element_type=\"container\" data-e-type=\"container\">\n\t\t\t\t\t<div class=\"e-con-inner\">\n\t\t\t\t<div class=\"elementor-element elementor-element-313046a elementor-widget elementor-widget-text-editor\" data-id=\"313046a\" data-element_type=\"widget\" data-e-type=\"widget\" data-widget_type=\"text-editor.default\">\n\t\t\t\t<div class=\"elementor-widget-container\">\n\t\t\t\t\t\t\t\t\t<p>B2 vizesine yaln\u0131zca internet \u00fczerinden ba\u015fvurabilirsiniz. Ba\u015fvuru sahipleri DS-160 formunu doldurmal\u0131 ve vize \u00fccretini online olarak \u00f6demelidir.   <\/p>\t\t\t\t\t\t\t\t<\/div>\n\t\t\t\t<\/div>\n\t\t\t\t\t<\/div>\n\t\t\t\t<\/div>\n\t\t<div class=\"elementor-element elementor-element-1c6e5a1 e-flex e-con-boxed e-con e-parent\" data-id=\"1c6e5a1\" data-element_type=\"container\" data-e-type=\"container\">\n\t\t\t\t\t<div class=\"e-con-inner\">\n\t\t\t\t<div class=\"elementor-element elementor-element-3bc75779 elementor-widget elementor-widget-button\" data-id=\"3bc75779\" data-element_type=\"widget\" data-e-type=\"widget\" data-widget_type=\"button.default\">\n\t\t\t\t<div class=\"elementor-widget-container\">\n\t\t\t\t\t\t\t\t\t<div class=\"elementor-button-wrapper\">\n\t\t\t\t\t<a class=\"elementor-button elementor-button-link elementor-size-sm\" href=\"https:\/\/usa-b2.com\/fr\/recommends\/us-b2\/\">\n\t\t\t\t\t\t<span class=\"elementor-button-content-wrapper\">\n\t\t\t\t\t\t\t\t\t<span class=\"elementor-button-text\">\u00c7evrimi\u00e7i formu doldurun<\/span>\n\t\t\t\t\t<\/span>\n\t\t\t\t\t<\/a>\n\t\t\t\t<\/div>\n\t\t\t\t\t\t\t\t<\/div>\n\t\t\t\t<\/div>\n\t\t\t\t\t<\/div>\n\t\t\t\t<\/div>\n\t\t<div class=\"elementor-element elementor-element-c883d67 e-flex e-con-boxed e-con e-parent\" data-id=\"c883d67\" data-element_type=\"container\" data-e-type=\"container\">\n\t\t\t\t\t<div class=\"e-con-inner\">\n\t\t\t\t<div class=\"elementor-element elementor-element-259ccca elementor-widget elementor-widget-text-editor\" data-id=\"259ccca\" data-element_type=\"widget\" data-e-type=\"widget\" data-widget_type=\"text-editor.default\">\n\t\t\t\t<div class=\"elementor-widget-container\">\n\t\t\t\t\t\t\t\t\t<p><span style=\"color: #000000;\"><b>Amerika Birle\u015fik Devletleri&#8217;nde 90 g\u00fcnden daha az bir s\u00fcre kalmak i\u00e7in<\/b><\/span> B2 vizesi alman\u0131za veya ABD el\u00e7ili\u011fine gitmenize gerek yoktur. Tek yapman\u0131z gereken <a href=\"https:\/\/usa-b2.com\/tr\/esta-formunu-cevrimici\/\">ESTA formunu \u00e7evrimi\u00e7i<\/a> doldurarak elektronik seyahat izni i\u00e7in ba\u015fvurmakt\u0131r. <\/p>\t\t\t\t\t\t\t\t<\/div>\n\t\t\t\t<\/div>\n\t\t\t\t\t<\/div>\n\t\t\t\t<\/div>\n\t\t<div class=\"elementor-element elementor-element-acb5d05 e-flex e-con-boxed e-con e-parent\" data-id=\"acb5d05\" data-element_type=\"container\" data-e-type=\"container\">\n\t\t\t\t\t<div class=\"e-con-inner\">\n\t\t\t\t<div class=\"elementor-element elementor-element-57baf36 elementor-widget elementor-widget-spacer\" data-id=\"57baf36\" data-element_type=\"widget\" data-e-type=\"widget\" data-widget_type=\"spacer.default\">\n\t\t\t\t<div class=\"elementor-widget-container\">\n\t\t\t\t\t\t\t<div class=\"elementor-spacer\">\n\t\t\t<div class=\"elementor-spacer-inner\"><\/div>\n\t\t<\/div>\n\t\t\t\t\t\t<\/div>\n\t\t\t\t<\/div>\n\t\t\t\t\t<\/div>\n\t\t\t\t<\/div>\n\t\t<div class=\"elementor-element elementor-element-4594086 e-flex e-con-boxed e-con e-parent\" data-id=\"4594086\" data-element_type=\"container\" data-e-type=\"container\">\n\t\t\t\t\t<div class=\"e-con-inner\">\n\t\t\t\t<div class=\"elementor-element elementor-element-0561204 elementor-widget elementor-widget-text-editor\" data-id=\"0561204\" data-element_type=\"widget\" data-e-type=\"widget\" data-widget_type=\"text-editor.default\">\n\t\t\t\t<div class=\"elementor-widget-container\">\n\t\t\t\t\t\t\t\t\t<h2>B2 vizesinin i\u015fleme al\u0131nmas\u0131 ne kadar s\u00fcrer?<\/h2>\n<p>B2 vize ba\u015fvurusu i\u00e7in i\u015flem s\u00fcresi en az birka\u00e7 haftad\u0131r ve birka\u00e7 aya kadar uzayabilir. Bu s\u00fcre esas olarak ba\u015fvuru sahibinin \u00fclkesindeki Amerikan el\u00e7ili\u011fi veya konsoloslu\u011fu taraf\u0131ndan i\u015fleme al\u0131nacak ba\u015fvurular\u0131n hacmine ba\u011fl\u0131d\u0131r. \u0130\u015flem s\u00fcrelerinin daha uzun olmas\u0131n\u0131n ba\u015fka nedenleri de vard\u0131r, \u00f6rne\u011fin :  <\/p>\n<ul>\n<li>Aday\u0131n dosyas\u0131 tamamlanmam\u0131\u015fsa veya aday ek bilgi sa\u011flamakta gecikmi\u015fse;<\/li>\n<li>Ba\u015fvuru sahibi Amerikan el\u00e7ili\u011fi veya konsoloslu\u011fu ile <a href=\"https:\/\/usa-b2.com\/tr\/abd-vize-buyukelciligi-icin-randevulasin\/\">vize g\u00f6r\u00fc\u015fmesi i\u00e7in randevu<\/a> almakta gecikirse.<\/li>\n<\/ul>\t\t\t\t\t\t\t\t<\/div>\n\t\t\t\t<\/div>\n\t\t\t\t\t<\/div>\n\t\t\t\t<\/div>\n\t\t<div class=\"elementor-element elementor-element-3f8b40a e-flex e-con-boxed e-con e-parent\" data-id=\"3f8b40a\" data-element_type=\"container\" data-e-type=\"container\">\n\t\t\t\t\t<div class=\"e-con-inner\">\n\t\t\t\t<div class=\"elementor-element elementor-element-dfcba0d elementor-widget elementor-widget-spacer\" data-id=\"dfcba0d\" data-element_type=\"widget\" data-e-type=\"widget\" data-widget_type=\"spacer.default\">\n\t\t\t\t<div class=\"elementor-widget-container\">\n\t\t\t\t\t\t\t<div class=\"elementor-spacer\">\n\t\t\t<div class=\"elementor-spacer-inner\"><\/div>\n\t\t<\/div>\n\t\t\t\t\t\t<\/div>\n\t\t\t\t<\/div>\n\t\t\t\t\t<\/div>\n\t\t\t\t<\/div>\n\t\t<div class=\"elementor-element elementor-element-a38079a e-flex e-con-boxed e-con e-parent\" data-id=\"a38079a\" data-element_type=\"container\" data-e-type=\"container\">\n\t\t\t\t\t<div class=\"e-con-inner\">\n\t\t\t\t<div class=\"elementor-element elementor-element-c854383 elementor-widget elementor-widget-text-editor\" data-id=\"c854383\" data-element_type=\"widget\" data-e-type=\"widget\" data-widget_type=\"text-editor.default\">\n\t\t\t\t<div class=\"elementor-widget-container\">\n\t\t\t\t\t\t\t\t\t<h2>Amerikan B\u00fcy\u00fckel\u00e7ili\u011fi&#8217;ndeki m\u00fclakat\u0131n\u0131z i\u00e7in haz\u0131rlan\u0131n<\/h2>\n<p>B2 vize s\u00fcrecini tamamlamak i\u00e7in ba\u015fvuru sahiplerinin b\u00fcy\u00fckel\u00e7ilik vize memuruyla bir m\u00fclakata kat\u0131lmalar\u0131 gerekmektedir. Aday bu g\u00f6r\u00fc\u015fmeye haz\u0131rlanmal\u0131d\u0131r. Kendilerinden neden Amerika Birle\u015fik Devletleri&#8217;ne seyahat etmek istediklerini a\u00e7\u0131klamalar\u0131 istenecektir. T\u00fcm destekleyici belgeler randevu s\u0131ras\u0131nda kontrol edilecektir.   <\/p>\t\t\t\t\t\t\t\t<\/div>\n\t\t\t\t<\/div>\n\t\t\t\t<div class=\"elementor-element elementor-element-80d967c elementor-widget elementor-widget-heading\" data-id=\"80d967c\" data-element_type=\"widget\" data-e-type=\"widget\" data-widget_type=\"heading.default\">\n\t\t\t\t<div class=\"elementor-widget-container\">\n\t\t\t\t\t<h2 class=\"elementor-heading-title elementor-size-default\">B2 vizesi i\u00e7in uygun \u00fclkeler hakk\u0131nda daha fazla bilgi<\/h2>\t\t\t\t<\/div>\n\t\t\t\t<\/div>\n\t\t\t\t<div class=\"elementor-element elementor-element-b41e668 elementor-widget elementor-widget-text-editor\" data-id=\"b41e668\" data-element_type=\"widget\" data-e-type=\"widget\" data-widget_type=\"text-editor.default\">\n\t\t\t\t<div class=\"elementor-widget-container\">\n\t\t\t\t\t\t\t\t\t<p>B2 vizesine uygun belirli \u00fclkelerin vatanda\u015flar\u0131 i\u00e7in daha spesifik bilgileri burada bulabilirsiniz:<\/p><ul><li><a href=\"https:\/\/usa-b2.com\/tr\/vizesi-b2-fransiz\/\">Frans\u0131z vatanda\u015flar\u0131 i\u00e7in B2 vizesi<\/a><\/li><li><a href=\"https:\/\/usa-b2.com\/tr\/italyanlar-icin-b2-vizesi\/\">\u0130talyanlar i\u00e7in B2 vizesi<\/a><\/li><li><a href=\"https:\/\/usa-b2.com\/tr\/almanlar-icin-b2-vizesi\/\">Almanlar i\u00e7in B2 vizesi<\/a><\/li><li><a href=\"https:\/\/usa-b2.com\/tr\/meksikali-b2-vizesi\/\">Meksikal\u0131lar i\u00e7in B2 vizesi<\/a><\/li><li><a href=\"https:\/\/usa-b2.com\/tr\/vizesi-b1-b2-brezilyali\/\">Brezilyal\u0131lar i\u00e7in B2 vizesi<\/a><\/li><li>\u0130spanyol vatanda\u015flar\u0131 i\u00e7in B2 vizesi<\/li><\/ul>\t\t\t\t\t\t\t\t<\/div>\n\t\t\t\t<\/div>\n\t\t\t\t\t<\/div>\n\t\t\t\t<\/div>\n\t\t\t\t<\/div>\n\t\t","protected":false},"excerpt":{"rendered":"<p>B2 vizesi almak i\u00e7in \u00e7evrimi\u00e7i form B2 vizesine yaln\u0131zca internet \u00fczerinden ba\u015fvurabilirsiniz. Ba\u015fvuru sahipleri DS-160 formunu doldurmal\u0131 ve vize \u00fccretini online olarak \u00f6demelidir. \u00c7evrimi\u00e7i formu doldurun Amerika Birle\u015fik Devletleri&#8217;nde 90 g\u00fcnden daha az bir s\u00fcre kalmak i\u00e7in B2 vizesi alman\u0131za veya ABD el\u00e7ili\u011fine gitmenize gerek yoktur. Tek yapman\u0131z gereken ESTA formunu \u00e7evrimi\u00e7i doldurarak elektronik seyahat [&hellip;]<\/p>\n","protected":false},"author":1,"featured_media":0,"parent":0,"menu_order":0,"comment_status":"closed","ping_status":"closed","template":"","meta":{"footnotes":""},"class_list":["post-2178","page","type-page","status-publish","hentry"],"yoast_head":"<!-- This site is optimized with the Yoast SEO plugin v27.4 - https:\/\/yoast.com\/product\/yoast-seo-wordpress\/ -->\n<title>B2 vize formu online - USA B2<\/title>\n<meta name=\"description\" content=\"Amerika Birle\u015fik Devletleri&#039;ne seyahat i\u00e7in B2 vizesi almak \u00fczere web formunu sadece birka\u00e7 dakika i\u00e7inde doldurun\" \/>\n<meta name=\"robots\" content=\"index, follow, max-snippet:-1, max-image-preview:large, max-video-preview:-1\" \/>\n<link rel=\"canonical\" href=\"https:\/\/usa-b2.com\/tr\/b2-vize-formu\/\" \/>\n<meta property=\"og:locale\" content=\"tr_TR\" \/>\n<meta property=\"og:type\" content=\"article\" \/>\n<meta property=\"og:title\" content=\"B2 vize formu online - USA B2\" \/>\n<meta property=\"og:description\" content=\"Amerika Birle\u015fik Devletleri&#039;ne seyahat i\u00e7in B2 vizesi almak \u00fczere web formunu sadece birka\u00e7 dakika i\u00e7inde doldurun\" \/>\n<meta property=\"og:url\" content=\"https:\/\/usa-b2.com\/tr\/b2-vize-formu\/\" \/>\n<meta property=\"og:site_name\" content=\"USA B2\" \/>\n<meta property=\"article:modified_time\" content=\"2026-02-25T15:38:29+00:00\" \/>\n<meta name=\"twitter:card\" content=\"summary_large_image\" \/>\n<meta name=\"twitter:label1\" content=\"Tahmini okuma s\u00fcresi\" \/>\n\t<meta name=\"twitter:data1\" content=\"2 dakika\" \/>\n<script type=\"application\/ld+json\" class=\"yoast-schema-graph\">{\"@context\":\"https:\\\/\\\/schema.org\",\"@graph\":[{\"@type\":\"WebPage\",\"@id\":\"https:\\\/\\\/usa-b2.com\\\/tr\\\/b2-vize-formu\\\/\",\"url\":\"https:\\\/\\\/usa-b2.com\\\/tr\\\/b2-vize-formu\\\/\",\"name\":\"B2 vize formu online - USA B2\",\"isPartOf\":{\"@id\":\"https:\\\/\\\/usa-b2.com\\\/tr\\\/#website\"},\"datePublished\":\"2024-02-10T17:02:13+00:00\",\"dateModified\":\"2026-02-25T15:38:29+00:00\",\"description\":\"Amerika Birle\u015fik Devletleri'ne seyahat i\u00e7in B2 vizesi almak \u00fczere web formunu sadece birka\u00e7 dakika i\u00e7inde doldurun\",\"breadcrumb\":{\"@id\":\"https:\\\/\\\/usa-b2.com\\\/tr\\\/b2-vize-formu\\\/#breadcrumb\"},\"inLanguage\":\"tr\",\"potentialAction\":[{\"@type\":\"ReadAction\",\"target\":[\"https:\\\/\\\/usa-b2.com\\\/tr\\\/b2-vize-formu\\\/\"]}]},{\"@type\":\"BreadcrumbList\",\"@id\":\"https:\\\/\\\/usa-b2.com\\\/tr\\\/b2-vize-formu\\\/#breadcrumb\",\"itemListElement\":[{\"@type\":\"ListItem\",\"position\":1,\"name\":\"Accueil\",\"item\":\"https:\\\/\\\/usa-b2.com\\\/tr\\\/usa\\\/\"},{\"@type\":\"ListItem\",\"position\":2,\"name\":\"B2 vize formu online\"}]},{\"@type\":\"WebSite\",\"@id\":\"https:\\\/\\\/usa-b2.com\\\/tr\\\/#website\",\"url\":\"https:\\\/\\\/usa-b2.com\\\/tr\\\/\",\"name\":\"USA B2 VISA\",\"description\":\"\",\"potentialAction\":[{\"@type\":\"SearchAction\",\"target\":{\"@type\":\"EntryPoint\",\"urlTemplate\":\"https:\\\/\\\/usa-b2.com\\\/tr\\\/?s={search_term_string}\"},\"query-input\":{\"@type\":\"PropertyValueSpecification\",\"valueRequired\":true,\"valueName\":\"search_term_string\"}}],\"inLanguage\":\"tr\"}]}<\/script>\n<!-- \/ Yoast SEO plugin. -->","yoast_head_json":{"title":"B2 vize formu online - USA B2","description":"Amerika Birle\u015fik Devletleri'ne seyahat i\u00e7in B2 vizesi almak \u00fczere web formunu sadece birka\u00e7 dakika i\u00e7inde doldurun","robots":{"index":"index","follow":"follow","max-snippet":"max-snippet:-1","max-image-preview":"max-image-preview:large","max-video-preview":"max-video-preview:-1"},"canonical":"https:\/\/usa-b2.com\/tr\/b2-vize-formu\/","og_locale":"tr_TR","og_type":"article","og_title":"B2 vize formu online - USA B2","og_description":"Amerika Birle\u015fik Devletleri'ne seyahat i\u00e7in B2 vizesi almak \u00fczere web formunu sadece birka\u00e7 dakika i\u00e7inde doldurun","og_url":"https:\/\/usa-b2.com\/tr\/b2-vize-formu\/","og_site_name":"USA B2","article_modified_time":"2026-02-25T15:38:29+00:00","twitter_card":"summary_large_image","twitter_misc":{"Tahmini okuma s\u00fcresi":"2 dakika"},"schema":{"@context":"https:\/\/schema.org","@graph":[{"@type":"WebPage","@id":"https:\/\/usa-b2.com\/tr\/b2-vize-formu\/","url":"https:\/\/usa-b2.com\/tr\/b2-vize-formu\/","name":"B2 vize formu online - USA B2","isPartOf":{"@id":"https:\/\/usa-b2.com\/tr\/#website"},"datePublished":"2024-02-10T17:02:13+00:00","dateModified":"2026-02-25T15:38:29+00:00","description":"Amerika Birle\u015fik Devletleri'ne seyahat i\u00e7in B2 vizesi almak \u00fczere web formunu sadece birka\u00e7 dakika i\u00e7inde doldurun","breadcrumb":{"@id":"https:\/\/usa-b2.com\/tr\/b2-vize-formu\/#breadcrumb"},"inLanguage":"tr","potentialAction":[{"@type":"ReadAction","target":["https:\/\/usa-b2.com\/tr\/b2-vize-formu\/"]}]},{"@type":"BreadcrumbList","@id":"https:\/\/usa-b2.com\/tr\/b2-vize-formu\/#breadcrumb","itemListElement":[{"@type":"ListItem","position":1,"name":"Accueil","item":"https:\/\/usa-b2.com\/tr\/usa\/"},{"@type":"ListItem","position":2,"name":"B2 vize formu online"}]},{"@type":"WebSite","@id":"https:\/\/usa-b2.com\/tr\/#website","url":"https:\/\/usa-b2.com\/tr\/","name":"USA B2 VISA","description":"","potentialAction":[{"@type":"SearchAction","target":{"@type":"EntryPoint","urlTemplate":"https:\/\/usa-b2.com\/tr\/?s={search_term_string}"},"query-input":{"@type":"PropertyValueSpecification","valueRequired":true,"valueName":"search_term_string"}}],"inLanguage":"tr"}]}},"_links":{"self":[{"href":"https:\/\/usa-b2.com\/tr\/wp-json\/wp\/v2\/pages\/2178","targetHints":{"allow":["GET"]}}],"collection":[{"href":"https:\/\/usa-b2.com\/tr\/wp-json\/wp\/v2\/pages"}],"about":[{"href":"https:\/\/usa-b2.com\/tr\/wp-json\/wp\/v2\/types\/page"}],"author":[{"embeddable":true,"href":"https:\/\/usa-b2.com\/tr\/wp-json\/wp\/v2\/users\/1"}],"replies":[{"embeddable":true,"href":"https:\/\/usa-b2.com\/tr\/wp-json\/wp\/v2\/comments?post=2178"}],"version-history":[{"count":3,"href":"https:\/\/usa-b2.com\/tr\/wp-json\/wp\/v2\/pages\/2178\/revisions"}],"predecessor-version":[{"id":11098,"href":"https:\/\/usa-b2.com\/tr\/wp-json\/wp\/v2\/pages\/2178\/revisions\/11098"}],"wp:attachment":[{"href":"https:\/\/usa-b2.com\/tr\/wp-json\/wp\/v2\/media?parent=2178"}],"curies":[{"name":"wp","href":"https:\/\/api.w.org\/{rel}","templated":true}]}}