{"id":2170,"date":"2024-02-10T16:58:41","date_gmt":"2024-02-10T16:58:41","guid":{"rendered":"https:\/\/usa-b2.com\/esta-formunu-cevrimici\/"},"modified":"2026-04-17T08:31:23","modified_gmt":"2026-04-17T08:31:23","slug":"esta-formunu-cevrimici","status":"publish","type":"page","link":"https:\/\/usa-b2.com\/tr\/esta-formunu-cevrimici\/","title":{"rendered":"ESTA formunu \u00e7evrimi\u00e7i olarak doldurun"},"content":{"rendered":"\t\t<div data-elementor-type=\"wp-page\" data-elementor-id=\"2170\" class=\"elementor elementor-2170 elementor-61\" data-elementor-post-type=\"page\">\n\t\t\t\t<div class=\"elementor-element elementor-element-56419ff8 e-flex e-con-boxed e-con e-parent\" data-id=\"56419ff8\" data-element_type=\"container\" data-e-type=\"container\">\n\t\t\t\t\t<div class=\"e-con-inner\">\n\t\t\t\t<div class=\"elementor-element elementor-element-2867cae2 elementor-widget elementor-widget-text-editor\" data-id=\"2867cae2\" data-element_type=\"widget\" data-e-type=\"widget\" data-widget_type=\"text-editor.default\">\n\t\t\t\t<div class=\"elementor-widget-container\">\n\t\t\t\t\t\t\t\t\t<h1>ESTA almak i\u00e7in \u00e7evrimi\u00e7i form<\/h1>\n<p>Amerika Birle\u015fik Devletleri&#8217;ne 90 g\u00fcnden daha k\u0131sa s\u00fcreli kal\u0131\u015f i\u00e7in giri\u015f formaliteleri do\u011frudan online olarak tamamlanabilir. ESTA seyahat izni almak i\u00e7in Amerikan b\u00fcy\u00fckel\u00e7ili\u011fi veya konsoloslu\u011fundan randevu alman\u0131za gerek yoktur. <\/p>\t\t\t\t\t\t\t\t<\/div>\n\t\t\t\t<\/div>\n\t\t\t\t\t<\/div>\n\t\t\t\t<\/div>\n\t\t<div class=\"elementor-element elementor-element-2b6b869 e-flex e-con-boxed e-con e-parent\" data-id=\"2b6b869\" data-element_type=\"container\" data-e-type=\"container\">\n\t\t\t\t\t<div class=\"e-con-inner\">\n\t\t\t\t<div class=\"elementor-element elementor-element-ce061ad elementor-widget elementor-widget-button\" data-id=\"ce061ad\" data-element_type=\"widget\" data-e-type=\"widget\" data-widget_type=\"button.default\">\n\t\t\t\t<div class=\"elementor-widget-container\">\n\t\t\t\t\t\t\t\t\t<div class=\"elementor-button-wrapper\">\n\t\t\t\t\t<a class=\"elementor-button elementor-button-link elementor-size-sm\" href=\"https:\/\/usa-b2.com\/fr\/recommends\/fr-esta\/\">\n\t\t\t\t\t\t<span class=\"elementor-button-content-wrapper\">\n\t\t\t\t\t\t\t\t\t<span class=\"elementor-button-text\">\u00c7evrimi\u00e7i formu doldurun<\/span>\n\t\t\t\t\t<\/span>\n\t\t\t\t\t<\/a>\n\t\t\t\t<\/div>\n\t\t\t\t\t\t\t\t<\/div>\n\t\t\t\t<\/div>\n\t\t\t\t\t<\/div>\n\t\t\t\t<\/div>\n\t\t<div class=\"elementor-element elementor-element-b8872fc e-flex e-con-boxed e-con e-parent\" data-id=\"b8872fc\" data-element_type=\"container\" data-e-type=\"container\">\n\t\t\t\t\t<div class=\"e-con-inner\">\n\t\t\t\t<div class=\"elementor-element elementor-element-30e6387 elementor-widget elementor-widget-spacer\" data-id=\"30e6387\" data-element_type=\"widget\" data-e-type=\"widget\" data-widget_type=\"spacer.default\">\n\t\t\t\t<div class=\"elementor-widget-container\">\n\t\t\t\t\t\t\t<div class=\"elementor-spacer\">\n\t\t\t<div class=\"elementor-spacer-inner\"><\/div>\n\t\t<\/div>\n\t\t\t\t\t\t<\/div>\n\t\t\t\t<\/div>\n\t\t\t\t\t<\/div>\n\t\t\t\t<\/div>\n\t\t<div class=\"elementor-element elementor-element-9542cde e-flex e-con-boxed e-con e-parent\" data-id=\"9542cde\" data-element_type=\"container\" data-e-type=\"container\">\n\t\t\t\t\t<div class=\"e-con-inner\">\n\t\t\t\t<div class=\"elementor-element elementor-element-ff08436 elementor-widget elementor-widget-text-editor\" data-id=\"ff08436\" data-element_type=\"widget\" data-e-type=\"widget\" data-widget_type=\"text-editor.default\">\n\t\t\t\t<div class=\"elementor-widget-container\">\n\t\t\t\t\t\t\t\t\t<p>Online form, ba\u015fvuru sahibinin seyahat belgelerine sahip olmas\u0131 halinde birka\u00e7 dakika i\u00e7inde doldurulabilir.<\/p><p>ESTA, <a href=\"https:\/\/usa-b2.com\/tr\/vize-verme-programi\/\">Vize Muafiyet Program\u0131n\u0131n<\/a> bir par\u00e7as\u0131d\u0131r. Amerika&#8217;n\u0131n bu vize muafiyeti program\u0131, \u00fcye \u00fclkelerin vatanda\u015flar\u0131n\u0131n turizm, i\u015f veya transit ama\u00e7larla vizesiz olarak Amerika Birle\u015fik Devletleri&#8217;ne seyahat etmelerine olanak tan\u0131maktad\u0131r. <\/p>\t\t\t\t\t\t\t\t<\/div>\n\t\t\t\t<\/div>\n\t\t\t\t\t<\/div>\n\t\t\t\t<\/div>\n\t\t<div class=\"elementor-element elementor-element-47b375d e-flex e-con-boxed e-con e-parent\" data-id=\"47b375d\" data-element_type=\"container\" data-e-type=\"container\">\n\t\t\t\t\t<div class=\"e-con-inner\">\n\t\t\t\t<div class=\"elementor-element elementor-element-6e123f9 elementor-widget elementor-widget-text-editor\" data-id=\"6e123f9\" data-element_type=\"widget\" data-e-type=\"widget\" data-widget_type=\"text-editor.default\">\n\t\t\t\t<div class=\"elementor-widget-container\">\n\t\t\t\t\t\t\t\t\t<h2>Bir ESTA ba\u015fvurusunun i\u015fleme al\u0131nmas\u0131 ne kadar s\u00fcrer?<\/h2><p>ESTA i\u00e7in online \u00f6deme yap\u0131ld\u0131ktan sonra ESTA ba\u015fvurusu onaylan\u0131r ve i\u015fleme al\u0131n\u0131r. \u0130\u015flemler bilgisayar ortam\u0131nda ger\u00e7ekle\u015ftirilir ve sadece birka\u00e7 dakika s\u00fcrer.  Bu, ba\u015fvuru sahiplerinin birka\u00e7 dakika i\u00e7inde ESTA izinlerinin onayland\u0131\u011f\u0131n\u0131 teyit eden bir e-posta alabilecekleri anlam\u0131na gelmektedir.<\/p><p>Bazen cevap adaya birka\u00e7 dakika i\u00e7inde ula\u015fmaz. Baz\u0131 durumlarda, talebi do\u011frulamak i\u00e7in insan i\u015flemesi gerekir. Resmi ESTA web sitesi 72 saat i\u00e7inde yan\u0131t vermeyi taahh\u00fct eder. Daha fazla bilgi i\u00e7in <a href=\"https:\/\/usa-b2.com\/tr\/nedir-bir-esta\/\">ESTA&#8217;n\u0131n ne oldu\u011funu<\/a> a\u00e7\u0131klayan sayfam\u0131za bak\u0131n.   <\/p>\t\t\t\t\t\t\t\t<\/div>\n\t\t\t\t<\/div>\n\t\t\t\t\t<\/div>\n\t\t\t\t<\/div>\n\t\t<div class=\"elementor-element elementor-element-dad46bc e-flex e-con-boxed e-con e-parent\" data-id=\"dad46bc\" data-element_type=\"container\" data-e-type=\"container\">\n\t\t\t\t\t<div class=\"e-con-inner\">\n\t\t\t\t<div class=\"elementor-element elementor-element-6d0d0c4 elementor-widget elementor-widget-text-editor\" data-id=\"6d0d0c4\" data-element_type=\"widget\" data-e-type=\"widget\" data-widget_type=\"text-editor.default\">\n\t\t\t\t<div class=\"elementor-widget-container\">\n\t\t\t\t\t\t\t\t\t<h2>ESTA izni ne kadar s\u00fcreyle ge\u00e7erlidir?<\/h2><p><a href=\"https:\/\/usa-b2.com\/tr\/gecerlilik-suresi-esta\/\">ESTA&#8217;n\u0131n ge\u00e7erlilik s\u00fcresi<\/a> zamanla s\u0131n\u0131rl\u0131d\u0131r \u0130lk ge\u00e7erlilik s\u00fcresi genellikle 2 y\u0131ld\u0131r. Belirli ko\u015fullar alt\u0131nda, ge\u00e7erlilik s\u00fcresi azal\u0131r: \u00f6rne\u011fin, ESTA almak i\u00e7in kullan\u0131lan <a href=\"https:\/\/usa-b2.com\/tr\/pasaport-seyahati-abd\/\">ABD pasaportu<\/a> art\u0131k ge\u00e7erli de\u011filse, ESTA&#8217;n\u0131n kendisi de art\u0131k ge\u00e7erli de\u011fildir.  <\/p>\t\t\t\t\t\t\t\t<\/div>\n\t\t\t\t<\/div>\n\t\t\t\t\t<\/div>\n\t\t\t\t<\/div>\n\t\t<div class=\"elementor-element elementor-element-ee7de17 e-flex e-con-boxed e-con e-parent\" data-id=\"ee7de17\" data-element_type=\"container\" data-e-type=\"container\">\n\t\t\t\t\t<div class=\"e-con-inner\">\n\t\t\t\t<div class=\"elementor-element elementor-element-b0556fc elementor-widget elementor-widget-text-editor\" data-id=\"b0556fc\" data-element_type=\"widget\" data-e-type=\"widget\" data-widget_type=\"text-editor.default\">\n\t\t\t\t<div class=\"elementor-widget-container\">\n\t\t\t\t\t\t\t\t\t<h2>ESTA iznimin \u00e7\u0131kt\u0131s\u0131n\u0131 almam gerekiyor mu?<\/h2><p>ESTA ba\u015fvuru s\u00fcreci %100 online olarak ger\u00e7ekle\u015ftirilmektedir. ESTA ba\u015fvurusunun cevab\u0131 ba\u015fvuru sahibine yaln\u0131zca e-posta ile g\u00f6nderilir. Ancak havaliman\u0131na gitmeden \u00f6nce <a href=\"https:\/\/usa-b2.com\/tr\/esta-yi-yazdir\/\">ESTA \u00e7\u0131kt\u0131n\u0131z\u0131 alman\u0131za<\/a> gerek yok.  <\/p><p>Seyahat iznini onaylayan bilgisayar sistemine, yolcu ABD s\u0131n\u0131r\u0131na vard\u0131\u011f\u0131nda ABD g\u00fcmr\u00fck yetkilileri taraf\u0131ndan ba\u015fvurulur.<\/p>\t\t\t\t\t\t\t\t<\/div>\n\t\t\t\t<\/div>\n\t\t\t\t\t<\/div>\n\t\t\t\t<\/div>\n\t\t\t\t<\/div>\n\t\t","protected":false},"excerpt":{"rendered":"<p>ESTA almak i\u00e7in \u00e7evrimi\u00e7i form Amerika Birle\u015fik Devletleri&#8217;ne 90 g\u00fcnden daha k\u0131sa s\u00fcreli kal\u0131\u015f i\u00e7in giri\u015f formaliteleri do\u011frudan online olarak tamamlanabilir. ESTA seyahat izni almak i\u00e7in Amerikan b\u00fcy\u00fckel\u00e7ili\u011fi veya konsoloslu\u011fundan randevu alman\u0131za gerek yoktur. \u00c7evrimi\u00e7i formu doldurun Online form, ba\u015fvuru sahibinin seyahat belgelerine sahip olmas\u0131 halinde birka\u00e7 dakika i\u00e7inde doldurulabilir. ESTA, Vize Muafiyet Program\u0131n\u0131n bir [&hellip;]<\/p>\n","protected":false},"author":1,"featured_media":0,"parent":0,"menu_order":0,"comment_status":"closed","ping_status":"closed","template":"","meta":{"footnotes":""},"class_list":["post-2170","page","type-page","status-publish","hentry"],"yoast_head":"<!-- This site is optimized with the Yoast SEO plugin v27.4 - https:\/\/yoast.com\/product\/yoast-seo-wordpress\/ -->\n<title>ESTA formunu \u00e7evrimi\u00e7i olarak doldurun - USA B2<\/title>\n<meta name=\"description\" content=\"Sadece birka\u00e7 dakika i\u00e7inde Amerika Birle\u015fik Devletleri i\u00e7in bir seyahat sertifikas\u0131 almak \u00fczere ESTA formunu \u00e7evrimi\u00e7i olarak doldurun\" \/>\n<meta name=\"robots\" content=\"index, follow, max-snippet:-1, max-image-preview:large, max-video-preview:-1\" \/>\n<link rel=\"canonical\" href=\"https:\/\/usa-b2.com\/tr\/esta-formunu-cevrimici\/\" \/>\n<meta property=\"og:locale\" content=\"tr_TR\" \/>\n<meta property=\"og:type\" content=\"article\" \/>\n<meta property=\"og:title\" content=\"ESTA formunu \u00e7evrimi\u00e7i olarak doldurun - USA B2\" \/>\n<meta property=\"og:description\" content=\"Sadece birka\u00e7 dakika i\u00e7inde Amerika Birle\u015fik Devletleri i\u00e7in bir seyahat sertifikas\u0131 almak \u00fczere ESTA formunu \u00e7evrimi\u00e7i olarak doldurun\" \/>\n<meta property=\"og:url\" content=\"https:\/\/usa-b2.com\/tr\/esta-formunu-cevrimici\/\" \/>\n<meta property=\"og:site_name\" content=\"USA B2\" \/>\n<meta property=\"article:modified_time\" content=\"2026-04-17T08:31:23+00:00\" \/>\n<meta name=\"twitter:card\" content=\"summary_large_image\" \/>\n<meta name=\"twitter:label1\" content=\"Tahmini okuma s\u00fcresi\" \/>\n\t<meta name=\"twitter:data1\" content=\"2 dakika\" \/>\n<script type=\"application\/ld+json\" class=\"yoast-schema-graph\">{\"@context\":\"https:\\\/\\\/schema.org\",\"@graph\":[{\"@type\":\"WebPage\",\"@id\":\"https:\\\/\\\/usa-b2.com\\\/tr\\\/esta-formunu-cevrimici\\\/\",\"url\":\"https:\\\/\\\/usa-b2.com\\\/tr\\\/esta-formunu-cevrimici\\\/\",\"name\":\"ESTA formunu \u00e7evrimi\u00e7i olarak doldurun - USA B2\",\"isPartOf\":{\"@id\":\"https:\\\/\\\/usa-b2.com\\\/tr\\\/#website\"},\"datePublished\":\"2024-02-10T16:58:41+00:00\",\"dateModified\":\"2026-04-17T08:31:23+00:00\",\"description\":\"Sadece birka\u00e7 dakika i\u00e7inde Amerika Birle\u015fik Devletleri i\u00e7in bir seyahat sertifikas\u0131 almak \u00fczere ESTA formunu \u00e7evrimi\u00e7i olarak doldurun\",\"breadcrumb\":{\"@id\":\"https:\\\/\\\/usa-b2.com\\\/tr\\\/esta-formunu-cevrimici\\\/#breadcrumb\"},\"inLanguage\":\"tr\",\"potentialAction\":[{\"@type\":\"ReadAction\",\"target\":[\"https:\\\/\\\/usa-b2.com\\\/tr\\\/esta-formunu-cevrimici\\\/\"]}]},{\"@type\":\"BreadcrumbList\",\"@id\":\"https:\\\/\\\/usa-b2.com\\\/tr\\\/esta-formunu-cevrimici\\\/#breadcrumb\",\"itemListElement\":[{\"@type\":\"ListItem\",\"position\":1,\"name\":\"Accueil\",\"item\":\"https:\\\/\\\/usa-b2.com\\\/tr\\\/usa\\\/\"},{\"@type\":\"ListItem\",\"position\":2,\"name\":\"ESTA formunu \u00e7evrimi\u00e7i olarak doldurun\"}]},{\"@type\":\"WebSite\",\"@id\":\"https:\\\/\\\/usa-b2.com\\\/tr\\\/#website\",\"url\":\"https:\\\/\\\/usa-b2.com\\\/tr\\\/\",\"name\":\"USA B2 VISA\",\"description\":\"\",\"potentialAction\":[{\"@type\":\"SearchAction\",\"target\":{\"@type\":\"EntryPoint\",\"urlTemplate\":\"https:\\\/\\\/usa-b2.com\\\/tr\\\/?s={search_term_string}\"},\"query-input\":{\"@type\":\"PropertyValueSpecification\",\"valueRequired\":true,\"valueName\":\"search_term_string\"}}],\"inLanguage\":\"tr\"}]}<\/script>\n<!-- \/ Yoast SEO plugin. -->","yoast_head_json":{"title":"ESTA formunu \u00e7evrimi\u00e7i olarak doldurun - USA B2","description":"Sadece birka\u00e7 dakika i\u00e7inde Amerika Birle\u015fik Devletleri i\u00e7in bir seyahat sertifikas\u0131 almak \u00fczere ESTA formunu \u00e7evrimi\u00e7i olarak doldurun","robots":{"index":"index","follow":"follow","max-snippet":"max-snippet:-1","max-image-preview":"max-image-preview:large","max-video-preview":"max-video-preview:-1"},"canonical":"https:\/\/usa-b2.com\/tr\/esta-formunu-cevrimici\/","og_locale":"tr_TR","og_type":"article","og_title":"ESTA formunu \u00e7evrimi\u00e7i olarak doldurun - USA B2","og_description":"Sadece birka\u00e7 dakika i\u00e7inde Amerika Birle\u015fik Devletleri i\u00e7in bir seyahat sertifikas\u0131 almak \u00fczere ESTA formunu \u00e7evrimi\u00e7i olarak doldurun","og_url":"https:\/\/usa-b2.com\/tr\/esta-formunu-cevrimici\/","og_site_name":"USA B2","article_modified_time":"2026-04-17T08:31:23+00:00","twitter_card":"summary_large_image","twitter_misc":{"Tahmini okuma s\u00fcresi":"2 dakika"},"schema":{"@context":"https:\/\/schema.org","@graph":[{"@type":"WebPage","@id":"https:\/\/usa-b2.com\/tr\/esta-formunu-cevrimici\/","url":"https:\/\/usa-b2.com\/tr\/esta-formunu-cevrimici\/","name":"ESTA formunu \u00e7evrimi\u00e7i olarak doldurun - USA B2","isPartOf":{"@id":"https:\/\/usa-b2.com\/tr\/#website"},"datePublished":"2024-02-10T16:58:41+00:00","dateModified":"2026-04-17T08:31:23+00:00","description":"Sadece birka\u00e7 dakika i\u00e7inde Amerika Birle\u015fik Devletleri i\u00e7in bir seyahat sertifikas\u0131 almak \u00fczere ESTA formunu \u00e7evrimi\u00e7i olarak doldurun","breadcrumb":{"@id":"https:\/\/usa-b2.com\/tr\/esta-formunu-cevrimici\/#breadcrumb"},"inLanguage":"tr","potentialAction":[{"@type":"ReadAction","target":["https:\/\/usa-b2.com\/tr\/esta-formunu-cevrimici\/"]}]},{"@type":"BreadcrumbList","@id":"https:\/\/usa-b2.com\/tr\/esta-formunu-cevrimici\/#breadcrumb","itemListElement":[{"@type":"ListItem","position":1,"name":"Accueil","item":"https:\/\/usa-b2.com\/tr\/usa\/"},{"@type":"ListItem","position":2,"name":"ESTA formunu \u00e7evrimi\u00e7i olarak doldurun"}]},{"@type":"WebSite","@id":"https:\/\/usa-b2.com\/tr\/#website","url":"https:\/\/usa-b2.com\/tr\/","name":"USA B2 VISA","description":"","potentialAction":[{"@type":"SearchAction","target":{"@type":"EntryPoint","urlTemplate":"https:\/\/usa-b2.com\/tr\/?s={search_term_string}"},"query-input":{"@type":"PropertyValueSpecification","valueRequired":true,"valueName":"search_term_string"}}],"inLanguage":"tr"}]}},"_links":{"self":[{"href":"https:\/\/usa-b2.com\/tr\/wp-json\/wp\/v2\/pages\/2170","targetHints":{"allow":["GET"]}}],"collection":[{"href":"https:\/\/usa-b2.com\/tr\/wp-json\/wp\/v2\/pages"}],"about":[{"href":"https:\/\/usa-b2.com\/tr\/wp-json\/wp\/v2\/types\/page"}],"author":[{"embeddable":true,"href":"https:\/\/usa-b2.com\/tr\/wp-json\/wp\/v2\/users\/1"}],"replies":[{"embeddable":true,"href":"https:\/\/usa-b2.com\/tr\/wp-json\/wp\/v2\/comments?post=2170"}],"version-history":[{"count":3,"href":"https:\/\/usa-b2.com\/tr\/wp-json\/wp\/v2\/pages\/2170\/revisions"}],"predecessor-version":[{"id":11349,"href":"https:\/\/usa-b2.com\/tr\/wp-json\/wp\/v2\/pages\/2170\/revisions\/11349"}],"wp:attachment":[{"href":"https:\/\/usa-b2.com\/tr\/wp-json\/wp\/v2\/media?parent=2170"}],"curies":[{"name":"wp","href":"https:\/\/api.w.org\/{rel}","templated":true}]}}