{"id":2166,"date":"2024-02-10T17:17:00","date_gmt":"2024-02-10T17:17:00","guid":{"rendered":"https:\/\/usa-b2.com\/amerikan-elciligi\/"},"modified":"2025-11-28T09:39:30","modified_gmt":"2025-11-28T09:39:30","slug":"amerikan-elciligi","status":"publish","type":"page","link":"https:\/\/usa-b2.com\/tr\/amerikan-elciligi\/","title":{"rendered":"Amerika Birle\u015fik Devletleri B\u00fcy\u00fckel\u00e7ili\u011fi"},"content":{"rendered":"\n<h1 class=\"wp-block-heading\" id=\"h-ambassade-des-etats-unis-a-paris-en-france\">D\u00fcnyan\u0131n d\u00f6rt bir yan\u0131ndaki ABD b\u00fcy\u00fckel\u00e7ilikleri<\/h1>\n\n<h2 class=\"wp-block-heading\">ABD el\u00e7ili\u011fi nedir?<\/h2>\n\n<p>ABD B\u00fcy\u00fckel\u00e7ili\u011fi, Amerika Birle\u015fik Devletleri&#8217;nin d\u00fcnyan\u0131n her \u00fclkesindeki diplomatik temsilcisidir. ABD B\u00fcy\u00fckel\u00e7ili\u011finin amac\u0131, ABD topraklar\u0131 d\u0131\u015f\u0131ndaki Amerikan vatanda\u015flar\u0131n\u0131 korumakt\u0131r. B\u00fcy\u00fckel\u00e7ilik, ABD \u00e7\u0131karlar\u0131n\u0131n geli\u015ftirilmesine yard\u0131mc\u0131 olur ve d\u00fcnyan\u0131n d\u00f6rt bir yan\u0131ndaki ABD vatanda\u015flar\u0131na hizmet sunar.  <\/p>\n\n<p>Amerikan el\u00e7ilikleri, ABD&#8217;ye seyahat eden yabanc\u0131lar i\u00e7in <a href=\"https:\/\/usa-b2.com\/tr\/basvuru-proseduru-vize-b2\/\">vize ba\u015fvuru prosed\u00fcr\u00fcnde<\/a> yer almaktad\u0131r.<\/p>\n\n<p><strong>Amerika Birle\u015fik Devletleri&#8217;nde 90 g\u00fcnden az kalmak i\u00e7in<\/strong>: VWP \u00fcyesi bir \u00fclkenin vatanda\u015f\u0131n\u0131n vize almas\u0131na ve ABD b\u00fcy\u00fckel\u00e7ili\u011finden randevu almas\u0131na gerek yoktur. <a href=\"https:\/\/usa-b2.com\/tr\/esta-formunu-cevrimici\/\">ESTA online formuna<\/a> t\u0131klayarak online seyahat sertifikas\u0131 alabilirsiniz. <\/p>\n\n<h2 class=\"wp-block-heading\">ABD el\u00e7ili\u011fini nerede bulabilirim?<\/h2>\n\n<p>Size en yak\u0131n Amerikan el\u00e7ili\u011fini veya konsoloslu\u011funu bulmak i\u00e7in, d\u00fcnyan\u0131n d\u00f6rt bir yan\u0131ndaki Amerikan idari temsilciliklerinin bir \u00f6zetini sunan <a href=\"https:\/\/www.usembassy.gov\/\">bu sayfaya<\/a> ba\u015fvurman\u0131z yeterlidir.<\/p>\n\n<h2 class=\"wp-block-heading\">ABD b\u00fcy\u00fckel\u00e7ili\u011finden nas\u0131l randevu alabilirim?<\/h2>\n\n<p><a href=\"https:\/\/usa-b2.com\/tr\/b2-vize-formu\/\">ABD vizesine ba\u015fvur<\/a>urken, ba\u015fvuru sahiplerinin ba\u015fvurular\u0131n\u0131 sonu\u00e7land\u0131rmak i\u00e7in bir m\u00fclakata kat\u0131lmalar\u0131 gerekmektedir. Bir ABD konsolosluk g\u00f6revlisiyle m\u00fclakat planlamak i\u00e7in, ba\u015fvuru sahiplerinin resmi <a href=\"https:\/\/www.uscis.gov\/\">uscis.gov<\/a> web sitesine giri\u015f yapmalar\u0131 ve <a href=\"https:\/\/usa-b2.com\/tr\/abd-vize-buyukelciligi-icin-randevulasin\/\">ABD b\u00fcy\u00fckel\u00e7ili\u011finden randevu<\/a> almalar\u0131 gerekmektedir.  <\/p>\n\n<p>M\u00fclakat tarihi onayland\u0131ktan sonra, adaylar m\u00fclakat davetiyelerini indirebilirler.\nDavetiye, vize ba\u015fvurusu i\u00e7in destekleyici belgelerle birlikte g\u00f6nderilmelidir. <\/p>\n","protected":false},"excerpt":{"rendered":"<p>D\u00fcnyan\u0131n d\u00f6rt bir yan\u0131ndaki ABD b\u00fcy\u00fckel\u00e7ilikleri ABD el\u00e7ili\u011fi nedir? ABD B\u00fcy\u00fckel\u00e7ili\u011fi, Amerika Birle\u015fik Devletleri&#8217;nin d\u00fcnyan\u0131n her \u00fclkesindeki diplomatik temsilcisidir. ABD B\u00fcy\u00fckel\u00e7ili\u011finin amac\u0131, ABD topraklar\u0131 d\u0131\u015f\u0131ndaki Amerikan vatanda\u015flar\u0131n\u0131 korumakt\u0131r. B\u00fcy\u00fckel\u00e7ilik, ABD \u00e7\u0131karlar\u0131n\u0131n geli\u015ftirilmesine yard\u0131mc\u0131 olur ve d\u00fcnyan\u0131n d\u00f6rt bir yan\u0131ndaki ABD vatanda\u015flar\u0131na hizmet sunar. Amerikan el\u00e7ilikleri, ABD&#8217;ye seyahat eden yabanc\u0131lar i\u00e7in vize ba\u015fvuru prosed\u00fcr\u00fcnde yer almaktad\u0131r. [&hellip;]<\/p>\n","protected":false},"author":1,"featured_media":0,"parent":0,"menu_order":0,"comment_status":"closed","ping_status":"closed","template":"","meta":{"footnotes":""},"class_list":["post-2166","page","type-page","status-publish","hentry"],"yoast_head":"<!-- This site is optimized with the Yoast SEO plugin v27.4 - https:\/\/yoast.com\/product\/yoast-seo-wordpress\/ -->\n<title>Amerika Birle\u015fik Devletleri B\u00fcy\u00fckel\u00e7ili\u011fi - USA B2<\/title>\n<meta name=\"description\" content=\"ABD vizesine ba\u015fvurmak i\u00e7in ikamet etti\u011finiz yere en yak\u0131n Amerikan el\u00e7ili\u011fini nerede bulabilirsiniz?\" \/>\n<meta name=\"robots\" content=\"index, follow, max-snippet:-1, max-image-preview:large, max-video-preview:-1\" \/>\n<link rel=\"canonical\" href=\"https:\/\/usa-b2.com\/tr\/amerikan-elciligi\/\" \/>\n<meta property=\"og:locale\" content=\"tr_TR\" \/>\n<meta property=\"og:type\" content=\"article\" \/>\n<meta property=\"og:title\" content=\"Amerika Birle\u015fik Devletleri B\u00fcy\u00fckel\u00e7ili\u011fi - USA B2\" \/>\n<meta property=\"og:description\" content=\"ABD vizesine ba\u015fvurmak i\u00e7in ikamet etti\u011finiz yere en yak\u0131n Amerikan el\u00e7ili\u011fini nerede bulabilirsiniz?\" \/>\n<meta property=\"og:url\" content=\"https:\/\/usa-b2.com\/tr\/amerikan-elciligi\/\" \/>\n<meta property=\"og:site_name\" content=\"USA B2\" \/>\n<meta property=\"article:modified_time\" content=\"2025-11-28T09:39:30+00:00\" \/>\n<meta name=\"twitter:card\" content=\"summary_large_image\" \/>\n<meta name=\"twitter:label1\" content=\"Tahmini okuma s\u00fcresi\" \/>\n\t<meta name=\"twitter:data1\" content=\"1 dakika\" \/>\n<script type=\"application\/ld+json\" class=\"yoast-schema-graph\">{\"@context\":\"https:\\\/\\\/schema.org\",\"@graph\":[{\"@type\":\"WebPage\",\"@id\":\"https:\\\/\\\/usa-b2.com\\\/tr\\\/amerikan-elciligi\\\/\",\"url\":\"https:\\\/\\\/usa-b2.com\\\/tr\\\/amerikan-elciligi\\\/\",\"name\":\"Amerika Birle\u015fik Devletleri B\u00fcy\u00fckel\u00e7ili\u011fi - USA B2\",\"isPartOf\":{\"@id\":\"https:\\\/\\\/usa-b2.com\\\/tr\\\/#website\"},\"datePublished\":\"2024-02-10T17:17:00+00:00\",\"dateModified\":\"2025-11-28T09:39:30+00:00\",\"description\":\"ABD vizesine ba\u015fvurmak i\u00e7in ikamet etti\u011finiz yere en yak\u0131n Amerikan el\u00e7ili\u011fini nerede bulabilirsiniz?\",\"breadcrumb\":{\"@id\":\"https:\\\/\\\/usa-b2.com\\\/tr\\\/amerikan-elciligi\\\/#breadcrumb\"},\"inLanguage\":\"tr\",\"potentialAction\":[{\"@type\":\"ReadAction\",\"target\":[\"https:\\\/\\\/usa-b2.com\\\/tr\\\/amerikan-elciligi\\\/\"]}]},{\"@type\":\"BreadcrumbList\",\"@id\":\"https:\\\/\\\/usa-b2.com\\\/tr\\\/amerikan-elciligi\\\/#breadcrumb\",\"itemListElement\":[{\"@type\":\"ListItem\",\"position\":1,\"name\":\"Accueil\",\"item\":\"https:\\\/\\\/usa-b2.com\\\/tr\\\/usa\\\/\"},{\"@type\":\"ListItem\",\"position\":2,\"name\":\"Amerika Birle\u015fik Devletleri B\u00fcy\u00fckel\u00e7ili\u011fi\"}]},{\"@type\":\"WebSite\",\"@id\":\"https:\\\/\\\/usa-b2.com\\\/tr\\\/#website\",\"url\":\"https:\\\/\\\/usa-b2.com\\\/tr\\\/\",\"name\":\"USA B2 VISA\",\"description\":\"\",\"potentialAction\":[{\"@type\":\"SearchAction\",\"target\":{\"@type\":\"EntryPoint\",\"urlTemplate\":\"https:\\\/\\\/usa-b2.com\\\/tr\\\/?s={search_term_string}\"},\"query-input\":{\"@type\":\"PropertyValueSpecification\",\"valueRequired\":true,\"valueName\":\"search_term_string\"}}],\"inLanguage\":\"tr\"}]}<\/script>\n<!-- \/ Yoast SEO plugin. -->","yoast_head_json":{"title":"Amerika Birle\u015fik Devletleri B\u00fcy\u00fckel\u00e7ili\u011fi - USA B2","description":"ABD vizesine ba\u015fvurmak i\u00e7in ikamet etti\u011finiz yere en yak\u0131n Amerikan el\u00e7ili\u011fini nerede bulabilirsiniz?","robots":{"index":"index","follow":"follow","max-snippet":"max-snippet:-1","max-image-preview":"max-image-preview:large","max-video-preview":"max-video-preview:-1"},"canonical":"https:\/\/usa-b2.com\/tr\/amerikan-elciligi\/","og_locale":"tr_TR","og_type":"article","og_title":"Amerika Birle\u015fik Devletleri B\u00fcy\u00fckel\u00e7ili\u011fi - USA B2","og_description":"ABD vizesine ba\u015fvurmak i\u00e7in ikamet etti\u011finiz yere en yak\u0131n Amerikan el\u00e7ili\u011fini nerede bulabilirsiniz?","og_url":"https:\/\/usa-b2.com\/tr\/amerikan-elciligi\/","og_site_name":"USA B2","article_modified_time":"2025-11-28T09:39:30+00:00","twitter_card":"summary_large_image","twitter_misc":{"Tahmini okuma s\u00fcresi":"1 dakika"},"schema":{"@context":"https:\/\/schema.org","@graph":[{"@type":"WebPage","@id":"https:\/\/usa-b2.com\/tr\/amerikan-elciligi\/","url":"https:\/\/usa-b2.com\/tr\/amerikan-elciligi\/","name":"Amerika Birle\u015fik Devletleri B\u00fcy\u00fckel\u00e7ili\u011fi - USA B2","isPartOf":{"@id":"https:\/\/usa-b2.com\/tr\/#website"},"datePublished":"2024-02-10T17:17:00+00:00","dateModified":"2025-11-28T09:39:30+00:00","description":"ABD vizesine ba\u015fvurmak i\u00e7in ikamet etti\u011finiz yere en yak\u0131n Amerikan el\u00e7ili\u011fini nerede bulabilirsiniz?","breadcrumb":{"@id":"https:\/\/usa-b2.com\/tr\/amerikan-elciligi\/#breadcrumb"},"inLanguage":"tr","potentialAction":[{"@type":"ReadAction","target":["https:\/\/usa-b2.com\/tr\/amerikan-elciligi\/"]}]},{"@type":"BreadcrumbList","@id":"https:\/\/usa-b2.com\/tr\/amerikan-elciligi\/#breadcrumb","itemListElement":[{"@type":"ListItem","position":1,"name":"Accueil","item":"https:\/\/usa-b2.com\/tr\/usa\/"},{"@type":"ListItem","position":2,"name":"Amerika Birle\u015fik Devletleri B\u00fcy\u00fckel\u00e7ili\u011fi"}]},{"@type":"WebSite","@id":"https:\/\/usa-b2.com\/tr\/#website","url":"https:\/\/usa-b2.com\/tr\/","name":"USA B2 VISA","description":"","potentialAction":[{"@type":"SearchAction","target":{"@type":"EntryPoint","urlTemplate":"https:\/\/usa-b2.com\/tr\/?s={search_term_string}"},"query-input":{"@type":"PropertyValueSpecification","valueRequired":true,"valueName":"search_term_string"}}],"inLanguage":"tr"}]}},"_links":{"self":[{"href":"https:\/\/usa-b2.com\/tr\/wp-json\/wp\/v2\/pages\/2166","targetHints":{"allow":["GET"]}}],"collection":[{"href":"https:\/\/usa-b2.com\/tr\/wp-json\/wp\/v2\/pages"}],"about":[{"href":"https:\/\/usa-b2.com\/tr\/wp-json\/wp\/v2\/types\/page"}],"author":[{"embeddable":true,"href":"https:\/\/usa-b2.com\/tr\/wp-json\/wp\/v2\/users\/1"}],"replies":[{"embeddable":true,"href":"https:\/\/usa-b2.com\/tr\/wp-json\/wp\/v2\/comments?post=2166"}],"version-history":[{"count":2,"href":"https:\/\/usa-b2.com\/tr\/wp-json\/wp\/v2\/pages\/2166\/revisions"}],"predecessor-version":[{"id":10917,"href":"https:\/\/usa-b2.com\/tr\/wp-json\/wp\/v2\/pages\/2166\/revisions\/10917"}],"wp:attachment":[{"href":"https:\/\/usa-b2.com\/tr\/wp-json\/wp\/v2\/media?parent=2166"}],"curies":[{"name":"wp","href":"https:\/\/api.w.org\/{rel}","templated":true}]}}