{"id":2159,"date":"2024-02-10T17:12:20","date_gmt":"2024-02-10T17:12:20","guid":{"rendered":"https:\/\/usa-b2.com\/vize-verme-programi\/"},"modified":"2025-06-09T18:42:12","modified_gmt":"2025-06-09T18:42:12","slug":"vize-verme-programi","status":"publish","type":"page","link":"https:\/\/usa-b2.com\/tr\/vize-verme-programi\/","title":{"rendered":"ABD Vize Muafiyet Program\u0131"},"content":{"rendered":"\n<h1 class=\"wp-block-heading\">Amerikan Vize Muafiyet Program\u0131<\/h1>\n\n<h2 class=\"wp-block-heading\">Vize Muafiyet Program\u0131 nedir?<\/h2>\n\n<p>Vize Muafiyet Program\u0131 (VWP), belirli \u00fclkelerin vatanda\u015flar\u0131n\u0131n vize almadan 90 g\u00fcne kadar turizm veya i\u015f amac\u0131yla Amerika Birle\u015fik Devletleri&#8217;ne seyahat etmelerine izin vermektedir. Bu vize muafiyetinden yararlanmak i\u00e7in, ortak \u00fclkelerin vatanda\u015flar\u0131n\u0131n <a href=\"https:\/\/usa-b2.com\/tr\/esta-formunu-cevrimici\/\">\u00e7evrimi\u00e7i olarak ESTA<\/a> elektronik seyahat izni almalar\u0131 gerekmektedir. <\/p>\n\n<h2 class=\"wp-block-heading\">VWP \u00fcyesi \u00fclkelerin listesi<\/h2>\n\n<p>\u0130srail, Ekim 2023&#8217;te VWP&#8217;ye kabul edilecek en son \u00fclkedir. B\u00f6ylece vatanda\u015flar\u0131 i\u00e7in ABD vize muafiyeti program\u0131ndan yararlanan \u00fclke say\u0131s\u0131 41&#8217;e y\u00fckseldi. <\/p>\n\n<figure class=\"wp-block-table\"><table><tbody><tr><td><a href=\"https:\/\/usa-b2.com\/tr\/almanlar-icin-b2-vizesi\/\">Almanya<\/a><\/td><td>\u0130spanya<\/td><td>Lihten\u015ftayn<\/td><td>Birle\u015fik Krall\u0131k<\/td><\/tr><tr><td>Andorra<\/td><td>Finlandiya<\/td><td>Litvanya<\/td><td>San Marino<\/td><\/tr><tr><td>Avustralya<\/td><td><a href=\"https:\/\/usa-b2.com\/tr\/vizesi-b2-fransiz\/\">Fransa<\/a><\/td><td>L\u00fcksemburg<\/td><td>Singapur<\/td><\/tr><tr><td>Avusturya<\/td><td>Yunanistan<\/td><td>Malta<\/td><td>Slovakya<\/td><\/tr><tr><td>Bel\u00e7ika<\/td><td>Macaristan<\/td><td>Monako<\/td><td>Slovenya<\/td><\/tr><tr><td>Brunei<\/td><td>\u0130rlanda<\/td><td>Norve\u00e7<\/td><td>\u0130sve\u00e7<\/td><\/tr><tr><td>\u015eili<\/td><td>\u0130zlanda<\/td><td>Yeni Zelanda<\/td><td>\u0130svi\u00e7re<\/td><\/tr><tr><td>H\u0131rvatistan<\/td><td>\u0130srail<\/td><td>Hollanda<\/td><td>Tayvan<\/td><\/tr><tr><td>G\u00fcney Kore<\/td><td><a href=\"https:\/\/usa-b2.com\/tr\/italyanlar-icin-b2-vizesi\/\">\u0130talya<\/a><\/td><td>Polonya<\/td><td><\/td><\/tr><tr><td>Danimarka<\/td><td>Japonya<\/td><td>Portekiz<\/td><td><\/td><\/tr><tr><td>Estonya<\/td><td>Letonya<\/td><td>\u00c7ek Cumhuriyeti<\/td><td><\/td><\/tr><\/tbody><\/table><figcaption class=\"wp-element-caption\">ABD Vize Muafiyet Program\u0131ndaki \u00fclkelerin listesi<\/figcaption><\/figure>\n\n<h2 class=\"wp-block-heading\" id=\"h-gt-comment-un-pays-adhere-t-il-au-programme-de-dispense-de-visa\">Vize muafiyeti program\u0131na nas\u0131l ba\u015fvurabilirim?<\/h2>\n\n<p>ABD Vize Muafiyet Program\u0131na \u00fcye olmak isteyen \u00fclkelerin belirli s\u0131n\u0131r y\u00f6netimi ko\u015fullar\u0131n\u0131 kar\u015f\u0131lamalar\u0131 gerekmektedir. ABD D\u0131\u015fi\u015fleri Bakanl\u0131\u011f\u0131 taraf\u0131ndan belirlenen ana ko\u015fullar \u015funlard\u0131r: <\/p>\n\n<ul class=\"wp-block-list\">\n<li>Vatanda\u015flar\u0131na elektronik pasaport verilmesi<\/li>\n\n\n\n<li>Amerika Birle\u015fik Devletleri ile g\u00fcvenlik verilerinin payla\u015f\u0131m\u0131na kat\u0131lmak<\/li>\n\n\n\n<li>\u00c7al\u0131nan veya kaybolan pasaportlar hakk\u0131nda ABD&#8217;yi s\u00fcrekli bilgilendirmek<\/li>\n\n\n\n<li>Kendi vatanda\u015flar\u0131 i\u00e7in B tipi ziyaret\u00e7i pasaportu ret oran\u0131n\u0131n %3&#8217;\u00fcn alt\u0131nda olmas\u0131<\/li>\n\n\n\n<li>S\u0131n\u0131r kontrollerinde ter\u00f6rizmle aktif bir \u015fekilde m\u00fccadele edin.<\/li>\n<\/ul>\n\n<div style=\"height:10px\" aria-hidden=\"true\" class=\"wp-block-spacer\"><\/div>\n\n<h2 class=\"wp-block-heading\">\u00dclkeniz VWP \u00fcyesi de\u011filse ne yapmal\u0131s\u0131n\u0131z?<\/h2>\n\n<p>E\u011fer men\u015fe \u00fclkeniz VWP \u00fcyesi de\u011filse, ESTA elektronik seyahat izni i\u00e7in ba\u015fvuruda bulunamazs\u0131n\u0131z.\nAmerika Birle\u015fik Devletleri&#8217;ne girmek i\u00e7in <a href=\"https:\/\/usa-b2.com\/tr\/b2-vize-formu\/\">online olarak B2 vizesine<\/a> ba\u015fvurman\u0131z gerekmektedir. <\/p>\n","protected":false},"excerpt":{"rendered":"<p>Amerikan Vize Muafiyet Program\u0131 Vize Muafiyet Program\u0131 nedir? Vize Muafiyet Program\u0131 (VWP), belirli \u00fclkelerin vatanda\u015flar\u0131n\u0131n vize almadan 90 g\u00fcne kadar turizm veya i\u015f amac\u0131yla Amerika Birle\u015fik Devletleri&#8217;ne seyahat etmelerine izin vermektedir. Bu vize muafiyetinden yararlanmak i\u00e7in, ortak \u00fclkelerin vatanda\u015flar\u0131n\u0131n \u00e7evrimi\u00e7i olarak ESTA elektronik seyahat izni almalar\u0131 gerekmektedir. VWP \u00fcyesi \u00fclkelerin listesi \u0130srail, Ekim 2023&#8217;te VWP&#8217;ye [&hellip;]<\/p>\n","protected":false},"author":1,"featured_media":0,"parent":0,"menu_order":0,"comment_status":"closed","ping_status":"closed","template":"","meta":{"footnotes":""},"class_list":["post-2159","page","type-page","status-publish","hentry"],"yoast_head":"<!-- This site is optimized with the Yoast SEO plugin v27.4 - https:\/\/yoast.com\/product\/yoast-seo-wordpress\/ -->\n<title>ABD Vize Muafiyet Program\u0131 - USA B2<\/title>\n<meta name=\"description\" content=\"Yabanc\u0131 uyruklular\u0131n ABD&#039;ye vizesiz seyahat etmelerine olanak tan\u0131yan ABD Vize Muafiyet Program\u0131 hakk\u0131nda daha fazla bilgi edinin.\" \/>\n<meta name=\"robots\" content=\"index, follow, max-snippet:-1, max-image-preview:large, max-video-preview:-1\" \/>\n<link rel=\"canonical\" href=\"https:\/\/usa-b2.com\/tr\/vize-verme-programi\/\" \/>\n<meta property=\"og:locale\" content=\"tr_TR\" \/>\n<meta property=\"og:type\" content=\"article\" \/>\n<meta property=\"og:title\" content=\"ABD Vize Muafiyet Program\u0131 - USA B2\" \/>\n<meta property=\"og:description\" content=\"Yabanc\u0131 uyruklular\u0131n ABD&#039;ye vizesiz seyahat etmelerine olanak tan\u0131yan ABD Vize Muafiyet Program\u0131 hakk\u0131nda daha fazla bilgi edinin.\" \/>\n<meta property=\"og:url\" content=\"https:\/\/usa-b2.com\/tr\/vize-verme-programi\/\" \/>\n<meta property=\"og:site_name\" content=\"USA B2\" \/>\n<meta property=\"article:modified_time\" content=\"2025-06-09T18:42:12+00:00\" \/>\n<meta name=\"twitter:card\" content=\"summary_large_image\" \/>\n<meta name=\"twitter:label1\" content=\"Tahmini okuma s\u00fcresi\" \/>\n\t<meta name=\"twitter:data1\" content=\"1 dakika\" \/>\n<script type=\"application\/ld+json\" class=\"yoast-schema-graph\">{\"@context\":\"https:\\\/\\\/schema.org\",\"@graph\":[{\"@type\":\"WebPage\",\"@id\":\"https:\\\/\\\/usa-b2.com\\\/tr\\\/vize-verme-programi\\\/\",\"url\":\"https:\\\/\\\/usa-b2.com\\\/tr\\\/vize-verme-programi\\\/\",\"name\":\"ABD Vize Muafiyet Program\u0131 - USA B2\",\"isPartOf\":{\"@id\":\"https:\\\/\\\/usa-b2.com\\\/tr\\\/#website\"},\"datePublished\":\"2024-02-10T17:12:20+00:00\",\"dateModified\":\"2025-06-09T18:42:12+00:00\",\"description\":\"Yabanc\u0131 uyruklular\u0131n ABD'ye vizesiz seyahat etmelerine olanak tan\u0131yan ABD Vize Muafiyet Program\u0131 hakk\u0131nda daha fazla bilgi edinin.\",\"breadcrumb\":{\"@id\":\"https:\\\/\\\/usa-b2.com\\\/tr\\\/vize-verme-programi\\\/#breadcrumb\"},\"inLanguage\":\"tr\",\"potentialAction\":[{\"@type\":\"ReadAction\",\"target\":[\"https:\\\/\\\/usa-b2.com\\\/tr\\\/vize-verme-programi\\\/\"]}]},{\"@type\":\"BreadcrumbList\",\"@id\":\"https:\\\/\\\/usa-b2.com\\\/tr\\\/vize-verme-programi\\\/#breadcrumb\",\"itemListElement\":[{\"@type\":\"ListItem\",\"position\":1,\"name\":\"Accueil\",\"item\":\"https:\\\/\\\/usa-b2.com\\\/tr\\\/usa\\\/\"},{\"@type\":\"ListItem\",\"position\":2,\"name\":\"ABD Vize Muafiyet Program\u0131\"}]},{\"@type\":\"WebSite\",\"@id\":\"https:\\\/\\\/usa-b2.com\\\/tr\\\/#website\",\"url\":\"https:\\\/\\\/usa-b2.com\\\/tr\\\/\",\"name\":\"USA B2 VISA\",\"description\":\"\",\"potentialAction\":[{\"@type\":\"SearchAction\",\"target\":{\"@type\":\"EntryPoint\",\"urlTemplate\":\"https:\\\/\\\/usa-b2.com\\\/tr\\\/?s={search_term_string}\"},\"query-input\":{\"@type\":\"PropertyValueSpecification\",\"valueRequired\":true,\"valueName\":\"search_term_string\"}}],\"inLanguage\":\"tr\"}]}<\/script>\n<!-- \/ Yoast SEO plugin. -->","yoast_head_json":{"title":"ABD Vize Muafiyet Program\u0131 - USA B2","description":"Yabanc\u0131 uyruklular\u0131n ABD'ye vizesiz seyahat etmelerine olanak tan\u0131yan ABD Vize Muafiyet Program\u0131 hakk\u0131nda daha fazla bilgi edinin.","robots":{"index":"index","follow":"follow","max-snippet":"max-snippet:-1","max-image-preview":"max-image-preview:large","max-video-preview":"max-video-preview:-1"},"canonical":"https:\/\/usa-b2.com\/tr\/vize-verme-programi\/","og_locale":"tr_TR","og_type":"article","og_title":"ABD Vize Muafiyet Program\u0131 - USA B2","og_description":"Yabanc\u0131 uyruklular\u0131n ABD'ye vizesiz seyahat etmelerine olanak tan\u0131yan ABD Vize Muafiyet Program\u0131 hakk\u0131nda daha fazla bilgi edinin.","og_url":"https:\/\/usa-b2.com\/tr\/vize-verme-programi\/","og_site_name":"USA B2","article_modified_time":"2025-06-09T18:42:12+00:00","twitter_card":"summary_large_image","twitter_misc":{"Tahmini okuma s\u00fcresi":"1 dakika"},"schema":{"@context":"https:\/\/schema.org","@graph":[{"@type":"WebPage","@id":"https:\/\/usa-b2.com\/tr\/vize-verme-programi\/","url":"https:\/\/usa-b2.com\/tr\/vize-verme-programi\/","name":"ABD Vize Muafiyet Program\u0131 - USA B2","isPartOf":{"@id":"https:\/\/usa-b2.com\/tr\/#website"},"datePublished":"2024-02-10T17:12:20+00:00","dateModified":"2025-06-09T18:42:12+00:00","description":"Yabanc\u0131 uyruklular\u0131n ABD'ye vizesiz seyahat etmelerine olanak tan\u0131yan ABD Vize Muafiyet Program\u0131 hakk\u0131nda daha fazla bilgi edinin.","breadcrumb":{"@id":"https:\/\/usa-b2.com\/tr\/vize-verme-programi\/#breadcrumb"},"inLanguage":"tr","potentialAction":[{"@type":"ReadAction","target":["https:\/\/usa-b2.com\/tr\/vize-verme-programi\/"]}]},{"@type":"BreadcrumbList","@id":"https:\/\/usa-b2.com\/tr\/vize-verme-programi\/#breadcrumb","itemListElement":[{"@type":"ListItem","position":1,"name":"Accueil","item":"https:\/\/usa-b2.com\/tr\/usa\/"},{"@type":"ListItem","position":2,"name":"ABD Vize Muafiyet Program\u0131"}]},{"@type":"WebSite","@id":"https:\/\/usa-b2.com\/tr\/#website","url":"https:\/\/usa-b2.com\/tr\/","name":"USA B2 VISA","description":"","potentialAction":[{"@type":"SearchAction","target":{"@type":"EntryPoint","urlTemplate":"https:\/\/usa-b2.com\/tr\/?s={search_term_string}"},"query-input":{"@type":"PropertyValueSpecification","valueRequired":true,"valueName":"search_term_string"}}],"inLanguage":"tr"}]}},"_links":{"self":[{"href":"https:\/\/usa-b2.com\/tr\/wp-json\/wp\/v2\/pages\/2159","targetHints":{"allow":["GET"]}}],"collection":[{"href":"https:\/\/usa-b2.com\/tr\/wp-json\/wp\/v2\/pages"}],"about":[{"href":"https:\/\/usa-b2.com\/tr\/wp-json\/wp\/v2\/types\/page"}],"author":[{"embeddable":true,"href":"https:\/\/usa-b2.com\/tr\/wp-json\/wp\/v2\/users\/1"}],"replies":[{"embeddable":true,"href":"https:\/\/usa-b2.com\/tr\/wp-json\/wp\/v2\/comments?post=2159"}],"version-history":[{"count":2,"href":"https:\/\/usa-b2.com\/tr\/wp-json\/wp\/v2\/pages\/2159\/revisions"}],"predecessor-version":[{"id":9472,"href":"https:\/\/usa-b2.com\/tr\/wp-json\/wp\/v2\/pages\/2159\/revisions\/9472"}],"wp:attachment":[{"href":"https:\/\/usa-b2.com\/tr\/wp-json\/wp\/v2\/media?parent=2159"}],"curies":[{"name":"wp","href":"https:\/\/api.w.org\/{rel}","templated":true}]}}