{"id":9714,"date":"2025-08-28T16:20:16","date_gmt":"2025-08-28T16:20:16","guid":{"rendered":"https:\/\/usa-b2.com\/visum-b1-b2-for-brasilianska\/"},"modified":"2025-09-13T08:03:59","modified_gmt":"2025-09-13T08:03:59","slug":"visum-b1-b2-for-brasilianska","status":"publish","type":"page","link":"https:\/\/usa-b2.com\/sv\/visum-b1-b2-for-brasilianska\/","title":{"rendered":"B1\/B2-visum f\u00f6r brasilianska resen\u00e4rer"},"content":{"rendered":"\n<h1 class=\"wp-block-heading\">B1\/B2-visum f\u00f6r brasilianare som reser till USA<\/h1>\n\n<p>B1\/B2-visum f\u00f6r brasilianare \u00e4r ett av de mest popul\u00e4ra visumen f\u00f6r resen\u00e4rer som reser till USA f\u00f6r turism, aff\u00e4rer eller familjebes\u00f6k. Till skillnad fr\u00e5n medborgare <a href=\"https:\/\/usa-b2.com\/sv\/visa-waiver-program\/\">i vissa l\u00e4nder som \u00e4r undantagna fr\u00e5n visumkravet<\/a> tack vare ESTA-programmet \u00e4r brasilianska medborgare skyldiga att genomg\u00e5 detta f\u00f6rfarande. <\/p>\n\n<h2 class=\"wp-block-heading\">Vad \u00e4r B1\/B2-visum?<\/h2>\n\n<p><a href=\"https:\/\/usa-b2.com\/sv\/usa-b1-b2-visum\/\">B1\/B2-visering<\/a> \u00e4r det dokument som oftast utf\u00e4rdas till brasilianska medborgare som vill resa till F\u00f6renta staterna. Den kombinerar tv\u00e5 olika anv\u00e4ndningsomr\u00e5den i ett enda tillst\u00e5nd:   <\/p>\n\n<ul class=\"wp-block-list\">\n<li><a href=\"https:\/\/usa-b2.com\/sv\/visum-b1-usa\/\">B1-visumet<\/a> \u00e4r avsett f\u00f6r aff\u00e4rsresor. Det ger dig m\u00f6jlighet att delta i en konferens, tr\u00e4ffa partners eller f\u00f6rhandla om ett kontrakt. <\/li>\n\n\n\n<li><a href=\"https:\/\/usa-b2.com\/sv\/visum-b2\/\">B2-visumet<\/a> \u00e4r avsett f\u00f6r turism, semester eller familjebes\u00f6k. F\u00f6r m\u00e5nga brasilianare utg\u00f6r detta visum porten till USA, oavsett om det handlar om att uppt\u00e4cka landet, utveckla ett professionellt projekt eller helt enkelt bes\u00f6ka sl\u00e4ktingar. <\/li>\n<\/ul>\n\n<div style=\"height:10px\" aria-hidden=\"true\" class=\"wp-block-spacer\"><\/div>\n\n<h2 class=\"wp-block-heading\">Steg f\u00f6r att ans\u00f6ka om en B1\/B2-visering i Brasilien<\/h2>\n\n<p>H\u00e4r \u00e4r de viktigaste stegen f\u00f6r att ans\u00f6ka om ett B1\/B2-visum i Brasilien:<\/p>\n\n<ol class=\"wp-block-list\">\n<li>Fyll i <a href=\"https:\/\/usa-b2.com\/sv\/ds-160\/\">formul\u00e4r DS-160<\/a> online.<\/li>\n\n\n\n<li>Betala <a href=\"https:\/\/usa-b2.com\/sv\/avgifter-b2-visum\/\">visumavgiften<\/a> (cirka 185 USD \u00e5r 2025).<\/li>\n\n\n\n<li>Skapa en profil p\u00e5 den <a href=\"https:\/\/www.state.gov\/\">officiella webbplatsen f\u00f6r USA:s utrikesdepartement<\/a>.<\/li>\n\n\n\n<li>Boka tid p\u00e5 <a href=\"https:\/\/ais.usvisa-info.com\/pt-br\/niv\/information\/asc\">CASV<\/a> (Centro de Atendimento ao Solicitante de Visto).<\/li>\n\n\n\n<li>Delta i en <a href=\"https:\/\/usa-b2.com\/sv\/visumbokning-usa-ambassad\/\">intervju p\u00e5 den amerikanska ambassaden<\/a> (S\u00e3o Paulo, Rio de Janeiro, Bras\u00edlia, Recife). Det \u00e4r vid denna intervju som den konsul\u00e4ra tj\u00e4nstemannen kommer att bed\u00f6ma om den s\u00f6kande har garantier f\u00f6r att \u00e5terv\u00e4nda till Brasilien, till exempel stabil anst\u00e4llning, solida familjeband eller bevis p\u00e5 ekonomisk solvens. <\/li>\n\n\n\n<li>Ta emot visumet och s\u00e4tt in det i ditt <a href=\"https:\/\/usa-b2.com\/sv\/passresor-usa\/\">pass f\u00f6r att resa till USA.<\/a><\/li>\n<\/ol>\n\n<div style=\"height:10px\" aria-hidden=\"true\" class=\"wp-block-spacer\"><\/div>\n\n<h2 class=\"wp-block-heading\">Handlingar som kr\u00e4vs f\u00f6r att ans\u00f6ka om en B1\/B2-visering<\/h2>\n\n<ul class=\"wp-block-list\">\n<li>Giltigt brasilianskt pass.<\/li>\n\n\n\n<li>Bekr\u00e4ftelsesida f\u00f6r DS-160.<\/li>\n\n\n\n<li>Bekr\u00e4ftelse av avtalad tid.<\/li>\n\n\n\n<li>Fotot uppfyller kraven i USA.<\/li>\n\n\n\n<li>Finansiella dokument (kontoutdrag, l\u00f6nebesked).<\/li>\n\n\n\n<li>Bevis p\u00e5 stark anknytning till Brasilien (anst\u00e4llningsavtal, egendom, familj).<\/li>\n<\/ul>\n\n<div style=\"height:10px\" aria-hidden=\"true\" class=\"wp-block-spacer\"><\/div>\n\n<h2 class=\"wp-block-heading\">Giltighet och varaktighet f\u00f6r B1\/B2-visum f\u00f6r brasilianare<\/h2>\n\n<p>N\u00e4r man v\u00e4l har f\u00e5tt ett <a href=\"https:\/\/usa-b2.com\/sv\/usa-b1-b2-visum\/\">B1\/B2-visum<\/a> \u00e4r det i allm\u00e4nhet giltigt i tio \u00e5r, vilket g\u00f6r det till ett mycket praktiskt dokument f\u00f6r personer som reser ofta. Varje inresa till USA ger dig r\u00e4tt att stanna i upp till sex m\u00e5nader, men den exakta l\u00e4ngden avg\u00f6rs av immigrationstj\u00e4nstemannen vid ankomsten. Det \u00e4r d\u00e4rf\u00f6r viktigt att du f\u00f6rbereder din resa och att du tydligt kan f\u00f6rklara anledningen till din vistelse och hur l\u00e4nge du t\u00e4nker stanna.  <\/p>\n\n<h2 class=\"wp-block-heading\">Vanliga fr\u00e5gor &#8211; B1\/B2-visum f\u00f6r brasilianare<\/h2>\n\n<div class=\"schema-faq wp-block-yoast-faq-block\"><div class=\"schema-faq-section\" id=\"faq-question-1757684919058\"><strong class=\"schema-faq-question\">Kan jag arbeta p\u00e5 ett B1\/B2-visum?<\/strong> <p class=\"schema-faq-answer\">Nej, detta visum \u00e4r endast giltigt f\u00f6r turism och obetalda aff\u00e4rer.<\/p> <\/div> <div class=\"schema-faq-section\" id=\"faq-question-1757684934633\"><strong class=\"schema-faq-question\">M\u00e5ste jag tala engelska vid intervjun?<\/strong> <p class=\"schema-faq-answer\">Nej, intervjuerna genomf\u00f6rs p\u00e5 portugisiska.<\/p> <\/div> <div class=\"schema-faq-section\" id=\"faq-question-1757684946100\"><strong class=\"schema-faq-question\">Hur l\u00e5ng tid tar det att f\u00e5 visum?<\/strong> <p class=\"schema-faq-answer\">Den genomsnittliga handl\u00e4ggningstiden varierar mellan 2 och 6 veckor, beroende p\u00e5 tillg\u00e4ngligheten av m\u00f6ten.<\/p> <\/div> <\/div>\n","protected":false},"excerpt":{"rendered":"<p>B1\/B2-visum f\u00f6r brasilianare som reser till USA B1\/B2-visum f\u00f6r brasilianare \u00e4r ett av de mest popul\u00e4ra visumen f\u00f6r resen\u00e4rer som reser till USA f\u00f6r turism, aff\u00e4rer eller familjebes\u00f6k. Till skillnad fr\u00e5n medborgare i vissa l\u00e4nder som \u00e4r undantagna fr\u00e5n visumkravet tack vare ESTA-programmet \u00e4r brasilianska medborgare skyldiga att genomg\u00e5 detta f\u00f6rfarande. Vad \u00e4r B1\/B2-visum? B1\/B2-visering [&hellip;]<\/p>\n","protected":false},"author":1,"featured_media":0,"parent":0,"menu_order":0,"comment_status":"closed","ping_status":"closed","template":"","meta":{"footnotes":""},"class_list":["post-9714","page","type-page","status-publish","hentry"],"yoast_head":"<!-- This site is optimized with the Yoast SEO plugin v27.4 - https:\/\/yoast.com\/product\/yoast-seo-wordpress\/ -->\n<title>B1\/B2-visum f\u00f6r brasilianska resen\u00e4rer - USA B2<\/title>\n<meta name=\"description\" content=\"Allt du beh\u00f6ver veta om B1\/B2-visum f\u00f6r brasilianska resen\u00e4rer: f\u00f6rfaranden, intervju, dokument och praktiska r\u00e5d.\" \/>\n<meta name=\"robots\" content=\"index, follow, max-snippet:-1, max-image-preview:large, max-video-preview:-1\" \/>\n<link rel=\"canonical\" href=\"https:\/\/usa-b2.com\/sv\/visum-b1-b2-for-brasilianska\/\" \/>\n<meta property=\"og:locale\" content=\"sv_SE\" \/>\n<meta property=\"og:type\" content=\"article\" \/>\n<meta property=\"og:title\" content=\"B1\/B2-visum f\u00f6r brasilianska resen\u00e4rer - USA B2\" \/>\n<meta property=\"og:description\" content=\"Allt du beh\u00f6ver veta om B1\/B2-visum f\u00f6r brasilianska resen\u00e4rer: f\u00f6rfaranden, intervju, dokument och praktiska r\u00e5d.\" \/>\n<meta property=\"og:url\" content=\"https:\/\/usa-b2.com\/sv\/visum-b1-b2-for-brasilianska\/\" \/>\n<meta property=\"og:site_name\" content=\"USA B2\" \/>\n<meta property=\"article:modified_time\" content=\"2025-09-13T08:03:59+00:00\" \/>\n<meta name=\"twitter:card\" content=\"summary_large_image\" \/>\n<meta name=\"twitter:label1\" content=\"Ber\u00e4knad l\u00e4stid\" \/>\n\t<meta name=\"twitter:data1\" content=\"3 minuter\" \/>\n<script type=\"application\/ld+json\" class=\"yoast-schema-graph\">{\"@context\":\"https:\\\/\\\/schema.org\",\"@graph\":[{\"@type\":[\"WebPage\",\"FAQPage\"],\"@id\":\"https:\\\/\\\/usa-b2.com\\\/sv\\\/visum-b1-b2-for-brasilianska\\\/\",\"url\":\"https:\\\/\\\/usa-b2.com\\\/sv\\\/visum-b1-b2-for-brasilianska\\\/\",\"name\":\"B1\\\/B2-visum f\u00f6r brasilianska resen\u00e4rer - USA B2\",\"isPartOf\":{\"@id\":\"https:\\\/\\\/usa-b2.com\\\/sv\\\/#website\"},\"datePublished\":\"2025-08-28T16:20:16+00:00\",\"dateModified\":\"2025-09-13T08:03:59+00:00\",\"description\":\"Allt du beh\u00f6ver veta om B1\\\/B2-visum f\u00f6r brasilianska resen\u00e4rer: f\u00f6rfaranden, intervju, dokument och praktiska r\u00e5d.\",\"breadcrumb\":{\"@id\":\"https:\\\/\\\/usa-b2.com\\\/sv\\\/visum-b1-b2-for-brasilianska\\\/#breadcrumb\"},\"mainEntity\":[{\"@id\":\"https:\\\/\\\/usa-b2.com\\\/sv\\\/visum-b1-b2-for-brasilianska\\\/#faq-question-1757684919058\"},{\"@id\":\"https:\\\/\\\/usa-b2.com\\\/sv\\\/visum-b1-b2-for-brasilianska\\\/#faq-question-1757684934633\"},{\"@id\":\"https:\\\/\\\/usa-b2.com\\\/sv\\\/visum-b1-b2-for-brasilianska\\\/#faq-question-1757684946100\"}],\"inLanguage\":\"sv-SE\",\"potentialAction\":[{\"@type\":\"ReadAction\",\"target\":[\"https:\\\/\\\/usa-b2.com\\\/sv\\\/visum-b1-b2-for-brasilianska\\\/\"]}]},{\"@type\":\"BreadcrumbList\",\"@id\":\"https:\\\/\\\/usa-b2.com\\\/sv\\\/visum-b1-b2-for-brasilianska\\\/#breadcrumb\",\"itemListElement\":[{\"@type\":\"ListItem\",\"position\":1,\"name\":\"Accueil\",\"item\":\"https:\\\/\\\/usa-b2.com\\\/sv\\\/usa\\\/\"},{\"@type\":\"ListItem\",\"position\":2,\"name\":\"B1\\\/B2-visum f\u00f6r brasilianska resen\u00e4rer\"}]},{\"@type\":\"WebSite\",\"@id\":\"https:\\\/\\\/usa-b2.com\\\/sv\\\/#website\",\"url\":\"https:\\\/\\\/usa-b2.com\\\/sv\\\/\",\"name\":\"USA B2 VISA\",\"description\":\"\",\"potentialAction\":[{\"@type\":\"SearchAction\",\"target\":{\"@type\":\"EntryPoint\",\"urlTemplate\":\"https:\\\/\\\/usa-b2.com\\\/sv\\\/?s={search_term_string}\"},\"query-input\":{\"@type\":\"PropertyValueSpecification\",\"valueRequired\":true,\"valueName\":\"search_term_string\"}}],\"inLanguage\":\"sv-SE\"},{\"@type\":\"Question\",\"@id\":\"https:\\\/\\\/usa-b2.com\\\/sv\\\/visum-b1-b2-for-brasilianska\\\/#faq-question-1757684919058\",\"position\":1,\"url\":\"https:\\\/\\\/usa-b2.com\\\/sv\\\/visum-b1-b2-for-brasilianska\\\/#faq-question-1757684919058\",\"name\":\"Kan jag arbeta p\u00e5 ett B1\\\/B2-visum?\",\"answerCount\":1,\"acceptedAnswer\":{\"@type\":\"Answer\",\"text\":\"Nej, detta visum \u00e4r endast giltigt f\u00f6r turism och obetalda aff\u00e4rer.\",\"inLanguage\":\"sv-SE\"},\"inLanguage\":\"sv-SE\"},{\"@type\":\"Question\",\"@id\":\"https:\\\/\\\/usa-b2.com\\\/sv\\\/visum-b1-b2-for-brasilianska\\\/#faq-question-1757684934633\",\"position\":2,\"url\":\"https:\\\/\\\/usa-b2.com\\\/sv\\\/visum-b1-b2-for-brasilianska\\\/#faq-question-1757684934633\",\"name\":\"M\u00e5ste jag tala engelska vid intervjun?\",\"answerCount\":1,\"acceptedAnswer\":{\"@type\":\"Answer\",\"text\":\"Nej, intervjuerna genomf\u00f6rs p\u00e5 portugisiska.\",\"inLanguage\":\"sv-SE\"},\"inLanguage\":\"sv-SE\"},{\"@type\":\"Question\",\"@id\":\"https:\\\/\\\/usa-b2.com\\\/sv\\\/visum-b1-b2-for-brasilianska\\\/#faq-question-1757684946100\",\"position\":3,\"url\":\"https:\\\/\\\/usa-b2.com\\\/sv\\\/visum-b1-b2-for-brasilianska\\\/#faq-question-1757684946100\",\"name\":\"Hur l\u00e5ng tid tar det att f\u00e5 visum?\",\"answerCount\":1,\"acceptedAnswer\":{\"@type\":\"Answer\",\"text\":\"Den genomsnittliga handl\u00e4ggningstiden varierar mellan 2 och 6 veckor, beroende p\u00e5 tillg\u00e4ngligheten av m\u00f6ten.\",\"inLanguage\":\"sv-SE\"},\"inLanguage\":\"sv-SE\"}]}<\/script>\n<!-- \/ Yoast SEO plugin. -->","yoast_head_json":{"title":"B1\/B2-visum f\u00f6r brasilianska resen\u00e4rer - USA B2","description":"Allt du beh\u00f6ver veta om B1\/B2-visum f\u00f6r brasilianska resen\u00e4rer: f\u00f6rfaranden, intervju, dokument och praktiska r\u00e5d.","robots":{"index":"index","follow":"follow","max-snippet":"max-snippet:-1","max-image-preview":"max-image-preview:large","max-video-preview":"max-video-preview:-1"},"canonical":"https:\/\/usa-b2.com\/sv\/visum-b1-b2-for-brasilianska\/","og_locale":"sv_SE","og_type":"article","og_title":"B1\/B2-visum f\u00f6r brasilianska resen\u00e4rer - USA B2","og_description":"Allt du beh\u00f6ver veta om B1\/B2-visum f\u00f6r brasilianska resen\u00e4rer: f\u00f6rfaranden, intervju, dokument och praktiska r\u00e5d.","og_url":"https:\/\/usa-b2.com\/sv\/visum-b1-b2-for-brasilianska\/","og_site_name":"USA B2","article_modified_time":"2025-09-13T08:03:59+00:00","twitter_card":"summary_large_image","twitter_misc":{"Ber\u00e4knad l\u00e4stid":"3 minuter"},"schema":{"@context":"https:\/\/schema.org","@graph":[{"@type":["WebPage","FAQPage"],"@id":"https:\/\/usa-b2.com\/sv\/visum-b1-b2-for-brasilianska\/","url":"https:\/\/usa-b2.com\/sv\/visum-b1-b2-for-brasilianska\/","name":"B1\/B2-visum f\u00f6r brasilianska resen\u00e4rer - USA B2","isPartOf":{"@id":"https:\/\/usa-b2.com\/sv\/#website"},"datePublished":"2025-08-28T16:20:16+00:00","dateModified":"2025-09-13T08:03:59+00:00","description":"Allt du beh\u00f6ver veta om B1\/B2-visum f\u00f6r brasilianska resen\u00e4rer: f\u00f6rfaranden, intervju, dokument och praktiska r\u00e5d.","breadcrumb":{"@id":"https:\/\/usa-b2.com\/sv\/visum-b1-b2-for-brasilianska\/#breadcrumb"},"mainEntity":[{"@id":"https:\/\/usa-b2.com\/sv\/visum-b1-b2-for-brasilianska\/#faq-question-1757684919058"},{"@id":"https:\/\/usa-b2.com\/sv\/visum-b1-b2-for-brasilianska\/#faq-question-1757684934633"},{"@id":"https:\/\/usa-b2.com\/sv\/visum-b1-b2-for-brasilianska\/#faq-question-1757684946100"}],"inLanguage":"sv-SE","potentialAction":[{"@type":"ReadAction","target":["https:\/\/usa-b2.com\/sv\/visum-b1-b2-for-brasilianska\/"]}]},{"@type":"BreadcrumbList","@id":"https:\/\/usa-b2.com\/sv\/visum-b1-b2-for-brasilianska\/#breadcrumb","itemListElement":[{"@type":"ListItem","position":1,"name":"Accueil","item":"https:\/\/usa-b2.com\/sv\/usa\/"},{"@type":"ListItem","position":2,"name":"B1\/B2-visum f\u00f6r brasilianska resen\u00e4rer"}]},{"@type":"WebSite","@id":"https:\/\/usa-b2.com\/sv\/#website","url":"https:\/\/usa-b2.com\/sv\/","name":"USA B2 VISA","description":"","potentialAction":[{"@type":"SearchAction","target":{"@type":"EntryPoint","urlTemplate":"https:\/\/usa-b2.com\/sv\/?s={search_term_string}"},"query-input":{"@type":"PropertyValueSpecification","valueRequired":true,"valueName":"search_term_string"}}],"inLanguage":"sv-SE"},{"@type":"Question","@id":"https:\/\/usa-b2.com\/sv\/visum-b1-b2-for-brasilianska\/#faq-question-1757684919058","position":1,"url":"https:\/\/usa-b2.com\/sv\/visum-b1-b2-for-brasilianska\/#faq-question-1757684919058","name":"Kan jag arbeta p\u00e5 ett B1\/B2-visum?","answerCount":1,"acceptedAnswer":{"@type":"Answer","text":"Nej, detta visum \u00e4r endast giltigt f\u00f6r turism och obetalda aff\u00e4rer.","inLanguage":"sv-SE"},"inLanguage":"sv-SE"},{"@type":"Question","@id":"https:\/\/usa-b2.com\/sv\/visum-b1-b2-for-brasilianska\/#faq-question-1757684934633","position":2,"url":"https:\/\/usa-b2.com\/sv\/visum-b1-b2-for-brasilianska\/#faq-question-1757684934633","name":"M\u00e5ste jag tala engelska vid intervjun?","answerCount":1,"acceptedAnswer":{"@type":"Answer","text":"Nej, intervjuerna genomf\u00f6rs p\u00e5 portugisiska.","inLanguage":"sv-SE"},"inLanguage":"sv-SE"},{"@type":"Question","@id":"https:\/\/usa-b2.com\/sv\/visum-b1-b2-for-brasilianska\/#faq-question-1757684946100","position":3,"url":"https:\/\/usa-b2.com\/sv\/visum-b1-b2-for-brasilianska\/#faq-question-1757684946100","name":"Hur l\u00e5ng tid tar det att f\u00e5 visum?","answerCount":1,"acceptedAnswer":{"@type":"Answer","text":"Den genomsnittliga handl\u00e4ggningstiden varierar mellan 2 och 6 veckor, beroende p\u00e5 tillg\u00e4ngligheten av m\u00f6ten.","inLanguage":"sv-SE"},"inLanguage":"sv-SE"}]}},"_links":{"self":[{"href":"https:\/\/usa-b2.com\/sv\/wp-json\/wp\/v2\/pages\/9714","targetHints":{"allow":["GET"]}}],"collection":[{"href":"https:\/\/usa-b2.com\/sv\/wp-json\/wp\/v2\/pages"}],"about":[{"href":"https:\/\/usa-b2.com\/sv\/wp-json\/wp\/v2\/types\/page"}],"author":[{"embeddable":true,"href":"https:\/\/usa-b2.com\/sv\/wp-json\/wp\/v2\/users\/1"}],"replies":[{"embeddable":true,"href":"https:\/\/usa-b2.com\/sv\/wp-json\/wp\/v2\/comments?post=9714"}],"version-history":[{"count":1,"href":"https:\/\/usa-b2.com\/sv\/wp-json\/wp\/v2\/pages\/9714\/revisions"}],"predecessor-version":[{"id":9715,"href":"https:\/\/usa-b2.com\/sv\/wp-json\/wp\/v2\/pages\/9714\/revisions\/9715"}],"wp:attachment":[{"href":"https:\/\/usa-b2.com\/sv\/wp-json\/wp\/v2\/media?parent=9714"}],"curies":[{"name":"wp","href":"https:\/\/api.w.org\/{rel}","templated":true}]}}