{"id":9650,"date":"2025-08-16T10:09:01","date_gmt":"2025-08-16T10:09:01","guid":{"rendered":"https:\/\/usa-b2.com\/b2-visum-for-mexikan\/"},"modified":"2025-08-21T13:02:45","modified_gmt":"2025-08-21T13:02:45","slug":"b2-visum-for-mexikan","status":"publish","type":"page","link":"https:\/\/usa-b2.com\/sv\/b2-visum-for-mexikan\/","title":{"rendered":"Att f\u00e5 ett B2-visum f\u00f6r en mexikan"},"content":{"rendered":"\n<h1 class=\"wp-block-heading\">Hur man f\u00e5r en B2-visering fr\u00e5n Mexiko<\/h1>\n\n<h2 class=\"wp-block-heading\">Vad \u00e4r ett amerikanskt B2-visum?<\/h2>\n\n<p><strong>B2-visum<\/strong> \u00e4r ett <a href=\"https:\/\/usa-b2.com\/sv\/besoksvisum-usa\/\">bes\u00f6ksvisum<\/a> f\u00f6r personer som vill resa in i USA f\u00f6r :<\/p>\n\n<ul class=\"wp-block-list\">\n<li>Turism (semester, utforska amerikanska st\u00e4der, nationalparker etc.)<\/li>\n\n\n\n<li>Bes\u00f6ka familj eller v\u00e4nner<\/li>\n\n\n\n<li>Att f\u00e5 medicinsk v\u00e5rd<\/li>\n\n\n\n<li>Deltagande i sociala eller kulturella evenemang (konserter, konferenser, br\u00f6llop etc.)<\/li>\n<\/ul>\n\n<p>\u26a0\ufe0f Observera: B2-visumet <strong>ger dig inte r\u00e4tt att arbeta eller studera<\/strong> i USA.<\/p>\n\n<h2 class=\"wp-block-heading\">Beh\u00f6righetskrav f\u00f6r mexikanska medborgare<\/h2>\n\n<p>F\u00f6r att f\u00e5 en B2-visering m\u00e5ste den mexikanska s\u00f6kanden visa :<\/p>\n\n<ol class=\"wp-block-list\">\n<li>Avsikten att \u00e5terv\u00e4nda till Mexiko i slutet av resan.<\/li>\n\n\n\n<li>Innehav av ett giltigt mexikanskt pass som \u00e4r giltigt i minst sex m\u00e5nader efter planerat avresedatum fr\u00e5n USA.<\/li>\n\n\n\n<li>En tillf\u00e4llig vistelse som motiveras av en resplan, en inbjudan eller en bokning.<\/li>\n\n\n\n<li>Starka band i Mexiko, till exempel ett jobb, f\u00f6retag, egendom eller familjeband.<\/li>\n\n\n\n<li>Tillr\u00e4ckliga ekonomiska resurser f\u00f6r att t\u00e4cka kostnaderna f\u00f6r vistelsen.<\/li>\n<\/ol>\n\n<div style=\"height:10px\" aria-hidden=\"true\" class=\"wp-block-spacer\"><\/div>\n\n<h2 class=\"wp-block-heading\">Steg-f\u00f6r-steg-f\u00f6rfarandet f\u00f6r ans\u00f6kan<\/h2>\n\n<ol class=\"wp-block-list\">\n<li>Fyll i <a href=\"https:\/\/usa-b2.com\/sv\/ds-160\/\">formul\u00e4r DS-160<\/a> p\u00e5 den officiella webbplatsen f\u00f6r det amerikanska utrikesdepartementet. Formul\u00e4ret fylls i online, och du m\u00e5ste ladda upp ett nytt foto i \u00f6nskat format. <\/li>\n\n\n\n<li>Betala <a href=\"https:\/\/usa-b2.com\/sv\/avgifter-b2-visum\/\">viseringsavgiften<\/a>. B2-visumavgiften \u00e4r <strong>185 USD<\/strong> och \u00e5terbetalas inte. Betalning sker online eller p\u00e5 ett auktoriserat center.  <\/li>\n\n\n\n<li>Boka ett <a href=\"https:\/\/usa-b2.com\/sv\/visumbokning-usa-ambassad\/\">m\u00f6te p\u00e5 webbplatsen f\u00f6r USA:s ambassad<\/a> i Mexiko. Du kommer att beh\u00f6va g\u00e5 till <strong>CAS (Centro de Atenci\u00f3n a Solicitantes)<\/strong> f\u00f6r att ta fingeravtryck och foton. Du kan sedan boka tid p\u00e5 ambassaden eller konsulatet (Mexico City, Monterrey, Guadalajara, Tijuana etc.).  <\/li>\n\n\n\n<li>Passera den konsul\u00e4ra intervjun. Du m\u00e5ste ta med ditt <strong>pass<\/strong>, <strong>DS-160-bekr\u00e4ftelse<\/strong>, <strong>kvitto p\u00e5 betalning<\/strong> och alla dokument som bevisar dina l\u00e4nkar till Mexiko. Den konsul\u00e4ra tj\u00e4nstemannen kommer att st\u00e4lla fr\u00e5gor om din inkomst, anst\u00e4llning, familj och resplaner.  <\/li>\n\n\n\n<li>H\u00e4mta ut din visering. Om du blir godk\u00e4nd kommer ditt <strong>B2-visum<\/strong> att f\u00e4stas i ditt pass. <\/li>\n<\/ol>\n\n<div style=\"height:10px\" aria-hidden=\"true\" class=\"wp-block-spacer\"><\/div>\n\n<h2 class=\"wp-block-heading\">Tips f\u00f6r att maximera dina chanser att f\u00e5<\/h2>\n\n<ul class=\"wp-block-list\">\n<li><strong>Var \u00e4rlig och tydlig<\/strong> under intervjun.<\/li>\n\n\n\n<li>F\u00f6rbered <strong>bevis p\u00e5 att du \u00e5terv\u00e4nder till Mexiko<\/strong> (arbetskontrakt, skolinskrivning, fastighetshandlingar).<\/li>\n\n\n\n<li>Undvik att ge intryck av att du vill stanna i USA olagligt.<\/li>\n\n\n\n<li>Presentera en <strong>realistisk resplan<\/strong> (biljetter, reservationer, inbjudan till familjen om till\u00e4mpligt).<\/li>\n<\/ul>\n\n<p><\/p>\n","protected":false},"excerpt":{"rendered":"<p>Hur man f\u00e5r en B2-visering fr\u00e5n Mexiko Vad \u00e4r ett amerikanskt B2-visum? B2-visum \u00e4r ett bes\u00f6ksvisum f\u00f6r personer som vill resa in i USA f\u00f6r : \u26a0\ufe0f Observera: B2-visumet ger dig inte r\u00e4tt att arbeta eller studera i USA. Beh\u00f6righetskrav f\u00f6r mexikanska medborgare F\u00f6r att f\u00e5 en B2-visering m\u00e5ste den mexikanska s\u00f6kanden visa : Steg-f\u00f6r-steg-f\u00f6rfarandet [&hellip;]<\/p>\n","protected":false},"author":1,"featured_media":0,"parent":0,"menu_order":0,"comment_status":"closed","ping_status":"closed","template":"","meta":{"footnotes":""},"class_list":["post-9650","page","type-page","status-publish","hentry"],"yoast_head":"<!-- This site is optimized with the Yoast SEO plugin v27.0 - https:\/\/yoast.com\/product\/yoast-seo-wordpress\/ -->\n<title>Att f\u00e5 ett B2-visum f\u00f6r en mexikan - USA B2<\/title>\n<meta name=\"description\" content=\"R\u00e4ttsligt f\u00f6rfarande och villkor f\u00f6r att f\u00e5 ett amerikanskt B2-visum som mexikansk medborgare: beh\u00f6righet, f\u00f6rfaranden, kostnader och tidsfrister.\" \/>\n<meta name=\"robots\" content=\"index, follow, max-snippet:-1, max-image-preview:large, max-video-preview:-1\" \/>\n<link rel=\"canonical\" href=\"https:\/\/usa-b2.com\/sv\/b2-visum-for-mexikan\/\" \/>\n<meta property=\"og:locale\" content=\"sv_SE\" \/>\n<meta property=\"og:type\" content=\"article\" \/>\n<meta property=\"og:title\" content=\"Att f\u00e5 ett B2-visum f\u00f6r en mexikan - USA B2\" \/>\n<meta property=\"og:description\" content=\"R\u00e4ttsligt f\u00f6rfarande och villkor f\u00f6r att f\u00e5 ett amerikanskt B2-visum som mexikansk medborgare: beh\u00f6righet, f\u00f6rfaranden, kostnader och tidsfrister.\" \/>\n<meta property=\"og:url\" content=\"https:\/\/usa-b2.com\/sv\/b2-visum-for-mexikan\/\" \/>\n<meta property=\"og:site_name\" content=\"USA B2\" \/>\n<meta property=\"article:modified_time\" content=\"2025-08-21T13:02:45+00:00\" \/>\n<meta name=\"twitter:card\" content=\"summary_large_image\" \/>\n<meta name=\"twitter:label1\" content=\"Ber\u00e4knad l\u00e4stid\" \/>\n\t<meta name=\"twitter:data1\" content=\"2 minuter\" \/>\n<script type=\"application\/ld+json\" class=\"yoast-schema-graph\">{\"@context\":\"https:\/\/schema.org\",\"@graph\":[{\"@type\":\"WebPage\",\"@id\":\"https:\/\/usa-b2.com\/sv\/b2-visum-for-mexikan\/\",\"url\":\"https:\/\/usa-b2.com\/sv\/b2-visum-for-mexikan\/\",\"name\":\"Att f\u00e5 ett B2-visum f\u00f6r en mexikan - USA B2\",\"isPartOf\":{\"@id\":\"https:\/\/usa-b2.com\/sv\/#website\"},\"datePublished\":\"2025-08-16T10:09:01+00:00\",\"dateModified\":\"2025-08-21T13:02:45+00:00\",\"description\":\"R\u00e4ttsligt f\u00f6rfarande och villkor f\u00f6r att f\u00e5 ett amerikanskt B2-visum som mexikansk medborgare: beh\u00f6righet, f\u00f6rfaranden, kostnader och tidsfrister.\",\"breadcrumb\":{\"@id\":\"https:\/\/usa-b2.com\/sv\/b2-visum-for-mexikan\/#breadcrumb\"},\"inLanguage\":\"sv-SE\",\"potentialAction\":[{\"@type\":\"ReadAction\",\"target\":[\"https:\/\/usa-b2.com\/sv\/b2-visum-for-mexikan\/\"]}]},{\"@type\":\"BreadcrumbList\",\"@id\":\"https:\/\/usa-b2.com\/sv\/b2-visum-for-mexikan\/#breadcrumb\",\"itemListElement\":[{\"@type\":\"ListItem\",\"position\":1,\"name\":\"Accueil\",\"item\":\"https:\/\/usa-b2.com\/sv\/roadtrips-usa\/\"},{\"@type\":\"ListItem\",\"position\":2,\"name\":\"Att f\u00e5 ett B2-visum f\u00f6r en mexikan\"}]},{\"@type\":\"WebSite\",\"@id\":\"https:\/\/usa-b2.com\/sv\/#website\",\"url\":\"https:\/\/usa-b2.com\/sv\/\",\"name\":\"USA B2 VISA\",\"description\":\"\",\"potentialAction\":[{\"@type\":\"SearchAction\",\"target\":{\"@type\":\"EntryPoint\",\"urlTemplate\":\"https:\/\/usa-b2.com\/sv\/?s={search_term_string}\"},\"query-input\":{\"@type\":\"PropertyValueSpecification\",\"valueRequired\":true,\"valueName\":\"search_term_string\"}}],\"inLanguage\":\"sv-SE\"}]}<\/script>\n<!-- \/ Yoast SEO plugin. -->","yoast_head_json":{"title":"Att f\u00e5 ett B2-visum f\u00f6r en mexikan - USA B2","description":"R\u00e4ttsligt f\u00f6rfarande och villkor f\u00f6r att f\u00e5 ett amerikanskt B2-visum som mexikansk medborgare: beh\u00f6righet, f\u00f6rfaranden, kostnader och tidsfrister.","robots":{"index":"index","follow":"follow","max-snippet":"max-snippet:-1","max-image-preview":"max-image-preview:large","max-video-preview":"max-video-preview:-1"},"canonical":"https:\/\/usa-b2.com\/sv\/b2-visum-for-mexikan\/","og_locale":"sv_SE","og_type":"article","og_title":"Att f\u00e5 ett B2-visum f\u00f6r en mexikan - USA B2","og_description":"R\u00e4ttsligt f\u00f6rfarande och villkor f\u00f6r att f\u00e5 ett amerikanskt B2-visum som mexikansk medborgare: beh\u00f6righet, f\u00f6rfaranden, kostnader och tidsfrister.","og_url":"https:\/\/usa-b2.com\/sv\/b2-visum-for-mexikan\/","og_site_name":"USA B2","article_modified_time":"2025-08-21T13:02:45+00:00","twitter_card":"summary_large_image","twitter_misc":{"Ber\u00e4knad l\u00e4stid":"2 minuter"},"schema":{"@context":"https:\/\/schema.org","@graph":[{"@type":"WebPage","@id":"https:\/\/usa-b2.com\/sv\/b2-visum-for-mexikan\/","url":"https:\/\/usa-b2.com\/sv\/b2-visum-for-mexikan\/","name":"Att f\u00e5 ett B2-visum f\u00f6r en mexikan - USA B2","isPartOf":{"@id":"https:\/\/usa-b2.com\/sv\/#website"},"datePublished":"2025-08-16T10:09:01+00:00","dateModified":"2025-08-21T13:02:45+00:00","description":"R\u00e4ttsligt f\u00f6rfarande och villkor f\u00f6r att f\u00e5 ett amerikanskt B2-visum som mexikansk medborgare: beh\u00f6righet, f\u00f6rfaranden, kostnader och tidsfrister.","breadcrumb":{"@id":"https:\/\/usa-b2.com\/sv\/b2-visum-for-mexikan\/#breadcrumb"},"inLanguage":"sv-SE","potentialAction":[{"@type":"ReadAction","target":["https:\/\/usa-b2.com\/sv\/b2-visum-for-mexikan\/"]}]},{"@type":"BreadcrumbList","@id":"https:\/\/usa-b2.com\/sv\/b2-visum-for-mexikan\/#breadcrumb","itemListElement":[{"@type":"ListItem","position":1,"name":"Accueil","item":"https:\/\/usa-b2.com\/sv\/roadtrips-usa\/"},{"@type":"ListItem","position":2,"name":"Att f\u00e5 ett B2-visum f\u00f6r en mexikan"}]},{"@type":"WebSite","@id":"https:\/\/usa-b2.com\/sv\/#website","url":"https:\/\/usa-b2.com\/sv\/","name":"USA B2 VISA","description":"","potentialAction":[{"@type":"SearchAction","target":{"@type":"EntryPoint","urlTemplate":"https:\/\/usa-b2.com\/sv\/?s={search_term_string}"},"query-input":{"@type":"PropertyValueSpecification","valueRequired":true,"valueName":"search_term_string"}}],"inLanguage":"sv-SE"}]}},"_links":{"self":[{"href":"https:\/\/usa-b2.com\/sv\/wp-json\/wp\/v2\/pages\/9650","targetHints":{"allow":["GET"]}}],"collection":[{"href":"https:\/\/usa-b2.com\/sv\/wp-json\/wp\/v2\/pages"}],"about":[{"href":"https:\/\/usa-b2.com\/sv\/wp-json\/wp\/v2\/types\/page"}],"author":[{"embeddable":true,"href":"https:\/\/usa-b2.com\/sv\/wp-json\/wp\/v2\/users\/1"}],"replies":[{"embeddable":true,"href":"https:\/\/usa-b2.com\/sv\/wp-json\/wp\/v2\/comments?post=9650"}],"version-history":[{"count":1,"href":"https:\/\/usa-b2.com\/sv\/wp-json\/wp\/v2\/pages\/9650\/revisions"}],"predecessor-version":[{"id":9651,"href":"https:\/\/usa-b2.com\/sv\/wp-json\/wp\/v2\/pages\/9650\/revisions\/9651"}],"wp:attachment":[{"href":"https:\/\/usa-b2.com\/sv\/wp-json\/wp\/v2\/media?parent=9650"}],"curies":[{"name":"wp","href":"https:\/\/api.w.org\/{rel}","templated":true}]}}