{"id":9358,"date":"2025-06-06T07:37:34","date_gmt":"2025-06-06T07:37:34","guid":{"rendered":"https:\/\/usa-b2.com\/b2-visum-for-tyskar\/"},"modified":"2025-06-06T08:30:24","modified_gmt":"2025-06-06T08:30:24","slug":"b2-visum-for-tyskar","status":"publish","type":"page","link":"https:\/\/usa-b2.com\/sv\/b2-visum-for-tyskar\/","title":{"rendered":"Erh\u00e5lla B2-visum f\u00f6r en tysk"},"content":{"rendered":"\n<h1 class=\"wp-block-heading\">Ans\u00f6ka om ett amerikanskt B2-visum fr\u00e5n Tyskland<\/h1>\n\n<p>\u00c4r du <strong>tysk medborgare<\/strong> och planerar en semester i USA? Om du ska \u00e5ka i mer \u00e4n 90 dagar eller om du inte kan anv\u00e4nda ESTA, \u00e4r <strong>B2 USA-visum f\u00f6r tyskar<\/strong> den perfekta l\u00f6sningen. <\/p>\n\n<h3 class=\"wp-block-heading\">Vad \u00e4r ett B2-visum?<\/h3>\n\n<p><strong>B2-visum<\/strong> \u00e4r ett icke-immigrerande <a href=\"https:\/\/usa-b2.com\/sv\/besoksvisum-usa\/\">bes\u00f6ksvisum<\/a> f\u00f6r USA, avsett f\u00f6r tillf\u00e4lliga vistelser f\u00f6r :<\/p>\n\n<ul class=\"wp-block-list\">\n<li><strong>Turism<\/strong> eller semester<\/li>\n\n\n\n<li><strong>Bes\u00f6k av familj eller v\u00e4nner<\/strong><\/li>\n\n\n\n<li><strong>Medicinsk v\u00e5rd i USA<\/strong><\/li>\n<\/ul>\n\n<div style=\"height:10px\" aria-hidden=\"true\" class=\"wp-block-spacer\"><\/div>\n\n<h3 class=\"wp-block-heading\">Beh\u00f6ver tyska medborgare ett B2-visum?<\/h3>\n\n<p>Nej, <strong>inte n\u00f6dv\u00e4ndigtvis<\/strong>.<br\/>Tyskar kan fylla i <a href=\"https:\/\/usa-b2.com\/sv\/formular-esta-on-line\/\">ESTA-formul\u00e4ret online<\/a> f\u00f6r vistelser p\u00e5 <strong>mindre \u00e4n 90 dagar<\/strong>. Tyskland \u00e4r medlem i <a href=\"https:\/\/usa-b2.com\/sv\/visa-waiver-program\/\">Visa Waiver-programmet<\/a>. <\/p>\n\n<p>I f\u00f6ljande fall rekommenderas dock det <strong>amerikanska B2-visumet<\/strong> eller \u00e4r till och med obligatoriskt f\u00f6r en tysk:<\/p>\n\n<ul class=\"wp-block-list\">\n<li>Du har tidigare <strong>\u00f6verskridit den till\u00e5tna vistelsetiden<\/strong> <\/li>\n\n\n\n<li>Du har blivit <strong>nekad ESTA<\/strong><\/li>\n\n\n\n<li>Du vill <strong>stanna i mer \u00e4n 90 dagar<\/strong><\/li>\n\n\n\n<li>Du har ett brottsligt f\u00f6rflutet eller s\u00e4rskilda omst\u00e4ndigheter<\/li>\n<\/ul>\n\n<div style=\"height:10px\" aria-hidden=\"true\" class=\"wp-block-spacer\"><\/div>\n\n<h3 class=\"wp-block-heading\">Steg f\u00f6r att f\u00e5 en B2-visering fr\u00e5n Tyskland<\/h3>\n\n<ol class=\"wp-block-list\">\n<li>Fylla i <a href=\"https:\/\/usa-b2.com\/sv\/ds-160\/\">formul\u00e4r DS-160<\/a><\/li>\n\n\n\n<li>Betala <a href=\"https:\/\/usa-b2.com\/sv\/avgifter-b2-visum\/\">B2-visumavgiften<\/a><\/li>\n\n\n\n<li>Boka <a href=\"https:\/\/usa-b2.com\/sv\/visumbokning-usa-ambassad\/\">tid p\u00e5 ambassaden<\/a> i Tyskland<\/li>\n\n\n\n<li>Visa upp dina dokument (pass, styrkande handlingar, bevis p\u00e5 \u00e5terkomst)<\/li>\n\n\n\n<li>Godk\u00e4nd konsul\u00e4r intervju<\/li>\n<\/ol>\n\n<div style=\"height:10px\" aria-hidden=\"true\" class=\"wp-block-spacer\"><\/div>\n\n<h3 class=\"wp-block-heading\">Vart kan jag g\u00e5 f\u00f6r en intervju i Tyskland?<\/h3>\n\n<ul class=\"wp-block-list\">\n<li><a href=\"https:\/\/usa-b2.com\/sv\/usa-ambassad\/\">F\u00f6renta staternas ambassad<\/a> i Berlin<\/li>\n\n\n\n<li>Konsulat i Frankfurt eller M\u00fcnchen<\/li>\n<\/ul>\n\n<h3 class=\"wp-block-heading\">Varaktighet och giltighet<\/h3>\n\n<ul class=\"wp-block-list\">\n<li>B2-visumet kan vara <strong>giltigt i upp till 10 \u00e5r<\/strong><\/li>\n\n\n\n<li>Varje inresa ger r\u00e4tt till en vistelse p\u00e5 <strong>h\u00f6gst 6 m\u00e5nader<\/strong><\/li>\n<\/ul>\n\n<h2 class=\"wp-block-heading\">VANLIGA FR\u00c5GOR<\/h2>\n\n<div class=\"schema-faq wp-block-yoast-faq-block\"><div class=\"schema-faq-section\" id=\"faq-question-1749195650019\"><strong class=\"schema-faq-question\"><strong>Ers\u00e4tter B2-visum ESTA?<\/strong><\/strong> <p class=\"schema-faq-answer\">Nej, detta \u00e4r ett mer omfattande alternativ som \u00e4r anv\u00e4ndbart vid <strong>avslag eller l\u00e5nga vistelser<\/strong>. <\/p> <\/div> <div class=\"schema-faq-section\" id=\"faq-question-1749195662823\"><strong class=\"schema-faq-question\"><strong>Kan jag resa med min familj?<\/strong><\/strong> <p class=\"schema-faq-answer\">Ja, varje medlem m\u00e5ste g\u00f6ra sin egen ans\u00f6kan.<\/p> <\/div> <\/div>\n","protected":false},"excerpt":{"rendered":"<p>Ans\u00f6ka om ett amerikanskt B2-visum fr\u00e5n Tyskland \u00c4r du tysk medborgare och planerar en semester i USA? Om du ska \u00e5ka i mer \u00e4n 90 dagar eller om du inte kan anv\u00e4nda ESTA, \u00e4r B2 USA-visum f\u00f6r tyskar den perfekta l\u00f6sningen. Vad \u00e4r ett B2-visum? B2-visum \u00e4r ett icke-immigrerande bes\u00f6ksvisum f\u00f6r USA, avsett f\u00f6r tillf\u00e4lliga [&hellip;]<\/p>\n","protected":false},"author":1,"featured_media":0,"parent":0,"menu_order":0,"comment_status":"closed","ping_status":"closed","template":"","meta":{"footnotes":""},"class_list":["post-9358","page","type-page","status-publish","hentry"],"yoast_head":"<!-- This site is optimized with the Yoast SEO plugin v27.4 - https:\/\/yoast.com\/product\/yoast-seo-wordpress\/ -->\n<title>Erh\u00e5lla B2-visum f\u00f6r en tysk - USA B2<\/title>\n<meta name=\"description\" content=\"Tyska medborgare kan ans\u00f6ka om ett B2-visum till USA f\u00f6r en turistvistelse p\u00e5 mer \u00e4n 90 dagar.\" \/>\n<meta name=\"robots\" content=\"index, follow, max-snippet:-1, max-image-preview:large, max-video-preview:-1\" \/>\n<link rel=\"canonical\" href=\"https:\/\/usa-b2.com\/sv\/b2-visum-for-tyskar\/\" \/>\n<meta property=\"og:locale\" content=\"sv_SE\" \/>\n<meta property=\"og:type\" content=\"article\" \/>\n<meta property=\"og:title\" content=\"Erh\u00e5lla B2-visum f\u00f6r en tysk - USA B2\" \/>\n<meta property=\"og:description\" content=\"Tyska medborgare kan ans\u00f6ka om ett B2-visum till USA f\u00f6r en turistvistelse p\u00e5 mer \u00e4n 90 dagar.\" \/>\n<meta property=\"og:url\" content=\"https:\/\/usa-b2.com\/sv\/b2-visum-for-tyskar\/\" \/>\n<meta property=\"og:site_name\" content=\"USA B2\" \/>\n<meta property=\"article:modified_time\" content=\"2025-06-06T08:30:24+00:00\" \/>\n<meta name=\"twitter:card\" content=\"summary_large_image\" \/>\n<meta name=\"twitter:label1\" content=\"Ber\u00e4knad l\u00e4stid\" \/>\n\t<meta name=\"twitter:data1\" content=\"1 minut\" \/>\n<script type=\"application\/ld+json\" class=\"yoast-schema-graph\">{\"@context\":\"https:\\\/\\\/schema.org\",\"@graph\":[{\"@type\":[\"WebPage\",\"FAQPage\"],\"@id\":\"https:\\\/\\\/usa-b2.com\\\/sv\\\/b2-visum-for-tyskar\\\/\",\"url\":\"https:\\\/\\\/usa-b2.com\\\/sv\\\/b2-visum-for-tyskar\\\/\",\"name\":\"Erh\u00e5lla B2-visum f\u00f6r en tysk - USA B2\",\"isPartOf\":{\"@id\":\"https:\\\/\\\/usa-b2.com\\\/sv\\\/#website\"},\"datePublished\":\"2025-06-06T07:37:34+00:00\",\"dateModified\":\"2025-06-06T08:30:24+00:00\",\"description\":\"Tyska medborgare kan ans\u00f6ka om ett B2-visum till USA f\u00f6r en turistvistelse p\u00e5 mer \u00e4n 90 dagar.\",\"breadcrumb\":{\"@id\":\"https:\\\/\\\/usa-b2.com\\\/sv\\\/b2-visum-for-tyskar\\\/#breadcrumb\"},\"mainEntity\":[{\"@id\":\"https:\\\/\\\/usa-b2.com\\\/sv\\\/b2-visum-for-tyskar\\\/#faq-question-1749195650019\"},{\"@id\":\"https:\\\/\\\/usa-b2.com\\\/sv\\\/b2-visum-for-tyskar\\\/#faq-question-1749195662823\"}],\"inLanguage\":\"sv-SE\",\"potentialAction\":[{\"@type\":\"ReadAction\",\"target\":[\"https:\\\/\\\/usa-b2.com\\\/sv\\\/b2-visum-for-tyskar\\\/\"]}]},{\"@type\":\"BreadcrumbList\",\"@id\":\"https:\\\/\\\/usa-b2.com\\\/sv\\\/b2-visum-for-tyskar\\\/#breadcrumb\",\"itemListElement\":[{\"@type\":\"ListItem\",\"position\":1,\"name\":\"Accueil\",\"item\":\"https:\\\/\\\/usa-b2.com\\\/sv\\\/usa\\\/\"},{\"@type\":\"ListItem\",\"position\":2,\"name\":\"Erh\u00e5lla B2-visum f\u00f6r en tysk\"}]},{\"@type\":\"WebSite\",\"@id\":\"https:\\\/\\\/usa-b2.com\\\/sv\\\/#website\",\"url\":\"https:\\\/\\\/usa-b2.com\\\/sv\\\/\",\"name\":\"USA B2 VISA\",\"description\":\"\",\"potentialAction\":[{\"@type\":\"SearchAction\",\"target\":{\"@type\":\"EntryPoint\",\"urlTemplate\":\"https:\\\/\\\/usa-b2.com\\\/sv\\\/?s={search_term_string}\"},\"query-input\":{\"@type\":\"PropertyValueSpecification\",\"valueRequired\":true,\"valueName\":\"search_term_string\"}}],\"inLanguage\":\"sv-SE\"},{\"@type\":\"Question\",\"@id\":\"https:\\\/\\\/usa-b2.com\\\/sv\\\/b2-visum-for-tyskar\\\/#faq-question-1749195650019\",\"position\":1,\"url\":\"https:\\\/\\\/usa-b2.com\\\/sv\\\/b2-visum-for-tyskar\\\/#faq-question-1749195650019\",\"name\":\"Ers\u00e4tter B2-visum ESTA?\",\"answerCount\":1,\"acceptedAnswer\":{\"@type\":\"Answer\",\"text\":\"Nej, detta \u00e4r ett mer omfattande alternativ som \u00e4r anv\u00e4ndbart vid <strong>avslag eller l\u00e5nga vistelser<\\\/strong>. \",\"inLanguage\":\"sv-SE\"},\"inLanguage\":\"sv-SE\"},{\"@type\":\"Question\",\"@id\":\"https:\\\/\\\/usa-b2.com\\\/sv\\\/b2-visum-for-tyskar\\\/#faq-question-1749195662823\",\"position\":2,\"url\":\"https:\\\/\\\/usa-b2.com\\\/sv\\\/b2-visum-for-tyskar\\\/#faq-question-1749195662823\",\"name\":\"Kan jag resa med min familj?\",\"answerCount\":1,\"acceptedAnswer\":{\"@type\":\"Answer\",\"text\":\"Ja, varje medlem m\u00e5ste g\u00f6ra sin egen ans\u00f6kan.\",\"inLanguage\":\"sv-SE\"},\"inLanguage\":\"sv-SE\"}]}<\/script>\n<!-- \/ Yoast SEO plugin. -->","yoast_head_json":{"title":"Erh\u00e5lla B2-visum f\u00f6r en tysk - USA B2","description":"Tyska medborgare kan ans\u00f6ka om ett B2-visum till USA f\u00f6r en turistvistelse p\u00e5 mer \u00e4n 90 dagar.","robots":{"index":"index","follow":"follow","max-snippet":"max-snippet:-1","max-image-preview":"max-image-preview:large","max-video-preview":"max-video-preview:-1"},"canonical":"https:\/\/usa-b2.com\/sv\/b2-visum-for-tyskar\/","og_locale":"sv_SE","og_type":"article","og_title":"Erh\u00e5lla B2-visum f\u00f6r en tysk - USA B2","og_description":"Tyska medborgare kan ans\u00f6ka om ett B2-visum till USA f\u00f6r en turistvistelse p\u00e5 mer \u00e4n 90 dagar.","og_url":"https:\/\/usa-b2.com\/sv\/b2-visum-for-tyskar\/","og_site_name":"USA B2","article_modified_time":"2025-06-06T08:30:24+00:00","twitter_card":"summary_large_image","twitter_misc":{"Ber\u00e4knad l\u00e4stid":"1 minut"},"schema":{"@context":"https:\/\/schema.org","@graph":[{"@type":["WebPage","FAQPage"],"@id":"https:\/\/usa-b2.com\/sv\/b2-visum-for-tyskar\/","url":"https:\/\/usa-b2.com\/sv\/b2-visum-for-tyskar\/","name":"Erh\u00e5lla B2-visum f\u00f6r en tysk - USA B2","isPartOf":{"@id":"https:\/\/usa-b2.com\/sv\/#website"},"datePublished":"2025-06-06T07:37:34+00:00","dateModified":"2025-06-06T08:30:24+00:00","description":"Tyska medborgare kan ans\u00f6ka om ett B2-visum till USA f\u00f6r en turistvistelse p\u00e5 mer \u00e4n 90 dagar.","breadcrumb":{"@id":"https:\/\/usa-b2.com\/sv\/b2-visum-for-tyskar\/#breadcrumb"},"mainEntity":[{"@id":"https:\/\/usa-b2.com\/sv\/b2-visum-for-tyskar\/#faq-question-1749195650019"},{"@id":"https:\/\/usa-b2.com\/sv\/b2-visum-for-tyskar\/#faq-question-1749195662823"}],"inLanguage":"sv-SE","potentialAction":[{"@type":"ReadAction","target":["https:\/\/usa-b2.com\/sv\/b2-visum-for-tyskar\/"]}]},{"@type":"BreadcrumbList","@id":"https:\/\/usa-b2.com\/sv\/b2-visum-for-tyskar\/#breadcrumb","itemListElement":[{"@type":"ListItem","position":1,"name":"Accueil","item":"https:\/\/usa-b2.com\/sv\/usa\/"},{"@type":"ListItem","position":2,"name":"Erh\u00e5lla B2-visum f\u00f6r en tysk"}]},{"@type":"WebSite","@id":"https:\/\/usa-b2.com\/sv\/#website","url":"https:\/\/usa-b2.com\/sv\/","name":"USA B2 VISA","description":"","potentialAction":[{"@type":"SearchAction","target":{"@type":"EntryPoint","urlTemplate":"https:\/\/usa-b2.com\/sv\/?s={search_term_string}"},"query-input":{"@type":"PropertyValueSpecification","valueRequired":true,"valueName":"search_term_string"}}],"inLanguage":"sv-SE"},{"@type":"Question","@id":"https:\/\/usa-b2.com\/sv\/b2-visum-for-tyskar\/#faq-question-1749195650019","position":1,"url":"https:\/\/usa-b2.com\/sv\/b2-visum-for-tyskar\/#faq-question-1749195650019","name":"Ers\u00e4tter B2-visum ESTA?","answerCount":1,"acceptedAnswer":{"@type":"Answer","text":"Nej, detta \u00e4r ett mer omfattande alternativ som \u00e4r anv\u00e4ndbart vid <strong>avslag eller l\u00e5nga vistelser<\/strong>. ","inLanguage":"sv-SE"},"inLanguage":"sv-SE"},{"@type":"Question","@id":"https:\/\/usa-b2.com\/sv\/b2-visum-for-tyskar\/#faq-question-1749195662823","position":2,"url":"https:\/\/usa-b2.com\/sv\/b2-visum-for-tyskar\/#faq-question-1749195662823","name":"Kan jag resa med min familj?","answerCount":1,"acceptedAnswer":{"@type":"Answer","text":"Ja, varje medlem m\u00e5ste g\u00f6ra sin egen ans\u00f6kan.","inLanguage":"sv-SE"},"inLanguage":"sv-SE"}]}},"_links":{"self":[{"href":"https:\/\/usa-b2.com\/sv\/wp-json\/wp\/v2\/pages\/9358","targetHints":{"allow":["GET"]}}],"collection":[{"href":"https:\/\/usa-b2.com\/sv\/wp-json\/wp\/v2\/pages"}],"about":[{"href":"https:\/\/usa-b2.com\/sv\/wp-json\/wp\/v2\/types\/page"}],"author":[{"embeddable":true,"href":"https:\/\/usa-b2.com\/sv\/wp-json\/wp\/v2\/users\/1"}],"replies":[{"embeddable":true,"href":"https:\/\/usa-b2.com\/sv\/wp-json\/wp\/v2\/comments?post=9358"}],"version-history":[{"count":1,"href":"https:\/\/usa-b2.com\/sv\/wp-json\/wp\/v2\/pages\/9358\/revisions"}],"predecessor-version":[{"id":9359,"href":"https:\/\/usa-b2.com\/sv\/wp-json\/wp\/v2\/pages\/9358\/revisions\/9359"}],"wp:attachment":[{"href":"https:\/\/usa-b2.com\/sv\/wp-json\/wp\/v2\/media?parent=9358"}],"curies":[{"name":"wp","href":"https:\/\/api.w.org\/{rel}","templated":true}]}}