{"id":9073,"date":"2025-05-14T12:29:33","date_gmt":"2025-05-14T12:29:33","guid":{"rendered":"https:\/\/usa-b2.com\/visum-b2-for-franska\/"},"modified":"2025-11-04T20:18:34","modified_gmt":"2025-11-04T20:18:34","slug":"visum-b2-for-franska","status":"publish","type":"page","link":"https:\/\/usa-b2.com\/sv\/visum-b2-for-franska\/","title":{"rendered":"B2-visum f\u00f6r franska medborgare som reser till USA"},"content":{"rendered":"\n<h1 class=\"wp-block-heading\">B2-visum f\u00f6r franska medborgare som vill resa till USA<\/h1>\n\n<p>Om du \u00e4r fransk medborgare och vill resa till USA f\u00f6r turism, f\u00f6r att bes\u00f6ka en sl\u00e4kting eller f\u00f6r att tr\u00e4ffa en l\u00e4kare, \u00e4r B2-visumet det <a href=\"https:\/\/usa-b2.com\/sv\/besoksvisum-usa\/\">amerikanska bes\u00f6ksvisum<\/a> du beh\u00f6ver. Denna omfattande guide f\u00f6rklarar stegen f\u00f6r att f\u00e5 ett <strong>B2 USA-visum f\u00f6r franska medborgare<\/strong>, villkoren, tidsfristerna och de dokument som kr\u00e4vs.<\/p>\n\n<h2 class=\"wp-block-heading\">Vad \u00e4r ett B2-visum?<\/h2>\n\n<p>Det <strong>amerikanska B2-visumet<\/strong> \u00e4r ett icke-immigrantvisum som \u00e4r avsett f\u00f6r personer som vill vistas tillf\u00e4lligt i USA f\u00f6r : Turism, semester, medicinsk behandling eller bes\u00f6k hos sl\u00e4ktingar.<\/p>\n\n<h2 class=\"wp-block-heading\">Beh\u00f6ver franska medborgare en B2-visering?<\/h2>\n\n<p>Om du \u00e4r <strong>fransk medborgare<\/strong> och reser till USA i mindre \u00e4n 90 dagar kan du i princip anv\u00e4nda ett <a href=\"https:\/\/usa-b2.com\/sv\/vad-ar-en-esta\/\">elektroniskt ESTA-resetillst\u00e5nd<\/a>.<\/p>\n\n<p>Men om du redan har nekats ett ESTA, om du reser under en l\u00e4ngre tid eller om du har en h\u00f6griskprofil \u00e4r det b\u00e4ttre att ans\u00f6ka om <a href=\"https:\/\/usa-b2.com\/sv\/ansokningsforfarande-b2-visum\/\">ett B2 USA-visum<\/a>.<\/p>\n\n<h2 class=\"wp-block-heading\">Hur ans\u00f6ker jag om ett B2-visum fr\u00e5n Frankrike?<\/h2>\n\n<h3 class=\"wp-block-heading\">1. Fyll i formul\u00e4r DS-160 online<\/h3>\n\n<p><a href=\"https:\/\/usa-b2.com\/sv\/ds-160\/\">Formul\u00e4r DS-160<\/a> \u00e4r obligatoriskt f\u00f6r alla ans\u00f6kningar om turistvisum.<\/p>\n\n<h3 class=\"wp-block-heading\">2. Betala ans\u00f6kningsavgiften<\/h3>\n\n<p><a href=\"https:\/\/usa-b2.com\/fr\/frais-visa-b2-usa\/\">Kostnaden f\u00f6r B2-visum<\/a> \u00e4r <strong>185 USD<\/strong> och betalas online.<\/p>\n\n<h3 class=\"wp-block-heading\">3. Boka ett m\u00f6te p\u00e5 USA:s ambassad i Paris<\/h3>\n\n<p>Alla s\u00f6kande m\u00e5ste genomg\u00e5 en <a href=\"https:\/\/usa-b2.com\/sv\/visumbokning-usa-ambassad\/\">intervju p\u00e5 den amerikanska ambassaden<\/a>.<\/p>\n\n<h3 class=\"wp-block-heading\">4. F\u00f6rbered de n\u00f6dv\u00e4ndiga dokumenten<\/h3>\n\n<ul class=\"wp-block-list\">\n<li><a href=\"https:\/\/usa-b2.com\/sv\/passresor-usa\/\">Giltigt pass f\u00f6r resa till USA<\/a><\/li>\n\n\n\n<li>Passfoto<\/li>\n\n\n\n<li>Finansiella rapporter<\/li>\n\n\n\n<li>Bevis p\u00e5 att du har anknytning till Frankrike (arbete, familj, bostad etc.)<\/li>\n<\/ul>\n\n<h3 class=\"wp-block-heading\">5. G\u00e5 till intervjun och v\u00e4nta p\u00e5 beslutet<\/h3>\n\n<p>Efter intervjun utf\u00e4rdas visumet i allm\u00e4nhet inom <strong>7 till 15 arbetsdagar.<\/strong><\/p>\n\n<h2 class=\"wp-block-heading\">Var kan jag g\u00f6ra intervjun i Frankrike?<\/h2>\n\n<p><strong>USA<\/strong>:<strong>s ambassad i Paris<\/strong><br\/>2, avenue Gabriel, 75008 Paris<br\/>Officiell webbplats: <a>fr.usembassy.gov<\/a><\/p>\n\n<h2 class=\"wp-block-heading\">Vanliga fr\u00e5gor &#8211; B2-visum f\u00f6r franska medborgare<\/h2>\n\n<div class=\"schema-faq wp-block-yoast-faq-block\"><div class=\"schema-faq-section\" id=\"faq-question-1747226397065\"><strong class=\"schema-faq-question\">Hur l\u00e4nge \u00e4r ett B2-visum giltigt?<\/strong> <p class=\"schema-faq-answer\">Visumet \u00e4r giltigt <strong>i upp till 10 \u00e5r<\/strong>, men varje vistelse \u00e4r <strong>begr\u00e4nsad till h\u00f6gst 6 m\u00e5nader.<\/strong><\/p> <\/div> <div class=\"schema-faq-section\" id=\"faq-question-1747226417090\"><strong class=\"schema-faq-question\">Kan jag f\u00f6rl\u00e4nga mitt B2-visum i USA?<\/strong> <p class=\"schema-faq-answer\">Ja, en <strong>beg\u00e4ran om f\u00f6rl\u00e4ngning<\/strong> \u00e4r m\u00f6jlig fr\u00e5n USA, men m\u00e5ste motiveras.<\/p> <\/div> <div class=\"schema-faq-section\" id=\"faq-question-1747226429344\"><strong class=\"schema-faq-question\">\u00c4r det s\u00e4krare att ans\u00f6ka om ett B2-visum i st\u00e4llet f\u00f6r ESTA?<\/strong> <p class=\"schema-faq-answer\">Ja, s\u00e4rskilt om du har f\u00e5tt avslag eller om du vill <strong>undvika risken att f\u00e5 avslag.<\/strong><\/p> <\/div> <\/div>\n\n<p><\/p>\n","protected":false},"excerpt":{"rendered":"<p>B2-visum f\u00f6r franska medborgare som vill resa till USA Om du \u00e4r fransk medborgare och vill resa till USA f\u00f6r turism, f\u00f6r att bes\u00f6ka en sl\u00e4kting eller f\u00f6r att tr\u00e4ffa en l\u00e4kare, \u00e4r B2-visumet det amerikanska bes\u00f6ksvisum du beh\u00f6ver. Denna omfattande guide f\u00f6rklarar stegen f\u00f6r att f\u00e5 ett B2 USA-visum f\u00f6r franska medborgare, villkoren, tidsfristerna [&hellip;]<\/p>\n","protected":false},"author":1,"featured_media":0,"parent":0,"menu_order":0,"comment_status":"closed","ping_status":"closed","template":"","meta":{"footnotes":""},"class_list":["post-9073","page","type-page","status-publish","hentry"],"yoast_head":"<!-- This site is optimized with the Yoast SEO plugin v27.0 - https:\/\/yoast.com\/product\/yoast-seo-wordpress\/ -->\n<title>B2-visum f\u00f6r franska medborgare som reser till USA - USA B2<\/title>\n<meta name=\"description\" content=\"Om du \u00e4r fransk medborgare kan du f\u00e5 ett B2-visum f\u00f6r en planerad vistelse i USA\" \/>\n<meta name=\"robots\" content=\"index, follow, max-snippet:-1, max-image-preview:large, max-video-preview:-1\" \/>\n<link rel=\"canonical\" href=\"https:\/\/usa-b2.com\/sv\/visum-b2-for-franska\/\" \/>\n<meta property=\"og:locale\" content=\"sv_SE\" \/>\n<meta property=\"og:type\" content=\"article\" \/>\n<meta property=\"og:title\" content=\"B2-visum f\u00f6r franska medborgare som reser till USA - USA B2\" \/>\n<meta property=\"og:description\" content=\"Om du \u00e4r fransk medborgare kan du f\u00e5 ett B2-visum f\u00f6r en planerad vistelse i USA\" \/>\n<meta property=\"og:url\" content=\"https:\/\/usa-b2.com\/sv\/visum-b2-for-franska\/\" \/>\n<meta property=\"og:site_name\" content=\"USA B2\" \/>\n<meta property=\"article:modified_time\" content=\"2025-11-04T20:18:34+00:00\" \/>\n<meta name=\"twitter:card\" content=\"summary_large_image\" \/>\n<meta name=\"twitter:label1\" content=\"Ber\u00e4knad l\u00e4stid\" \/>\n\t<meta name=\"twitter:data1\" content=\"2 minuter\" \/>\n<script type=\"application\/ld+json\" class=\"yoast-schema-graph\">{\"@context\":\"https:\/\/schema.org\",\"@graph\":[{\"@type\":[\"WebPage\",\"FAQPage\"],\"@id\":\"https:\/\/usa-b2.com\/sv\/visum-b2-for-franska\/\",\"url\":\"https:\/\/usa-b2.com\/sv\/visum-b2-for-franska\/\",\"name\":\"B2-visum f\u00f6r franska medborgare som reser till USA - USA B2\",\"isPartOf\":{\"@id\":\"https:\/\/usa-b2.com\/sv\/#website\"},\"datePublished\":\"2025-05-14T12:29:33+00:00\",\"dateModified\":\"2025-11-04T20:18:34+00:00\",\"description\":\"Om du \u00e4r fransk medborgare kan du f\u00e5 ett B2-visum f\u00f6r en planerad vistelse i USA\",\"breadcrumb\":{\"@id\":\"https:\/\/usa-b2.com\/sv\/visum-b2-for-franska\/#breadcrumb\"},\"mainEntity\":[{\"@id\":\"https:\/\/usa-b2.com\/sv\/visum-b2-for-franska\/#faq-question-1747226397065\"},{\"@id\":\"https:\/\/usa-b2.com\/sv\/visum-b2-for-franska\/#faq-question-1747226417090\"},{\"@id\":\"https:\/\/usa-b2.com\/sv\/visum-b2-for-franska\/#faq-question-1747226429344\"}],\"inLanguage\":\"sv-SE\",\"potentialAction\":[{\"@type\":\"ReadAction\",\"target\":[\"https:\/\/usa-b2.com\/sv\/visum-b2-for-franska\/\"]}]},{\"@type\":\"BreadcrumbList\",\"@id\":\"https:\/\/usa-b2.com\/sv\/visum-b2-for-franska\/#breadcrumb\",\"itemListElement\":[{\"@type\":\"ListItem\",\"position\":1,\"name\":\"Accueil\",\"item\":\"https:\/\/usa-b2.com\/sv\/roadtrips-usa\/\"},{\"@type\":\"ListItem\",\"position\":2,\"name\":\"B2-visum f\u00f6r franska medborgare som reser till USA\"}]},{\"@type\":\"WebSite\",\"@id\":\"https:\/\/usa-b2.com\/sv\/#website\",\"url\":\"https:\/\/usa-b2.com\/sv\/\",\"name\":\"USA B2 VISA\",\"description\":\"\",\"potentialAction\":[{\"@type\":\"SearchAction\",\"target\":{\"@type\":\"EntryPoint\",\"urlTemplate\":\"https:\/\/usa-b2.com\/sv\/?s={search_term_string}\"},\"query-input\":{\"@type\":\"PropertyValueSpecification\",\"valueRequired\":true,\"valueName\":\"search_term_string\"}}],\"inLanguage\":\"sv-SE\"},{\"@type\":\"Question\",\"@id\":\"https:\/\/usa-b2.com\/sv\/visum-b2-for-franska\/#faq-question-1747226397065\",\"position\":1,\"url\":\"https:\/\/usa-b2.com\/sv\/visum-b2-for-franska\/#faq-question-1747226397065\",\"name\":\"Hur l\u00e4nge \u00e4r ett B2-visum giltigt?\",\"answerCount\":1,\"acceptedAnswer\":{\"@type\":\"Answer\",\"text\":\"Visumet \u00e4r giltigt <strong>i upp till 10 \u00e5r<\/strong>, men varje vistelse \u00e4r <strong>begr\u00e4nsad till h\u00f6gst 6 m\u00e5nader.<\/strong>\",\"inLanguage\":\"sv-SE\"},\"inLanguage\":\"sv-SE\"},{\"@type\":\"Question\",\"@id\":\"https:\/\/usa-b2.com\/sv\/visum-b2-for-franska\/#faq-question-1747226417090\",\"position\":2,\"url\":\"https:\/\/usa-b2.com\/sv\/visum-b2-for-franska\/#faq-question-1747226417090\",\"name\":\"Kan jag f\u00f6rl\u00e4nga mitt B2-visum i USA?\",\"answerCount\":1,\"acceptedAnswer\":{\"@type\":\"Answer\",\"text\":\"Ja, en <strong>beg\u00e4ran om f\u00f6rl\u00e4ngning<\/strong> \u00e4r m\u00f6jlig fr\u00e5n USA, men m\u00e5ste motiveras.\",\"inLanguage\":\"sv-SE\"},\"inLanguage\":\"sv-SE\"},{\"@type\":\"Question\",\"@id\":\"https:\/\/usa-b2.com\/sv\/visum-b2-for-franska\/#faq-question-1747226429344\",\"position\":3,\"url\":\"https:\/\/usa-b2.com\/sv\/visum-b2-for-franska\/#faq-question-1747226429344\",\"name\":\"\u00c4r det s\u00e4krare att ans\u00f6ka om ett B2-visum i st\u00e4llet f\u00f6r ESTA?\",\"answerCount\":1,\"acceptedAnswer\":{\"@type\":\"Answer\",\"text\":\"Ja, s\u00e4rskilt om du har f\u00e5tt avslag eller om du vill <strong>undvika risken att f\u00e5 avslag.<\/strong>\",\"inLanguage\":\"sv-SE\"},\"inLanguage\":\"sv-SE\"}]}<\/script>\n<!-- \/ Yoast SEO plugin. -->","yoast_head_json":{"title":"B2-visum f\u00f6r franska medborgare som reser till USA - USA B2","description":"Om du \u00e4r fransk medborgare kan du f\u00e5 ett B2-visum f\u00f6r en planerad vistelse i USA","robots":{"index":"index","follow":"follow","max-snippet":"max-snippet:-1","max-image-preview":"max-image-preview:large","max-video-preview":"max-video-preview:-1"},"canonical":"https:\/\/usa-b2.com\/sv\/visum-b2-for-franska\/","og_locale":"sv_SE","og_type":"article","og_title":"B2-visum f\u00f6r franska medborgare som reser till USA - USA B2","og_description":"Om du \u00e4r fransk medborgare kan du f\u00e5 ett B2-visum f\u00f6r en planerad vistelse i USA","og_url":"https:\/\/usa-b2.com\/sv\/visum-b2-for-franska\/","og_site_name":"USA B2","article_modified_time":"2025-11-04T20:18:34+00:00","twitter_card":"summary_large_image","twitter_misc":{"Ber\u00e4knad l\u00e4stid":"2 minuter"},"schema":{"@context":"https:\/\/schema.org","@graph":[{"@type":["WebPage","FAQPage"],"@id":"https:\/\/usa-b2.com\/sv\/visum-b2-for-franska\/","url":"https:\/\/usa-b2.com\/sv\/visum-b2-for-franska\/","name":"B2-visum f\u00f6r franska medborgare som reser till USA - USA B2","isPartOf":{"@id":"https:\/\/usa-b2.com\/sv\/#website"},"datePublished":"2025-05-14T12:29:33+00:00","dateModified":"2025-11-04T20:18:34+00:00","description":"Om du \u00e4r fransk medborgare kan du f\u00e5 ett B2-visum f\u00f6r en planerad vistelse i USA","breadcrumb":{"@id":"https:\/\/usa-b2.com\/sv\/visum-b2-for-franska\/#breadcrumb"},"mainEntity":[{"@id":"https:\/\/usa-b2.com\/sv\/visum-b2-for-franska\/#faq-question-1747226397065"},{"@id":"https:\/\/usa-b2.com\/sv\/visum-b2-for-franska\/#faq-question-1747226417090"},{"@id":"https:\/\/usa-b2.com\/sv\/visum-b2-for-franska\/#faq-question-1747226429344"}],"inLanguage":"sv-SE","potentialAction":[{"@type":"ReadAction","target":["https:\/\/usa-b2.com\/sv\/visum-b2-for-franska\/"]}]},{"@type":"BreadcrumbList","@id":"https:\/\/usa-b2.com\/sv\/visum-b2-for-franska\/#breadcrumb","itemListElement":[{"@type":"ListItem","position":1,"name":"Accueil","item":"https:\/\/usa-b2.com\/sv\/roadtrips-usa\/"},{"@type":"ListItem","position":2,"name":"B2-visum f\u00f6r franska medborgare som reser till USA"}]},{"@type":"WebSite","@id":"https:\/\/usa-b2.com\/sv\/#website","url":"https:\/\/usa-b2.com\/sv\/","name":"USA B2 VISA","description":"","potentialAction":[{"@type":"SearchAction","target":{"@type":"EntryPoint","urlTemplate":"https:\/\/usa-b2.com\/sv\/?s={search_term_string}"},"query-input":{"@type":"PropertyValueSpecification","valueRequired":true,"valueName":"search_term_string"}}],"inLanguage":"sv-SE"},{"@type":"Question","@id":"https:\/\/usa-b2.com\/sv\/visum-b2-for-franska\/#faq-question-1747226397065","position":1,"url":"https:\/\/usa-b2.com\/sv\/visum-b2-for-franska\/#faq-question-1747226397065","name":"Hur l\u00e4nge \u00e4r ett B2-visum giltigt?","answerCount":1,"acceptedAnswer":{"@type":"Answer","text":"Visumet \u00e4r giltigt <strong>i upp till 10 \u00e5r<\/strong>, men varje vistelse \u00e4r <strong>begr\u00e4nsad till h\u00f6gst 6 m\u00e5nader.<\/strong>","inLanguage":"sv-SE"},"inLanguage":"sv-SE"},{"@type":"Question","@id":"https:\/\/usa-b2.com\/sv\/visum-b2-for-franska\/#faq-question-1747226417090","position":2,"url":"https:\/\/usa-b2.com\/sv\/visum-b2-for-franska\/#faq-question-1747226417090","name":"Kan jag f\u00f6rl\u00e4nga mitt B2-visum i USA?","answerCount":1,"acceptedAnswer":{"@type":"Answer","text":"Ja, en <strong>beg\u00e4ran om f\u00f6rl\u00e4ngning<\/strong> \u00e4r m\u00f6jlig fr\u00e5n USA, men m\u00e5ste motiveras.","inLanguage":"sv-SE"},"inLanguage":"sv-SE"},{"@type":"Question","@id":"https:\/\/usa-b2.com\/sv\/visum-b2-for-franska\/#faq-question-1747226429344","position":3,"url":"https:\/\/usa-b2.com\/sv\/visum-b2-for-franska\/#faq-question-1747226429344","name":"\u00c4r det s\u00e4krare att ans\u00f6ka om ett B2-visum i st\u00e4llet f\u00f6r ESTA?","answerCount":1,"acceptedAnswer":{"@type":"Answer","text":"Ja, s\u00e4rskilt om du har f\u00e5tt avslag eller om du vill <strong>undvika risken att f\u00e5 avslag.<\/strong>","inLanguage":"sv-SE"},"inLanguage":"sv-SE"}]}},"_links":{"self":[{"href":"https:\/\/usa-b2.com\/sv\/wp-json\/wp\/v2\/pages\/9073","targetHints":{"allow":["GET"]}}],"collection":[{"href":"https:\/\/usa-b2.com\/sv\/wp-json\/wp\/v2\/pages"}],"about":[{"href":"https:\/\/usa-b2.com\/sv\/wp-json\/wp\/v2\/types\/page"}],"author":[{"embeddable":true,"href":"https:\/\/usa-b2.com\/sv\/wp-json\/wp\/v2\/users\/1"}],"replies":[{"embeddable":true,"href":"https:\/\/usa-b2.com\/sv\/wp-json\/wp\/v2\/comments?post=9073"}],"version-history":[{"count":2,"href":"https:\/\/usa-b2.com\/sv\/wp-json\/wp\/v2\/pages\/9073\/revisions"}],"predecessor-version":[{"id":10885,"href":"https:\/\/usa-b2.com\/sv\/wp-json\/wp\/v2\/pages\/9073\/revisions\/10885"}],"wp:attachment":[{"href":"https:\/\/usa-b2.com\/sv\/wp-json\/wp\/v2\/media?parent=9073"}],"curies":[{"name":"wp","href":"https:\/\/api.w.org\/{rel}","templated":true}]}}