{"id":8592,"date":"2025-03-18T12:34:07","date_gmt":"2025-03-18T12:34:07","guid":{"rendered":"https:\/\/usa-b2.com\/badlands-et-black-hills-dakota-du-sud\/"},"modified":"2025-04-10T18:32:29","modified_gmt":"2025-04-10T18:32:29","slug":"badlands-et-black-hills-dakota-du-sud","status":"publish","type":"page","link":"https:\/\/usa-b2.com\/sv\/badlands-et-black-hills-dakota-du-sud\/","title":{"rendered":"Badlands och Black Hills (South Dakota): Guide till en of\u00f6rgl\u00f6mlig roadtrip"},"content":{"rendered":"\n<h1 class=\"wp-block-heading\">Resa i Badlands och Black Hills: Komplett guide<\/h1>\n\n<p><br\/><a href=\"https:\/\/www.blackhillsbadlands.com\/\">Badlands och Black Hills<\/a> ligger i <a href=\"https:\/\/www.sd.gov\/cs\">South Dakota<\/a> och erbjuder ett spektakul\u00e4rt landskap och en total inlevelse i den amerikanska vildmarken. Denna <a href=\"https:\/\/usa-b2.com\/sv\/\">roadtrip i USA<\/a> kombinerar hisnande panoramabilder, ikoniska stopp, nationalparker och unika upplevelser. Oavsett om du \u00e4r ett par eller en familj, beskriver den h\u00e4r guiden den perfekta resv\u00e4gen, de b\u00e4sta st\u00e4llena att bo p\u00e5 och de platser du m\u00e5ste se f\u00f6r att f\u00f6reviga din resa.  <\/p>\n\n<figure class=\"wp-block-image size-large\"><img fetchpriority=\"high\" decoding=\"async\" width=\"1024\" height=\"576\" src=\"https:\/\/usa-b2.com\/wp-content\/uploads\/2025\/03\/Badlands-National-Park-South-Dakota-1024x576.jpg\" alt=\"\" class=\"wp-image-8393\" srcset=\"https:\/\/usa-b2.com\/wp-content\/uploads\/2025\/03\/Badlands-National-Park-South-Dakota-1024x576.jpg 1024w, https:\/\/usa-b2.com\/wp-content\/uploads\/2025\/03\/Badlands-National-Park-South-Dakota-300x169.jpg 300w, https:\/\/usa-b2.com\/wp-content\/uploads\/2025\/03\/Badlands-National-Park-South-Dakota-768x432.jpg 768w, https:\/\/usa-b2.com\/wp-content\/uploads\/2025\/03\/Badlands-National-Park-South-Dakota-1536x864.jpg 1536w, https:\/\/usa-b2.com\/wp-content\/uploads\/2025\/03\/Badlands-National-Park-South-Dakota.jpg 1600w\" sizes=\"(max-width: 1024px) 100vw, 1024px\" \/><\/figure>\n\n<h2 class=\"wp-block-heading\">Nationalparker och ikoniska landskap i Badlands och Black Hills<\/h2>\n\n<h3 class=\"wp-block-heading\">Badlands National Park: ett geologiskt underland<\/h3>\n\n<p><a href=\"https:\/\/national-parks.org\/united-states\/badlands\">Badlands National Park<\/a> \u00e4r ett m\u00e5ste i South Dakota. Dess f\u00e4rgstarka klippformationer och vidstr\u00e4ckta gr\u00e4smarker som befolkas av bisonoxar och tjockhornsf\u00e5r \u00e4r ett imponerande natursk\u00e5despel. P\u00e5 natursk\u00f6na v\u00e4gar som <a href=\"https:\/\/www.nps.gov\/thingstodo\/badl-loop-road.htm\">Badlands Loop Road<\/a> kan du beundra dessa landskap fr\u00e5n ett antal spektakul\u00e4ra utsiktspunkter, bland annat Panorama Point och Big Badlands Overlook. Vandringsentusiaster kommer att njuta av stigar som Notch Trail och Castle Trail, perfekta f\u00f6r att utforska klippformationernas inre.   <\/p>\n\n<h3 class=\"wp-block-heading\">Black Hills: mellan berg och t\u00e4ta skogar<\/h3>\n\n<p>Black Hills, i v\u00e4stra South Dakota, st\u00e5r i kontrast till Badlands med sina tallskogar och ol\u00e4ndiga terr\u00e4ng. Den h\u00e4r regionen \u00e4r k\u00e4nd f\u00f6r <a href=\"https:\/\/www.mtrushmorenationalmemorial.com\/\">Mount Rushmore<\/a>, d\u00e4r det finns monumentala skulpturer av amerikanska presidenter, och <a href=\"https:\/\/gfp.sd.gov\/parks\/detail\/custer-state-park\/\">Custer State Park<\/a>, som \u00e4r k\u00e4nd f\u00f6r sitt rika djurliv och den legendariska <a href=\"https:\/\/www.custerresorts.com\/activities\/scenic-drives\/needles-highway\">Needles Highway<\/a>, en slingrande v\u00e4g omgiven av spektakul\u00e4ra klippformationer. <\/p>\n\n<h2 class=\"wp-block-heading\">Var man bor: st\u00e4der, hotell och upplevelserika boenden<\/h2>\n\n<h3 class=\"wp-block-heading\">Bo i n\u00e4rliggande Rapid City och Wall<\/h3>\n\n<p><a href=\"https:\/\/www.rcgov.org\/\">Rapid<\/a> City \u00e4r en idealisk bas f\u00f6r att utforska Black Hills. H\u00e4r finns ett brett utbud av boende, fr\u00e5n budgethotell till lyxresorter som <a href=\"https:\/\/www.alexjohnson.com\/\">Hotel Alex Johnson.<\/a> F\u00f6r en vistelse n\u00e4rmare Badlands erbjuder den lilla staden <a href=\"https:\/\/www.wall-badlands.com\/\">Wall<\/a>, k\u00e4nd f\u00f6r sin ikoniska <a href=\"https:\/\/www.walldrug.com\/\">Wall Drug,<\/a> flera prisv\u00e4rda motell och snabb tillg\u00e5ng till nationalparken.  <\/p>\n\n<h3 class=\"wp-block-heading\">Unika upplevelser: campingplatser och lodger<\/h3>\n\n<p>F\u00f6r natur\u00e4lskare finns det flera alternativ f\u00f6r total uppslukning:<\/p>\n\n<ul class=\"wp-block-list\">\n<li><a href=\"https:\/\/sagecreekcampground.com\/\">Sage Creek Campground<\/a> i Badlands Park, en gratis rustik campingplats d\u00e4r du kan se bisonoxarna i soluppg\u00e5ngen.<\/li>\n\n\n\n<li><a href=\"https:\/\/www.custerresorts.com\/plan-your-trip\/sylvan-lake-lodge\">Sylvan Lake Lodge<\/a> ligger inb\u00e4ddat i hj\u00e4rtat av Black Hills och erbjuder en f\u00f6rtrollande milj\u00f6 med direkt tillg\u00e5ng till vandringsleder.<\/li>\n<\/ul>\n\n<h2 class=\"wp-block-heading\">Detaljerad resplan f\u00f6r en lyckad roadtrip<\/h2>\n\n<figure class=\"wp-block-table\"><table><tbody><tr><td><strong>Dag<\/strong><\/td><td><strong>Plats<\/strong><\/td><td><strong>Huvudsakliga aktiviteter<\/strong><\/td><\/tr><tr><td>1<\/td><td>Rapid City<\/td><td>Bes\u00f6k i stadsk\u00e4rnan och p\u00e5 lokala museer<\/td><\/tr><tr><td>2<\/td><td>Badlands nationalpark<\/td><td>Vandringar och solnedg\u00e5ng \u00f6ver Pinnacles Overlook<\/td><\/tr><tr><td>3<\/td><td>Custer State Park<\/td><td>Bisonsk\u00e5dning och Needles Highway natursk\u00f6n v\u00e4g<\/td><\/tr><tr><td>4<\/td><td>Mount Rushmore &amp; Crazy Horse<\/td><td>Uppt\u00e4ck de monumentala skulpturerna<\/td><\/tr><tr><td>5<\/td><td>Spearfish Canyon &amp; Deadwood<\/td><td>Skogspromenader och f\u00f6rdjupning i historien om Fj\u00e4rran V\u00e4stern<\/td><\/tr><\/tbody><\/table><\/figure>\n\n<h3 class=\"wp-block-heading\">Mytomspunna rutter som du inte f\u00e5r missa<\/h3>\n\n<p>V\u00e4garna spelar en viktig roll f\u00f6r upplevelsen av en roadtrip. Badlands Loop Road (Highway 240) slingrar sig genom klippformationerna i Badlands. I Black Hills erbjuder Needles Highway (Highway 87) och Iron Mountain Road spektakul\u00e4ra vyer \u00f6ver berg och bergtunnlar.  <\/p>\n\n<h3 class=\"wp-block-heading\">Hur l\u00e5ng tid kommer resan att ta?<\/h3>\n\n<p>En vistelse p\u00e5 5 till 7 dagar \u00e4r perfekt f\u00f6r att utforska regionen utan att stressa. Du b\u00f6r avs\u00e4tta minst 2 dagar i Badlands, 3 dagar i Black Hills och en dag f\u00f6r att utforska omgivningarna, t.ex. Spearfish Canyon eller den historiska staden Deadwood. <\/p>\n\n<h2 class=\"wp-block-heading\">De b\u00e4sta fotoplatserna p\u00e5 Instagram<\/h2>\n\n<h3 class=\"wp-block-heading\">Utsiktsplatser som m\u00e5ste ses<\/h3>\n\n<p>F\u00f6r att f\u00e5nga landskapets storslagenhet, h\u00e4r \u00e4r platserna att g\u00e5 till:<\/p>\n\n<ul class=\"wp-block-list\">\n<li><strong>Panorama Point (Badlands National Park)<\/strong>: soluppg\u00e5ng \u00f6ver klippformationer.<\/li>\n\n\n\n<li><strong>Sylvan Lake (Black Hills)<\/strong>: en pittoresk sj\u00f6 omgiven av klippor.<\/li>\n\n\n\n<li><a href=\"https:\/\/www.needleseyetunnel.org\/\">Needles Eye Tunnel<\/a>: en tunnel som gr\u00e4vts in i berget, perfekt f\u00f6r originalbilder.<\/li>\n<\/ul>\n\n<h3 class=\"wp-block-heading\">Ovanliga platser f\u00f6r unika foton<\/h3>\n\n<p>Vissa omr\u00e5den erbjuder extraordin\u00e4ra perspektiv:<\/p>\n\n<ul class=\"wp-block-list\">\n<li><strong>Wall Drug Dinosaur<\/strong>: en enorm kitschig dinosaurieskulptur vid v\u00e4gkanten.<\/li>\n\n\n\n<li><a href=\"https:\/\/www.chapel-in-the-hills.org\/\">Chapel in the Hills<\/a> (Rapid City): en replik av en skandinavisk tr\u00e4kyrka.<\/li>\n<\/ul>\n\n<h2 class=\"wp-block-heading\">Aktiviteter f\u00f6r par och familjer<\/h2>\n\n<h3 class=\"wp-block-heading\">Romantiska aktiviteter f\u00f6r par<\/h3>\n\n<p>Badlands och Black Hills \u00e4r den perfekta bakgrunden f\u00f6r en romantisk resa. En terrassmiddag i Deadwood, f\u00f6ljt av en kv\u00e4llspromenad, erbjuder en unik atmosf\u00e4r. F\u00f6r en uppslukande upplevelse \u00e4r en solnedg\u00e5ng \u00f6ver Pinnacles Overlook eller en kryssning p\u00e5 Pactola Lake of\u00f6rgl\u00f6mliga \u00f6gonblick.  <\/p>\n\n<h3 class=\"wp-block-heading\">Familjeaktiviteter: \u00e4ventyr och uppt\u00e4ckter<\/h3>\n\n<p>Att resa till denna region som en familj \u00e4r ett utm\u00e4rkt s\u00e4tt att kombinera natur och l\u00e4rande. Barn kommer att \u00e4lska det: <\/p>\n\n<ul class=\"wp-block-list\">\n<li><a href=\"https:\/\/www.reptilegardens.com\/\">Reptile Gardens<\/a> i Rapid City, en unik djurpark.<\/li>\n\n\n\n<li><a href=\"https:\/\/mammothsite.org\/\">Mammoth Site<\/a> i Hot Springs, d\u00e4r de kan se f\u00f6rhistoriska fossiler.<\/li>\n\n\n\n<li><a href=\"https:\/\/bearcountryusa.com\/\">Bear Country USA<\/a>, ett reservat d\u00e4r bj\u00f6rnar kan observeras i halv frihet.<\/li>\n<\/ul>\n\n<p><br\/>Badlands och Black Hills i South Dakota \u00e4r den perfekta destinationen f\u00f6r en of\u00f6rgl\u00f6mlig roadtrip. Med spektakul\u00e4ra panoramor, legendariska v\u00e4gar och autentiskt boende erbjuder regionen en total inlevelse i den amerikanska vildmarken. Oavsett om du \u00e4r ett par p\u00e5 en romantisk resa eller en familj p\u00e5 ett pedagogiskt \u00e4ventyr, kommer dessa ikoniska landskap att f\u00e4ngsla dig varje steg p\u00e5 v\u00e4gen.  <\/p>\n","protected":false},"excerpt":{"rendered":"<p>Resa i Badlands och Black Hills: Komplett guide Badlands och Black Hills ligger i South Dakota och erbjuder ett spektakul\u00e4rt landskap och en total inlevelse i den amerikanska vildmarken. Denna roadtrip i USA kombinerar hisnande panoramabilder, ikoniska stopp, nationalparker och unika upplevelser. Oavsett om du \u00e4r ett par eller en familj, beskriver den h\u00e4r guiden [&hellip;]<\/p>\n","protected":false},"author":1,"featured_media":0,"parent":0,"menu_order":0,"comment_status":"closed","ping_status":"closed","template":"","meta":{"footnotes":""},"class_list":["post-8592","page","type-page","status-publish","hentry"],"yoast_head":"<!-- This site is optimized with the Yoast SEO plugin v27.4 - https:\/\/yoast.com\/product\/yoast-seo-wordpress\/ -->\n<title>Badlands och Black Hills (South Dakota): Guide till en of\u00f6rgl\u00f6mlig roadtrip - USA B2<\/title>\n<meta name=\"description\" content=\"Uppt\u00e4ck Badlands och Black Hills i South Dakota: resv\u00e4g, landskap, fotoplatser och aktiviteter f\u00f6r en of\u00f6rgl\u00f6mlig roadtrip.\" \/>\n<meta name=\"robots\" content=\"index, follow, max-snippet:-1, max-image-preview:large, max-video-preview:-1\" \/>\n<link rel=\"canonical\" href=\"https:\/\/usa-b2.com\/sv\/badlands-et-black-hills-dakota-du-sud\/\" \/>\n<meta property=\"og:locale\" content=\"sv_SE\" \/>\n<meta property=\"og:type\" content=\"article\" \/>\n<meta property=\"og:title\" content=\"Badlands och Black Hills (South Dakota): Guide till en of\u00f6rgl\u00f6mlig roadtrip - USA B2\" \/>\n<meta property=\"og:description\" content=\"Uppt\u00e4ck Badlands och Black Hills i South Dakota: resv\u00e4g, landskap, fotoplatser och aktiviteter f\u00f6r en of\u00f6rgl\u00f6mlig roadtrip.\" \/>\n<meta property=\"og:url\" content=\"https:\/\/usa-b2.com\/sv\/badlands-et-black-hills-dakota-du-sud\/\" \/>\n<meta property=\"og:site_name\" content=\"USA B2\" \/>\n<meta property=\"article:modified_time\" content=\"2025-04-10T18:32:29+00:00\" \/>\n<meta property=\"og:image\" content=\"https:\/\/usa-b2.com\/wp-content\/uploads\/2025\/03\/Badlands-National-Park-South-Dakota.jpg\" \/>\n\t<meta property=\"og:image:width\" content=\"1600\" \/>\n\t<meta property=\"og:image:height\" content=\"900\" \/>\n\t<meta property=\"og:image:type\" content=\"image\/jpeg\" \/>\n<meta name=\"twitter:card\" content=\"summary_large_image\" \/>\n<meta name=\"twitter:label1\" content=\"Ber\u00e4knad l\u00e4stid\" \/>\n\t<meta name=\"twitter:data1\" content=\"4 minuter\" \/>\n<script type=\"application\/ld+json\" class=\"yoast-schema-graph\">{\"@context\":\"https:\\\/\\\/schema.org\",\"@graph\":[{\"@type\":\"WebPage\",\"@id\":\"https:\\\/\\\/usa-b2.com\\\/sv\\\/badlands-et-black-hills-dakota-du-sud\\\/\",\"url\":\"https:\\\/\\\/usa-b2.com\\\/sv\\\/badlands-et-black-hills-dakota-du-sud\\\/\",\"name\":\"Badlands och Black Hills (South Dakota): Guide till en of\u00f6rgl\u00f6mlig roadtrip - USA B2\",\"isPartOf\":{\"@id\":\"https:\\\/\\\/usa-b2.com\\\/sv\\\/#website\"},\"primaryImageOfPage\":{\"@id\":\"https:\\\/\\\/usa-b2.com\\\/sv\\\/badlands-et-black-hills-dakota-du-sud\\\/#primaryimage\"},\"image\":{\"@id\":\"https:\\\/\\\/usa-b2.com\\\/sv\\\/badlands-et-black-hills-dakota-du-sud\\\/#primaryimage\"},\"thumbnailUrl\":\"https:\\\/\\\/usa-b2.com\\\/wp-content\\\/uploads\\\/2025\\\/03\\\/Badlands-National-Park-South-Dakota-1024x576.jpg\",\"datePublished\":\"2025-03-18T12:34:07+00:00\",\"dateModified\":\"2025-04-10T18:32:29+00:00\",\"description\":\"Uppt\u00e4ck Badlands och Black Hills i South Dakota: resv\u00e4g, landskap, fotoplatser och aktiviteter f\u00f6r en of\u00f6rgl\u00f6mlig roadtrip.\",\"breadcrumb\":{\"@id\":\"https:\\\/\\\/usa-b2.com\\\/sv\\\/badlands-et-black-hills-dakota-du-sud\\\/#breadcrumb\"},\"inLanguage\":\"sv-SE\",\"potentialAction\":[{\"@type\":\"ReadAction\",\"target\":[\"https:\\\/\\\/usa-b2.com\\\/sv\\\/badlands-et-black-hills-dakota-du-sud\\\/\"]}]},{\"@type\":\"ImageObject\",\"inLanguage\":\"sv-SE\",\"@id\":\"https:\\\/\\\/usa-b2.com\\\/sv\\\/badlands-et-black-hills-dakota-du-sud\\\/#primaryimage\",\"url\":\"https:\\\/\\\/usa-b2.com\\\/wp-content\\\/uploads\\\/2025\\\/03\\\/Badlands-National-Park-South-Dakota-1024x576.jpg\",\"contentUrl\":\"https:\\\/\\\/usa-b2.com\\\/wp-content\\\/uploads\\\/2025\\\/03\\\/Badlands-National-Park-South-Dakota-1024x576.jpg\"},{\"@type\":\"BreadcrumbList\",\"@id\":\"https:\\\/\\\/usa-b2.com\\\/sv\\\/badlands-et-black-hills-dakota-du-sud\\\/#breadcrumb\",\"itemListElement\":[{\"@type\":\"ListItem\",\"position\":1,\"name\":\"Accueil\",\"item\":\"https:\\\/\\\/usa-b2.com\\\/sv\\\/usa\\\/\"},{\"@type\":\"ListItem\",\"position\":2,\"name\":\"Badlands och Black Hills (South Dakota): Guide till en of\u00f6rgl\u00f6mlig roadtrip\"}]},{\"@type\":\"WebSite\",\"@id\":\"https:\\\/\\\/usa-b2.com\\\/sv\\\/#website\",\"url\":\"https:\\\/\\\/usa-b2.com\\\/sv\\\/\",\"name\":\"USA B2 VISA\",\"description\":\"\",\"potentialAction\":[{\"@type\":\"SearchAction\",\"target\":{\"@type\":\"EntryPoint\",\"urlTemplate\":\"https:\\\/\\\/usa-b2.com\\\/sv\\\/?s={search_term_string}\"},\"query-input\":{\"@type\":\"PropertyValueSpecification\",\"valueRequired\":true,\"valueName\":\"search_term_string\"}}],\"inLanguage\":\"sv-SE\"}]}<\/script>\n<!-- \/ Yoast SEO plugin. -->","yoast_head_json":{"title":"Badlands och Black Hills (South Dakota): Guide till en of\u00f6rgl\u00f6mlig roadtrip - USA B2","description":"Uppt\u00e4ck Badlands och Black Hills i South Dakota: resv\u00e4g, landskap, fotoplatser och aktiviteter f\u00f6r en of\u00f6rgl\u00f6mlig roadtrip.","robots":{"index":"index","follow":"follow","max-snippet":"max-snippet:-1","max-image-preview":"max-image-preview:large","max-video-preview":"max-video-preview:-1"},"canonical":"https:\/\/usa-b2.com\/sv\/badlands-et-black-hills-dakota-du-sud\/","og_locale":"sv_SE","og_type":"article","og_title":"Badlands och Black Hills (South Dakota): Guide till en of\u00f6rgl\u00f6mlig roadtrip - USA B2","og_description":"Uppt\u00e4ck Badlands och Black Hills i South Dakota: resv\u00e4g, landskap, fotoplatser och aktiviteter f\u00f6r en of\u00f6rgl\u00f6mlig roadtrip.","og_url":"https:\/\/usa-b2.com\/sv\/badlands-et-black-hills-dakota-du-sud\/","og_site_name":"USA B2","article_modified_time":"2025-04-10T18:32:29+00:00","og_image":[{"width":1600,"height":900,"url":"https:\/\/usa-b2.com\/wp-content\/uploads\/2025\/03\/Badlands-National-Park-South-Dakota.jpg","type":"image\/jpeg"}],"twitter_card":"summary_large_image","twitter_misc":{"Ber\u00e4knad l\u00e4stid":"4 minuter"},"schema":{"@context":"https:\/\/schema.org","@graph":[{"@type":"WebPage","@id":"https:\/\/usa-b2.com\/sv\/badlands-et-black-hills-dakota-du-sud\/","url":"https:\/\/usa-b2.com\/sv\/badlands-et-black-hills-dakota-du-sud\/","name":"Badlands och Black Hills (South Dakota): Guide till en of\u00f6rgl\u00f6mlig roadtrip - USA B2","isPartOf":{"@id":"https:\/\/usa-b2.com\/sv\/#website"},"primaryImageOfPage":{"@id":"https:\/\/usa-b2.com\/sv\/badlands-et-black-hills-dakota-du-sud\/#primaryimage"},"image":{"@id":"https:\/\/usa-b2.com\/sv\/badlands-et-black-hills-dakota-du-sud\/#primaryimage"},"thumbnailUrl":"https:\/\/usa-b2.com\/wp-content\/uploads\/2025\/03\/Badlands-National-Park-South-Dakota-1024x576.jpg","datePublished":"2025-03-18T12:34:07+00:00","dateModified":"2025-04-10T18:32:29+00:00","description":"Uppt\u00e4ck Badlands och Black Hills i South Dakota: resv\u00e4g, landskap, fotoplatser och aktiviteter f\u00f6r en of\u00f6rgl\u00f6mlig roadtrip.","breadcrumb":{"@id":"https:\/\/usa-b2.com\/sv\/badlands-et-black-hills-dakota-du-sud\/#breadcrumb"},"inLanguage":"sv-SE","potentialAction":[{"@type":"ReadAction","target":["https:\/\/usa-b2.com\/sv\/badlands-et-black-hills-dakota-du-sud\/"]}]},{"@type":"ImageObject","inLanguage":"sv-SE","@id":"https:\/\/usa-b2.com\/sv\/badlands-et-black-hills-dakota-du-sud\/#primaryimage","url":"https:\/\/usa-b2.com\/wp-content\/uploads\/2025\/03\/Badlands-National-Park-South-Dakota-1024x576.jpg","contentUrl":"https:\/\/usa-b2.com\/wp-content\/uploads\/2025\/03\/Badlands-National-Park-South-Dakota-1024x576.jpg"},{"@type":"BreadcrumbList","@id":"https:\/\/usa-b2.com\/sv\/badlands-et-black-hills-dakota-du-sud\/#breadcrumb","itemListElement":[{"@type":"ListItem","position":1,"name":"Accueil","item":"https:\/\/usa-b2.com\/sv\/usa\/"},{"@type":"ListItem","position":2,"name":"Badlands och Black Hills (South Dakota): Guide till en of\u00f6rgl\u00f6mlig roadtrip"}]},{"@type":"WebSite","@id":"https:\/\/usa-b2.com\/sv\/#website","url":"https:\/\/usa-b2.com\/sv\/","name":"USA B2 VISA","description":"","potentialAction":[{"@type":"SearchAction","target":{"@type":"EntryPoint","urlTemplate":"https:\/\/usa-b2.com\/sv\/?s={search_term_string}"},"query-input":{"@type":"PropertyValueSpecification","valueRequired":true,"valueName":"search_term_string"}}],"inLanguage":"sv-SE"}]}},"_links":{"self":[{"href":"https:\/\/usa-b2.com\/sv\/wp-json\/wp\/v2\/pages\/8592","targetHints":{"allow":["GET"]}}],"collection":[{"href":"https:\/\/usa-b2.com\/sv\/wp-json\/wp\/v2\/pages"}],"about":[{"href":"https:\/\/usa-b2.com\/sv\/wp-json\/wp\/v2\/types\/page"}],"author":[{"embeddable":true,"href":"https:\/\/usa-b2.com\/sv\/wp-json\/wp\/v2\/users\/1"}],"replies":[{"embeddable":true,"href":"https:\/\/usa-b2.com\/sv\/wp-json\/wp\/v2\/comments?post=8592"}],"version-history":[{"count":0,"href":"https:\/\/usa-b2.com\/sv\/wp-json\/wp\/v2\/pages\/8592\/revisions"}],"wp:attachment":[{"href":"https:\/\/usa-b2.com\/sv\/wp-json\/wp\/v2\/media?parent=8592"}],"curies":[{"name":"wp","href":"https:\/\/api.w.org\/{rel}","templated":true}]}}