{"id":8589,"date":"2025-03-18T12:32:41","date_gmt":"2025-03-18T12:32:41","guid":{"rendered":"https:\/\/usa-b2.com\/great-lakes-circle-tour\/"},"modified":"2025-04-10T18:31:51","modified_gmt":"2025-04-10T18:31:51","slug":"great-lakes-circle-tour","status":"publish","type":"page","link":"https:\/\/usa-b2.com\/sv\/great-lakes-circle-tour\/","title":{"rendered":"Great Lakes Circle Tour : Den ultimata roadtripen runt de stora sj\u00f6arna"},"content":{"rendered":"\n<h1 class=\"wp-block-heading\">Great Lakes Circle Tour bilresa: etapper, hotell och fotoplatser<\/h1>\n\n<p><a href=\"http:\/\/www.greatlakescircletour.org\/\">Great Lakes Circle Tour<\/a> \u00e4r en legendarisk resplan som l\u00e5ter dig utforska de stora sj\u00f6arna i <a href=\"https:\/\/www.usa.gov\/\">USA<\/a> och <a href=\"https:\/\/www.canada.ca\/en.html\">Kanada<\/a> med bil. Denna spektakul\u00e4ra roadtrip kastar dig in i hj\u00e4rtat av storslagna landskap, imponerande nationalparker, livliga st\u00e4der och of\u00f6rgl\u00f6mliga fotoplatser. Oavsett om du \u00e4r ett par som letar efter en romantisk tillflyktsort eller en familj som letar efter ett uppslukande \u00e4ventyr, lovar denna slinga runt de fem st\u00f6rsta sj\u00f6arna i Nordamerika en unik upplevelse.  <\/p>\n\n<figure class=\"wp-block-image size-large\"><img fetchpriority=\"high\" decoding=\"async\" width=\"1024\" height=\"576\" src=\"https:\/\/usa-b2.com\/wp-content\/uploads\/2025\/03\/Great-Lakes-Circle-Tour-USA-1-1024x576.jpg\" alt=\"\" class=\"wp-image-8374\" srcset=\"https:\/\/usa-b2.com\/wp-content\/uploads\/2025\/03\/Great-Lakes-Circle-Tour-USA-1-1024x576.jpg 1024w, https:\/\/usa-b2.com\/wp-content\/uploads\/2025\/03\/Great-Lakes-Circle-Tour-USA-1-300x169.jpg 300w, https:\/\/usa-b2.com\/wp-content\/uploads\/2025\/03\/Great-Lakes-Circle-Tour-USA-1-768x432.jpg 768w, https:\/\/usa-b2.com\/wp-content\/uploads\/2025\/03\/Great-Lakes-Circle-Tour-USA-1-1536x864.jpg 1536w, https:\/\/usa-b2.com\/wp-content\/uploads\/2025\/03\/Great-Lakes-Circle-Tour-USA-1-2048x1152.jpg 2048w\" sizes=\"(max-width: 1024px) 100vw, 1024px\" \/><\/figure>\n\n<h2 class=\"wp-block-heading\">Detaljerad resplan f\u00f6r Great Lakes Circle Tour<\/h2>\n\n<p>Att f\u00f6lja Great Lakes Circle Tour kr\u00e4ver noggrann planering. H\u00e4r \u00e4r ett f\u00f6rslag p\u00e5 en resplan som \u00e4r optimerad f\u00f6r att ta med de viktigaste sev\u00e4rdheterna. <\/p>\n\n<h3 class=\"wp-block-heading\">Avresa fr\u00e5n Chicago (Lake Michigan)<\/h3>\n\n<p>B\u00f6rja er resa i <a href=\"https:\/\/www.chicago.gov\/city\/en.html\">Chicago<\/a>, en ikonisk stad med imponerande skyskrapor. Njut av <a href=\"https:\/\/www.chicago.gov\/city\/en\/depts\/dca\/supp_info\/millennium_park.html\">Millennium Park<\/a>, <a href=\"https:\/\/navypier.org\/\">Navy Pier<\/a> och en kryssning p\u00e5 Chicago River. Denna livliga stad erbjuder den perfekta introduktionen till din roadtrip med sin unika blandning av modern arkitektur och lugna sj\u00f6utsikt.  <\/p>\n\n<h3 class=\"wp-block-heading\">Korsa Michigan och Ontario (Huronsj\u00f6n och Eriesj\u00f6n)<\/h3>\n\n<p>Forts\u00e4tt resan till <a href=\"https:\/\/detroitmi.gov\/\">Detroit<\/a>, en stad som h\u00e5ller p\u00e5 att f\u00f6rnyas, d\u00e4r industrihistoria m\u00f6ter den kulturella scenen. Korsa den kanadensiska gr\u00e4nsen till <a href=\"https:\/\/www.toronto.ca\/\">Toronto<\/a>, den dynamiska huvudstaden i<a href=\"https:\/\/www.ontario.ca\/page\/government-ontario\">Ontario.<\/a> Missa inte <a href=\"https:\/\/www.cntower.ca\/\">CN Tower<\/a>, varifr\u00e5n du har en hisnande utsikt \u00f6ver staden och sj\u00f6n. Stanna sedan till vid <a href=\"https:\/\/niagarafalls.ca\/\">Niagarafallen<\/a>, ett naturligt underverk som aldrig upph\u00f6r att f\u00f6rv\u00e5na bes\u00f6kare.   <\/p>\n\n<h3 class=\"wp-block-heading\">K\u00f6r upp mot Wisconsin och Minnesota (Lake Superior)<\/h3>\n\n<p>Tillbaka i USA kan du utforska <a href=\"https:\/\/duluthmn.gov\/\">Duluth<\/a>, en kuststad vid Lake Superior med hisnande landskap. \u00c5k till <a href=\"https:\/\/www.nps.gov\/piro\/index.htm\">Pictured Rocks National Lakeshore<\/a>, som \u00e4r k\u00e4nt f\u00f6r sina f\u00e4rgglada klippor och klippformationer som formats av erosion. Avsluta den h\u00e4r delen av resan med ett bes\u00f6k p\u00e5 <a href=\"https:\/\/www.mackinacisland.org\/\">Mackinac Island<\/a>, d\u00e4r bilar inte \u00e4r till\u00e5tna, vilket g\u00f6r det till den perfekta platsen f\u00f6r en cykeltur eller h\u00e4stdroska.  <\/p>\n\n<h2 class=\"wp-block-heading\">De vackraste landskapen och nationalparkerna<\/h2>\n\n<p>Great Lakes Circle Tour \u00e4r full av spektakul\u00e4ra panoramabilder och or\u00f6rda naturreservat som \u00e4r v\u00e4l v\u00e4rda ett bes\u00f6k.<\/p>\n\n<h3 class=\"wp-block-heading\">Nationalparker man m\u00e5ste se<\/h3>\n\n<p>Natur\u00e4lskare vill inte missa <a href=\"http:\/\/www.isleroyale.info\/\">Isle Royale National Park<\/a>, en avl\u00e4gsen p\u00e4rla som endast kan n\u00e5s med b\u00e5t eller vattenflygplan, perfekt f\u00f6r vandring och djursk\u00e5dning. Ett annat m\u00e5ste \u00e4r <a href=\"https:\/\/www.sleepingbeardunes.com\/\">Sleeping Bear Dunes National Lakeshore<\/a>, d\u00e4r enorma sanddyner erbjuder en hisnande utsikt \u00f6ver Lake Michigan. <\/p>\n\n<h3 class=\"wp-block-heading\">Hisnande landskap<\/h3>\n\n<p>En bilresa runt de stora sj\u00f6arna kommer att avsl\u00f6ja en m\u00e4ngd olika landskap, fr\u00e5n vidstr\u00e4ckta str\u00e4nder till t\u00e4ta skogar och imponerande klippformationer. <a href=\"https:\/\/www.apostleisland.com\/\">Apostle Islands<\/a> i <a href=\"https:\/\/wisconsindot.gov\/Pages\/online-srvcs\/external\/dmv.aspx\">Wisconsin<\/a> erbjuder spektakul\u00e4ra isgrottor p\u00e5 vintern och of\u00f6rgl\u00f6mliga kajakutflykter p\u00e5 sommaren. Klipporna vid <a href=\"https:\/\/picturedrocks.com\/fares-schedule\/\">Pictured Rocks<\/a> i <a href=\"https:\/\/www.michigan.gov\/som\">Michigan<\/a> uppvisar spektakul\u00e4ra nyanser n\u00e4r \u00e5rstiderna skiftar. <\/p>\n\n<h3 class=\"wp-block-heading\">Rekommenderade stoppst\u00e4llen<\/h3>\n\n<p>F\u00f6r att f\u00e5 ut det mesta av resan kan du stanna till vid <a href=\"https:\/\/www.holland.org\/holland-state-park\/\">Holland State Park<\/a>, en idealisk plats f\u00f6r att beundra en solnedg\u00e5ng \u00f6ver den ikoniska fyren<a href=\"https:\/\/bigredlighthouse.com\/\">&#8221;Big Red&#8221;.<\/a> Ett annat m\u00e5ste \u00e4r naturligtvis <a href=\"https:\/\/www.niagarafallsusa.com\/\">Niagarafallen<\/a>, som bjuder p\u00e5 hisnande vyer och aktiviteter som att kryssa under fallen eller utforska tunnlarna bakom vattnet. <\/p>\n\n<h2 class=\"wp-block-heading\">Var man ska bo: rekommenderade st\u00e4der och boenden<\/h2>\n\n<p>Planera dina stopp s\u00e5 att du kan vila ordentligt och njuta av varje steg p\u00e5 resan.<\/p>\n\n<h3 class=\"wp-block-heading\">F\u00f6redragna st\u00e4der<\/h3>\n\n<p>Vissa h\u00e5llplatser \u00e4r perfekta f\u00f6r att \u00f6vernatta och utforska omgivningarna. Chicago \u00e4r en idealisk plats att b\u00f6rja eller avsluta resan p\u00e5, med sitt varierade utbud av hotell. Toronto \u00e4r ett m\u00e5ste f\u00f6r att kombinera stadskomfort med n\u00e4rhet till naturens underverk. L\u00e4ngre norrut \u00e4r Duluth en trevlig destination f\u00f6r en avkopplande paus innan du utforskar Lake Superior.   <\/p>\n\n<h3 class=\"wp-block-heading\">Rekommenderade hotell och lodger<\/h3>\n\n<figure class=\"wp-block-table\"><table class=\"has-fixed-layout\"><tbody><tr><td><strong>Stad<\/strong><\/td><td><strong>Rekommenderat hotell<\/strong><\/td><td><strong>Typ av boende<\/strong><\/td><\/tr><tr><td>Chicago<\/td><td><a href=\"https:\/\/www.langhamhospitalitygroup.com\/en\/\">The Langham<\/a><\/td><td>Lyx<\/td><\/tr><tr><td>Toronto<\/td><td><a href=\"https:\/\/www.fairmont.com\/royal-york-toronto\/?goto=fiche_hotel&amp;code_hotel=A551&amp;merchantid=seo-maps-CA-A551&amp;sourceid=aw-cen&amp;utm_medium=seo%20maps&amp;utm_source=google%20Maps&amp;utm_campaign=seo%20maps\">Fairmont Royal York<\/a><\/td><td>Historia<\/td><\/tr><tr><td>Duluth<\/td><td><a href=\"https:\/\/inn.fitgers.com\/\">Fitger&#8217;s Inn<\/a><\/td><td>Vid vattnet<\/td><\/tr><\/tbody><\/table><\/figure>\n\n<h2 class=\"wp-block-heading\">Instagrammbara fotoplatser<\/h2>\n\n<p>Od\u00f6dligg\u00f6r din resa med spektakul\u00e4ra bilder.<\/p>\n\n<h3 class=\"wp-block-heading\">Panoramautsikt<\/h3>\n\n<p>F\u00f6r ett of\u00f6rgl\u00f6mligt foto kan du ta dig upp till <a href=\"https:\/\/theskydeck.com\/\">Skydeck Chicago<\/a>, d\u00e4r<a href=\"https:\/\/www.willistower.com\/\"> Willis<\/a> Tower erbjuder en f\u00e5gelperspektivvy \u00f6ver staden. Niagarafallen \u00e4r en annan ikonisk plats som \u00e4r perfekt f\u00f6r att f\u00e5nga naturens kraft. <\/p>\n\n<h3 class=\"wp-block-heading\">Atypiska platser f\u00f6r unika foton<\/h3>\n\n<p>Vissa platser erbjuder en unik atmosf\u00e4r och milj\u00f6, till exempel Mackinac Island, med sina h\u00e4stdragna vagnar och pittoreska arkitektur. Ett annat alternativ \u00e4r <a href=\"https:\/\/duneclimbinn.com\/\">Dune Climb<\/a>, Sleeping Bear Dunes, d\u00e4r du kan f\u00e5nga en exceptionell panoramautsikt \u00f6ver Lake Michigan. <\/p>\n\n<h2 class=\"wp-block-heading\">Aktiviteter f\u00f6r par<\/h2>\n\n<p>En roadtrip runt de stora sj\u00f6arna \u00e4r en perfekt semester f\u00f6r par som s\u00f6ker \u00e4ventyr och romantik.<\/p>\n\n<h3 class=\"wp-block-heading\">Romantiska upplevelser<\/h3>\n\n<p>Upplev ett unikt \u00f6gonblick p\u00e5 en middagskryssning p\u00e5 Lake Michigan, med en hisnande utsikt \u00f6ver Chicago i ljus. F\u00f6r en wellnessresa, v\u00e4lj ett termiskt spa i Toronto, d\u00e4r avkoppling garanteras med en hisnande utsikt \u00f6ver sj\u00f6n. <\/p>\n\n<h3 class=\"wp-block-heading\">Aktiviteter f\u00f6r tv\u00e5 i det fria<\/h3>\n\n<p>Par som \u00e4lskar friluftsliv kommer att \u00e4lska en vandring p\u00e5 Isle Royale, en vild och of\u00f6rst\u00f6rd plats. Ett annat alternativ som inte f\u00e5r missas \u00e4r en solnedg\u00e5ng i Holland State Park, en idyllisk plats f\u00f6r en romantisk tillflyktsort. <\/p>\n\n<h2 class=\"wp-block-heading\">Familjeaktiviteter<\/h2>\n\n<p>Att resa med barn p\u00e5 Great Lakes Circle Tour kan bli en minnesv\u00e4rd upplevelse med r\u00e4tt aktiviteter.<\/p>\n\n<h3 class=\"wp-block-heading\">Parker och attraktioner f\u00f6r barn<\/h3>\n\n<p>Familjer kommer att \u00e4lska ett bes\u00f6k p\u00e5 <a href=\"https:\/\/www.sheddaquarium.org\/\">Shedd Aquarium<\/a> i Chicago, som erbjuder en fascinerande f\u00f6rdjupning i den marina v\u00e4rlden. F\u00f6r sp\u00e4nningss\u00f6kare \u00e4r <a href=\"https:\/\/www.canadaswonderland.com\/\">Canada&#8217;s Wonderland<\/a> i Toronto ett utm\u00e4rkt alternativ, med m\u00e5nga attraktioner som passar f\u00f6r yngre bes\u00f6kare. <\/p>\n\n<h3 class=\"wp-block-heading\">Roliga och interaktiva upplevelser<\/h3>\n\n<p>Barn med en passion f\u00f6r bilar kommer att \u00e4lska Ford Museum i Detroit, d\u00e4r bilens historia kommer till liv. F\u00f6r ett mer naturligt \u00e4ventyr kan du ta en kryssning till <a href=\"https:\/\/www.leeds1000islands.ca\/en\/Index.aspx\">Thousand Islands i Ontario<\/a> och uppt\u00e4cka ett unikt landskap som kombinerar historia och natur. <\/p>\n\n<p>Great Lakes Circle Tour \u00e4r en unik <a href=\"https:\/\/usa-b2.com\/sv\/\">amerikansk roadtrip<\/a> som kombinerar storslagen natur, urbana uppt\u00e4ckter och of\u00f6rgl\u00f6mliga upplevelser. Oavsett om du \u00e4r ett par som letar efter romantik eller en familj som letar efter kul, har den h\u00e4r resv\u00e4gen n\u00e5got f\u00f6r alla. Packa din roadtrip, ta med dig kameran och ge dig av f\u00f6r att er\u00f6vra de stora sj\u00f6arnas underverk!  <\/p>\n\n<p><\/p>\n","protected":false},"excerpt":{"rendered":"<p>Great Lakes Circle Tour bilresa: etapper, hotell och fotoplatser Great Lakes Circle Tour \u00e4r en legendarisk resplan som l\u00e5ter dig utforska de stora sj\u00f6arna i USA och Kanada med bil. Denna spektakul\u00e4ra roadtrip kastar dig in i hj\u00e4rtat av storslagna landskap, imponerande nationalparker, livliga st\u00e4der och of\u00f6rgl\u00f6mliga fotoplatser. Oavsett om du \u00e4r ett par som [&hellip;]<\/p>\n","protected":false},"author":1,"featured_media":0,"parent":0,"menu_order":0,"comment_status":"closed","ping_status":"closed","template":"","meta":{"footnotes":""},"class_list":["post-8589","page","type-page","status-publish","hentry"],"yoast_head":"<!-- This site is optimized with the Yoast SEO plugin v27.0 - https:\/\/yoast.com\/product\/yoast-seo-wordpress\/ -->\n<title>Great Lakes Circle Tour : Den ultimata roadtripen runt de stora sj\u00f6arna - USA B2<\/title>\n<meta name=\"description\" content=\"Utforska Great Lakes Circle Tour, en episk bilresa runt de stora sj\u00f6arna med resv\u00e4g, landskap, boende och aktiviteter.\" \/>\n<meta name=\"robots\" content=\"index, follow, max-snippet:-1, max-image-preview:large, max-video-preview:-1\" \/>\n<link rel=\"canonical\" href=\"https:\/\/usa-b2.com\/sv\/great-lakes-circle-tour\/\" \/>\n<meta property=\"og:locale\" content=\"sv_SE\" \/>\n<meta property=\"og:type\" content=\"article\" \/>\n<meta property=\"og:title\" content=\"Great Lakes Circle Tour : Den ultimata roadtripen runt de stora sj\u00f6arna - USA B2\" \/>\n<meta property=\"og:description\" content=\"Utforska Great Lakes Circle Tour, en episk bilresa runt de stora sj\u00f6arna med resv\u00e4g, landskap, boende och aktiviteter.\" \/>\n<meta property=\"og:url\" content=\"https:\/\/usa-b2.com\/sv\/great-lakes-circle-tour\/\" \/>\n<meta property=\"og:site_name\" content=\"USA B2\" \/>\n<meta property=\"article:modified_time\" content=\"2025-04-10T18:31:51+00:00\" \/>\n<meta property=\"og:image\" content=\"https:\/\/usa-b2.com\/wp-content\/uploads\/2025\/03\/Great-Lakes-Circle-Tour-USA-1-scaled.jpg\" \/>\n\t<meta property=\"og:image:width\" content=\"2560\" \/>\n\t<meta property=\"og:image:height\" content=\"1440\" \/>\n\t<meta property=\"og:image:type\" content=\"image\/jpeg\" \/>\n<meta name=\"twitter:card\" content=\"summary_large_image\" \/>\n<meta name=\"twitter:label1\" content=\"Ber\u00e4knad l\u00e4stid\" \/>\n\t<meta name=\"twitter:data1\" content=\"5 minuter\" \/>\n<script type=\"application\/ld+json\" class=\"yoast-schema-graph\">{\"@context\":\"https:\/\/schema.org\",\"@graph\":[{\"@type\":\"WebPage\",\"@id\":\"https:\/\/usa-b2.com\/sv\/great-lakes-circle-tour\/\",\"url\":\"https:\/\/usa-b2.com\/sv\/great-lakes-circle-tour\/\",\"name\":\"Great Lakes Circle Tour : Den ultimata roadtripen runt de stora sj\u00f6arna - USA B2\",\"isPartOf\":{\"@id\":\"https:\/\/usa-b2.com\/sv\/#website\"},\"primaryImageOfPage\":{\"@id\":\"https:\/\/usa-b2.com\/sv\/great-lakes-circle-tour\/#primaryimage\"},\"image\":{\"@id\":\"https:\/\/usa-b2.com\/sv\/great-lakes-circle-tour\/#primaryimage\"},\"thumbnailUrl\":\"https:\/\/usa-b2.com\/wp-content\/uploads\/2025\/03\/Great-Lakes-Circle-Tour-USA-1-1024x576.jpg\",\"datePublished\":\"2025-03-18T12:32:41+00:00\",\"dateModified\":\"2025-04-10T18:31:51+00:00\",\"description\":\"Utforska Great Lakes Circle Tour, en episk bilresa runt de stora sj\u00f6arna med resv\u00e4g, landskap, boende och aktiviteter.\",\"breadcrumb\":{\"@id\":\"https:\/\/usa-b2.com\/sv\/great-lakes-circle-tour\/#breadcrumb\"},\"inLanguage\":\"sv-SE\",\"potentialAction\":[{\"@type\":\"ReadAction\",\"target\":[\"https:\/\/usa-b2.com\/sv\/great-lakes-circle-tour\/\"]}]},{\"@type\":\"ImageObject\",\"inLanguage\":\"sv-SE\",\"@id\":\"https:\/\/usa-b2.com\/sv\/great-lakes-circle-tour\/#primaryimage\",\"url\":\"https:\/\/usa-b2.com\/wp-content\/uploads\/2025\/03\/Great-Lakes-Circle-Tour-USA-1-1024x576.jpg\",\"contentUrl\":\"https:\/\/usa-b2.com\/wp-content\/uploads\/2025\/03\/Great-Lakes-Circle-Tour-USA-1-1024x576.jpg\"},{\"@type\":\"BreadcrumbList\",\"@id\":\"https:\/\/usa-b2.com\/sv\/great-lakes-circle-tour\/#breadcrumb\",\"itemListElement\":[{\"@type\":\"ListItem\",\"position\":1,\"name\":\"Accueil\",\"item\":\"https:\/\/usa-b2.com\/sv\/roadtrips-usa\/\"},{\"@type\":\"ListItem\",\"position\":2,\"name\":\"Great Lakes Circle Tour : Den ultimata roadtripen runt de stora sj\u00f6arna\"}]},{\"@type\":\"WebSite\",\"@id\":\"https:\/\/usa-b2.com\/sv\/#website\",\"url\":\"https:\/\/usa-b2.com\/sv\/\",\"name\":\"USA B2 VISA\",\"description\":\"\",\"potentialAction\":[{\"@type\":\"SearchAction\",\"target\":{\"@type\":\"EntryPoint\",\"urlTemplate\":\"https:\/\/usa-b2.com\/sv\/?s={search_term_string}\"},\"query-input\":{\"@type\":\"PropertyValueSpecification\",\"valueRequired\":true,\"valueName\":\"search_term_string\"}}],\"inLanguage\":\"sv-SE\"}]}<\/script>\n<!-- \/ Yoast SEO plugin. -->","yoast_head_json":{"title":"Great Lakes Circle Tour : Den ultimata roadtripen runt de stora sj\u00f6arna - USA B2","description":"Utforska Great Lakes Circle Tour, en episk bilresa runt de stora sj\u00f6arna med resv\u00e4g, landskap, boende och aktiviteter.","robots":{"index":"index","follow":"follow","max-snippet":"max-snippet:-1","max-image-preview":"max-image-preview:large","max-video-preview":"max-video-preview:-1"},"canonical":"https:\/\/usa-b2.com\/sv\/great-lakes-circle-tour\/","og_locale":"sv_SE","og_type":"article","og_title":"Great Lakes Circle Tour : Den ultimata roadtripen runt de stora sj\u00f6arna - USA B2","og_description":"Utforska Great Lakes Circle Tour, en episk bilresa runt de stora sj\u00f6arna med resv\u00e4g, landskap, boende och aktiviteter.","og_url":"https:\/\/usa-b2.com\/sv\/great-lakes-circle-tour\/","og_site_name":"USA B2","article_modified_time":"2025-04-10T18:31:51+00:00","og_image":[{"width":2560,"height":1440,"url":"https:\/\/usa-b2.com\/wp-content\/uploads\/2025\/03\/Great-Lakes-Circle-Tour-USA-1-scaled.jpg","type":"image\/jpeg"}],"twitter_card":"summary_large_image","twitter_misc":{"Ber\u00e4knad l\u00e4stid":"5 minuter"},"schema":{"@context":"https:\/\/schema.org","@graph":[{"@type":"WebPage","@id":"https:\/\/usa-b2.com\/sv\/great-lakes-circle-tour\/","url":"https:\/\/usa-b2.com\/sv\/great-lakes-circle-tour\/","name":"Great Lakes Circle Tour : Den ultimata roadtripen runt de stora sj\u00f6arna - USA B2","isPartOf":{"@id":"https:\/\/usa-b2.com\/sv\/#website"},"primaryImageOfPage":{"@id":"https:\/\/usa-b2.com\/sv\/great-lakes-circle-tour\/#primaryimage"},"image":{"@id":"https:\/\/usa-b2.com\/sv\/great-lakes-circle-tour\/#primaryimage"},"thumbnailUrl":"https:\/\/usa-b2.com\/wp-content\/uploads\/2025\/03\/Great-Lakes-Circle-Tour-USA-1-1024x576.jpg","datePublished":"2025-03-18T12:32:41+00:00","dateModified":"2025-04-10T18:31:51+00:00","description":"Utforska Great Lakes Circle Tour, en episk bilresa runt de stora sj\u00f6arna med resv\u00e4g, landskap, boende och aktiviteter.","breadcrumb":{"@id":"https:\/\/usa-b2.com\/sv\/great-lakes-circle-tour\/#breadcrumb"},"inLanguage":"sv-SE","potentialAction":[{"@type":"ReadAction","target":["https:\/\/usa-b2.com\/sv\/great-lakes-circle-tour\/"]}]},{"@type":"ImageObject","inLanguage":"sv-SE","@id":"https:\/\/usa-b2.com\/sv\/great-lakes-circle-tour\/#primaryimage","url":"https:\/\/usa-b2.com\/wp-content\/uploads\/2025\/03\/Great-Lakes-Circle-Tour-USA-1-1024x576.jpg","contentUrl":"https:\/\/usa-b2.com\/wp-content\/uploads\/2025\/03\/Great-Lakes-Circle-Tour-USA-1-1024x576.jpg"},{"@type":"BreadcrumbList","@id":"https:\/\/usa-b2.com\/sv\/great-lakes-circle-tour\/#breadcrumb","itemListElement":[{"@type":"ListItem","position":1,"name":"Accueil","item":"https:\/\/usa-b2.com\/sv\/roadtrips-usa\/"},{"@type":"ListItem","position":2,"name":"Great Lakes Circle Tour : Den ultimata roadtripen runt de stora sj\u00f6arna"}]},{"@type":"WebSite","@id":"https:\/\/usa-b2.com\/sv\/#website","url":"https:\/\/usa-b2.com\/sv\/","name":"USA B2 VISA","description":"","potentialAction":[{"@type":"SearchAction","target":{"@type":"EntryPoint","urlTemplate":"https:\/\/usa-b2.com\/sv\/?s={search_term_string}"},"query-input":{"@type":"PropertyValueSpecification","valueRequired":true,"valueName":"search_term_string"}}],"inLanguage":"sv-SE"}]}},"_links":{"self":[{"href":"https:\/\/usa-b2.com\/sv\/wp-json\/wp\/v2\/pages\/8589","targetHints":{"allow":["GET"]}}],"collection":[{"href":"https:\/\/usa-b2.com\/sv\/wp-json\/wp\/v2\/pages"}],"about":[{"href":"https:\/\/usa-b2.com\/sv\/wp-json\/wp\/v2\/types\/page"}],"author":[{"embeddable":true,"href":"https:\/\/usa-b2.com\/sv\/wp-json\/wp\/v2\/users\/1"}],"replies":[{"embeddable":true,"href":"https:\/\/usa-b2.com\/sv\/wp-json\/wp\/v2\/comments?post=8589"}],"version-history":[{"count":0,"href":"https:\/\/usa-b2.com\/sv\/wp-json\/wp\/v2\/pages\/8589\/revisions"}],"wp:attachment":[{"href":"https:\/\/usa-b2.com\/sv\/wp-json\/wp\/v2\/media?parent=8589"}],"curies":[{"name":"wp","href":"https:\/\/api.w.org\/{rel}","templated":true}]}}