{"id":8572,"date":"2025-04-10T16:14:56","date_gmt":"2025-04-10T16:14:56","guid":{"rendered":"https:\/\/usa-b2.com\/usa-b1-b2-visum\/"},"modified":"2025-05-14T12:25:06","modified_gmt":"2025-05-14T12:25:06","slug":"usa-b1-b2-visum","status":"publish","type":"page","link":"https:\/\/usa-b2.com\/sv\/usa-b1-b2-visum\/","title":{"rendered":"B1\/B2-visum f\u00f6r att bes\u00f6ka USA"},"content":{"rendered":"\n<h1 class=\"wp-block-heading\">b1b2-visum f\u00f6r resor till USA<\/h1>\n\n<p><strong>B1\/B2 USA-visum<\/strong> \u00e4r det vanligaste <a href=\"https:\/\/usa-b2.com\/sv\/besoksvisum-usa\/\">amerikanska bes\u00f6ksvisumet<\/a>. Oavsett om du reser i aff\u00e4rer eller f\u00f6r n\u00f6jes skull \u00e4r detta visum den perfekta l\u00f6sningen f\u00f6r en <strong>tillf\u00e4llig vistelse<\/strong> p\u00e5 amerikansk mark. I den h\u00e4r guiden f\u00e5r du reda p\u00e5 allt du beh\u00f6ver veta om <strong>B1\/B2-visumet<\/strong>, dess villkor, anv\u00e4ndbarhet och hur du ans\u00f6ker.  <\/p>\n\n<h2 class=\"wp-block-heading\">Vad \u00e4r B1\/B2-visum?<\/h2>\n\n<p><strong>B1\/B2-visum<\/strong> \u00e4r ett <strong>icke-immigrantvisum<\/strong> som utf\u00e4rdas av de amerikanska myndigheterna f\u00f6r personer som vill resa in i USA p\u00e5 tillf\u00e4llig basis.<\/p>\n\n<ul class=\"wp-block-list\">\n<li><a href=\"https:\/\/usa-b2.com\/sv\/visum-b1-usa\/\">B1-visumet<\/a> \u00e4r avsett f\u00f6r <strong>aff\u00e4rsresor<\/strong> (m\u00f6ten, konferenser, kontrakt etc.).<\/li>\n\n\n\n<li><a href=\"https:\/\/usa-b2.com\/sv\/visum-b2\/\">B2-visumet<\/a> \u00e4r avsett f\u00f6r <strong>turism, familjebes\u00f6k eller medicinsk behandling.<\/strong><\/li>\n\n\n\n<li>De kombineras ofta i ett <strong>B1\/B2 USA-visum<\/strong>, vilket inneb\u00e4r att du kan resa f\u00f6r b\u00e5da \u00e4ndam\u00e5len med samma dokument.<\/li>\n<\/ul>\n\n<div style=\"height:20px\" aria-hidden=\"true\" class=\"wp-block-spacer\"><\/div>\n\n<h2 class=\"wp-block-heading\">Vem kan ans\u00f6ka om ett B1\/B2-visum till USA?<\/h2>\n\n<p>Alla som inte \u00e4r ber\u00e4ttigade till <a href=\"https:\/\/usa-b2.com\/sv\/vad-ar-en-esta\/\">ESTA-programmet<\/a> eller som vill stanna i <strong>USA<\/strong> i <strong>mer \u00e4n 90 dagar<\/strong> kan ans\u00f6ka om ett <strong>amerikanskt B1 B2-visum<\/strong>. Det \u00e4r s\u00e4rskilt anv\u00e4ndbart f\u00f6r : <\/p>\n\n<ul class=\"wp-block-list\">\n<li>Medborgare i l\u00e4nder som inte \u00e4r medlemmar i <a href=\"https:\/\/usa-b2.com\/sv\/visa-waiver-program\/\">programmet f\u00f6r viseringsundantag (Visa Waiver Programme<\/a>)<\/li>\n\n\n\n<li>Personer som beh\u00f6ver mer flexibilitet n\u00e4r det g\u00e4ller vistelsens l\u00e4ngd eller syfte<\/li>\n\n\n\n<li>Resen\u00e4rer som redan har nekats ESTA-tillst\u00e5nd<\/li>\n<\/ul>\n\n<div style=\"height:20px\" aria-hidden=\"true\" class=\"wp-block-spacer\"><\/div>\n\n<h2 class=\"wp-block-heading\">Giltighetstid och villkor f\u00f6r B1 B2-visering<\/h2>\n\n<p><strong>USA:s B1\/B2-visum<\/strong> kan vara giltigt i mellan <strong>1 och 10 \u00e5r<\/strong>, beroende p\u00e5 ditt bos\u00e4ttningsland och det amerikanska konsulatets beslut. Det ger r\u00e4tt till : <\/p>\n\n<ul class=\"wp-block-list\">\n<li><strong>Tillf\u00e4lliga vistelser<\/strong> p\u00e5 upp till 6 m\u00e5nader per inresa<\/li>\n\n\n\n<li><strong>Flera inresor<\/strong> till USA under giltighetstiden<\/li>\n\n\n\n<li>Inget tillst\u00e5nd f\u00f6r avl\u00f6nat arbete eller studier<\/li>\n<\/ul>\n\n<p>\ud83d\udd17 Se \u00e4ven: <a href=\"https:\/\/usa-b2.com\/sv\/skillnaden-mellan-visa-och-esta\/\">Skillnaden mellan ESTA och visum<\/a><br\/>\ud83d\udd17 Se \u00e4ven: <a href=\"https:\/\/usa-b2.com\/sv\/passresor-usa\/\">Giltigt pass f\u00f6r resor till USA<\/a><\/p>\n\n<h2 class=\"wp-block-heading\">Hur f\u00e5r jag ett B1 B2-visum till USA?<\/h2>\n\n<h3 class=\"wp-block-heading\">1. Fyll i formul\u00e4r DS-160<\/h3>\n\n<p>Det <a href=\"https:\/\/usa-b2.com\/sv\/ds-160\/\">officiella formul\u00e4ret DS-160<\/a> f\u00f6r alla ans\u00f6kningar om <strong>visum f\u00f6r icke-immigranter i USA.<\/strong><\/p>\n\n<h3 class=\"wp-block-heading\">2. Betala ans\u00f6kningsavgiften<\/h3>\n\n<p><a href=\"https:\/\/usa-b2.com\/sv\/avgifter-b2-visum\/\">Priset f\u00f6r visumet<\/a> varierar beroende p\u00e5 vilken typ av amerikanskt visum som v\u00e4ljs. I allm\u00e4nhet kostar ett <strong>B1\/B2-visum<\/strong> cirka <strong>185 USD<\/strong> i administrativa avgifter som ska betalas n\u00e4r man <a href=\"https:\/\/usa-b2.com\/sv\/ansokningsforfarande-b2-visum\/\">ans\u00f6ker<\/a> om visum. <\/p>\n\n<h3 class=\"wp-block-heading\">3. Boka tid p\u00e5 den amerikanska ambassaden<\/h3>\n\n<p>Intervjun \u00e4r <strong>obligatorisk<\/strong> f\u00f6r de flesta s\u00f6kande. Du kommer att beh\u00f6va f\u00f6rklara orsakerna till din resa. Se v\u00e5r artikel om den <a href=\"https:\/\/usa-b2.com\/sv\/visumbokning-usa-ambassad\/\">amerikanska ambassadens m\u00f6te<\/a> f\u00f6r att f\u00f6rbereda dig f\u00f6r detta viktiga steg.  <\/p>\n\n<h3 class=\"wp-block-heading\">4. F\u00f6rbered de n\u00f6dv\u00e4ndiga dokumenten<\/h3>\n\n<ul class=\"wp-block-list\">\n<li><a href=\"https:\/\/usa-b2.com\/sv\/passresor-usa\/\">Giltigt pass f\u00f6r USA<\/a><\/li>\n\n\n\n<li>Passfoto<\/li>\n\n\n\n<li>Bevis p\u00e5 tillg\u00e5ngar, resplan, inbjudningsbrev (om till\u00e4mpligt)<\/li>\n<\/ul>\n\n<h3 class=\"wp-block-heading\">5. Inv\u00e4nta beslut<\/h3>\n\n<p><strong>Tiden det tar att f\u00e5 en licens<\/strong> varierar. I genomsnitt f\u00e5r du r\u00e4kna med mellan <strong>1 och 4 veckor.<\/strong> <br\/><\/p>\n\n<h2 class=\"wp-block-heading\">Illustration av processen f\u00f6r att f\u00e5 en b1\/b2-visering<\/h2>\n\n<figure class=\"wp-block-image size-large\"><img fetchpriority=\"high\" decoding=\"async\" width=\"683\" height=\"1024\" src=\"https:\/\/usa-b2.com\/wp-content\/uploads\/2025\/04\/us-visa-b1b2-683x1024.png\" alt=\"Hur f&#xE5;r man en B1 B2-visering?\" class=\"wp-image-8440\" srcset=\"https:\/\/usa-b2.com\/wp-content\/uploads\/2025\/04\/us-visa-b1b2-683x1024.png 683w, https:\/\/usa-b2.com\/wp-content\/uploads\/2025\/04\/us-visa-b1b2-200x300.png 200w, https:\/\/usa-b2.com\/wp-content\/uploads\/2025\/04\/us-visa-b1b2-768x1152.png 768w, https:\/\/usa-b2.com\/wp-content\/uploads\/2025\/04\/us-visa-b1b2.png 1024w\" sizes=\"(max-width: 683px) 100vw, 683px\" \/><figcaption class=\"wp-element-caption\">Hur man f\u00e5r en B1\/B2-visering<\/figcaption><\/figure>\n\n<h2 class=\"wp-block-heading\">Vanliga fr\u00e5gor om B1\/B2-visum f\u00f6r USA<\/h2>\n\n<h3 class=\"wp-block-heading\">Kan jag arbeta p\u00e5 ett B1\/B2-visum?<\/h3>\n\n<p>Nej. <strong>B1 B2 USA-visum<\/strong> \u00e4r strikt reserverat f\u00f6r <strong>tillf\u00e4lliga bes\u00f6k<\/strong> utan avl\u00f6nad anst\u00e4llning eller studier. <\/p>\n\n<h3 class=\"wp-block-heading\">Kan ett amerikanskt B1- och B2-visum f\u00f6rl\u00e4ngas?<\/h3>\n\n<p>Ja, men det \u00e4r <strong>komplicerat<\/strong>. En f\u00f6rl\u00e4ngning m\u00e5ste beg\u00e4ras <strong>minst 45 dagar innan giltighetstiden l\u00f6per ut.<\/strong> <\/p>\n\n<h3 class=\"wp-block-heading\">\u00c4r det samma sak som ESTA?<\/h3>\n\n<p>Nej.<strong>ESTA<\/strong> \u00e4r reserverat f\u00f6r vissa l\u00e4nder och f\u00f6r <strong>h\u00f6gst 90 dagar.<\/strong> <strong>USA-visum B1\/B2<\/strong> \u00e4r mer flexibelt men kr\u00e4ver fler formaliteter.  <\/p>\n\n<h2 class=\"wp-block-heading\">Varf\u00f6r v\u00e4lja B1 B2-visum f\u00f6r att bes\u00f6ka F\u00f6renta staterna?<\/h2>\n\n<p><strong>B1\/B2-visumet f\u00f6r USA<\/strong> \u00e4r perfekt f\u00f6r dig som vill :<\/p>\n\n<ul class=\"wp-block-list\">\n<li><strong>Bes\u00f6ka sl\u00e4ktingar, \u00e5ka p\u00e5 sightseeing, tr\u00e4ffa en l\u00e4kare<\/strong><\/li>\n\n\n\n<li><strong>Delta i professionella konferenser och m\u00f6ten<\/strong><\/li>\n\n\n\n<li><strong>Regelbundna<\/strong> resor <strong>till USA<\/strong> med visum som \u00e4r giltigt i flera \u00e5r<\/li>\n\n\n\n<li>Ett <strong>alternativ till ESTA<\/strong><\/li>\n<\/ul>\n\n<h2 class=\"wp-block-heading\">I ett n\u00f6tskal<\/h2>\n\n<figure class=\"wp-block-table\"><table class=\"has-fixed-layout\"><thead><tr><th>Element<\/th><th>Detalj<\/th><\/tr><\/thead><tbody><tr><td>Typ av visum<\/td><td><strong>B1\/B2-visum<\/strong> (aff\u00e4rs- och turistresor)<\/td><\/tr><tr><td>Vistelsens l\u00e4ngd<\/td><td>Upp till 6 m\u00e5nader per post<\/td><\/tr><tr><td>Giltighetstid<\/td><td>Upp till 10 \u00e5r<\/td><\/tr><tr><td>Antal poster<\/td><td>Flera<\/td><\/tr><tr><td>Kan vi arbeta?<\/td><td>\u274c Nej<\/td><\/tr><tr><td>Kan vi studera?<\/td><td>\u274c Nej (utom i s\u00e4rskilda fall)<\/td><\/tr><\/tbody><\/table><\/figure>\n","protected":false},"excerpt":{"rendered":"<p>b1b2-visum f\u00f6r resor till USA B1\/B2 USA-visum \u00e4r det vanligaste amerikanska bes\u00f6ksvisumet. Oavsett om du reser i aff\u00e4rer eller f\u00f6r n\u00f6jes skull \u00e4r detta visum den perfekta l\u00f6sningen f\u00f6r en tillf\u00e4llig vistelse p\u00e5 amerikansk mark. I den h\u00e4r guiden f\u00e5r du reda p\u00e5 allt du beh\u00f6ver veta om B1\/B2-visumet, dess villkor, anv\u00e4ndbarhet och hur du [&hellip;]<\/p>\n","protected":false},"author":1,"featured_media":0,"parent":0,"menu_order":0,"comment_status":"closed","ping_status":"closed","template":"","meta":{"footnotes":""},"class_list":["post-8572","page","type-page","status-publish","hentry"],"yoast_head":"<!-- This site is optimized with the Yoast SEO plugin v27.4 - https:\/\/yoast.com\/product\/yoast-seo-wordpress\/ -->\n<title>B1\/B2-visum f\u00f6r att bes\u00f6ka USA - USA B2<\/title>\n<meta name=\"description\" content=\"Med b1\/B2-visum till USA kan resen\u00e4rer stanna f\u00f6r turism eller aff\u00e4rsresor i mer \u00e4n 90 dagar.\" \/>\n<meta name=\"robots\" content=\"index, follow, max-snippet:-1, max-image-preview:large, max-video-preview:-1\" \/>\n<link rel=\"canonical\" href=\"https:\/\/usa-b2.com\/sv\/usa-b1-b2-visum\/\" \/>\n<meta property=\"og:locale\" content=\"sv_SE\" \/>\n<meta property=\"og:type\" content=\"article\" \/>\n<meta property=\"og:title\" content=\"B1\/B2-visum f\u00f6r att bes\u00f6ka USA - USA B2\" \/>\n<meta property=\"og:description\" content=\"Med b1\/B2-visum till USA kan resen\u00e4rer stanna f\u00f6r turism eller aff\u00e4rsresor i mer \u00e4n 90 dagar.\" \/>\n<meta property=\"og:url\" content=\"https:\/\/usa-b2.com\/sv\/usa-b1-b2-visum\/\" \/>\n<meta property=\"og:site_name\" content=\"USA B2\" \/>\n<meta property=\"article:modified_time\" content=\"2025-05-14T12:25:06+00:00\" \/>\n<meta property=\"og:image\" content=\"https:\/\/usa-b2.com\/wp-content\/uploads\/2025\/04\/us-visa-b1b2.png\" \/>\n\t<meta property=\"og:image:width\" content=\"1024\" \/>\n\t<meta property=\"og:image:height\" content=\"1536\" \/>\n\t<meta property=\"og:image:type\" content=\"image\/png\" \/>\n<meta name=\"twitter:card\" content=\"summary_large_image\" \/>\n<meta name=\"twitter:label1\" content=\"Ber\u00e4knad l\u00e4stid\" \/>\n\t<meta name=\"twitter:data1\" content=\"3 minuter\" \/>\n<script type=\"application\/ld+json\" class=\"yoast-schema-graph\">{\"@context\":\"https:\\\/\\\/schema.org\",\"@graph\":[{\"@type\":\"WebPage\",\"@id\":\"https:\\\/\\\/usa-b2.com\\\/sv\\\/usa-b1-b2-visum\\\/\",\"url\":\"https:\\\/\\\/usa-b2.com\\\/sv\\\/usa-b1-b2-visum\\\/\",\"name\":\"B1\\\/B2-visum f\u00f6r att bes\u00f6ka USA - USA B2\",\"isPartOf\":{\"@id\":\"https:\\\/\\\/usa-b2.com\\\/sv\\\/#website\"},\"primaryImageOfPage\":{\"@id\":\"https:\\\/\\\/usa-b2.com\\\/sv\\\/usa-b1-b2-visum\\\/#primaryimage\"},\"image\":{\"@id\":\"https:\\\/\\\/usa-b2.com\\\/sv\\\/usa-b1-b2-visum\\\/#primaryimage\"},\"thumbnailUrl\":\"https:\\\/\\\/usa-b2.com\\\/wp-content\\\/uploads\\\/2025\\\/04\\\/us-visa-b1b2-683x1024.png\",\"datePublished\":\"2025-04-10T16:14:56+00:00\",\"dateModified\":\"2025-05-14T12:25:06+00:00\",\"description\":\"Med b1\\\/B2-visum till USA kan resen\u00e4rer stanna f\u00f6r turism eller aff\u00e4rsresor i mer \u00e4n 90 dagar.\",\"breadcrumb\":{\"@id\":\"https:\\\/\\\/usa-b2.com\\\/sv\\\/usa-b1-b2-visum\\\/#breadcrumb\"},\"inLanguage\":\"sv-SE\",\"potentialAction\":[{\"@type\":\"ReadAction\",\"target\":[\"https:\\\/\\\/usa-b2.com\\\/sv\\\/usa-b1-b2-visum\\\/\"]}]},{\"@type\":\"ImageObject\",\"inLanguage\":\"sv-SE\",\"@id\":\"https:\\\/\\\/usa-b2.com\\\/sv\\\/usa-b1-b2-visum\\\/#primaryimage\",\"url\":\"https:\\\/\\\/usa-b2.com\\\/wp-content\\\/uploads\\\/2025\\\/04\\\/us-visa-b1b2-683x1024.png\",\"contentUrl\":\"https:\\\/\\\/usa-b2.com\\\/wp-content\\\/uploads\\\/2025\\\/04\\\/us-visa-b1b2-683x1024.png\"},{\"@type\":\"BreadcrumbList\",\"@id\":\"https:\\\/\\\/usa-b2.com\\\/sv\\\/usa-b1-b2-visum\\\/#breadcrumb\",\"itemListElement\":[{\"@type\":\"ListItem\",\"position\":1,\"name\":\"Accueil\",\"item\":\"https:\\\/\\\/usa-b2.com\\\/sv\\\/usa\\\/\"},{\"@type\":\"ListItem\",\"position\":2,\"name\":\"B1\\\/B2-visum f\u00f6r att bes\u00f6ka USA\"}]},{\"@type\":\"WebSite\",\"@id\":\"https:\\\/\\\/usa-b2.com\\\/sv\\\/#website\",\"url\":\"https:\\\/\\\/usa-b2.com\\\/sv\\\/\",\"name\":\"USA B2 VISA\",\"description\":\"\",\"potentialAction\":[{\"@type\":\"SearchAction\",\"target\":{\"@type\":\"EntryPoint\",\"urlTemplate\":\"https:\\\/\\\/usa-b2.com\\\/sv\\\/?s={search_term_string}\"},\"query-input\":{\"@type\":\"PropertyValueSpecification\",\"valueRequired\":true,\"valueName\":\"search_term_string\"}}],\"inLanguage\":\"sv-SE\"}]}<\/script>\n<!-- \/ Yoast SEO plugin. -->","yoast_head_json":{"title":"B1\/B2-visum f\u00f6r att bes\u00f6ka USA - USA B2","description":"Med b1\/B2-visum till USA kan resen\u00e4rer stanna f\u00f6r turism eller aff\u00e4rsresor i mer \u00e4n 90 dagar.","robots":{"index":"index","follow":"follow","max-snippet":"max-snippet:-1","max-image-preview":"max-image-preview:large","max-video-preview":"max-video-preview:-1"},"canonical":"https:\/\/usa-b2.com\/sv\/usa-b1-b2-visum\/","og_locale":"sv_SE","og_type":"article","og_title":"B1\/B2-visum f\u00f6r att bes\u00f6ka USA - USA B2","og_description":"Med b1\/B2-visum till USA kan resen\u00e4rer stanna f\u00f6r turism eller aff\u00e4rsresor i mer \u00e4n 90 dagar.","og_url":"https:\/\/usa-b2.com\/sv\/usa-b1-b2-visum\/","og_site_name":"USA B2","article_modified_time":"2025-05-14T12:25:06+00:00","og_image":[{"width":1024,"height":1536,"url":"https:\/\/usa-b2.com\/wp-content\/uploads\/2025\/04\/us-visa-b1b2.png","type":"image\/png"}],"twitter_card":"summary_large_image","twitter_misc":{"Ber\u00e4knad l\u00e4stid":"3 minuter"},"schema":{"@context":"https:\/\/schema.org","@graph":[{"@type":"WebPage","@id":"https:\/\/usa-b2.com\/sv\/usa-b1-b2-visum\/","url":"https:\/\/usa-b2.com\/sv\/usa-b1-b2-visum\/","name":"B1\/B2-visum f\u00f6r att bes\u00f6ka USA - USA B2","isPartOf":{"@id":"https:\/\/usa-b2.com\/sv\/#website"},"primaryImageOfPage":{"@id":"https:\/\/usa-b2.com\/sv\/usa-b1-b2-visum\/#primaryimage"},"image":{"@id":"https:\/\/usa-b2.com\/sv\/usa-b1-b2-visum\/#primaryimage"},"thumbnailUrl":"https:\/\/usa-b2.com\/wp-content\/uploads\/2025\/04\/us-visa-b1b2-683x1024.png","datePublished":"2025-04-10T16:14:56+00:00","dateModified":"2025-05-14T12:25:06+00:00","description":"Med b1\/B2-visum till USA kan resen\u00e4rer stanna f\u00f6r turism eller aff\u00e4rsresor i mer \u00e4n 90 dagar.","breadcrumb":{"@id":"https:\/\/usa-b2.com\/sv\/usa-b1-b2-visum\/#breadcrumb"},"inLanguage":"sv-SE","potentialAction":[{"@type":"ReadAction","target":["https:\/\/usa-b2.com\/sv\/usa-b1-b2-visum\/"]}]},{"@type":"ImageObject","inLanguage":"sv-SE","@id":"https:\/\/usa-b2.com\/sv\/usa-b1-b2-visum\/#primaryimage","url":"https:\/\/usa-b2.com\/wp-content\/uploads\/2025\/04\/us-visa-b1b2-683x1024.png","contentUrl":"https:\/\/usa-b2.com\/wp-content\/uploads\/2025\/04\/us-visa-b1b2-683x1024.png"},{"@type":"BreadcrumbList","@id":"https:\/\/usa-b2.com\/sv\/usa-b1-b2-visum\/#breadcrumb","itemListElement":[{"@type":"ListItem","position":1,"name":"Accueil","item":"https:\/\/usa-b2.com\/sv\/usa\/"},{"@type":"ListItem","position":2,"name":"B1\/B2-visum f\u00f6r att bes\u00f6ka USA"}]},{"@type":"WebSite","@id":"https:\/\/usa-b2.com\/sv\/#website","url":"https:\/\/usa-b2.com\/sv\/","name":"USA B2 VISA","description":"","potentialAction":[{"@type":"SearchAction","target":{"@type":"EntryPoint","urlTemplate":"https:\/\/usa-b2.com\/sv\/?s={search_term_string}"},"query-input":{"@type":"PropertyValueSpecification","valueRequired":true,"valueName":"search_term_string"}}],"inLanguage":"sv-SE"}]}},"_links":{"self":[{"href":"https:\/\/usa-b2.com\/sv\/wp-json\/wp\/v2\/pages\/8572","targetHints":{"allow":["GET"]}}],"collection":[{"href":"https:\/\/usa-b2.com\/sv\/wp-json\/wp\/v2\/pages"}],"about":[{"href":"https:\/\/usa-b2.com\/sv\/wp-json\/wp\/v2\/types\/page"}],"author":[{"embeddable":true,"href":"https:\/\/usa-b2.com\/sv\/wp-json\/wp\/v2\/users\/1"}],"replies":[{"embeddable":true,"href":"https:\/\/usa-b2.com\/sv\/wp-json\/wp\/v2\/comments?post=8572"}],"version-history":[{"count":0,"href":"https:\/\/usa-b2.com\/sv\/wp-json\/wp\/v2\/pages\/8572\/revisions"}],"wp:attachment":[{"href":"https:\/\/usa-b2.com\/sv\/wp-json\/wp\/v2\/media?parent=8572"}],"curies":[{"name":"wp","href":"https:\/\/api.w.org\/{rel}","templated":true}]}}