{"id":8516,"date":"2025-03-18T12:31:27","date_gmt":"2025-03-18T12:31:27","guid":{"rendered":"https:\/\/usa-b2.com\/route-66-the-mother-road\/"},"modified":"2025-10-16T08:18:18","modified_gmt":"2025-10-16T08:18:18","slug":"route-66-the-mother-road","status":"publish","type":"page","link":"https:\/\/usa-b2.com\/sv\/route-66-the-mother-road\/","title":{"rendered":"Route 66 (Moderv\u00e4gen): Den mytomspunna roadtripen i USA"},"content":{"rendered":"\n<h1 class=\"wp-block-heading\">Road trip p\u00e5 Route 66: vad ska man se och var ska man stanna?<\/h1>\n\n<p><a href=\"https:\/\/www.theroute-66.com\/\">Route 66,<\/a> med smeknamnet &#8221;The Mother Road&#8221;, \u00e4r en av de mest emblematiska v\u00e4garna i USA. Den g\u00e5r genom \u00e5tta delstater, fr\u00e5n <a href=\"https:\/\/www.chicago.gov\/city\/en.html\">Chicago<\/a> till <a href=\"https:\/\/lacity.gov\/\">Los Angeles<\/a>, och \u00e4r den ultimata resan genom det djupaste Amerika. Med sina varierande landskap, gamla motell och historiska platser lockar den tusentals \u00e4ventyrslystna resen\u00e4rer varje \u00e5r. H\u00e4r \u00e4r en detaljerad guide till hur du organiserar din roadtrip l\u00e4ngs denna legendariska rutt.   <\/p>\n\n<figure class=\"wp-block-image size-large\"><img fetchpriority=\"high\" decoding=\"async\" width=\"1024\" height=\"576\" src=\"https:\/\/usa-b2.com\/wp-content\/uploads\/2025\/03\/Roadtrip-Route-66-1024x576.jpg\" alt=\"\" class=\"wp-image-8354\" srcset=\"https:\/\/usa-b2.com\/wp-content\/uploads\/2025\/03\/Roadtrip-Route-66-1024x576.jpg 1024w, https:\/\/usa-b2.com\/wp-content\/uploads\/2025\/03\/Roadtrip-Route-66-300x169.jpg 300w, https:\/\/usa-b2.com\/wp-content\/uploads\/2025\/03\/Roadtrip-Route-66-768x432.jpg 768w, https:\/\/usa-b2.com\/wp-content\/uploads\/2025\/03\/Roadtrip-Route-66-1536x864.jpg 1536w, https:\/\/usa-b2.com\/wp-content\/uploads\/2025\/03\/Roadtrip-Route-66-2048x1152.jpg 2048w\" sizes=\"(max-width: 1024px) 100vw, 1024px\" \/><\/figure>\n\n<h2 class=\"wp-block-heading\">Landskap och naturomr\u00e5den som inte g\u00e5r att missa<\/h2>\n\n<h3 class=\"wp-block-heading\">Nationalparker och naturomr\u00e5den<\/h3>\n\n<p>Route 66 passerar genom flera nationalparker och spektakul\u00e4ra landskap som \u00e4r v\u00e4l v\u00e4rda omv\u00e4xlingarna. Bland dem \u00e4r <a href=\"https:\/\/www.grandcanyon.org\/experience-grand-canyon\">Grand Canyon National Park<\/a> i <a href=\"https:\/\/az.gov\/\">Arizona<\/a> ett m\u00e5ste. Den n\u00e5s fr\u00e5n Williams och bjuder p\u00e5 hisnande panorama och m\u00e5nga vandringar som passar alla niv\u00e5er. En annan viktig plats \u00e4r <a href=\"https:\/\/www.petrifiedforest.org\/\">Petrified Forest National Park<\/a>, d\u00e4r du kan beundra miljontals \u00e5r gamla tr\u00e4dstammar som \u00e4r fossiliserade. I <a href=\"https:\/\/www.ca.gov\/\">Kalifornien<\/a> kastar <a href=\"https:\/\/www.mojavepreserve.org\/\">Mojave National Preserve<\/a> dig in i den vidstr\u00e4ckta \u00f6knen med sina sanddyner och skogar av Joshua-tr\u00e4d.    <\/p>\n\n<h3 class=\"wp-block-heading\">Rastplatser och symboliska platser<\/h3>\n\n<p>De ikoniska stoppen l\u00e4ngs Route 66 \u00e4r perfekta f\u00f6r att f\u00e5 en k\u00e4nsla f\u00f6r v\u00e4gens vintage-atmosf\u00e4r. <a href=\"https:\/\/www.visitamarillo.com\/listing\/cadillac-ranch\/625\/\">Cadillac Ranch<\/a> i <a href=\"https:\/\/www.texas.gov\/\">Texas<\/a> \u00e4r en unik konstinstallation d\u00e4r bilar planteras i marken och t\u00e4cks av graffiti. I <g id=\"gid_2\">Oklahoma<\/g> \u00e4r <g id=\"gid_3\">Blue Whale of Catoosa<\/g> en ovanlig och f\u00e4rgstark plats. I Los Angeles markerar <a href=\"https:\/\/www.santamonicapier.org\/\">Santa Monica Pier<\/a> v\u00e4gens slut med sin mytomspunna skylt &#8221;End of the Trail&#8221;.  <\/p>\n\n<h2 class=\"wp-block-heading\">Detaljerad resplan f\u00f6r Route 66<\/h2>\n\n<h3 class=\"wp-block-heading\">Fr\u00e5n Chicago till Oklahoma City<\/h3>\n\n<p>Resan b\u00f6rjar i <a href=\"https:\/\/www.chicago.gov\/city\/en.html\">Chicago<\/a>, d\u00e4r skylten &#8221;Begin Route 66&#8221; markerar starten. P\u00e5 v\u00e4gen mot sydv\u00e4st g\u00f6r ett stopp i <g id=\"gid_1\">Saint-Louis<\/g> att du kan beundra<g id=\"gid_2\">Gateway Arch<\/g>, stadens symbol. I <g id=\"gid_3\">Springfield<\/g> i Illinois kan man f\u00e5 en inblick i<g id=\"gid_4\">Abraham Lincolns<\/g> liv. L\u00e4ngre bort \u00e4r <a href=\"https:\/\/www.cityoftulsa.org\/\">Tulsa<\/a> och <a href=\"https:\/\/www.okc.gov\/\">Oklahoma City o<\/a> umb\u00e4rliga stopp, rika p\u00e5 historia och kultur.  <\/p>\n\n<h3 class=\"wp-block-heading\">Fr\u00e5n Oklahoma City till Los Angeles<\/h3>\n\n<p>Efter Oklahoma City b\u00e4r det av till Amarillo i Texas, k\u00e4nd f\u00f6r Cadillac Ranch. <a href=\"https:\/\/www.nm.gov\/\">New Mexico<\/a> \u00e4r fullt av \u00f6verraskningar, bland annat <a href=\"https:\/\/www.cabq.gov\/\">Albuquerque<\/a>, en stad med latinamerikansk charm. I Arizona \u00e4r <a href=\"https:\/\/www.flagstaff.az.gov\/\">Flagstaff<\/a> en bra bas f\u00f6r att utforska Grand Canyon. Slutligen avslutas resan i Los Angeles, d\u00e4r Santa Monica Pier markerar slutet p\u00e5 Route 66.   <\/p>\n\n<h2 class=\"wp-block-heading\">Var ska man sova l\u00e4ngs Route 66?<\/h2>\n\n<h3 class=\"wp-block-heading\">Historiska hotell<\/h3>\n\n<p>Route 66 \u00e4r full av legendariska boenden. P\u00e5 <a href=\"https:\/\/sleepinawigwam.com\/\">Wigwam Motel<\/a> i Arizona kan du sova i traditionella tipis. <a href=\"https:\/\/blueswallowmotel.com\/\">Blue Swallow Motel<\/a> i New Mexico \u00e4r en institution med sina retro neonljus och sin vintagest\u00e4mning. F\u00f6r en djupdykning i filmens guld\u00e5lder har <a href=\"https:\/\/elranchohotelgallup.com\/\">El Rancho Hotel<\/a>, ocks\u00e5 i New Mexico, varit v\u00e4rd f\u00f6r m\u00e5nga Hollywoodstj\u00e4rnor.   <\/p>\n\n<h3 class=\"wp-block-heading\">De b\u00e4sta st\u00e4derna f\u00f6r en natt<\/h3>\n\n<p>Vissa st\u00e4der \u00e4r idealiska f\u00f6r att ta en paus. Flagstaff i Arizona \u00e4r en utm\u00e4rkt plats f\u00f6r att bes\u00f6ka Grand Canyon och njuta av bergsatmosf\u00e4ren. <g id=\"gid_0\">Santa Fe<\/g> i New Mexico \u00e4r en magnet f\u00f6r konstgallerier och adobearkitektur. Slutligen \u00e4r <a href=\"https:\/\/www.barstowca.org\/\">Barstow<\/a> i Kalifornien en mellanlandning innan man n\u00e5r Los Angeles.  <\/p>\n\n<h2 class=\"wp-block-heading\">Instagrammbara fotoplatser<\/h2>\n\n<figure class=\"wp-block-table\"><table class=\"has-fixed-layout\"><tbody><tr><td><strong>Foto Spot<\/strong><\/td><td><strong>Plats<\/strong><\/td><td><strong>Intresse<\/strong><\/td><\/tr><tr><td>Route 66-skylt<\/td><td>Chicago, IL<\/td><td>Den ikoniska startskylten<\/td><\/tr><tr><td>Cadillac Ranch<\/td><td>Amarillo, Texas<\/td><td>En av de mest fotograferade konstinstallationerna n\u00e5gonsin<\/td><\/tr><tr><td><a href=\"https:\/\/standinonthecorner.org\/\">St\u00e5r p\u00e5 h\u00f6rnet<\/a><\/td><td>Winslow, AZ<\/td><td>Gjord k\u00e4nd av Eagles l\u00e5t<\/td><\/tr><tr><td><a href=\"https:\/\/thebottletreeranch.com\/\">Elmer&#8217;s Bottle Tree Ranch<\/a><\/td><td>Oro Grande, Kalifornien<\/td><td>En surrealistisk och unik plats<\/td><\/tr><tr><td>Santa Monica Pier<\/td><td>Los Angeles, Kalifornien<\/td><td>Slutet p\u00e5 resan<\/td><\/tr><\/tbody><\/table><\/figure>\n\n<h2 class=\"wp-block-heading\">Tidigare administrativa formaliteter<\/h2>\n\n<p>Innan du ger dig iv\u00e4g p\u00e5 den legendariska Route 66, se till att du tar hand om alla dina reseformaliteter:<\/p>\n\n<ul class=\"wp-block-list\">\n<li>Se till att ditt <a href=\"https:\/\/usa-b2.com\/sv\/passresor-usa\/\">pass \u00e4r giltigt f\u00f6r resor till USA.<\/a> <\/li>\n\n\n\n<li>Kontrollera att du kvalificerar dig f\u00f6r <a href=\"https:\/\/usa-b2.com\/sv\/vad-ar-en-esta\/\">ESTA-resetillst\u00e5nd<\/a> enligt <a href=\"https:\/\/usa-b2.com\/sv\/visa-waiver-program\/\">programmet f\u00f6r viseringsundantag<\/a>. Om inte m\u00e5ste du ans\u00f6ka om ett <a href=\"https:\/\/usa-b2.com\/sv\/visum-b2\/\">B2-turistvisum<\/a>, en process som kan ta flera veckor. <\/li>\n<\/ul>\n\n<p>S\u00e5 det \u00e4r mycket l\u00e4mpligt att planera i god tid f\u00f6r att undvika eventuella bakslag. Med noggranna f\u00f6rberedelser f\u00e5r du en stressfri start och kan dra full nytta av detta legendariska \u00e4ventyr p\u00e5 Mother Road, med sina ikoniska st\u00e4der, gamla motell och hisnande landskap.   <\/p>\n\n<h2 class=\"wp-block-heading\">Aktiviteter f\u00f6r par eller familjer<\/h2>\n\n<h3 class=\"wp-block-heading\">Par<\/h3>\n\n<p>En romantisk resa l\u00e4ngs Route 66 bjuder p\u00e5 unika upplevelser. I Santa Fe \u00e4r restauranger med mexikanska och spanska influenser perfekta f\u00f6r en romantisk middag. Grand Canyon, med sina hisnande solnedg\u00e5ngar, \u00e4r ett \u00f6gonblick att dela f\u00f6r tv\u00e5. Slutligen erbjuder en natt under stj\u00e4rnorna i Mojave\u00f6knen en magisk och intim atmosf\u00e4r.   <\/p>\n\n<h3 class=\"wp-block-heading\">Familj<\/h3>\n\n<p>Att resa l\u00e4ngs Route 66 med barn kan vara precis lika minnesv\u00e4rt. I Oklahoma City erbjuder Route 66 Museum interaktiva utst\u00e4llningar om ruttens historia. Blue Whale i Catoosa, med sin lekst\u00e4llning, \u00e4r ett perfekt stopp f\u00f6r en rolig paus. Sist men inte minst g\u00f6r de m\u00e5nga naturparkerna vandring tillg\u00e4nglig f\u00f6r alla.   <\/p>\n\n<p>Route 66 \u00e4r den <a href=\"https:\/\/usa-b2.com\/sv\/\">mest popul\u00e4ra roadtripen i USA<\/a>. Det \u00e4r ett of\u00f6rgl\u00f6mligt \u00e4ventyr som kombinerar fantastiska landskap, historiska platser och en retrok\u00e4nsla. Oavsett om du reser som ett par, med din familj eller med v\u00e4nner, kommer denna legendariska roadtrip att kasta dig in i hj\u00e4rtat av den amerikanska dr\u00f6mmen. Planera din resv\u00e4g, boka ditt boende och ge dig iv\u00e4g f\u00f6r att uppt\u00e4cka The Mother Road!   <\/p>\n","protected":false},"excerpt":{"rendered":"<p>Road trip p\u00e5 Route 66: vad ska man se och var ska man stanna? Route 66, med smeknamnet &#8221;The Mother Road&#8221;, \u00e4r en av de mest emblematiska v\u00e4garna i USA. Den g\u00e5r genom \u00e5tta delstater, fr\u00e5n Chicago till Los Angeles, och \u00e4r den ultimata resan genom det djupaste Amerika. Med sina varierande landskap, gamla motell [&hellip;]<\/p>\n","protected":false},"author":1,"featured_media":0,"parent":0,"menu_order":0,"comment_status":"closed","ping_status":"closed","template":"","meta":{"footnotes":""},"class_list":["post-8516","page","type-page","status-publish","hentry"],"yoast_head":"<!-- This site is optimized with the Yoast SEO plugin v27.4 - https:\/\/yoast.com\/product\/yoast-seo-wordpress\/ -->\n<title>Route 66 (Moderv\u00e4gen): Den mytomspunna roadtripen i USA - USA B2<\/title>\n<meta name=\"description\" content=\"Res p\u00e5 den legendariska Route 66: resv\u00e4g, landskap, hotell, fotoplatser och aktiviteter som du m\u00e5ste g\u00f6ra f\u00f6r en of\u00f6rgl\u00f6mlig roadtrip!\" \/>\n<meta name=\"robots\" content=\"index, follow, max-snippet:-1, max-image-preview:large, max-video-preview:-1\" \/>\n<link rel=\"canonical\" href=\"https:\/\/usa-b2.com\/sv\/route-66-the-mother-road\/\" \/>\n<meta property=\"og:locale\" content=\"sv_SE\" \/>\n<meta property=\"og:type\" content=\"article\" \/>\n<meta property=\"og:title\" content=\"Route 66 (Moderv\u00e4gen): Den mytomspunna roadtripen i USA - USA B2\" \/>\n<meta property=\"og:description\" content=\"Res p\u00e5 den legendariska Route 66: resv\u00e4g, landskap, hotell, fotoplatser och aktiviteter som du m\u00e5ste g\u00f6ra f\u00f6r en of\u00f6rgl\u00f6mlig roadtrip!\" \/>\n<meta property=\"og:url\" content=\"https:\/\/usa-b2.com\/sv\/route-66-the-mother-road\/\" \/>\n<meta property=\"og:site_name\" content=\"USA B2\" \/>\n<meta property=\"article:modified_time\" content=\"2025-10-16T08:18:18+00:00\" \/>\n<meta property=\"og:image\" content=\"https:\/\/usa-b2.com\/wp-content\/uploads\/2025\/03\/Roadtrip-Route-66-scaled.jpg\" \/>\n\t<meta property=\"og:image:width\" content=\"2560\" \/>\n\t<meta property=\"og:image:height\" content=\"1440\" \/>\n\t<meta property=\"og:image:type\" content=\"image\/jpeg\" \/>\n<meta name=\"twitter:card\" content=\"summary_large_image\" \/>\n<meta name=\"twitter:label1\" content=\"Ber\u00e4knad l\u00e4stid\" \/>\n\t<meta name=\"twitter:data1\" content=\"4 minuter\" \/>\n<script type=\"application\/ld+json\" class=\"yoast-schema-graph\">{\"@context\":\"https:\\\/\\\/schema.org\",\"@graph\":[{\"@type\":\"WebPage\",\"@id\":\"https:\\\/\\\/usa-b2.com\\\/sv\\\/route-66-the-mother-road\\\/\",\"url\":\"https:\\\/\\\/usa-b2.com\\\/sv\\\/route-66-the-mother-road\\\/\",\"name\":\"Route 66 (Moderv\u00e4gen): Den mytomspunna roadtripen i USA - USA B2\",\"isPartOf\":{\"@id\":\"https:\\\/\\\/usa-b2.com\\\/sv\\\/#website\"},\"primaryImageOfPage\":{\"@id\":\"https:\\\/\\\/usa-b2.com\\\/sv\\\/route-66-the-mother-road\\\/#primaryimage\"},\"image\":{\"@id\":\"https:\\\/\\\/usa-b2.com\\\/sv\\\/route-66-the-mother-road\\\/#primaryimage\"},\"thumbnailUrl\":\"https:\\\/\\\/usa-b2.com\\\/wp-content\\\/uploads\\\/2025\\\/03\\\/Roadtrip-Route-66-1024x576.jpg\",\"datePublished\":\"2025-03-18T12:31:27+00:00\",\"dateModified\":\"2025-10-16T08:18:18+00:00\",\"description\":\"Res p\u00e5 den legendariska Route 66: resv\u00e4g, landskap, hotell, fotoplatser och aktiviteter som du m\u00e5ste g\u00f6ra f\u00f6r en of\u00f6rgl\u00f6mlig roadtrip!\",\"breadcrumb\":{\"@id\":\"https:\\\/\\\/usa-b2.com\\\/sv\\\/route-66-the-mother-road\\\/#breadcrumb\"},\"inLanguage\":\"sv-SE\",\"potentialAction\":[{\"@type\":\"ReadAction\",\"target\":[\"https:\\\/\\\/usa-b2.com\\\/sv\\\/route-66-the-mother-road\\\/\"]}]},{\"@type\":\"ImageObject\",\"inLanguage\":\"sv-SE\",\"@id\":\"https:\\\/\\\/usa-b2.com\\\/sv\\\/route-66-the-mother-road\\\/#primaryimage\",\"url\":\"https:\\\/\\\/usa-b2.com\\\/wp-content\\\/uploads\\\/2025\\\/03\\\/Roadtrip-Route-66-1024x576.jpg\",\"contentUrl\":\"https:\\\/\\\/usa-b2.com\\\/wp-content\\\/uploads\\\/2025\\\/03\\\/Roadtrip-Route-66-1024x576.jpg\"},{\"@type\":\"BreadcrumbList\",\"@id\":\"https:\\\/\\\/usa-b2.com\\\/sv\\\/route-66-the-mother-road\\\/#breadcrumb\",\"itemListElement\":[{\"@type\":\"ListItem\",\"position\":1,\"name\":\"Accueil\",\"item\":\"https:\\\/\\\/usa-b2.com\\\/sv\\\/usa\\\/\"},{\"@type\":\"ListItem\",\"position\":2,\"name\":\"Route 66 (Moderv\u00e4gen): Den mytomspunna roadtripen i USA\"}]},{\"@type\":\"WebSite\",\"@id\":\"https:\\\/\\\/usa-b2.com\\\/sv\\\/#website\",\"url\":\"https:\\\/\\\/usa-b2.com\\\/sv\\\/\",\"name\":\"USA B2 VISA\",\"description\":\"\",\"potentialAction\":[{\"@type\":\"SearchAction\",\"target\":{\"@type\":\"EntryPoint\",\"urlTemplate\":\"https:\\\/\\\/usa-b2.com\\\/sv\\\/?s={search_term_string}\"},\"query-input\":{\"@type\":\"PropertyValueSpecification\",\"valueRequired\":true,\"valueName\":\"search_term_string\"}}],\"inLanguage\":\"sv-SE\"}]}<\/script>\n<!-- \/ Yoast SEO plugin. -->","yoast_head_json":{"title":"Route 66 (Moderv\u00e4gen): Den mytomspunna roadtripen i USA - USA B2","description":"Res p\u00e5 den legendariska Route 66: resv\u00e4g, landskap, hotell, fotoplatser och aktiviteter som du m\u00e5ste g\u00f6ra f\u00f6r en of\u00f6rgl\u00f6mlig roadtrip!","robots":{"index":"index","follow":"follow","max-snippet":"max-snippet:-1","max-image-preview":"max-image-preview:large","max-video-preview":"max-video-preview:-1"},"canonical":"https:\/\/usa-b2.com\/sv\/route-66-the-mother-road\/","og_locale":"sv_SE","og_type":"article","og_title":"Route 66 (Moderv\u00e4gen): Den mytomspunna roadtripen i USA - USA B2","og_description":"Res p\u00e5 den legendariska Route 66: resv\u00e4g, landskap, hotell, fotoplatser och aktiviteter som du m\u00e5ste g\u00f6ra f\u00f6r en of\u00f6rgl\u00f6mlig roadtrip!","og_url":"https:\/\/usa-b2.com\/sv\/route-66-the-mother-road\/","og_site_name":"USA B2","article_modified_time":"2025-10-16T08:18:18+00:00","og_image":[{"width":2560,"height":1440,"url":"https:\/\/usa-b2.com\/wp-content\/uploads\/2025\/03\/Roadtrip-Route-66-scaled.jpg","type":"image\/jpeg"}],"twitter_card":"summary_large_image","twitter_misc":{"Ber\u00e4knad l\u00e4stid":"4 minuter"},"schema":{"@context":"https:\/\/schema.org","@graph":[{"@type":"WebPage","@id":"https:\/\/usa-b2.com\/sv\/route-66-the-mother-road\/","url":"https:\/\/usa-b2.com\/sv\/route-66-the-mother-road\/","name":"Route 66 (Moderv\u00e4gen): Den mytomspunna roadtripen i USA - USA B2","isPartOf":{"@id":"https:\/\/usa-b2.com\/sv\/#website"},"primaryImageOfPage":{"@id":"https:\/\/usa-b2.com\/sv\/route-66-the-mother-road\/#primaryimage"},"image":{"@id":"https:\/\/usa-b2.com\/sv\/route-66-the-mother-road\/#primaryimage"},"thumbnailUrl":"https:\/\/usa-b2.com\/wp-content\/uploads\/2025\/03\/Roadtrip-Route-66-1024x576.jpg","datePublished":"2025-03-18T12:31:27+00:00","dateModified":"2025-10-16T08:18:18+00:00","description":"Res p\u00e5 den legendariska Route 66: resv\u00e4g, landskap, hotell, fotoplatser och aktiviteter som du m\u00e5ste g\u00f6ra f\u00f6r en of\u00f6rgl\u00f6mlig roadtrip!","breadcrumb":{"@id":"https:\/\/usa-b2.com\/sv\/route-66-the-mother-road\/#breadcrumb"},"inLanguage":"sv-SE","potentialAction":[{"@type":"ReadAction","target":["https:\/\/usa-b2.com\/sv\/route-66-the-mother-road\/"]}]},{"@type":"ImageObject","inLanguage":"sv-SE","@id":"https:\/\/usa-b2.com\/sv\/route-66-the-mother-road\/#primaryimage","url":"https:\/\/usa-b2.com\/wp-content\/uploads\/2025\/03\/Roadtrip-Route-66-1024x576.jpg","contentUrl":"https:\/\/usa-b2.com\/wp-content\/uploads\/2025\/03\/Roadtrip-Route-66-1024x576.jpg"},{"@type":"BreadcrumbList","@id":"https:\/\/usa-b2.com\/sv\/route-66-the-mother-road\/#breadcrumb","itemListElement":[{"@type":"ListItem","position":1,"name":"Accueil","item":"https:\/\/usa-b2.com\/sv\/usa\/"},{"@type":"ListItem","position":2,"name":"Route 66 (Moderv\u00e4gen): Den mytomspunna roadtripen i USA"}]},{"@type":"WebSite","@id":"https:\/\/usa-b2.com\/sv\/#website","url":"https:\/\/usa-b2.com\/sv\/","name":"USA B2 VISA","description":"","potentialAction":[{"@type":"SearchAction","target":{"@type":"EntryPoint","urlTemplate":"https:\/\/usa-b2.com\/sv\/?s={search_term_string}"},"query-input":{"@type":"PropertyValueSpecification","valueRequired":true,"valueName":"search_term_string"}}],"inLanguage":"sv-SE"}]}},"_links":{"self":[{"href":"https:\/\/usa-b2.com\/sv\/wp-json\/wp\/v2\/pages\/8516","targetHints":{"allow":["GET"]}}],"collection":[{"href":"https:\/\/usa-b2.com\/sv\/wp-json\/wp\/v2\/pages"}],"about":[{"href":"https:\/\/usa-b2.com\/sv\/wp-json\/wp\/v2\/types\/page"}],"author":[{"embeddable":true,"href":"https:\/\/usa-b2.com\/sv\/wp-json\/wp\/v2\/users\/1"}],"replies":[{"embeddable":true,"href":"https:\/\/usa-b2.com\/sv\/wp-json\/wp\/v2\/comments?post=8516"}],"version-history":[{"count":4,"href":"https:\/\/usa-b2.com\/sv\/wp-json\/wp\/v2\/pages\/8516\/revisions"}],"predecessor-version":[{"id":10606,"href":"https:\/\/usa-b2.com\/sv\/wp-json\/wp\/v2\/pages\/8516\/revisions\/10606"}],"wp:attachment":[{"href":"https:\/\/usa-b2.com\/sv\/wp-json\/wp\/v2\/media?parent=8516"}],"curies":[{"name":"wp","href":"https:\/\/api.w.org\/{rel}","templated":true}]}}