{"id":8511,"date":"2025-03-18T12:35:33","date_gmt":"2025-03-18T12:35:33","guid":{"rendered":"https:\/\/usa-b2.com\/ozarks-scenic-byway-missouri\/"},"modified":"2025-04-10T17:33:37","modified_gmt":"2025-04-10T17:33:37","slug":"ozarks-scenic-byway-missouri","status":"publish","type":"page","link":"https:\/\/usa-b2.com\/sv\/ozarks-scenic-byway-missouri\/","title":{"rendered":"Ozarks Scenic Byway (Missouri): Den viktigaste rutten f\u00f6r ett \u00e4ventyr i hj\u00e4rtat av Ozarksdonne"},"content":{"rendered":"\n<h1 class=\"wp-block-heading\">Ozarks Scenic Byway v\u00e4gresa: komplett guide<\/h1>\n\n<p><a href=\"https:\/\/www.ozarkrun.org\/\">Ozarks Scenic Byway<\/a> \u00e4r en natursk\u00f6n v\u00e4g genom hj\u00e4rtat av <a href=\"https:\/\/www.mo.gov\/\">Missouri<\/a>, som passerar genom hisnande landskap med berg, skogar och kristallklara floder. Den h\u00e4r <a href=\"https:\/\/usa-b2.com\/sv\/\">amerikanska roadtripen<\/a> \u00e4r k\u00e4nd f\u00f6r sina nationalparker, spektakul\u00e4ra vyer och stopp som m\u00e5ste ses, och \u00e4r perfekt f\u00f6r en uppslukande flykt in i naturen. Oavsett om du reser som ett par eller som en familj har den h\u00e4r resv\u00e4gen n\u00e5gra of\u00f6rgl\u00f6mliga uppt\u00e4ckter i beredskap f\u00f6r dig. I den h\u00e4r artikeln hittar du allt du beh\u00f6ver veta f\u00f6r att planera din resa p\u00e5 Ozarks Scenic Byway: platser du m\u00e5ste se, de b\u00e4sta fotoplatserna, boende och aktiviteter som passar alla.   <\/p>\n\n<figure class=\"wp-block-image size-full\"><img fetchpriority=\"high\" decoding=\"async\" width=\"900\" height=\"506\" src=\"https:\/\/usa-b2.com\/wp-content\/uploads\/2025\/03\/Ozarks-Scenic-Byway-Missouri-USA.jpg\" alt=\"\" class=\"wp-image-8415\" srcset=\"https:\/\/usa-b2.com\/wp-content\/uploads\/2025\/03\/Ozarks-Scenic-Byway-Missouri-USA.jpg 900w, https:\/\/usa-b2.com\/wp-content\/uploads\/2025\/03\/Ozarks-Scenic-Byway-Missouri-USA-300x169.jpg 300w, https:\/\/usa-b2.com\/wp-content\/uploads\/2025\/03\/Ozarks-Scenic-Byway-Missouri-USA-768x432.jpg 768w\" sizes=\"(max-width: 900px) 100vw, 900px\" \/><\/figure>\n\n<h2 class=\"wp-block-heading\">M\u00e5ste-sev\u00e4rdheter p\u00e5 Ozarks Scenic Byway: Nationalparker och anm\u00e4rkningsv\u00e4rda landskap<\/h2>\n\n<h3 class=\"wp-block-heading\">Nationalparker att uppt\u00e4cka<\/h3>\n\n<p><a href=\"https:\/\/www.fs.usda.gov\/mtnf\">Mark Twain National Forest<\/a> \u00e4r ett viktigt stopp p\u00e5 Ozarks Scenic Byway. Med \u00f6ver 6.000 km\u00b2 or\u00f6rd natur erbjuder denna nationalpark en m\u00e4ngd vandringsleder, sj\u00f6ar och floder som \u00e4r perfekta f\u00f6r utomhusaktiviteter. Natur\u00e4lskare kommer s\u00e4rskilt att uppskatta Glade Top Trail, en panoramav\u00e4g med spektakul\u00e4r utsikt \u00f6ver Ozarks-kullarna.  <\/p>\n\n<ol class=\"wp-block-list\">\n<li><\/li>\n<\/ol>\n\n<p>En annan plats som du inte f\u00e5r missa \u00e4r <a href=\"https:\/\/mostateparks.com\/park\/ha-ha-tonka-state-park\">Ha Ha Tonka State Park<\/a>, k\u00e4nd f\u00f6r sina historiska slottsruiner och imponerande klippformationer. Lederna erbjuder hisnande utsikt \u00f6ver Lake of the Ozarks. <\/p>\n\n<h3 class=\"wp-block-heading\">Sev\u00e4rda utsiktsplatser och h\u00e5llplatser<\/h3>\n\n<p><a href=\"https:\/\/www.fs.usda.gov\/recarea\/mtnf\/recarea\/?recid=21752\">Devil&#8217;s Backbone Wilderness<\/a> \u00e4r en av de mest imponerande utsiktspunkterna l\u00e4ngs rutten. Detta skyddade naturomr\u00e5de \u00e4r perfekt f\u00f6r att observera vilda djur, inklusive hjortar och vith\u00f6vdade havs\u00f6rnar. <\/p>\n\n<p>Halvv\u00e4gs l\u00e4ngs rutten stannar du till vid Big Spring, en av de st\u00f6rsta naturliga k\u00e4llorna i USA, d\u00e4r mer \u00e4n 300 miljoner liter vatten forsar ut varje dag. Den h\u00e4r platsen \u00e4r perfekt f\u00f6r en picknickpaus mitt i naturen. <\/p>\n\n<h2 class=\"wp-block-heading\">Var ska man bo p\u00e5 Ozarks Scenic Byway? B\u00e4sta st\u00e4derna och boendet <\/h2>\n\n<h3 class=\"wp-block-heading\">St\u00e4der att stanna till i<\/h3>\n\n<p>Det finns flera st\u00e4der l\u00e4ngs Ozarks Scenic Byway som erbjuder olika boendealternativ. Branson \u00e4r ett av de mest popul\u00e4ra stoppen, med sina m\u00e5nga hotell, v\u00e4rdshus och stugor vid sj\u00f6n. Det \u00e4r ocks\u00e5 en livlig destination med livemusik och turistattraktioner.  <\/p>\n\n<ol start=\"2\" class=\"wp-block-list\">\n<li><\/li>\n<\/ol>\n\n<p>Ett annat alternativ \u00e4r Eminence, en charmig liten stad vid stranden av <a href=\"https:\/\/www.current-river.com\/\">Current River<\/a>, perfekt f\u00f6r dem som \u00e4lskar natur och lugn. H\u00e4r finns m\u00e5nga autentiska lodger i tr\u00e4 och bed &amp; breakfast. <\/p>\n\n<h3 class=\"wp-block-heading\">Det b\u00e4sta boendet f\u00f6r en lyckad vistelse<\/h3>\n\n<p>H\u00e4r \u00e4r en tabell \u00f6ver de b\u00e4sta typerna av boende f\u00f6r din resestil:<\/p>\n\n<figure class=\"wp-block-table\"><table class=\"has-fixed-layout\"><tbody><tr><td><strong>Typ av boende<\/strong><\/td><td><strong>Plats<\/strong><\/td><td><strong>Idealisk f\u00f6r<\/strong><\/td><td><strong>Genomsnittligt pris\/natt<\/strong><\/td><\/tr><tr><td>Charmigt hotell<\/td><td><a href=\"https:\/\/bransonmo.gov\/\">Branson<\/a><\/td><td>Komfort och tj\u00e4nster<\/td><td>120 $<\/td><\/tr><tr><td>Lodge i skogen<\/td><td><a href=\"https:\/\/www.eminencecottagescamp.com\/accommodations\/cottages-cabins-lodge.html\">Eminens<\/a><\/td><td>F\u00f6rdjupning i naturen<\/td><td>80 $<\/td><\/tr><tr><td>Campingplats<\/td><td>Mark Twain National Forest<\/td><td>\u00c4ventyrare<\/td><td>30 $<\/td><\/tr><tr><td>Airbnb vid sj\u00f6n<\/td><td><a href=\"https:\/\/funlake.com\/\">Lake of the Ozarks<\/a><\/td><td>Vistelser f\u00f6r par eller familjer<\/td><td>150 $<\/td><\/tr><\/tbody><\/table><\/figure>\n\n<h2 class=\"wp-block-heading\">Detaljerad resplan f\u00f6r Ozarks Scenic Byway<\/h2>\n\n<h3 class=\"wp-block-heading\">Startpunkten och det f\u00f6rsta avsnittet<\/h3>\n\n<p>Rutten b\u00f6rjar i allm\u00e4nhet i Springfield, d\u00e4r du enkelt kan hyra en bil f\u00f6r att t\u00e4cka rutten. Ta Highway 65 South till Branson, en stad som markerar b\u00f6rjan p\u00e5 Ozarks karakt\u00e4ristiska b\u00f6ljande landskap. <\/p>\n\n<ol start=\"3\" class=\"wp-block-list\">\n<li><\/li>\n<\/ol>\n\n<p>Forts\u00e4tt p\u00e5 Highway 160, som slingrar sig genom t\u00e4ta skogar och l\u00e4ngs slingrande floder. Ta en paus vid <a href=\"https:\/\/www.bullshoals.com\/\">Bull Shoals Lake<\/a>, en idealisk plats f\u00f6r att se soluppg\u00e5ngen \u00f6ver det lugna vattnet. <\/p>\n\n<h3 class=\"wp-block-heading\">Korsning av Ozarks och slutet p\u00e5 rutten<\/h3>\n\n<p>V\u00e4gen forts\u00e4tter \u00f6sterut och passerar <a href=\"https:\/\/www.mostateparks.com\/park\/current-river-state-park\">Current River State Park<\/a>, ett m\u00e5ste f\u00f6r en vandring eller ett uppfriskande dopp. Slutligen avslutas resan i Van Buren, en pittoresk stad i utkanten av Big Spring State Park. <\/p>\n\n<h2 class=\"wp-block-heading\">Instagrammbara fotoplatser som du inte f\u00e5r missa<\/h2>\n\n<h3 class=\"wp-block-heading\">De mest fotogeniska landskapen<\/h3>\n\n<p>Scenic Overlook p\u00e5 Glade Top Trail \u00e4r en av de mest popul\u00e4ra platserna f\u00f6r fotografer. Med oavbruten utsikt \u00f6ver de skogskl\u00e4dda dalarna i Ozarks \u00e4r det den perfekta platsen f\u00f6r att f\u00e5nga en of\u00f6rgl\u00f6mlig solnedg\u00e5ng. <\/p>\n\n<p>Ett annat m\u00e5ste \u00e4r ruinerna av Ha Ha Tonka-slottet, som erbjuder en unik och mystisk milj\u00f6 med utsikt \u00f6ver sj\u00f6n.<\/p>\n\n<h3 class=\"wp-block-heading\">De b\u00e4sta platserna f\u00f6r bilder vid vattnet<\/h3>\n\n<p>Lake of the Ozarks \u00e4r den perfekta bakgrunden f\u00f6r bilder fr\u00e5n vattnet, s\u00e4rskilt fr\u00e5n Bridal Cave, en pittoresk grotta som \u00e4r upplyst av naturliga och artificiella ljus.<\/p>\n\n<h2 class=\"wp-block-heading\">Vad kan man g\u00f6ra som ett par p\u00e5 Ozarks Scenic Byway?<\/h2>\n\n<h3 class=\"wp-block-heading\">Romantiska upplevelser<\/h3>\n\n<p>En middagskryssning p\u00e5 Lake of the Ozarks \u00e4r det perfekta alternativet f\u00f6r en romantisk stund. Flera f\u00f6retag erbjuder kryssningar med gourmetm\u00e5ltider och en bakgrund av solnedg\u00e5ngen. <\/p>\n\n<h3 class=\"wp-block-heading\">Aktiviteter f\u00f6r att koppla av tillsammans<\/h3>\n\n<p>De varma k\u00e4llorna i Big Spring \u00e4r en idealisk plats att koppla av p\u00e5 efter en dag p\u00e5 v\u00e4garna. Njut av en stunds v\u00e4lbefinnande i det naturligt varma vattnet. <\/p>\n\n<h2 class=\"wp-block-heading\">Vad kan familjen g\u00f6ra p\u00e5 Ozarks Scenic Byway?<\/h2>\n\n<h3 class=\"wp-block-heading\">Aktiviteter f\u00f6r unga och gamla<\/h3>\n\n<p><a href=\"https:\/\/www.silverdollarcity.com\/\">Silver Dollar City<\/a>, en n\u00f6jespark i Branson, \u00e4r ett perfekt stopp f\u00f6r familjer. H\u00e4r finns berg- och dalbanor, interaktiva shower och hantverksverkst\u00e4der. <\/p>\n\n<h3 class=\"wp-block-heading\">Utbildnings- och naturuppt\u00e4ckter<\/h3>\n\n<p><a href=\"https:\/\/www.monatsci.org\/\">Missouri Institute of Natural Science<\/a> i <a href=\"https:\/\/www.springfieldmo.gov\/\">Springfield<\/a> \u00e4r ett fascinerande museum med fossiler, \u00e4delstenar och interaktiva utst\u00e4llningar om regionens naturhistoria.<br\/><\/p>\n\n<p>Ozarks Scenic Byway \u00e4r den perfekta destinationen f\u00f6r ett uppslukande Missouri-\u00e4ventyr, oavsett om du reser som ett par eller en familj. Med sina of\u00f6rst\u00f6rda nationalparker, charmiga boenden, spektakul\u00e4ra fotom\u00f6jligheter och massor av aktiviteter som passar alla, lovar den h\u00e4r rutten en of\u00f6rgl\u00f6mlig upplevelse. Planera din resv\u00e4g, boka ditt boende och ge dig iv\u00e4g f\u00f6r att uppt\u00e4cka de magnifika landskapen i Ozarks!  <\/p>\n","protected":false},"excerpt":{"rendered":"<p>Ozarks Scenic Byway v\u00e4gresa: komplett guide Ozarks Scenic Byway \u00e4r en natursk\u00f6n v\u00e4g genom hj\u00e4rtat av Missouri, som passerar genom hisnande landskap med berg, skogar och kristallklara floder. Den h\u00e4r amerikanska roadtripen \u00e4r k\u00e4nd f\u00f6r sina nationalparker, spektakul\u00e4ra vyer och stopp som m\u00e5ste ses, och \u00e4r perfekt f\u00f6r en uppslukande flykt in i naturen. Oavsett [&hellip;]<\/p>\n","protected":false},"author":1,"featured_media":0,"parent":0,"menu_order":0,"comment_status":"closed","ping_status":"closed","template":"","meta":{"footnotes":""},"class_list":["post-8511","page","type-page","status-publish","hentry"],"yoast_head":"<!-- This site is optimized with the Yoast SEO plugin v27.4 - https:\/\/yoast.com\/product\/yoast-seo-wordpress\/ -->\n<title>Ozarks Scenic Byway (Missouri): Den viktigaste rutten f\u00f6r ett \u00e4ventyr i hj\u00e4rtat av Ozarksdonne - USA B2<\/title>\n<meta name=\"description\" content=\"Uppt\u00e4ck Ozarks Scenic Byway i Missouri: resv\u00e4g, nationalparker, boende, fotoplatser och aktiviteter f\u00f6r en lyckad roadtrip!\" \/>\n<meta name=\"robots\" content=\"index, follow, max-snippet:-1, max-image-preview:large, max-video-preview:-1\" \/>\n<link rel=\"canonical\" href=\"https:\/\/usa-b2.com\/sv\/ozarks-scenic-byway-missouri\/\" \/>\n<meta property=\"og:locale\" content=\"sv_SE\" \/>\n<meta property=\"og:type\" content=\"article\" \/>\n<meta property=\"og:title\" content=\"Ozarks Scenic Byway (Missouri): Den viktigaste rutten f\u00f6r ett \u00e4ventyr i hj\u00e4rtat av Ozarksdonne - USA B2\" \/>\n<meta property=\"og:description\" content=\"Uppt\u00e4ck Ozarks Scenic Byway i Missouri: resv\u00e4g, nationalparker, boende, fotoplatser och aktiviteter f\u00f6r en lyckad roadtrip!\" \/>\n<meta property=\"og:url\" content=\"https:\/\/usa-b2.com\/sv\/ozarks-scenic-byway-missouri\/\" \/>\n<meta property=\"og:site_name\" content=\"USA B2\" \/>\n<meta property=\"article:modified_time\" content=\"2025-04-10T17:33:37+00:00\" \/>\n<meta property=\"og:image\" content=\"https:\/\/usa-b2.com\/wp-content\/uploads\/2025\/03\/Ozarks-Scenic-Byway-Missouri-USA.jpg\" \/>\n\t<meta property=\"og:image:width\" content=\"900\" \/>\n\t<meta property=\"og:image:height\" content=\"506\" \/>\n\t<meta property=\"og:image:type\" content=\"image\/jpeg\" \/>\n<meta name=\"twitter:card\" content=\"summary_large_image\" \/>\n<meta name=\"twitter:label1\" content=\"Ber\u00e4knad l\u00e4stid\" \/>\n\t<meta name=\"twitter:data1\" content=\"5 minuter\" \/>\n<script type=\"application\/ld+json\" class=\"yoast-schema-graph\">{\"@context\":\"https:\\\/\\\/schema.org\",\"@graph\":[{\"@type\":\"WebPage\",\"@id\":\"https:\\\/\\\/usa-b2.com\\\/sv\\\/ozarks-scenic-byway-missouri\\\/\",\"url\":\"https:\\\/\\\/usa-b2.com\\\/sv\\\/ozarks-scenic-byway-missouri\\\/\",\"name\":\"Ozarks Scenic Byway (Missouri): Den viktigaste rutten f\u00f6r ett \u00e4ventyr i hj\u00e4rtat av Ozarksdonne - USA B2\",\"isPartOf\":{\"@id\":\"https:\\\/\\\/usa-b2.com\\\/sv\\\/#website\"},\"primaryImageOfPage\":{\"@id\":\"https:\\\/\\\/usa-b2.com\\\/sv\\\/ozarks-scenic-byway-missouri\\\/#primaryimage\"},\"image\":{\"@id\":\"https:\\\/\\\/usa-b2.com\\\/sv\\\/ozarks-scenic-byway-missouri\\\/#primaryimage\"},\"thumbnailUrl\":\"https:\\\/\\\/usa-b2.com\\\/wp-content\\\/uploads\\\/2025\\\/03\\\/Ozarks-Scenic-Byway-Missouri-USA.jpg\",\"datePublished\":\"2025-03-18T12:35:33+00:00\",\"dateModified\":\"2025-04-10T17:33:37+00:00\",\"description\":\"Uppt\u00e4ck Ozarks Scenic Byway i Missouri: resv\u00e4g, nationalparker, boende, fotoplatser och aktiviteter f\u00f6r en lyckad roadtrip!\",\"breadcrumb\":{\"@id\":\"https:\\\/\\\/usa-b2.com\\\/sv\\\/ozarks-scenic-byway-missouri\\\/#breadcrumb\"},\"inLanguage\":\"sv-SE\",\"potentialAction\":[{\"@type\":\"ReadAction\",\"target\":[\"https:\\\/\\\/usa-b2.com\\\/sv\\\/ozarks-scenic-byway-missouri\\\/\"]}]},{\"@type\":\"ImageObject\",\"inLanguage\":\"sv-SE\",\"@id\":\"https:\\\/\\\/usa-b2.com\\\/sv\\\/ozarks-scenic-byway-missouri\\\/#primaryimage\",\"url\":\"https:\\\/\\\/usa-b2.com\\\/wp-content\\\/uploads\\\/2025\\\/03\\\/Ozarks-Scenic-Byway-Missouri-USA.jpg\",\"contentUrl\":\"https:\\\/\\\/usa-b2.com\\\/wp-content\\\/uploads\\\/2025\\\/03\\\/Ozarks-Scenic-Byway-Missouri-USA.jpg\"},{\"@type\":\"BreadcrumbList\",\"@id\":\"https:\\\/\\\/usa-b2.com\\\/sv\\\/ozarks-scenic-byway-missouri\\\/#breadcrumb\",\"itemListElement\":[{\"@type\":\"ListItem\",\"position\":1,\"name\":\"Accueil\",\"item\":\"https:\\\/\\\/usa-b2.com\\\/sv\\\/usa\\\/\"},{\"@type\":\"ListItem\",\"position\":2,\"name\":\"Ozarks Scenic Byway (Missouri): Den viktigaste rutten f\u00f6r ett \u00e4ventyr i hj\u00e4rtat av Ozarksdonne\"}]},{\"@type\":\"WebSite\",\"@id\":\"https:\\\/\\\/usa-b2.com\\\/sv\\\/#website\",\"url\":\"https:\\\/\\\/usa-b2.com\\\/sv\\\/\",\"name\":\"USA B2 VISA\",\"description\":\"\",\"potentialAction\":[{\"@type\":\"SearchAction\",\"target\":{\"@type\":\"EntryPoint\",\"urlTemplate\":\"https:\\\/\\\/usa-b2.com\\\/sv\\\/?s={search_term_string}\"},\"query-input\":{\"@type\":\"PropertyValueSpecification\",\"valueRequired\":true,\"valueName\":\"search_term_string\"}}],\"inLanguage\":\"sv-SE\"}]}<\/script>\n<!-- \/ Yoast SEO plugin. -->","yoast_head_json":{"title":"Ozarks Scenic Byway (Missouri): Den viktigaste rutten f\u00f6r ett \u00e4ventyr i hj\u00e4rtat av Ozarksdonne - USA B2","description":"Uppt\u00e4ck Ozarks Scenic Byway i Missouri: resv\u00e4g, nationalparker, boende, fotoplatser och aktiviteter f\u00f6r en lyckad roadtrip!","robots":{"index":"index","follow":"follow","max-snippet":"max-snippet:-1","max-image-preview":"max-image-preview:large","max-video-preview":"max-video-preview:-1"},"canonical":"https:\/\/usa-b2.com\/sv\/ozarks-scenic-byway-missouri\/","og_locale":"sv_SE","og_type":"article","og_title":"Ozarks Scenic Byway (Missouri): Den viktigaste rutten f\u00f6r ett \u00e4ventyr i hj\u00e4rtat av Ozarksdonne - USA B2","og_description":"Uppt\u00e4ck Ozarks Scenic Byway i Missouri: resv\u00e4g, nationalparker, boende, fotoplatser och aktiviteter f\u00f6r en lyckad roadtrip!","og_url":"https:\/\/usa-b2.com\/sv\/ozarks-scenic-byway-missouri\/","og_site_name":"USA B2","article_modified_time":"2025-04-10T17:33:37+00:00","og_image":[{"width":900,"height":506,"url":"https:\/\/usa-b2.com\/wp-content\/uploads\/2025\/03\/Ozarks-Scenic-Byway-Missouri-USA.jpg","type":"image\/jpeg"}],"twitter_card":"summary_large_image","twitter_misc":{"Ber\u00e4knad l\u00e4stid":"5 minuter"},"schema":{"@context":"https:\/\/schema.org","@graph":[{"@type":"WebPage","@id":"https:\/\/usa-b2.com\/sv\/ozarks-scenic-byway-missouri\/","url":"https:\/\/usa-b2.com\/sv\/ozarks-scenic-byway-missouri\/","name":"Ozarks Scenic Byway (Missouri): Den viktigaste rutten f\u00f6r ett \u00e4ventyr i hj\u00e4rtat av Ozarksdonne - USA B2","isPartOf":{"@id":"https:\/\/usa-b2.com\/sv\/#website"},"primaryImageOfPage":{"@id":"https:\/\/usa-b2.com\/sv\/ozarks-scenic-byway-missouri\/#primaryimage"},"image":{"@id":"https:\/\/usa-b2.com\/sv\/ozarks-scenic-byway-missouri\/#primaryimage"},"thumbnailUrl":"https:\/\/usa-b2.com\/wp-content\/uploads\/2025\/03\/Ozarks-Scenic-Byway-Missouri-USA.jpg","datePublished":"2025-03-18T12:35:33+00:00","dateModified":"2025-04-10T17:33:37+00:00","description":"Uppt\u00e4ck Ozarks Scenic Byway i Missouri: resv\u00e4g, nationalparker, boende, fotoplatser och aktiviteter f\u00f6r en lyckad roadtrip!","breadcrumb":{"@id":"https:\/\/usa-b2.com\/sv\/ozarks-scenic-byway-missouri\/#breadcrumb"},"inLanguage":"sv-SE","potentialAction":[{"@type":"ReadAction","target":["https:\/\/usa-b2.com\/sv\/ozarks-scenic-byway-missouri\/"]}]},{"@type":"ImageObject","inLanguage":"sv-SE","@id":"https:\/\/usa-b2.com\/sv\/ozarks-scenic-byway-missouri\/#primaryimage","url":"https:\/\/usa-b2.com\/wp-content\/uploads\/2025\/03\/Ozarks-Scenic-Byway-Missouri-USA.jpg","contentUrl":"https:\/\/usa-b2.com\/wp-content\/uploads\/2025\/03\/Ozarks-Scenic-Byway-Missouri-USA.jpg"},{"@type":"BreadcrumbList","@id":"https:\/\/usa-b2.com\/sv\/ozarks-scenic-byway-missouri\/#breadcrumb","itemListElement":[{"@type":"ListItem","position":1,"name":"Accueil","item":"https:\/\/usa-b2.com\/sv\/usa\/"},{"@type":"ListItem","position":2,"name":"Ozarks Scenic Byway (Missouri): Den viktigaste rutten f\u00f6r ett \u00e4ventyr i hj\u00e4rtat av Ozarksdonne"}]},{"@type":"WebSite","@id":"https:\/\/usa-b2.com\/sv\/#website","url":"https:\/\/usa-b2.com\/sv\/","name":"USA B2 VISA","description":"","potentialAction":[{"@type":"SearchAction","target":{"@type":"EntryPoint","urlTemplate":"https:\/\/usa-b2.com\/sv\/?s={search_term_string}"},"query-input":{"@type":"PropertyValueSpecification","valueRequired":true,"valueName":"search_term_string"}}],"inLanguage":"sv-SE"}]}},"_links":{"self":[{"href":"https:\/\/usa-b2.com\/sv\/wp-json\/wp\/v2\/pages\/8511","targetHints":{"allow":["GET"]}}],"collection":[{"href":"https:\/\/usa-b2.com\/sv\/wp-json\/wp\/v2\/pages"}],"about":[{"href":"https:\/\/usa-b2.com\/sv\/wp-json\/wp\/v2\/types\/page"}],"author":[{"embeddable":true,"href":"https:\/\/usa-b2.com\/sv\/wp-json\/wp\/v2\/users\/1"}],"replies":[{"embeddable":true,"href":"https:\/\/usa-b2.com\/sv\/wp-json\/wp\/v2\/comments?post=8511"}],"version-history":[{"count":0,"href":"https:\/\/usa-b2.com\/sv\/wp-json\/wp\/v2\/pages\/8511\/revisions"}],"wp:attachment":[{"href":"https:\/\/usa-b2.com\/sv\/wp-json\/wp\/v2\/media?parent=8511"}],"curies":[{"name":"wp","href":"https:\/\/api.w.org\/{rel}","templated":true}]}}