{"id":8231,"date":"2025-03-17T13:14:29","date_gmt":"2025-03-17T13:14:29","guid":{"rendered":"https:\/\/usa-b2.com\/sydvast-vag-tur-forenta-staterna\/"},"modified":"2025-11-04T15:38:23","modified_gmt":"2025-11-04T15:38:23","slug":"sydvast-vag-tur-forenta-staterna","status":"publish","type":"page","link":"https:\/\/usa-b2.com\/sv\/sydvast-vag-tur-forenta-staterna\/","title":{"rendered":"Roadtrip i sydv\u00e4stra USA"},"content":{"rendered":"\n<h1 class=\"wp-block-heading\">Sydv\u00e4stra USA med bil: guide till den perfekta roadtripen<\/h1>\n\n<h2 class=\"wp-block-heading\">Resplan f\u00f6r Grand Circle Road Trip  <\/h2>\n\n<figure class=\"wp-block-image size-large\"><img fetchpriority=\"high\" decoding=\"async\" width=\"1024\" height=\"576\" src=\"https:\/\/usa-b2.com\/wp-content\/uploads\/2025\/03\/Grand-circle-road-trip-1024x576.jpg\" alt=\"\" class=\"wp-image-8187\" srcset=\"https:\/\/usa-b2.com\/wp-content\/uploads\/2025\/03\/Grand-circle-road-trip-1024x576.jpg 1024w, https:\/\/usa-b2.com\/wp-content\/uploads\/2025\/03\/Grand-circle-road-trip-300x169.jpg 300w, https:\/\/usa-b2.com\/wp-content\/uploads\/2025\/03\/Grand-circle-road-trip-768x432.jpg 768w, https:\/\/usa-b2.com\/wp-content\/uploads\/2025\/03\/Grand-circle-road-trip.jpg 1280w\" sizes=\"(max-width: 1024px) 100vw, 1024px\" \/><\/figure>\n\n<h3 class=\"wp-block-heading\">Avresa och f\u00f6rsta etapp: Las Vegas<\/h3>\n\n<p><a href=\"https:\/\/www.lasvegasnevada.gov\/\">Las Vegas<\/a> \u00e4r den perfekta utg\u00e5ngspunkten f\u00f6r en roadtrip genom den amerikanska sydv\u00e4stern. Den internationella flygplatsen hanterar ett stort antal flygningar och erbjuder ett brett urval av biluthyrningar. Innan du ger dig ut p\u00e5 v\u00e4garna \u00e4r det v\u00e4l v\u00e4rt att tillbringa en kv\u00e4ll med att utforska The Strip, de legendariska hotellkasinona som <a href=\"https:\/\/bellagio.mgmresorts.com\/en.html\">Bellagio<\/a> och dess ber\u00f6mda font\u00e4nshow eller <a href=\"https:\/\/vegasexperience.com\/\">Fremont Street Experience<\/a> f\u00f6r en lysande inlevelse i Vegas atmosf\u00e4r.<\/p>\n\n<p>N\u00e4sta dag \u00e5ker du till <a href=\"https:\/\/www.grandcanyon.org\/experience-grand-canyon\">Grand Canyon<\/a> via <a href=\"https:\/\/usa-b2.com\/sv\/route-66-the-mother-road\/\">Route 66<\/a> och passerar Seligman, en ikonisk stad f\u00f6r en vintagepaus och en typisk hamburgare.<\/p>\n\n<h3 class=\"wp-block-heading\">Grand Canyon &amp; Monument Valley (Dag 2-4)<\/h3>\n\n<p>Grand Canyon \u00e4r en av de mest bes\u00f6kta natursev\u00e4rdheterna i v\u00e4rlden. F\u00f6r den b\u00e4sta upplevelsen, v\u00e4lj South Rim, som erbjuder en otrolig utsikt \u00f6ver kanjonen. Bland de b\u00e4sta platserna:  <\/p>\n\n<ul class=\"wp-block-list\">\n<li><strong>Mather Point<\/strong>: Perfekt f\u00f6r en spektakul\u00e4r soluppg\u00e5ng.<\/li>\n\n\n\n<li><strong>Desert View Watchtower<\/strong>: Ett utsiktstorn med panoramautsikt.<\/li>\n<\/ul>\n\n<p>Efter att ha utforskat kanjonen kan du bege dig till <a href=\"https:\/\/horseshoebend.co\/\">Horseshoe Bend<\/a>, en spektakul\u00e4r slinga av Colorado. Slutligen tar <a href=\"https:\/\/navajonationparks.org\/navajo-tribal-parks\/monument-valley\/\">Monument Valley<\/a> dig tillbaka till platsen f\u00f6r legendariska v\u00e4sternfilmer, med en 4&#215;4-utflykt guidad av <a href=\"https:\/\/www.navajo-nsn.gov\/\">Navajos<\/a>.<\/p>\n\n<h3 class=\"wp-block-heading\">Antelope Canyon &amp; Bryce Canyon (Dag 5-7)<\/h3>\n\n<p><a href=\"https:\/\/www.antelopecanyontickets.com\/\">Antelope Canyon<\/a> \u00e4r en kanjon som skulpterats av vatten och som \u00e4r k\u00e4nd f\u00f6r sitt magiska ljusspel. Denna plats \u00e4r endast tillg\u00e4nglig med en guide och \u00e4r ett m\u00e5ste f\u00f6r fotografer. <\/p>\n\n<p>Sedan b\u00e4r det av till <a href=\"https:\/\/www.nps.gov\/brca\/index.htm\">Bryce Canyon<\/a>, d\u00e4r hoodoos (\u00e4lvskorstenar) bildar en kuliss v\u00e4rdig en annan v\u00e4rld. Om du vill bli helt uppslukad kan du f\u00f6lja <a href=\"https:\/\/navajonationparks.org\/navajo-tribal-parks\/monument-valley\/\">Navajo Loop Trail<\/a> och utforska klippformationerna inifr\u00e5n kanjonen.<\/p>\n\n<h3 class=\"wp-block-heading\">Zion National Park &amp; \u00e5terresa till Las Vegas (Dag 8-10)<\/h3>\n\n<p><a href=\"https:\/\/zionnationalpark.com\/\">Zion National Park<\/a> \u00e4r ett paradis f\u00f6r vandrare. En av de mest popul\u00e4ra lederna, <a href=\"https:\/\/www.angelslandingdtla.com\/\">Angels Landing<\/a>, erbjuder hisnande panoramautsikt. F\u00f6r en mer tillg\u00e4nglig vandring, The Narrows l\u00e5ter dig g\u00e5 i en flod i hj\u00e4rtat av en kanjon.<\/p>\n\n<p>Slutligen \u00e4r det tillbaka till Las Vegas f\u00f6r en sista livlig natt innan roadtripen avslutas.<\/p>\n\n<h2 class=\"wp-block-heading\">Nationalparker och ikoniska landskap att uppt\u00e4cka<\/h2>\n\n<h3 class=\"wp-block-heading\">Oemotst\u00e5ndliga parker<\/h3>\n\n<p>Nationalparkerna i Grand Circle \u00e4r bland de vackraste i USA. Grand Canyon imponerar med sin enorma storlek, medan Bryce Canyon och dess klippformationer utg\u00f6r en magisk bakgrund. I <a href=\"https:\/\/www.recreation.gov\/timed-entry\/10088426\">Arches National Park<\/a> kan bes\u00f6kare beundra mer \u00e4n 2.000 naturliga b\u00e5gar, inklusive <a href=\"https:\/\/delicatearchfilm.com\/\">Delicate Arch<\/a>, Utahs landm\u00e4rke.  <\/p>\n\n<p>Zion \u00e4r en perfekt blandning av h\u00f6ga klippor och slingrande floder. En annan mindre k\u00e4nd p\u00e4rla, Canyonlands, erbjuder m\u00e5nlandskap och absolut lugn och ro. <\/p>\n\n<h3 class=\"wp-block-heading\">Stoppst\u00e4llen som m\u00e5ste ses<\/h3>\n\n<p>Under hela resan finns det flera intressanta platser som \u00e4r v\u00e4rda att stanna till vid:<\/p>\n\n<ul class=\"wp-block-list\">\n<li>Horseshoe Bend: En 270\u00b0 vy \u00f6ver Coloradofloden.<\/li>\n\n\n\n<li>F\u00f6rstenad skog: En unik milj\u00f6 d\u00e4r fossila tr\u00e4d dateras 200 miljoner \u00e5r tillbaka i tiden.<\/li>\n\n\n\n<li>Goosenecks State Park: En spektakul\u00e4r kanjon formad av San Juan River.<\/li>\n<\/ul>\n\n<h2 class=\"wp-block-heading\">Var ska jag sova? Rekommenderade hotell och st\u00e4der <\/h2>\n\n<h3 class=\"wp-block-heading\">St\u00e4der att stanna till i<\/h3>\n\n<p>Valet av st\u00e4der att stanna till i p\u00e5verkar komforten p\u00e5 roadtripen. Las Vegas \u00e4r perfekt f\u00f6r en enkel ankomst och avresa. Page \u00e4r en idealisk mellanlandning f\u00f6r att bes\u00f6ka Horseshoe Bend och Antelope Canyon. Moab, med sina turistfaciliteter, \u00e4r perfekt f\u00f6r att utforska Arches och Canyonlands. Slutligen erbjuder Zion och Bryce Canyon boende i total neds\u00e4nkning i naturen.    <\/p>\n\n<h3 class=\"wp-block-heading\">B\u00e4sta hotellen och alternativen<\/h3>\n\n<p>H\u00e4r \u00e4r n\u00e5gra rekommendationer som passar din budget:<\/p>\n\n<figure class=\"wp-block-table\"><table class=\"has-fixed-layout\"><tbody><tr><td><strong>Plats<\/strong><\/td><td><strong>Rekommenderat hotell<\/strong><\/td><td><strong>Budget<\/strong><\/td><\/tr><tr><td>Las Vegas<\/td><td><a href=\"https:\/\/www.venetianlasvegas.com\/\">The Venetian<\/a><\/td><td>$$$<\/td><\/tr><tr><td>Grand Canyon<\/td><td><a href=\"https:\/\/www.visitgrandcanyon.com\/yavapai-lodge\">Yavapai Lodge<\/a><\/td><td>$$<\/td><\/tr><tr><td>Bryce Canyon<\/td><td><a href=\"https:\/\/www.bestwestern.com\/en_US\/book\/hotel-rooms.45040.html\">Best Western Ruby&#8217;s Inn<\/a><\/td><td>$$<\/td><\/tr><tr><td>Moab<\/td><td><a href=\"https:\/\/www.hilton.com\/en\/hotels\/cnycuqq-hoodoo-moab\/\">Hoodoo Moab av Hilton<\/a><\/td><td>$$$<\/td><\/tr><tr><td>Sion<\/td><td><a href=\"https:\/\/www.zionlodge.com\/\">Zion Lodge<\/a><\/td><td>$$$<\/td><\/tr><\/tbody><\/table><\/figure>\n\n<h2 class=\"wp-block-heading\">Tidigare administrativa formaliteter<\/h2>\n\n<p>Innan du kan bes\u00f6ka sydv\u00e4stra USA med bil m\u00e5ste du f\u00f6regripa reseformaliteterna. Du m\u00e5ste kontrollera att : <\/p>\n\n<ul class=\"wp-block-list\">\n<li>Hennes <a href=\"https:\/\/usa-b2.com\/sv\/passresor-usa\/\">pass \u00e4r giltigt f\u00f6r resor till USA.<\/a> <\/li>\n\n\n\n<li>Du \u00e4r ber\u00e4ttigad att f\u00e5 ett <a href=\"https:\/\/usa-b2.com\/sv\/vad-ar-en-esta\/\">ESTA-resetillst\u00e5nd<\/a> inom ramen f\u00f6r <a href=\"https:\/\/usa-b2.com\/sv\/visa-waiver-program\/\">programmet f\u00f6r viseringsundantag<\/a>. Om inte, m\u00e5ste du skaffa ett <a href=\"https:\/\/usa-b2.com\/sv\/visum-b2\/\">B2-turistvisum<\/a>. <\/li>\n<\/ul>\n\n<div style=\"height:10px\" aria-hidden=\"true\" class=\"wp-block-spacer\"><\/div>\n\n<h2 class=\"wp-block-heading\">  De mest instagrammbara fotoplatserna<\/h2>\n\n<h3 class=\"wp-block-heading\">Ikoniska naturlandskap<\/h3>\n\n<p>N\u00e5gra av platserna p\u00e5 Grand Circle \u00e4r riktiga fotografiska p\u00e4rlor. Horseshoe Bend \u00e4r f\u00f6rmodligen den mest k\u00e4nda platsen, med sin stupande utsikt \u00f6ver Colorado. Antelope Canyon, med sina formationer som skulpterats av vind och vatten, erbjuder ett magiskt ljusspel som \u00e4r perfekt f\u00f6r Instagram.  <\/p>\n\n<h3 class=\"wp-block-heading\">Magiska solnedg\u00e5ngar<\/h3>\n\n<p>Solnedg\u00e5ngen f\u00f6rvandlar landskapet och skapar n\u00e5gra spektakul\u00e4ra bilder. Bland de b\u00e4sta platserna: <\/p>\n\n<ul class=\"wp-block-list\">\n<li><strong>Grand Canyon (Yavapai Point):<\/strong> Otroliga f\u00e4rger p\u00e5 klipporna.<\/li>\n\n\n\n<li><strong>Monument Valley<\/strong>: Skuggan av de ber\u00f6mda r\u00f6da kullarna str\u00e4cker sig s\u00e5 l\u00e5ngt \u00f6gat kan se.<\/li>\n<\/ul>\n\n<h2 class=\"wp-block-heading\">Saker att g\u00f6ra som ett par<\/h2>\n\n<h3 class=\"wp-block-heading\">Romantiska upplevelser<\/h3>\n\n<p>Att resa som ett par g\u00f6r att du kan uppleva magiska stunder i otroliga landskap. En ridtur p\u00e5 h\u00e4stryggen i Monument Valley i solnedg\u00e5ngen \u00e4r en of\u00f6rgl\u00f6mlig upplevelse. F\u00f6r sp\u00e4nningss\u00f6kare erbjuder en helikopterflygning \u00f6ver Grand Canyon en unik utsikt \u00f6ver ravinen.  <\/p>\n\n<h3 class=\"wp-block-heading\">Sova i naturen<\/h3>\n\n<p>Att tillbringa en natt i vildmarken ger resan en romantisk touch. I Zion \u00e4r camping under en or\u00f6rd stj\u00e4rnhimmel ett perfekt alternativ. F\u00f6r en mer bohemisk upplevelse erbjuder det en fridfull och intim atmosf\u00e4r att sova i en Airstream i Joshua Tree.  <\/p>\n\n<h2 class=\"wp-block-heading\">Aktiviteter f\u00f6r en roadtrip med familjen<\/h2>\n\n<h3 class=\"wp-block-heading\">Roliga upplevelser<\/h3>\n\n<p>F\u00f6r att g\u00f6ra resan sp\u00e4nnande f\u00f6r barn \u00e4r ett antal aktiviteter idealiska. I <a href=\"https:\/\/moabcity.org\/\">Moab<\/a> finns ett dinosauriemuseum som visar f\u00f6rhistoriska fossiler och fotavtryck. Vid Bryce Canyon \u00e4r Navajo Loop Trail tillg\u00e4nglig f\u00f6r familjer och erbjuder ett unikt natursk\u00e5despel.  <\/p>\n\n<h3 class=\"wp-block-heading\">Var du kan \u00e4ta med din familj<\/h3>\n\n<p>M\u00e5ltidspauser \u00e4r viktiga p\u00e5 en bilresa. H\u00e4r \u00e4r n\u00e5gra st\u00e4llen som \u00e4r perfekta f\u00f6r familjer: <\/p>\n\n<ul class=\"wp-block-list\">\n<li><a href=\"https:\/\/www.thunderbirdutah.com\/\">Thunderbird Restaurant (Utah)<\/a>: En autentisk amerikansk diner med hemlagade pajer.<\/li>\n\n\n\n<li><a href=\"https:\/\/www.bigtexan.com\/\">Big Texan Steak Ranch<\/a> (Route 66): Western-atmosf\u00e4r med en speciellt anpassad barnmeny.<\/li>\n<\/ul>\n\n<p>Grand Circle Road Trip \u00e4r ett legendariskt \u00e4ventyr och en av de b\u00e4sta <a href=\"https:\/\/usa-b2.com\/sv\/\">amerikanska roadtrips<\/a>. Oavsett om du reser som ett par eller som en familj har varje dag sin andel av uppt\u00e4ckter att g\u00f6ra. Planera din resv\u00e4g v\u00e4l, v\u00e4lj dina hotell med omsorg och h\u00e5ll \u00f6gonen vid\u00f6ppna: det h\u00e4r \u00e4r en resa du aldrig kommer att gl\u00f6mma!  <\/p>\n","protected":false},"excerpt":{"rendered":"<p>Sydv\u00e4stra USA med bil: guide till den perfekta roadtripen Resplan f\u00f6r Grand Circle Road Trip Avresa och f\u00f6rsta etapp: Las Vegas Las Vegas \u00e4r den perfekta utg\u00e5ngspunkten f\u00f6r en roadtrip genom den amerikanska sydv\u00e4stern. Den internationella flygplatsen hanterar ett stort antal flygningar och erbjuder ett brett urval av biluthyrningar. Innan du ger dig ut p\u00e5 [&hellip;]<\/p>\n","protected":false},"author":1,"featured_media":0,"parent":0,"menu_order":0,"comment_status":"closed","ping_status":"closed","template":"","meta":{"footnotes":""},"class_list":["post-8231","page","type-page","status-publish","hentry"],"yoast_head":"<!-- This site is optimized with the Yoast SEO plugin v27.0 - https:\/\/yoast.com\/product\/yoast-seo-wordpress\/ -->\n<title>Roadtrip i sydv\u00e4stra USA - USA B2<\/title>\n<meta name=\"description\" content=\"Uppt\u00e4ck Grand Circle Road Trip: resv\u00e4g, nationalparker, hotell och fotoplatser f\u00f6r en resa till sydv\u00e4stra USA!\" \/>\n<meta name=\"robots\" content=\"index, follow, max-snippet:-1, max-image-preview:large, max-video-preview:-1\" \/>\n<link rel=\"canonical\" href=\"https:\/\/usa-b2.com\/sv\/sydvast-vag-tur-forenta-staterna\/\" \/>\n<meta property=\"og:locale\" content=\"sv_SE\" \/>\n<meta property=\"og:type\" content=\"article\" \/>\n<meta property=\"og:title\" content=\"Roadtrip i sydv\u00e4stra USA - USA B2\" \/>\n<meta property=\"og:description\" content=\"Uppt\u00e4ck Grand Circle Road Trip: resv\u00e4g, nationalparker, hotell och fotoplatser f\u00f6r en resa till sydv\u00e4stra USA!\" \/>\n<meta property=\"og:url\" content=\"https:\/\/usa-b2.com\/sv\/sydvast-vag-tur-forenta-staterna\/\" \/>\n<meta property=\"og:site_name\" content=\"USA B2\" \/>\n<meta property=\"article:modified_time\" content=\"2025-11-04T15:38:23+00:00\" \/>\n<meta property=\"og:image\" content=\"https:\/\/usa-b2.com\/wp-content\/uploads\/2025\/03\/Grand-circle-road-trip.jpg\" \/>\n\t<meta property=\"og:image:width\" content=\"1280\" \/>\n\t<meta property=\"og:image:height\" content=\"720\" \/>\n\t<meta property=\"og:image:type\" content=\"image\/jpeg\" \/>\n<meta name=\"twitter:card\" content=\"summary_large_image\" \/>\n<meta name=\"twitter:label1\" content=\"Ber\u00e4knad l\u00e4stid\" \/>\n\t<meta name=\"twitter:data1\" content=\"5 minuter\" \/>\n<script type=\"application\/ld+json\" class=\"yoast-schema-graph\">{\"@context\":\"https:\/\/schema.org\",\"@graph\":[{\"@type\":\"WebPage\",\"@id\":\"https:\/\/usa-b2.com\/sv\/sydvast-vag-tur-forenta-staterna\/\",\"url\":\"https:\/\/usa-b2.com\/sv\/sydvast-vag-tur-forenta-staterna\/\",\"name\":\"Roadtrip i sydv\u00e4stra USA - USA B2\",\"isPartOf\":{\"@id\":\"https:\/\/usa-b2.com\/sv\/#website\"},\"primaryImageOfPage\":{\"@id\":\"https:\/\/usa-b2.com\/sv\/sydvast-vag-tur-forenta-staterna\/#primaryimage\"},\"image\":{\"@id\":\"https:\/\/usa-b2.com\/sv\/sydvast-vag-tur-forenta-staterna\/#primaryimage\"},\"thumbnailUrl\":\"https:\/\/usa-b2.com\/wp-content\/uploads\/2025\/03\/Grand-circle-road-trip-1024x576.jpg\",\"datePublished\":\"2025-03-17T13:14:29+00:00\",\"dateModified\":\"2025-11-04T15:38:23+00:00\",\"description\":\"Uppt\u00e4ck Grand Circle Road Trip: resv\u00e4g, nationalparker, hotell och fotoplatser f\u00f6r en resa till sydv\u00e4stra USA!\",\"breadcrumb\":{\"@id\":\"https:\/\/usa-b2.com\/sv\/sydvast-vag-tur-forenta-staterna\/#breadcrumb\"},\"inLanguage\":\"sv-SE\",\"potentialAction\":[{\"@type\":\"ReadAction\",\"target\":[\"https:\/\/usa-b2.com\/sv\/sydvast-vag-tur-forenta-staterna\/\"]}]},{\"@type\":\"ImageObject\",\"inLanguage\":\"sv-SE\",\"@id\":\"https:\/\/usa-b2.com\/sv\/sydvast-vag-tur-forenta-staterna\/#primaryimage\",\"url\":\"https:\/\/usa-b2.com\/wp-content\/uploads\/2025\/03\/Grand-circle-road-trip-1024x576.jpg\",\"contentUrl\":\"https:\/\/usa-b2.com\/wp-content\/uploads\/2025\/03\/Grand-circle-road-trip-1024x576.jpg\"},{\"@type\":\"BreadcrumbList\",\"@id\":\"https:\/\/usa-b2.com\/sv\/sydvast-vag-tur-forenta-staterna\/#breadcrumb\",\"itemListElement\":[{\"@type\":\"ListItem\",\"position\":1,\"name\":\"Accueil\",\"item\":\"https:\/\/usa-b2.com\/sv\/roadtrips-usa\/\"},{\"@type\":\"ListItem\",\"position\":2,\"name\":\"Roadtrip i sydv\u00e4stra USA\"}]},{\"@type\":\"WebSite\",\"@id\":\"https:\/\/usa-b2.com\/sv\/#website\",\"url\":\"https:\/\/usa-b2.com\/sv\/\",\"name\":\"USA B2 VISA\",\"description\":\"\",\"potentialAction\":[{\"@type\":\"SearchAction\",\"target\":{\"@type\":\"EntryPoint\",\"urlTemplate\":\"https:\/\/usa-b2.com\/sv\/?s={search_term_string}\"},\"query-input\":{\"@type\":\"PropertyValueSpecification\",\"valueRequired\":true,\"valueName\":\"search_term_string\"}}],\"inLanguage\":\"sv-SE\"}]}<\/script>\n<!-- \/ Yoast SEO plugin. -->","yoast_head_json":{"title":"Roadtrip i sydv\u00e4stra USA - USA B2","description":"Uppt\u00e4ck Grand Circle Road Trip: resv\u00e4g, nationalparker, hotell och fotoplatser f\u00f6r en resa till sydv\u00e4stra USA!","robots":{"index":"index","follow":"follow","max-snippet":"max-snippet:-1","max-image-preview":"max-image-preview:large","max-video-preview":"max-video-preview:-1"},"canonical":"https:\/\/usa-b2.com\/sv\/sydvast-vag-tur-forenta-staterna\/","og_locale":"sv_SE","og_type":"article","og_title":"Roadtrip i sydv\u00e4stra USA - USA B2","og_description":"Uppt\u00e4ck Grand Circle Road Trip: resv\u00e4g, nationalparker, hotell och fotoplatser f\u00f6r en resa till sydv\u00e4stra USA!","og_url":"https:\/\/usa-b2.com\/sv\/sydvast-vag-tur-forenta-staterna\/","og_site_name":"USA B2","article_modified_time":"2025-11-04T15:38:23+00:00","og_image":[{"width":1280,"height":720,"url":"https:\/\/usa-b2.com\/wp-content\/uploads\/2025\/03\/Grand-circle-road-trip.jpg","type":"image\/jpeg"}],"twitter_card":"summary_large_image","twitter_misc":{"Ber\u00e4knad l\u00e4stid":"5 minuter"},"schema":{"@context":"https:\/\/schema.org","@graph":[{"@type":"WebPage","@id":"https:\/\/usa-b2.com\/sv\/sydvast-vag-tur-forenta-staterna\/","url":"https:\/\/usa-b2.com\/sv\/sydvast-vag-tur-forenta-staterna\/","name":"Roadtrip i sydv\u00e4stra USA - USA B2","isPartOf":{"@id":"https:\/\/usa-b2.com\/sv\/#website"},"primaryImageOfPage":{"@id":"https:\/\/usa-b2.com\/sv\/sydvast-vag-tur-forenta-staterna\/#primaryimage"},"image":{"@id":"https:\/\/usa-b2.com\/sv\/sydvast-vag-tur-forenta-staterna\/#primaryimage"},"thumbnailUrl":"https:\/\/usa-b2.com\/wp-content\/uploads\/2025\/03\/Grand-circle-road-trip-1024x576.jpg","datePublished":"2025-03-17T13:14:29+00:00","dateModified":"2025-11-04T15:38:23+00:00","description":"Uppt\u00e4ck Grand Circle Road Trip: resv\u00e4g, nationalparker, hotell och fotoplatser f\u00f6r en resa till sydv\u00e4stra USA!","breadcrumb":{"@id":"https:\/\/usa-b2.com\/sv\/sydvast-vag-tur-forenta-staterna\/#breadcrumb"},"inLanguage":"sv-SE","potentialAction":[{"@type":"ReadAction","target":["https:\/\/usa-b2.com\/sv\/sydvast-vag-tur-forenta-staterna\/"]}]},{"@type":"ImageObject","inLanguage":"sv-SE","@id":"https:\/\/usa-b2.com\/sv\/sydvast-vag-tur-forenta-staterna\/#primaryimage","url":"https:\/\/usa-b2.com\/wp-content\/uploads\/2025\/03\/Grand-circle-road-trip-1024x576.jpg","contentUrl":"https:\/\/usa-b2.com\/wp-content\/uploads\/2025\/03\/Grand-circle-road-trip-1024x576.jpg"},{"@type":"BreadcrumbList","@id":"https:\/\/usa-b2.com\/sv\/sydvast-vag-tur-forenta-staterna\/#breadcrumb","itemListElement":[{"@type":"ListItem","position":1,"name":"Accueil","item":"https:\/\/usa-b2.com\/sv\/roadtrips-usa\/"},{"@type":"ListItem","position":2,"name":"Roadtrip i sydv\u00e4stra USA"}]},{"@type":"WebSite","@id":"https:\/\/usa-b2.com\/sv\/#website","url":"https:\/\/usa-b2.com\/sv\/","name":"USA B2 VISA","description":"","potentialAction":[{"@type":"SearchAction","target":{"@type":"EntryPoint","urlTemplate":"https:\/\/usa-b2.com\/sv\/?s={search_term_string}"},"query-input":{"@type":"PropertyValueSpecification","valueRequired":true,"valueName":"search_term_string"}}],"inLanguage":"sv-SE"}]}},"_links":{"self":[{"href":"https:\/\/usa-b2.com\/sv\/wp-json\/wp\/v2\/pages\/8231","targetHints":{"allow":["GET"]}}],"collection":[{"href":"https:\/\/usa-b2.com\/sv\/wp-json\/wp\/v2\/pages"}],"about":[{"href":"https:\/\/usa-b2.com\/sv\/wp-json\/wp\/v2\/types\/page"}],"author":[{"embeddable":true,"href":"https:\/\/usa-b2.com\/sv\/wp-json\/wp\/v2\/users\/1"}],"replies":[{"embeddable":true,"href":"https:\/\/usa-b2.com\/sv\/wp-json\/wp\/v2\/comments?post=8231"}],"version-history":[{"count":2,"href":"https:\/\/usa-b2.com\/sv\/wp-json\/wp\/v2\/pages\/8231\/revisions"}],"predecessor-version":[{"id":10825,"href":"https:\/\/usa-b2.com\/sv\/wp-json\/wp\/v2\/pages\/8231\/revisions\/10825"}],"wp:attachment":[{"href":"https:\/\/usa-b2.com\/sv\/wp-json\/wp\/v2\/media?parent=8231"}],"curies":[{"name":"wp","href":"https:\/\/api.w.org\/{rel}","templated":true}]}}