{"id":7936,"date":"2025-03-17T13:12:55","date_gmt":"2025-03-17T13:12:55","guid":{"rendered":"https:\/\/usa-b2.com\/texas-hill-country\/"},"modified":"2025-06-06T08:35:06","modified_gmt":"2025-06-06T08:35:06","slug":"texas-hill-country","status":"publish","type":"page","link":"https:\/\/usa-b2.com\/sv\/texas-hill-country\/","title":{"rendered":"Road trip i texas bergslandskap: guide till ett of\u00f6rgl\u00f6mligt \u00e4ventyr"},"content":{"rendered":"\n<h1 class=\"wp-block-heading\">Road trip i hj\u00e4rtat av Texas: landskap, st\u00e4der och aktiviteter<\/h1>\n\n<p>Texas Hill Country \u00e4r ett m\u00e5ste f\u00f6r alla <a href=\"https:\/\/usa-b2.com\/sv\/\">roadtrips i USA<\/a>. Med sin b\u00f6ljande landsbygd, historiska st\u00e4der och pittoreska v\u00e4gar erbjuder denna destination total f\u00f6rdjupning i autentiska Texas. Oavsett om du \u00e4r ute efter \u00e4ventyr, avkoppling eller fotografering, kommer denna omfattande guide att hj\u00e4lpa dig att planera din perfekta resv\u00e4g genom hj\u00e4rtat av Texas.  <\/p>\n\n<figure class=\"wp-block-image size-large\"><img fetchpriority=\"high\" decoding=\"async\" width=\"1024\" height=\"576\" src=\"https:\/\/usa-b2.com\/wp-content\/uploads\/2025\/03\/Texas-Hill-Country-1-2-1024x576.png\" alt=\"\" class=\"wp-image-8027\" srcset=\"https:\/\/usa-b2.com\/wp-content\/uploads\/2025\/03\/Texas-Hill-Country-1-2-1024x576.png 1024w, https:\/\/usa-b2.com\/wp-content\/uploads\/2025\/03\/Texas-Hill-Country-1-2-300x169.png 300w, https:\/\/usa-b2.com\/wp-content\/uploads\/2025\/03\/Texas-Hill-Country-1-2-768x432.png 768w, https:\/\/usa-b2.com\/wp-content\/uploads\/2025\/03\/Texas-Hill-Country-1-2.png 1056w\" sizes=\"(max-width: 1024px) 100vw, 1024px\" \/><\/figure>\n\n<h2 class=\"wp-block-heading\">Detaljerad resplan f\u00f6r en of\u00f6rgl\u00f6mlig roadtrip<\/h2>\n\n<p>En roadtrip i <a href=\"https:\/\/www.traveltexas.com\/cities-and-regions\/hill-country\/\">Texas Hill Country<\/a> kr\u00e4ver noggrann planering f\u00f6r att man ska f\u00e5 ut mesta m\u00f6jliga av landskapet och sev\u00e4rdheterna. H\u00e4r \u00e4r en resplan som \u00e4r optimerad i flera steg. <\/p>\n\n<h3 class=\"wp-block-heading\">Austin &#8211; perfekt utg\u00e5ngspunkt<\/h3>\n\n<p>Austin, huvudstaden i <a href=\"https:\/\/www.texas.gov\/\">Texas<\/a>, \u00e4r den perfekta utg\u00e5ngspunkten. B\u00f6rja din resa med ett bes\u00f6k i stadens centrum, Texas Capitol och <a href=\"https:\/\/www.austintexas.org\/things-to-do\/entertainment-districts\/south-congress\/\">South Congress-distriktet<\/a>, k\u00e4nt f\u00f6r sina trendiga butiker och kaf\u00e9er. Innan du ger dig ut p\u00e5 v\u00e4garna kan du g\u00f6ra en avstickare till <a href=\"https:\/\/www.austintexas.gov\/department\/barton-springs-pool\">Barton Springs Pool<\/a>, en naturlig pool som \u00e4r perfekt f\u00f6r avkylning.  <\/p>\n\n<h3 class=\"wp-block-heading\">Fredericksburg &#8211; den tyska sj\u00e4len i Texas<\/h3>\n\n<p><a href=\"https:\/\/www.visitfredericksburgtx.com\/\">Fredericksburg<\/a> ligger ca 1,5 timme fr\u00e5n Austin och \u00e4r en liten stad med europeisk charm, k\u00e4nd f\u00f6r sitt tyska arv och sina ving\u00e5rdar. Njut av en vinprovning l\u00e4ngs <a href=\"https:\/\/www.fredericksburgtexas-online.com\/plan-your-trip\/texas-wine-trail\/\">Texas Wine Trail<\/a> och bes\u00f6k <a href=\"https:\/\/www.pacificwarmuseum.org\/\">National Museum of the Pacific War.<\/a> Missa inte <a href=\"https:\/\/tpwd.texas.gov\/state-parks\/enchanted-rock\">Enchanted Rock<\/a>, en enorm granitformation som erbjuder en hisnande utsikt \u00f6ver regionen.  <\/p>\n\n<h3 class=\"wp-block-heading\">Bandera &amp; Medina &#8211; Den autentiska westernupplevelsen<\/h3>\n\n<p><a href=\"https:\/\/www.banderacowboycapital.com\/\">Bandera<\/a> har smeknamnet &#8221;Cowboy Capital of the World&#8221; och \u00e4r ett m\u00e5ste om du vill f\u00f6rdjupa dig i Texas historia. Se en rodeo eller \u00f6vernatta p\u00e5 en ranch f\u00f6r en \u00e4kta westernupplevelse. N\u00e5gra kilometer bort \u00e4r <a href=\"https:\/\/www.medinacountytexas.org\/\">Medina<\/a> k\u00e4nt f\u00f6r sina \u00e4ppelodlingar och hantverksm\u00e4ssiga ciderkvarnar.  <\/p>\n\n<h2 class=\"wp-block-heading\">De vackraste landskapen och parkerna att utforska<\/h2>\n\n<p>Texas Hill Country \u00e4r fullt av nationalparker och spektakul\u00e4ra naturomr\u00e5den att uppt\u00e4cka p\u00e5 din resa.<\/p>\n\n<h3 class=\"wp-block-heading\">Garner State Park &#8211; en naturlig juvel<\/h3>\n\n<p><a href=\"https:\/\/tpwd.texas.gov\/state-parks\/garner\">Garner State Park<\/a> ligger vid <a href=\"https:\/\/friocampriverview.com\/floating-the-frio-river\/\">Frio-flodens<\/a> strand och \u00e4r perfekt f\u00f6r vandring, kanotpaddling och bad. Med stigar som erbjuder panoramautsikt och kv\u00e4llsdanser p\u00e5 sommaren \u00e4r det ett m\u00e5ste att bes\u00f6ka parken. <\/p>\n\n<h3 class=\"wp-block-heading\">Hamilton Pool &#8211; En magisk naturlig pool<\/h3>\n\n<p><a href=\"https:\/\/parks.traviscountytx.gov\/parks\/hamilton-pool-preserve\">Hamilton Pool<\/a> ligger bara 50 km fr\u00e5n Austin och \u00e4r ett naturligt underverk som skapats av en kalkstensgrotta som kollapsat. Dess turkosa vatten och vattenfall g\u00f6r det till en exceptionell plats att simma p\u00e5. Kom ih\u00e5g att boka i f\u00f6rv\u00e4g, eftersom tillg\u00e5ngen \u00e4r begr\u00e4nsad.  <\/p>\n\n<h3 class=\"wp-block-heading\">Bluebonnet Trails &#8211; V\u00e4gen f\u00f6r vilda blommor<\/h3>\n\n<p>P\u00e5 v\u00e5ren t\u00e4cker <a href=\"https:\/\/www.visitfredericksburgtx.com\/things-to-do\/outdoors\/wildflowers\/\">bluebonnets<\/a> kullarna i Texas Hill Country. V\u00e4garna runt <a href=\"https:\/\/visitmarblefalls.org\/\">Marble Falls<\/a> och <a href=\"https:\/\/www.cityofllano.com\/\">Llano<\/a> \u00e4r idealiska f\u00f6r att beundra dessa symboliska Texasblommor. <\/p>\n\n<h2 class=\"wp-block-heading\">Var ska du sova p\u00e5 din roadtrip?<\/h2>\n\n<p>Att hitta r\u00e4tt boende \u00e4r avg\u00f6rande f\u00f6r en lyckad roadtrip. H\u00e4r \u00e4r de b\u00e4sta boendealternativen som passar din budget och dina \u00f6nskem\u00e5l. <\/p>\n\n<h3 class=\"wp-block-heading\">Hotell och lodger i hj\u00e4rtat av naturen<\/h3>\n\n<p>F\u00f6r en uppslukande upplevelse, v\u00e4lj lodger som ligger i hj\u00e4rtat av naturen. <a href=\"https:\/\/collectiveretreats.com\/\">Collective Hill Country<\/a> erbjuder lyxiga t\u00e4lt med utsikt \u00f6ver kullarna, medan <a href=\"https:\/\/www.cypressvalley.com\/\">Cypress Valley Canopy<\/a> erbjuder tr\u00e4dhus.<\/p>\n\n<h3 class=\"wp-block-heading\">Stadshotell: komfort och tillg\u00e4nglighet<\/h3>\n\n<p>Om du f\u00f6redrar att bo i stan \u00e4r <a href=\"https:\/\/fredericksburg-inn.com\/\">The Fredericksburg Inn &amp; Suites<\/a> ett utm\u00e4rkt alternativ i Fredericksburg, medan The Driskill i Austin kombinerar lyx och historia.<\/p>\n\n<h3 class=\"wp-block-heading\">3.3 Rancher och autentiska upplevelser<\/h3>\n\n<p>F\u00f6r en westernupplevelse kan du tillbringa en natt p\u00e5 en ranch som <a href=\"https:\/\/dixieduderanch.com\/\">Dixie Dude Ranch<\/a> i Bandera, d\u00e4r du kan rida p\u00e5 h\u00e4star och njuta av en texansk barbecue under stj\u00e4rnorna.<\/p>\n\n<h2 class=\"wp-block-heading\">De mest instagrammbara fotoplatserna<\/h2>\n\n<p>Vad vore en roadtrip utan n\u00e5gra spektakul\u00e4ra bilder? H\u00e4r \u00e4r de mest fotogeniska platserna i Texas Hill Country. <\/p>\n\n<figure class=\"wp-block-table\"><table class=\"has-fixed-layout\"><tbody><tr><td><strong>Plats<\/strong><\/td><td><strong>Varf\u00f6r \u00e4r det en fotoplats som man m\u00e5ste se?<\/strong><\/td><\/tr><tr><td>Hamilton Pool<\/td><td>Turkosf\u00e4rgat vatten och ett imponerande vattenfall.<\/td><\/tr><tr><td>F\u00f6rtrollad klippa<\/td><td>Panoramautsikt \u00f6ver kullarna.<\/td><\/tr><tr><td><a href=\"https:\/\/www.backroadstexas.net\/willow-city\/\">Willow City Loop<\/a><\/td><td>En pittoresk v\u00e4g kantad av vilda blommor p\u00e5 v\u00e5ren.<\/td><\/tr><tr><td><a href=\"https:\/\/www.gruenetexas.com\/\">Gruenes historiska distrikt<\/a><\/td><td>Gammal arkitektur och vintage-atmosf\u00e4r.<\/td><\/tr><\/tbody><\/table><\/figure>\n\n<h2 class=\"wp-block-heading\">Aktiviteter f\u00f6r par eller familjer<\/h2>\n\n<h3 class=\"wp-block-heading\">Par &#8211; Romantiska upplevelser<\/h3>\n\n<p>Texas Hill Country \u00e4r perfekt f\u00f6r en romantisk utflykt. Njut av en vinprovning p\u00e5 <a href=\"https:\/\/grapecreek.com\/\">Grape Creek Vineyards<\/a>, njut av en middag med levande ljus p\u00e5 <a href=\"https:\/\/tilliesdrippingsprings.com\/\">Tillie&#8217;s i Dripping Springs<\/a> eller titta p\u00e5 solnedg\u00e5ngen fr\u00e5n <a href=\"https:\/\/www.mountbonnell.info\/\">Mount Bonnell<\/a> i Austin. <\/p>\n\n<h3 class=\"wp-block-heading\">Familj &#8211; \u00c4ventyr f\u00f6r stora och sm\u00e5<\/h3>\n\n<p>F\u00f6r en roadtrip med familjen, v\u00e4lj roliga och interaktiva aktiviteter. Ta en kryssning p\u00e5 <a href=\"https:\/\/www.sa.gov\/Home\">San Antonio<\/a> River, \u00e5k p\u00e5 safari p\u00e5 <a href=\"https:\/\/www.wildliferanchtexas.com\/\">Natural Bridge Wildlife Ranch<\/a> eller utforska de underjordiska grottorna i Cascade Caverns. <br\/><\/p>\n\n<p>En roadtrip i Texas Hill Country \u00e4r en of\u00f6rgl\u00f6mlig upplevelse som kombinerar natur, historia och gastronomi. Med v\u00e4l genomt\u00e4nkta resv\u00e4gar, hisnande landskap och varierat boende lovar detta \u00e4ventyr att bli rikt p\u00e5 uppt\u00e4ckter. Oavsett om du reser som ett par eller en familj kommer varje rutt att leda dig till en g\u00f6md Texasskatt. Packa dina v\u00e4skor och ge dig iv\u00e4g f\u00f6r att utforska denna fascinerande region!   <\/p>\n\n<p><\/p>\n","protected":false},"excerpt":{"rendered":"<p>Road trip i hj\u00e4rtat av Texas: landskap, st\u00e4der och aktiviteter Texas Hill Country \u00e4r ett m\u00e5ste f\u00f6r alla roadtrips i USA. Med sin b\u00f6ljande landsbygd, historiska st\u00e4der och pittoreska v\u00e4gar erbjuder denna destination total f\u00f6rdjupning i autentiska Texas. Oavsett om du \u00e4r ute efter \u00e4ventyr, avkoppling eller fotografering, kommer denna omfattande guide att hj\u00e4lpa dig [&hellip;]<\/p>\n","protected":false},"author":1,"featured_media":7976,"parent":0,"menu_order":0,"comment_status":"closed","ping_status":"closed","template":"","meta":{"footnotes":""},"class_list":["post-7936","page","type-page","status-publish","has-post-thumbnail","hentry"],"yoast_head":"<!-- This site is optimized with the Yoast SEO plugin v27.4 - https:\/\/yoast.com\/product\/yoast-seo-wordpress\/ -->\n<title>Road trip i texas bergslandskap: guide till ett of\u00f6rgl\u00f6mligt \u00e4ventyr - USA B2<\/title>\n<meta name=\"description\" content=\"Road trip genom Texas Hill Country: resv\u00e4g, landskap, hotell, fotoplatser och aktiviteter f\u00f6r en of\u00f6rgl\u00f6mlig resa!\" \/>\n<meta name=\"robots\" content=\"index, follow, max-snippet:-1, max-image-preview:large, max-video-preview:-1\" \/>\n<link rel=\"canonical\" href=\"https:\/\/usa-b2.com\/sv\/texas-hill-country\/\" \/>\n<meta property=\"og:locale\" content=\"sv_SE\" \/>\n<meta property=\"og:type\" content=\"article\" \/>\n<meta property=\"og:title\" content=\"Road trip i texas bergslandskap: guide till ett of\u00f6rgl\u00f6mligt \u00e4ventyr - USA B2\" \/>\n<meta property=\"og:description\" content=\"Road trip genom Texas Hill Country: resv\u00e4g, landskap, hotell, fotoplatser och aktiviteter f\u00f6r en of\u00f6rgl\u00f6mlig resa!\" \/>\n<meta property=\"og:url\" content=\"https:\/\/usa-b2.com\/sv\/texas-hill-country\/\" \/>\n<meta property=\"og:site_name\" content=\"USA B2\" \/>\n<meta property=\"article:modified_time\" content=\"2025-06-06T08:35:06+00:00\" \/>\n<meta property=\"og:image\" content=\"https:\/\/usa-b2.com\/wp-content\/uploads\/2025\/03\/Texas-Hill-Country-1.png\" \/>\n\t<meta property=\"og:image:width\" content=\"1056\" \/>\n\t<meta property=\"og:image:height\" content=\"704\" \/>\n\t<meta property=\"og:image:type\" content=\"image\/png\" \/>\n<meta name=\"twitter:card\" content=\"summary_large_image\" \/>\n<meta name=\"twitter:label1\" content=\"Ber\u00e4knad l\u00e4stid\" \/>\n\t<meta name=\"twitter:data1\" content=\"4 minuter\" \/>\n<script type=\"application\/ld+json\" class=\"yoast-schema-graph\">{\"@context\":\"https:\\\/\\\/schema.org\",\"@graph\":[{\"@type\":\"WebPage\",\"@id\":\"https:\\\/\\\/usa-b2.com\\\/sv\\\/texas-hill-country\\\/\",\"url\":\"https:\\\/\\\/usa-b2.com\\\/sv\\\/texas-hill-country\\\/\",\"name\":\"Road trip i texas bergslandskap: guide till ett of\u00f6rgl\u00f6mligt \u00e4ventyr - USA B2\",\"isPartOf\":{\"@id\":\"https:\\\/\\\/usa-b2.com\\\/sv\\\/#website\"},\"primaryImageOfPage\":{\"@id\":\"https:\\\/\\\/usa-b2.com\\\/sv\\\/texas-hill-country\\\/#primaryimage\"},\"image\":{\"@id\":\"https:\\\/\\\/usa-b2.com\\\/sv\\\/texas-hill-country\\\/#primaryimage\"},\"thumbnailUrl\":\"https:\\\/\\\/usa-b2.com\\\/wp-content\\\/uploads\\\/2025\\\/03\\\/Texas-Hill-Country-1.png\",\"datePublished\":\"2025-03-17T13:12:55+00:00\",\"dateModified\":\"2025-06-06T08:35:06+00:00\",\"description\":\"Road trip genom Texas Hill Country: resv\u00e4g, landskap, hotell, fotoplatser och aktiviteter f\u00f6r en of\u00f6rgl\u00f6mlig resa!\",\"breadcrumb\":{\"@id\":\"https:\\\/\\\/usa-b2.com\\\/sv\\\/texas-hill-country\\\/#breadcrumb\"},\"inLanguage\":\"sv-SE\",\"potentialAction\":[{\"@type\":\"ReadAction\",\"target\":[\"https:\\\/\\\/usa-b2.com\\\/sv\\\/texas-hill-country\\\/\"]}]},{\"@type\":\"ImageObject\",\"inLanguage\":\"sv-SE\",\"@id\":\"https:\\\/\\\/usa-b2.com\\\/sv\\\/texas-hill-country\\\/#primaryimage\",\"url\":\"https:\\\/\\\/usa-b2.com\\\/wp-content\\\/uploads\\\/2025\\\/03\\\/Texas-Hill-Country-1.png\",\"contentUrl\":\"https:\\\/\\\/usa-b2.com\\\/wp-content\\\/uploads\\\/2025\\\/03\\\/Texas-Hill-Country-1.png\",\"width\":1056,\"height\":704},{\"@type\":\"BreadcrumbList\",\"@id\":\"https:\\\/\\\/usa-b2.com\\\/sv\\\/texas-hill-country\\\/#breadcrumb\",\"itemListElement\":[{\"@type\":\"ListItem\",\"position\":1,\"name\":\"Accueil\",\"item\":\"https:\\\/\\\/usa-b2.com\\\/sv\\\/usa\\\/\"},{\"@type\":\"ListItem\",\"position\":2,\"name\":\"Road trip i texas bergslandskap: guide till ett of\u00f6rgl\u00f6mligt \u00e4ventyr\"}]},{\"@type\":\"WebSite\",\"@id\":\"https:\\\/\\\/usa-b2.com\\\/sv\\\/#website\",\"url\":\"https:\\\/\\\/usa-b2.com\\\/sv\\\/\",\"name\":\"USA B2 VISA\",\"description\":\"\",\"potentialAction\":[{\"@type\":\"SearchAction\",\"target\":{\"@type\":\"EntryPoint\",\"urlTemplate\":\"https:\\\/\\\/usa-b2.com\\\/sv\\\/?s={search_term_string}\"},\"query-input\":{\"@type\":\"PropertyValueSpecification\",\"valueRequired\":true,\"valueName\":\"search_term_string\"}}],\"inLanguage\":\"sv-SE\"}]}<\/script>\n<!-- \/ Yoast SEO plugin. -->","yoast_head_json":{"title":"Road trip i texas bergslandskap: guide till ett of\u00f6rgl\u00f6mligt \u00e4ventyr - USA B2","description":"Road trip genom Texas Hill Country: resv\u00e4g, landskap, hotell, fotoplatser och aktiviteter f\u00f6r en of\u00f6rgl\u00f6mlig resa!","robots":{"index":"index","follow":"follow","max-snippet":"max-snippet:-1","max-image-preview":"max-image-preview:large","max-video-preview":"max-video-preview:-1"},"canonical":"https:\/\/usa-b2.com\/sv\/texas-hill-country\/","og_locale":"sv_SE","og_type":"article","og_title":"Road trip i texas bergslandskap: guide till ett of\u00f6rgl\u00f6mligt \u00e4ventyr - USA B2","og_description":"Road trip genom Texas Hill Country: resv\u00e4g, landskap, hotell, fotoplatser och aktiviteter f\u00f6r en of\u00f6rgl\u00f6mlig resa!","og_url":"https:\/\/usa-b2.com\/sv\/texas-hill-country\/","og_site_name":"USA B2","article_modified_time":"2025-06-06T08:35:06+00:00","og_image":[{"width":1056,"height":704,"url":"https:\/\/usa-b2.com\/wp-content\/uploads\/2025\/03\/Texas-Hill-Country-1.png","type":"image\/png"}],"twitter_card":"summary_large_image","twitter_misc":{"Ber\u00e4knad l\u00e4stid":"4 minuter"},"schema":{"@context":"https:\/\/schema.org","@graph":[{"@type":"WebPage","@id":"https:\/\/usa-b2.com\/sv\/texas-hill-country\/","url":"https:\/\/usa-b2.com\/sv\/texas-hill-country\/","name":"Road trip i texas bergslandskap: guide till ett of\u00f6rgl\u00f6mligt \u00e4ventyr - USA B2","isPartOf":{"@id":"https:\/\/usa-b2.com\/sv\/#website"},"primaryImageOfPage":{"@id":"https:\/\/usa-b2.com\/sv\/texas-hill-country\/#primaryimage"},"image":{"@id":"https:\/\/usa-b2.com\/sv\/texas-hill-country\/#primaryimage"},"thumbnailUrl":"https:\/\/usa-b2.com\/wp-content\/uploads\/2025\/03\/Texas-Hill-Country-1.png","datePublished":"2025-03-17T13:12:55+00:00","dateModified":"2025-06-06T08:35:06+00:00","description":"Road trip genom Texas Hill Country: resv\u00e4g, landskap, hotell, fotoplatser och aktiviteter f\u00f6r en of\u00f6rgl\u00f6mlig resa!","breadcrumb":{"@id":"https:\/\/usa-b2.com\/sv\/texas-hill-country\/#breadcrumb"},"inLanguage":"sv-SE","potentialAction":[{"@type":"ReadAction","target":["https:\/\/usa-b2.com\/sv\/texas-hill-country\/"]}]},{"@type":"ImageObject","inLanguage":"sv-SE","@id":"https:\/\/usa-b2.com\/sv\/texas-hill-country\/#primaryimage","url":"https:\/\/usa-b2.com\/wp-content\/uploads\/2025\/03\/Texas-Hill-Country-1.png","contentUrl":"https:\/\/usa-b2.com\/wp-content\/uploads\/2025\/03\/Texas-Hill-Country-1.png","width":1056,"height":704},{"@type":"BreadcrumbList","@id":"https:\/\/usa-b2.com\/sv\/texas-hill-country\/#breadcrumb","itemListElement":[{"@type":"ListItem","position":1,"name":"Accueil","item":"https:\/\/usa-b2.com\/sv\/usa\/"},{"@type":"ListItem","position":2,"name":"Road trip i texas bergslandskap: guide till ett of\u00f6rgl\u00f6mligt \u00e4ventyr"}]},{"@type":"WebSite","@id":"https:\/\/usa-b2.com\/sv\/#website","url":"https:\/\/usa-b2.com\/sv\/","name":"USA B2 VISA","description":"","potentialAction":[{"@type":"SearchAction","target":{"@type":"EntryPoint","urlTemplate":"https:\/\/usa-b2.com\/sv\/?s={search_term_string}"},"query-input":{"@type":"PropertyValueSpecification","valueRequired":true,"valueName":"search_term_string"}}],"inLanguage":"sv-SE"}]}},"_links":{"self":[{"href":"https:\/\/usa-b2.com\/sv\/wp-json\/wp\/v2\/pages\/7936","targetHints":{"allow":["GET"]}}],"collection":[{"href":"https:\/\/usa-b2.com\/sv\/wp-json\/wp\/v2\/pages"}],"about":[{"href":"https:\/\/usa-b2.com\/sv\/wp-json\/wp\/v2\/types\/page"}],"author":[{"embeddable":true,"href":"https:\/\/usa-b2.com\/sv\/wp-json\/wp\/v2\/users\/1"}],"replies":[{"embeddable":true,"href":"https:\/\/usa-b2.com\/sv\/wp-json\/wp\/v2\/comments?post=7936"}],"version-history":[{"count":2,"href":"https:\/\/usa-b2.com\/sv\/wp-json\/wp\/v2\/pages\/7936\/revisions"}],"predecessor-version":[{"id":9386,"href":"https:\/\/usa-b2.com\/sv\/wp-json\/wp\/v2\/pages\/7936\/revisions\/9386"}],"wp:featuredmedia":[{"embeddable":true,"href":"https:\/\/usa-b2.com\/sv\/wp-json\/wp\/v2\/media\/7976"}],"wp:attachment":[{"href":"https:\/\/usa-b2.com\/sv\/wp-json\/wp\/v2\/media?parent=7936"}],"curies":[{"name":"wp","href":"https:\/\/api.w.org\/{rel}","templated":true}]}}