{"id":7884,"date":"2025-03-17T13:11:22","date_gmt":"2025-03-17T13:11:22","guid":{"rendered":"https:\/\/usa-b2.com\/deep-south-music-tour\/"},"modified":"2025-06-05T10:21:20","modified_gmt":"2025-06-05T10:21:20","slug":"deep-south-music-tour","status":"publish","type":"page","link":"https:\/\/usa-b2.com\/sv\/deep-south-music-tour\/","title":{"rendered":"Roadtrip i den djupa s\u00f6dern: resv\u00e4g, viktiga stopp och m\u00e5ste-se-upplevelser"},"content":{"rendered":"\n<h1 class=\"wp-block-heading\">Deep South med bil: guide till den perfekta roadtripen<\/h1>\n\n<p>Den <a href=\"https:\/\/www.deep-south-usa.com\/alabama\/fly-drives\/music-tour\">djupa s\u00f6dern<\/a> i USA \u00e4r en region som genomsyras av historia, kultur och musik. Denna roadtrip tar dig till hj\u00e4rtat av blues-, jazz- och countrymusikens r\u00f6tter, genom legendariska landskap och ikoniska st\u00e4der som <a href=\"https:\/\/www.nashville.com\/\">Nashville<\/a>, <a href=\"https:\/\/www.memphistravel.com\/\">Memphis<\/a> och <a href=\"https:\/\/www.neworleans.com\/\">New Orleans<\/a>. Med konserter, historiska platser och gastronomiska stopp lovar denna resv\u00e4g en unik upplevelse f\u00f6r \u00e4lskare av musik och \u00e4ventyr.  <\/p>\n\n<figure class=\"wp-block-image size-large\"><img fetchpriority=\"high\" decoding=\"async\" width=\"1024\" height=\"576\" src=\"https:\/\/usa-b2.com\/wp-content\/uploads\/2025\/03\/Deep-South-Music-2-1024x576.png\" alt=\"\" class=\"wp-image-8063\" srcset=\"https:\/\/usa-b2.com\/wp-content\/uploads\/2025\/03\/Deep-South-Music-2-1024x576.png 1024w, https:\/\/usa-b2.com\/wp-content\/uploads\/2025\/03\/Deep-South-Music-2-300x169.png 300w, https:\/\/usa-b2.com\/wp-content\/uploads\/2025\/03\/Deep-South-Music-2-768x432.png 768w, https:\/\/usa-b2.com\/wp-content\/uploads\/2025\/03\/Deep-South-Music-2.png 1367w\" sizes=\"(max-width: 1024px) 100vw, 1024px\" \/><\/figure>\n\n<h2 class=\"wp-block-heading\">Resv\u00e4g: Nashville till New Orleans<\/h2>\n\n<h3 class=\"wp-block-heading\">1.1. Avresa fr\u00e5n Nashville, Tennessee<\/h3>\n\n<p>Nashville, som anses vara countrymusikens huvudstad, \u00e4r den perfekta utg\u00e5ngspunkten. Bes\u00f6k <a href=\"https:\/\/www.countrymusichalloffame.org\/\">Country Music Hall of Fame<\/a>, g\u00e5 p\u00e5 konsert p\u00e5 <a href=\"https:\/\/www.opry.com\/\">Grand Ole Opry<\/a> och strosa l\u00e4ngs <a href=\"https:\/\/www.broadway.com\/\">Broadway<\/a>, d\u00e4r artister spelar live i ikoniska barer. <\/p>\n\n<h3 class=\"wp-block-heading\">1.2. Memphis, Tennessee: Bluesens och Elvis land<\/h3>\n\n<p>Efter en tre timmars bilresa stannar vi till vid <a href=\"https:\/\/www.graceland.com\/\">Graceland<\/a>,<a href=\"https:\/\/en.wikipedia.org\/wiki\/Elvis_Presley\">Elvis Presleys<\/a> tidigare hem. <a href=\"https:\/\/bealestreet.com\/\">Beale Street<\/a> \u00e4r ett m\u00e5ste f\u00f6r bluesfans, med sina legendariska klubbar. <a href=\"https:\/\/www.civilrightsmuseum.org\/visit\/?source=adwords&amp;campaign=&amp;medium=cpc&amp;keyword=national%20civil%20rights%20museum&amp;target=kwd-329492642321&amp;loc=9222727&amp;device=c&amp;gad_source=1&amp;gclid=Cj0KCQjwkN--BhDkARIsAD_mnIovXJ9uKCG2eyQDXN0RhNo1qqhfKbEZfUeXq_qc6AysXcXBrKIjyKAaAt8yEALw_wcB\">National Civil Rights Museum<\/a>, som ligger i det tidigare Lorraine Motel, f\u00e5r man inte missa. <\/p>\n\n<h3 class=\"wp-block-heading\">1.3. Clarksdale, Mississippi: Vid r\u00f6tterna till Delta Blues<\/h3>\n\n<p><a href=\"https:\/\/www.cityofclarksdale.org\/\">Clarksdale<\/a> \u00e4r en liten stad i <a href=\"https:\/\/www.ms.gov\/\">Mississippi<\/a> och f\u00f6delseplatsen f\u00f6r Delta Blues. <a href=\"https:\/\/www.deltabluesmuseum.org\/\">Delta Blues Museum<\/a> och <a href=\"https:\/\/www.clarksdale.com\/crossroads.php\">Crossroads<\/a>, d\u00e4r Robert Johnson s\u00e4gs ha s\u00e5lt sin sj\u00e4l till dj\u00e4vulen, \u00e4r obligatoriska stopp. <\/p>\n\n<h3 class=\"wp-block-heading\">1.4. New Orleans, Louisiana: Jazz n\u00e4r den \u00e4r som b\u00e4st<\/h3>\n\n<p>Roadtripen avslutas i denna pulserande stad. Promenera genom <a href=\"https:\/\/www.neworleans.com\/plan\/neighborhoods\/french-quarter\/\">French Quarter<\/a>, uppt\u00e4ck jazzklubbarna p\u00e5 <a href=\"https:\/\/www.frenchquarter.com\/frenchmen-street\/\">Frenchmen Street<\/a> och njut av beignets p\u00e5 <a href=\"https:\/\/shop.cafedumonde.com\/\">Caf\u00e9 du Monde<\/a>. <\/p>\n\n<h2 class=\"wp-block-heading\">Landskap och nationalparker: Of\u00f6rgl\u00f6mliga natursk\u00f6na rutter<\/h2>\n\n<h3 class=\"wp-block-heading\">Great Smoky Mountains: En spektakul\u00e4r naturlig passage<\/h3>\n\n<p>Innan du ens kommer till Nashville kan du g\u00f6ra en avstickare till <a href=\"https:\/\/friendsofthesmokies.org\/?gad_source=1&amp;gclid=Cj0KCQjwkN--BhDkARIsAD_mnIrzh_s0i4f90vUCfk37IDHlKDA73wyXZI0Lgky0I4paZsPiGmDajhsaAkbJEALw_wcB\">Great Smoky Mountains<\/a>, en nationalpark med dimmiga vyer och skogskl\u00e4dda stigar som \u00e4r perfekta f\u00f6r din f\u00f6rsta vistelse i naturen.<\/p>\n\n<h3 class=\"wp-block-heading\">Natchez Trace Parkway: En historisk rutt<\/h3>\n\n<p><a href=\"https:\/\/www.scenictrace.com\/\">Natchez Trace Parkway<\/a> \u00e4r en 700 km l\u00e5ng rutt som korsar <a href=\"https:\/\/www.tn.gov\/\">Tennessee<\/a>, Mississippi och<a href=\"https:\/\/www.alabama.gov\/\">Alabama<\/a>. Den \u00e4r full av historiska stopp och utsiktsplatser och \u00e4r perfekt f\u00f6r den som \u00e4lskar fotografering och historia. <\/p>\n\n<h3 class=\"wp-block-heading\">Louisianas bayous: F\u00f6rdjupning i en annan v\u00e4rld<\/h3>\n\n<p>Innan du anl\u00e4nder till New Orleans kan du utforska <a href=\"https:\/\/www.louisiana.gov\/\">Louisianas<\/a> bayous med b\u00e5t f\u00f6r att observera alligatorer och lokala djurliv.<\/p>\n\n<h2 class=\"wp-block-heading\">Var ska jag sova? Autentiska hotell och boende <\/h2>\n\n<h3 class=\"wp-block-heading\">Nashville: Mellan modernitet och tradition<\/h3>\n\n<p><a href=\"https:\/\/www.huttonhotel.com\/\">Hutton<\/a> Hotel och<a href=\"https:\/\/www.omnihotels.com\/hotels\/nashville?utm_source=gmblisting&amp;utm_medium=organic\">Omni Nashville Hotel<\/a> erbjuder komfort i toppklass. F\u00f6r en autentisk upplevelse, v\u00e4lj en Airbnb i East Nashville. <\/p>\n\n<h3 class=\"wp-block-heading\">Memphis: S\u00f6derns charm<\/h3>\n\n<p><a href=\"https:\/\/www.peabodymemphis.com\/?utm_source=local-directories&amp;utm_medium=organic&amp;utm_campaign=travelclick-localconnect-featured\">Peabody Hotel<\/a>, som \u00e4r k\u00e4nt f\u00f6r sin ankparad, \u00e4r ett ikoniskt val. F\u00f6r ett mer prisv\u00e4rt alternativ \u00e4r <a href=\"https:\/\/www.marriott.com\/en-us\/hotels\/memox-moxy-memphis-downtown\/overview\/?scid=f2ae0541-1279-4f24-b197-a979c79310b0\">Moxy Memphis Downtown<\/a> perfekt. <\/p>\n\n<h3 class=\"wp-block-heading\">New Orleans: F\u00f6rdjupa dig i jazzatmosf\u00e4ren<\/h3>\n\n<p><a href=\"https:\/\/www.sonesta.com\/royal-sonesta\/la\/new-orleans\/royal-sonesta-new-orleans\">Royal Sonesta Hotel<\/a> p\u00e5 <a href=\"https:\/\/www.neworleans.com\/plan\/streets\/bourbon-street\/\">Bourbon<\/a> Street placerar dig mitt i h\u00e4ndelsernas centrum, medan <a href=\"https:\/\/hotelmonteleone.com\/\">Hotel Monteleone<\/a> erbjuder en touch av historisk lyx.<\/p>\n\n<h2 class=\"wp-block-heading\">Instagrammbara fotoplatser<\/h2>\n\n<figure class=\"wp-block-table\"><table class=\"has-fixed-layout\"><tbody><tr><td><strong>Plats<\/strong><\/td><td><strong>Stad<\/strong><\/td><td><strong>Specifik<\/strong><\/td><\/tr><tr><td><a href=\"https:\/\/www.trolleytours.com\/nashville\/broadway\">Broadway Street<\/a><\/td><td>Nashville<\/td><td>Neonljus och livekonserter<\/td><\/tr><tr><td><a href=\"https:\/\/www.memphistravel.com\/beale-street\">Beale Street<\/a><\/td><td>Memphis<\/td><td>Ikonisk bluesatmosf\u00e4r<\/td><\/tr><tr><td><a href=\"https:\/\/www.coastalridgefarm.com\/\">F\u00e4lt med solrosor<\/a><\/td><td>Mississippi<\/td><td>F\u00e4rgstarka landskap<\/td><\/tr><tr><td>Franska kvarteren<\/td><td>New Orleans<\/td><td>Historisk arkitektur och gatukonst<\/td><\/tr><\/tbody><\/table><\/figure>\n\n<h2 class=\"wp-block-heading\">Aktiviteter enligt din typ av resa<\/h2>\n\n<h3 class=\"wp-block-heading\">Som par: Romantik och musik<\/h3>\n\n<p>Det finns inget b\u00e4ttre \u00e4n en middagskryssning p\u00e5 Mississippi och att lyssna p\u00e5 livejazz i New Orleans. I Nashville erbjuder en kv\u00e4ll p\u00e5 <a href=\"https:\/\/bluebirdcafe.com\/\">Bluebird Cafe<\/a> en intim atmosf\u00e4r som \u00e4r perfekt f\u00f6r en romantisk duo. <\/p>\n\n<h3 class=\"wp-block-heading\">Med familjen: Ett \u00e4ventyr som \u00e4r tillg\u00e4ngligt f\u00f6r alla<\/h3>\n\n<p>Barnen kommer att \u00e4lska <a href=\"https:\/\/www.memphisrocknsoul.org\/\">Rock &amp; Soul Museum<\/a> i Memphis och en tur med en paddelb\u00e5t p\u00e5 Mississippi. I Tennessee \u00e4r <a href=\"https:\/\/www.dollywood.com\/\">temaparken Dollywood<\/a> en unik upplevelse som kombinerar countrymusik och attraktioner. <\/p>\n\n<p>The Deep South \u00e4r en av de <a href=\"https:\/\/usa-b2.com\/\">b\u00e4sta roadtrips i Amerika<\/a>. Med konserter, historiska platser, magnifika landskap och ikoniska hotell \u00e4r varje etapp full av \u00f6verraskningar och uppt\u00e4ckter. Oavsett om du reser som ett par eller som en familj kommer denna minnesv\u00e4rda resa att l\u00e4mna dig med of\u00f6rgl\u00f6mliga minnen och melodier som etsar sig fast i ditt hj\u00e4rta.  <\/p>\n","protected":false},"excerpt":{"rendered":"<p>Deep South med bil: guide till den perfekta roadtripen Den djupa s\u00f6dern i USA \u00e4r en region som genomsyras av historia, kultur och musik. Denna roadtrip tar dig till hj\u00e4rtat av blues-, jazz- och countrymusikens r\u00f6tter, genom legendariska landskap och ikoniska st\u00e4der som Nashville, Memphis och New Orleans. Med konserter, historiska platser och gastronomiska stopp [&hellip;]<\/p>\n","protected":false},"author":1,"featured_media":0,"parent":0,"menu_order":0,"comment_status":"closed","ping_status":"closed","template":"","meta":{"footnotes":""},"class_list":["post-7884","page","type-page","status-publish","hentry"],"yoast_head":"<!-- This site is optimized with the Yoast SEO plugin v27.4 - https:\/\/yoast.com\/product\/yoast-seo-wordpress\/ -->\n<title>Roadtrip i den djupa s\u00f6dern: resv\u00e4g, viktiga stopp och m\u00e5ste-se-upplevelser - USA B2<\/title>\n<meta name=\"description\" content=\"Roadtrip i den djupa s\u00f6dern: resv\u00e4g, viktiga stopp, boende och aktiviteter fr\u00e5n Nashville till New Orleans!\" \/>\n<meta name=\"robots\" content=\"index, follow, max-snippet:-1, max-image-preview:large, max-video-preview:-1\" \/>\n<link rel=\"canonical\" href=\"https:\/\/usa-b2.com\/sv\/deep-south-music-tour\/\" \/>\n<meta property=\"og:locale\" content=\"sv_SE\" \/>\n<meta property=\"og:type\" content=\"article\" \/>\n<meta property=\"og:title\" content=\"Roadtrip i den djupa s\u00f6dern: resv\u00e4g, viktiga stopp och m\u00e5ste-se-upplevelser - USA B2\" \/>\n<meta property=\"og:description\" content=\"Roadtrip i den djupa s\u00f6dern: resv\u00e4g, viktiga stopp, boende och aktiviteter fr\u00e5n Nashville till New Orleans!\" \/>\n<meta property=\"og:url\" content=\"https:\/\/usa-b2.com\/sv\/deep-south-music-tour\/\" \/>\n<meta property=\"og:site_name\" content=\"USA B2\" \/>\n<meta property=\"article:modified_time\" content=\"2025-06-05T10:21:20+00:00\" \/>\n<meta property=\"og:image\" content=\"https:\/\/usa-b2.com\/wp-content\/uploads\/2025\/03\/Deep-South-Music-2-1024x576.png\" \/>\n\t<meta property=\"og:image:width\" content=\"1024\" \/>\n\t<meta property=\"og:image:height\" content=\"576\" \/>\n\t<meta property=\"og:image:type\" content=\"image\/png\" \/>\n<meta name=\"twitter:card\" content=\"summary_large_image\" \/>\n<meta name=\"twitter:label1\" content=\"Ber\u00e4knad l\u00e4stid\" \/>\n\t<meta name=\"twitter:data1\" content=\"3 minuter\" \/>\n<script type=\"application\/ld+json\" class=\"yoast-schema-graph\">{\"@context\":\"https:\\\/\\\/schema.org\",\"@graph\":[{\"@type\":\"WebPage\",\"@id\":\"https:\\\/\\\/usa-b2.com\\\/sv\\\/deep-south-music-tour\\\/\",\"url\":\"https:\\\/\\\/usa-b2.com\\\/sv\\\/deep-south-music-tour\\\/\",\"name\":\"Roadtrip i den djupa s\u00f6dern: resv\u00e4g, viktiga stopp och m\u00e5ste-se-upplevelser - USA B2\",\"isPartOf\":{\"@id\":\"https:\\\/\\\/usa-b2.com\\\/sv\\\/#website\"},\"primaryImageOfPage\":{\"@id\":\"https:\\\/\\\/usa-b2.com\\\/sv\\\/deep-south-music-tour\\\/#primaryimage\"},\"image\":{\"@id\":\"https:\\\/\\\/usa-b2.com\\\/sv\\\/deep-south-music-tour\\\/#primaryimage\"},\"thumbnailUrl\":\"https:\\\/\\\/usa-b2.com\\\/wp-content\\\/uploads\\\/2025\\\/03\\\/Deep-South-Music-2-1024x576.png\",\"datePublished\":\"2025-03-17T13:11:22+00:00\",\"dateModified\":\"2025-06-05T10:21:20+00:00\",\"description\":\"Roadtrip i den djupa s\u00f6dern: resv\u00e4g, viktiga stopp, boende och aktiviteter fr\u00e5n Nashville till New Orleans!\",\"breadcrumb\":{\"@id\":\"https:\\\/\\\/usa-b2.com\\\/sv\\\/deep-south-music-tour\\\/#breadcrumb\"},\"inLanguage\":\"sv-SE\",\"potentialAction\":[{\"@type\":\"ReadAction\",\"target\":[\"https:\\\/\\\/usa-b2.com\\\/sv\\\/deep-south-music-tour\\\/\"]}]},{\"@type\":\"ImageObject\",\"inLanguage\":\"sv-SE\",\"@id\":\"https:\\\/\\\/usa-b2.com\\\/sv\\\/deep-south-music-tour\\\/#primaryimage\",\"url\":\"https:\\\/\\\/usa-b2.com\\\/wp-content\\\/uploads\\\/2025\\\/03\\\/Deep-South-Music-2-1024x576.png\",\"contentUrl\":\"https:\\\/\\\/usa-b2.com\\\/wp-content\\\/uploads\\\/2025\\\/03\\\/Deep-South-Music-2-1024x576.png\"},{\"@type\":\"BreadcrumbList\",\"@id\":\"https:\\\/\\\/usa-b2.com\\\/sv\\\/deep-south-music-tour\\\/#breadcrumb\",\"itemListElement\":[{\"@type\":\"ListItem\",\"position\":1,\"name\":\"Accueil\",\"item\":\"https:\\\/\\\/usa-b2.com\\\/sv\\\/usa\\\/\"},{\"@type\":\"ListItem\",\"position\":2,\"name\":\"Roadtrip i den djupa s\u00f6dern: resv\u00e4g, viktiga stopp och m\u00e5ste-se-upplevelser\"}]},{\"@type\":\"WebSite\",\"@id\":\"https:\\\/\\\/usa-b2.com\\\/sv\\\/#website\",\"url\":\"https:\\\/\\\/usa-b2.com\\\/sv\\\/\",\"name\":\"USA B2 VISA\",\"description\":\"\",\"potentialAction\":[{\"@type\":\"SearchAction\",\"target\":{\"@type\":\"EntryPoint\",\"urlTemplate\":\"https:\\\/\\\/usa-b2.com\\\/sv\\\/?s={search_term_string}\"},\"query-input\":{\"@type\":\"PropertyValueSpecification\",\"valueRequired\":true,\"valueName\":\"search_term_string\"}}],\"inLanguage\":\"sv-SE\"}]}<\/script>\n<!-- \/ Yoast SEO plugin. -->","yoast_head_json":{"title":"Roadtrip i den djupa s\u00f6dern: resv\u00e4g, viktiga stopp och m\u00e5ste-se-upplevelser - USA B2","description":"Roadtrip i den djupa s\u00f6dern: resv\u00e4g, viktiga stopp, boende och aktiviteter fr\u00e5n Nashville till New Orleans!","robots":{"index":"index","follow":"follow","max-snippet":"max-snippet:-1","max-image-preview":"max-image-preview:large","max-video-preview":"max-video-preview:-1"},"canonical":"https:\/\/usa-b2.com\/sv\/deep-south-music-tour\/","og_locale":"sv_SE","og_type":"article","og_title":"Roadtrip i den djupa s\u00f6dern: resv\u00e4g, viktiga stopp och m\u00e5ste-se-upplevelser - USA B2","og_description":"Roadtrip i den djupa s\u00f6dern: resv\u00e4g, viktiga stopp, boende och aktiviteter fr\u00e5n Nashville till New Orleans!","og_url":"https:\/\/usa-b2.com\/sv\/deep-south-music-tour\/","og_site_name":"USA B2","article_modified_time":"2025-06-05T10:21:20+00:00","og_image":[{"width":1024,"height":576,"url":"https:\/\/usa-b2.com\/wp-content\/uploads\/2025\/03\/Deep-South-Music-2-1024x576.png","type":"image\/png"}],"twitter_card":"summary_large_image","twitter_misc":{"Ber\u00e4knad l\u00e4stid":"3 minuter"},"schema":{"@context":"https:\/\/schema.org","@graph":[{"@type":"WebPage","@id":"https:\/\/usa-b2.com\/sv\/deep-south-music-tour\/","url":"https:\/\/usa-b2.com\/sv\/deep-south-music-tour\/","name":"Roadtrip i den djupa s\u00f6dern: resv\u00e4g, viktiga stopp och m\u00e5ste-se-upplevelser - USA B2","isPartOf":{"@id":"https:\/\/usa-b2.com\/sv\/#website"},"primaryImageOfPage":{"@id":"https:\/\/usa-b2.com\/sv\/deep-south-music-tour\/#primaryimage"},"image":{"@id":"https:\/\/usa-b2.com\/sv\/deep-south-music-tour\/#primaryimage"},"thumbnailUrl":"https:\/\/usa-b2.com\/wp-content\/uploads\/2025\/03\/Deep-South-Music-2-1024x576.png","datePublished":"2025-03-17T13:11:22+00:00","dateModified":"2025-06-05T10:21:20+00:00","description":"Roadtrip i den djupa s\u00f6dern: resv\u00e4g, viktiga stopp, boende och aktiviteter fr\u00e5n Nashville till New Orleans!","breadcrumb":{"@id":"https:\/\/usa-b2.com\/sv\/deep-south-music-tour\/#breadcrumb"},"inLanguage":"sv-SE","potentialAction":[{"@type":"ReadAction","target":["https:\/\/usa-b2.com\/sv\/deep-south-music-tour\/"]}]},{"@type":"ImageObject","inLanguage":"sv-SE","@id":"https:\/\/usa-b2.com\/sv\/deep-south-music-tour\/#primaryimage","url":"https:\/\/usa-b2.com\/wp-content\/uploads\/2025\/03\/Deep-South-Music-2-1024x576.png","contentUrl":"https:\/\/usa-b2.com\/wp-content\/uploads\/2025\/03\/Deep-South-Music-2-1024x576.png"},{"@type":"BreadcrumbList","@id":"https:\/\/usa-b2.com\/sv\/deep-south-music-tour\/#breadcrumb","itemListElement":[{"@type":"ListItem","position":1,"name":"Accueil","item":"https:\/\/usa-b2.com\/sv\/usa\/"},{"@type":"ListItem","position":2,"name":"Roadtrip i den djupa s\u00f6dern: resv\u00e4g, viktiga stopp och m\u00e5ste-se-upplevelser"}]},{"@type":"WebSite","@id":"https:\/\/usa-b2.com\/sv\/#website","url":"https:\/\/usa-b2.com\/sv\/","name":"USA B2 VISA","description":"","potentialAction":[{"@type":"SearchAction","target":{"@type":"EntryPoint","urlTemplate":"https:\/\/usa-b2.com\/sv\/?s={search_term_string}"},"query-input":{"@type":"PropertyValueSpecification","valueRequired":true,"valueName":"search_term_string"}}],"inLanguage":"sv-SE"}]}},"_links":{"self":[{"href":"https:\/\/usa-b2.com\/sv\/wp-json\/wp\/v2\/pages\/7884","targetHints":{"allow":["GET"]}}],"collection":[{"href":"https:\/\/usa-b2.com\/sv\/wp-json\/wp\/v2\/pages"}],"about":[{"href":"https:\/\/usa-b2.com\/sv\/wp-json\/wp\/v2\/types\/page"}],"author":[{"embeddable":true,"href":"https:\/\/usa-b2.com\/sv\/wp-json\/wp\/v2\/users\/1"}],"replies":[{"embeddable":true,"href":"https:\/\/usa-b2.com\/sv\/wp-json\/wp\/v2\/comments?post=7884"}],"version-history":[{"count":0,"href":"https:\/\/usa-b2.com\/sv\/wp-json\/wp\/v2\/pages\/7884\/revisions"}],"wp:attachment":[{"href":"https:\/\/usa-b2.com\/sv\/wp-json\/wp\/v2\/media?parent=7884"}],"curies":[{"name":"wp","href":"https:\/\/api.w.org\/{rel}","templated":true}]}}