{"id":7833,"date":"2025-03-17T11:01:36","date_gmt":"2025-03-17T11:01:36","guid":{"rendered":"https:\/\/usa-b2.com\/florida-keys\/"},"modified":"2025-06-05T09:53:49","modified_gmt":"2025-06-05T09:53:49","slug":"florida-keys","status":"publish","type":"page","link":"https:\/\/usa-b2.com\/sv\/florida-keys\/","title":{"rendered":"Road trip i Keys: resv\u00e4g, tips och m\u00e5sten i Florida"},"content":{"rendered":"\n<h1 class=\"wp-block-heading\">Guide till en roadtrip i US Keys<\/h1>\n\n<p><a href=\"https:\/\/fla-keys.com\/\">Florida Keys<\/a> \u00e4r en paradisisk arkipelag som str\u00e4cker sig \u00f6ver 180 km mellan Key Largo och Key West. Att resa denna legendariska rutt via <a href=\"https:\/\/en.wikipedia.org\/wiki\/Overseas_Highway\">Overseas Highway (US-1)<\/a> erbjuder of\u00f6rgl\u00f6mliga landskap, strategiska stopp och total neds\u00e4nkning i en unik tropisk atmosf\u00e4r. Oavsett om du reser som ett par, med din familj eller med v\u00e4nner, ger den h\u00e4r guiden dig allt du beh\u00f6ver veta om denna <a href=\"https:\/\/usa-b2.com\/sv\/\">amerikanska roadtrip<\/a>: resv\u00e4g, aktiviteter, boende och m\u00e5ste-se-platser.  <\/p>\n\n<figure class=\"wp-block-image size-large\"><img fetchpriority=\"high\" decoding=\"async\" width=\"1024\" height=\"576\" src=\"https:\/\/usa-b2.com\/wp-content\/uploads\/2025\/03\/Keys-Florida-1-1024x576.png\" alt=\"\" class=\"wp-image-8114\" srcset=\"https:\/\/usa-b2.com\/wp-content\/uploads\/2025\/03\/Keys-Florida-1-1024x576.png 1024w, https:\/\/usa-b2.com\/wp-content\/uploads\/2025\/03\/Keys-Florida-1-300x169.png 300w, https:\/\/usa-b2.com\/wp-content\/uploads\/2025\/03\/Keys-Florida-1-768x432.png 768w, https:\/\/usa-b2.com\/wp-content\/uploads\/2025\/03\/Keys-Florida-1.png 1099w\" sizes=\"(max-width: 1024px) 100vw, 1024px\" \/><\/figure>\n\n<h2 class=\"wp-block-heading\">Idealisk rutt genom Keys<\/h2>\n\n<p>Den klassiska rutten b\u00f6rjar i <a href=\"https:\/\/www.miami.gov\/Home\">Miami<\/a> och f\u00f6ljer <a href=\"https:\/\/en.wikivoyage.org\/wiki\/U.S._Highway_1\">US-1 s\u00f6derut<\/a> till <a href=\"https:\/\/www.cityofkeywest-fl.gov\/\">Key West<\/a>. H\u00e4r \u00e4r de viktigaste etapperna p\u00e5 rutten: <\/p>\n\n<ul class=\"wp-block-list\">\n<li><a href=\"https:\/\/www.homesteadfl.gov\/\">Homestead<\/a>: Porten till <a href=\"https:\/\/www.nps.gov\/ever\/index.htm\">Everglades<\/a>, perfekt f\u00f6r en tur med b\u00e4rplansb\u00e5t.<\/li>\n\n\n\n<li><a href=\"https:\/\/www.office-tourisme-usa.com\/etat\/floride\/key-largo\/\">Key Largo<\/a>: Perfekt f\u00f6r dykning i <a href=\"https:\/\/pennekamppark.com\/\">John Pennekamp Coral Reef State Park.<\/a><\/li>\n\n\n\n<li><a href=\"https:\/\/www.islamorada.fl.us\/\">Islamorada<\/a>: V\u00e4rldens huvudstad f\u00f6r storviltsfiske, perfekt f\u00f6r att smaka p\u00e5 f\u00e4rsk fisk.<\/li>\n\n\n\n<li><a href=\"https:\/\/www.ci.marathon.fl.us\/\">Marathon<\/a>: Den ikoniska Seven Mile Bridge och <a href=\"https:\/\/www.visitflorida.com\/travel-ideas\/articles\/sombrero-beach-in-marathon-florida-key-west\/\">Sombrero Beach<\/a>.<\/li>\n\n\n\n<li><strong><a href=\"https:\/\/www.floridastateparks.org\/BahiaHonda\">Bahia Honda State Park<\/a><\/strong> En av Keys vackraste str\u00e4nder.<\/li>\n\n\n\n<li><strong>Key West<\/strong>: Slutdestination, k\u00e4nd f\u00f6r sitt solnedg\u00e5ngsfirande p\u00e5 <a href=\"https:\/\/www.mallorysquare.com\/\">Mallory Square<\/a>.<\/li>\n<\/ul>\n\n<h2 class=\"wp-block-heading\">Landskap och naturliga stopp som inte g\u00e5r att missa<\/h2>\n\n<p>The <strong>Keys <\/strong>erbjuder ett varierat landskap med str\u00e4nder, nationalparker och korallrev.<\/p>\n\n<p>Bland nationalparkerna finns Everglades National Park, d\u00e4r man kan uppt\u00e4cka det lokala djurlivet, och <a href=\"https:\/\/www.nps.gov\/drto\/index.htm\">Dry Tortugas National Park<\/a>, som n\u00e5s med b\u00e5t fr\u00e5n Key West, d\u00e4r <a href=\"https:\/\/www.futura-sciences.com\/planete\/photos\/amerique-splendeur-parcs-nationaux-americains-1023\/amerique-fort-jefferson-parc-national-sec-tortugas-7010\/\">Fort Jefferson<\/a> och kristallklart vatten som \u00e4r perfekt f\u00f6r snorkling ligger.<\/p>\n\n<p>Andra of\u00f6rgl\u00f6mliga sev\u00e4rdheter \u00e4r <a href=\"https:\/\/www.tripadvisor.com\/Attraction_Review-g34347-d519772-Reviews-Seven_Mile_Bridge-Marathon_Florida_Keys_Florida.html\">Seven Mile Bridge<\/a>, en av v\u00e4rldens l\u00e4ngsta broar, <strong>Sombrero<\/strong> Beach i Marathon och de grunda vattnen i <a href=\"https:\/\/fla-keys.com\/keysvoices\/experience-big-pine-the-lower-keys\/\">Big Pine Key<\/a>, d\u00e4r du kan se hjortar som \u00e4r endemiska f\u00f6r regionen.<\/p>\n\n<h2 class=\"wp-block-heading\">Var ska man sova i Keys?<\/h2>\n\n<p>Att hitta r\u00e4tt boende \u00e4r avg\u00f6rande f\u00f6r att du ska f\u00e5 ut det mesta av din resa.<\/p>\n\n<p>Alternativen \u00e4r varierande, beroende p\u00e5 din budget och dina \u00f6nskem\u00e5l:<\/p>\n\n<figure class=\"wp-block-table\"><table class=\"has-fixed-layout\"><tbody><tr><td><strong>Stad<\/strong><\/td><td><strong>boende<\/strong><\/td><td><strong>Genomsnittligt pris\/natt<\/strong><\/td><\/tr><tr><td>Key Largo<\/td><td><a href=\"https:\/\/www.marriott.com\/en-us\/hotels\/mthak-playa-largo-resort-and-spa-autograph-collection\/overview\/?scid=f2ae0541-1279-4f24-b197-a979c79310b0\">Playa Largo Resort &amp; Spa<\/a><\/td><td>180$<\/td><\/tr><tr><td>Maraton<\/td><td><a href=\"https:\/\/www.hawkscay.com\/?NCK=8666906422&amp;utm_source=google&amp;utm_medium=listing&amp;utm_campaign=hawks+cay+resort\">Hawks Cay Resort<\/a><\/td><td>250$<\/td><\/tr><tr><td>Key West<\/td><td><a href=\"https:\/\/www.themarkerkeywest.com\/?NCK=gl-marker\">The Marker Waterfront Resort<\/a><\/td><td>300$<\/td><\/tr><\/tbody><\/table><\/figure>\n\n<h2 class=\"wp-block-heading\">Instagrammbara fotoplatser<\/h2>\n\n<p>The Keys erbjuder m\u00e5nga ikoniska platser som \u00e4r perfekta f\u00f6r dina foton.<\/p>\n\n<p><a href=\"https:\/\/cityofkeywest-fl.gov\/Facilities\/Facility\/Details\/Southernmost-Point-44\">Southernmost Point i Key West<\/a> \u00e4r ett m\u00e5ste att se, liksom <a href=\"https:\/\/7milebridge.website\/\">Seven Mile Bridge<\/a> i solnedg\u00e5ngen. Om du \u00e4r ute efter en tropisk milj\u00f6 kan du bege dig till <a href=\"https:\/\/www.floridastateparks.org\/BahiaHonda\">Bahia Honda State Park<\/a>, som \u00e4r k\u00e4nd f\u00f6r sitt turkosa vatten. <\/p>\n\n<p>Till de mer ovanliga upplevelserna h\u00f6r den neds\u00e4nkta statyn <a href=\"https:\/\/www.atlasobscura.com\/places\/christ-of-the-abyss-florida\">Christ of the Abyss<\/a> i Key Largo, en unik dykupplevelse, och <a href=\"https:\/\/www.sunsetcelebration.org\/\">Sunset Celebration<\/a> p\u00e5 <a href=\"https:\/\/www.mallorysquare.com\/\">Mallory Square i Key West,<\/a> som garanterar spektakul\u00e4ra bilder.<\/p>\n\n<h2 class=\"wp-block-heading\">Aktiviteter f\u00f6r par och familjer<\/h2>\n\n<h3 class=\"wp-block-heading\">Par<\/h3>\n\n<p>En resa till Keys \u00e4r en romantisk tillflyktsort par excellence. En middag vid havet, t.ex. p\u00e5 <a href=\"https:\/\/www.moradabaykeys.com\/dining\/pierres-restaurant\/\">Pierre&#8217;s Restaurant<\/a> i Islamorada, \u00e4r den perfekta inramningen. Segelb\u00e5tsturer i solnedg\u00e5ngen till Key West \u00e4r of\u00f6rgl\u00f6mliga, liksom en dag med snorkling vid <a href=\"https:\/\/floridakeys.noaa.gov\/zones\/spas\/loeekey.html\">Looe Key Reef<\/a>.  <\/p>\n\n<h3 class=\"wp-block-heading\">Familj<\/h3>\n\n<p>The Keys \u00e4r ocks\u00e5 ett perfekt resm\u00e5l f\u00f6r familjer. Barn kommer att \u00e4lska det: <\/p>\n\n<ul class=\"wp-block-list\">\n<li>Simma med delfiner p\u00e5 <a href=\"https:\/\/dolphins.org\/\">Dolphin Research Center<\/a> i Marathon.<\/li>\n\n\n\n<li>Utforska Key Wests interaktiva akvarier.<\/li>\n\n\n\n<li>Kajak genom mangroven p\u00e5 <a href=\"https:\/\/www.expedia.fr\/Big-Pine-Key.dx7195\">Big Pine Key<\/a>.<\/li>\n<\/ul>\n\n<p>Att resa genom Florida Keys \u00e4r en unik upplevelse som kombinerar sublim natur, en m\u00e4ngd olika aktiviteter och kvalitetsboende. Oavsett om du \u00e4r dykare, roadtrip-entusiast eller p\u00e5 jakt efter romantik, lovar den h\u00e4r resan of\u00f6rgl\u00f6mliga minnen. Planera din resv\u00e4g, boka dina hotell och njut av ett exceptionellt \u00e4ventyr p\u00e5 en av de mest legendariska v\u00e4garna i USA!  <\/p>\n\n<p><\/p>\n","protected":false},"excerpt":{"rendered":"<p>Guide till en roadtrip i US Keys Florida Keys \u00e4r en paradisisk arkipelag som str\u00e4cker sig \u00f6ver 180 km mellan Key Largo och Key West. Att resa denna legendariska rutt via Overseas Highway (US-1) erbjuder of\u00f6rgl\u00f6mliga landskap, strategiska stopp och total neds\u00e4nkning i en unik tropisk atmosf\u00e4r. Oavsett om du reser som ett par, med [&hellip;]<\/p>\n","protected":false},"author":1,"featured_media":0,"parent":0,"menu_order":0,"comment_status":"closed","ping_status":"closed","template":"","meta":{"footnotes":""},"class_list":["post-7833","page","type-page","status-publish","hentry"],"yoast_head":"<!-- This site is optimized with the Yoast SEO plugin v27.4 - https:\/\/yoast.com\/product\/yoast-seo-wordpress\/ -->\n<title>Road trip i Keys: resv\u00e4g, tips och m\u00e5sten i Florida - USA B2<\/title>\n<meta name=\"description\" content=\"Uppt\u00e4ck guiden till Florida Keys road trip: resv\u00e4g, landskap, hotell, aktiviteter och Instagrammable fotoplatser.\" \/>\n<meta name=\"robots\" content=\"index, follow, max-snippet:-1, max-image-preview:large, max-video-preview:-1\" \/>\n<link rel=\"canonical\" href=\"https:\/\/usa-b2.com\/sv\/florida-keys\/\" \/>\n<meta property=\"og:locale\" content=\"sv_SE\" \/>\n<meta property=\"og:type\" content=\"article\" \/>\n<meta property=\"og:title\" content=\"Road trip i Keys: resv\u00e4g, tips och m\u00e5sten i Florida - USA B2\" \/>\n<meta property=\"og:description\" content=\"Uppt\u00e4ck guiden till Florida Keys road trip: resv\u00e4g, landskap, hotell, aktiviteter och Instagrammable fotoplatser.\" \/>\n<meta property=\"og:url\" content=\"https:\/\/usa-b2.com\/sv\/florida-keys\/\" \/>\n<meta property=\"og:site_name\" content=\"USA B2\" \/>\n<meta property=\"article:modified_time\" content=\"2025-06-05T09:53:49+00:00\" \/>\n<meta property=\"og:image\" content=\"https:\/\/usa-b2.com\/wp-content\/uploads\/2025\/03\/Keys-Florida-1.png\" \/>\n\t<meta property=\"og:image:width\" content=\"1099\" \/>\n\t<meta property=\"og:image:height\" content=\"618\" \/>\n\t<meta property=\"og:image:type\" content=\"image\/png\" \/>\n<meta name=\"twitter:card\" content=\"summary_large_image\" \/>\n<meta name=\"twitter:label1\" content=\"Ber\u00e4knad l\u00e4stid\" \/>\n\t<meta name=\"twitter:data1\" content=\"3 minuter\" \/>\n<script type=\"application\/ld+json\" class=\"yoast-schema-graph\">{\"@context\":\"https:\\\/\\\/schema.org\",\"@graph\":[{\"@type\":\"WebPage\",\"@id\":\"https:\\\/\\\/usa-b2.com\\\/sv\\\/florida-keys\\\/\",\"url\":\"https:\\\/\\\/usa-b2.com\\\/sv\\\/florida-keys\\\/\",\"name\":\"Road trip i Keys: resv\u00e4g, tips och m\u00e5sten i Florida - USA B2\",\"isPartOf\":{\"@id\":\"https:\\\/\\\/usa-b2.com\\\/sv\\\/#website\"},\"primaryImageOfPage\":{\"@id\":\"https:\\\/\\\/usa-b2.com\\\/sv\\\/florida-keys\\\/#primaryimage\"},\"image\":{\"@id\":\"https:\\\/\\\/usa-b2.com\\\/sv\\\/florida-keys\\\/#primaryimage\"},\"thumbnailUrl\":\"https:\\\/\\\/usa-b2.com\\\/wp-content\\\/uploads\\\/2025\\\/03\\\/Keys-Florida-1-1024x576.png\",\"datePublished\":\"2025-03-17T11:01:36+00:00\",\"dateModified\":\"2025-06-05T09:53:49+00:00\",\"description\":\"Uppt\u00e4ck guiden till Florida Keys road trip: resv\u00e4g, landskap, hotell, aktiviteter och Instagrammable fotoplatser.\",\"breadcrumb\":{\"@id\":\"https:\\\/\\\/usa-b2.com\\\/sv\\\/florida-keys\\\/#breadcrumb\"},\"inLanguage\":\"sv-SE\",\"potentialAction\":[{\"@type\":\"ReadAction\",\"target\":[\"https:\\\/\\\/usa-b2.com\\\/sv\\\/florida-keys\\\/\"]}]},{\"@type\":\"ImageObject\",\"inLanguage\":\"sv-SE\",\"@id\":\"https:\\\/\\\/usa-b2.com\\\/sv\\\/florida-keys\\\/#primaryimage\",\"url\":\"https:\\\/\\\/usa-b2.com\\\/wp-content\\\/uploads\\\/2025\\\/03\\\/Keys-Florida-1-1024x576.png\",\"contentUrl\":\"https:\\\/\\\/usa-b2.com\\\/wp-content\\\/uploads\\\/2025\\\/03\\\/Keys-Florida-1-1024x576.png\"},{\"@type\":\"BreadcrumbList\",\"@id\":\"https:\\\/\\\/usa-b2.com\\\/sv\\\/florida-keys\\\/#breadcrumb\",\"itemListElement\":[{\"@type\":\"ListItem\",\"position\":1,\"name\":\"Accueil\",\"item\":\"https:\\\/\\\/usa-b2.com\\\/sv\\\/usa\\\/\"},{\"@type\":\"ListItem\",\"position\":2,\"name\":\"Road trip i Keys: resv\u00e4g, tips och m\u00e5sten i Florida\"}]},{\"@type\":\"WebSite\",\"@id\":\"https:\\\/\\\/usa-b2.com\\\/sv\\\/#website\",\"url\":\"https:\\\/\\\/usa-b2.com\\\/sv\\\/\",\"name\":\"USA B2 VISA\",\"description\":\"\",\"potentialAction\":[{\"@type\":\"SearchAction\",\"target\":{\"@type\":\"EntryPoint\",\"urlTemplate\":\"https:\\\/\\\/usa-b2.com\\\/sv\\\/?s={search_term_string}\"},\"query-input\":{\"@type\":\"PropertyValueSpecification\",\"valueRequired\":true,\"valueName\":\"search_term_string\"}}],\"inLanguage\":\"sv-SE\"}]}<\/script>\n<!-- \/ Yoast SEO plugin. -->","yoast_head_json":{"title":"Road trip i Keys: resv\u00e4g, tips och m\u00e5sten i Florida - USA B2","description":"Uppt\u00e4ck guiden till Florida Keys road trip: resv\u00e4g, landskap, hotell, aktiviteter och Instagrammable fotoplatser.","robots":{"index":"index","follow":"follow","max-snippet":"max-snippet:-1","max-image-preview":"max-image-preview:large","max-video-preview":"max-video-preview:-1"},"canonical":"https:\/\/usa-b2.com\/sv\/florida-keys\/","og_locale":"sv_SE","og_type":"article","og_title":"Road trip i Keys: resv\u00e4g, tips och m\u00e5sten i Florida - USA B2","og_description":"Uppt\u00e4ck guiden till Florida Keys road trip: resv\u00e4g, landskap, hotell, aktiviteter och Instagrammable fotoplatser.","og_url":"https:\/\/usa-b2.com\/sv\/florida-keys\/","og_site_name":"USA B2","article_modified_time":"2025-06-05T09:53:49+00:00","og_image":[{"width":1099,"height":618,"url":"https:\/\/usa-b2.com\/wp-content\/uploads\/2025\/03\/Keys-Florida-1.png","type":"image\/png"}],"twitter_card":"summary_large_image","twitter_misc":{"Ber\u00e4knad l\u00e4stid":"3 minuter"},"schema":{"@context":"https:\/\/schema.org","@graph":[{"@type":"WebPage","@id":"https:\/\/usa-b2.com\/sv\/florida-keys\/","url":"https:\/\/usa-b2.com\/sv\/florida-keys\/","name":"Road trip i Keys: resv\u00e4g, tips och m\u00e5sten i Florida - USA B2","isPartOf":{"@id":"https:\/\/usa-b2.com\/sv\/#website"},"primaryImageOfPage":{"@id":"https:\/\/usa-b2.com\/sv\/florida-keys\/#primaryimage"},"image":{"@id":"https:\/\/usa-b2.com\/sv\/florida-keys\/#primaryimage"},"thumbnailUrl":"https:\/\/usa-b2.com\/wp-content\/uploads\/2025\/03\/Keys-Florida-1-1024x576.png","datePublished":"2025-03-17T11:01:36+00:00","dateModified":"2025-06-05T09:53:49+00:00","description":"Uppt\u00e4ck guiden till Florida Keys road trip: resv\u00e4g, landskap, hotell, aktiviteter och Instagrammable fotoplatser.","breadcrumb":{"@id":"https:\/\/usa-b2.com\/sv\/florida-keys\/#breadcrumb"},"inLanguage":"sv-SE","potentialAction":[{"@type":"ReadAction","target":["https:\/\/usa-b2.com\/sv\/florida-keys\/"]}]},{"@type":"ImageObject","inLanguage":"sv-SE","@id":"https:\/\/usa-b2.com\/sv\/florida-keys\/#primaryimage","url":"https:\/\/usa-b2.com\/wp-content\/uploads\/2025\/03\/Keys-Florida-1-1024x576.png","contentUrl":"https:\/\/usa-b2.com\/wp-content\/uploads\/2025\/03\/Keys-Florida-1-1024x576.png"},{"@type":"BreadcrumbList","@id":"https:\/\/usa-b2.com\/sv\/florida-keys\/#breadcrumb","itemListElement":[{"@type":"ListItem","position":1,"name":"Accueil","item":"https:\/\/usa-b2.com\/sv\/usa\/"},{"@type":"ListItem","position":2,"name":"Road trip i Keys: resv\u00e4g, tips och m\u00e5sten i Florida"}]},{"@type":"WebSite","@id":"https:\/\/usa-b2.com\/sv\/#website","url":"https:\/\/usa-b2.com\/sv\/","name":"USA B2 VISA","description":"","potentialAction":[{"@type":"SearchAction","target":{"@type":"EntryPoint","urlTemplate":"https:\/\/usa-b2.com\/sv\/?s={search_term_string}"},"query-input":{"@type":"PropertyValueSpecification","valueRequired":true,"valueName":"search_term_string"}}],"inLanguage":"sv-SE"}]}},"_links":{"self":[{"href":"https:\/\/usa-b2.com\/sv\/wp-json\/wp\/v2\/pages\/7833","targetHints":{"allow":["GET"]}}],"collection":[{"href":"https:\/\/usa-b2.com\/sv\/wp-json\/wp\/v2\/pages"}],"about":[{"href":"https:\/\/usa-b2.com\/sv\/wp-json\/wp\/v2\/types\/page"}],"author":[{"embeddable":true,"href":"https:\/\/usa-b2.com\/sv\/wp-json\/wp\/v2\/users\/1"}],"replies":[{"embeddable":true,"href":"https:\/\/usa-b2.com\/sv\/wp-json\/wp\/v2\/comments?post=7833"}],"version-history":[{"count":0,"href":"https:\/\/usa-b2.com\/sv\/wp-json\/wp\/v2\/pages\/7833\/revisions"}],"wp:attachment":[{"href":"https:\/\/usa-b2.com\/sv\/wp-json\/wp\/v2\/media?parent=7833"}],"curies":[{"name":"wp","href":"https:\/\/api.w.org\/{rel}","templated":true}]}}