{"id":6289,"date":"2025-01-15T12:24:32","date_gmt":"2025-01-15T12:24:32","guid":{"rendered":"https:\/\/usa-b2.com\/strander-florida-atlantiska-kusten\/"},"modified":"2025-01-16T15:37:47","modified_gmt":"2025-01-16T15:37:47","slug":"strander-florida-atlantiska-kusten","status":"publish","type":"page","link":"https:\/\/usa-b2.com\/sv\/strander-florida-atlantiska-kusten\/","title":{"rendered":"Utforska Floridas str\u00e4nder p\u00e5 Atlantkusten"},"content":{"rendered":"\n<h1 class=\"wp-block-heading\">Vilka \u00e4r de b\u00e4sta str\u00e4nderna att uppt\u00e4cka p\u00e5 Floridas Atlantkust?<\/h1>\n\n<p>Floridas Atlantkust \u00e4r ett dr\u00f6mresm\u00e5l f\u00f6r alla som \u00e4lskar sol, sand och v\u00e5gor. Med sina ikoniska str\u00e4nder, charmiga kustst\u00e4der och m\u00e5nga vattensportaktiviteter erbjuder denna region en varierad upplevelse f\u00f6r alla typer av resen\u00e4rer. Oavsett om du \u00e4r ute efter avkoppling, \u00e4ventyr eller familjetid, hj\u00e4lper den h\u00e4r guiden dig att planera den perfekta strandsemestern i Florida.  <\/p>\n\n<figure class=\"wp-block-image size-full\"><img fetchpriority=\"high\" decoding=\"async\" width=\"858\" height=\"483\" src=\"https:\/\/usa-b2.com\/wp-content\/uploads\/2025\/01\/Floride-Beaches-Atlantic-Coast-USA-edited.png\" alt=\"\" class=\"wp-image-6948\" srcset=\"https:\/\/usa-b2.com\/wp-content\/uploads\/2025\/01\/Floride-Beaches-Atlantic-Coast-USA-edited.png 858w, https:\/\/usa-b2.com\/wp-content\/uploads\/2025\/01\/Floride-Beaches-Atlantic-Coast-USA-edited-300x169.png 300w, https:\/\/usa-b2.com\/wp-content\/uploads\/2025\/01\/Floride-Beaches-Atlantic-Coast-USA-edited-768x432.png 768w\" sizes=\"(max-width: 858px) 100vw, 858px\" \/><\/figure>\n\n<h2 class=\"wp-block-heading\">Uppt\u00e4ck de symboliska str\u00e4nderna vid Atlantkusten<\/h2>\n\n<h3 class=\"wp-block-heading\">Str\u00e4nder som m\u00e5ste ses<\/h3>\n\n<ul class=\"wp-block-list\">\n<li><strong><a href=\"https:\/\/www.miamibeachfl.gov\/\">Miami Beach<\/a> <\/strong>Miami Beach \u00e4r k\u00e4nt f\u00f6r sin vita sand, turkosa vatten och festliga atmosf\u00e4r och \u00e4r ett popul\u00e4rt resm\u00e5l f\u00f6r nattlivs\u00e4lskare.<\/li>\n\n\n\n<li><strong><a href=\"https:\/\/www.daytonabeach.com\/\">Daytona Beach<\/a><\/strong> Daytona Beach: K\u00e4nd f\u00f6r sina breda str\u00e4nder, men h\u00e4r finns ocks\u00e5 ett rikt sportutbud och familjeattraktioner.<\/li>\n\n\n\n<li><strong><a href=\"https:\/\/www.cityofcocoabeach.com\/\">Cocoa Beach<\/a><\/strong> Den h\u00e4r stranden \u00e4r en favoritplats f\u00f6r surfare och \u00e4r ocks\u00e5 utg\u00e5ngspunkten f\u00f6r ett bes\u00f6k p\u00e5 Kennedy Space Center.<\/li>\n\n\n\n<li><strong><a href=\"https:\/\/www.staugbch.com\/\">St. Augustine Beach <\/a><\/strong>  Beach: Perfekt f\u00f6r den som vill ha en blandning av strand och historia, n\u00e4ra USA:s \u00e4ldsta stad.<\/li>\n<\/ul>\n\n<h3 class=\"wp-block-heading\">De varierande landskapen och den unika atmosf\u00e4ren p\u00e5 varje strand<\/h3>\n\n<p>Varje strand p\u00e5 Atlantkusten har sin egen personlighet. Palm Beachs str\u00e4nder f\u00f6rf\u00f6r med sin lyx och sina majest\u00e4tiska palmer, medan Vero Beachs str\u00e4nder erbjuder en lugnare atmosf\u00e4r och or\u00f6rd natur. Natur\u00e4lskare kommer att \u00e4lska de skyddade omr\u00e5dena som Canaveral National Seashore, d\u00e4r du kan se sk\u00f6ldpaddor och s\u00e4llsynta f\u00e5glar.  <\/p>\n\n<h2 class=\"wp-block-heading\">Var man kan bo: Boende och strategiska st\u00e4der<\/h2>\n\n<h3 class=\"wp-block-heading\">De b\u00e4sta kustst\u00e4derna att bo i<\/h3>\n\n<ul class=\"wp-block-list\">\n<li><strong><a href=\"https:\/\/www.miamiandbeaches.com\/\">Miami<\/a><\/strong> Miami: Perfekt f\u00f6r den som vill kombinera strand, kultur och nattliv.<\/li>\n\n\n\n<li><strong><a href=\"https:\/\/www.visitlauderdale.com\/\">Fort Lauderdale<\/a><\/strong> Fort Lauderdale: Staden har smeknamnet &#8221;Venice of America&#8221; och \u00e4r perfekt f\u00f6r familjer och seglingsentusiaster.<\/li>\n\n\n\n<li><strong>St. Augustine <\/strong>  F\u00f6r en upplevelse som kombinerar historia och str\u00e4nder, med charmigt boende.<\/li>\n\n\n\n<li><strong>Cocoa Beach<\/strong>: Ett utm\u00e4rkt val f\u00f6r dem som \u00e4lskar vattensporter och surfing.<\/li>\n<\/ul>\n\n<h3 class=\"wp-block-heading\">Olika typer av boende<\/h3>\n\n<ul class=\"wp-block-list\">\n<li><strong>Lyxhotell<\/strong>: Alternativ som <a href=\"https:\/\/www.thebreakers.com\/\">The Breakers<\/a> i Palm Beach erbjuder en \u00f6verd\u00e5dig milj\u00f6 f\u00f6r en of\u00f6rgl\u00f6mlig vistelse.<\/li>\n\n\n\n<li><strong>Semesterbost\u00e4der<\/strong>: Perfekt f\u00f6r familjer eller grupper, med villor eller l\u00e4genheter vid havet.<\/li>\n\n\n\n<li><strong>Campingplatser<\/strong>: Om du vill ha en mer uppslukande upplevelse kan du bo s\u00e5 n\u00e4ra naturen som m\u00f6jligt p\u00e5 campingplatser som de i <a href=\"https:\/\/www.floridastateparks.org\/Sebastian-Inlet\">Sebastian Inlet State Park.<\/a> <\/li>\n<\/ul>\n\n<h2 class=\"wp-block-heading\">Rekommenderad resv\u00e4g: Utforska Floridas Atlantkust p\u00e5 7 dagar<\/h2>\n\n<figure class=\"wp-block-table\"><table class=\"has-fixed-layout\"><tbody><tr><td class=\"has-text-align-center\" data-align=\"center\"><strong>Dag<\/strong><\/td><td class=\"has-text-align-center\" data-align=\"center\"><strong>Steg<\/strong><\/td><td class=\"has-text-align-center\" data-align=\"center\"><strong>Huvudsakliga aktiviteter<\/strong><\/td><td class=\"has-text-align-center\" data-align=\"center\"><strong>F\u00f6rslag p\u00e5 boende<\/strong><\/td><\/tr><tr><td class=\"has-text-align-center\" data-align=\"center\">1<\/td><td class=\"has-text-align-center\" data-align=\"center\">Miami Beach<\/td><td class=\"has-text-align-center\" data-align=\"center\">Avkoppling p\u00e5 South Beach, bes\u00f6k i Art Deco-distriktet<\/td><td class=\"has-text-align-center\" data-align=\"center\">Miami Beach<\/td><\/tr><tr><td class=\"has-text-align-center\" data-align=\"center\">2<\/td><td class=\"has-text-align-center\" data-align=\"center\">Fort Lauderdale<\/td><td class=\"has-text-align-center\" data-align=\"center\">Kanalkryssning, strand och shopping<\/td><td class=\"has-text-align-center\" data-align=\"center\">Fort Lauderdale<\/td><\/tr><tr><td class=\"has-text-align-center\" data-align=\"center\">3<\/td><td class=\"has-text-align-center\" data-align=\"center\">Palm Beach<\/td><td class=\"has-text-align-center\" data-align=\"center\">Uppt\u00e4ck lyxiga str\u00e4nder och Worth Avenue<\/td><td class=\"has-text-align-center\" data-align=\"center\">Palm Beach<\/td><\/tr><tr><td class=\"has-text-align-center\" data-align=\"center\">4<\/td><td class=\"has-text-align-center\" data-align=\"center\">Cocoa Beach<\/td><td class=\"has-text-align-center\" data-align=\"center\">Surfing, bes\u00f6k p\u00e5 Kennedy Space Center<\/td><td class=\"has-text-align-center\" data-align=\"center\">Cocoa Beach<\/td><\/tr><tr><td class=\"has-text-align-center\" data-align=\"center\">5<\/td><td class=\"has-text-align-center\" data-align=\"center\">Daytona Beach<\/td><td class=\"has-text-align-center\" data-align=\"center\">K\u00f6rning p\u00e5 stranden, promenader p\u00e5 strandpromenaden<\/td><td class=\"has-text-align-center\" data-align=\"center\">Daytona Beach<\/td><\/tr><tr><td class=\"has-text-align-center\" data-align=\"center\">6<\/td><td class=\"has-text-align-center\" data-align=\"center\">St. Augustine <\/td><td class=\"has-text-align-center\" data-align=\"center\">Historisk uppt\u00e4cktsf\u00e4rd och avkoppling p\u00e5 stranden<\/td><td class=\"has-text-align-center\" data-align=\"center\">St. Augustine <\/td><\/tr><tr><td class=\"has-text-align-center\" data-align=\"center\">7<\/td><td class=\"has-text-align-center\" data-align=\"center\">Canaveral National Seashore<\/td><td class=\"has-text-align-center\" data-align=\"center\">Djursk\u00e5dning, vandring<\/td><td class=\"has-text-align-center\" data-align=\"center\">Cocoa Beach<\/td><\/tr><\/tbody><\/table><\/figure>\n\n<p>Den h\u00e4r resv\u00e4gen ger dig m\u00f6jlighet att uppt\u00e4cka en m\u00e4ngd olika str\u00e4nder samtidigt som du njuter av regionens kulturella och naturliga m\u00e5ngfald.<\/p>\n\n<h2 class=\"wp-block-heading\">Instagrammbara fotoplatser<\/h2>\n\n<h3 class=\"wp-block-heading\">De perfekta platserna f\u00f6r dina bilder<\/h3>\n\n<ul class=\"wp-block-list\">\n<li><strong>South Beach (Miami): <\/strong> F\u00e4ngsla dina prenumeranter med f\u00e4rgglada livr\u00e4ddarhyddor och en solnedg\u00e5ng \u00f6ver havet.<\/li>\n\n\n\n<li><strong>St. Augustine fyr <\/strong>  : Njut av ett unikt perspektiv med denna panoramautsikt fr\u00e5n den historiska fyren.<\/li>\n\n\n\n<li><strong>Sebastian Inlet State Park<\/strong>: En vild plats f\u00f6r att f\u00e5nga \u00f6gonblick av lugn och ro vid vattnet.<\/li>\n\n\n\n<li><strong>Daytona Beach Boardwalk <\/strong>: Levande ljus och en retroatmosf\u00e4r som \u00e4r perfekt f\u00f6r originalfoton.<\/li>\n<\/ul>\n\n<h3 class=\"wp-block-heading\">Tips f\u00f6r att f\u00e5nga dina \u00f6gonblick<\/h3>\n\n<p>F\u00f6r de b\u00e4sta bilderna, v\u00e4lj de gyllene timmarna f\u00f6r soluppg\u00e5ng och solnedg\u00e5ng. Variera vinklarna och f\u00e5nga b\u00e5de str\u00e4nderna och de omgivande attraktionerna f\u00f6r att ber\u00e4tta en komplett visuell historia. <\/p>\n\n<h2 class=\"wp-block-heading\">Aktiviteter enligt din typ av resa<\/h2>\n\n<h3 class=\"wp-block-heading\">F\u00f6r par: romantiska stunder<\/h3>\n\n<ul class=\"wp-block-list\">\n<li><strong>Solnedg\u00e5ngspromenader<\/strong> p\u00e5 stranden: Str\u00e4nderna i Fort Lauderdale och <a href=\"https:\/\/www.covb.org\/\">Vero<\/a> Beach utg\u00f6r den perfekta bakgrunden f\u00f6r en stund f\u00f6r tv\u00e5.<\/li>\n\n\n\n<li><strong>Middag vid havet<\/strong>: Restauranger som Latitudes i Key Biscayne erbjuder raffinerad mat med havsutsikt.<\/li>\n\n\n\n<li><strong>Spa och avkoppling<\/strong>: Lyxhotell i Palm Beach erbjuder perfekta h\u00e4lsoupplevelser f\u00f6r att varva ner.<\/li>\n<\/ul>\n\n<h3 class=\"wp-block-heading\">Med familjen: barnv\u00e4nliga \u00e4ventyr<\/h3>\n\n<ul class=\"wp-block-list\">\n<li><strong>Interaktiv utforskning p\u00e5 Kennedy Space Center<\/strong>: ett m\u00e5ste f\u00f6r att v\u00e4cka nyfikenheten hos unga astronauter.<\/li>\n\n\n\n<li><strong>Vattensporter <\/strong>: Hyr en paddleboard eller ta en b\u00e5ttur i Fort Lauderdale.<\/li>\n\n\n\n<li><strong>Parker och reservat<\/strong>: Jonathan Dickinson State Park erbjuder l\u00e4ttillg\u00e4ngliga stigar och picknickomr\u00e5den som \u00e4r idealiska f\u00f6r familjer.<\/li>\n<\/ul>\n\n<p>Floridas Atlantkust \u00e4r en varierad och f\u00f6rtrollande destination med n\u00e5got f\u00f6r alla. Fr\u00e5n livliga str\u00e4nder till historiska st\u00e4der och naturreservat erbjuder den h\u00e4r resan den perfekta kombinationen av avkoppling, \u00e4ventyr och kulturella uppt\u00e4ckter. Oavsett om du reser som ett par eller en familj, planera din resv\u00e4g och ge dig iv\u00e4g f\u00f6r att uppt\u00e4cka Floridas soldr\u00e4nkta skatter.  <\/p>\n","protected":false},"excerpt":{"rendered":"<p>Vilka \u00e4r de b\u00e4sta str\u00e4nderna att uppt\u00e4cka p\u00e5 Floridas Atlantkust? Floridas Atlantkust \u00e4r ett dr\u00f6mresm\u00e5l f\u00f6r alla som \u00e4lskar sol, sand och v\u00e5gor. Med sina ikoniska str\u00e4nder, charmiga kustst\u00e4der och m\u00e5nga vattensportaktiviteter erbjuder denna region en varierad upplevelse f\u00f6r alla typer av resen\u00e4rer. Oavsett om du \u00e4r ute efter avkoppling, \u00e4ventyr eller familjetid, hj\u00e4lper den [&hellip;]<\/p>\n","protected":false},"author":1,"featured_media":0,"parent":0,"menu_order":0,"comment_status":"closed","ping_status":"closed","template":"","meta":{"footnotes":""},"class_list":["post-6289","page","type-page","status-publish","hentry"],"yoast_head":"<!-- This site is optimized with the Yoast SEO plugin v27.0 - https:\/\/yoast.com\/product\/yoast-seo-wordpress\/ -->\n<title>Utforska Floridas str\u00e4nder p\u00e5 Atlantkusten - USA B2<\/title>\n<meta name=\"description\" content=\"Uppt\u00e4ck de mest sev\u00e4rda str\u00e4nderna p\u00e5 Floridas Atlantkust: Miami Beach, Cocoa Beach, Daytona och mycket mer.\" \/>\n<meta name=\"robots\" content=\"index, follow, max-snippet:-1, max-image-preview:large, max-video-preview:-1\" \/>\n<link rel=\"canonical\" href=\"https:\/\/usa-b2.com\/sv\/strander-florida-atlantiska-kusten\/\" \/>\n<meta property=\"og:locale\" content=\"sv_SE\" \/>\n<meta property=\"og:type\" content=\"article\" \/>\n<meta property=\"og:title\" content=\"Utforska Floridas str\u00e4nder p\u00e5 Atlantkusten - USA B2\" \/>\n<meta property=\"og:description\" content=\"Uppt\u00e4ck de mest sev\u00e4rda str\u00e4nderna p\u00e5 Floridas Atlantkust: Miami Beach, Cocoa Beach, Daytona och mycket mer.\" \/>\n<meta property=\"og:url\" content=\"https:\/\/usa-b2.com\/sv\/strander-florida-atlantiska-kusten\/\" \/>\n<meta property=\"og:site_name\" content=\"USA B2\" \/>\n<meta property=\"article:modified_time\" content=\"2025-01-16T15:37:47+00:00\" \/>\n<meta property=\"og:image\" content=\"https:\/\/usa-b2.com\/wp-content\/uploads\/2025\/01\/Floride-Beaches-Atlantic-Coast-USA-edited.png\" \/>\n\t<meta property=\"og:image:width\" content=\"858\" \/>\n\t<meta property=\"og:image:height\" content=\"483\" \/>\n\t<meta property=\"og:image:type\" content=\"image\/png\" \/>\n<meta name=\"twitter:card\" content=\"summary_large_image\" \/>\n<meta name=\"twitter:label1\" content=\"Ber\u00e4knad l\u00e4stid\" \/>\n\t<meta name=\"twitter:data1\" content=\"4 minuter\" \/>\n<script type=\"application\/ld+json\" class=\"yoast-schema-graph\">{\"@context\":\"https:\/\/schema.org\",\"@graph\":[{\"@type\":\"WebPage\",\"@id\":\"https:\/\/usa-b2.com\/sv\/strander-florida-atlantiska-kusten\/\",\"url\":\"https:\/\/usa-b2.com\/sv\/strander-florida-atlantiska-kusten\/\",\"name\":\"Utforska Floridas str\u00e4nder p\u00e5 Atlantkusten - USA B2\",\"isPartOf\":{\"@id\":\"https:\/\/usa-b2.com\/sv\/#website\"},\"primaryImageOfPage\":{\"@id\":\"https:\/\/usa-b2.com\/sv\/strander-florida-atlantiska-kusten\/#primaryimage\"},\"image\":{\"@id\":\"https:\/\/usa-b2.com\/sv\/strander-florida-atlantiska-kusten\/#primaryimage\"},\"thumbnailUrl\":\"https:\/\/usa-b2.com\/wp-content\/uploads\/2025\/01\/Floride-Beaches-Atlantic-Coast-USA-edited.png\",\"datePublished\":\"2025-01-15T12:24:32+00:00\",\"dateModified\":\"2025-01-16T15:37:47+00:00\",\"description\":\"Uppt\u00e4ck de mest sev\u00e4rda str\u00e4nderna p\u00e5 Floridas Atlantkust: Miami Beach, Cocoa Beach, Daytona och mycket mer.\",\"breadcrumb\":{\"@id\":\"https:\/\/usa-b2.com\/sv\/strander-florida-atlantiska-kusten\/#breadcrumb\"},\"inLanguage\":\"sv-SE\",\"potentialAction\":[{\"@type\":\"ReadAction\",\"target\":[\"https:\/\/usa-b2.com\/sv\/strander-florida-atlantiska-kusten\/\"]}]},{\"@type\":\"ImageObject\",\"inLanguage\":\"sv-SE\",\"@id\":\"https:\/\/usa-b2.com\/sv\/strander-florida-atlantiska-kusten\/#primaryimage\",\"url\":\"https:\/\/usa-b2.com\/wp-content\/uploads\/2025\/01\/Floride-Beaches-Atlantic-Coast-USA-edited.png\",\"contentUrl\":\"https:\/\/usa-b2.com\/wp-content\/uploads\/2025\/01\/Floride-Beaches-Atlantic-Coast-USA-edited.png\"},{\"@type\":\"BreadcrumbList\",\"@id\":\"https:\/\/usa-b2.com\/sv\/strander-florida-atlantiska-kusten\/#breadcrumb\",\"itemListElement\":[{\"@type\":\"ListItem\",\"position\":1,\"name\":\"Accueil\",\"item\":\"https:\/\/usa-b2.com\/sv\/roadtrips-usa\/\"},{\"@type\":\"ListItem\",\"position\":2,\"name\":\"Utforska Floridas str\u00e4nder p\u00e5 Atlantkusten\"}]},{\"@type\":\"WebSite\",\"@id\":\"https:\/\/usa-b2.com\/sv\/#website\",\"url\":\"https:\/\/usa-b2.com\/sv\/\",\"name\":\"USA B2 VISA\",\"description\":\"\",\"potentialAction\":[{\"@type\":\"SearchAction\",\"target\":{\"@type\":\"EntryPoint\",\"urlTemplate\":\"https:\/\/usa-b2.com\/sv\/?s={search_term_string}\"},\"query-input\":{\"@type\":\"PropertyValueSpecification\",\"valueRequired\":true,\"valueName\":\"search_term_string\"}}],\"inLanguage\":\"sv-SE\"}]}<\/script>\n<!-- \/ Yoast SEO plugin. -->","yoast_head_json":{"title":"Utforska Floridas str\u00e4nder p\u00e5 Atlantkusten - USA B2","description":"Uppt\u00e4ck de mest sev\u00e4rda str\u00e4nderna p\u00e5 Floridas Atlantkust: Miami Beach, Cocoa Beach, Daytona och mycket mer.","robots":{"index":"index","follow":"follow","max-snippet":"max-snippet:-1","max-image-preview":"max-image-preview:large","max-video-preview":"max-video-preview:-1"},"canonical":"https:\/\/usa-b2.com\/sv\/strander-florida-atlantiska-kusten\/","og_locale":"sv_SE","og_type":"article","og_title":"Utforska Floridas str\u00e4nder p\u00e5 Atlantkusten - USA B2","og_description":"Uppt\u00e4ck de mest sev\u00e4rda str\u00e4nderna p\u00e5 Floridas Atlantkust: Miami Beach, Cocoa Beach, Daytona och mycket mer.","og_url":"https:\/\/usa-b2.com\/sv\/strander-florida-atlantiska-kusten\/","og_site_name":"USA B2","article_modified_time":"2025-01-16T15:37:47+00:00","og_image":[{"width":858,"height":483,"url":"https:\/\/usa-b2.com\/wp-content\/uploads\/2025\/01\/Floride-Beaches-Atlantic-Coast-USA-edited.png","type":"image\/png"}],"twitter_card":"summary_large_image","twitter_misc":{"Ber\u00e4knad l\u00e4stid":"4 minuter"},"schema":{"@context":"https:\/\/schema.org","@graph":[{"@type":"WebPage","@id":"https:\/\/usa-b2.com\/sv\/strander-florida-atlantiska-kusten\/","url":"https:\/\/usa-b2.com\/sv\/strander-florida-atlantiska-kusten\/","name":"Utforska Floridas str\u00e4nder p\u00e5 Atlantkusten - USA B2","isPartOf":{"@id":"https:\/\/usa-b2.com\/sv\/#website"},"primaryImageOfPage":{"@id":"https:\/\/usa-b2.com\/sv\/strander-florida-atlantiska-kusten\/#primaryimage"},"image":{"@id":"https:\/\/usa-b2.com\/sv\/strander-florida-atlantiska-kusten\/#primaryimage"},"thumbnailUrl":"https:\/\/usa-b2.com\/wp-content\/uploads\/2025\/01\/Floride-Beaches-Atlantic-Coast-USA-edited.png","datePublished":"2025-01-15T12:24:32+00:00","dateModified":"2025-01-16T15:37:47+00:00","description":"Uppt\u00e4ck de mest sev\u00e4rda str\u00e4nderna p\u00e5 Floridas Atlantkust: Miami Beach, Cocoa Beach, Daytona och mycket mer.","breadcrumb":{"@id":"https:\/\/usa-b2.com\/sv\/strander-florida-atlantiska-kusten\/#breadcrumb"},"inLanguage":"sv-SE","potentialAction":[{"@type":"ReadAction","target":["https:\/\/usa-b2.com\/sv\/strander-florida-atlantiska-kusten\/"]}]},{"@type":"ImageObject","inLanguage":"sv-SE","@id":"https:\/\/usa-b2.com\/sv\/strander-florida-atlantiska-kusten\/#primaryimage","url":"https:\/\/usa-b2.com\/wp-content\/uploads\/2025\/01\/Floride-Beaches-Atlantic-Coast-USA-edited.png","contentUrl":"https:\/\/usa-b2.com\/wp-content\/uploads\/2025\/01\/Floride-Beaches-Atlantic-Coast-USA-edited.png"},{"@type":"BreadcrumbList","@id":"https:\/\/usa-b2.com\/sv\/strander-florida-atlantiska-kusten\/#breadcrumb","itemListElement":[{"@type":"ListItem","position":1,"name":"Accueil","item":"https:\/\/usa-b2.com\/sv\/roadtrips-usa\/"},{"@type":"ListItem","position":2,"name":"Utforska Floridas str\u00e4nder p\u00e5 Atlantkusten"}]},{"@type":"WebSite","@id":"https:\/\/usa-b2.com\/sv\/#website","url":"https:\/\/usa-b2.com\/sv\/","name":"USA B2 VISA","description":"","potentialAction":[{"@type":"SearchAction","target":{"@type":"EntryPoint","urlTemplate":"https:\/\/usa-b2.com\/sv\/?s={search_term_string}"},"query-input":{"@type":"PropertyValueSpecification","valueRequired":true,"valueName":"search_term_string"}}],"inLanguage":"sv-SE"}]}},"_links":{"self":[{"href":"https:\/\/usa-b2.com\/sv\/wp-json\/wp\/v2\/pages\/6289","targetHints":{"allow":["GET"]}}],"collection":[{"href":"https:\/\/usa-b2.com\/sv\/wp-json\/wp\/v2\/pages"}],"about":[{"href":"https:\/\/usa-b2.com\/sv\/wp-json\/wp\/v2\/types\/page"}],"author":[{"embeddable":true,"href":"https:\/\/usa-b2.com\/sv\/wp-json\/wp\/v2\/users\/1"}],"replies":[{"embeddable":true,"href":"https:\/\/usa-b2.com\/sv\/wp-json\/wp\/v2\/comments?post=6289"}],"version-history":[{"count":0,"href":"https:\/\/usa-b2.com\/sv\/wp-json\/wp\/v2\/pages\/6289\/revisions"}],"wp:attachment":[{"href":"https:\/\/usa-b2.com\/sv\/wp-json\/wp\/v2\/media?parent=6289"}],"curies":[{"name":"wp","href":"https:\/\/api.w.org\/{rel}","templated":true}]}}